{"id":460,"date":"2023-10-27T15:28:32","date_gmt":"2023-10-27T15:28:32","guid":{"rendered":"https:\/\/exceladvisor.org\/pt\/eixo-secundario\/"},"modified":"2023-12-06T11:34:01","modified_gmt":"2023-12-06T11:34:01","slug":"eixo-secundario","status":"publish","type":"page","link":"https:\/\/exceladvisor.org\/pt\/eixo-secundario\/","title":{"rendered":"Como adicionar um eixo secund\u00e1rio em gr\u00e1ficos do excel?"},"content":{"rendered":"<div class=\"excel-before-content-2\" id=\"excel-1919335790\"><script type=\"text\/javascript\">\r\n\tatOptions = {\r\n\t\t'key' : 'c1158f160081d6540a8409e6925dab94',\r\n\t\t'format' : 'iframe',\r\n\t\t'height' : 250,\r\n\t\t'width' : 300,\r\n\t\t'params' : {}\r\n\t};\r\n<\/script>\r\n<script type=\"text\/javascript\" src=\"\/\/www.highperformanceformat.com\/c1158f160081d6540a8409e6925dab94\/invoke.js\"><\/script><\/div><div class=\"excel-before-content\" id=\"excel-3890327507\"><script type=\"text\/javascript\">\r\n\tatOptions = {\r\n\t\t'key' : 'c1158f160081d6540a8409e6925dab94',\r\n\t\t'format' : 'iframe',\r\n\t\t'height' : 250,\r\n\t\t'width' : 300,\r\n\t\t'params' : {}\r\n\t};\r\n<\/script>\r\n<script type=\"text\/javascript\" src=\"\/\/www.highperformanceformat.com\/c1158f160081d6540a8409e6925dab94\/invoke.js\"><\/script><\/div> <p>A primeira etapa para criar <a href=\"https:\/\/exceladvisor.org\/pt\/graficos-avancados\/\">gr\u00e1ficos avan\u00e7ados do Excel<\/a> \u00e9 aprender como adicionar um eixo secund\u00e1rio em um gr\u00e1fico. Se voc\u00ea observar os dois gr\u00e1ficos abaixo, no primeiro gr\u00e1fico voc\u00ea ter\u00e1 dois conjuntos diferentes de colunas de dados, mas o eixo \u00e9 o mesmo. <\/p><div class=\"wp-block-image\"><figure class=\"aligncenter\"><img decoding=\"async\" src=\"https:\/\/exceladvisor.org\/wp-content\/uploads\/2023\/08\/comment-ajouter-un-graphique-excel-a-axe-secondaire-1.png\" sizes=\"\" srcset=\"\" alt=\"como adicionar um gr\u00e1fico Excel de eixo secund\u00e1rio\"><\/figure><\/div><p> O problema com o primeiro gr\u00e1fico \u00e9 que as duas s\u00e9ries possuem um intervalo de dados diferente, mas o mesmo eixo. Mas no segundo gr\u00e1fico voc\u00ea tem um eixo diferente para as duas s\u00e9ries de dados, o que facilita o entendimento.<\/p><h2 class=\"wp-block-heading\"> Etapas para adicionar um eixo secund\u00e1rio ao seu gr\u00e1fico<\/h2><p> Aqui est\u00e3o as etapas simples que voc\u00ea precisa seguir para criar um eixo duplo.<\/p><ul><li> Selecione a s\u00e9rie de dados \u00e0 qual deseja adicionar um eixo secund\u00e1rio. <\/li><\/ul><div class=\"wp-block-image\"><figure class=\"aligncenter\"><img decoding=\"async\" src=\"https:\/\/exceladvisor.org\/wp-content\/uploads\/2023\/08\/selectionner-la-serie-de-donnees-pour-creer-un-axe-secondaire-1.png\" sizes=\"\" srcset=\"\" alt=\"selecione a s\u00e9rie de dados para criar um eixo secund\u00e1rio\"><\/figure><\/div><ul><li> Clique com o bot\u00e3o direito nele e v\u00e1 para Format Data Series \u279c Series Option \u279c Enable Secondary Axis. <\/li><\/ul><div class=\"wp-block-image\"><figure class=\"aligncenter\"><img decoding=\"async\" src=\"https:\/\/exceladvisor.org\/wp-content\/uploads\/2023\/08\/selectionner-laxe-secondaire-a-ajouter-a-un-graphique-1.png\" sizes=\"\" srcset=\"\" alt=\"\"><\/figure><\/div><ul><li> Agora voc\u00ea tem duas escalas em seu gr\u00e1fico. <\/li><\/ul><div class=\"wp-block-image\"><figure class=\"aligncenter\"><img decoding=\"async\" src=\"https:\/\/exceladvisor.org\/wp-content\/uploads\/2023\/08\/votre-graphique-excel-final-avec-axe-secondaire-1.png\" sizes=\"\" srcset=\"\" alt=\"seu gr\u00e1fico final do Excel com eixo secund\u00e1rio\"><\/figure><\/div><h2 class=\"wp-block-heading\"> M\u00e9todo alternativo<\/h2><ul><li> Selecione a s\u00e9rie de dados \u00e0 qual deseja adicionar um eixo secund\u00e1rio.<\/li><li> V\u00e1 para a guia Formato \u279c Sele\u00e7\u00e3o Atual \u279c Sele\u00e7\u00e3o de Formato \u279c Formato de S\u00e9rie de Dados \u279c Op\u00e7\u00e3o de S\u00e9rie \u279c Ativar Eixo Secund\u00e1rio. <\/li><\/ul><div class=\"wp-block-image\"><figure class=\"aligncenter\"><img decoding=\"async\" src=\"https:\/\/exceladvisor.org\/wp-content\/uploads\/2023\/08\/cliquez-sur-la-selection-de-format-pour-ajouter-un-axe-secondaire-a-un-graphique-excel-1.png\" sizes=\"\" srcset=\"\" alt=\"clique na sele\u00e7\u00e3o de formato para adicionar um eixo secund\u00e1rio a um gr\u00e1fico do Excel\"><\/figure><\/div><h2 class=\"wp-block-heading\"> Saiba mais sobre gr\u00e1ficos<\/h2><ul><li> <a href=\"https:\/\/exceladvisor.org\/pt\/graficos-interativos\/\">Gr\u00e1ficos interativos no Excel<\/a><\/li><li> <a href=\"https:\/\/exceladvisor.org\/pt\/adicione-uma-linha-horizontal\/\">Adicione uma linha horizontal a um gr\u00e1fico no Excel<\/a><\/li><li> <a href=\"https:\/\/exceladvisor.org\/pt\/adicione-uma-linha-vertical\/\">Adicione uma linha vertical a um gr\u00e1fico no Excel<\/a><\/li><li> <a href=\"https:\/\/exceladvisor.org\/pt\/faixa-de-grafico-dinamico\/\">Intervalo de gr\u00e1fico din\u00e2mico no Excel<\/a><\/li><li> <a href=\"https:\/\/exceladvisor.org\/pt\/copiar-formato-de-grafico\/\">Copie a formata\u00e7\u00e3o do gr\u00e1fico para outro gr\u00e1fico no Excel<\/a><\/li><\/ul>","protected":false},"excerpt":{"rendered":"","protected":false},"author":1,"featured_media":0,"parent":0,"menu_order":0,"comment_status":"open","ping_status":"closed","template":"","meta":{"ub_ctt_via":"","footnotes":""},"class_list":["post-460","page","type-page","status-publish","hentry"],"featured_image_src":null,"yoast_head":"<!-- This site is optimized with the Yoast SEO plugin v25.4 - https:\/\/yoast.com\/wordpress\/plugins\/seo\/ -->\n<title>Como adicionar um eixo secund\u00e1rio em gr\u00e1ficos do Excel?<\/title>\n<meta name=\"description\" content=\"Para adicionar um eixo secund\u00e1rio em gr\u00e1ficos do Excel, basta seguir estes passos simples.\" \/>\n<meta name=\"robots\" content=\"index, follow, max-snippet:-1, max-image-preview:large, max-video-preview:-1\" \/>\n<link rel=\"canonical\" href=\"https:\/\/exceladvisor.org\/pt\/eixo-secundario\/\" \/>\n<meta property=\"og:locale\" content=\"pt_PT\" \/>\n<meta property=\"og:type\" content=\"article\" \/>\n<meta property=\"og:title\" content=\"Como adicionar um eixo secund\u00e1rio em gr\u00e1ficos do Excel?\" \/>\n<meta property=\"og:description\" content=\"Para adicionar um eixo secund\u00e1rio em gr\u00e1ficos do Excel, basta seguir estes passos simples.\" \/>\n<meta property=\"og:url\" content=\"https:\/\/exceladvisor.org\/pt\/eixo-secundario\/\" \/>\n<meta property=\"og:site_name\" content=\"Excel Advisor\" \/>\n<meta property=\"article:modified_time\" content=\"2023-12-06T11:34:01+00:00\" \/>\n<meta property=\"og:image\" content=\"https:\/\/exceladvisor.org\/wp-content\/uploads\/2023\/08\/comment-ajouter-un-graphique-excel-a-axe-secondaire-1.png\" \/>\n<meta name=\"twitter:card\" content=\"summary_large_image\" \/>\n<meta name=\"twitter:label1\" content=\"Tempo estimado de leitura\" \/>\n\t<meta name=\"twitter:data1\" content=\"1 minuto\" \/>\n<script type=\"application\/ld+json\" class=\"yoast-schema-graph\">{\"@context\":\"https:\/\/schema.org\",\"@graph\":[{\"@type\":\"WebPage\",\"@id\":\"https:\/\/exceladvisor.org\/pt\/eixo-secundario\/\",\"url\":\"https:\/\/exceladvisor.org\/pt\/eixo-secundario\/\",\"name\":\"Como adicionar um eixo secund\u00e1rio em gr\u00e1ficos do Excel?\",\"isPartOf\":{\"@id\":\"https:\/\/exceladvisor.org\/pt\/#website\"},\"primaryImageOfPage\":{\"@id\":\"https:\/\/exceladvisor.org\/pt\/eixo-secundario\/#primaryimage\"},\"image\":{\"@id\":\"https:\/\/exceladvisor.org\/pt\/eixo-secundario\/#primaryimage\"},\"thumbnailUrl\":\"https:\/\/exceladvisor.org\/wp-content\/uploads\/2023\/08\/comment-ajouter-un-graphique-excel-a-axe-secondaire-1.png\",\"datePublished\":\"2023-10-27T15:28:32+00:00\",\"dateModified\":\"2023-12-06T11:34:01+00:00\",\"description\":\"Para adicionar um eixo secund\u00e1rio em gr\u00e1ficos do Excel, basta seguir estes passos simples.\",\"breadcrumb\":{\"@id\":\"https:\/\/exceladvisor.org\/pt\/eixo-secundario\/#breadcrumb\"},\"inLanguage\":\"pt-PT\",\"potentialAction\":[{\"@type\":\"ReadAction\",\"target\":[\"https:\/\/exceladvisor.org\/pt\/eixo-secundario\/\"]}]},{\"@type\":\"ImageObject\",\"inLanguage\":\"pt-PT\",\"@id\":\"https:\/\/exceladvisor.org\/pt\/eixo-secundario\/#primaryimage\",\"url\":\"https:\/\/exceladvisor.org\/wp-content\/uploads\/2023\/08\/comment-ajouter-un-graphique-excel-a-axe-secondaire-1.png\",\"contentUrl\":\"https:\/\/exceladvisor.org\/wp-content\/uploads\/2023\/08\/comment-ajouter-un-graphique-excel-a-axe-secondaire-1.png\"},{\"@type\":\"BreadcrumbList\",\"@id\":\"https:\/\/exceladvisor.org\/pt\/eixo-secundario\/#breadcrumb\",\"itemListElement\":[{\"@type\":\"ListItem\",\"position\":1,\"name\":\"Lar\",\"item\":\"https:\/\/exceladvisor.org\/pt\/\"},{\"@type\":\"ListItem\",\"position\":2,\"name\":\"Como adicionar um eixo secund\u00e1rio em gr\u00e1ficos do excel?\"}]},{\"@type\":\"WebSite\",\"@id\":\"https:\/\/exceladvisor.org\/pt\/#website\",\"url\":\"https:\/\/exceladvisor.org\/pt\/\",\"name\":\"Excel Advisor\",\"description\":\"O seu guia definitivo para dominar os dados!\",\"publisher\":{\"@id\":\"https:\/\/exceladvisor.org\/pt\/#organization\"},\"potentialAction\":[{\"@type\":\"SearchAction\",\"target\":{\"@type\":\"EntryPoint\",\"urlTemplate\":\"https:\/\/exceladvisor.org\/pt\/?s={search_term_string}\"},\"query-input\":{\"@type\":\"PropertyValueSpecification\",\"valueRequired\":true,\"valueName\":\"search_term_string\"}}],\"inLanguage\":\"pt-PT\"},{\"@type\":\"Organization\",\"@id\":\"https:\/\/exceladvisor.org\/pt\/#organization\",\"name\":\"Excel Advisor\",\"url\":\"https:\/\/exceladvisor.org\/pt\/\",\"logo\":{\"@type\":\"ImageObject\",\"inLanguage\":\"pt-PT\",\"@id\":\"https:\/\/exceladvisor.org\/pt\/#\/schema\/logo\/image\/\",\"url\":\"https:\/\/exceladvisor.org\/pt\/wp-content\/uploads\/2023\/12\/exceladvisor.org_.png\",\"contentUrl\":\"https:\/\/exceladvisor.org\/pt\/wp-content\/uploads\/2023\/12\/exceladvisor.org_.png\",\"width\":105,\"height\":36,\"caption\":\"Excel Advisor\"},\"image\":{\"@id\":\"https:\/\/exceladvisor.org\/pt\/#\/schema\/logo\/image\/\"}}]}<\/script>\n<!-- \/ Yoast SEO plugin. -->","yoast_head_json":{"title":"Como adicionar um eixo secund\u00e1rio em gr\u00e1ficos do Excel?","description":"Para adicionar um eixo secund\u00e1rio em gr\u00e1ficos do Excel, basta seguir estes passos simples.","robots":{"index":"index","follow":"follow","max-snippet":"max-snippet:-1","max-image-preview":"max-image-preview:large","max-video-preview":"max-video-preview:-1"},"canonical":"https:\/\/exceladvisor.org\/pt\/eixo-secundario\/","og_locale":"pt_PT","og_type":"article","og_title":"Como adicionar um eixo secund\u00e1rio em gr\u00e1ficos do Excel?","og_description":"Para adicionar um eixo secund\u00e1rio em gr\u00e1ficos do Excel, basta seguir estes passos simples.","og_url":"https:\/\/exceladvisor.org\/pt\/eixo-secundario\/","og_site_name":"Excel Advisor","article_modified_time":"2023-12-06T11:34:01+00:00","og_image":[{"url":"https:\/\/exceladvisor.org\/wp-content\/uploads\/2023\/08\/comment-ajouter-un-graphique-excel-a-axe-secondaire-1.png","type":"","width":"","height":""}],"twitter_card":"summary_large_image","twitter_misc":{"Tempo estimado de leitura":"1 minuto"},"schema":{"@context":"https:\/\/schema.org","@graph":[{"@type":"WebPage","@id":"https:\/\/exceladvisor.org\/pt\/eixo-secundario\/","url":"https:\/\/exceladvisor.org\/pt\/eixo-secundario\/","name":"Como adicionar um eixo secund\u00e1rio em gr\u00e1ficos do Excel?","isPartOf":{"@id":"https:\/\/exceladvisor.org\/pt\/#website"},"primaryImageOfPage":{"@id":"https:\/\/exceladvisor.org\/pt\/eixo-secundario\/#primaryimage"},"image":{"@id":"https:\/\/exceladvisor.org\/pt\/eixo-secundario\/#primaryimage"},"thumbnailUrl":"https:\/\/exceladvisor.org\/wp-content\/uploads\/2023\/08\/comment-ajouter-un-graphique-excel-a-axe-secondaire-1.png","datePublished":"2023-10-27T15:28:32+00:00","dateModified":"2023-12-06T11:34:01+00:00","description":"Para adicionar um eixo secund\u00e1rio em gr\u00e1ficos do Excel, basta seguir estes passos simples.","breadcrumb":{"@id":"https:\/\/exceladvisor.org\/pt\/eixo-secundario\/#breadcrumb"},"inLanguage":"pt-PT","potentialAction":[{"@type":"ReadAction","target":["https:\/\/exceladvisor.org\/pt\/eixo-secundario\/"]}]},{"@type":"ImageObject","inLanguage":"pt-PT","@id":"https:\/\/exceladvisor.org\/pt\/eixo-secundario\/#primaryimage","url":"https:\/\/exceladvisor.org\/wp-content\/uploads\/2023\/08\/comment-ajouter-un-graphique-excel-a-axe-secondaire-1.png","contentUrl":"https:\/\/exceladvisor.org\/wp-content\/uploads\/2023\/08\/comment-ajouter-un-graphique-excel-a-axe-secondaire-1.png"},{"@type":"BreadcrumbList","@id":"https:\/\/exceladvisor.org\/pt\/eixo-secundario\/#breadcrumb","itemListElement":[{"@type":"ListItem","position":1,"name":"Lar","item":"https:\/\/exceladvisor.org\/pt\/"},{"@type":"ListItem","position":2,"name":"Como adicionar um eixo secund\u00e1rio em gr\u00e1ficos do excel?"}]},{"@type":"WebSite","@id":"https:\/\/exceladvisor.org\/pt\/#website","url":"https:\/\/exceladvisor.org\/pt\/","name":"Excel Advisor","description":"O seu guia definitivo para dominar os dados!","publisher":{"@id":"https:\/\/exceladvisor.org\/pt\/#organization"},"potentialAction":[{"@type":"SearchAction","target":{"@type":"EntryPoint","urlTemplate":"https:\/\/exceladvisor.org\/pt\/?s={search_term_string}"},"query-input":{"@type":"PropertyValueSpecification","valueRequired":true,"valueName":"search_term_string"}}],"inLanguage":"pt-PT"},{"@type":"Organization","@id":"https:\/\/exceladvisor.org\/pt\/#organization","name":"Excel Advisor","url":"https:\/\/exceladvisor.org\/pt\/","logo":{"@type":"ImageObject","inLanguage":"pt-PT","@id":"https:\/\/exceladvisor.org\/pt\/#\/schema\/logo\/image\/","url":"https:\/\/exceladvisor.org\/pt\/wp-content\/uploads\/2023\/12\/exceladvisor.org_.png","contentUrl":"https:\/\/exceladvisor.org\/pt\/wp-content\/uploads\/2023\/12\/exceladvisor.org_.png","width":105,"height":36,"caption":"Excel Advisor"},"image":{"@id":"https:\/\/exceladvisor.org\/pt\/#\/schema\/logo\/image\/"}}]}},"yoast_meta":{"yoast_wpseo_title":"","yoast_wpseo_metadesc":"","yoast_wpseo_canonical":""},"_links":{"self":[{"href":"https:\/\/exceladvisor.org\/pt\/wp-json\/wp\/v2\/pages\/460","targetHints":{"allow":["GET"]}}],"collection":[{"href":"https:\/\/exceladvisor.org\/pt\/wp-json\/wp\/v2\/pages"}],"about":[{"href":"https:\/\/exceladvisor.org\/pt\/wp-json\/wp\/v2\/types\/page"}],"author":[{"embeddable":true,"href":"https:\/\/exceladvisor.org\/pt\/wp-json\/wp\/v2\/users\/1"}],"replies":[{"embeddable":true,"href":"https:\/\/exceladvisor.org\/pt\/wp-json\/wp\/v2\/comments?post=460"}],"version-history":[{"count":1,"href":"https:\/\/exceladvisor.org\/pt\/wp-json\/wp\/v2\/pages\/460\/revisions"}],"predecessor-version":[{"id":791,"href":"https:\/\/exceladvisor.org\/pt\/wp-json\/wp\/v2\/pages\/460\/revisions\/791"}],"wp:attachment":[{"href":"https:\/\/exceladvisor.org\/pt\/wp-json\/wp\/v2\/media?parent=460"}],"curies":[{"name":"wp","href":"https:\/\/api.w.org\/{rel}","templated":true}]}}