{"id":469,"date":"2023-10-27T00:49:48","date_gmt":"2023-10-27T00:49:48","guid":{"rendered":"https:\/\/exceladvisor.org\/pt\/bloquear-celulas-1\/"},"modified":"2023-12-06T11:34:57","modified_gmt":"2023-12-06T11:34:57","slug":"bloquear-celulas-1","status":"publish","type":"page","link":"https:\/\/exceladvisor.org\/pt\/bloquear-celulas-1\/","title":{"rendered":"Como bloquear c\u00e9lulas no excel?"},"content":{"rendered":"<div class=\"excel-before-content-2\" id=\"excel-3521386883\"><script type=\"text\/javascript\">\r\n\tatOptions = {\r\n\t\t'key' : 'c1158f160081d6540a8409e6925dab94',\r\n\t\t'format' : 'iframe',\r\n\t\t'height' : 250,\r\n\t\t'width' : 300,\r\n\t\t'params' : {}\r\n\t};\r\n<\/script>\r\n<script type=\"text\/javascript\" src=\"\/\/www.highperformanceformat.com\/c1158f160081d6540a8409e6925dab94\/invoke.js\"><\/script><\/div><div class=\"excel-before-content\" id=\"excel-3097221352\"><script type=\"text\/javascript\">\r\n\tatOptions = {\r\n\t\t'key' : 'c1158f160081d6540a8409e6925dab94',\r\n\t\t'format' : 'iframe',\r\n\t\t'height' : 250,\r\n\t\t'width' : 300,\r\n\t\t'params' : {}\r\n\t};\r\n<\/script>\r\n<script type=\"text\/javascript\" src=\"\/\/www.highperformanceformat.com\/c1158f160081d6540a8409e6925dab94\/invoke.js\"><\/script><\/div> <p>O bloqueio de c\u00e9lulas \u00e9 um recurso do Excel para evitar que os dados das c\u00e9lulas sejam editados, modificados ou exclu\u00eddos por qualquer usu\u00e1rio.<\/p><p> No Excel, os usu\u00e1rios podem bloquear todas as c\u00e9lulas com a planilha espec\u00edfica para proteger todas as c\u00e9lulas da planilha ou bloquear apenas c\u00e9lulas espec\u00edficas da planilha para proteger apenas essas c\u00e9lulas espec\u00edficas da edi\u00e7\u00e3o.<\/p><p> Neste tutorial explicamos como bloquear todas as c\u00e9lulas, c\u00e9lulas espec\u00edficas e c\u00e9lulas com f\u00f3rmulas e desbloque\u00e1-las.<\/p><h2 id=\"h-steps-to-lock-all-cells-in-excel\" class=\"wp-block-heading\"> Etapas para bloquear todas as c\u00e9lulas no Excel<\/h2><p> No Excel, todas as c\u00e9lulas s\u00e3o bloqueadas por padr\u00e3o, mas qualquer pessoa pode editar as c\u00e9lulas at\u00e9 <a href=\"https:\/\/exceladvisor.org\/pt\/proteja-a-folha\/\">protegermos a planilha<\/a> . Para ativar o recurso de bloqueio de c\u00e9lulas, \u00e9 necess\u00e1rio proteger a planilha e, uma vez protegida, todas as c\u00e9lulas ficar\u00e3o bloqueadas e n\u00e3o edit\u00e1veis.<\/p><p> Para que todos os recursos de c\u00e9lulas bloqueadas sejam eficazes, siga as etapas abaixo:<\/p><ol><li> Primeiro, selecione todas as c\u00e9lulas usando o atalho \u201cCtrl + A\u201d ou clicando no tri\u00e2ngulo no canto superior esquerdo da barra do cabe\u00e7alho da coluna. <br><img loading=\"lazy\" decoding=\"async\" title=\"1-selecione todas as c\u00e9lulas\" src=\"https:\/\/exceladvisor.org\/wp-content\/uploads\/2023\/08\/1-selectionner-toutes-les-cellules.png\" sizes=\"auto, \" srcset=\"\" alt=\"select-all-cells\" width=\"746\" height=\"262\"><\/li><li> Depois disso, clique com o bot\u00e3o direito e selecione a op\u00e7\u00e3o \u201cFormatar c\u00e9lulas\u201d ou clique na seta do grupo \u201cAlinhamento\u201d para abrir a caixa de di\u00e1logo \u201cFormatar c\u00e9lulas\u201d. <br><img loading=\"lazy\" decoding=\"async\" title=\"Op\u00e7\u00e3o de formato aberto de 2 c\u00e9lulas\" src=\"https:\/\/exceladvisor.org\/wp-content\/uploads\/2023\/08\/Option-2-cellules-de-format-ouvert.png\" sizes=\"auto, \" srcset=\"\" alt=\"open-format-cells-option\" width=\"713\" height=\"499\"><\/li><li> Aqui, clique na aba \u201cProte\u00e7\u00e3o\u201d e veja se a op\u00e7\u00e3o \u201cBloqueado\u201d est\u00e1 selecionada ou n\u00e3o, caso contr\u00e1rio selecione a op\u00e7\u00e3o \u201cBloqueado\u201d e clique em OK. <br><img loading=\"lazy\" decoding=\"async\" title=\"3-selecionar-op\u00e7\u00e3o bloqueada\" src=\"https:\/\/exceladvisor.org\/wp-content\/uploads\/2023\/08\/3-selectionnez-loption-verrouillee.png\" sizes=\"auto, \" srcset=\"\" alt=\"select-locked-option\" width=\"705\" height=\"365\"><\/li><li> Agora v\u00e1 para a guia \u201cRevisar\u201d e clique em \u201cProteger planilha\u201d, forne\u00e7a a senha e outras permiss\u00f5es que voc\u00ea deseja conceder aos usu\u00e1rios e clique em OK. <br><img loading=\"lazy\" decoding=\"async\" title=\"\u00cdcone de 4 folhas de prote\u00e7\u00e3o\" src=\"https:\/\/exceladvisor.org\/wp-content\/uploads\/2023\/08\/4-proteger-licone-de-la-feuille.png\" sizes=\"auto, \" srcset=\"\" alt=\"protect-sheet-icon\" width=\"863\" height=\"534\"><\/li><li> Ao final, digite a senha novamente e o recurso de bloqueio de todas as c\u00e9lulas entrar\u00e1 em vigor. Agora ningu\u00e9m poder\u00e1 editar uma c\u00e9lula a menos que a planilha esteja desprotegida. <br><img loading=\"lazy\" decoding=\"async\" title=\"5-digite novamente a senha\" src=\"https:\/\/exceladvisor.org\/wp-content\/uploads\/2023\/08\/5-re-entrer-le-mot-de-passe.png\" sizes=\"auto, \" srcset=\"\" alt=\"re-enter-password\" width=\"353\" height=\"197\"><\/li><\/ol><h2 id=\"h-lock-specific-cells-in-excel\" class=\"wp-block-heading\"> Bloqueie c\u00e9lulas espec\u00edficas no Excel<\/h2><ol><li> Primeiro, selecione todas as c\u00e9lulas usando \u201cCtrl + A\u201d ou clicando no tri\u00e2ngulo no canto superior esquerdo da barra do cabe\u00e7alho da coluna.<\/li><li> Depois disso, clique com o bot\u00e3o direito e selecione a op\u00e7\u00e3o \u201cFormatar c\u00e9lulas\u201d ou clique na seta do grupo \u201cAlinhamento\u201d para abrir a caixa de di\u00e1logo \u201cFormatar c\u00e9lulas\u201d. <br><img loading=\"lazy\" decoding=\"async\" title=\"Somente c\u00e9lulas espec\u00edficas de 6 bloqueios\" src=\"https:\/\/exceladvisor.org\/wp-content\/uploads\/2023\/08\/6-verrouiller-des-cellules-specifiques-uniquement.png\" sizes=\"auto, \" srcset=\"\" alt=\"lock-specific-cells-only\" width=\"680\" height=\"476\"><\/li><li> Aqui, clique na guia \u201cProte\u00e7\u00e3o\u201d e certifique-se de desmarcar a op\u00e7\u00e3o \u201cBloqueado\u201d para desbloquear as c\u00e9lulas bloqueadas por padr\u00e3o e clique em OK. <br><img loading=\"lazy\" decoding=\"async\" title=\"7-desmarcar-op\u00e7\u00e3o bloqueada\" src=\"https:\/\/exceladvisor.org\/wp-content\/uploads\/2023\/08\/7-deselectionnez-loption-verrouillee.png\" sizes=\"auto, \" srcset=\"\" alt=\"un-select-locked-option\" width=\"541\" height=\"311\"><\/li><li> Agora, selecione apenas as c\u00e9lulas ou intervalo de c\u00e9lulas que deseja bloquear e abra a caixa de di\u00e1logo \u201cFormatar c\u00e9lulas\u201d. <br><img loading=\"lazy\" decoding=\"async\" title=\"8 intervalos para bloquear\" src=\"https:\/\/exceladvisor.org\/wp-content\/uploads\/2023\/08\/8-plages-a-verrouiller.png\" sizes=\"auto, \" srcset=\"\" alt=\"range-to-be-locked\" width=\"684\" height=\"203\"><\/li><li> Na caixa de di\u00e1logo \u201cFormatar c\u00e9lulas\u201d, v\u00e1 at\u00e9 a aba \u201cProte\u00e7\u00e3o\u201d e selecione a op\u00e7\u00e3o \u201cBloqueado\u201d para que apenas as c\u00e9lulas selecionadas sejam bloqueadas desta vez. <br><img loading=\"lazy\" decoding=\"async\" title=\"Op\u00e7\u00e3o de bloqueio de 9 etapas\" src=\"https:\/\/exceladvisor.org\/wp-content\/uploads\/2023\/08\/9-option-verrouillee-par-une-coche.png\" sizes=\"auto, \" srcset=\"\" alt=\"tickmark-locked-option\" width=\"619\" height=\"395\"><\/li><li> Neste ponto, v\u00e1 at\u00e9 a aba \u201cRevis\u00e3o\u201d e clique no \u00edcone \u201cProteger Planilha\u201d, a seguir forne\u00e7a a senha e outras permiss\u00f5es que deseja conceder aos usu\u00e1rios e clique em OK. <br><img loading=\"lazy\" decoding=\"async\" title=\"10-digite a senha para proteger a planilha\" src=\"https:\/\/exceladvisor.org\/wp-content\/uploads\/2023\/08\/10-entrez-le-mot-de-passe-pour-proteger-la-feuille.png\" sizes=\"auto, \" srcset=\"\" alt=\"enter-password-to-protect-sheet\" width=\"805\" height=\"499\"><\/li><li> No final, digite novamente a senha e suas \u00fanicas c\u00e9lulas selecionadas ser\u00e3o bloqueadas desta vez e agora os usu\u00e1rios s\u00f3 poder\u00e3o editar c\u00e9lulas diferentes das c\u00e9lulas bloqueadas selecionadas. <br><img loading=\"lazy\" decoding=\"async\" title=\"11-digite a senha novamente\" src=\"https:\/\/exceladvisor.org\/wp-content\/uploads\/2023\/08\/11-saisir-a-nouveau-le-mot-de-passe.png\" sizes=\"auto, \" srcset=\"\" alt=\"enter-password-again\" width=\"351\" height=\"196\"><\/li><\/ol><h2 id=\"h-shortcut-to-lock-specific-cells-in-excel\" class=\"wp-block-heading\"> Atalho para bloquear c\u00e9lulas espec\u00edficas no Excel<\/h2><p> N\u00e3o h\u00e1 atalho de teclado direto para bloquear c\u00e9lulas, mas voc\u00ea pode usar uma combina\u00e7\u00e3o de dois atalhos para bloquear c\u00e9lulas, conforme mostrado abaixo:<\/p><ol><li> Primeiro, selecione a planilha inteira usando o atalho de teclado \u201cCtrl + A\u201d.<\/li><li> Depois disso, pressione as teclas \u201cCtrl+1\u201d para <a href=\"https:\/\/exceladvisor.org\/pt\/abrir-opcoes-de-formato-de-celula\/\" target=\"_blank\" rel=\"noopener\">abrir a caixa de di\u00e1logo \u201cFormatar c\u00e9lulas\u201d<\/a> .<\/li><li> Digite a tecla \u201cP\u201d para navegar at\u00e9 a guia \u201cProte\u00e7\u00e3o\u201d e pressione as teclas \u201cTab + Barra de espa\u00e7o\u201d simultaneamente para desmarcar a op\u00e7\u00e3o \u201cBloqueado\u201d e pressione \u201cEnter\u201d. <br><img loading=\"lazy\" decoding=\"async\" title=\"Op\u00e7\u00e3o 12-desmarcada-bloqueada\" src=\"https:\/\/exceladvisor.org\/wp-content\/uploads\/2023\/08\/12-decochez-loption-verrouillee.png\" sizes=\"auto, \" srcset=\"\" alt=\"untick-locked-option\" width=\"529\" height=\"304\"><\/li><li> Agora selecione as c\u00e9lulas ou intervalo de c\u00e9lulas que voc\u00ea deseja bloquear apenas.<\/li><li> Novamente, pressione as teclas \u201cCtrl+1\u201d e a caixa de di\u00e1logo \u201cFormatar c\u00e9lulas\u201d ser\u00e1 aberta.<\/li><li> Digite a tecla \u201cP\u201d para ir para a guia \u201cProte\u00e7\u00e3o\u201d, pressione a tecla \u201cTab\u201d e depois a tecla \u201cBarra de espa\u00e7o\u201d para selecionar a op\u00e7\u00e3o \u201cBloqueado\u201d e pressione \u201cEnter\u201d. <br><img loading=\"lazy\" decoding=\"async\" title=\"13 op\u00e7\u00f5es bloqueadas selecionadas\" src=\"https:\/\/exceladvisor.org\/wp-content\/uploads\/2023\/08\/13-option-verrouillee-selectionnee.png\" sizes=\"auto, \" srcset=\"\" alt=\"locked-option-selected\" width=\"543\" height=\"252\"><\/li><li> Ao final, pressione \u201cAlt \u2192 T \u2192 P \u2192 P\u201d para abrir a caixa de di\u00e1logo \u201cProteger Planilha\u201d e digite a senha, a seguir pressione \u201cEnter\u201d. <br><img loading=\"lazy\" decoding=\"async\" title=\"14 atalhos para inserir a senha\" src=\"https:\/\/exceladvisor.org\/wp-content\/uploads\/2023\/08\/14-raccourci-pour-entrer-le-mot-de-passe.png\" sizes=\"auto, \" srcset=\"\" alt=\"shortcut-to-enter-password\" width=\"259\" height=\"434\"><\/li><\/ol><h2 id=\"h-lock-only-the-formula-cells-in-excel\" class=\"wp-block-heading\"> Bloqueie apenas c\u00e9lulas de f\u00f3rmula no Excel<\/h2><ol><li> Primeiro, selecione todas as c\u00e9lulas e abra a caixa de di\u00e1logo \u201cFormatar c\u00e9lulas\u201d para desmarcar a op\u00e7\u00e3o \u201cBloqueado\u201d. <br><img loading=\"lazy\" decoding=\"async\" title=\"F\u00f3rmula de 15 c\u00e9lulas de bloqueio\" src=\"https:\/\/exceladvisor.org\/wp-content\/uploads\/2023\/08\/15-cellules-de-formule-de-verrouillage.png\" sizes=\"auto, \" srcset=\"\" alt=\"lock-formula-cells\" width=\"517\" height=\"297\"><\/li><li> Depois disso, v\u00e1 at\u00e9 a aba \u201cHome\u201d, clique no \u00edcone \u201cLocalizar e Substituir\u201d e, a seguir, clique na op\u00e7\u00e3o \u201cIr para Especial\u201d. <br><img loading=\"lazy\" decoding=\"async\" title=\"Op\u00e7\u00e3o 16-go-to-special\" src=\"https:\/\/exceladvisor.org\/wp-content\/uploads\/2023\/08\/16-aller-a-loption-speciale.png\" sizes=\"auto, \" srcset=\"\" alt=\"go-to-special-option\" width=\"949\" height=\"374\"><\/li><li> Agora, selecione a op\u00e7\u00e3o \u201cF\u00f3rmulas\u201d e clique em OK. <br><img loading=\"lazy\" decoding=\"async\" title=\"Somente f\u00f3rmulas de sele\u00e7\u00e3o da op\u00e7\u00e3o 17\" src=\"https:\/\/exceladvisor.org\/wp-content\/uploads\/2023\/08\/17-selectionner-uniquement-loption-de-formules.png\" sizes=\"auto, \" srcset=\"\" alt=\"select-only-formulas-option\" width=\"305\" height=\"358\"><\/li><li> No momento em que voc\u00ea clicar em OK, todas as c\u00e9lulas contendo f\u00f3rmulas ser\u00e3o selecionadas. <br><img loading=\"lazy\" decoding=\"async\" title=\"18 c\u00e9lulas selecionadas com f\u00f3rmulas\" src=\"https:\/\/exceladvisor.org\/wp-content\/uploads\/2023\/08\/18-cellules-selectionnees-avec-des-formules.png\" sizes=\"auto, \" srcset=\"\" alt=\"selected-cells-with-formulas\" width=\"611\" height=\"240\"><\/li><li> Neste ponto, abra novamente a caixa de di\u00e1logo \u201cFormatar c\u00e9lulas\u201d e selecione a op\u00e7\u00e3o \u201cBloqueado\u201d para bloquear apenas as c\u00e9lulas selecionadas acima. <br><img loading=\"lazy\" decoding=\"async\" title=\"Caixa de di\u00e1logo aberta em formato de 19 c\u00e9lulas\" src=\"https:\/\/exceladvisor.org\/wp-content\/uploads\/2023\/08\/Boite-de-dialogue-de-format-19-cellules-ouverte.png\" sizes=\"auto, \" srcset=\"\" alt=\"format-cells-dialog-box-opened\" width=\"847\" height=\"231\"><\/li><li> Para isso, v\u00e1 at\u00e9 a aba \u201cRevisar\u201d e clique no \u00edcone \u201cProteger Planilha\u201d, a seguir forne\u00e7a a senha e outras permiss\u00f5es que deseja conceder aos usu\u00e1rios e clique em OK. <br><img loading=\"lazy\" decoding=\"async\" title=\"20 senhas para proteger a planilha\" src=\"https:\/\/exceladvisor.org\/wp-content\/uploads\/2023\/08\/20-mot-de-passe-pour-proteger-la-feuille.png\" sizes=\"auto, \" srcset=\"\" alt=\"password-to-protect-sheet\" width=\"809\" height=\"501\"><\/li><\/ol><p> Agora apenas as c\u00e9lulas selecionadas com f\u00f3rmulas est\u00e3o bloqueadas para edi\u00e7\u00e3o.<\/p><h2 id=\"h-unlock-the-locked-cells-in-excel\" class=\"wp-block-heading\"> Desbloquear c\u00e9lulas bloqueadas no Excel<\/h2><p> Para desbloquear as c\u00e9lulas, desproteja a planilha e as c\u00e9lulas ser\u00e3o desbloqueadas.<\/p><div class=\"gb-container gb-container-4db6181c gb-container-mt\"> <a class=\"gb-button gb-button-c5897111 gb-button-text gb-button-mt-button\" href=\"https:\/\/exceladvisor.org\/pt\/excel-avancado\/\">Tutoriais avan\u00e7ados de Excel<\/a><h2 class=\"gb-headline gb-headline-665e5f6b gb-headline-text gb-headline-mt-heading\"> Tutoriais relacionados <\/h2><div class=\"gb-grid-wrapper gb-grid-wrapper-a20baf7c gb-grid-wrapper-mt-grid\"><div class=\"gb-grid-column gb-grid-column-65ddf67e\"><div class=\"gb-container gb-container-65ddf67e\"><ul><li> <a href=\"https:\/\/exceladvisor.org\/pt\/mesclar-celulas-sem-perder-dados\/\">Mesclar c\u00e9lulas sem perder dados no Excel<\/a><\/li><li> <a href=\"https:\/\/exceladvisor.org\/pt\/colar-especial-multiplicar\/\">Multiplique no Excel usando Colar Especial<\/a><\/li><li> <a href=\"https:\/\/exceladvisor.org\/pt\/adicionar-um-codigo-de-barras\/\" data-wpil=\"url\">Adicione um c\u00f3digo de barras no Excel<\/a><\/li><li> <a href=\"https:\/\/exceladvisor.org\/pt\/fonte-padrao\/\">Alterar a fonte padr\u00e3o no Excel<\/a><\/li><li> <a href=\"https:\/\/exceladvisor.org\/pt\/filtrar-por-cor\/\">Filtrar por cor no Excel<\/a><\/li><\/ul><\/div><\/div><\/div><\/div>","protected":false},"excerpt":{"rendered":"","protected":false},"author":1,"featured_media":0,"parent":0,"menu_order":0,"comment_status":"open","ping_status":"closed","template":"","meta":{"ub_ctt_via":"","footnotes":""},"class_list":["post-469","page","type-page","status-publish","hentry"],"featured_image_src":null,"yoast_head":"<!-- This site is optimized with the Yoast SEO plugin v25.4 - https:\/\/yoast.com\/wordpress\/plugins\/seo\/ -->\n<title>Como bloquear c\u00e9lulas no Excel? (Guia 2023)<\/title>\n<meta name=\"description\" content=\"Este guia r\u00e1pido ir\u00e1 ajud\u00e1-lo a bloquear uma ou mais c\u00e9lulas. Discutiremos isso em etapas f\u00e1ceis de seguir.\" \/>\n<meta name=\"robots\" content=\"index, follow, max-snippet:-1, max-image-preview:large, max-video-preview:-1\" \/>\n<link rel=\"canonical\" href=\"https:\/\/exceladvisor.org\/pt\/bloquear-celulas-1\/\" \/>\n<meta property=\"og:locale\" content=\"pt_PT\" \/>\n<meta property=\"og:type\" content=\"article\" \/>\n<meta property=\"og:title\" content=\"Como bloquear c\u00e9lulas no Excel? (Guia 2023)\" \/>\n<meta property=\"og:description\" content=\"Este guia r\u00e1pido ir\u00e1 ajud\u00e1-lo a bloquear uma ou mais c\u00e9lulas. Discutiremos isso em etapas f\u00e1ceis de seguir.\" \/>\n<meta property=\"og:url\" content=\"https:\/\/exceladvisor.org\/pt\/bloquear-celulas-1\/\" \/>\n<meta property=\"og:site_name\" content=\"Excel Advisor\" \/>\n<meta property=\"article:modified_time\" content=\"2023-12-06T11:34:57+00:00\" \/>\n<meta property=\"og:image\" content=\"https:\/\/exceladvisor.org\/wp-content\/uploads\/2023\/08\/1-selectionner-toutes-les-cellules.png\" \/>\n<meta name=\"twitter:card\" content=\"summary_large_image\" \/>\n<meta name=\"twitter:label1\" content=\"Tempo estimado de leitura\" \/>\n\t<meta name=\"twitter:data1\" content=\"5 minutos\" \/>\n<script type=\"application\/ld+json\" class=\"yoast-schema-graph\">{\"@context\":\"https:\/\/schema.org\",\"@graph\":[{\"@type\":\"WebPage\",\"@id\":\"https:\/\/exceladvisor.org\/pt\/bloquear-celulas-1\/\",\"url\":\"https:\/\/exceladvisor.org\/pt\/bloquear-celulas-1\/\",\"name\":\"Como bloquear c\u00e9lulas no Excel? (Guia 2023)\",\"isPartOf\":{\"@id\":\"https:\/\/exceladvisor.org\/pt\/#website\"},\"primaryImageOfPage\":{\"@id\":\"https:\/\/exceladvisor.org\/pt\/bloquear-celulas-1\/#primaryimage\"},\"image\":{\"@id\":\"https:\/\/exceladvisor.org\/pt\/bloquear-celulas-1\/#primaryimage\"},\"thumbnailUrl\":\"https:\/\/exceladvisor.org\/wp-content\/uploads\/2023\/08\/1-selectionner-toutes-les-cellules.png\",\"datePublished\":\"2023-10-27T00:49:48+00:00\",\"dateModified\":\"2023-12-06T11:34:57+00:00\",\"description\":\"Este guia r\u00e1pido ir\u00e1 ajud\u00e1-lo a bloquear uma ou mais c\u00e9lulas. Discutiremos isso em etapas f\u00e1ceis de seguir.\",\"breadcrumb\":{\"@id\":\"https:\/\/exceladvisor.org\/pt\/bloquear-celulas-1\/#breadcrumb\"},\"inLanguage\":\"pt-PT\",\"potentialAction\":[{\"@type\":\"ReadAction\",\"target\":[\"https:\/\/exceladvisor.org\/pt\/bloquear-celulas-1\/\"]}]},{\"@type\":\"ImageObject\",\"inLanguage\":\"pt-PT\",\"@id\":\"https:\/\/exceladvisor.org\/pt\/bloquear-celulas-1\/#primaryimage\",\"url\":\"https:\/\/exceladvisor.org\/wp-content\/uploads\/2023\/08\/1-selectionner-toutes-les-cellules.png\",\"contentUrl\":\"https:\/\/exceladvisor.org\/wp-content\/uploads\/2023\/08\/1-selectionner-toutes-les-cellules.png\"},{\"@type\":\"BreadcrumbList\",\"@id\":\"https:\/\/exceladvisor.org\/pt\/bloquear-celulas-1\/#breadcrumb\",\"itemListElement\":[{\"@type\":\"ListItem\",\"position\":1,\"name\":\"Lar\",\"item\":\"https:\/\/exceladvisor.org\/pt\/\"},{\"@type\":\"ListItem\",\"position\":2,\"name\":\"Como bloquear c\u00e9lulas no excel?\"}]},{\"@type\":\"WebSite\",\"@id\":\"https:\/\/exceladvisor.org\/pt\/#website\",\"url\":\"https:\/\/exceladvisor.org\/pt\/\",\"name\":\"Excel Advisor\",\"description\":\"O seu guia definitivo para dominar os dados!\",\"publisher\":{\"@id\":\"https:\/\/exceladvisor.org\/pt\/#organization\"},\"potentialAction\":[{\"@type\":\"SearchAction\",\"target\":{\"@type\":\"EntryPoint\",\"urlTemplate\":\"https:\/\/exceladvisor.org\/pt\/?s={search_term_string}\"},\"query-input\":{\"@type\":\"PropertyValueSpecification\",\"valueRequired\":true,\"valueName\":\"search_term_string\"}}],\"inLanguage\":\"pt-PT\"},{\"@type\":\"Organization\",\"@id\":\"https:\/\/exceladvisor.org\/pt\/#organization\",\"name\":\"Excel Advisor\",\"url\":\"https:\/\/exceladvisor.org\/pt\/\",\"logo\":{\"@type\":\"ImageObject\",\"inLanguage\":\"pt-PT\",\"@id\":\"https:\/\/exceladvisor.org\/pt\/#\/schema\/logo\/image\/\",\"url\":\"https:\/\/exceladvisor.org\/pt\/wp-content\/uploads\/2023\/12\/exceladvisor.org_.png\",\"contentUrl\":\"https:\/\/exceladvisor.org\/pt\/wp-content\/uploads\/2023\/12\/exceladvisor.org_.png\",\"width\":105,\"height\":36,\"caption\":\"Excel Advisor\"},\"image\":{\"@id\":\"https:\/\/exceladvisor.org\/pt\/#\/schema\/logo\/image\/\"}}]}<\/script>\n<!-- \/ Yoast SEO plugin. -->","yoast_head_json":{"title":"Como bloquear c\u00e9lulas no Excel? (Guia 2023)","description":"Este guia r\u00e1pido ir\u00e1 ajud\u00e1-lo a bloquear uma ou mais c\u00e9lulas. Discutiremos isso em etapas f\u00e1ceis de seguir.","robots":{"index":"index","follow":"follow","max-snippet":"max-snippet:-1","max-image-preview":"max-image-preview:large","max-video-preview":"max-video-preview:-1"},"canonical":"https:\/\/exceladvisor.org\/pt\/bloquear-celulas-1\/","og_locale":"pt_PT","og_type":"article","og_title":"Como bloquear c\u00e9lulas no Excel? (Guia 2023)","og_description":"Este guia r\u00e1pido ir\u00e1 ajud\u00e1-lo a bloquear uma ou mais c\u00e9lulas. Discutiremos isso em etapas f\u00e1ceis de seguir.","og_url":"https:\/\/exceladvisor.org\/pt\/bloquear-celulas-1\/","og_site_name":"Excel Advisor","article_modified_time":"2023-12-06T11:34:57+00:00","og_image":[{"url":"https:\/\/exceladvisor.org\/wp-content\/uploads\/2023\/08\/1-selectionner-toutes-les-cellules.png","type":"","width":"","height":""}],"twitter_card":"summary_large_image","twitter_misc":{"Tempo estimado de leitura":"5 minutos"},"schema":{"@context":"https:\/\/schema.org","@graph":[{"@type":"WebPage","@id":"https:\/\/exceladvisor.org\/pt\/bloquear-celulas-1\/","url":"https:\/\/exceladvisor.org\/pt\/bloquear-celulas-1\/","name":"Como bloquear c\u00e9lulas no Excel? (Guia 2023)","isPartOf":{"@id":"https:\/\/exceladvisor.org\/pt\/#website"},"primaryImageOfPage":{"@id":"https:\/\/exceladvisor.org\/pt\/bloquear-celulas-1\/#primaryimage"},"image":{"@id":"https:\/\/exceladvisor.org\/pt\/bloquear-celulas-1\/#primaryimage"},"thumbnailUrl":"https:\/\/exceladvisor.org\/wp-content\/uploads\/2023\/08\/1-selectionner-toutes-les-cellules.png","datePublished":"2023-10-27T00:49:48+00:00","dateModified":"2023-12-06T11:34:57+00:00","description":"Este guia r\u00e1pido ir\u00e1 ajud\u00e1-lo a bloquear uma ou mais c\u00e9lulas. Discutiremos isso em etapas f\u00e1ceis de seguir.","breadcrumb":{"@id":"https:\/\/exceladvisor.org\/pt\/bloquear-celulas-1\/#breadcrumb"},"inLanguage":"pt-PT","potentialAction":[{"@type":"ReadAction","target":["https:\/\/exceladvisor.org\/pt\/bloquear-celulas-1\/"]}]},{"@type":"ImageObject","inLanguage":"pt-PT","@id":"https:\/\/exceladvisor.org\/pt\/bloquear-celulas-1\/#primaryimage","url":"https:\/\/exceladvisor.org\/wp-content\/uploads\/2023\/08\/1-selectionner-toutes-les-cellules.png","contentUrl":"https:\/\/exceladvisor.org\/wp-content\/uploads\/2023\/08\/1-selectionner-toutes-les-cellules.png"},{"@type":"BreadcrumbList","@id":"https:\/\/exceladvisor.org\/pt\/bloquear-celulas-1\/#breadcrumb","itemListElement":[{"@type":"ListItem","position":1,"name":"Lar","item":"https:\/\/exceladvisor.org\/pt\/"},{"@type":"ListItem","position":2,"name":"Como bloquear c\u00e9lulas no excel?"}]},{"@type":"WebSite","@id":"https:\/\/exceladvisor.org\/pt\/#website","url":"https:\/\/exceladvisor.org\/pt\/","name":"Excel Advisor","description":"O seu guia definitivo para dominar os dados!","publisher":{"@id":"https:\/\/exceladvisor.org\/pt\/#organization"},"potentialAction":[{"@type":"SearchAction","target":{"@type":"EntryPoint","urlTemplate":"https:\/\/exceladvisor.org\/pt\/?s={search_term_string}"},"query-input":{"@type":"PropertyValueSpecification","valueRequired":true,"valueName":"search_term_string"}}],"inLanguage":"pt-PT"},{"@type":"Organization","@id":"https:\/\/exceladvisor.org\/pt\/#organization","name":"Excel Advisor","url":"https:\/\/exceladvisor.org\/pt\/","logo":{"@type":"ImageObject","inLanguage":"pt-PT","@id":"https:\/\/exceladvisor.org\/pt\/#\/schema\/logo\/image\/","url":"https:\/\/exceladvisor.org\/pt\/wp-content\/uploads\/2023\/12\/exceladvisor.org_.png","contentUrl":"https:\/\/exceladvisor.org\/pt\/wp-content\/uploads\/2023\/12\/exceladvisor.org_.png","width":105,"height":36,"caption":"Excel Advisor"},"image":{"@id":"https:\/\/exceladvisor.org\/pt\/#\/schema\/logo\/image\/"}}]}},"yoast_meta":{"yoast_wpseo_title":"","yoast_wpseo_metadesc":"","yoast_wpseo_canonical":""},"_links":{"self":[{"href":"https:\/\/exceladvisor.org\/pt\/wp-json\/wp\/v2\/pages\/469","targetHints":{"allow":["GET"]}}],"collection":[{"href":"https:\/\/exceladvisor.org\/pt\/wp-json\/wp\/v2\/pages"}],"about":[{"href":"https:\/\/exceladvisor.org\/pt\/wp-json\/wp\/v2\/types\/page"}],"author":[{"embeddable":true,"href":"https:\/\/exceladvisor.org\/pt\/wp-json\/wp\/v2\/users\/1"}],"replies":[{"embeddable":true,"href":"https:\/\/exceladvisor.org\/pt\/wp-json\/wp\/v2\/comments?post=469"}],"version-history":[{"count":1,"href":"https:\/\/exceladvisor.org\/pt\/wp-json\/wp\/v2\/pages\/469\/revisions"}],"predecessor-version":[{"id":866,"href":"https:\/\/exceladvisor.org\/pt\/wp-json\/wp\/v2\/pages\/469\/revisions\/866"}],"wp:attachment":[{"href":"https:\/\/exceladvisor.org\/pt\/wp-json\/wp\/v2\/media?parent=469"}],"curies":[{"name":"wp","href":"https:\/\/api.w.org\/{rel}","templated":true}]}}