{"id":470,"date":"2023-10-27T00:16:49","date_gmt":"2023-10-27T00:16:49","guid":{"rendered":"https:\/\/exceladvisor.org\/pt\/auto-correcao\/"},"modified":"2023-12-06T11:42:30","modified_gmt":"2023-12-06T11:42:30","slug":"auto-correcao","status":"publish","type":"page","link":"https:\/\/exceladvisor.org\/pt\/auto-correcao\/","title":{"rendered":"Como usar a autocorre\u00e7\u00e3o no excel?"},"content":{"rendered":"<div class=\"excel-before-content-2\" id=\"excel-2373315798\"><script type=\"text\/javascript\">\r\n\tatOptions = {\r\n\t\t'key' : 'c1158f160081d6540a8409e6925dab94',\r\n\t\t'format' : 'iframe',\r\n\t\t'height' : 250,\r\n\t\t'width' : 300,\r\n\t\t'params' : {}\r\n\t};\r\n<\/script>\r\n<script type=\"text\/javascript\" src=\"\/\/www.highperformanceformat.com\/c1158f160081d6540a8409e6925dab94\/invoke.js\"><\/script><\/div><div class=\"excel-before-content\" id=\"excel-887535902\"><script type=\"text\/javascript\">\r\n\tatOptions = {\r\n\t\t'key' : 'c1158f160081d6540a8409e6925dab94',\r\n\t\t'format' : 'iframe',\r\n\t\t'height' : 250,\r\n\t\t'width' : 300,\r\n\t\t'params' : {}\r\n\t};\r\n<\/script>\r\n<script type=\"text\/javascript\" src=\"\/\/www.highperformanceformat.com\/c1158f160081d6540a8409e6925dab94\/invoke.js\"><\/script><\/div> <p>Como o nome sugere, a AutoCorre\u00e7\u00e3o \u00e9 um recurso do Excel que corrige automaticamente palavras com erros ortogr\u00e1ficos. Mas n\u00e3o se limita apenas a corrigir palavras com erros ortogr\u00e1ficos. Possui muitos recursos adicionais com os quais pode ser usado para:<\/p><ul><li> Erros de digita\u00e7\u00e3o corretos,<\/li><li> Erros de capitaliza\u00e7\u00e3o,<\/li><li> Converter abrevia\u00e7\u00f5es em texto completo,<\/li><li> Adicione marcas de sele\u00e7\u00e3o,<\/li><li> S\u00edmbolos,<\/li><li> Etc.<\/li><\/ul><p> Neste tutorial, voc\u00ea aprender\u00e1 sobre as diferentes op\u00e7\u00f5es dispon\u00edveis para uso no recurso AutoCorre\u00e7\u00e3o.<\/p><h2 class=\"wp-block-heading\"> Selecione apenas as op\u00e7\u00f5es de corre\u00e7\u00e3o autom\u00e1tica necess\u00e1rias no Excel<\/h2><p> A corre\u00e7\u00e3o autom\u00e1tica \u00e9 o recurso habilitado por padr\u00e3o no Excel com todas as op\u00e7\u00f5es dispon\u00edveis. Por\u00e9m, voc\u00ea pode escolher e desabilitar uma ou mais op\u00e7\u00f5es que n\u00e3o deseja usar como parte do recurso de autocorre\u00e7\u00e3o, e para isso voc\u00ea precisa seguir os seguintes passos:<\/p><ol><li> Primeiro, v\u00e1 para a guia \u201cArquivo\u201d na faixa de op\u00e7\u00f5es, clique em \u201cOp\u00e7\u00f5es\u201d e a caixa de di\u00e1logo \u201cOp\u00e7\u00f5es do Excel\u201d ser\u00e1 aberta. <br><img loading=\"lazy\" decoding=\"async\" title=\"1-op\u00e7\u00f5es-excel\" src=\"https:\/\/exceladvisor.org\/wp-content\/uploads\/2023\/08\/1-option-excel.png\" sizes=\"auto, \" srcset=\"\" alt=\"excel-options\" width=\"517\" height=\"480\"><\/li><li> Depois disso, clique em \u201cRevis\u00e3o\u201d no painel esquerdo e, a seguir, clique em \u201cOp\u00e7\u00f5es de AutoCorre\u00e7\u00e3o\u201d. <br><img loading=\"lazy\" decoding=\"async\" title=\"Op\u00e7\u00e3o de 2 autocorre\u00e7\u00e3o\" src=\"https:\/\/exceladvisor.org\/wp-content\/uploads\/2023\/08\/2-options-de-correction-automatique.png\" sizes=\"auto, \" srcset=\"\" alt=\"autocorrect-option\" width=\"552\" height=\"418\"><\/li><li> Neste ponto, voc\u00ea abrir\u00e1 a caixa de di\u00e1logo \u201cAutoCorre\u00e7\u00e3o\u201d com todas as op\u00e7\u00f5es padr\u00e3o j\u00e1 selecionadas.<\/li><li> Na guia &#8220;AutoCorre\u00e7\u00e3o&#8221;, desmarque a op\u00e7\u00e3o que n\u00e3o deseja usar como parte do recurso AutoCorre\u00e7\u00e3o e clique em OK. O recurso de corre\u00e7\u00e3o autom\u00e1tica ser\u00e1 ativado ao excluir esta op\u00e7\u00e3o. <br><img loading=\"lazy\" decoding=\"async\" title=\"Di\u00e1logo de 3 autocorre\u00e7\u00e3o\" src=\"https:\/\/exceladvisor.org\/wp-content\/uploads\/2023\/08\/3-boite-de-dialogue-de-correction-automatique.png\" sizes=\"auto, \" srcset=\"\" alt=\"autocorrect-dialog-box\" width=\"359\" height=\"428\"><\/li><\/ol><h2 class=\"wp-block-heading\"> Op\u00e7\u00f5es da guia AutoCorre\u00e7\u00e3o<\/h2><p> Existem muitas op\u00e7\u00f5es dispon\u00edveis na AutoCorre\u00e7\u00e3o, que s\u00e3o selecionadas por padr\u00e3o para uso com o recurso AutoCorre\u00e7\u00e3o. Aqui explicamos as defini\u00e7\u00f5es dessas op\u00e7\u00f5es para voc\u00ea entender.<\/p><ol><li> <strong>Corrigir ambas as iniciais mai\u00fasculas:<\/strong> Esta op\u00e7\u00e3o, quando habilitada, corrige automaticamente as duas primeiras letras mai\u00fasculas das palavras. Por exemplo, se voc\u00ea escrever &#8220;MESsage&#8221;, ele ir\u00e1 corrigi-lo automaticamente como Message. Mas, se voc\u00ea desmarcar esta op\u00e7\u00e3o, a corre\u00e7\u00e3o autom\u00e1tica n\u00e3o corrigir\u00e1 as duas primeiras letras mai\u00fasculas.<\/li><li> <strong>Colocar a primeira letra das frases em mai\u00fascula:<\/strong> Esta op\u00e7\u00e3o, quando habilitada, coloca automaticamente em mai\u00fascula a primeira letra de cada nova frase. Por exemplo, se voc\u00ea escrever \u201cComo v\u00e3o voc\u00eas. estamos bem\u201d, colocar\u00e1 automaticamente a letra \u201cw\u201d em mai\u00fascula em n\u00f3s e formar\u00e1 a frase \u201cComo v\u00e3o voc\u00eas. Estamos bem.<\/li><li> <strong>Colocar nomes de dias em mai\u00fascula:<\/strong> Como o nome sugere, esta op\u00e7\u00e3o, quando habilitada, coloca automaticamente em mai\u00fascula o nome dos dias que voc\u00ea insere no Excel. Por exemplo, se voc\u00ea escrever \u201cDomingo\u201d, a letra \u201cs\u201d ser\u00e1 mai\u00fascula e ser\u00e1 \u201cDomingo\u201d.<\/li><li> <strong>Corrigir uso acidental da tecla Caps Lock:<\/strong> Esta op\u00e7\u00e3o, quando habilitada, corrige automaticamente palavras escritas acidentalmente usando Caps Lock. Por exemplo, se voc\u00ea escrever \u201cDomingo\u201d, a palavra ser\u00e1 automaticamente corrigida para \u201cDomingo\u201d.<\/li><li> <strong>Substituir texto enquanto voc\u00ea digita:<\/strong> esta op\u00e7\u00e3o \u00e9 usada para substituir alguns c\u00f3digos de acesso, texto completo ou abrevia\u00e7\u00f5es, substituir algum texto por s\u00edmbolos e substituir algumas palavras com erros ortogr\u00e1ficos pelas palavras corretas. A Autocorre\u00e7\u00e3o j\u00e1 possui a lista predefinida de textos e palavras que ao inseri-los na planilha ser\u00e3o automaticamente substitu\u00eddas pelos resultados predefinidos. Voc\u00ea pode remover certas palavras predefinidas da lista e expandir a lista adicionando outras palavras a esta lista.<\/li><\/ol><h2 class=\"wp-block-heading\"> Exce\u00e7\u00f5es de corre\u00e7\u00e3o autom\u00e1tica<\/h2><p> O recurso de corre\u00e7\u00e3o autom\u00e1tica tamb\u00e9m tem a capacidade de definir certas exce\u00e7\u00f5es. Voc\u00ea encontrar\u00e1 a lista predefinida nas exce\u00e7\u00f5es que pode expandir adicionando mais exce\u00e7\u00f5es ou excluir removendo exce\u00e7\u00f5es n\u00e3o obrigat\u00f3rias da lista.<\/p><ol><li> Na guia AutoCorre\u00e7\u00e3o, clique no bot\u00e3o \u201cExce\u00e7\u00f5es\u201d. <br><img loading=\"lazy\" decoding=\"async\" title=\"4 exce\u00e7\u00f5es de autocorre\u00e7\u00e3o\" src=\"https:\/\/exceladvisor.org\/wp-content\/uploads\/2023\/08\/4-exceptions-de-correction-automatique.png\" sizes=\"auto, \" srcset=\"\" alt=\"autocorrect-exceptions\" width=\"364\" height=\"433\"><\/li><li> Depois de clicar no bot\u00e3o \u201cExce\u00e7\u00f5es\u201d, a caixa de di\u00e1logo \u201cExce\u00e7\u00f5es de AutoCorre\u00e7\u00e3o\u201d \u00e9 aberta.<\/li><li> Na guia \u201cPrimeira letra\u201d, voc\u00ea encontrar\u00e1 a lista predefinida de exce\u00e7\u00f5es que ap\u00f3s o ponto (.)\/ponto final de letras ou palavras espec\u00edficas, a corre\u00e7\u00e3o autom\u00e1tica n\u00e3o colocar\u00e1 a primeira letra em mai\u00fascula. Voc\u00ea pode ampliar ou excluir esta lista de acordo com suas necessidades. <br><img loading=\"lazy\" decoding=\"async\" title=\"aba 5-primeira letra\" src=\"https:\/\/exceladvisor.org\/wp-content\/uploads\/2023\/08\/5-onglet-premiere-lettre.png\" sizes=\"auto, \" srcset=\"\" alt=\"first-letter-tab\" width=\"337\" height=\"265\"><\/li><li> Na guia &#8220;Mai\u00fasculas iniciais&#8221;, voc\u00ea pode adicionar a lista de palavras onde n\u00e3o deseja que a corre\u00e7\u00e3o autom\u00e1tica verifique as duas primeiras letras mai\u00fasculas das palavras, como faz quando voc\u00ea seleciona as op\u00e7\u00f5es &#8220;duas letras mai\u00fasculas iniciais&#8221; nas op\u00e7\u00f5es de corre\u00e7\u00e3o autom\u00e1tica, como Mencionado acima. <br><img loading=\"lazy\" decoding=\"async\" title=\"aba 6 letras mai\u00fasculas iniciais\" src=\"https:\/\/exceladvisor.org\/wp-content\/uploads\/2023\/08\/Onglet-6-majuscules-initiales.png\" sizes=\"auto, \" srcset=\"\" alt=\"initial-caps-tab\" width=\"333\" height=\"261\"><\/li><\/ol><p> Como voc\u00ea pode ver na imagem acima, adicionamos &#8220;Exceladvisor&#8221; e &#8220;IDs&#8221; na lista, o que significa que a partir de agora, toda vez que inserirmos essas duas palavras no c\u00e1lculo da planilha, a corre\u00e7\u00e3o autom\u00e1tica n\u00e3o alterar\u00e1 a segunda letra da palavra at\u00e9 o fim porque definimos a exce\u00e7\u00e3o para essas duas palavras.<\/p><h2 class=\"wp-block-heading\"> Op\u00e7\u00f5es de formata\u00e7\u00e3o autom\u00e1tica conforme voc\u00ea digita<\/h2><p> A guia Formata\u00e7\u00e3o autom\u00e1tica consiste em tr\u00eas op\u00e7\u00f5es de formata\u00e7\u00e3o autom\u00e1tica selecionadas por padr\u00e3o que s\u00e3o muito \u00fateis ao trabalhar no Excel, explicadas a seguir: <\/p><div class=\"wp-block-image\"><figure class=\"aligncenter size-full is-resized\"><img loading=\"lazy\" decoding=\"async\" class=\"wp-image-79157\" src=\"https:\/\/exceladvisor.org\/wp-content\/uploads\/2023\/08\/7-mise-en-forme-automatique-au-fur-et-a-mesure-de-la-frappe.png\" sizes=\"auto, \" srcset=\"\" alt=\"formata\u00e7\u00e3o autom\u00e1tica enquanto voc\u00ea digita\" width=\"391\" height=\"461\"><\/figure><\/div><ol><li> <strong>Internet e caminho de rede com hiperlinks:<\/strong> Voc\u00ea sempre viu que ao inserir um hiperlink ou endere\u00e7o web na planilha, ele \u00e9 convertido em hiperlink clicando naquele que pode redirecionar para aquele endere\u00e7o de link. Tudo isso acontece gra\u00e7as a esta op\u00e7\u00e3o. Se n\u00e3o desejar converter esses links em hiperlinks, desmarque esta op\u00e7\u00e3o.<\/li><li> <strong>Novas linhas e colunas na tabela:<\/strong> voc\u00ea sempre viu que ao inserir um valor na coluna ou linha adjacente da tabela do Excel, a tabela ser\u00e1 estendida para aquela linha ou coluna incluindo-as na tabela. Tudo isso acontece gra\u00e7as a esta op\u00e7\u00e3o. Se voc\u00ea deslig\u00e1-lo, a tabela do Excel n\u00e3o ser\u00e1 mais expandida automaticamente.<\/li><li> <strong>Preencher f\u00f3rmulas na tabela:<\/strong> esta op\u00e7\u00e3o copia automaticamente a f\u00f3rmula inserida em todas as c\u00e9lulas da mesma coluna da tabela do Excel, ajustando as refer\u00eancias de c\u00e9lulas da f\u00f3rmula.<\/li><\/ol><h2 class=\"wp-block-heading\"> A\u00e7\u00f5es da guia<\/h2><p> A guia de a\u00e7\u00e3o pode criar a\u00e7\u00f5es adicionais com base em palavras, textos ou valores espec\u00edficos. Por padr\u00e3o, voc\u00ea encontrar\u00e1 a\u00e7\u00f5es adicionais desabilitadas e, para habilit\u00e1-las, selecione a op\u00e7\u00e3o \u201cAtivar a\u00e7\u00f5es adicionais no menu de contexto\u201d.<\/p><p> O Excel possui apenas Data (XML) como uma a\u00e7\u00e3o adicional predefinida na lista, mas voc\u00ea pode criar outras conforme necess\u00e1rio. <\/p><div class=\"wp-block-image\"><figure class=\"aligncenter size-full is-resized\"><img loading=\"lazy\" decoding=\"async\" class=\"wp-image-79158\" src=\"https:\/\/exceladvisor.org\/wp-content\/uploads\/2023\/08\/onglet-8-actions.png\" sizes=\"auto, \" srcset=\"\" alt=\"a\u00e7\u00f5es da guia\" width=\"379\" height=\"446\"><\/figure><\/div><p> Ao habilitar esta op\u00e7\u00e3o, a a\u00e7\u00e3o de data ficar\u00e1 habilitada porque \u00e9 predefinida pelo Excel, ou seja, depois disso, ao inserir a data na c\u00e9lula.<\/p><p> Se voc\u00ea clicar com o bot\u00e3o direito nele, o Excel mostrar\u00e1 as op\u00e7\u00f5es do Calend\u00e1rio do Outlook ao clicar nas quais voc\u00ea ser\u00e1 levado ao seu calend\u00e1rio.<\/p><p> O Outlook deve ser configurado com o ID de e-mail para exibir esta op\u00e7\u00e3o de calend\u00e1rio adicional.<\/p><h2 class=\"wp-block-heading\"> Guia Autocorre\u00e7\u00e3o matem\u00e1tica<\/h2><p> A guia AutoCorre\u00e7\u00e3o matem\u00e1tica \u00e9 usada para inserir s\u00edmbolos matem\u00e1ticos em equa\u00e7\u00f5es. <\/p><div class=\"wp-block-image\"><figure class=\"aligncenter size-full is-resized\"><img loading=\"lazy\" decoding=\"async\" class=\"wp-image-79159\" src=\"https:\/\/exceladvisor.org\/wp-content\/uploads\/2023\/08\/9-onglet-de-correction-automatique-des-mathematiques.png\" sizes=\"auto, \" srcset=\"\" alt=\"guia matem\u00e1tica-autocorre\u00e7\u00e3o\" width=\"379\" height=\"445\"><\/figure><\/div><p class=\"grey-note\"> Esta fun\u00e7\u00e3o de AutoCorre\u00e7\u00e3o Matem\u00e1tica n\u00e3o funciona na c\u00e9lula. Isso s\u00f3 funciona em equa\u00e7\u00f5es (guia Inserir em S\u00edmbolos para Equa\u00e7\u00f5es)<\/p><h2 class=\"wp-block-heading\"> Desative a corre\u00e7\u00e3o autom\u00e1tica<\/h2><p> O Excel n\u00e3o tem nenhuma op\u00e7\u00e3o para desativar o recurso AutoCorre\u00e7\u00e3o diretamente. Para interromper completamente o recurso AutoCorre\u00e7\u00e3o, os usu\u00e1rios devem desmarcar todas as \u201cAutoCorre\u00e7\u00e3o\u201d e outras op\u00e7\u00f5es da guia. <\/p><div class=\"wp-block-image\"><figure class=\"aligncenter size-full is-resized\"><img loading=\"lazy\" decoding=\"async\" class=\"wp-image-79160\" src=\"https:\/\/exceladvisor.org\/wp-content\/uploads\/2023\/08\/10-options-de-correction-automatique.png\" sizes=\"auto, \" srcset=\"\" alt=\"desmarcar op\u00e7\u00f5es de corre\u00e7\u00e3o autom\u00e1tica\" width=\"382\" height=\"449\"><\/figure><\/div><div class=\"gb-container gb-container-4db6181c gb-container-mt\"> <a class=\"gb-button gb-button-c5897111 gb-button-text gb-button-mt-button\" href=\"https:\/\/exceladvisor.org\/pt\/excel-avancado\/\">Tutoriais avan\u00e7ados de Excel<\/a><h2 class=\"gb-headline gb-headline-665e5f6b gb-headline-text gb-headline-mt-heading\"> Tutoriais relacionados <\/h2><div class=\"gb-grid-wrapper gb-grid-wrapper-a20baf7c gb-grid-wrapper-mt-grid\"><div class=\"gb-grid-column gb-grid-column-50067b57\"><div class=\"gb-container gb-container-50067b57\"><ul><li> <a href=\"https:\/\/exceladvisor.org\/pt\/listas-personalizadas\/\">Lista personalizada no Excel<\/a><\/li><li> <a href=\"https:\/\/exceladvisor.org\/pt\/pdf-em-excel\/\">Insira um PDF no Excel<\/a><\/li><li> <a href=\"https:\/\/exceladvisor.org\/pt\/insira-uma-imagem\/\">Insira uma imagem em uma c\u00e9lula no Excel<\/a><\/li><li> <a href=\"https:\/\/exceladvisor.org\/pt\/incorporar-arquivo\/\">Incorporar um arquivo no Excel<\/a><\/li><li> Converter PDF para Excel<\/li><\/ul><\/div><\/div><\/div><\/div>","protected":false},"excerpt":{"rendered":"","protected":false},"author":1,"featured_media":0,"parent":0,"menu_order":0,"comment_status":"open","ping_status":"closed","template":"","meta":{"ub_ctt_via":"","footnotes":""},"class_list":["post-470","page","type-page","status-publish","hentry"],"featured_image_src":null,"yoast_head":"<!-- This site is optimized with the Yoast SEO plugin v25.4 - https:\/\/yoast.com\/wordpress\/plugins\/seo\/ -->\n<title>Como usar a AutoCorre\u00e7\u00e3o no Excel?<\/title>\n<meta name=\"description\" content=\"Este guia r\u00e1pido ajudar\u00e1 voc\u00ea a aprender mais sobre a op\u00e7\u00e3o AutoCorre\u00e7\u00e3o no Excel.\" \/>\n<meta name=\"robots\" content=\"index, follow, max-snippet:-1, max-image-preview:large, max-video-preview:-1\" \/>\n<link rel=\"canonical\" href=\"https:\/\/exceladvisor.org\/pt\/auto-correcao\/\" \/>\n<meta property=\"og:locale\" content=\"pt_PT\" \/>\n<meta property=\"og:type\" content=\"article\" \/>\n<meta property=\"og:title\" content=\"Como usar a AutoCorre\u00e7\u00e3o no Excel?\" \/>\n<meta property=\"og:description\" content=\"Este guia r\u00e1pido ajudar\u00e1 voc\u00ea a aprender mais sobre a op\u00e7\u00e3o AutoCorre\u00e7\u00e3o no Excel.\" \/>\n<meta property=\"og:url\" content=\"https:\/\/exceladvisor.org\/pt\/auto-correcao\/\" \/>\n<meta property=\"og:site_name\" content=\"Excel Advisor\" \/>\n<meta property=\"article:modified_time\" content=\"2023-12-06T11:42:30+00:00\" \/>\n<meta property=\"og:image\" content=\"https:\/\/exceladvisor.org\/wp-content\/uploads\/2023\/08\/1-option-excel.png\" \/>\n<meta name=\"twitter:card\" content=\"summary_large_image\" \/>\n<meta name=\"twitter:label1\" content=\"Tempo estimado de leitura\" \/>\n\t<meta name=\"twitter:data1\" content=\"6 minutos\" \/>\n<script type=\"application\/ld+json\" class=\"yoast-schema-graph\">{\"@context\":\"https:\/\/schema.org\",\"@graph\":[{\"@type\":\"WebPage\",\"@id\":\"https:\/\/exceladvisor.org\/pt\/auto-correcao\/\",\"url\":\"https:\/\/exceladvisor.org\/pt\/auto-correcao\/\",\"name\":\"Como usar a AutoCorre\u00e7\u00e3o no Excel?\",\"isPartOf\":{\"@id\":\"https:\/\/exceladvisor.org\/pt\/#website\"},\"primaryImageOfPage\":{\"@id\":\"https:\/\/exceladvisor.org\/pt\/auto-correcao\/#primaryimage\"},\"image\":{\"@id\":\"https:\/\/exceladvisor.org\/pt\/auto-correcao\/#primaryimage\"},\"thumbnailUrl\":\"https:\/\/exceladvisor.org\/wp-content\/uploads\/2023\/08\/1-option-excel.png\",\"datePublished\":\"2023-10-27T00:16:49+00:00\",\"dateModified\":\"2023-12-06T11:42:30+00:00\",\"description\":\"Este guia r\u00e1pido ajudar\u00e1 voc\u00ea a aprender mais sobre a op\u00e7\u00e3o AutoCorre\u00e7\u00e3o no Excel.\",\"breadcrumb\":{\"@id\":\"https:\/\/exceladvisor.org\/pt\/auto-correcao\/#breadcrumb\"},\"inLanguage\":\"pt-PT\",\"potentialAction\":[{\"@type\":\"ReadAction\",\"target\":[\"https:\/\/exceladvisor.org\/pt\/auto-correcao\/\"]}]},{\"@type\":\"ImageObject\",\"inLanguage\":\"pt-PT\",\"@id\":\"https:\/\/exceladvisor.org\/pt\/auto-correcao\/#primaryimage\",\"url\":\"https:\/\/exceladvisor.org\/wp-content\/uploads\/2023\/08\/1-option-excel.png\",\"contentUrl\":\"https:\/\/exceladvisor.org\/wp-content\/uploads\/2023\/08\/1-option-excel.png\"},{\"@type\":\"BreadcrumbList\",\"@id\":\"https:\/\/exceladvisor.org\/pt\/auto-correcao\/#breadcrumb\",\"itemListElement\":[{\"@type\":\"ListItem\",\"position\":1,\"name\":\"Lar\",\"item\":\"https:\/\/exceladvisor.org\/pt\/\"},{\"@type\":\"ListItem\",\"position\":2,\"name\":\"Como usar a autocorre\u00e7\u00e3o no excel?\"}]},{\"@type\":\"WebSite\",\"@id\":\"https:\/\/exceladvisor.org\/pt\/#website\",\"url\":\"https:\/\/exceladvisor.org\/pt\/\",\"name\":\"Excel Advisor\",\"description\":\"O seu guia definitivo para dominar os dados!\",\"publisher\":{\"@id\":\"https:\/\/exceladvisor.org\/pt\/#organization\"},\"potentialAction\":[{\"@type\":\"SearchAction\",\"target\":{\"@type\":\"EntryPoint\",\"urlTemplate\":\"https:\/\/exceladvisor.org\/pt\/?s={search_term_string}\"},\"query-input\":{\"@type\":\"PropertyValueSpecification\",\"valueRequired\":true,\"valueName\":\"search_term_string\"}}],\"inLanguage\":\"pt-PT\"},{\"@type\":\"Organization\",\"@id\":\"https:\/\/exceladvisor.org\/pt\/#organization\",\"name\":\"Excel Advisor\",\"url\":\"https:\/\/exceladvisor.org\/pt\/\",\"logo\":{\"@type\":\"ImageObject\",\"inLanguage\":\"pt-PT\",\"@id\":\"https:\/\/exceladvisor.org\/pt\/#\/schema\/logo\/image\/\",\"url\":\"https:\/\/exceladvisor.org\/pt\/wp-content\/uploads\/2023\/12\/exceladvisor.org_.png\",\"contentUrl\":\"https:\/\/exceladvisor.org\/pt\/wp-content\/uploads\/2023\/12\/exceladvisor.org_.png\",\"width\":105,\"height\":36,\"caption\":\"Excel Advisor\"},\"image\":{\"@id\":\"https:\/\/exceladvisor.org\/pt\/#\/schema\/logo\/image\/\"}}]}<\/script>\n<!-- \/ Yoast SEO plugin. -->","yoast_head_json":{"title":"Como usar a AutoCorre\u00e7\u00e3o no Excel?","description":"Este guia r\u00e1pido ajudar\u00e1 voc\u00ea a aprender mais sobre a op\u00e7\u00e3o AutoCorre\u00e7\u00e3o no Excel.","robots":{"index":"index","follow":"follow","max-snippet":"max-snippet:-1","max-image-preview":"max-image-preview:large","max-video-preview":"max-video-preview:-1"},"canonical":"https:\/\/exceladvisor.org\/pt\/auto-correcao\/","og_locale":"pt_PT","og_type":"article","og_title":"Como usar a AutoCorre\u00e7\u00e3o no Excel?","og_description":"Este guia r\u00e1pido ajudar\u00e1 voc\u00ea a aprender mais sobre a op\u00e7\u00e3o AutoCorre\u00e7\u00e3o no Excel.","og_url":"https:\/\/exceladvisor.org\/pt\/auto-correcao\/","og_site_name":"Excel Advisor","article_modified_time":"2023-12-06T11:42:30+00:00","og_image":[{"url":"https:\/\/exceladvisor.org\/wp-content\/uploads\/2023\/08\/1-option-excel.png","type":"","width":"","height":""}],"twitter_card":"summary_large_image","twitter_misc":{"Tempo estimado de leitura":"6 minutos"},"schema":{"@context":"https:\/\/schema.org","@graph":[{"@type":"WebPage","@id":"https:\/\/exceladvisor.org\/pt\/auto-correcao\/","url":"https:\/\/exceladvisor.org\/pt\/auto-correcao\/","name":"Como usar a AutoCorre\u00e7\u00e3o no Excel?","isPartOf":{"@id":"https:\/\/exceladvisor.org\/pt\/#website"},"primaryImageOfPage":{"@id":"https:\/\/exceladvisor.org\/pt\/auto-correcao\/#primaryimage"},"image":{"@id":"https:\/\/exceladvisor.org\/pt\/auto-correcao\/#primaryimage"},"thumbnailUrl":"https:\/\/exceladvisor.org\/wp-content\/uploads\/2023\/08\/1-option-excel.png","datePublished":"2023-10-27T00:16:49+00:00","dateModified":"2023-12-06T11:42:30+00:00","description":"Este guia r\u00e1pido ajudar\u00e1 voc\u00ea a aprender mais sobre a op\u00e7\u00e3o AutoCorre\u00e7\u00e3o no Excel.","breadcrumb":{"@id":"https:\/\/exceladvisor.org\/pt\/auto-correcao\/#breadcrumb"},"inLanguage":"pt-PT","potentialAction":[{"@type":"ReadAction","target":["https:\/\/exceladvisor.org\/pt\/auto-correcao\/"]}]},{"@type":"ImageObject","inLanguage":"pt-PT","@id":"https:\/\/exceladvisor.org\/pt\/auto-correcao\/#primaryimage","url":"https:\/\/exceladvisor.org\/wp-content\/uploads\/2023\/08\/1-option-excel.png","contentUrl":"https:\/\/exceladvisor.org\/wp-content\/uploads\/2023\/08\/1-option-excel.png"},{"@type":"BreadcrumbList","@id":"https:\/\/exceladvisor.org\/pt\/auto-correcao\/#breadcrumb","itemListElement":[{"@type":"ListItem","position":1,"name":"Lar","item":"https:\/\/exceladvisor.org\/pt\/"},{"@type":"ListItem","position":2,"name":"Como usar a autocorre\u00e7\u00e3o no excel?"}]},{"@type":"WebSite","@id":"https:\/\/exceladvisor.org\/pt\/#website","url":"https:\/\/exceladvisor.org\/pt\/","name":"Excel Advisor","description":"O seu guia definitivo para dominar os dados!","publisher":{"@id":"https:\/\/exceladvisor.org\/pt\/#organization"},"potentialAction":[{"@type":"SearchAction","target":{"@type":"EntryPoint","urlTemplate":"https:\/\/exceladvisor.org\/pt\/?s={search_term_string}"},"query-input":{"@type":"PropertyValueSpecification","valueRequired":true,"valueName":"search_term_string"}}],"inLanguage":"pt-PT"},{"@type":"Organization","@id":"https:\/\/exceladvisor.org\/pt\/#organization","name":"Excel Advisor","url":"https:\/\/exceladvisor.org\/pt\/","logo":{"@type":"ImageObject","inLanguage":"pt-PT","@id":"https:\/\/exceladvisor.org\/pt\/#\/schema\/logo\/image\/","url":"https:\/\/exceladvisor.org\/pt\/wp-content\/uploads\/2023\/12\/exceladvisor.org_.png","contentUrl":"https:\/\/exceladvisor.org\/pt\/wp-content\/uploads\/2023\/12\/exceladvisor.org_.png","width":105,"height":36,"caption":"Excel Advisor"},"image":{"@id":"https:\/\/exceladvisor.org\/pt\/#\/schema\/logo\/image\/"}}]}},"yoast_meta":{"yoast_wpseo_title":"","yoast_wpseo_metadesc":"","yoast_wpseo_canonical":""},"_links":{"self":[{"href":"https:\/\/exceladvisor.org\/pt\/wp-json\/wp\/v2\/pages\/470","targetHints":{"allow":["GET"]}}],"collection":[{"href":"https:\/\/exceladvisor.org\/pt\/wp-json\/wp\/v2\/pages"}],"about":[{"href":"https:\/\/exceladvisor.org\/pt\/wp-json\/wp\/v2\/types\/page"}],"author":[{"embeddable":true,"href":"https:\/\/exceladvisor.org\/pt\/wp-json\/wp\/v2\/users\/1"}],"replies":[{"embeddable":true,"href":"https:\/\/exceladvisor.org\/pt\/wp-json\/wp\/v2\/comments?post=470"}],"version-history":[{"count":1,"href":"https:\/\/exceladvisor.org\/pt\/wp-json\/wp\/v2\/pages\/470\/revisions"}],"predecessor-version":[{"id":1215,"href":"https:\/\/exceladvisor.org\/pt\/wp-json\/wp\/v2\/pages\/470\/revisions\/1215"}],"wp:attachment":[{"href":"https:\/\/exceladvisor.org\/pt\/wp-json\/wp\/v2\/media?parent=470"}],"curies":[{"name":"wp","href":"https:\/\/api.w.org\/{rel}","templated":true}]}}