{"id":471,"date":"2023-10-27T00:10:45","date_gmt":"2023-10-27T00:10:45","guid":{"rendered":"https:\/\/exceladvisor.org\/pt\/pdf-em-excel\/"},"modified":"2023-12-06T11:38:08","modified_gmt":"2023-12-06T11:38:08","slug":"pdf-em-excel","status":"publish","type":"page","link":"https:\/\/exceladvisor.org\/pt\/pdf-em-excel\/","title":{"rendered":"Como inserir um pdf no excel?"},"content":{"rendered":"<div class=\"excel-before-content-2\" id=\"excel-2200515199\"><script type=\"text\/javascript\">\r\n\tatOptions = {\r\n\t\t'key' : 'c1158f160081d6540a8409e6925dab94',\r\n\t\t'format' : 'iframe',\r\n\t\t'height' : 250,\r\n\t\t'width' : 300,\r\n\t\t'params' : {}\r\n\t};\r\n<\/script>\r\n<script type=\"text\/javascript\" src=\"\/\/www.highperformanceformat.com\/c1158f160081d6540a8409e6925dab94\/invoke.js\"><\/script><\/div><div class=\"excel-before-content\" id=\"excel-2505456040\"><script type=\"text\/javascript\">\r\n\tatOptions = {\r\n\t\t'key' : 'c1158f160081d6540a8409e6925dab94',\r\n\t\t'format' : 'iframe',\r\n\t\t'height' : 250,\r\n\t\t'width' : 300,\r\n\t\t'params' : {}\r\n\t};\r\n<\/script>\r\n<script type=\"text\/javascript\" src=\"\/\/www.highperformanceformat.com\/c1158f160081d6540a8409e6925dab94\/invoke.js\"><\/script><\/div> <p>O Microsoft Excel pode inserir documentos PDF na planilha sem afetar o conjunto de dados. Os usu\u00e1rios podem inserir ou incorporar documentos PDF na planilha quando quiserem compartilhar e consultar esse documento PDF com a planilha.<\/p><p> Este tutorial mostrar\u00e1 como inserir rapidamente arquivos PDF em qualquer planilha.<\/p><h2 class=\"wp-block-heading\"> Insira PDF no Excel como objeto<\/h2><p> Voc\u00ea pode inserir o documento PDF como um objeto na planilha.<\/p><p> E uma vez adicionado, sempre que voc\u00ea compartilhar ou enviar este arquivo Excel para qualquer usu\u00e1rio, esse usu\u00e1rio obter\u00e1 este PDF e arquivo Excel incorporado e poder\u00e1 abrir e salvar este PDF.<\/p><ol><li> <span data-preserver-spaces=\"true\">Primeiro, abra uma pasta de trabalho onde deseja inserir o documento PDF como anexo.<\/span><\/li><li> Depois disso, v\u00e1 at\u00e9 a aba \u201cInserir\u201d e clique no \u00edcone \u201cTexto\u201d e a seguir clique na op\u00e7\u00e3o \u201cObjeto\u201d. <br><img loading=\"lazy\" decoding=\"async\" title=\"1 \u00edcone de texto na faixa de op\u00e7\u00f5es\" src=\"https:\/\/exceladvisor.org\/wp-content\/uploads\/2023\/08\/1-icone-de-texte-dans-le-ruban.png\" sizes=\"auto, \" srcset=\"\" alt=\"text-icon-in-ribbon\" width=\"652\" height=\"354\"><\/li><li> Aqui na caixa de di\u00e1logo \u201cObjeto\u201d e clique na aba \u201cCriar a partir do arquivo\u201d e depois no bot\u00e3o \u201cNavegar\u201d para escolher o arquivo PDF do seu sistema. <br><img loading=\"lazy\" decoding=\"async\" title=\"guia 2-criar a partir do arquivo\" src=\"https:\/\/exceladvisor.org\/wp-content\/uploads\/2023\/08\/2-creer-a-partir-de-longlet-fichier.png\" sizes=\"auto, \" srcset=\"\" alt=\"create-from-file-tab\" width=\"506\" height=\"439\"><\/li><li> Ap\u00f3s selecionar o arquivo, selecione a op\u00e7\u00e3o \u201cMostrar como \u00cdcone\u201d para que o arquivo seja incorporado como um objeto e clique em OK.<\/li><li> Se voc\u00ea deseja sincronizar as altera\u00e7\u00f5es no PDF incorporado, o que far\u00e1 no documento PDF original, selecione tamb\u00e9m &#8220;Vincular ao arquivo&#8221; ao mesmo tempo. <br><img loading=\"lazy\" decoding=\"async\" title=\"3-selecione mostrar como \u00edcone\" src=\"https:\/\/exceladvisor.org\/wp-content\/uploads\/2023\/08\/3-selectionner-laffichage-sous-forme-dicone.png\" sizes=\"auto, \" srcset=\"\" alt=\"select-display-as-icon\" width=\"507\" height=\"443\"><\/li><li> Depois de incorporar o PDF, voc\u00ea pode redimension\u00e1-lo para o tamanho da c\u00e9lula, passando o cursor do mouse sobre qualquer borda redonda e, em seguida, arrastando e encolhendo para caber em uma c\u00e9lula. <br><img loading=\"lazy\" decoding=\"async\" title=\"4 documentos incorporados em PDF\" src=\"https:\/\/exceladvisor.org\/wp-content\/uploads\/2023\/08\/4-documents-pdf-integres.png\" sizes=\"auto, \" srcset=\"\" alt=\"embedded-pdf-document\" width=\"373\" height=\"188\"><\/li><li> Agora, para bloquear o \u00edcone do documento PDF incorporado na c\u00e9lula, clique com o bot\u00e3o direito sobre ele e clique na op\u00e7\u00e3o \u201cFormatar Objeto\u201d. <br><img loading=\"lazy\" decoding=\"async\" title=\"5-lock-the-pdf-incorporados\" src=\"https:\/\/exceladvisor.org\/wp-content\/uploads\/2023\/08\/5-verrouiller-le-pdf-integre.png\" sizes=\"auto, \" srcset=\"\" alt=\"lock-the-embedded-pdf\" width=\"505\" height=\"308\"><\/li><li> Ao final, na caixa de di\u00e1logo \u201cFormatar objeto\u201d, v\u00e1 at\u00e9 a aba \u201cPropriedades\u201d, selecione a op\u00e7\u00e3o \u201cMover e dimensionar com c\u00e9lulas\u201d para que o \u00edcone fique bloqueado e s\u00f3 se mova dentro da c\u00e9lula, a seguir clique em OK. <br><img loading=\"lazy\" decoding=\"async\" title=\"6-selecione-mover-e-dimensionar-com-c\u00e9lulas\" src=\"https:\/\/exceladvisor.org\/wp-content\/uploads\/2023\/08\/6-selectionner-le-deplacement-et-la-taille-avec-les-cellules.png\" sizes=\"auto, \" srcset=\"\" alt=\"select-move-and-size-with-cells\" width=\"479\" height=\"459\"><\/li><\/ol><h2 class=\"wp-block-heading\"> Outras maneiras de inserir um PDF no Excel.<\/h2><ol><li> Se voc\u00ea tiver apenas um documento PDF de uma p\u00e1gina, poder\u00e1 convert\u00ea-lo em uma imagem (jpg, png) e adicion\u00e1-la <strong>ao Excel<\/strong> .<\/li><li> Se voc\u00ea possui uma tabela de dados no documento PDF e deseja inserir essa tabela de dados no Excel, converta o formato PDF para Excel usando o conversor.<\/li><\/ol><div class=\"gb-container gb-container-4db6181c gb-container-mt\"> <a class=\"gb-button gb-button-c5897111 gb-button-text gb-button-mt-button\" href=\"https:\/\/exceladvisor.org\/pt\/excel-avancado\/\">Tutoriais avan\u00e7ados de Excel<\/a><h2 class=\"gb-headline gb-headline-665e5f6b gb-headline-text gb-headline-mt-heading\"> Tutoriais relacionados <\/h2><div class=\"gb-grid-wrapper gb-grid-wrapper-a20baf7c gb-grid-wrapper-mt-grid\"><div class=\"gb-grid-column gb-grid-column-65ddf67e\"><div class=\"gb-container gb-container-65ddf67e\"><ul><li> <a href=\"https:\/\/exceladvisor.org\/pt\/ferramenta-de-camera\/\">Ferramenta C\u00e2mera Excel<\/a><\/li><li> <a href=\"https:\/\/exceladvisor.org\/pt\/busca-de-meta\/\">Localizador de metas no Excel<\/a><\/li><li> <a href=\"https:\/\/exceladvisor.org\/pt\/janela-de-observacao\/\">Janela de observa\u00e7\u00e3o no Excel<\/a><\/li><li> <a href=\"https:\/\/exceladvisor.org\/pt\/fatiador-de-excel\/\">Fatiador de Excel (guia completo)<\/a><\/li><li> <a href=\"https:\/\/exceladvisor.org\/pt\/excel-por-padrao-no-mac\/\">Tornar o Excel padr\u00e3o no Mac<\/a><\/li><\/ul><\/div><\/div><\/div><\/div>","protected":false},"excerpt":{"rendered":"","protected":false},"author":1,"featured_media":0,"parent":0,"menu_order":0,"comment_status":"open","ping_status":"closed","template":"","meta":{"ub_ctt_via":"","footnotes":""},"class_list":["post-471","page","type-page","status-publish","hentry"],"featured_image_src":null,"yoast_head":"<!-- This site is optimized with the Yoast SEO plugin v25.4 - https:\/\/yoast.com\/wordpress\/plugins\/seo\/ -->\n<title>Como inserir um PDF no Excel? (Tutorial 2023)<\/title>\n<meta name=\"description\" content=\"Este guia r\u00e1pido ir\u00e1 ajud\u00e1-lo a inserir um PDF no Excel. Discutiremos isso em etapas f\u00e1ceis de seguir.\" \/>\n<meta name=\"robots\" content=\"index, follow, max-snippet:-1, max-image-preview:large, max-video-preview:-1\" \/>\n<link rel=\"canonical\" href=\"https:\/\/exceladvisor.org\/pt\/pdf-em-excel\/\" \/>\n<meta property=\"og:locale\" content=\"pt_PT\" \/>\n<meta property=\"og:type\" content=\"article\" \/>\n<meta property=\"og:title\" content=\"Como inserir um PDF no Excel? (Tutorial 2023)\" \/>\n<meta property=\"og:description\" content=\"Este guia r\u00e1pido ir\u00e1 ajud\u00e1-lo a inserir um PDF no Excel. Discutiremos isso em etapas f\u00e1ceis de seguir.\" \/>\n<meta property=\"og:url\" content=\"https:\/\/exceladvisor.org\/pt\/pdf-em-excel\/\" \/>\n<meta property=\"og:site_name\" content=\"Excel Advisor\" \/>\n<meta property=\"article:modified_time\" content=\"2023-12-06T11:38:08+00:00\" \/>\n<meta property=\"og:image\" content=\"https:\/\/exceladvisor.org\/wp-content\/uploads\/2023\/08\/1-icone-de-texte-dans-le-ruban.png\" \/>\n<meta name=\"twitter:card\" content=\"summary_large_image\" \/>\n<meta name=\"twitter:label1\" content=\"Tempo estimado de leitura\" \/>\n\t<meta name=\"twitter:data1\" content=\"2 minutos\" \/>\n<script type=\"application\/ld+json\" class=\"yoast-schema-graph\">{\"@context\":\"https:\/\/schema.org\",\"@graph\":[{\"@type\":\"WebPage\",\"@id\":\"https:\/\/exceladvisor.org\/pt\/pdf-em-excel\/\",\"url\":\"https:\/\/exceladvisor.org\/pt\/pdf-em-excel\/\",\"name\":\"Como inserir um PDF no Excel? (Tutorial 2023)\",\"isPartOf\":{\"@id\":\"https:\/\/exceladvisor.org\/pt\/#website\"},\"primaryImageOfPage\":{\"@id\":\"https:\/\/exceladvisor.org\/pt\/pdf-em-excel\/#primaryimage\"},\"image\":{\"@id\":\"https:\/\/exceladvisor.org\/pt\/pdf-em-excel\/#primaryimage\"},\"thumbnailUrl\":\"https:\/\/exceladvisor.org\/wp-content\/uploads\/2023\/08\/1-icone-de-texte-dans-le-ruban.png\",\"datePublished\":\"2023-10-27T00:10:45+00:00\",\"dateModified\":\"2023-12-06T11:38:08+00:00\",\"description\":\"Este guia r\u00e1pido ir\u00e1 ajud\u00e1-lo a inserir um PDF no Excel. Discutiremos isso em etapas f\u00e1ceis de seguir.\",\"breadcrumb\":{\"@id\":\"https:\/\/exceladvisor.org\/pt\/pdf-em-excel\/#breadcrumb\"},\"inLanguage\":\"pt-PT\",\"potentialAction\":[{\"@type\":\"ReadAction\",\"target\":[\"https:\/\/exceladvisor.org\/pt\/pdf-em-excel\/\"]}]},{\"@type\":\"ImageObject\",\"inLanguage\":\"pt-PT\",\"@id\":\"https:\/\/exceladvisor.org\/pt\/pdf-em-excel\/#primaryimage\",\"url\":\"https:\/\/exceladvisor.org\/wp-content\/uploads\/2023\/08\/1-icone-de-texte-dans-le-ruban.png\",\"contentUrl\":\"https:\/\/exceladvisor.org\/wp-content\/uploads\/2023\/08\/1-icone-de-texte-dans-le-ruban.png\"},{\"@type\":\"BreadcrumbList\",\"@id\":\"https:\/\/exceladvisor.org\/pt\/pdf-em-excel\/#breadcrumb\",\"itemListElement\":[{\"@type\":\"ListItem\",\"position\":1,\"name\":\"Lar\",\"item\":\"https:\/\/exceladvisor.org\/pt\/\"},{\"@type\":\"ListItem\",\"position\":2,\"name\":\"Como inserir um pdf no excel?\"}]},{\"@type\":\"WebSite\",\"@id\":\"https:\/\/exceladvisor.org\/pt\/#website\",\"url\":\"https:\/\/exceladvisor.org\/pt\/\",\"name\":\"Excel Advisor\",\"description\":\"O seu guia definitivo para dominar os dados!\",\"publisher\":{\"@id\":\"https:\/\/exceladvisor.org\/pt\/#organization\"},\"potentialAction\":[{\"@type\":\"SearchAction\",\"target\":{\"@type\":\"EntryPoint\",\"urlTemplate\":\"https:\/\/exceladvisor.org\/pt\/?s={search_term_string}\"},\"query-input\":{\"@type\":\"PropertyValueSpecification\",\"valueRequired\":true,\"valueName\":\"search_term_string\"}}],\"inLanguage\":\"pt-PT\"},{\"@type\":\"Organization\",\"@id\":\"https:\/\/exceladvisor.org\/pt\/#organization\",\"name\":\"Excel Advisor\",\"url\":\"https:\/\/exceladvisor.org\/pt\/\",\"logo\":{\"@type\":\"ImageObject\",\"inLanguage\":\"pt-PT\",\"@id\":\"https:\/\/exceladvisor.org\/pt\/#\/schema\/logo\/image\/\",\"url\":\"https:\/\/exceladvisor.org\/pt\/wp-content\/uploads\/2023\/12\/exceladvisor.org_.png\",\"contentUrl\":\"https:\/\/exceladvisor.org\/pt\/wp-content\/uploads\/2023\/12\/exceladvisor.org_.png\",\"width\":105,\"height\":36,\"caption\":\"Excel Advisor\"},\"image\":{\"@id\":\"https:\/\/exceladvisor.org\/pt\/#\/schema\/logo\/image\/\"}}]}<\/script>\n<!-- \/ Yoast SEO plugin. -->","yoast_head_json":{"title":"Como inserir um PDF no Excel? (Tutorial 2023)","description":"Este guia r\u00e1pido ir\u00e1 ajud\u00e1-lo a inserir um PDF no Excel. Discutiremos isso em etapas f\u00e1ceis de seguir.","robots":{"index":"index","follow":"follow","max-snippet":"max-snippet:-1","max-image-preview":"max-image-preview:large","max-video-preview":"max-video-preview:-1"},"canonical":"https:\/\/exceladvisor.org\/pt\/pdf-em-excel\/","og_locale":"pt_PT","og_type":"article","og_title":"Como inserir um PDF no Excel? (Tutorial 2023)","og_description":"Este guia r\u00e1pido ir\u00e1 ajud\u00e1-lo a inserir um PDF no Excel. Discutiremos isso em etapas f\u00e1ceis de seguir.","og_url":"https:\/\/exceladvisor.org\/pt\/pdf-em-excel\/","og_site_name":"Excel Advisor","article_modified_time":"2023-12-06T11:38:08+00:00","og_image":[{"url":"https:\/\/exceladvisor.org\/wp-content\/uploads\/2023\/08\/1-icone-de-texte-dans-le-ruban.png","type":"","width":"","height":""}],"twitter_card":"summary_large_image","twitter_misc":{"Tempo estimado de leitura":"2 minutos"},"schema":{"@context":"https:\/\/schema.org","@graph":[{"@type":"WebPage","@id":"https:\/\/exceladvisor.org\/pt\/pdf-em-excel\/","url":"https:\/\/exceladvisor.org\/pt\/pdf-em-excel\/","name":"Como inserir um PDF no Excel? (Tutorial 2023)","isPartOf":{"@id":"https:\/\/exceladvisor.org\/pt\/#website"},"primaryImageOfPage":{"@id":"https:\/\/exceladvisor.org\/pt\/pdf-em-excel\/#primaryimage"},"image":{"@id":"https:\/\/exceladvisor.org\/pt\/pdf-em-excel\/#primaryimage"},"thumbnailUrl":"https:\/\/exceladvisor.org\/wp-content\/uploads\/2023\/08\/1-icone-de-texte-dans-le-ruban.png","datePublished":"2023-10-27T00:10:45+00:00","dateModified":"2023-12-06T11:38:08+00:00","description":"Este guia r\u00e1pido ir\u00e1 ajud\u00e1-lo a inserir um PDF no Excel. Discutiremos isso em etapas f\u00e1ceis de seguir.","breadcrumb":{"@id":"https:\/\/exceladvisor.org\/pt\/pdf-em-excel\/#breadcrumb"},"inLanguage":"pt-PT","potentialAction":[{"@type":"ReadAction","target":["https:\/\/exceladvisor.org\/pt\/pdf-em-excel\/"]}]},{"@type":"ImageObject","inLanguage":"pt-PT","@id":"https:\/\/exceladvisor.org\/pt\/pdf-em-excel\/#primaryimage","url":"https:\/\/exceladvisor.org\/wp-content\/uploads\/2023\/08\/1-icone-de-texte-dans-le-ruban.png","contentUrl":"https:\/\/exceladvisor.org\/wp-content\/uploads\/2023\/08\/1-icone-de-texte-dans-le-ruban.png"},{"@type":"BreadcrumbList","@id":"https:\/\/exceladvisor.org\/pt\/pdf-em-excel\/#breadcrumb","itemListElement":[{"@type":"ListItem","position":1,"name":"Lar","item":"https:\/\/exceladvisor.org\/pt\/"},{"@type":"ListItem","position":2,"name":"Como inserir um pdf no excel?"}]},{"@type":"WebSite","@id":"https:\/\/exceladvisor.org\/pt\/#website","url":"https:\/\/exceladvisor.org\/pt\/","name":"Excel Advisor","description":"O seu guia definitivo para dominar os dados!","publisher":{"@id":"https:\/\/exceladvisor.org\/pt\/#organization"},"potentialAction":[{"@type":"SearchAction","target":{"@type":"EntryPoint","urlTemplate":"https:\/\/exceladvisor.org\/pt\/?s={search_term_string}"},"query-input":{"@type":"PropertyValueSpecification","valueRequired":true,"valueName":"search_term_string"}}],"inLanguage":"pt-PT"},{"@type":"Organization","@id":"https:\/\/exceladvisor.org\/pt\/#organization","name":"Excel Advisor","url":"https:\/\/exceladvisor.org\/pt\/","logo":{"@type":"ImageObject","inLanguage":"pt-PT","@id":"https:\/\/exceladvisor.org\/pt\/#\/schema\/logo\/image\/","url":"https:\/\/exceladvisor.org\/pt\/wp-content\/uploads\/2023\/12\/exceladvisor.org_.png","contentUrl":"https:\/\/exceladvisor.org\/pt\/wp-content\/uploads\/2023\/12\/exceladvisor.org_.png","width":105,"height":36,"caption":"Excel Advisor"},"image":{"@id":"https:\/\/exceladvisor.org\/pt\/#\/schema\/logo\/image\/"}}]}},"yoast_meta":{"yoast_wpseo_title":"","yoast_wpseo_metadesc":"","yoast_wpseo_canonical":""},"_links":{"self":[{"href":"https:\/\/exceladvisor.org\/pt\/wp-json\/wp\/v2\/pages\/471","targetHints":{"allow":["GET"]}}],"collection":[{"href":"https:\/\/exceladvisor.org\/pt\/wp-json\/wp\/v2\/pages"}],"about":[{"href":"https:\/\/exceladvisor.org\/pt\/wp-json\/wp\/v2\/types\/page"}],"author":[{"embeddable":true,"href":"https:\/\/exceladvisor.org\/pt\/wp-json\/wp\/v2\/users\/1"}],"replies":[{"embeddable":true,"href":"https:\/\/exceladvisor.org\/pt\/wp-json\/wp\/v2\/comments?post=471"}],"version-history":[{"count":1,"href":"https:\/\/exceladvisor.org\/pt\/wp-json\/wp\/v2\/pages\/471\/revisions"}],"predecessor-version":[{"id":1099,"href":"https:\/\/exceladvisor.org\/pt\/wp-json\/wp\/v2\/pages\/471\/revisions\/1099"}],"wp:attachment":[{"href":"https:\/\/exceladvisor.org\/pt\/wp-json\/wp\/v2\/media?parent=471"}],"curies":[{"name":"wp","href":"https:\/\/api.w.org\/{rel}","templated":true}]}}