{"id":472,"date":"2023-10-26T16:23:45","date_gmt":"2023-10-26T16:23:45","guid":{"rendered":"https:\/\/exceladvisor.org\/pt\/diagrama-de-piramide\/"},"modified":"2023-12-06T11:36:48","modified_gmt":"2023-12-06T11:36:48","slug":"diagrama-de-piramide","status":"publish","type":"page","link":"https:\/\/exceladvisor.org\/pt\/diagrama-de-piramide\/","title":{"rendered":"Como criar um gr\u00e1fico de pir\u00e2mide populacional no excel?"},"content":{"rendered":"<div class=\"excel-before-content-2\" id=\"excel-917730132\"><script type=\"text\/javascript\">\r\n\tatOptions = {\r\n\t\t'key' : 'c1158f160081d6540a8409e6925dab94',\r\n\t\t'format' : 'iframe',\r\n\t\t'height' : 250,\r\n\t\t'width' : 300,\r\n\t\t'params' : {}\r\n\t};\r\n<\/script>\r\n<script type=\"text\/javascript\" src=\"\/\/www.highperformanceformat.com\/c1158f160081d6540a8409e6925dab94\/invoke.js\"><\/script><\/div><div class=\"excel-before-content\" id=\"excel-2862757128\"><script type=\"text\/javascript\">\r\n\tatOptions = {\r\n\t\t'key' : 'c1158f160081d6540a8409e6925dab94',\r\n\t\t'format' : 'iframe',\r\n\t\t'height' : 250,\r\n\t\t'width' : 300,\r\n\t\t'params' : {}\r\n\t};\r\n<\/script>\r\n<script type=\"text\/javascript\" src=\"\/\/www.highperformanceformat.com\/c1158f160081d6540a8409e6925dab94\/invoke.js\"><\/script><\/div> <p>Um gr\u00e1fico de pir\u00e2mide populacional \u00e9 um gr\u00e1fico espec\u00edfico que nos ajuda a apresentar e analisar a popula\u00e7\u00e3o de ambos os sexos por meio de faixas et\u00e1rias.<\/p><blockquote class=\"wp-block-quote\"><p> Uma pir\u00e2mide populacional, tamb\u00e9m chamada de pir\u00e2mide populacional ou imagem et\u00e1ria, \u00e9 uma ilustra\u00e7\u00e3o gr\u00e1fica que mostra a distribui\u00e7\u00e3o de diferentes faixas et\u00e1rias em uma popula\u00e7\u00e3o, que forma uma pir\u00e2mide \u00e0 medida que a popula\u00e7\u00e3o aumenta. No Excel, podemos criar um gr\u00e1fico de pir\u00e2mide populacional usando um gr\u00e1fico de barras, como abaixo.<\/p> <cite>Wikip\u00e9dia<\/cite> <\/blockquote><div class=\"wp-block-image\"><figure class=\"aligncenter\"><img decoding=\"async\" src=\"https:\/\/exceladvisor.org\/wp-content\/uploads\/2023\/08\/creer-un-graphique-pyramidal-des-ages-dans-Excel-de-differentes-manieres-1.gif\" sizes=\"\" srcset=\"\" alt=\"crie um gr\u00e1fico de pir\u00e2mide et\u00e1ria no Excel de diferentes maneiras\"><\/figure><\/div><p> Insira um gr\u00e1fico de barras, fa\u00e7a uma pequena personaliza\u00e7\u00e3o e pronto.<\/p><p> Mas aqui est\u00e1 a reviravolta. Descobri que al\u00e9m deste m\u00e9todo tradicional, tamb\u00e9m podemos usar dois m\u00e9todos diferentes. E hoje, neste artigo, gostaria de compartilhar esses tr\u00eas m\u00e9todos [etapas exatas] com voc\u00ea. Ent\u00e3o vamos come\u00e7ar.<\/p><h2 class=\"wp-block-heading\"> Etapas simples para criar um gr\u00e1fico de pir\u00e2mide populacional usando um gr\u00e1fico de barras<\/h2><p> Antes de criar este gr\u00e1fico, precisamos preparar os dados. Na mesa com a popula\u00e7\u00e3o total, a popula\u00e7\u00e3o feminina em valores negativos e a popula\u00e7\u00e3o masculina em valores positivos. <\/p><div class=\"wp-block-image\"><figure class=\"aligncenter\"><img decoding=\"async\" src=\"https:\/\/exceladvisor.org\/wp-content\/uploads\/2023\/08\/tableau-de-donnees-pour-creer-un-diagramme-de-pyramide-des-ages-dans-excel-min-1.png\" sizes=\"\" srcset=\"\" alt=\"tabela de dados para criar um gr\u00e1fico de pir\u00e2mide populacional no Excel\"><\/figure><\/div><p class=\"qt-tip\"> <strong><span style=\"color: #000000; background-color: #ffff00;\">Nota:<\/span><\/strong> Uma coluna para a popula\u00e7\u00e3o total n\u00e3o \u00e9 obrigat\u00f3ria, mas certifique-se de que tem uma popula\u00e7\u00e3o feminina negativa.<\/p><ol><li> <strong>Primeiro<\/strong> precisamos inserir um gr\u00e1fico de barras. Para isso, selecione as colunas de dados faixa et\u00e1ria, feminino e masculino e insira um gr\u00e1fico de barras na aba Inserir \u279c Gr\u00e1ficos \u279c Barra 2D \u279c Barra Agrupada.<\/li><li> Agora temos um gr\u00e1fico como o abaixo e precisamos personaliz\u00e1-lo para criar uma pir\u00e2mide populacional. <br><img decoding=\"async\" title=\"inserir gr\u00e1fico de barras para criar gr\u00e1fico de pir\u00e2mide populacional no Excel-min\" src=\"https:\/\/exceladvisor.org\/wp-content\/uploads\/2023\/08\/inserer-un-graphique-a-barres-pour-creer-un-graphique-en-pyramide-des-ages-dans-Excel-min-1.png\" sizes=\"\" srcset=\"\" alt=\"insert a bar chart to create a population pyramid chart in excel\"><\/li><li> A partir daqui precisamos criar um eixo vertical na ordem inversa e a partir da\u00ed ir para Formatar Eixo \u279c Op\u00e7\u00f5es do Eixo \u279c Posi\u00e7\u00e3o do Eixo \u279c marcar \u201cCategoria em Ordem Inversa\u201d. <br><img decoding=\"async\" title=\"aplicar ordem reversa para criar um gr\u00e1fico de pir\u00e2mide populacional no Excel-min\" src=\"https:\/\/exceladvisor.org\/wp-content\/uploads\/2023\/08\/appliquer-lordre-inverse-pour-creer-un-graphique-de-pyramide-des-ages-dans-Excel-min-1.png\" sizes=\"\" srcset=\"\" alt=\"apply reverse order to create a population pyramid chart in excel\"><\/li><li> Depois disso, v\u00e1 para Format Axis \u279c Axis Options \u279c Labels \u279c altere a posi\u00e7\u00e3o do r\u00f3tulo para \u201cLow\u201d. <br><img decoding=\"async\" title=\"alterar a tabela para criar um gr\u00e1fico de pir\u00e2mide populacional no Excel\" src=\"https:\/\/exceladvisor.org\/wp-content\/uploads\/2023\/08\/changer-letiquette-pour-creer-un-graphique-pyramidal-des-ages-dans-Excel-1.png\" sizes=\"\" srcset=\"\" alt=\"change label to create a population pyramid chart in excel\"><\/li><li> Em seguida, precisamos alterar a sobreposi\u00e7\u00e3o da s\u00e9rie para 100% e a largura do intervalo para 0%. Para fazer isso, v\u00e1 para Formatar eixo \u279c Op\u00e7\u00e3o de s\u00e9rie. <br><img decoding=\"async\" title=\"alterar a largura para criar um gr\u00e1fico de pir\u00e2mide populacional no Excel-min\" src=\"https:\/\/exceladvisor.org\/wp-content\/uploads\/2023\/08\/modifier-la-largeur-pour-creer-un-graphique-pyramidal-des-ages-dans-Excel-min-1.png\" sizes=\"\" srcset=\"\" alt=\"change width to create a population pyramid chart in excel\"><\/li><li> Em \u00faltima an\u00e1lise, precisamos converter os r\u00f3tulos de dados negativos da barra de dados feminina em positivos. Para isso, selecione os r\u00f3tulos de dados e v\u00e1 em Formatar r\u00f3tulos de dados \u279c Op\u00e7\u00f5es de r\u00f3tulo \u279c Selecione N\u00famero personalizado da categoria e adicione no formato \u201c#,##0,00;#,##0,00\u201d. <br><img decoding=\"async\" title=\"formatar r\u00f3tulo de dados como n\u00fameros positivos no gr\u00e1fico de pir\u00e2mide populacional do Excel\" src=\"https:\/\/exceladvisor.org\/wp-content\/uploads\/2023\/08\/formater-letiquette-de-donnees-sous-forme-de-nombres-positifs-dans-le-graphique-de-la-pyramide-des-ages-Excel-1.png\" sizes=\"\" srcset=\"\" alt=\"format data label as positive numbers in excel population pyramid chart\"><\/li><\/ol><p> <strong><span style=\"color: #000000; background-color: #ffff00;\">Parab\u00e9ns!<\/span><\/strong> Nosso gr\u00e1fico de pir\u00e2mide est\u00e1 pronto para arrasar. <\/p><div class=\"wp-block-image\"><figure class=\"aligncenter\"><img decoding=\"async\" src=\"https:\/\/exceladvisor.org\/wp-content\/uploads\/2023\/08\/diagramme-de-pyramide-des-ages-pret-a-lemploi-dans-excel-min-1.png\" sizes=\"\" srcset=\"\" alt=\"diagrama de pir\u00e2mide et\u00e1ria pronto para usar no Excel\"><\/figure><\/div><h2 class=\"wp-block-heading\"> Use a formata\u00e7\u00e3o condicional para criar simplesmente um gr\u00e1fico de pir\u00e2mide no Excel<\/h2><p> Tamb\u00e9m podemos criar um gr\u00e1fico de pir\u00e2mide usando formata\u00e7\u00e3o condicional e aqui est\u00e3o as etapas a seguir.<\/p><ol><li> Primeiramente, crie uma tabela com dados da popula\u00e7\u00e3o masculina e feminina por faixas et\u00e1rias. <br><img decoding=\"async\" title=\"tabela de dados para criar um gr\u00e1fico de pir\u00e2mide populacional no Excel com formata\u00e7\u00e3o condicional\" src=\"https:\/\/exceladvisor.org\/wp-content\/uploads\/2023\/08\/tableau-de-donnees-pour-creer-un-graphique-en-pyramide-des-ages-dans-Excel-avec-mise-en-forme-conditionnelle.png\" sizes=\"\" srcset=\"\" alt=\"data table to create a population pyramid chart in excel with conditional formatting\"><\/li><li> Em seguida, selecione uma \u00fanica coluna masculina ou feminina e aplique barras de dados de formata\u00e7\u00e3o condicional na guia In\u00edcio \u279c Estilos \u279c Barras de dados \u279c Mais regras.<\/li><li> Depois disso, na nova caixa de di\u00e1logo de formata\u00e7\u00e3o, marque a caixa \u201cMostrar apenas barra\u201d, adicione uma borda s\u00f3lida e mude a dire\u00e7\u00e3o da barra (as barras feminina e masculina devem estar na dire\u00e7\u00e3o oposta). <br><img decoding=\"async\" title=\"mostrar barras apenas para criar um gr\u00e1fico de pir\u00e2mide populacional no Excel com formata\u00e7\u00e3o condicional\" src=\"https:\/\/exceladvisor.org\/wp-content\/uploads\/2023\/08\/afficher-les-barres-uniquement-pour-creer-un-graphique-en-pyramide-des-ages-dans-Excel-avec-une-mise-en-forme-conditionnelle.png\" sizes=\"\" srcset=\"\" alt=\"show bars only to create a population pyramid chart in excel with conditional formatting\"><\/li><li> Agora selecione a segunda coluna de dados e adicione barras de dados a ela da mesma maneira, e voc\u00ea obter\u00e1 um gr\u00e1fico de pir\u00e2mide como abaixo. <br><img decoding=\"async\" title=\"tabela de pir\u00e2mide populacional simples no Excel com formata\u00e7\u00e3o condicional\" src=\"https:\/\/exceladvisor.org\/wp-content\/uploads\/2023\/08\/graphique-de-pyramide-des-ages-simple-dans-excel-avec-mise-en-forme-conditionnelle-1.png\" sizes=\"\" srcset=\"\" alt=\"simple population pyramid chart in excel with conditional formatting\"><\/li><li> No final, para dar um toque final, adicione duas colunas em ambos os lados do gr\u00e1fico para adicionar r\u00f3tulos de dados.<\/li><\/ol><p> <strong><span style=\"color: #000000; background-color: #ffff00;\">Estrondo!<\/span><\/strong> Nossa mesa est\u00e1 pronta. <\/p><div class=\"wp-block-image\"><figure class=\"aligncenter\"><img decoding=\"async\" src=\"https:\/\/exceladvisor.org\/wp-content\/uploads\/2023\/08\/graphique-pyramidal-des-ages-final-dans-excel-avec-mise-en-forme-conditionnelle-1.png\" sizes=\"\" srcset=\"\" alt=\"gr\u00e1fico de pir\u00e2mide de idade final no Excel com formata\u00e7\u00e3o condicional\"><\/figure><\/div><h2 class=\"wp-block-heading\"> Crie um gr\u00e1fico de pir\u00e2mide populacional em uma c\u00e9lula do Excel<\/h2><p> Sou um grande f\u00e3 do REPT e o melhor \u00e9 que voc\u00ea pode us\u00e1-lo para criar uma pir\u00e2mide populacional simples.<\/p><ol><li> Primeiro, crie uma tabela como abaixo. <br><img decoding=\"async\" title=\"tabela de dados para usar para criar um gr\u00e1fico de pir\u00e2mide populacional no Excel usando a fun\u00e7\u00e3o rept\" src=\"https:\/\/exceladvisor.org\/wp-content\/uploads\/2023\/08\/table-de-donnees-a-utiliser-pour-creer-un-graphique-pyramidal-des-ages-dans-Excel-a-laide-de-la-fonction-rept-1.png\" sizes=\"\" srcset=\"\" alt=\"data table to use to create population pyramid chart in excel using rept function\"><\/li><li> Agora adicione a f\u00f3rmula abaixo nas colunas feminina e masculina e arraste-a para baixo.<pre> Female Column: =IFERROR(REPT(\u201c|\u201d,C5*4),\u201d\u201d)<\/pre><pre> Male Column: =IFERROR(REPT(\u201c|\u201d,F5*4),\u201d\u201d)<\/pre><\/li><li> Depois disso, mude o estilo da fonte para Playbill (Tamanho da Fonte \u2013 10) ou voc\u00ea tamb\u00e9m pode usar Stencil (Tamanho da Fonte \u2013 10).<\/li><li> Ao final, altere a cor da fonte de ambas as colunas e alinhe a coluna feminina \u00e0 direita e a coluna masculina \u00e0 esquerda.<\/li><\/ol><p> O tabuleiro est\u00e1 pronto. <\/p><div class=\"wp-block-image\"><figure class=\"aligncenter\"><img decoding=\"async\" src=\"https:\/\/exceladvisor.org\/wp-content\/uploads\/2023\/08\/diagramme-de-pyramide-des-ages-simple-dans-excel-utilisant-la-fonction-rept-1.png\" sizes=\"\" srcset=\"\" alt=\"gr\u00e1fico de pir\u00e2mide populacional simples no Excel usando fun\u00e7\u00e3o rept\"><\/figure><\/div><h2 class=\"wp-block-heading\"> Arquivo de exemplo<\/h2><p> <a href=\"https:\/\/exceladvisor.org\/wp-content\/uploads\/2023\/08\/diagramme-pyramidal-2.zip\" rel=\"nofollow\">Baixe este arquivo de amostra aqui<\/a><\/p><h2 class=\"wp-block-heading\"> Conclus\u00e3o<\/h2><p> Voc\u00ea pode estar se perguntando se um gr\u00e1fico de pir\u00e2mide serve apenas para dados demogr\u00e1ficos, mas a verdade \u00e9 que voc\u00ea pode us\u00e1-lo para todos os tipos de dados.<\/p><p> Sempre que voc\u00ea precisar comparar diferentes pontos de dados para dois per\u00edodos diferentes, \u00e9 melhor usar um gr\u00e1fico de pir\u00e2mide, por exemplo, dados de vendas de produtos diferentes durante dois anos.<\/p><p> Esta \u00e9 uma das minhas listas de <a style=\"outline: none;\" href=\"https:\/\/exceladvisor.org\/pt\/graficos-avancados\/\">tabelas e gr\u00e1ficos avan\u00e7ados do Excel<\/a> . Espero que voc\u00ea tenha achado esta dica \u00fatil, mas me diga uma coisa.<\/p><p> <strong>Voc\u00ea j\u00e1 usou um gr\u00e1fico de pir\u00e2mide?<\/strong> Ou voc\u00ea tem outra maneira de cri\u00e1-lo?<\/p><p> Compartilhe suas id\u00e9ias comigo na se\u00e7\u00e3o de coment\u00e1rios, eu adoraria ouvir de voc\u00ea. E n\u00e3o esque\u00e7a de compartilhar essa dica com seus amigos.<\/p><div class=\"gb-container gb-container-a61970aa gb-container-mt\"> <a class=\"gb-button gb-button-b4293c6c gb-button-text gb-button-mt-button\" href=\"https:\/\/exceladvisor.org\/pt\/graficos-do-excel\/\">Tipos de gr\u00e1ficos do Excel<\/a><h2 class=\"gb-headline gb-headline-5bf2e581 gb-headline-text gb-headline-mt-heading\"> Tutoriais relacionados <\/h2><div class=\"gb-grid-wrapper gb-grid-wrapper-9b70abf1 gb-grid-wrapper-mt-grid\"><div class=\"gb-grid-column gb-grid-column-97a95c29\"><div class=\"gb-container gb-container-97a95c29\"><ul><li> <a href=\"https:\/\/exceladvisor.org\/pt\/grafico-de-waffle\/\">PLACA GRAVADA<\/a><\/li><li> <a href=\"https:\/\/exceladvisor.org\/pt\/grafico-de-funil\/\">Gr\u00e1fico de funil<\/a><\/li><li> <a href=\"https:\/\/exceladvisor.org\/pt\/grafico-de-gantt\/\">gr\u00e1fico de Gantt<\/a><\/li><li> <a href=\"https:\/\/exceladvisor.org\/pt\/quadro-de-marcadores\/\">Gr\u00e1fico com marcadores<\/a><\/li><li> <a href=\"https:\/\/exceladvisor.org\/pt\/mapa-de-calor\/\">Mapa de calor<\/a><\/li><\/ul><\/div><\/div><\/div><\/div>","protected":false},"excerpt":{"rendered":"","protected":false},"author":1,"featured_media":0,"parent":0,"menu_order":0,"comment_status":"open","ping_status":"closed","template":"","meta":{"ub_ctt_via":"","footnotes":""},"class_list":["post-472","page","type-page","status-publish","hentry"],"featured_image_src":null,"yoast_head":"<!-- This site is optimized with the Yoast SEO plugin v25.4 - https:\/\/yoast.com\/wordpress\/plugins\/seo\/ -->\n<title>Como criar um gr\u00e1fico de pir\u00e2mide populacional no Excel?<\/title>\n<meta name=\"description\" content=\"Neste tutorial, aprenderemos como criar um gr\u00e1fico de pir\u00e2mide populacional no Excel em 8 etapas simples.\" \/>\n<meta name=\"robots\" content=\"index, follow, max-snippet:-1, max-image-preview:large, max-video-preview:-1\" \/>\n<link rel=\"canonical\" href=\"https:\/\/exceladvisor.org\/pt\/diagrama-de-piramide\/\" \/>\n<meta property=\"og:locale\" content=\"pt_PT\" \/>\n<meta property=\"og:type\" content=\"article\" \/>\n<meta property=\"og:title\" content=\"Como criar um gr\u00e1fico de pir\u00e2mide populacional no Excel?\" \/>\n<meta property=\"og:description\" content=\"Neste tutorial, aprenderemos como criar um gr\u00e1fico de pir\u00e2mide populacional no Excel em 8 etapas simples.\" \/>\n<meta property=\"og:url\" content=\"https:\/\/exceladvisor.org\/pt\/diagrama-de-piramide\/\" \/>\n<meta property=\"og:site_name\" content=\"Excel Advisor\" \/>\n<meta property=\"article:modified_time\" content=\"2023-12-06T11:36:48+00:00\" \/>\n<meta property=\"og:image\" content=\"https:\/\/exceladvisor.org\/wp-content\/uploads\/2023\/08\/creer-un-graphique-pyramidal-des-ages-dans-Excel-de-differentes-manieres-1.gif\" \/>\n<meta name=\"twitter:card\" content=\"summary_large_image\" \/>\n<meta name=\"twitter:label1\" content=\"Tempo estimado de leitura\" \/>\n\t<meta name=\"twitter:data1\" content=\"4 minutos\" \/>\n<script type=\"application\/ld+json\" class=\"yoast-schema-graph\">{\"@context\":\"https:\/\/schema.org\",\"@graph\":[{\"@type\":\"WebPage\",\"@id\":\"https:\/\/exceladvisor.org\/pt\/diagrama-de-piramide\/\",\"url\":\"https:\/\/exceladvisor.org\/pt\/diagrama-de-piramide\/\",\"name\":\"Como criar um gr\u00e1fico de pir\u00e2mide populacional no Excel?\",\"isPartOf\":{\"@id\":\"https:\/\/exceladvisor.org\/pt\/#website\"},\"primaryImageOfPage\":{\"@id\":\"https:\/\/exceladvisor.org\/pt\/diagrama-de-piramide\/#primaryimage\"},\"image\":{\"@id\":\"https:\/\/exceladvisor.org\/pt\/diagrama-de-piramide\/#primaryimage\"},\"thumbnailUrl\":\"https:\/\/exceladvisor.org\/wp-content\/uploads\/2023\/08\/creer-un-graphique-pyramidal-des-ages-dans-Excel-de-differentes-manieres-1.gif\",\"datePublished\":\"2023-10-26T16:23:45+00:00\",\"dateModified\":\"2023-12-06T11:36:48+00:00\",\"description\":\"Neste tutorial, aprenderemos como criar um gr\u00e1fico de pir\u00e2mide populacional no Excel em 8 etapas simples.\",\"breadcrumb\":{\"@id\":\"https:\/\/exceladvisor.org\/pt\/diagrama-de-piramide\/#breadcrumb\"},\"inLanguage\":\"pt-PT\",\"potentialAction\":[{\"@type\":\"ReadAction\",\"target\":[\"https:\/\/exceladvisor.org\/pt\/diagrama-de-piramide\/\"]}]},{\"@type\":\"ImageObject\",\"inLanguage\":\"pt-PT\",\"@id\":\"https:\/\/exceladvisor.org\/pt\/diagrama-de-piramide\/#primaryimage\",\"url\":\"https:\/\/exceladvisor.org\/wp-content\/uploads\/2023\/08\/creer-un-graphique-pyramidal-des-ages-dans-Excel-de-differentes-manieres-1.gif\",\"contentUrl\":\"https:\/\/exceladvisor.org\/wp-content\/uploads\/2023\/08\/creer-un-graphique-pyramidal-des-ages-dans-Excel-de-differentes-manieres-1.gif\"},{\"@type\":\"BreadcrumbList\",\"@id\":\"https:\/\/exceladvisor.org\/pt\/diagrama-de-piramide\/#breadcrumb\",\"itemListElement\":[{\"@type\":\"ListItem\",\"position\":1,\"name\":\"Lar\",\"item\":\"https:\/\/exceladvisor.org\/pt\/\"},{\"@type\":\"ListItem\",\"position\":2,\"name\":\"Como criar um gr\u00e1fico de pir\u00e2mide populacional no excel?\"}]},{\"@type\":\"WebSite\",\"@id\":\"https:\/\/exceladvisor.org\/pt\/#website\",\"url\":\"https:\/\/exceladvisor.org\/pt\/\",\"name\":\"Excel Advisor\",\"description\":\"O seu guia definitivo para dominar os dados!\",\"publisher\":{\"@id\":\"https:\/\/exceladvisor.org\/pt\/#organization\"},\"potentialAction\":[{\"@type\":\"SearchAction\",\"target\":{\"@type\":\"EntryPoint\",\"urlTemplate\":\"https:\/\/exceladvisor.org\/pt\/?s={search_term_string}\"},\"query-input\":{\"@type\":\"PropertyValueSpecification\",\"valueRequired\":true,\"valueName\":\"search_term_string\"}}],\"inLanguage\":\"pt-PT\"},{\"@type\":\"Organization\",\"@id\":\"https:\/\/exceladvisor.org\/pt\/#organization\",\"name\":\"Excel Advisor\",\"url\":\"https:\/\/exceladvisor.org\/pt\/\",\"logo\":{\"@type\":\"ImageObject\",\"inLanguage\":\"pt-PT\",\"@id\":\"https:\/\/exceladvisor.org\/pt\/#\/schema\/logo\/image\/\",\"url\":\"https:\/\/exceladvisor.org\/pt\/wp-content\/uploads\/2023\/12\/exceladvisor.org_.png\",\"contentUrl\":\"https:\/\/exceladvisor.org\/pt\/wp-content\/uploads\/2023\/12\/exceladvisor.org_.png\",\"width\":105,\"height\":36,\"caption\":\"Excel Advisor\"},\"image\":{\"@id\":\"https:\/\/exceladvisor.org\/pt\/#\/schema\/logo\/image\/\"}}]}<\/script>\n<!-- \/ Yoast SEO plugin. -->","yoast_head_json":{"title":"Como criar um gr\u00e1fico de pir\u00e2mide populacional no Excel?","description":"Neste tutorial, aprenderemos como criar um gr\u00e1fico de pir\u00e2mide populacional no Excel em 8 etapas simples.","robots":{"index":"index","follow":"follow","max-snippet":"max-snippet:-1","max-image-preview":"max-image-preview:large","max-video-preview":"max-video-preview:-1"},"canonical":"https:\/\/exceladvisor.org\/pt\/diagrama-de-piramide\/","og_locale":"pt_PT","og_type":"article","og_title":"Como criar um gr\u00e1fico de pir\u00e2mide populacional no Excel?","og_description":"Neste tutorial, aprenderemos como criar um gr\u00e1fico de pir\u00e2mide populacional no Excel em 8 etapas simples.","og_url":"https:\/\/exceladvisor.org\/pt\/diagrama-de-piramide\/","og_site_name":"Excel Advisor","article_modified_time":"2023-12-06T11:36:48+00:00","og_image":[{"url":"https:\/\/exceladvisor.org\/wp-content\/uploads\/2023\/08\/creer-un-graphique-pyramidal-des-ages-dans-Excel-de-differentes-manieres-1.gif","type":"","width":"","height":""}],"twitter_card":"summary_large_image","twitter_misc":{"Tempo estimado de leitura":"4 minutos"},"schema":{"@context":"https:\/\/schema.org","@graph":[{"@type":"WebPage","@id":"https:\/\/exceladvisor.org\/pt\/diagrama-de-piramide\/","url":"https:\/\/exceladvisor.org\/pt\/diagrama-de-piramide\/","name":"Como criar um gr\u00e1fico de pir\u00e2mide populacional no Excel?","isPartOf":{"@id":"https:\/\/exceladvisor.org\/pt\/#website"},"primaryImageOfPage":{"@id":"https:\/\/exceladvisor.org\/pt\/diagrama-de-piramide\/#primaryimage"},"image":{"@id":"https:\/\/exceladvisor.org\/pt\/diagrama-de-piramide\/#primaryimage"},"thumbnailUrl":"https:\/\/exceladvisor.org\/wp-content\/uploads\/2023\/08\/creer-un-graphique-pyramidal-des-ages-dans-Excel-de-differentes-manieres-1.gif","datePublished":"2023-10-26T16:23:45+00:00","dateModified":"2023-12-06T11:36:48+00:00","description":"Neste tutorial, aprenderemos como criar um gr\u00e1fico de pir\u00e2mide populacional no Excel em 8 etapas simples.","breadcrumb":{"@id":"https:\/\/exceladvisor.org\/pt\/diagrama-de-piramide\/#breadcrumb"},"inLanguage":"pt-PT","potentialAction":[{"@type":"ReadAction","target":["https:\/\/exceladvisor.org\/pt\/diagrama-de-piramide\/"]}]},{"@type":"ImageObject","inLanguage":"pt-PT","@id":"https:\/\/exceladvisor.org\/pt\/diagrama-de-piramide\/#primaryimage","url":"https:\/\/exceladvisor.org\/wp-content\/uploads\/2023\/08\/creer-un-graphique-pyramidal-des-ages-dans-Excel-de-differentes-manieres-1.gif","contentUrl":"https:\/\/exceladvisor.org\/wp-content\/uploads\/2023\/08\/creer-un-graphique-pyramidal-des-ages-dans-Excel-de-differentes-manieres-1.gif"},{"@type":"BreadcrumbList","@id":"https:\/\/exceladvisor.org\/pt\/diagrama-de-piramide\/#breadcrumb","itemListElement":[{"@type":"ListItem","position":1,"name":"Lar","item":"https:\/\/exceladvisor.org\/pt\/"},{"@type":"ListItem","position":2,"name":"Como criar um gr\u00e1fico de pir\u00e2mide populacional no excel?"}]},{"@type":"WebSite","@id":"https:\/\/exceladvisor.org\/pt\/#website","url":"https:\/\/exceladvisor.org\/pt\/","name":"Excel Advisor","description":"O seu guia definitivo para dominar os dados!","publisher":{"@id":"https:\/\/exceladvisor.org\/pt\/#organization"},"potentialAction":[{"@type":"SearchAction","target":{"@type":"EntryPoint","urlTemplate":"https:\/\/exceladvisor.org\/pt\/?s={search_term_string}"},"query-input":{"@type":"PropertyValueSpecification","valueRequired":true,"valueName":"search_term_string"}}],"inLanguage":"pt-PT"},{"@type":"Organization","@id":"https:\/\/exceladvisor.org\/pt\/#organization","name":"Excel Advisor","url":"https:\/\/exceladvisor.org\/pt\/","logo":{"@type":"ImageObject","inLanguage":"pt-PT","@id":"https:\/\/exceladvisor.org\/pt\/#\/schema\/logo\/image\/","url":"https:\/\/exceladvisor.org\/pt\/wp-content\/uploads\/2023\/12\/exceladvisor.org_.png","contentUrl":"https:\/\/exceladvisor.org\/pt\/wp-content\/uploads\/2023\/12\/exceladvisor.org_.png","width":105,"height":36,"caption":"Excel Advisor"},"image":{"@id":"https:\/\/exceladvisor.org\/pt\/#\/schema\/logo\/image\/"}}]}},"yoast_meta":{"yoast_wpseo_title":"","yoast_wpseo_metadesc":"","yoast_wpseo_canonical":""},"_links":{"self":[{"href":"https:\/\/exceladvisor.org\/pt\/wp-json\/wp\/v2\/pages\/472","targetHints":{"allow":["GET"]}}],"collection":[{"href":"https:\/\/exceladvisor.org\/pt\/wp-json\/wp\/v2\/pages"}],"about":[{"href":"https:\/\/exceladvisor.org\/pt\/wp-json\/wp\/v2\/types\/page"}],"author":[{"embeddable":true,"href":"https:\/\/exceladvisor.org\/pt\/wp-json\/wp\/v2\/users\/1"}],"replies":[{"embeddable":true,"href":"https:\/\/exceladvisor.org\/pt\/wp-json\/wp\/v2\/comments?post=472"}],"version-history":[{"count":1,"href":"https:\/\/exceladvisor.org\/pt\/wp-json\/wp\/v2\/pages\/472\/revisions"}],"predecessor-version":[{"id":987,"href":"https:\/\/exceladvisor.org\/pt\/wp-json\/wp\/v2\/pages\/472\/revisions\/987"}],"wp:attachment":[{"href":"https:\/\/exceladvisor.org\/pt\/wp-json\/wp\/v2\/media?parent=472"}],"curies":[{"name":"wp","href":"https:\/\/api.w.org\/{rel}","templated":true}]}}