{"id":484,"date":"2023-10-26T11:30:55","date_gmt":"2023-10-26T11:30:55","guid":{"rendered":"https:\/\/exceladvisor.org\/pt\/parte-da-data\/"},"modified":"2023-12-06T11:43:00","modified_gmt":"2023-12-06T11:43:00","slug":"parte-da-data","status":"publish","type":"page","link":"https:\/\/exceladvisor.org\/pt\/parte-da-data\/","title":{"rendered":"Como usar a fun\u00e7\u00e3o vba datepart?"},"content":{"rendered":"<div class=\"excel-before-content-2\" id=\"excel-3783806484\"><script type=\"text\/javascript\">\r\n\tatOptions = {\r\n\t\t'key' : 'c1158f160081d6540a8409e6925dab94',\r\n\t\t'format' : 'iframe',\r\n\t\t'height' : 250,\r\n\t\t'width' : 300,\r\n\t\t'params' : {}\r\n\t};\r\n<\/script>\r\n<script type=\"text\/javascript\" src=\"\/\/www.highperformanceformat.com\/c1158f160081d6540a8409e6925dab94\/invoke.js\"><\/script><\/div><div class=\"excel-before-content\" id=\"excel-699890777\"><script type=\"text\/javascript\">\r\n\tatOptions = {\r\n\t\t'key' : 'c1158f160081d6540a8409e6925dab94',\r\n\t\t'format' : 'iframe',\r\n\t\t'height' : 250,\r\n\t\t'width' : 300,\r\n\t\t'params' : {}\r\n\t};\r\n<\/script>\r\n<script type=\"text\/javascript\" src=\"\/\/www.highperformanceformat.com\/c1158f160081d6540a8409e6925dab94\/invoke.js\"><\/script><\/div> <p>A fun\u00e7\u00e3o VBA DATEPART est\u00e1 listada na categoria de data das fun\u00e7\u00f5es VBA. Quando voc\u00ea o usa no c\u00f3digo VBA, <strong>ele pode retornar o valor do dia a partir de um valor de data ou hora<\/strong> . Em termos simples, voc\u00ea pode obter segundos, minutos, horas, dias, meses ou anos a partir de um valor de data ou hora.<\/p><h2 class=\"wp-block-heading\"> Sintaxe<\/h2><p> <strong>DatePart(intervalo, data, [primeiro dia da semana, [primeira semana do ano]])<\/strong><\/p><h2 class=\"wp-block-heading\"> Argumentos<\/h2><ul><li> <strong>Intervalo<\/strong> : Uma string para especificar qual parte da data deve ser retornada no resultado.<\/li><li> <strong>Data<\/strong> : A data a partir da qual a parte da data deve retornar.<\/li><li> <strong>[FirstDayOfWeek]<\/strong> : Uma string para definir o primeiro dia da semana [Este \u00e9 um argumento opcional e se omitido vbSunday por padr\u00e3o].<ul><li> vbUseSystemDayOfWeek \u2013 Dependendo das configura\u00e7\u00f5es do sistema.<\/li><li> vbDomingo \u2013 domingo<\/li><li> vblunday \u2013 segunda-feira<\/li><li> vbTer\u00e7a-feira \u2013 Ter\u00e7a-feira<\/li><li> vbQuarta-feira \u2013 Quarta-feira<\/li><li> vbQuinta-feira \u2013 Quinta-feira<\/li><li> vbSexta-feira \u2013 Sexta-feira<\/li><li> vbS\u00e1bado \u2013 S\u00e1bado<\/li><\/ul><\/li><li> <strong>[FirstWeekOfYear]<\/strong> : Uma string para definir a primeira semana do ano [Este \u00e9 um argumento opcional e se omitido vbFirstJan1 por padr\u00e3o].<ul><li> vbSystem \u2013 Dependendo das configura\u00e7\u00f5es do sistema.<\/li><li> vbFirstJan1 \u2013 A semana em que ocorre o primeiro dia de janeiro.<\/li><li> vbFirstFourDays \u2013 A primeira semana que cont\u00e9m pelo menos quatro dias no ano novo.<\/li><li> vbFirstFullWeek \u2013 A primeira semana completa do ano novo.<\/li><\/ul><\/li><\/ul><h2 class=\"wp-block-heading\"> Exemplo<\/h2><p> Para entender de forma pr\u00e1tica como usar a fun\u00e7\u00e3o VBA DATEPART, voc\u00ea precisa seguir o exemplo abaixo, onde escrevemos um c\u00f3digo VBA usando-a: <\/p><div class=\"wp-block-image\"><figure class=\"aligncenter is-resized\"><img loading=\"lazy\" decoding=\"async\" title=\"exemplo-vba-datepart-fun\u00e7\u00e3o\" src=\"https:\/\/exceladvisor.org\/wp-content\/uploads\/2023\/08\/exemple-de-fonction-vba-datepart.png\" sizes=\"auto, \" srcset=\"\" alt=\"example-vba-datepart-function\" width=\"793\" height=\"587\"><\/figure><\/div><pre class=\"wp-block-code\"> <code class=\"language-visual-basic\" lang=\"visual-basic\">Sub example_DATEPART() Range(\"A2\").Value = DatePart(\"d\", Range(\"A1\")) Range(\"A3\").Value = DatePart(\"h\", Range(\"A1\")) Range(\"A4\").Value = DatePart(\"m\", Range(\"A1\")) Range(\"A5\").Value = DatePart(\"n\", Range(\"A1\")) Range(\"A6\").Value = DatePart(\"q\", Range(\"A1\")) Range(\"A7\").Value = DatePart(\"s\", Range(\"A1\")) Range(\"A8\").Value = DatePart(\"w\", Range(\"A1\")) Range(\"A9\").Value = DatePart(\"ww\", Range(\"A1\")) Range(\"A11\").Value = DatePart(\"y\", Range(\"A1\")) Range(\"A12\").Value = DatePart(\"yyyy\", Range(\"A1\")) End Sub<\/code><\/pre><p> No c\u00f3digo acima, usamos um intervalo diferente em DATEPART:<\/p><ul><li> &#8216;d&#8217; para obter o dia e retornou 15.<\/li><li> &#8216;h&#8217; para obter as horas, mas como n\u00e3o temos tempo na data, retornou 0 no resultado.<\/li><li> &#8216;m&#8217; para obter o m\u00eas e retornou 1.<\/li><li> &#8216;n&#8217; para obter os minutos, mas como n\u00e3o temos tempo na data, retornou 0 no resultado.<\/li><li> \u201cq\u201d para obter a moeda e retornou 1.<\/li><li> &#8216;s&#8217; para obter os segundos, mas como n\u00e3o temos tempo na data, ele retornou 0 no resultado.<\/li><li> &#8216;w&#8217; para obter o dia da semana e retornou 3.<\/li><li> &#8216;ww&#8217; para pegar a semana do ano e voltou 3.<\/li><li> &#8216;y&#8217; para obter o dia do ano e retornou 15.<\/li><li> \u201caaaa\u201d para pegar o ano e voltou para 2019.<\/li><\/ul><h2 class=\"wp-block-heading\"> Coment\u00e1rios<\/h2><ul><li> Se for fornecida uma data sem o ano, ser\u00e1 utilizado o ano atual.<\/li><li> Se o valor especificado for diferente de uma data ou uma data que n\u00e3o possa ser reconhecida como data, o VBA retornar\u00e1 o erro de tempo de execu\u00e7\u00e3o 13.<\/li><li> Definir o argumento &#8220;firstdayofweek&#8221; s\u00f3 funciona quando o &#8220;intervalo&#8221; \u00e9 &#8220;w&#8221; ou &#8220;ww&#8221;. <\/li><\/ul><div class=\"wp-block-group more-tutorials is-layout-flow\"><div class=\"wp-block-group__inner-container\"><h2 class=\"wp-block-heading\"> Mais tutoriais <\/h2><div class=\"wp-block-columns is-layout-flex wp-container-300\"><div class=\"wp-block-column is-layout-flow\"><ul><li> <a href=\"https:\/\/exceladvisor.org\/pt\/data-2\/\">DATA VBA<\/a><\/li><li> <a href=\"https:\/\/exceladvisor.org\/pt\/data-adicionada\/\">DATA VBA ADICIONAR<\/a><\/li><li> <a href=\"https:\/\/exceladvisor.org\/pt\/data-em-serie\/\">DATA SERIAL VBA<\/a><\/li><li> <a href=\"https:\/\/exceladvisor.org\/pt\/valor-de-data\/\">VALOR DATA VBA<\/a><\/li><li> <a href=\"https:\/\/exceladvisor.org\/pt\/dia\/\">DIA DO VBA<\/a><\/li><\/ul><\/div><\/div><\/div><\/div>","protected":false},"excerpt":{"rendered":"","protected":false},"author":1,"featured_media":0,"parent":0,"menu_order":0,"comment_status":"open","ping_status":"closed","template":"","meta":{"ub_ctt_via":"","footnotes":""},"class_list":["post-484","page","type-page","status-publish","hentry"],"featured_image_src":null,"yoast_head":"<!-- This site is optimized with the Yoast SEO plugin v25.4 - https:\/\/yoast.com\/wordpress\/plugins\/seo\/ -->\n<title>Como usar a fun\u00e7\u00e3o VBA DATEPART? (Com exemplo)<\/title>\n<meta name=\"description\" content=\"Aprenda como usar a fun\u00e7\u00e3o VBA DATEPART com sintaxe, argumentos e exemplo com c\u00f3digo de exemplo.\" \/>\n<meta name=\"robots\" content=\"index, follow, max-snippet:-1, max-image-preview:large, max-video-preview:-1\" \/>\n<link rel=\"canonical\" href=\"https:\/\/exceladvisor.org\/pt\/parte-da-data\/\" \/>\n<meta property=\"og:locale\" content=\"pt_PT\" \/>\n<meta property=\"og:type\" content=\"article\" \/>\n<meta property=\"og:title\" content=\"Como usar a fun\u00e7\u00e3o VBA DATEPART? (Com exemplo)\" \/>\n<meta property=\"og:description\" content=\"Aprenda como usar a fun\u00e7\u00e3o VBA DATEPART com sintaxe, argumentos e exemplo com c\u00f3digo de exemplo.\" \/>\n<meta property=\"og:url\" content=\"https:\/\/exceladvisor.org\/pt\/parte-da-data\/\" \/>\n<meta property=\"og:site_name\" content=\"Excel Advisor\" \/>\n<meta property=\"article:modified_time\" content=\"2023-12-06T11:43:00+00:00\" \/>\n<meta property=\"og:image\" content=\"https:\/\/exceladvisor.org\/wp-content\/uploads\/2023\/08\/exemple-de-fonction-vba-datepart.png\" \/>\n<meta name=\"twitter:card\" content=\"summary_large_image\" \/>\n<meta name=\"twitter:label1\" content=\"Tempo estimado de leitura\" \/>\n\t<meta name=\"twitter:data1\" content=\"2 minutos\" \/>\n<script type=\"application\/ld+json\" class=\"yoast-schema-graph\">{\"@context\":\"https:\/\/schema.org\",\"@graph\":[{\"@type\":\"WebPage\",\"@id\":\"https:\/\/exceladvisor.org\/pt\/parte-da-data\/\",\"url\":\"https:\/\/exceladvisor.org\/pt\/parte-da-data\/\",\"name\":\"Como usar a fun\u00e7\u00e3o VBA DATEPART? (Com exemplo)\",\"isPartOf\":{\"@id\":\"https:\/\/exceladvisor.org\/pt\/#website\"},\"primaryImageOfPage\":{\"@id\":\"https:\/\/exceladvisor.org\/pt\/parte-da-data\/#primaryimage\"},\"image\":{\"@id\":\"https:\/\/exceladvisor.org\/pt\/parte-da-data\/#primaryimage\"},\"thumbnailUrl\":\"https:\/\/exceladvisor.org\/wp-content\/uploads\/2023\/08\/exemple-de-fonction-vba-datepart.png\",\"datePublished\":\"2023-10-26T11:30:55+00:00\",\"dateModified\":\"2023-12-06T11:43:00+00:00\",\"description\":\"Aprenda como usar a fun\u00e7\u00e3o VBA DATEPART com sintaxe, argumentos e exemplo com c\u00f3digo de exemplo.\",\"breadcrumb\":{\"@id\":\"https:\/\/exceladvisor.org\/pt\/parte-da-data\/#breadcrumb\"},\"inLanguage\":\"pt-PT\",\"potentialAction\":[{\"@type\":\"ReadAction\",\"target\":[\"https:\/\/exceladvisor.org\/pt\/parte-da-data\/\"]}]},{\"@type\":\"ImageObject\",\"inLanguage\":\"pt-PT\",\"@id\":\"https:\/\/exceladvisor.org\/pt\/parte-da-data\/#primaryimage\",\"url\":\"https:\/\/exceladvisor.org\/wp-content\/uploads\/2023\/08\/exemple-de-fonction-vba-datepart.png\",\"contentUrl\":\"https:\/\/exceladvisor.org\/wp-content\/uploads\/2023\/08\/exemple-de-fonction-vba-datepart.png\"},{\"@type\":\"BreadcrumbList\",\"@id\":\"https:\/\/exceladvisor.org\/pt\/parte-da-data\/#breadcrumb\",\"itemListElement\":[{\"@type\":\"ListItem\",\"position\":1,\"name\":\"Lar\",\"item\":\"https:\/\/exceladvisor.org\/pt\/\"},{\"@type\":\"ListItem\",\"position\":2,\"name\":\"Como usar a fun\u00e7\u00e3o vba datepart?\"}]},{\"@type\":\"WebSite\",\"@id\":\"https:\/\/exceladvisor.org\/pt\/#website\",\"url\":\"https:\/\/exceladvisor.org\/pt\/\",\"name\":\"Excel Advisor\",\"description\":\"O seu guia definitivo para dominar os dados!\",\"publisher\":{\"@id\":\"https:\/\/exceladvisor.org\/pt\/#organization\"},\"potentialAction\":[{\"@type\":\"SearchAction\",\"target\":{\"@type\":\"EntryPoint\",\"urlTemplate\":\"https:\/\/exceladvisor.org\/pt\/?s={search_term_string}\"},\"query-input\":{\"@type\":\"PropertyValueSpecification\",\"valueRequired\":true,\"valueName\":\"search_term_string\"}}],\"inLanguage\":\"pt-PT\"},{\"@type\":\"Organization\",\"@id\":\"https:\/\/exceladvisor.org\/pt\/#organization\",\"name\":\"Excel Advisor\",\"url\":\"https:\/\/exceladvisor.org\/pt\/\",\"logo\":{\"@type\":\"ImageObject\",\"inLanguage\":\"pt-PT\",\"@id\":\"https:\/\/exceladvisor.org\/pt\/#\/schema\/logo\/image\/\",\"url\":\"https:\/\/exceladvisor.org\/pt\/wp-content\/uploads\/2023\/12\/exceladvisor.org_.png\",\"contentUrl\":\"https:\/\/exceladvisor.org\/pt\/wp-content\/uploads\/2023\/12\/exceladvisor.org_.png\",\"width\":105,\"height\":36,\"caption\":\"Excel Advisor\"},\"image\":{\"@id\":\"https:\/\/exceladvisor.org\/pt\/#\/schema\/logo\/image\/\"}}]}<\/script>\n<!-- \/ Yoast SEO plugin. -->","yoast_head_json":{"title":"Como usar a fun\u00e7\u00e3o VBA DATEPART? (Com exemplo)","description":"Aprenda como usar a fun\u00e7\u00e3o VBA DATEPART com sintaxe, argumentos e exemplo com c\u00f3digo de exemplo.","robots":{"index":"index","follow":"follow","max-snippet":"max-snippet:-1","max-image-preview":"max-image-preview:large","max-video-preview":"max-video-preview:-1"},"canonical":"https:\/\/exceladvisor.org\/pt\/parte-da-data\/","og_locale":"pt_PT","og_type":"article","og_title":"Como usar a fun\u00e7\u00e3o VBA DATEPART? (Com exemplo)","og_description":"Aprenda como usar a fun\u00e7\u00e3o VBA DATEPART com sintaxe, argumentos e exemplo com c\u00f3digo de exemplo.","og_url":"https:\/\/exceladvisor.org\/pt\/parte-da-data\/","og_site_name":"Excel Advisor","article_modified_time":"2023-12-06T11:43:00+00:00","og_image":[{"url":"https:\/\/exceladvisor.org\/wp-content\/uploads\/2023\/08\/exemple-de-fonction-vba-datepart.png","type":"","width":"","height":""}],"twitter_card":"summary_large_image","twitter_misc":{"Tempo estimado de leitura":"2 minutos"},"schema":{"@context":"https:\/\/schema.org","@graph":[{"@type":"WebPage","@id":"https:\/\/exceladvisor.org\/pt\/parte-da-data\/","url":"https:\/\/exceladvisor.org\/pt\/parte-da-data\/","name":"Como usar a fun\u00e7\u00e3o VBA DATEPART? (Com exemplo)","isPartOf":{"@id":"https:\/\/exceladvisor.org\/pt\/#website"},"primaryImageOfPage":{"@id":"https:\/\/exceladvisor.org\/pt\/parte-da-data\/#primaryimage"},"image":{"@id":"https:\/\/exceladvisor.org\/pt\/parte-da-data\/#primaryimage"},"thumbnailUrl":"https:\/\/exceladvisor.org\/wp-content\/uploads\/2023\/08\/exemple-de-fonction-vba-datepart.png","datePublished":"2023-10-26T11:30:55+00:00","dateModified":"2023-12-06T11:43:00+00:00","description":"Aprenda como usar a fun\u00e7\u00e3o VBA DATEPART com sintaxe, argumentos e exemplo com c\u00f3digo de exemplo.","breadcrumb":{"@id":"https:\/\/exceladvisor.org\/pt\/parte-da-data\/#breadcrumb"},"inLanguage":"pt-PT","potentialAction":[{"@type":"ReadAction","target":["https:\/\/exceladvisor.org\/pt\/parte-da-data\/"]}]},{"@type":"ImageObject","inLanguage":"pt-PT","@id":"https:\/\/exceladvisor.org\/pt\/parte-da-data\/#primaryimage","url":"https:\/\/exceladvisor.org\/wp-content\/uploads\/2023\/08\/exemple-de-fonction-vba-datepart.png","contentUrl":"https:\/\/exceladvisor.org\/wp-content\/uploads\/2023\/08\/exemple-de-fonction-vba-datepart.png"},{"@type":"BreadcrumbList","@id":"https:\/\/exceladvisor.org\/pt\/parte-da-data\/#breadcrumb","itemListElement":[{"@type":"ListItem","position":1,"name":"Lar","item":"https:\/\/exceladvisor.org\/pt\/"},{"@type":"ListItem","position":2,"name":"Como usar a fun\u00e7\u00e3o vba datepart?"}]},{"@type":"WebSite","@id":"https:\/\/exceladvisor.org\/pt\/#website","url":"https:\/\/exceladvisor.org\/pt\/","name":"Excel Advisor","description":"O seu guia definitivo para dominar os dados!","publisher":{"@id":"https:\/\/exceladvisor.org\/pt\/#organization"},"potentialAction":[{"@type":"SearchAction","target":{"@type":"EntryPoint","urlTemplate":"https:\/\/exceladvisor.org\/pt\/?s={search_term_string}"},"query-input":{"@type":"PropertyValueSpecification","valueRequired":true,"valueName":"search_term_string"}}],"inLanguage":"pt-PT"},{"@type":"Organization","@id":"https:\/\/exceladvisor.org\/pt\/#organization","name":"Excel Advisor","url":"https:\/\/exceladvisor.org\/pt\/","logo":{"@type":"ImageObject","inLanguage":"pt-PT","@id":"https:\/\/exceladvisor.org\/pt\/#\/schema\/logo\/image\/","url":"https:\/\/exceladvisor.org\/pt\/wp-content\/uploads\/2023\/12\/exceladvisor.org_.png","contentUrl":"https:\/\/exceladvisor.org\/pt\/wp-content\/uploads\/2023\/12\/exceladvisor.org_.png","width":105,"height":36,"caption":"Excel Advisor"},"image":{"@id":"https:\/\/exceladvisor.org\/pt\/#\/schema\/logo\/image\/"}}]}},"yoast_meta":{"yoast_wpseo_title":"","yoast_wpseo_metadesc":"","yoast_wpseo_canonical":""},"_links":{"self":[{"href":"https:\/\/exceladvisor.org\/pt\/wp-json\/wp\/v2\/pages\/484","targetHints":{"allow":["GET"]}}],"collection":[{"href":"https:\/\/exceladvisor.org\/pt\/wp-json\/wp\/v2\/pages"}],"about":[{"href":"https:\/\/exceladvisor.org\/pt\/wp-json\/wp\/v2\/types\/page"}],"author":[{"embeddable":true,"href":"https:\/\/exceladvisor.org\/pt\/wp-json\/wp\/v2\/users\/1"}],"replies":[{"embeddable":true,"href":"https:\/\/exceladvisor.org\/pt\/wp-json\/wp\/v2\/comments?post=484"}],"version-history":[{"count":1,"href":"https:\/\/exceladvisor.org\/pt\/wp-json\/wp\/v2\/pages\/484\/revisions"}],"predecessor-version":[{"id":1254,"href":"https:\/\/exceladvisor.org\/pt\/wp-json\/wp\/v2\/pages\/484\/revisions\/1254"}],"wp:attachment":[{"href":"https:\/\/exceladvisor.org\/pt\/wp-json\/wp\/v2\/media?parent=484"}],"curies":[{"name":"wp","href":"https:\/\/api.w.org\/{rel}","templated":true}]}}