{"id":490,"date":"2023-10-26T10:22:15","date_gmt":"2023-10-26T10:22:15","guid":{"rendered":"https:\/\/exceladvisor.org\/pt\/filtro\/"},"modified":"2023-12-06T11:43:05","modified_gmt":"2023-12-06T11:43:05","slug":"filtro","status":"publish","type":"page","link":"https:\/\/exceladvisor.org\/pt\/filtro\/","title":{"rendered":"Como usar a fun\u00e7\u00e3o vba filter?"},"content":{"rendered":"<div class=\"excel-before-content-2\" id=\"excel-1728380565\"><script type=\"text\/javascript\">\r\n\tatOptions = {\r\n\t\t'key' : 'c1158f160081d6540a8409e6925dab94',\r\n\t\t'format' : 'iframe',\r\n\t\t'height' : 250,\r\n\t\t'width' : 300,\r\n\t\t'params' : {}\r\n\t};\r\n<\/script>\r\n<script type=\"text\/javascript\" src=\"\/\/www.highperformanceformat.com\/c1158f160081d6540a8409e6925dab94\/invoke.js\"><\/script><\/div><div class=\"excel-before-content\" id=\"excel-778241117\"><script type=\"text\/javascript\">\r\n\tatOptions = {\r\n\t\t'key' : 'c1158f160081d6540a8409e6925dab94',\r\n\t\t'format' : 'iframe',\r\n\t\t'height' : 250,\r\n\t\t'width' : 300,\r\n\t\t'params' : {}\r\n\t};\r\n<\/script>\r\n<script type=\"text\/javascript\" src=\"\/\/www.highperformanceformat.com\/c1158f160081d6540a8409e6925dab94\/invoke.js\"><\/script><\/div> <p>A fun\u00e7\u00e3o VBA FILTER est\u00e1 listada na categoria da tabela de fun\u00e7\u00f5es VBA. Quando voc\u00ea o usa no c\u00f3digo VBA, <strong>ele pode retornar strings de uma matriz de strings com base na string especificada como subset<\/strong> . Em termos simples, ele pode especificar uma string e ir\u00e1 procurar todos os valores onde essa string faz parte da string principal.<\/p><h2 class=\"wp-block-heading\"> Sintaxe<\/h2><p> <strong>Filter(ArraySource,Match,[Incluir],[Comparar])<\/strong><\/p><h2 class=\"wp-block-heading\"> Argumento<\/h2><ul><li> <strong>SourceArray<\/strong> : o array com as strings a serem filtradas.<\/li><li> <strong>Correspond\u00eancia<\/strong> : a string que voc\u00ea deseja filtrar no SourceArray.<\/li><li> <strong>[Incluir]<\/strong> : Este \u00e9 um booleano para definir se o valor clim\u00e1tico a ser filtrado inclui a correspond\u00eancia ou n\u00e3o [Este \u00e9 um argumento opcional e se omitido, o padr\u00e3o do VBA \u00e9 TRUE].<\/li><li> <strong>[Compare]<\/strong> : Um valor de string para definir a compara\u00e7\u00e3o a ser executada ao filtrar o array [Este \u00e9 um argumento opcional e se omitido, o VBA usa vbBinaryCompare por padr\u00e3o].<ul><li> vbBinaryCompare: para compara\u00e7\u00e3o bin\u00e1ria.<\/li><li> vbTextCompare: para compara\u00e7\u00e3o de texto.<\/li><li> vbDatabaseCompare: para compara\u00e7\u00e3o de banco de dados.<\/li><\/ul><\/li><\/ul><h2 class=\"wp-block-heading\"> Exemplo<\/h2><p> Para entender de forma pr\u00e1tica como usar a fun\u00e7\u00e3o VBA FILTER, voc\u00ea precisa seguir o exemplo abaixo, onde escrevemos um c\u00f3digo VBA usando-a: <\/p><div class=\"wp-block-image\"><figure class=\"aligncenter is-resized\"><img loading=\"lazy\" decoding=\"async\" title=\"exemplo-filtro-fun\u00e7\u00e3o-vba\" src=\"https:\/\/exceladvisor.org\/wp-content\/uploads\/2023\/08\/exemple-de-fonction-de-filtre-vba.png\" sizes=\"auto, \" srcset=\"\" alt=\"example-vba-filter-function\" width=\"849\" height=\"588\"><\/figure><\/div><pre class=\"wp-block-code\"> <code class=\"language-visual-basic\" lang=\"visual-basic\">Sub example_FILTER() Dim nameAry As Variant Dim myAry(0 To 4) As String myAry(0) = Range(\"A1\").Value myAry(1) = Range(\"A2\").Value myAry(2) = Range(\"A3\").Value myAry(3) = Range(\"A4\").Value myAry(4) = Range(\"A5\").Value nameAry = Filter(myAry, \"Sh\") End Sub<\/code><\/pre><p> No c\u00f3digo acima, usamos FILTER para obter o valor do array (myAry tem valores das c\u00e9lulas que definimos) que inclui &#8216;Sh&#8217; nele, e agora, &#8216;nameAry&#8217; inclui &#8216;Jay Sh&#8217; e &#8216;Peter Sh&#8217; porque ambos cont\u00eam \u201cSh\u201d.<\/p><h2 class=\"wp-block-heading\"> Coment\u00e1rios<\/h2><ul><li> Se a matriz de origem fornecida for NULL, o VBA retornar\u00e1 um erro.<\/li><li> A matriz retornada pelo filtro ser\u00e1 sempre uma matriz unidimensional baseada em zero.<\/li><\/ul><div class=\"gb-container gb-container-078e99df gb-container-mt\"> <a class=\"gb-button gb-button-b61bc159 gb-button-text gb-button-mt-button\" href=\"https:\/\/exceladvisor.org\/pt\/vba\/\">O que \u00e9 VBA<\/a><h2 class=\"gb-headline gb-headline-eb94b2aa gb-headline-text gb-headline-mt-heading\"> <a href=\"https:\/\/exceladvisor.org\/pt\/funcoes\/\">Fun\u00e7\u00f5es VBA<\/a> relacionadas <\/h2><div class=\"gb-grid-wrapper gb-grid-wrapper-bea82d60 gb-grid-wrapper-mt-grid\"><div class=\"gb-grid-column gb-grid-column-98a91fbb\"><div class=\"gb-container gb-container-98a91fbb\"><ul><li> <a href=\"https:\/\/exceladvisor.org\/pt\/implantar\/\">TABELA VBA<\/a><\/li><li> <a href=\"https:\/\/exceladvisor.org\/pt\/juntar\/\">JUNTE-SE AO VBA<\/a><\/li><li> <a href=\"https:\/\/exceladvisor.org\/pt\/ligado\/\">VBA LBOUND<\/a><\/li><li> <a href=\"https:\/\/exceladvisor.org\/pt\/dividir\/\">DIVIDIR VBA<\/a><\/li><li> <a href=\"https:\/\/exceladvisor.org\/pt\/ubound\/\">VBA UBOUND<\/a> <\/li><\/ul><\/div><\/div><div class=\"gb-grid-column gb-grid-column-3151f7cb\"><div class=\"gb-container gb-container-3151f7cb\"><\/div><\/div><\/div><\/div>","protected":false},"excerpt":{"rendered":"","protected":false},"author":1,"featured_media":0,"parent":0,"menu_order":0,"comment_status":"open","ping_status":"closed","template":"","meta":{"ub_ctt_via":"","footnotes":""},"class_list":["post-490","page","type-page","status-publish","hentry"],"featured_image_src":null,"yoast_head":"<!-- This site is optimized with the Yoast SEO plugin v25.4 - https:\/\/yoast.com\/wordpress\/plugins\/seo\/ -->\n<title>Como usar a fun\u00e7\u00e3o VBA FILTER? (Sintaxe + Exemplo)<\/title>\n<meta name=\"description\" content=\"Aprenda como usar a fun\u00e7\u00e3o VBA FILTER com sintaxe, argumentos e exemplo com c\u00f3digo de exemplo.\" \/>\n<meta name=\"robots\" content=\"index, follow, max-snippet:-1, max-image-preview:large, max-video-preview:-1\" \/>\n<link rel=\"canonical\" href=\"https:\/\/exceladvisor.org\/pt\/filtro\/\" \/>\n<meta property=\"og:locale\" content=\"pt_PT\" \/>\n<meta property=\"og:type\" content=\"article\" \/>\n<meta property=\"og:title\" content=\"Como usar a fun\u00e7\u00e3o VBA FILTER? (Sintaxe + Exemplo)\" \/>\n<meta property=\"og:description\" content=\"Aprenda como usar a fun\u00e7\u00e3o VBA FILTER com sintaxe, argumentos e exemplo com c\u00f3digo de exemplo.\" \/>\n<meta property=\"og:url\" content=\"https:\/\/exceladvisor.org\/pt\/filtro\/\" \/>\n<meta property=\"og:site_name\" content=\"Excel Advisor\" \/>\n<meta property=\"article:modified_time\" content=\"2023-12-06T11:43:05+00:00\" \/>\n<meta property=\"og:image\" content=\"https:\/\/exceladvisor.org\/wp-content\/uploads\/2023\/08\/exemple-de-fonction-de-filtre-vba.png\" \/>\n<meta name=\"twitter:card\" content=\"summary_large_image\" \/>\n<meta name=\"twitter:label1\" content=\"Tempo estimado de leitura\" \/>\n\t<meta name=\"twitter:data1\" content=\"2 minutos\" \/>\n<script type=\"application\/ld+json\" class=\"yoast-schema-graph\">{\"@context\":\"https:\/\/schema.org\",\"@graph\":[{\"@type\":\"WebPage\",\"@id\":\"https:\/\/exceladvisor.org\/pt\/filtro\/\",\"url\":\"https:\/\/exceladvisor.org\/pt\/filtro\/\",\"name\":\"Como usar a fun\u00e7\u00e3o VBA FILTER? (Sintaxe + Exemplo)\",\"isPartOf\":{\"@id\":\"https:\/\/exceladvisor.org\/pt\/#website\"},\"primaryImageOfPage\":{\"@id\":\"https:\/\/exceladvisor.org\/pt\/filtro\/#primaryimage\"},\"image\":{\"@id\":\"https:\/\/exceladvisor.org\/pt\/filtro\/#primaryimage\"},\"thumbnailUrl\":\"https:\/\/exceladvisor.org\/wp-content\/uploads\/2023\/08\/exemple-de-fonction-de-filtre-vba.png\",\"datePublished\":\"2023-10-26T10:22:15+00:00\",\"dateModified\":\"2023-12-06T11:43:05+00:00\",\"description\":\"Aprenda como usar a fun\u00e7\u00e3o VBA FILTER com sintaxe, argumentos e exemplo com c\u00f3digo de exemplo.\",\"breadcrumb\":{\"@id\":\"https:\/\/exceladvisor.org\/pt\/filtro\/#breadcrumb\"},\"inLanguage\":\"pt-PT\",\"potentialAction\":[{\"@type\":\"ReadAction\",\"target\":[\"https:\/\/exceladvisor.org\/pt\/filtro\/\"]}]},{\"@type\":\"ImageObject\",\"inLanguage\":\"pt-PT\",\"@id\":\"https:\/\/exceladvisor.org\/pt\/filtro\/#primaryimage\",\"url\":\"https:\/\/exceladvisor.org\/wp-content\/uploads\/2023\/08\/exemple-de-fonction-de-filtre-vba.png\",\"contentUrl\":\"https:\/\/exceladvisor.org\/wp-content\/uploads\/2023\/08\/exemple-de-fonction-de-filtre-vba.png\"},{\"@type\":\"BreadcrumbList\",\"@id\":\"https:\/\/exceladvisor.org\/pt\/filtro\/#breadcrumb\",\"itemListElement\":[{\"@type\":\"ListItem\",\"position\":1,\"name\":\"Lar\",\"item\":\"https:\/\/exceladvisor.org\/pt\/\"},{\"@type\":\"ListItem\",\"position\":2,\"name\":\"Como usar a fun\u00e7\u00e3o vba filter?\"}]},{\"@type\":\"WebSite\",\"@id\":\"https:\/\/exceladvisor.org\/pt\/#website\",\"url\":\"https:\/\/exceladvisor.org\/pt\/\",\"name\":\"Excel Advisor\",\"description\":\"O seu guia definitivo para dominar os dados!\",\"publisher\":{\"@id\":\"https:\/\/exceladvisor.org\/pt\/#organization\"},\"potentialAction\":[{\"@type\":\"SearchAction\",\"target\":{\"@type\":\"EntryPoint\",\"urlTemplate\":\"https:\/\/exceladvisor.org\/pt\/?s={search_term_string}\"},\"query-input\":{\"@type\":\"PropertyValueSpecification\",\"valueRequired\":true,\"valueName\":\"search_term_string\"}}],\"inLanguage\":\"pt-PT\"},{\"@type\":\"Organization\",\"@id\":\"https:\/\/exceladvisor.org\/pt\/#organization\",\"name\":\"Excel Advisor\",\"url\":\"https:\/\/exceladvisor.org\/pt\/\",\"logo\":{\"@type\":\"ImageObject\",\"inLanguage\":\"pt-PT\",\"@id\":\"https:\/\/exceladvisor.org\/pt\/#\/schema\/logo\/image\/\",\"url\":\"https:\/\/exceladvisor.org\/pt\/wp-content\/uploads\/2023\/12\/exceladvisor.org_.png\",\"contentUrl\":\"https:\/\/exceladvisor.org\/pt\/wp-content\/uploads\/2023\/12\/exceladvisor.org_.png\",\"width\":105,\"height\":36,\"caption\":\"Excel Advisor\"},\"image\":{\"@id\":\"https:\/\/exceladvisor.org\/pt\/#\/schema\/logo\/image\/\"}}]}<\/script>\n<!-- \/ Yoast SEO plugin. -->","yoast_head_json":{"title":"Como usar a fun\u00e7\u00e3o VBA FILTER? (Sintaxe + Exemplo)","description":"Aprenda como usar a fun\u00e7\u00e3o VBA FILTER com sintaxe, argumentos e exemplo com c\u00f3digo de exemplo.","robots":{"index":"index","follow":"follow","max-snippet":"max-snippet:-1","max-image-preview":"max-image-preview:large","max-video-preview":"max-video-preview:-1"},"canonical":"https:\/\/exceladvisor.org\/pt\/filtro\/","og_locale":"pt_PT","og_type":"article","og_title":"Como usar a fun\u00e7\u00e3o VBA FILTER? (Sintaxe + Exemplo)","og_description":"Aprenda como usar a fun\u00e7\u00e3o VBA FILTER com sintaxe, argumentos e exemplo com c\u00f3digo de exemplo.","og_url":"https:\/\/exceladvisor.org\/pt\/filtro\/","og_site_name":"Excel Advisor","article_modified_time":"2023-12-06T11:43:05+00:00","og_image":[{"url":"https:\/\/exceladvisor.org\/wp-content\/uploads\/2023\/08\/exemple-de-fonction-de-filtre-vba.png","type":"","width":"","height":""}],"twitter_card":"summary_large_image","twitter_misc":{"Tempo estimado de leitura":"2 minutos"},"schema":{"@context":"https:\/\/schema.org","@graph":[{"@type":"WebPage","@id":"https:\/\/exceladvisor.org\/pt\/filtro\/","url":"https:\/\/exceladvisor.org\/pt\/filtro\/","name":"Como usar a fun\u00e7\u00e3o VBA FILTER? (Sintaxe + Exemplo)","isPartOf":{"@id":"https:\/\/exceladvisor.org\/pt\/#website"},"primaryImageOfPage":{"@id":"https:\/\/exceladvisor.org\/pt\/filtro\/#primaryimage"},"image":{"@id":"https:\/\/exceladvisor.org\/pt\/filtro\/#primaryimage"},"thumbnailUrl":"https:\/\/exceladvisor.org\/wp-content\/uploads\/2023\/08\/exemple-de-fonction-de-filtre-vba.png","datePublished":"2023-10-26T10:22:15+00:00","dateModified":"2023-12-06T11:43:05+00:00","description":"Aprenda como usar a fun\u00e7\u00e3o VBA FILTER com sintaxe, argumentos e exemplo com c\u00f3digo de exemplo.","breadcrumb":{"@id":"https:\/\/exceladvisor.org\/pt\/filtro\/#breadcrumb"},"inLanguage":"pt-PT","potentialAction":[{"@type":"ReadAction","target":["https:\/\/exceladvisor.org\/pt\/filtro\/"]}]},{"@type":"ImageObject","inLanguage":"pt-PT","@id":"https:\/\/exceladvisor.org\/pt\/filtro\/#primaryimage","url":"https:\/\/exceladvisor.org\/wp-content\/uploads\/2023\/08\/exemple-de-fonction-de-filtre-vba.png","contentUrl":"https:\/\/exceladvisor.org\/wp-content\/uploads\/2023\/08\/exemple-de-fonction-de-filtre-vba.png"},{"@type":"BreadcrumbList","@id":"https:\/\/exceladvisor.org\/pt\/filtro\/#breadcrumb","itemListElement":[{"@type":"ListItem","position":1,"name":"Lar","item":"https:\/\/exceladvisor.org\/pt\/"},{"@type":"ListItem","position":2,"name":"Como usar a fun\u00e7\u00e3o vba filter?"}]},{"@type":"WebSite","@id":"https:\/\/exceladvisor.org\/pt\/#website","url":"https:\/\/exceladvisor.org\/pt\/","name":"Excel Advisor","description":"O seu guia definitivo para dominar os dados!","publisher":{"@id":"https:\/\/exceladvisor.org\/pt\/#organization"},"potentialAction":[{"@type":"SearchAction","target":{"@type":"EntryPoint","urlTemplate":"https:\/\/exceladvisor.org\/pt\/?s={search_term_string}"},"query-input":{"@type":"PropertyValueSpecification","valueRequired":true,"valueName":"search_term_string"}}],"inLanguage":"pt-PT"},{"@type":"Organization","@id":"https:\/\/exceladvisor.org\/pt\/#organization","name":"Excel Advisor","url":"https:\/\/exceladvisor.org\/pt\/","logo":{"@type":"ImageObject","inLanguage":"pt-PT","@id":"https:\/\/exceladvisor.org\/pt\/#\/schema\/logo\/image\/","url":"https:\/\/exceladvisor.org\/pt\/wp-content\/uploads\/2023\/12\/exceladvisor.org_.png","contentUrl":"https:\/\/exceladvisor.org\/pt\/wp-content\/uploads\/2023\/12\/exceladvisor.org_.png","width":105,"height":36,"caption":"Excel Advisor"},"image":{"@id":"https:\/\/exceladvisor.org\/pt\/#\/schema\/logo\/image\/"}}]}},"yoast_meta":{"yoast_wpseo_title":"","yoast_wpseo_metadesc":"","yoast_wpseo_canonical":""},"_links":{"self":[{"href":"https:\/\/exceladvisor.org\/pt\/wp-json\/wp\/v2\/pages\/490","targetHints":{"allow":["GET"]}}],"collection":[{"href":"https:\/\/exceladvisor.org\/pt\/wp-json\/wp\/v2\/pages"}],"about":[{"href":"https:\/\/exceladvisor.org\/pt\/wp-json\/wp\/v2\/types\/page"}],"author":[{"embeddable":true,"href":"https:\/\/exceladvisor.org\/pt\/wp-json\/wp\/v2\/users\/1"}],"replies":[{"embeddable":true,"href":"https:\/\/exceladvisor.org\/pt\/wp-json\/wp\/v2\/comments?post=490"}],"version-history":[{"count":1,"href":"https:\/\/exceladvisor.org\/pt\/wp-json\/wp\/v2\/pages\/490\/revisions"}],"predecessor-version":[{"id":1261,"href":"https:\/\/exceladvisor.org\/pt\/wp-json\/wp\/v2\/pages\/490\/revisions\/1261"}],"wp:attachment":[{"href":"https:\/\/exceladvisor.org\/pt\/wp-json\/wp\/v2\/media?parent=490"}],"curies":[{"name":"wp","href":"https:\/\/api.w.org\/{rel}","templated":true}]}}