{"id":50,"date":"2023-11-17T23:12:54","date_gmt":"2023-11-17T23:12:54","guid":{"rendered":"https:\/\/exceladvisor.org\/pt\/selecione-o-intervalo\/"},"modified":"2023-12-06T11:42:13","modified_gmt":"2023-12-06T11:42:13","slug":"selecione-o-intervalo","status":"publish","type":"page","link":"https:\/\/exceladvisor.org\/pt\/selecione-o-intervalo\/","title":{"rendered":"Como selecionar intervalo no excel?"},"content":{"rendered":"<div class=\"excel-before-content-2\" id=\"excel-4193955741\"><script type=\"text\/javascript\">\r\n\tatOptions = {\r\n\t\t'key' : 'c1158f160081d6540a8409e6925dab94',\r\n\t\t'format' : 'iframe',\r\n\t\t'height' : 250,\r\n\t\t'width' : 300,\r\n\t\t'params' : {}\r\n\t};\r\n<\/script>\r\n<script type=\"text\/javascript\" src=\"\/\/www.highperformanceformat.com\/c1158f160081d6540a8409e6925dab94\/invoke.js\"><\/script><\/div><div class=\"excel-before-content\" id=\"excel-592931818\"><script type=\"text\/javascript\">\r\n\tatOptions = {\r\n\t\t'key' : 'c1158f160081d6540a8409e6925dab94',\r\n\t\t'format' : 'iframe',\r\n\t\t'height' : 250,\r\n\t\t'width' : 300,\r\n\t\t'params' : {}\r\n\t};\r\n<\/script>\r\n<script type=\"text\/javascript\" src=\"\/\/www.highperformanceformat.com\/c1158f160081d6540a8409e6925dab94\/invoke.js\"><\/script><\/div> <p>Quando voc\u00ea come\u00e7a a aprender Excel, \u00e9 importante saber como selecionar um intervalo. Neste tutorial, aprenderemos os diferentes m\u00e9todos para selecionar um intervalo (c\u00e9lula \u00fanica, c\u00e9lulas cont\u00ednuas e n\u00e3o cont\u00ednuas) usando mouse e teclado.<\/p><h2 class=\"wp-block-heading\"> Selecione uma \u00fanica c\u00e9lula<\/h2><p> Para selecionar uma \u00fanica c\u00e9lula, voc\u00ea precisa clicar na c\u00e9lula que deseja selecionar. E no momento em que voc\u00ea seleciona a c\u00e9lula, o endere\u00e7o da mesma c\u00e9lula \u00e9 exibido na caixa Nome. Vejamos no instant\u00e2neo abaixo, selecionamos a c\u00e9lula A2. <\/p><div class=\"wp-block-image\"><figure class=\"aligncenter size-full\"><img loading=\"lazy\" decoding=\"async\" class=\"wp-image-80034\" src=\"https:\/\/exceladvisor.org\/wp-content\/uploads\/2023\/08\/gif-selectionner-une-seule-cellule.gif\" sizes=\"auto, \" srcset=\"\" alt=\"selecione uma \u00fanica c\u00e9lula\" width=\"548\" height=\"386\"><\/figure><\/div><h2 class=\"wp-block-heading\"> Selecione o intervalo de c\u00e9lulas adjacentes<\/h2><p> Depois de selecionar uma \u00fanica c\u00e9lula no Excel, vamos seguir as etapas r\u00e1pidas para selecionar v\u00e1rias c\u00e9lulas. Suponha que voc\u00ea queira selecionar A1:B5:<\/p><ul><li> Primeiro, coloque o cursor na c\u00e9lula (A1).<\/li><li> Em seguida, selecione-o pressionando o bot\u00e3o esquerdo do mouse.<\/li><li> E agora arraste o cursor enquanto segura o bot\u00e3o do mouse de A1 a B5. <\/li><\/ul><div class=\"wp-block-image\"><figure class=\"aligncenter size-full\"><img loading=\"lazy\" decoding=\"async\" class=\"wp-image-80035\" src=\"https:\/\/exceladvisor.org\/wp-content\/uploads\/2023\/08\/gif-plage-de-cellules-adjacentes.gif\" sizes=\"auto, \" srcset=\"\" alt=\"intervalo de c\u00e9lulas adjacentes\" width=\"600\" height=\"361\"><\/figure><\/div><h2 class=\"wp-block-heading\"> Selecione o intervalo de c\u00e9lulas n\u00e3o adjacentes<\/h2><p> \u00c0s vezes, enquanto voc\u00ea trabalha, voc\u00ea precisa selecionar v\u00e1rias c\u00e9lulas n\u00e3o cont\u00ednuas na planilha (como A4 a A7, B3 a B8 e C2 a C5).<\/p><ul><li> Clique na primeira c\u00e9lula (A4) e arraste o cursor para A7.<\/li><li> Depois disso, mantenha pressionada a tecla Control e selecione o pr\u00f3ximo intervalo n\u00e3o adjacente, um por um.<\/li><li> Ao final, todo o intervalo de c\u00e9lulas selecionado \u00e9 destacado.<\/li><\/ul><p class=\"grey-note\"> Voc\u00ea pode manter pressionada <kbd>a tecla Ctrl<\/kbd> para selecionar linhas ou colunas n\u00e3o cont\u00ednuas. <\/p><div class=\"wp-block-image\"><figure class=\"aligncenter size-full\"><img loading=\"lazy\" decoding=\"async\" class=\"wp-image-80036\" src=\"https:\/\/exceladvisor.org\/wp-content\/uploads\/2023\/08\/gif-plage-de-cellules-non-adjacentes.gif\" sizes=\"auto, \" srcset=\"\" alt=\"intervalo de c\u00e9lulas n\u00e3o adjacentes\" width=\"600\" height=\"358\"><\/figure><\/div><h2 class=\"wp-block-heading\"> Selecione o intervalo de c\u00e9lulas na linha<\/h2><p> Para selecionar o intervalo de c\u00e9lulas em uma \u00fanica linha, siga as etapas abaixo:<\/p><ul><li> Primeiro selecione a linha na qual deseja selecionar v\u00e1rias c\u00e9lulas.<\/li><li> Agora clique em uma das c\u00e9lulas desta linha.<\/li><li> Em seguida, coloque o cursor nessa c\u00e9lula e arraste-o at\u00e9 a \u00faltima c\u00e9lula a ser selecionada.<\/li><\/ul><p> Como no exemplo abaixo, selecionamos as primeiras quatro c\u00e9lulas da linha 3. <\/p><div class=\"wp-block-image\"><figure class=\"aligncenter size-full\"><img loading=\"lazy\" decoding=\"async\" class=\"wp-image-80037\" src=\"https:\/\/exceladvisor.org\/wp-content\/uploads\/2023\/08\/gif-plage-de-cellules-daffilee.gif\" sizes=\"auto, \" srcset=\"\" alt=\"intervalo de c\u00e9lulas seguidas\" width=\"568\" height=\"332\"><\/figure><\/div><h2 class=\"wp-block-heading\"> Selecione o intervalo de c\u00e9lulas na coluna<\/h2><p> Voc\u00ea tamb\u00e9m pode selecionar o grupo de c\u00e9lulas em uma \u00fanica coluna para aplicar qualquer fun\u00e7\u00e3o fazendo o seguinte:<\/p><ul><li> Primeiro, escolha a coluna na qual deseja selecionar o intervalo de c\u00e9lulas.<\/li><li> Em seguida, clique em qualquer c\u00e9lula e arraste o cursor at\u00e9 a \u00faltima c\u00e9lula.<\/li><\/ul><p> Vejamos um exemplo da coluna C, onde selecionamos as c\u00e9lulas C3 a C10. <\/p><div class=\"wp-block-image\"><figure class=\"aligncenter size-full\"><img loading=\"lazy\" decoding=\"async\" class=\"wp-image-80038\" src=\"https:\/\/exceladvisor.org\/wp-content\/uploads\/2023\/08\/gif-plage-de-cellules-dans-une-colonne.gif\" sizes=\"auto, \" srcset=\"\" alt=\"intervalo de c\u00e9lulas em uma coluna\" width=\"568\" height=\"390\"><\/figure><\/div><h2 class=\"wp-block-heading\"> Selecione todas as c\u00e9lulas da planilha<\/h2><p> Aqui, a tarefa comum para todos os usu\u00e1rios do Excel \u00e9 selecionar todas as c\u00e9lulas da planilha. Voc\u00ea precisa clicar no pequeno tri\u00e2ngulo invertido no canto superior esquerdo e ver\u00e1 que a planilha inteira est\u00e1 selecionada. <\/p><div class=\"wp-block-image\"><figure class=\"aligncenter size-full\"><img loading=\"lazy\" decoding=\"async\" class=\"wp-image-80039\" src=\"https:\/\/exceladvisor.org\/wp-content\/uploads\/2023\/08\/gif-selectionner-une-feuille-entiere-a-partir-du-triangle-superieur.gif\" sizes=\"auto, \" srcset=\"\" alt=\"selecione a folha inteira do tri\u00e2ngulo superior\" width=\"600\" height=\"308\"><\/figure><\/div><p> Depois, voc\u00ea tamb\u00e9m pode usar teclas de atalho para selecionar c\u00e9lulas na planilha.<\/p><ul><li> Se voc\u00ea selecionou a c\u00e9lula em branco sem dados na planilha, pressione e segure Control + A. <\/li><\/ul><div class=\"wp-block-image\"><figure class=\"aligncenter size-full is-resized\"><img loading=\"lazy\" decoding=\"async\" class=\"wp-image-80040\" src=\"https:\/\/exceladvisor.org\/wp-content\/uploads\/2023\/08\/gif-selectionner-toutes-les-cellules-ayant-des-cellules-vides.gif\" sizes=\"auto, \" srcset=\"\" alt=\"selecionar todas as c\u00e9lulas com c\u00e9lulas vazias\" width=\"582\" height=\"348\"><\/figure><\/div><ul><li> E ao selecionar a c\u00e9lula que cont\u00e9m o dado ou valor, voc\u00ea precisa pressionar e segurar Control + A + A (duas vezes A) para selecionar a planilha inteira; caso contr\u00e1rio, selecionar\u00e1 apenas c\u00e9lulas com dados. <\/li><\/ul><div class=\"wp-block-image\"><figure class=\"aligncenter size-full is-resized\"><img loading=\"lazy\" decoding=\"async\" class=\"wp-image-80041\" src=\"https:\/\/exceladvisor.org\/wp-content\/uploads\/2023\/08\/gif-selectionner-une-feuille-avec-des-donnees-dans-une-cellule.gif\" sizes=\"auto, \" srcset=\"\" alt=\"selecione planilha com dados em uma c\u00e9lula\" width=\"453\" height=\"235\"><\/figure><\/div><div class=\"gb-container gb-container-4db6181c gb-container-mt\"> <a class=\"gb-button gb-button-c5897111 gb-button-text gb-button-mt-button\" href=\"https:\/\/exceladvisor.org\/pt\/nocoes-basicas-de-excel\/\">No\u00e7\u00f5es b\u00e1sicas do Microsoft Excel (componentes, pe\u00e7as e notas de conhecimento)<\/a><h2 class=\"gb-headline gb-headline-665e5f6b gb-headline-text gb-headline-mt-heading\"> Tutoriais relacionados <\/h2><div class=\"gb-grid-wrapper gb-grid-wrapper-a20baf7c gb-grid-wrapper-mt-grid\"><div class=\"gb-grid-column gb-grid-column-65ddf67e\"><div class=\"gb-container gb-container-65ddf67e\"><ul><li> <a href=\"https:\/\/exceladvisor.org\/pt\/adicionar-remover-hiperlinks\/\">Adicione e remova hiperlinks no Excel<\/a><\/li><li> <a href=\"https:\/\/exceladvisor.org\/pt\/adicione-uma-marca-dagua\/\">Adicione uma marca d&#8217;\u00e1gua no Excel<\/a><\/li><li> <a href=\"https:\/\/exceladvisor.org\/pt\/remover-colunas-de-linha-ocultas\/\">Exclua linhas ocultas no Excel<\/a><\/li><li> <a href=\"https:\/\/exceladvisor.org\/pt\/desmarcar-celulas\/\">Desmarcar c\u00e9lulas no Excel<\/a><\/li><li> <a href=\"https:\/\/exceladvisor.org\/pt\/adicionar-uma-coluna\/\">Adicionar uma coluna no Excel<\/a> <\/li><\/ul><\/div><\/div><div class=\"gb-grid-column gb-grid-column-50067b57\"><div class=\"gb-container gb-container-50067b57\"><\/div><\/div><\/div><\/div>","protected":false},"excerpt":{"rendered":"","protected":false},"author":1,"featured_media":0,"parent":0,"menu_order":0,"comment_status":"open","ping_status":"closed","template":"","meta":{"ub_ctt_via":"","footnotes":""},"class_list":["post-50","page","type-page","status-publish","hentry"],"featured_image_src":null,"yoast_head":"<!-- This site is optimized with the Yoast SEO plugin v25.4 - https:\/\/yoast.com\/wordpress\/plugins\/seo\/ -->\n<title>\u25b7 Como selecionar intervalo no Excel? (Tutorial 2023)<\/title>\n<meta name=\"description\" content=\"Este tutorial se concentra na sele\u00e7\u00e3o de um intervalo. Isso \u00e9 algo importante a aprender para um novo usu\u00e1rio do Excel.\" \/>\n<meta name=\"robots\" content=\"index, follow, max-snippet:-1, max-image-preview:large, max-video-preview:-1\" \/>\n<link rel=\"canonical\" href=\"https:\/\/exceladvisor.org\/pt\/selecione-o-intervalo\/\" \/>\n<meta property=\"og:locale\" content=\"pt_PT\" \/>\n<meta property=\"og:type\" content=\"article\" \/>\n<meta property=\"og:title\" content=\"\u25b7 Como selecionar intervalo no Excel? (Tutorial 2023)\" \/>\n<meta property=\"og:description\" content=\"Este tutorial se concentra na sele\u00e7\u00e3o de um intervalo. Isso \u00e9 algo importante a aprender para um novo usu\u00e1rio do Excel.\" \/>\n<meta property=\"og:url\" content=\"https:\/\/exceladvisor.org\/pt\/selecione-o-intervalo\/\" \/>\n<meta property=\"og:site_name\" content=\"Excel Advisor\" \/>\n<meta property=\"article:modified_time\" content=\"2023-12-06T11:42:13+00:00\" \/>\n<meta property=\"og:image\" content=\"https:\/\/exceladvisor.org\/wp-content\/uploads\/2023\/08\/gif-selectionner-une-seule-cellule.gif\" \/>\n<meta name=\"twitter:card\" content=\"summary_large_image\" \/>\n<meta name=\"twitter:label1\" content=\"Tempo estimado de leitura\" \/>\n\t<meta name=\"twitter:data1\" content=\"3 minutos\" \/>\n<script type=\"application\/ld+json\" class=\"yoast-schema-graph\">{\"@context\":\"https:\/\/schema.org\",\"@graph\":[{\"@type\":\"WebPage\",\"@id\":\"https:\/\/exceladvisor.org\/pt\/selecione-o-intervalo\/\",\"url\":\"https:\/\/exceladvisor.org\/pt\/selecione-o-intervalo\/\",\"name\":\"\u25b7 Como selecionar intervalo no Excel? (Tutorial 2023)\",\"isPartOf\":{\"@id\":\"https:\/\/exceladvisor.org\/pt\/#website\"},\"primaryImageOfPage\":{\"@id\":\"https:\/\/exceladvisor.org\/pt\/selecione-o-intervalo\/#primaryimage\"},\"image\":{\"@id\":\"https:\/\/exceladvisor.org\/pt\/selecione-o-intervalo\/#primaryimage\"},\"thumbnailUrl\":\"https:\/\/exceladvisor.org\/wp-content\/uploads\/2023\/08\/gif-selectionner-une-seule-cellule.gif\",\"datePublished\":\"2023-11-17T23:12:54+00:00\",\"dateModified\":\"2023-12-06T11:42:13+00:00\",\"description\":\"Este tutorial se concentra na sele\u00e7\u00e3o de um intervalo. Isso \u00e9 algo importante a aprender para um novo usu\u00e1rio do Excel.\",\"breadcrumb\":{\"@id\":\"https:\/\/exceladvisor.org\/pt\/selecione-o-intervalo\/#breadcrumb\"},\"inLanguage\":\"pt-PT\",\"potentialAction\":[{\"@type\":\"ReadAction\",\"target\":[\"https:\/\/exceladvisor.org\/pt\/selecione-o-intervalo\/\"]}]},{\"@type\":\"ImageObject\",\"inLanguage\":\"pt-PT\",\"@id\":\"https:\/\/exceladvisor.org\/pt\/selecione-o-intervalo\/#primaryimage\",\"url\":\"https:\/\/exceladvisor.org\/wp-content\/uploads\/2023\/08\/gif-selectionner-une-seule-cellule.gif\",\"contentUrl\":\"https:\/\/exceladvisor.org\/wp-content\/uploads\/2023\/08\/gif-selectionner-une-seule-cellule.gif\"},{\"@type\":\"BreadcrumbList\",\"@id\":\"https:\/\/exceladvisor.org\/pt\/selecione-o-intervalo\/#breadcrumb\",\"itemListElement\":[{\"@type\":\"ListItem\",\"position\":1,\"name\":\"Lar\",\"item\":\"https:\/\/exceladvisor.org\/pt\/\"},{\"@type\":\"ListItem\",\"position\":2,\"name\":\"Como selecionar intervalo no excel?\"}]},{\"@type\":\"WebSite\",\"@id\":\"https:\/\/exceladvisor.org\/pt\/#website\",\"url\":\"https:\/\/exceladvisor.org\/pt\/\",\"name\":\"Excel Advisor\",\"description\":\"O seu guia definitivo para dominar os dados!\",\"publisher\":{\"@id\":\"https:\/\/exceladvisor.org\/pt\/#organization\"},\"potentialAction\":[{\"@type\":\"SearchAction\",\"target\":{\"@type\":\"EntryPoint\",\"urlTemplate\":\"https:\/\/exceladvisor.org\/pt\/?s={search_term_string}\"},\"query-input\":{\"@type\":\"PropertyValueSpecification\",\"valueRequired\":true,\"valueName\":\"search_term_string\"}}],\"inLanguage\":\"pt-PT\"},{\"@type\":\"Organization\",\"@id\":\"https:\/\/exceladvisor.org\/pt\/#organization\",\"name\":\"Excel Advisor\",\"url\":\"https:\/\/exceladvisor.org\/pt\/\",\"logo\":{\"@type\":\"ImageObject\",\"inLanguage\":\"pt-PT\",\"@id\":\"https:\/\/exceladvisor.org\/pt\/#\/schema\/logo\/image\/\",\"url\":\"https:\/\/exceladvisor.org\/pt\/wp-content\/uploads\/2023\/12\/exceladvisor.org_.png\",\"contentUrl\":\"https:\/\/exceladvisor.org\/pt\/wp-content\/uploads\/2023\/12\/exceladvisor.org_.png\",\"width\":105,\"height\":36,\"caption\":\"Excel Advisor\"},\"image\":{\"@id\":\"https:\/\/exceladvisor.org\/pt\/#\/schema\/logo\/image\/\"}}]}<\/script>\n<!-- \/ Yoast SEO plugin. -->","yoast_head_json":{"title":"\u25b7 Como selecionar intervalo no Excel? (Tutorial 2023)","description":"Este tutorial se concentra na sele\u00e7\u00e3o de um intervalo. Isso \u00e9 algo importante a aprender para um novo usu\u00e1rio do Excel.","robots":{"index":"index","follow":"follow","max-snippet":"max-snippet:-1","max-image-preview":"max-image-preview:large","max-video-preview":"max-video-preview:-1"},"canonical":"https:\/\/exceladvisor.org\/pt\/selecione-o-intervalo\/","og_locale":"pt_PT","og_type":"article","og_title":"\u25b7 Como selecionar intervalo no Excel? (Tutorial 2023)","og_description":"Este tutorial se concentra na sele\u00e7\u00e3o de um intervalo. Isso \u00e9 algo importante a aprender para um novo usu\u00e1rio do Excel.","og_url":"https:\/\/exceladvisor.org\/pt\/selecione-o-intervalo\/","og_site_name":"Excel Advisor","article_modified_time":"2023-12-06T11:42:13+00:00","og_image":[{"url":"https:\/\/exceladvisor.org\/wp-content\/uploads\/2023\/08\/gif-selectionner-une-seule-cellule.gif","type":"","width":"","height":""}],"twitter_card":"summary_large_image","twitter_misc":{"Tempo estimado de leitura":"3 minutos"},"schema":{"@context":"https:\/\/schema.org","@graph":[{"@type":"WebPage","@id":"https:\/\/exceladvisor.org\/pt\/selecione-o-intervalo\/","url":"https:\/\/exceladvisor.org\/pt\/selecione-o-intervalo\/","name":"\u25b7 Como selecionar intervalo no Excel? (Tutorial 2023)","isPartOf":{"@id":"https:\/\/exceladvisor.org\/pt\/#website"},"primaryImageOfPage":{"@id":"https:\/\/exceladvisor.org\/pt\/selecione-o-intervalo\/#primaryimage"},"image":{"@id":"https:\/\/exceladvisor.org\/pt\/selecione-o-intervalo\/#primaryimage"},"thumbnailUrl":"https:\/\/exceladvisor.org\/wp-content\/uploads\/2023\/08\/gif-selectionner-une-seule-cellule.gif","datePublished":"2023-11-17T23:12:54+00:00","dateModified":"2023-12-06T11:42:13+00:00","description":"Este tutorial se concentra na sele\u00e7\u00e3o de um intervalo. Isso \u00e9 algo importante a aprender para um novo usu\u00e1rio do Excel.","breadcrumb":{"@id":"https:\/\/exceladvisor.org\/pt\/selecione-o-intervalo\/#breadcrumb"},"inLanguage":"pt-PT","potentialAction":[{"@type":"ReadAction","target":["https:\/\/exceladvisor.org\/pt\/selecione-o-intervalo\/"]}]},{"@type":"ImageObject","inLanguage":"pt-PT","@id":"https:\/\/exceladvisor.org\/pt\/selecione-o-intervalo\/#primaryimage","url":"https:\/\/exceladvisor.org\/wp-content\/uploads\/2023\/08\/gif-selectionner-une-seule-cellule.gif","contentUrl":"https:\/\/exceladvisor.org\/wp-content\/uploads\/2023\/08\/gif-selectionner-une-seule-cellule.gif"},{"@type":"BreadcrumbList","@id":"https:\/\/exceladvisor.org\/pt\/selecione-o-intervalo\/#breadcrumb","itemListElement":[{"@type":"ListItem","position":1,"name":"Lar","item":"https:\/\/exceladvisor.org\/pt\/"},{"@type":"ListItem","position":2,"name":"Como selecionar intervalo no excel?"}]},{"@type":"WebSite","@id":"https:\/\/exceladvisor.org\/pt\/#website","url":"https:\/\/exceladvisor.org\/pt\/","name":"Excel Advisor","description":"O seu guia definitivo para dominar os dados!","publisher":{"@id":"https:\/\/exceladvisor.org\/pt\/#organization"},"potentialAction":[{"@type":"SearchAction","target":{"@type":"EntryPoint","urlTemplate":"https:\/\/exceladvisor.org\/pt\/?s={search_term_string}"},"query-input":{"@type":"PropertyValueSpecification","valueRequired":true,"valueName":"search_term_string"}}],"inLanguage":"pt-PT"},{"@type":"Organization","@id":"https:\/\/exceladvisor.org\/pt\/#organization","name":"Excel Advisor","url":"https:\/\/exceladvisor.org\/pt\/","logo":{"@type":"ImageObject","inLanguage":"pt-PT","@id":"https:\/\/exceladvisor.org\/pt\/#\/schema\/logo\/image\/","url":"https:\/\/exceladvisor.org\/pt\/wp-content\/uploads\/2023\/12\/exceladvisor.org_.png","contentUrl":"https:\/\/exceladvisor.org\/pt\/wp-content\/uploads\/2023\/12\/exceladvisor.org_.png","width":105,"height":36,"caption":"Excel Advisor"},"image":{"@id":"https:\/\/exceladvisor.org\/pt\/#\/schema\/logo\/image\/"}}]}},"yoast_meta":{"yoast_wpseo_title":"","yoast_wpseo_metadesc":"","yoast_wpseo_canonical":""},"_links":{"self":[{"href":"https:\/\/exceladvisor.org\/pt\/wp-json\/wp\/v2\/pages\/50","targetHints":{"allow":["GET"]}}],"collection":[{"href":"https:\/\/exceladvisor.org\/pt\/wp-json\/wp\/v2\/pages"}],"about":[{"href":"https:\/\/exceladvisor.org\/pt\/wp-json\/wp\/v2\/types\/page"}],"author":[{"embeddable":true,"href":"https:\/\/exceladvisor.org\/pt\/wp-json\/wp\/v2\/users\/1"}],"replies":[{"embeddable":true,"href":"https:\/\/exceladvisor.org\/pt\/wp-json\/wp\/v2\/comments?post=50"}],"version-history":[{"count":1,"href":"https:\/\/exceladvisor.org\/pt\/wp-json\/wp\/v2\/pages\/50\/revisions"}],"predecessor-version":[{"id":1191,"href":"https:\/\/exceladvisor.org\/pt\/wp-json\/wp\/v2\/pages\/50\/revisions\/1191"}],"wp:attachment":[{"href":"https:\/\/exceladvisor.org\/pt\/wp-json\/wp\/v2\/media?parent=50"}],"curies":[{"name":"wp","href":"https:\/\/api.w.org\/{rel}","templated":true}]}}