{"id":51,"date":"2023-11-17T21:36:05","date_gmt":"2023-11-17T21:36:05","guid":{"rendered":"https:\/\/exceladvisor.org\/pt\/tabela-dinamica\/"},"modified":"2023-12-06T11:37:08","modified_gmt":"2023-12-06T11:37:08","slug":"tabela-dinamica","status":"publish","type":"page","link":"https:\/\/exceladvisor.org\/pt\/tabela-dinamica\/","title":{"rendered":"Como criar uma tabela din\u00e2mica em vba?"},"content":{"rendered":"<div class=\"excel-before-content-2\" id=\"excel-1392906563\"><script type=\"text\/javascript\">\r\n\tatOptions = {\r\n\t\t'key' : 'c1158f160081d6540a8409e6925dab94',\r\n\t\t'format' : 'iframe',\r\n\t\t'height' : 250,\r\n\t\t'width' : 300,\r\n\t\t'params' : {}\r\n\t};\r\n<\/script>\r\n<script type=\"text\/javascript\" src=\"\/\/www.highperformanceformat.com\/c1158f160081d6540a8409e6925dab94\/invoke.js\"><\/script><\/div><div class=\"excel-before-content\" id=\"excel-3555649237\"><script type=\"text\/javascript\">\r\n\tatOptions = {\r\n\t\t'key' : 'c1158f160081d6540a8409e6925dab94',\r\n\t\t'format' : 'iframe',\r\n\t\t'height' : 250,\r\n\t\t'width' : 300,\r\n\t\t'params' : {}\r\n\t};\r\n<\/script>\r\n<script type=\"text\/javascript\" src=\"\/\/www.highperformanceformat.com\/c1158f160081d6540a8409e6925dab94\/invoke.js\"><\/script><\/div> <p>Um array din\u00e2mico \u00e9 algo onde voc\u00ea pode redimensionar o array e agregar mais valor a ele enquanto executa o c\u00f3digo. Neste tutorial, exploraremos maneiras de escrever c\u00f3digo onde voc\u00ea pode redimensionar e adicionar mais elementos.<\/p><h2 class=\"wp-block-heading\"> Crie uma tabela din\u00e2mica em VBA<\/h2><ol type=\"1\"><li> Primeiro, declare um array com seu nome.<\/li><li> Depois disso, o n\u00famero de elementos deixou os par\u00eanteses vazios.<\/li><li> Agora use a instru\u00e7\u00e3o ReDim.<\/li><li> No final, especifique o n\u00famero de elementos que deseja adicionar ao array. <\/li><\/ol><pre class=\"wp-block-code\"> <code class=\"language-visual-basic\" lang=\"visual-basic\">Dim myArray() As String ReDim myArray(5)<\/code><\/pre><div class=\"wp-block-image\"><figure class=\"aligncenter size-large is-resized\"><img loading=\"lazy\" decoding=\"async\" class=\"wp-image-57185\" src=\"https:\/\/exceladvisor.org\/wp-content\/uploads\/2023\/08\/1-tableau-dynamique-en-vba-1.png\" sizes=\"auto, \" srcset=\"\" alt=\"matriz din\u00e2mica em vba\" width=\"386\" height=\"292\"><\/figure><\/div><p> N\u00e3o se esque\u00e7a de ler <a href=\"https:\/\/bytecomb.com\/vba-internals-performance-of-fixed-vs-dynamic-arrays\/\" target=\"_blank\" rel=\"noreferrer noopener nofollow\">este artigo<\/a> de Joshua sobre desempenho de array fixo e din\u00e2mico.<\/p><h2 class=\"wp-block-heading\"> Matriz multidimensional din\u00e2mica<\/h2><p> O exemplo que usamos foi um array unidimensional e da mesma forma, voc\u00ea tamb\u00e9m usa a instru\u00e7\u00e3o ReDim para criar arrays multidimensionais din\u00e2micos. <\/p><pre class=\"wp-block-code\"> <code class=\"language-visual-basic\" lang=\"visual-basic\">Dim myArray() As String ReDim myArray(5, 8)<\/code><\/pre><div class=\"wp-block-image\"><figure class=\"aligncenter size-large is-resized\"><img loading=\"lazy\" decoding=\"async\" class=\"wp-image-57186\" src=\"https:\/\/exceladvisor.org\/wp-content\/uploads\/2023\/08\/2-reseau-dynamique-multidimensionnel-2.png\" sizes=\"auto, \" srcset=\"\" alt=\"\" width=\"428\" height=\"310\"><\/figure><\/div><h2 class=\"wp-block-heading\"> Adicione um novo elemento a um array din\u00e2mico em VBA<\/h2><p> Um array din\u00e2mico n\u00e3o ter\u00e1 sentido se voc\u00ea n\u00e3o puder adicionar um novo elemento a ele. No pr\u00f3ximo exemplo, veremos como adicionar novos elementos depois de redefinir o n\u00famero de elementos em um array.<\/p><pre class=\"wp-block-code\"> <code class=\"language-visual-basic\" lang=\"visual-basic\">'declaring array with no element. '--------------------- Dim iNames() As String '--------------------- 'declaring variables to store counter _ 'and elements from the range. '---------------------- Dim iCount As Integer Dim iElement As Integer '---------------------- 'get the last row number to decide the _ 'number of elements for the array. '------------------------------------ iCount = Range(\"A1\").End(xlDown).Row '------------------------------------ 're-defining the elements for the array. '------------------- ReDim iNames(iCount) '------------------- 'using a for loop to add elements in the array 'from the range starting from cell A1 '-------------------------------------------------- For iElement = 1 To iCount iNames(iElement - 1) = Cells(iElement, 1).Value Next iElement '-------------------------------------------------- 'print all the elements from the 'to the immediate window '-------------------- Debug.Print iNames(0) Debug.Print iNames(1) Debug.Print iNames(2) '--------------------<\/code><\/pre><p> Vamos entender esse c\u00f3digo passo a passo.<\/p><ol type=\"1\"><li> Na primeira etapa, voc\u00ea declarou um array com o nome &#8220;myArray&#8221;.<\/li><li> Depois disso voc\u00ea tem duas vari\u00e1veis para salvar os valores do contador para o loop que voc\u00ea precisa usar posteriormente no c\u00f3digo para obter valores do intervalo e adicionar esses valores como elementos ao array.<\/li><li> Ent\u00e3o voc\u00ea tem uma linha de c\u00f3digo para obter a \u00faltima linha do intervalo que ajuda voc\u00ea a saber quais elementos voc\u00ea precisa adicionar ao array.<\/li><li> Na quarta etapa, voc\u00ea usou a instru\u00e7\u00e3o ReDim para redefinir os elementos da matriz usando o \u00faltimo n\u00famero de linha obtido na etapa anterior.<\/li><li> Ent\u00e3o voc\u00ea tem FOR LOOP (For Next) que percorre o intervalo come\u00e7ando na c\u00e9lula A1, pega os valores de l\u00e1 e os adiciona como elementos ao array, um por um.<\/li><li> No final, voc\u00ea tem a instru\u00e7\u00e3o Debug.Print para imprimir todos os itens na <a href=\"https:\/\/exceladvisor.org\/pt\/impressao-de-depuracao-de-janela-imediata\/\">janela imediata<\/a> . <\/li><\/ol><div class=\"wp-block-image\"><figure class=\"aligncenter size-large is-resized\"><img loading=\"lazy\" decoding=\"async\" class=\"wp-image-57187\" src=\"https:\/\/exceladvisor.org\/wp-content\/uploads\/2023\/08\/3-ajouter-un-nouvel-element-au-tableau-dynamique-3.png\" sizes=\"auto, \" srcset=\"\" alt=\"\" width=\"623\" height=\"329\"><\/figure><\/div><p> E quando adiciono um novo valor ao intervalo e executo o c\u00f3digo novamente, ele adiciona automaticamente esse elemento ao array e o imprime na <a href=\"https:\/\/exceladvisor.org\/pt\/impressao-de-depuracao-de-janela-imediata\/\">janela imediata<\/a> . <\/p><div class=\"wp-block-image\"><figure class=\"aligncenter size-large is-resized\"><img loading=\"lazy\" decoding=\"async\" class=\"wp-image-57188\" src=\"https:\/\/exceladvisor.org\/wp-content\/uploads\/2023\/08\/4-ajouter-une-nouvelle-valeur-a-la-plage-4.png\" sizes=\"auto, \" srcset=\"\" alt=\"\" width=\"549\" height=\"397\"><\/figure><\/div><div class=\"gb-container gb-container-4db6181c gb-container-mt\"> <a class=\"gb-button gb-button-c5897111 gb-button-text gb-button-mt-button\" href=\"https:\/\/exceladvisor.org\/pt\/vba\/\">O que \u00e9 VBA<\/a><h2 class=\"gb-headline gb-headline-665e5f6b gb-headline-text gb-headline-mt-heading\"> Saiba mais sobre <a href=\"https:\/\/exceladvisor.org\/pt\/pinturas\/\">tabelas VBA<\/a> <\/h2><div class=\"gb-grid-wrapper gb-grid-wrapper-a20baf7c gb-grid-wrapper-mt-grid\"><div class=\"gb-grid-column gb-grid-column-65ddf67e\"><div class=\"gb-container gb-container-65ddf67e\"><ul><li> <a href=\"https:\/\/exceladvisor.org\/pt\/adicione-uma-nova-matriz-de-valores\/\">VBA Adicionar novo valor ao array<\/a><\/li><li> <a href=\"https:\/\/exceladvisor.org\/pt\/tamanho-da-matriz\/\">Comprimento da matriz VBA (tamanho)<\/a><\/li><li> <a href=\"https:\/\/exceladvisor.org\/pt\/mesa-com-correntes\/\">Matriz VBA com strings<\/a><\/li><li> <a href=\"https:\/\/exceladvisor.org\/pt\/apague-o-quadro\/\">Matriz limpa VBA<\/a> <\/li><\/ul><\/div><\/div><div class=\"gb-grid-column gb-grid-column-50067b57\"><div class=\"gb-container gb-container-50067b57\"><ul><li> <a href=\"https:\/\/exceladvisor.org\/pt\/matriz-de-loop-vba\/\">Loop VBA em uma matriz<\/a><\/li><li> <a href=\"https:\/\/exceladvisor.org\/pt\/matriz-multidimensional\/\">Matriz multidimensional VBA<\/a><\/li><li> <a href=\"https:\/\/exceladvisor.org\/pt\/praia-tem-uma-pintura\/\">Intervalo VBA para um array<\/a><\/li><li> <a href=\"https:\/\/exceladvisor.org\/pt\/tabela-de-classificacao\/\">Tabela de sa\u00edda VBA<\/a><\/li><\/ul><\/div><\/div><\/div><\/div>","protected":false},"excerpt":{"rendered":"","protected":false},"author":1,"featured_media":0,"parent":0,"menu_order":0,"comment_status":"open","ping_status":"closed","template":"","meta":{"ub_ctt_via":"","footnotes":""},"class_list":["post-51","page","type-page","status-publish","hentry"],"featured_image_src":null,"yoast_head":"<!-- This site is optimized with the Yoast SEO plugin v25.4 - https:\/\/yoast.com\/wordpress\/plugins\/seo\/ -->\n<title>\u25b7 Como criar uma tabela din\u00e2mica em VBA (ReDim)?<\/title>\n<meta name=\"description\" content=\"Neste tutorial, voc\u00ea aprende como criar uma tabela din\u00e2mica onde pode alterar o tamanho da tabela.\" \/>\n<meta name=\"robots\" content=\"index, follow, max-snippet:-1, max-image-preview:large, max-video-preview:-1\" \/>\n<link rel=\"canonical\" href=\"https:\/\/exceladvisor.org\/pt\/tabela-dinamica\/\" \/>\n<meta property=\"og:locale\" content=\"pt_PT\" \/>\n<meta property=\"og:type\" content=\"article\" \/>\n<meta property=\"og:title\" content=\"\u25b7 Como criar uma tabela din\u00e2mica em VBA (ReDim)?\" \/>\n<meta property=\"og:description\" content=\"Neste tutorial, voc\u00ea aprende como criar uma tabela din\u00e2mica onde pode alterar o tamanho da tabela.\" \/>\n<meta property=\"og:url\" content=\"https:\/\/exceladvisor.org\/pt\/tabela-dinamica\/\" \/>\n<meta property=\"og:site_name\" content=\"Excel Advisor\" \/>\n<meta property=\"article:modified_time\" content=\"2023-12-06T11:37:08+00:00\" \/>\n<meta property=\"og:image\" content=\"https:\/\/exceladvisor.org\/wp-content\/uploads\/2023\/08\/1-tableau-dynamique-en-vba-1.png\" \/>\n<meta name=\"twitter:card\" content=\"summary_large_image\" \/>\n<meta name=\"twitter:label1\" content=\"Tempo estimado de leitura\" \/>\n\t<meta name=\"twitter:data1\" content=\"3 minutos\" \/>\n<script type=\"application\/ld+json\" class=\"yoast-schema-graph\">{\"@context\":\"https:\/\/schema.org\",\"@graph\":[{\"@type\":\"WebPage\",\"@id\":\"https:\/\/exceladvisor.org\/pt\/tabela-dinamica\/\",\"url\":\"https:\/\/exceladvisor.org\/pt\/tabela-dinamica\/\",\"name\":\"\u25b7 Como criar uma tabela din\u00e2mica em VBA (ReDim)?\",\"isPartOf\":{\"@id\":\"https:\/\/exceladvisor.org\/pt\/#website\"},\"primaryImageOfPage\":{\"@id\":\"https:\/\/exceladvisor.org\/pt\/tabela-dinamica\/#primaryimage\"},\"image\":{\"@id\":\"https:\/\/exceladvisor.org\/pt\/tabela-dinamica\/#primaryimage\"},\"thumbnailUrl\":\"https:\/\/exceladvisor.org\/wp-content\/uploads\/2023\/08\/1-tableau-dynamique-en-vba-1.png\",\"datePublished\":\"2023-11-17T21:36:05+00:00\",\"dateModified\":\"2023-12-06T11:37:08+00:00\",\"description\":\"Neste tutorial, voc\u00ea aprende como criar uma tabela din\u00e2mica onde pode alterar o tamanho da tabela.\",\"breadcrumb\":{\"@id\":\"https:\/\/exceladvisor.org\/pt\/tabela-dinamica\/#breadcrumb\"},\"inLanguage\":\"pt-PT\",\"potentialAction\":[{\"@type\":\"ReadAction\",\"target\":[\"https:\/\/exceladvisor.org\/pt\/tabela-dinamica\/\"]}]},{\"@type\":\"ImageObject\",\"inLanguage\":\"pt-PT\",\"@id\":\"https:\/\/exceladvisor.org\/pt\/tabela-dinamica\/#primaryimage\",\"url\":\"https:\/\/exceladvisor.org\/wp-content\/uploads\/2023\/08\/1-tableau-dynamique-en-vba-1.png\",\"contentUrl\":\"https:\/\/exceladvisor.org\/wp-content\/uploads\/2023\/08\/1-tableau-dynamique-en-vba-1.png\"},{\"@type\":\"BreadcrumbList\",\"@id\":\"https:\/\/exceladvisor.org\/pt\/tabela-dinamica\/#breadcrumb\",\"itemListElement\":[{\"@type\":\"ListItem\",\"position\":1,\"name\":\"Lar\",\"item\":\"https:\/\/exceladvisor.org\/pt\/\"},{\"@type\":\"ListItem\",\"position\":2,\"name\":\"Como criar uma tabela din\u00e2mica em vba?\"}]},{\"@type\":\"WebSite\",\"@id\":\"https:\/\/exceladvisor.org\/pt\/#website\",\"url\":\"https:\/\/exceladvisor.org\/pt\/\",\"name\":\"Excel Advisor\",\"description\":\"O seu guia definitivo para dominar os dados!\",\"publisher\":{\"@id\":\"https:\/\/exceladvisor.org\/pt\/#organization\"},\"potentialAction\":[{\"@type\":\"SearchAction\",\"target\":{\"@type\":\"EntryPoint\",\"urlTemplate\":\"https:\/\/exceladvisor.org\/pt\/?s={search_term_string}\"},\"query-input\":{\"@type\":\"PropertyValueSpecification\",\"valueRequired\":true,\"valueName\":\"search_term_string\"}}],\"inLanguage\":\"pt-PT\"},{\"@type\":\"Organization\",\"@id\":\"https:\/\/exceladvisor.org\/pt\/#organization\",\"name\":\"Excel Advisor\",\"url\":\"https:\/\/exceladvisor.org\/pt\/\",\"logo\":{\"@type\":\"ImageObject\",\"inLanguage\":\"pt-PT\",\"@id\":\"https:\/\/exceladvisor.org\/pt\/#\/schema\/logo\/image\/\",\"url\":\"https:\/\/exceladvisor.org\/pt\/wp-content\/uploads\/2023\/12\/exceladvisor.org_.png\",\"contentUrl\":\"https:\/\/exceladvisor.org\/pt\/wp-content\/uploads\/2023\/12\/exceladvisor.org_.png\",\"width\":105,\"height\":36,\"caption\":\"Excel Advisor\"},\"image\":{\"@id\":\"https:\/\/exceladvisor.org\/pt\/#\/schema\/logo\/image\/\"}}]}<\/script>\n<!-- \/ Yoast SEO plugin. -->","yoast_head_json":{"title":"\u25b7 Como criar uma tabela din\u00e2mica em VBA (ReDim)?","description":"Neste tutorial, voc\u00ea aprende como criar uma tabela din\u00e2mica onde pode alterar o tamanho da tabela.","robots":{"index":"index","follow":"follow","max-snippet":"max-snippet:-1","max-image-preview":"max-image-preview:large","max-video-preview":"max-video-preview:-1"},"canonical":"https:\/\/exceladvisor.org\/pt\/tabela-dinamica\/","og_locale":"pt_PT","og_type":"article","og_title":"\u25b7 Como criar uma tabela din\u00e2mica em VBA (ReDim)?","og_description":"Neste tutorial, voc\u00ea aprende como criar uma tabela din\u00e2mica onde pode alterar o tamanho da tabela.","og_url":"https:\/\/exceladvisor.org\/pt\/tabela-dinamica\/","og_site_name":"Excel Advisor","article_modified_time":"2023-12-06T11:37:08+00:00","og_image":[{"url":"https:\/\/exceladvisor.org\/wp-content\/uploads\/2023\/08\/1-tableau-dynamique-en-vba-1.png","type":"","width":"","height":""}],"twitter_card":"summary_large_image","twitter_misc":{"Tempo estimado de leitura":"3 minutos"},"schema":{"@context":"https:\/\/schema.org","@graph":[{"@type":"WebPage","@id":"https:\/\/exceladvisor.org\/pt\/tabela-dinamica\/","url":"https:\/\/exceladvisor.org\/pt\/tabela-dinamica\/","name":"\u25b7 Como criar uma tabela din\u00e2mica em VBA (ReDim)?","isPartOf":{"@id":"https:\/\/exceladvisor.org\/pt\/#website"},"primaryImageOfPage":{"@id":"https:\/\/exceladvisor.org\/pt\/tabela-dinamica\/#primaryimage"},"image":{"@id":"https:\/\/exceladvisor.org\/pt\/tabela-dinamica\/#primaryimage"},"thumbnailUrl":"https:\/\/exceladvisor.org\/wp-content\/uploads\/2023\/08\/1-tableau-dynamique-en-vba-1.png","datePublished":"2023-11-17T21:36:05+00:00","dateModified":"2023-12-06T11:37:08+00:00","description":"Neste tutorial, voc\u00ea aprende como criar uma tabela din\u00e2mica onde pode alterar o tamanho da tabela.","breadcrumb":{"@id":"https:\/\/exceladvisor.org\/pt\/tabela-dinamica\/#breadcrumb"},"inLanguage":"pt-PT","potentialAction":[{"@type":"ReadAction","target":["https:\/\/exceladvisor.org\/pt\/tabela-dinamica\/"]}]},{"@type":"ImageObject","inLanguage":"pt-PT","@id":"https:\/\/exceladvisor.org\/pt\/tabela-dinamica\/#primaryimage","url":"https:\/\/exceladvisor.org\/wp-content\/uploads\/2023\/08\/1-tableau-dynamique-en-vba-1.png","contentUrl":"https:\/\/exceladvisor.org\/wp-content\/uploads\/2023\/08\/1-tableau-dynamique-en-vba-1.png"},{"@type":"BreadcrumbList","@id":"https:\/\/exceladvisor.org\/pt\/tabela-dinamica\/#breadcrumb","itemListElement":[{"@type":"ListItem","position":1,"name":"Lar","item":"https:\/\/exceladvisor.org\/pt\/"},{"@type":"ListItem","position":2,"name":"Como criar uma tabela din\u00e2mica em vba?"}]},{"@type":"WebSite","@id":"https:\/\/exceladvisor.org\/pt\/#website","url":"https:\/\/exceladvisor.org\/pt\/","name":"Excel Advisor","description":"O seu guia definitivo para dominar os dados!","publisher":{"@id":"https:\/\/exceladvisor.org\/pt\/#organization"},"potentialAction":[{"@type":"SearchAction","target":{"@type":"EntryPoint","urlTemplate":"https:\/\/exceladvisor.org\/pt\/?s={search_term_string}"},"query-input":{"@type":"PropertyValueSpecification","valueRequired":true,"valueName":"search_term_string"}}],"inLanguage":"pt-PT"},{"@type":"Organization","@id":"https:\/\/exceladvisor.org\/pt\/#organization","name":"Excel Advisor","url":"https:\/\/exceladvisor.org\/pt\/","logo":{"@type":"ImageObject","inLanguage":"pt-PT","@id":"https:\/\/exceladvisor.org\/pt\/#\/schema\/logo\/image\/","url":"https:\/\/exceladvisor.org\/pt\/wp-content\/uploads\/2023\/12\/exceladvisor.org_.png","contentUrl":"https:\/\/exceladvisor.org\/pt\/wp-content\/uploads\/2023\/12\/exceladvisor.org_.png","width":105,"height":36,"caption":"Excel Advisor"},"image":{"@id":"https:\/\/exceladvisor.org\/pt\/#\/schema\/logo\/image\/"}}]}},"yoast_meta":{"yoast_wpseo_title":"","yoast_wpseo_metadesc":"","yoast_wpseo_canonical":""},"_links":{"self":[{"href":"https:\/\/exceladvisor.org\/pt\/wp-json\/wp\/v2\/pages\/51","targetHints":{"allow":["GET"]}}],"collection":[{"href":"https:\/\/exceladvisor.org\/pt\/wp-json\/wp\/v2\/pages"}],"about":[{"href":"https:\/\/exceladvisor.org\/pt\/wp-json\/wp\/v2\/types\/page"}],"author":[{"embeddable":true,"href":"https:\/\/exceladvisor.org\/pt\/wp-json\/wp\/v2\/users\/1"}],"replies":[{"embeddable":true,"href":"https:\/\/exceladvisor.org\/pt\/wp-json\/wp\/v2\/comments?post=51"}],"version-history":[{"count":1,"href":"https:\/\/exceladvisor.org\/pt\/wp-json\/wp\/v2\/pages\/51\/revisions"}],"predecessor-version":[{"id":1014,"href":"https:\/\/exceladvisor.org\/pt\/wp-json\/wp\/v2\/pages\/51\/revisions\/1014"}],"wp:attachment":[{"href":"https:\/\/exceladvisor.org\/pt\/wp-json\/wp\/v2\/media?parent=51"}],"curies":[{"name":"wp","href":"https:\/\/api.w.org\/{rel}","templated":true}]}}