{"id":523,"date":"2023-10-25T03:41:25","date_gmt":"2023-10-25T03:41:25","guid":{"rendered":"https:\/\/exceladvisor.org\/pt\/espelho\/"},"modified":"2023-12-06T11:43:29","modified_gmt":"2023-12-06T11:43:29","slug":"espelho","status":"publish","type":"page","link":"https:\/\/exceladvisor.org\/pt\/espelho\/","title":{"rendered":"Como usar a fun\u00e7\u00e3o vba mirr?"},"content":{"rendered":"<div class=\"excel-before-content-2\" id=\"excel-782074192\"><script type=\"text\/javascript\">\r\n\tatOptions = {\r\n\t\t'key' : 'c1158f160081d6540a8409e6925dab94',\r\n\t\t'format' : 'iframe',\r\n\t\t'height' : 250,\r\n\t\t'width' : 300,\r\n\t\t'params' : {}\r\n\t};\r\n<\/script>\r\n<script type=\"text\/javascript\" src=\"\/\/www.highperformanceformat.com\/c1158f160081d6540a8409e6925dab94\/invoke.js\"><\/script><\/div><div class=\"excel-before-content\" id=\"excel-1942375186\"><script type=\"text\/javascript\">\r\n\tatOptions = {\r\n\t\t'key' : 'c1158f160081d6540a8409e6925dab94',\r\n\t\t'format' : 'iframe',\r\n\t\t'height' : 250,\r\n\t\t'width' : 300,\r\n\t\t'params' : {}\r\n\t};\r\n<\/script>\r\n<script type=\"text\/javascript\" src=\"\/\/www.highperformanceformat.com\/c1158f160081d6540a8409e6925dab94\/invoke.js\"><\/script><\/div> <p>A fun\u00e7\u00e3o VBA MIRR est\u00e1 listada na categoria financeira de fun\u00e7\u00f5es VBA. Quando voc\u00ea o usa no c\u00f3digo VBA, <strong>ele calcula a taxa interna de retorno modificada para uma s\u00e9rie fornecida de fluxos de caixa peri\u00f3dicos<\/strong> . Por se tratar de um termo financeiro, voc\u00ea pode saber mais sobre ele <a href=\"https:\/\/en.wikipedia.org\/wiki\/Modified_internal_rate_of_return\" target=\"_blank\" rel=\"nofollow noopener noreferrer\">aqui<\/a> .<\/p><h2 class=\"wp-block-heading\"> Sintaxe<\/h2><p> <strong>MIRR(ValueArray, FinanceRate, ReinvestRate)<\/strong><\/p><h2 class=\"wp-block-heading\"> Argumentos<\/h2><ul><li> <strong>ValueArray<\/strong> : Uma tabela de fluxo de caixa que representa pagamentos e receitas. Os pagamentos seriam em valores negativos e as receitas em valores positivos [Deve conter pelo menos um valor negativo e pelo menos um valor positivo].<\/li><li> <strong>FinanceRate<\/strong> : A taxa de juros paga sobre o dinheiro usado no fluxo de caixa.<\/li><li> <strong>ReinvestRate<\/strong> : A taxa de juros recebida sobre os fluxos de caixa reinvestidos.<\/li><\/ul><h2 class=\"wp-block-heading\"> Exemplo<\/h2><p> Para entender de forma pr\u00e1tica como usar a fun\u00e7\u00e3o VBA MIRR, voc\u00ea precisa seguir o exemplo abaixo, onde escrevemos um c\u00f3digo vba usando-a: <\/p><figure class=\"wp-block-image is-resized\"><img loading=\"lazy\" decoding=\"async\" title=\"exemplo-vba-mirr-fun\u00e7\u00e3o\" src=\"https:\/\/exceladvisor.org\/wp-content\/uploads\/2023\/08\/exemple-de-fonction-vba-mirr.png\" sizes=\"auto, \" srcset=\"\" alt=\"example-vba-mirr-function\" width=\"839\" height=\"710\"><\/figure><pre class=\"wp-block-code\"> <code class=\"language-visual-basic\" lang=\"visual-basic\">Sub example_MIRR() Dim cF(0 To 9) As Double cF(0) = -1000 cF(1) = 213.6 cF(2) = 259.22 cF(3) = 314.6 cF(4) = 381.79 cF(5) = 463.34 cF(6) = 562.31 cF(7) = 682.42 cF(8) = 828.19 cF(9) = 1005.09 Range(\"A1\").Value = MIRR(cF, 0.09, 0.08) End Sub<\/code><\/pre><p> No c\u00f3digo acima usamos MIRR para obter a taxa de juros de retorno de uma tabela (cF) na qual temos um investimento inicial de -1000 e depois todos os retornos em dinheiro nos pr\u00f3ximos 9 anos e tamb\u00e9m especificamos a taxa de financiamento e a taxa de reinvestimento e trouxe 22% no resultado.<\/p><h2 class=\"wp-block-heading\"> Coment\u00e1rios<\/h2><ul><li> Se a matriz que fornecemos n\u00e3o tiver um valor negativo e um valor for positivo ou n\u00e3o conseguir encontrar resultados ap\u00f3s 20 itera\u00e7\u00f5es, o VBA retornar\u00e1 o erro de tempo de execu\u00e7\u00e3o 5. <\/li><\/ul><div class=\"wp-block-group more-tutorials is-layout-flow\"><div class=\"wp-block-group__inner-container\"><h2 class=\"wp-block-heading\"> Mais tutoriais <\/h2><div class=\"wp-block-columns is-layout-flex wp-container-160\"><div class=\"wp-block-column is-layout-flow\"><ul><li> <a href=\"https:\/\/exceladvisor.org\/pt\/ddb\/\">VBA DDB<\/a><\/li><li> <a href=\"https:\/\/exceladvisor.org\/pt\/filme-2\/\">VBA VF<\/a><\/li><li> <a href=\"https:\/\/exceladvisor.org\/pt\/ipmt\/\">IPMT VBA<\/a><\/li><li> <a href=\"https:\/\/exceladvisor.org\/pt\/irr\/\">SA\u00cdDA VBA<\/a><\/li><li> <a href=\"https:\/\/exceladvisor.org\/pt\/nper\/\">NPER do VBA<\/a><\/li><\/ul><\/div><\/div><\/div><\/div>","protected":false},"excerpt":{"rendered":"","protected":false},"author":1,"featured_media":0,"parent":0,"menu_order":0,"comment_status":"open","ping_status":"closed","template":"","meta":{"ub_ctt_via":"","footnotes":""},"class_list":["post-523","page","type-page","status-publish","hentry"],"featured_image_src":null,"yoast_head":"<!-- This site is optimized with the Yoast SEO plugin v25.4 - https:\/\/yoast.com\/wordpress\/plugins\/seo\/ -->\n<title>Como usar a fun\u00e7\u00e3o VBA MIRR? (Sintaxe + Exemplo)<\/title>\n<meta name=\"description\" content=\"Aprenda como usar a fun\u00e7\u00e3o VBA MIRR com sintaxe, argumentos e exemplo com c\u00f3digo de exemplo.\" \/>\n<meta name=\"robots\" content=\"index, follow, max-snippet:-1, max-image-preview:large, max-video-preview:-1\" \/>\n<link rel=\"canonical\" href=\"https:\/\/exceladvisor.org\/pt\/espelho\/\" \/>\n<meta property=\"og:locale\" content=\"pt_PT\" \/>\n<meta property=\"og:type\" content=\"article\" \/>\n<meta property=\"og:title\" content=\"Como usar a fun\u00e7\u00e3o VBA MIRR? (Sintaxe + Exemplo)\" \/>\n<meta property=\"og:description\" content=\"Aprenda como usar a fun\u00e7\u00e3o VBA MIRR com sintaxe, argumentos e exemplo com c\u00f3digo de exemplo.\" \/>\n<meta property=\"og:url\" content=\"https:\/\/exceladvisor.org\/pt\/espelho\/\" \/>\n<meta property=\"og:site_name\" content=\"Excel Advisor\" \/>\n<meta property=\"article:modified_time\" content=\"2023-12-06T11:43:29+00:00\" \/>\n<meta property=\"og:image\" content=\"https:\/\/exceladvisor.org\/wp-content\/uploads\/2023\/08\/exemple-de-fonction-vba-mirr.png\" \/>\n<meta name=\"twitter:card\" content=\"summary_large_image\" \/>\n<meta name=\"twitter:label1\" content=\"Tempo estimado de leitura\" \/>\n\t<meta name=\"twitter:data1\" content=\"1 minuto\" \/>\n<script type=\"application\/ld+json\" class=\"yoast-schema-graph\">{\"@context\":\"https:\/\/schema.org\",\"@graph\":[{\"@type\":\"WebPage\",\"@id\":\"https:\/\/exceladvisor.org\/pt\/espelho\/\",\"url\":\"https:\/\/exceladvisor.org\/pt\/espelho\/\",\"name\":\"Como usar a fun\u00e7\u00e3o VBA MIRR? (Sintaxe + Exemplo)\",\"isPartOf\":{\"@id\":\"https:\/\/exceladvisor.org\/pt\/#website\"},\"primaryImageOfPage\":{\"@id\":\"https:\/\/exceladvisor.org\/pt\/espelho\/#primaryimage\"},\"image\":{\"@id\":\"https:\/\/exceladvisor.org\/pt\/espelho\/#primaryimage\"},\"thumbnailUrl\":\"https:\/\/exceladvisor.org\/wp-content\/uploads\/2023\/08\/exemple-de-fonction-vba-mirr.png\",\"datePublished\":\"2023-10-25T03:41:25+00:00\",\"dateModified\":\"2023-12-06T11:43:29+00:00\",\"description\":\"Aprenda como usar a fun\u00e7\u00e3o VBA MIRR com sintaxe, argumentos e exemplo com c\u00f3digo de exemplo.\",\"breadcrumb\":{\"@id\":\"https:\/\/exceladvisor.org\/pt\/espelho\/#breadcrumb\"},\"inLanguage\":\"pt-PT\",\"potentialAction\":[{\"@type\":\"ReadAction\",\"target\":[\"https:\/\/exceladvisor.org\/pt\/espelho\/\"]}]},{\"@type\":\"ImageObject\",\"inLanguage\":\"pt-PT\",\"@id\":\"https:\/\/exceladvisor.org\/pt\/espelho\/#primaryimage\",\"url\":\"https:\/\/exceladvisor.org\/wp-content\/uploads\/2023\/08\/exemple-de-fonction-vba-mirr.png\",\"contentUrl\":\"https:\/\/exceladvisor.org\/wp-content\/uploads\/2023\/08\/exemple-de-fonction-vba-mirr.png\"},{\"@type\":\"BreadcrumbList\",\"@id\":\"https:\/\/exceladvisor.org\/pt\/espelho\/#breadcrumb\",\"itemListElement\":[{\"@type\":\"ListItem\",\"position\":1,\"name\":\"Lar\",\"item\":\"https:\/\/exceladvisor.org\/pt\/\"},{\"@type\":\"ListItem\",\"position\":2,\"name\":\"Como usar a fun\u00e7\u00e3o vba mirr?\"}]},{\"@type\":\"WebSite\",\"@id\":\"https:\/\/exceladvisor.org\/pt\/#website\",\"url\":\"https:\/\/exceladvisor.org\/pt\/\",\"name\":\"Excel Advisor\",\"description\":\"O seu guia definitivo para dominar os dados!\",\"publisher\":{\"@id\":\"https:\/\/exceladvisor.org\/pt\/#organization\"},\"potentialAction\":[{\"@type\":\"SearchAction\",\"target\":{\"@type\":\"EntryPoint\",\"urlTemplate\":\"https:\/\/exceladvisor.org\/pt\/?s={search_term_string}\"},\"query-input\":{\"@type\":\"PropertyValueSpecification\",\"valueRequired\":true,\"valueName\":\"search_term_string\"}}],\"inLanguage\":\"pt-PT\"},{\"@type\":\"Organization\",\"@id\":\"https:\/\/exceladvisor.org\/pt\/#organization\",\"name\":\"Excel Advisor\",\"url\":\"https:\/\/exceladvisor.org\/pt\/\",\"logo\":{\"@type\":\"ImageObject\",\"inLanguage\":\"pt-PT\",\"@id\":\"https:\/\/exceladvisor.org\/pt\/#\/schema\/logo\/image\/\",\"url\":\"https:\/\/exceladvisor.org\/pt\/wp-content\/uploads\/2023\/12\/exceladvisor.org_.png\",\"contentUrl\":\"https:\/\/exceladvisor.org\/pt\/wp-content\/uploads\/2023\/12\/exceladvisor.org_.png\",\"width\":105,\"height\":36,\"caption\":\"Excel Advisor\"},\"image\":{\"@id\":\"https:\/\/exceladvisor.org\/pt\/#\/schema\/logo\/image\/\"}}]}<\/script>\n<!-- \/ Yoast SEO plugin. -->","yoast_head_json":{"title":"Como usar a fun\u00e7\u00e3o VBA MIRR? (Sintaxe + Exemplo)","description":"Aprenda como usar a fun\u00e7\u00e3o VBA MIRR com sintaxe, argumentos e exemplo com c\u00f3digo de exemplo.","robots":{"index":"index","follow":"follow","max-snippet":"max-snippet:-1","max-image-preview":"max-image-preview:large","max-video-preview":"max-video-preview:-1"},"canonical":"https:\/\/exceladvisor.org\/pt\/espelho\/","og_locale":"pt_PT","og_type":"article","og_title":"Como usar a fun\u00e7\u00e3o VBA MIRR? (Sintaxe + Exemplo)","og_description":"Aprenda como usar a fun\u00e7\u00e3o VBA MIRR com sintaxe, argumentos e exemplo com c\u00f3digo de exemplo.","og_url":"https:\/\/exceladvisor.org\/pt\/espelho\/","og_site_name":"Excel Advisor","article_modified_time":"2023-12-06T11:43:29+00:00","og_image":[{"url":"https:\/\/exceladvisor.org\/wp-content\/uploads\/2023\/08\/exemple-de-fonction-vba-mirr.png","type":"","width":"","height":""}],"twitter_card":"summary_large_image","twitter_misc":{"Tempo estimado de leitura":"1 minuto"},"schema":{"@context":"https:\/\/schema.org","@graph":[{"@type":"WebPage","@id":"https:\/\/exceladvisor.org\/pt\/espelho\/","url":"https:\/\/exceladvisor.org\/pt\/espelho\/","name":"Como usar a fun\u00e7\u00e3o VBA MIRR? (Sintaxe + Exemplo)","isPartOf":{"@id":"https:\/\/exceladvisor.org\/pt\/#website"},"primaryImageOfPage":{"@id":"https:\/\/exceladvisor.org\/pt\/espelho\/#primaryimage"},"image":{"@id":"https:\/\/exceladvisor.org\/pt\/espelho\/#primaryimage"},"thumbnailUrl":"https:\/\/exceladvisor.org\/wp-content\/uploads\/2023\/08\/exemple-de-fonction-vba-mirr.png","datePublished":"2023-10-25T03:41:25+00:00","dateModified":"2023-12-06T11:43:29+00:00","description":"Aprenda como usar a fun\u00e7\u00e3o VBA MIRR com sintaxe, argumentos e exemplo com c\u00f3digo de exemplo.","breadcrumb":{"@id":"https:\/\/exceladvisor.org\/pt\/espelho\/#breadcrumb"},"inLanguage":"pt-PT","potentialAction":[{"@type":"ReadAction","target":["https:\/\/exceladvisor.org\/pt\/espelho\/"]}]},{"@type":"ImageObject","inLanguage":"pt-PT","@id":"https:\/\/exceladvisor.org\/pt\/espelho\/#primaryimage","url":"https:\/\/exceladvisor.org\/wp-content\/uploads\/2023\/08\/exemple-de-fonction-vba-mirr.png","contentUrl":"https:\/\/exceladvisor.org\/wp-content\/uploads\/2023\/08\/exemple-de-fonction-vba-mirr.png"},{"@type":"BreadcrumbList","@id":"https:\/\/exceladvisor.org\/pt\/espelho\/#breadcrumb","itemListElement":[{"@type":"ListItem","position":1,"name":"Lar","item":"https:\/\/exceladvisor.org\/pt\/"},{"@type":"ListItem","position":2,"name":"Como usar a fun\u00e7\u00e3o vba mirr?"}]},{"@type":"WebSite","@id":"https:\/\/exceladvisor.org\/pt\/#website","url":"https:\/\/exceladvisor.org\/pt\/","name":"Excel Advisor","description":"O seu guia definitivo para dominar os dados!","publisher":{"@id":"https:\/\/exceladvisor.org\/pt\/#organization"},"potentialAction":[{"@type":"SearchAction","target":{"@type":"EntryPoint","urlTemplate":"https:\/\/exceladvisor.org\/pt\/?s={search_term_string}"},"query-input":{"@type":"PropertyValueSpecification","valueRequired":true,"valueName":"search_term_string"}}],"inLanguage":"pt-PT"},{"@type":"Organization","@id":"https:\/\/exceladvisor.org\/pt\/#organization","name":"Excel Advisor","url":"https:\/\/exceladvisor.org\/pt\/","logo":{"@type":"ImageObject","inLanguage":"pt-PT","@id":"https:\/\/exceladvisor.org\/pt\/#\/schema\/logo\/image\/","url":"https:\/\/exceladvisor.org\/pt\/wp-content\/uploads\/2023\/12\/exceladvisor.org_.png","contentUrl":"https:\/\/exceladvisor.org\/pt\/wp-content\/uploads\/2023\/12\/exceladvisor.org_.png","width":105,"height":36,"caption":"Excel Advisor"},"image":{"@id":"https:\/\/exceladvisor.org\/pt\/#\/schema\/logo\/image\/"}}]}},"yoast_meta":{"yoast_wpseo_title":"","yoast_wpseo_metadesc":"","yoast_wpseo_canonical":""},"_links":{"self":[{"href":"https:\/\/exceladvisor.org\/pt\/wp-json\/wp\/v2\/pages\/523","targetHints":{"allow":["GET"]}}],"collection":[{"href":"https:\/\/exceladvisor.org\/pt\/wp-json\/wp\/v2\/pages"}],"about":[{"href":"https:\/\/exceladvisor.org\/pt\/wp-json\/wp\/v2\/types\/page"}],"author":[{"embeddable":true,"href":"https:\/\/exceladvisor.org\/pt\/wp-json\/wp\/v2\/users\/1"}],"replies":[{"embeddable":true,"href":"https:\/\/exceladvisor.org\/pt\/wp-json\/wp\/v2\/comments?post=523"}],"version-history":[{"count":1,"href":"https:\/\/exceladvisor.org\/pt\/wp-json\/wp\/v2\/pages\/523\/revisions"}],"predecessor-version":[{"id":1294,"href":"https:\/\/exceladvisor.org\/pt\/wp-json\/wp\/v2\/pages\/523\/revisions\/1294"}],"wp:attachment":[{"href":"https:\/\/exceladvisor.org\/pt\/wp-json\/wp\/v2\/media?parent=523"}],"curies":[{"name":"wp","href":"https:\/\/api.w.org\/{rel}","templated":true}]}}