{"id":527,"date":"2023-10-24T23:55:06","date_gmt":"2023-10-24T23:55:06","guid":{"rendered":"https:\/\/exceladvisor.org\/pt\/espaco\/"},"modified":"2023-12-06T11:43:39","modified_gmt":"2023-12-06T11:43:39","slug":"espaco","status":"publish","type":"page","link":"https:\/\/exceladvisor.org\/pt\/espaco\/","title":{"rendered":"Como usar a fun\u00e7\u00e3o vba space?"},"content":{"rendered":"<div class=\"excel-before-content-2\" id=\"excel-2855475510\"><script type=\"text\/javascript\">\r\n\tatOptions = {\r\n\t\t'key' : 'c1158f160081d6540a8409e6925dab94',\r\n\t\t'format' : 'iframe',\r\n\t\t'height' : 250,\r\n\t\t'width' : 300,\r\n\t\t'params' : {}\r\n\t};\r\n<\/script>\r\n<script type=\"text\/javascript\" src=\"\/\/www.highperformanceformat.com\/c1158f160081d6540a8409e6925dab94\/invoke.js\"><\/script><\/div><div class=\"excel-before-content\" id=\"excel-2210849382\"><script type=\"text\/javascript\">\r\n\tatOptions = {\r\n\t\t'key' : 'c1158f160081d6540a8409e6925dab94',\r\n\t\t'format' : 'iframe',\r\n\t\t'height' : 250,\r\n\t\t'width' : 300,\r\n\t\t'params' : {}\r\n\t};\r\n<\/script>\r\n<script type=\"text\/javascript\" src=\"\/\/www.highperformanceformat.com\/c1158f160081d6540a8409e6925dab94\/invoke.js\"><\/script><\/div> <p class=\"content-box-grey\">A fun\u00e7\u00e3o VBA SPACE est\u00e1 listada na categoria de texto de fun\u00e7\u00f5es VBA. Quando voc\u00ea o usa no c\u00f3digo VBA, <strong>ele retorna uma string que consiste em um n\u00famero especificado de espa\u00e7os<\/strong> . Simplificando, com a fun\u00e7\u00e3o de espa\u00e7o, voc\u00ea pode criar espa\u00e7os fornecendo n\u00fameros.<\/p><h2 class=\"wp-block-heading\"> Sintaxe<\/h2><p> <strong>Espa\u00e7o (n\u00famero)<\/strong><\/p><h2 class=\"wp-block-heading\"> Argumentos<\/h2><ul><li> <strong>Number<\/strong> : um n\u00famero para especificar o n\u00famero de espa\u00e7os para compor a string no resultado.<\/li><\/ul><h2 class=\"wp-block-heading\"> Exemplo<\/h2><p> Para entender de forma pr\u00e1tica como usar a fun\u00e7\u00e3o VBA SPACE, voc\u00ea precisa seguir o exemplo abaixo, onde escrevemos um c\u00f3digo VBA usando-a: <\/p><div class=\"wp-block-image is-style-default\"><figure class=\"aligncenter is-resized\"><img loading=\"lazy\" decoding=\"async\" title=\"exemplo-vba-space-function\" src=\"https:\/\/exceladvisor.org\/wp-content\/uploads\/2023\/08\/exemple-de-fonction-despace-vba.png\" sizes=\"auto, \" srcset=\"\" alt=\"example-vba-space-function\" width=\"717\" height=\"428\"><\/figure><\/div><pre class=\"wp-block-code\"> <code class=\"language-visual-basic\" lang=\"visual-basic\">Sub example_SPACE() Range(\"A1\").Value = Space(5) End Sub<\/code><\/pre><p> No c\u00f3digo acima, usamos SPACE para criar uma string na c\u00e9lula B1 com todos os 5 espa\u00e7os, conforme especificamos 5 no argumento.<\/p><h2 class=\"wp-block-heading\"> Coment\u00e1rios<\/h2><ul><li> Se o n\u00famero fornecido for negativo, o VBA retornar\u00e1 um erro de tempo de execu\u00e7\u00e3o 5. <\/li><\/ul><div class=\"wp-block-group more-tutorials is-layout-flow\"><div class=\"wp-block-group__inner-container\"><h2 class=\"wp-block-heading\"> Mais tutoriais <\/h2><div class=\"wp-block-columns is-layout-flex wp-container-84\"><div class=\"wp-block-column is-layout-flow\"><ul><li> <a href=\"https:\/\/exceladvisor.org\/pt\/esquerda\/\">VBA ESQUERDA<\/a><\/li><li> <a href=\"https:\/\/exceladvisor.org\/pt\/vba-lento\/\">LEN VBA<\/a><\/li><li> <a href=\"https:\/\/exceladvisor.org\/pt\/ltrim\/\">VBA LTRIM<\/a><\/li><li> <a href=\"https:\/\/exceladvisor.org\/pt\/meio-dia\/\">VBA M\u00c9DIO<\/a><\/li><li> <a href=\"https:\/\/exceladvisor.org\/pt\/substituir\/\">SUBSTITUIR VBA<\/a><\/li><\/ul><\/div><div class=\"wp-block-column is-layout-flow\"><\/div><\/div><\/div><\/div>","protected":false},"excerpt":{"rendered":"","protected":false},"author":1,"featured_media":0,"parent":0,"menu_order":0,"comment_status":"open","ping_status":"closed","template":"","meta":{"ub_ctt_via":"","footnotes":""},"class_list":["post-527","page","type-page","status-publish","hentry"],"featured_image_src":null,"yoast_head":"<!-- This site is optimized with the Yoast SEO plugin v25.4 - https:\/\/yoast.com\/wordpress\/plugins\/seo\/ -->\n<title>Como usar a fun\u00e7\u00e3o VBA SPACE? (sintaxe + exemplo)<\/title>\n<meta name=\"description\" content=\"Aprenda como usar a fun\u00e7\u00e3o VBA SPACE com sintaxe, argumentos e exemplo com c\u00f3digo de exemplo.\" \/>\n<meta name=\"robots\" content=\"index, follow, max-snippet:-1, max-image-preview:large, max-video-preview:-1\" \/>\n<link rel=\"canonical\" href=\"https:\/\/exceladvisor.org\/pt\/espaco\/\" \/>\n<meta property=\"og:locale\" content=\"pt_PT\" \/>\n<meta property=\"og:type\" content=\"article\" \/>\n<meta property=\"og:title\" content=\"Como usar a fun\u00e7\u00e3o VBA SPACE? (sintaxe + exemplo)\" \/>\n<meta property=\"og:description\" content=\"Aprenda como usar a fun\u00e7\u00e3o VBA SPACE com sintaxe, argumentos e exemplo com c\u00f3digo de exemplo.\" \/>\n<meta property=\"og:url\" content=\"https:\/\/exceladvisor.org\/pt\/espaco\/\" \/>\n<meta property=\"og:site_name\" content=\"Excel Advisor\" \/>\n<meta property=\"article:modified_time\" content=\"2023-12-06T11:43:39+00:00\" \/>\n<meta property=\"og:image\" content=\"https:\/\/exceladvisor.org\/wp-content\/uploads\/2023\/08\/exemple-de-fonction-despace-vba.png\" \/>\n<meta name=\"twitter:card\" content=\"summary_large_image\" \/>\n<meta name=\"twitter:label1\" content=\"Tempo estimado de leitura\" \/>\n\t<meta name=\"twitter:data1\" content=\"1 minuto\" \/>\n<script type=\"application\/ld+json\" class=\"yoast-schema-graph\">{\"@context\":\"https:\/\/schema.org\",\"@graph\":[{\"@type\":\"WebPage\",\"@id\":\"https:\/\/exceladvisor.org\/pt\/espaco\/\",\"url\":\"https:\/\/exceladvisor.org\/pt\/espaco\/\",\"name\":\"Como usar a fun\u00e7\u00e3o VBA SPACE? (sintaxe + exemplo)\",\"isPartOf\":{\"@id\":\"https:\/\/exceladvisor.org\/pt\/#website\"},\"primaryImageOfPage\":{\"@id\":\"https:\/\/exceladvisor.org\/pt\/espaco\/#primaryimage\"},\"image\":{\"@id\":\"https:\/\/exceladvisor.org\/pt\/espaco\/#primaryimage\"},\"thumbnailUrl\":\"https:\/\/exceladvisor.org\/wp-content\/uploads\/2023\/08\/exemple-de-fonction-despace-vba.png\",\"datePublished\":\"2023-10-24T23:55:06+00:00\",\"dateModified\":\"2023-12-06T11:43:39+00:00\",\"description\":\"Aprenda como usar a fun\u00e7\u00e3o VBA SPACE com sintaxe, argumentos e exemplo com c\u00f3digo de exemplo.\",\"breadcrumb\":{\"@id\":\"https:\/\/exceladvisor.org\/pt\/espaco\/#breadcrumb\"},\"inLanguage\":\"pt-PT\",\"potentialAction\":[{\"@type\":\"ReadAction\",\"target\":[\"https:\/\/exceladvisor.org\/pt\/espaco\/\"]}]},{\"@type\":\"ImageObject\",\"inLanguage\":\"pt-PT\",\"@id\":\"https:\/\/exceladvisor.org\/pt\/espaco\/#primaryimage\",\"url\":\"https:\/\/exceladvisor.org\/wp-content\/uploads\/2023\/08\/exemple-de-fonction-despace-vba.png\",\"contentUrl\":\"https:\/\/exceladvisor.org\/wp-content\/uploads\/2023\/08\/exemple-de-fonction-despace-vba.png\"},{\"@type\":\"BreadcrumbList\",\"@id\":\"https:\/\/exceladvisor.org\/pt\/espaco\/#breadcrumb\",\"itemListElement\":[{\"@type\":\"ListItem\",\"position\":1,\"name\":\"Lar\",\"item\":\"https:\/\/exceladvisor.org\/pt\/\"},{\"@type\":\"ListItem\",\"position\":2,\"name\":\"Como usar a fun\u00e7\u00e3o vba space?\"}]},{\"@type\":\"WebSite\",\"@id\":\"https:\/\/exceladvisor.org\/pt\/#website\",\"url\":\"https:\/\/exceladvisor.org\/pt\/\",\"name\":\"Excel Advisor\",\"description\":\"O seu guia definitivo para dominar os dados!\",\"publisher\":{\"@id\":\"https:\/\/exceladvisor.org\/pt\/#organization\"},\"potentialAction\":[{\"@type\":\"SearchAction\",\"target\":{\"@type\":\"EntryPoint\",\"urlTemplate\":\"https:\/\/exceladvisor.org\/pt\/?s={search_term_string}\"},\"query-input\":{\"@type\":\"PropertyValueSpecification\",\"valueRequired\":true,\"valueName\":\"search_term_string\"}}],\"inLanguage\":\"pt-PT\"},{\"@type\":\"Organization\",\"@id\":\"https:\/\/exceladvisor.org\/pt\/#organization\",\"name\":\"Excel Advisor\",\"url\":\"https:\/\/exceladvisor.org\/pt\/\",\"logo\":{\"@type\":\"ImageObject\",\"inLanguage\":\"pt-PT\",\"@id\":\"https:\/\/exceladvisor.org\/pt\/#\/schema\/logo\/image\/\",\"url\":\"https:\/\/exceladvisor.org\/pt\/wp-content\/uploads\/2023\/12\/exceladvisor.org_.png\",\"contentUrl\":\"https:\/\/exceladvisor.org\/pt\/wp-content\/uploads\/2023\/12\/exceladvisor.org_.png\",\"width\":105,\"height\":36,\"caption\":\"Excel Advisor\"},\"image\":{\"@id\":\"https:\/\/exceladvisor.org\/pt\/#\/schema\/logo\/image\/\"}}]}<\/script>\n<!-- \/ Yoast SEO plugin. -->","yoast_head_json":{"title":"Como usar a fun\u00e7\u00e3o VBA SPACE? (sintaxe + exemplo)","description":"Aprenda como usar a fun\u00e7\u00e3o VBA SPACE com sintaxe, argumentos e exemplo com c\u00f3digo de exemplo.","robots":{"index":"index","follow":"follow","max-snippet":"max-snippet:-1","max-image-preview":"max-image-preview:large","max-video-preview":"max-video-preview:-1"},"canonical":"https:\/\/exceladvisor.org\/pt\/espaco\/","og_locale":"pt_PT","og_type":"article","og_title":"Como usar a fun\u00e7\u00e3o VBA SPACE? (sintaxe + exemplo)","og_description":"Aprenda como usar a fun\u00e7\u00e3o VBA SPACE com sintaxe, argumentos e exemplo com c\u00f3digo de exemplo.","og_url":"https:\/\/exceladvisor.org\/pt\/espaco\/","og_site_name":"Excel Advisor","article_modified_time":"2023-12-06T11:43:39+00:00","og_image":[{"url":"https:\/\/exceladvisor.org\/wp-content\/uploads\/2023\/08\/exemple-de-fonction-despace-vba.png","type":"","width":"","height":""}],"twitter_card":"summary_large_image","twitter_misc":{"Tempo estimado de leitura":"1 minuto"},"schema":{"@context":"https:\/\/schema.org","@graph":[{"@type":"WebPage","@id":"https:\/\/exceladvisor.org\/pt\/espaco\/","url":"https:\/\/exceladvisor.org\/pt\/espaco\/","name":"Como usar a fun\u00e7\u00e3o VBA SPACE? (sintaxe + exemplo)","isPartOf":{"@id":"https:\/\/exceladvisor.org\/pt\/#website"},"primaryImageOfPage":{"@id":"https:\/\/exceladvisor.org\/pt\/espaco\/#primaryimage"},"image":{"@id":"https:\/\/exceladvisor.org\/pt\/espaco\/#primaryimage"},"thumbnailUrl":"https:\/\/exceladvisor.org\/wp-content\/uploads\/2023\/08\/exemple-de-fonction-despace-vba.png","datePublished":"2023-10-24T23:55:06+00:00","dateModified":"2023-12-06T11:43:39+00:00","description":"Aprenda como usar a fun\u00e7\u00e3o VBA SPACE com sintaxe, argumentos e exemplo com c\u00f3digo de exemplo.","breadcrumb":{"@id":"https:\/\/exceladvisor.org\/pt\/espaco\/#breadcrumb"},"inLanguage":"pt-PT","potentialAction":[{"@type":"ReadAction","target":["https:\/\/exceladvisor.org\/pt\/espaco\/"]}]},{"@type":"ImageObject","inLanguage":"pt-PT","@id":"https:\/\/exceladvisor.org\/pt\/espaco\/#primaryimage","url":"https:\/\/exceladvisor.org\/wp-content\/uploads\/2023\/08\/exemple-de-fonction-despace-vba.png","contentUrl":"https:\/\/exceladvisor.org\/wp-content\/uploads\/2023\/08\/exemple-de-fonction-despace-vba.png"},{"@type":"BreadcrumbList","@id":"https:\/\/exceladvisor.org\/pt\/espaco\/#breadcrumb","itemListElement":[{"@type":"ListItem","position":1,"name":"Lar","item":"https:\/\/exceladvisor.org\/pt\/"},{"@type":"ListItem","position":2,"name":"Como usar a fun\u00e7\u00e3o vba space?"}]},{"@type":"WebSite","@id":"https:\/\/exceladvisor.org\/pt\/#website","url":"https:\/\/exceladvisor.org\/pt\/","name":"Excel Advisor","description":"O seu guia definitivo para dominar os dados!","publisher":{"@id":"https:\/\/exceladvisor.org\/pt\/#organization"},"potentialAction":[{"@type":"SearchAction","target":{"@type":"EntryPoint","urlTemplate":"https:\/\/exceladvisor.org\/pt\/?s={search_term_string}"},"query-input":{"@type":"PropertyValueSpecification","valueRequired":true,"valueName":"search_term_string"}}],"inLanguage":"pt-PT"},{"@type":"Organization","@id":"https:\/\/exceladvisor.org\/pt\/#organization","name":"Excel Advisor","url":"https:\/\/exceladvisor.org\/pt\/","logo":{"@type":"ImageObject","inLanguage":"pt-PT","@id":"https:\/\/exceladvisor.org\/pt\/#\/schema\/logo\/image\/","url":"https:\/\/exceladvisor.org\/pt\/wp-content\/uploads\/2023\/12\/exceladvisor.org_.png","contentUrl":"https:\/\/exceladvisor.org\/pt\/wp-content\/uploads\/2023\/12\/exceladvisor.org_.png","width":105,"height":36,"caption":"Excel Advisor"},"image":{"@id":"https:\/\/exceladvisor.org\/pt\/#\/schema\/logo\/image\/"}}]}},"yoast_meta":{"yoast_wpseo_title":"","yoast_wpseo_metadesc":"","yoast_wpseo_canonical":""},"_links":{"self":[{"href":"https:\/\/exceladvisor.org\/pt\/wp-json\/wp\/v2\/pages\/527","targetHints":{"allow":["GET"]}}],"collection":[{"href":"https:\/\/exceladvisor.org\/pt\/wp-json\/wp\/v2\/pages"}],"about":[{"href":"https:\/\/exceladvisor.org\/pt\/wp-json\/wp\/v2\/types\/page"}],"author":[{"embeddable":true,"href":"https:\/\/exceladvisor.org\/pt\/wp-json\/wp\/v2\/users\/1"}],"replies":[{"embeddable":true,"href":"https:\/\/exceladvisor.org\/pt\/wp-json\/wp\/v2\/comments?post=527"}],"version-history":[{"count":1,"href":"https:\/\/exceladvisor.org\/pt\/wp-json\/wp\/v2\/pages\/527\/revisions"}],"predecessor-version":[{"id":1308,"href":"https:\/\/exceladvisor.org\/pt\/wp-json\/wp\/v2\/pages\/527\/revisions\/1308"}],"wp:attachment":[{"href":"https:\/\/exceladvisor.org\/pt\/wp-json\/wp\/v2\/media?parent=527"}],"curies":[{"name":"wp","href":"https:\/\/api.w.org\/{rel}","templated":true}]}}