{"id":54,"date":"2023-11-17T21:02:46","date_gmt":"2023-11-17T21:02:46","guid":{"rendered":"https:\/\/exceladvisor.org\/pt\/matriz-multidimensional\/"},"modified":"2023-12-06T11:37:10","modified_gmt":"2023-12-06T11:37:10","slug":"matriz-multidimensional","status":"publish","type":"page","link":"https:\/\/exceladvisor.org\/pt\/matriz-multidimensional\/","title":{"rendered":"Como criar uma tabela multidimensional?"},"content":{"rendered":"<div class=\"excel-before-content-2\" id=\"excel-1195352387\"><script type=\"text\/javascript\">\r\n\tatOptions = {\r\n\t\t'key' : 'c1158f160081d6540a8409e6925dab94',\r\n\t\t'format' : 'iframe',\r\n\t\t'height' : 250,\r\n\t\t'width' : 300,\r\n\t\t'params' : {}\r\n\t};\r\n<\/script>\r\n<script type=\"text\/javascript\" src=\"\/\/www.highperformanceformat.com\/c1158f160081d6540a8409e6925dab94\/invoke.js\"><\/script><\/div><div class=\"excel-before-content\" id=\"excel-3910980279\"><script type=\"text\/javascript\">\r\n\tatOptions = {\r\n\t\t'key' : 'c1158f160081d6540a8409e6925dab94',\r\n\t\t'format' : 'iframe',\r\n\t\t'height' : 250,\r\n\t\t'width' : 300,\r\n\t\t'params' : {}\r\n\t};\r\n<\/script>\r\n<script type=\"text\/javascript\" src=\"\/\/www.highperformanceformat.com\/c1158f160081d6540a8409e6925dab94\/invoke.js\"><\/script><\/div> <p>Para criar um array com m\u00faltiplas dimens\u00f5es, voc\u00ea deve definir as dimens\u00f5es ao declarar o array. Bem, voc\u00ea pode definir quantas dimens\u00f5es quiser (o VBA permite 60 dimens\u00f5es), mas provavelmente n\u00e3o precisar\u00e1 usar mais de 2 ou 3 dimens\u00f5es de qualquer um dos arrays. Usar uma tabela bidimensional \u00e9 como ter linhas e colunas.<\/p><p> Neste tutorial veremos como criar um array 2D e 3D.<\/p><h2 class=\"wp-block-heading\"> Crie um array multidimensional em VBA<\/h2><ol><li> Use a <a href=\"https:\/\/exceladvisor.org\/pt\/fraco\/\">instru\u00e7\u00e3o Dim<\/a> para declarar o array com qualquer nome que voc\u00ea desejar. <br><img loading=\"lazy\" decoding=\"async\" title=\"1-matriz multidimensional-1\" src=\"https:\/\/exceladvisor.org\/wp-content\/uploads\/2023\/08\/1-tableau-multidimensionnel-1.png\" sizes=\"auto, \" srcset=\"\" alt=\"\" width=\"466\" height=\"212\"><\/li><li> Depois disso, insira um par\u00eantese inicial e defina o n\u00famero de elementos para a primeira dimens\u00e3o. <br><img loading=\"lazy\" decoding=\"async\" title=\"2-conjunto-n\u00famero-de-elementos-2\" src=\"https:\/\/exceladvisor.org\/wp-content\/uploads\/2023\/08\/2-definir-le-nombre-delements-2.png\" sizes=\"auto, \" srcset=\"\" alt=\"\" width=\"465\" height=\"218\"><\/li><li> Em seguida, digite um comando e insira o n\u00famero de itens que deseja ter na segunda dimens\u00e3o e feche os par\u00eanteses. <br><img loading=\"lazy\" decoding=\"async\" title=\"3-insira uma contagem de itens\" src=\"https:\/\/exceladvisor.org\/wp-content\/uploads\/2023\/08\/3-entrez-un-nombre-delements.png\" sizes=\"auto, \" srcset=\"\" alt=\"\" width=\"465\" height=\"231\"><\/li><li> Ao final, defina o <a href=\"https:\/\/exceladvisor.org\/pt\/variaveis\/\">tipo de dados<\/a> da tabela como variante ou qualquer tipo de dados desejado. <br><img loading=\"lazy\" decoding=\"async\" title=\"4-tabela-como-variante-4\" src=\"https:\/\/exceladvisor.org\/wp-content\/uploads\/2023\/08\/4-tableau-en-variante-4.png\" sizes=\"auto, \" srcset=\"\" alt=\"\" width=\"512\" height=\"193\"><\/li><\/ol><p> Aqui est\u00e1 o c\u00f3digo.<\/p><pre class=\"wp-block-code\"> <code class=\"language-visual-basic\" lang=\"visual-basic\">Sub vba_multi_dimensional_array() Dim myArray(5, 2) As Variant myArray(1, 1) = 1 myArray(2, 1) = 2 myArray(3, 1) = 3 myArray(4, 1) = 4 myArray(5, 1) = 5 myArray(1, 2) = 6 myArray(2, 2) = 7 myArray(3, 2) = 8 myArray(4, 2) = 9 myArray(5, 2) = 10 End Sub<\/code><\/pre><p> O c\u00f3digo acima para a tabela cria uma tabela com 5 linhas e 2 colunas e ter\u00e1 esta apar\u00eancia. <\/p><div class=\"wp-block-image\"><figure class=\"aligncenter size-large is-resized\"><img loading=\"lazy\" decoding=\"async\" class=\"wp-image-57145\" src=\"https:\/\/exceladvisor.org\/wp-content\/uploads\/2023\/08\/5-cree-un-tableau-5.png\" sizes=\"auto, \" srcset=\"\" alt=\"crie um quadro-5\" width=\"158\" height=\"121\"><\/figure><\/div><div class=\"gb-container gb-container-4db6181c gb-container-mt\"> <a class=\"gb-button gb-button-c5897111 gb-button-text gb-button-mt-button\" href=\"https:\/\/exceladvisor.org\/pt\/vba\/\">O que \u00e9 VBA<\/a><h2 class=\"gb-headline gb-headline-665e5f6b gb-headline-text gb-headline-mt-heading\"> Saiba mais sobre <a href=\"https:\/\/exceladvisor.org\/pt\/pinturas\/\">tabelas VBA<\/a> <\/h2><div class=\"gb-grid-wrapper gb-grid-wrapper-a20baf7c gb-grid-wrapper-mt-grid\"><div class=\"gb-grid-column gb-grid-column-65ddf67e\"><div class=\"gb-container gb-container-65ddf67e\"><ul><li> <a href=\"https:\/\/exceladvisor.org\/pt\/adicione-uma-nova-matriz-de-valores\/\">VBA Adicionar novo valor ao array<\/a><\/li><li> <a href=\"https:\/\/exceladvisor.org\/pt\/tamanho-da-matriz\/\">Comprimento da matriz VBA (tamanho)<\/a><\/li><li> <a href=\"https:\/\/exceladvisor.org\/pt\/mesa-com-correntes\/\">Matriz VBA com strings<\/a><\/li><li> <a href=\"https:\/\/exceladvisor.org\/pt\/apague-o-quadro\/\">Matriz limpa VBA<\/a><\/li><li> <a href=\"https:\/\/exceladvisor.org\/pt\/tabela-dinamica\/\">Tabela din\u00e2mica VBA<\/a> <\/li><\/ul><\/div><\/div><div class=\"gb-grid-column gb-grid-column-50067b57\"><div class=\"gb-container gb-container-50067b57\"><\/div><\/div><\/div><\/div>","protected":false},"excerpt":{"rendered":"","protected":false},"author":1,"featured_media":0,"parent":0,"menu_order":0,"comment_status":"open","ping_status":"closed","template":"","meta":{"ub_ctt_via":"","footnotes":""},"class_list":["post-54","page","type-page","status-publish","hentry"],"featured_image_src":null,"yoast_head":"<!-- This site is optimized with the Yoast SEO plugin v25.4 - https:\/\/yoast.com\/wordpress\/plugins\/seo\/ -->\n<title>Como criar uma tabela multidimensional usando VBA?<\/title>\n<meta name=\"description\" content=\"Para criar um array com m\u00faltiplas dimens\u00f5es, voc\u00ea deve definir as dimens\u00f5es ao declarar o array. Bem, voc\u00ea pode\" \/>\n<meta name=\"robots\" content=\"index, follow, max-snippet:-1, max-image-preview:large, max-video-preview:-1\" \/>\n<link rel=\"canonical\" href=\"https:\/\/exceladvisor.org\/pt\/matriz-multidimensional\/\" \/>\n<meta property=\"og:locale\" content=\"pt_PT\" \/>\n<meta property=\"og:type\" content=\"article\" \/>\n<meta property=\"og:title\" content=\"Como criar uma tabela multidimensional usando VBA?\" \/>\n<meta property=\"og:description\" content=\"Para criar um array com m\u00faltiplas dimens\u00f5es, voc\u00ea deve definir as dimens\u00f5es ao declarar o array. Bem, voc\u00ea pode\" \/>\n<meta property=\"og:url\" content=\"https:\/\/exceladvisor.org\/pt\/matriz-multidimensional\/\" \/>\n<meta property=\"og:site_name\" content=\"Excel Advisor\" \/>\n<meta property=\"article:modified_time\" content=\"2023-12-06T11:37:10+00:00\" \/>\n<meta property=\"og:image\" content=\"https:\/\/exceladvisor.org\/wp-content\/uploads\/2023\/08\/1-tableau-multidimensionnel-1.png\" \/>\n<meta name=\"twitter:card\" content=\"summary_large_image\" \/>\n<meta name=\"twitter:label1\" content=\"Tempo estimado de leitura\" \/>\n\t<meta name=\"twitter:data1\" content=\"1 minuto\" \/>\n<script type=\"application\/ld+json\" class=\"yoast-schema-graph\">{\"@context\":\"https:\/\/schema.org\",\"@graph\":[{\"@type\":\"WebPage\",\"@id\":\"https:\/\/exceladvisor.org\/pt\/matriz-multidimensional\/\",\"url\":\"https:\/\/exceladvisor.org\/pt\/matriz-multidimensional\/\",\"name\":\"Como criar uma tabela multidimensional usando VBA?\",\"isPartOf\":{\"@id\":\"https:\/\/exceladvisor.org\/pt\/#website\"},\"primaryImageOfPage\":{\"@id\":\"https:\/\/exceladvisor.org\/pt\/matriz-multidimensional\/#primaryimage\"},\"image\":{\"@id\":\"https:\/\/exceladvisor.org\/pt\/matriz-multidimensional\/#primaryimage\"},\"thumbnailUrl\":\"https:\/\/exceladvisor.org\/wp-content\/uploads\/2023\/08\/1-tableau-multidimensionnel-1.png\",\"datePublished\":\"2023-11-17T21:02:46+00:00\",\"dateModified\":\"2023-12-06T11:37:10+00:00\",\"description\":\"Para criar um array com m\u00faltiplas dimens\u00f5es, voc\u00ea deve definir as dimens\u00f5es ao declarar o array. Bem, voc\u00ea pode\",\"breadcrumb\":{\"@id\":\"https:\/\/exceladvisor.org\/pt\/matriz-multidimensional\/#breadcrumb\"},\"inLanguage\":\"pt-PT\",\"potentialAction\":[{\"@type\":\"ReadAction\",\"target\":[\"https:\/\/exceladvisor.org\/pt\/matriz-multidimensional\/\"]}]},{\"@type\":\"ImageObject\",\"inLanguage\":\"pt-PT\",\"@id\":\"https:\/\/exceladvisor.org\/pt\/matriz-multidimensional\/#primaryimage\",\"url\":\"https:\/\/exceladvisor.org\/wp-content\/uploads\/2023\/08\/1-tableau-multidimensionnel-1.png\",\"contentUrl\":\"https:\/\/exceladvisor.org\/wp-content\/uploads\/2023\/08\/1-tableau-multidimensionnel-1.png\"},{\"@type\":\"BreadcrumbList\",\"@id\":\"https:\/\/exceladvisor.org\/pt\/matriz-multidimensional\/#breadcrumb\",\"itemListElement\":[{\"@type\":\"ListItem\",\"position\":1,\"name\":\"Lar\",\"item\":\"https:\/\/exceladvisor.org\/pt\/\"},{\"@type\":\"ListItem\",\"position\":2,\"name\":\"Como criar uma tabela multidimensional?\"}]},{\"@type\":\"WebSite\",\"@id\":\"https:\/\/exceladvisor.org\/pt\/#website\",\"url\":\"https:\/\/exceladvisor.org\/pt\/\",\"name\":\"Excel Advisor\",\"description\":\"O seu guia definitivo para dominar os dados!\",\"publisher\":{\"@id\":\"https:\/\/exceladvisor.org\/pt\/#organization\"},\"potentialAction\":[{\"@type\":\"SearchAction\",\"target\":{\"@type\":\"EntryPoint\",\"urlTemplate\":\"https:\/\/exceladvisor.org\/pt\/?s={search_term_string}\"},\"query-input\":{\"@type\":\"PropertyValueSpecification\",\"valueRequired\":true,\"valueName\":\"search_term_string\"}}],\"inLanguage\":\"pt-PT\"},{\"@type\":\"Organization\",\"@id\":\"https:\/\/exceladvisor.org\/pt\/#organization\",\"name\":\"Excel Advisor\",\"url\":\"https:\/\/exceladvisor.org\/pt\/\",\"logo\":{\"@type\":\"ImageObject\",\"inLanguage\":\"pt-PT\",\"@id\":\"https:\/\/exceladvisor.org\/pt\/#\/schema\/logo\/image\/\",\"url\":\"https:\/\/exceladvisor.org\/pt\/wp-content\/uploads\/2023\/12\/exceladvisor.org_.png\",\"contentUrl\":\"https:\/\/exceladvisor.org\/pt\/wp-content\/uploads\/2023\/12\/exceladvisor.org_.png\",\"width\":105,\"height\":36,\"caption\":\"Excel Advisor\"},\"image\":{\"@id\":\"https:\/\/exceladvisor.org\/pt\/#\/schema\/logo\/image\/\"}}]}<\/script>\n<!-- \/ Yoast SEO plugin. -->","yoast_head_json":{"title":"Como criar uma tabela multidimensional usando VBA?","description":"Para criar um array com m\u00faltiplas dimens\u00f5es, voc\u00ea deve definir as dimens\u00f5es ao declarar o array. Bem, voc\u00ea pode","robots":{"index":"index","follow":"follow","max-snippet":"max-snippet:-1","max-image-preview":"max-image-preview:large","max-video-preview":"max-video-preview:-1"},"canonical":"https:\/\/exceladvisor.org\/pt\/matriz-multidimensional\/","og_locale":"pt_PT","og_type":"article","og_title":"Como criar uma tabela multidimensional usando VBA?","og_description":"Para criar um array com m\u00faltiplas dimens\u00f5es, voc\u00ea deve definir as dimens\u00f5es ao declarar o array. Bem, voc\u00ea pode","og_url":"https:\/\/exceladvisor.org\/pt\/matriz-multidimensional\/","og_site_name":"Excel Advisor","article_modified_time":"2023-12-06T11:37:10+00:00","og_image":[{"url":"https:\/\/exceladvisor.org\/wp-content\/uploads\/2023\/08\/1-tableau-multidimensionnel-1.png","type":"","width":"","height":""}],"twitter_card":"summary_large_image","twitter_misc":{"Tempo estimado de leitura":"1 minuto"},"schema":{"@context":"https:\/\/schema.org","@graph":[{"@type":"WebPage","@id":"https:\/\/exceladvisor.org\/pt\/matriz-multidimensional\/","url":"https:\/\/exceladvisor.org\/pt\/matriz-multidimensional\/","name":"Como criar uma tabela multidimensional usando VBA?","isPartOf":{"@id":"https:\/\/exceladvisor.org\/pt\/#website"},"primaryImageOfPage":{"@id":"https:\/\/exceladvisor.org\/pt\/matriz-multidimensional\/#primaryimage"},"image":{"@id":"https:\/\/exceladvisor.org\/pt\/matriz-multidimensional\/#primaryimage"},"thumbnailUrl":"https:\/\/exceladvisor.org\/wp-content\/uploads\/2023\/08\/1-tableau-multidimensionnel-1.png","datePublished":"2023-11-17T21:02:46+00:00","dateModified":"2023-12-06T11:37:10+00:00","description":"Para criar um array com m\u00faltiplas dimens\u00f5es, voc\u00ea deve definir as dimens\u00f5es ao declarar o array. Bem, voc\u00ea pode","breadcrumb":{"@id":"https:\/\/exceladvisor.org\/pt\/matriz-multidimensional\/#breadcrumb"},"inLanguage":"pt-PT","potentialAction":[{"@type":"ReadAction","target":["https:\/\/exceladvisor.org\/pt\/matriz-multidimensional\/"]}]},{"@type":"ImageObject","inLanguage":"pt-PT","@id":"https:\/\/exceladvisor.org\/pt\/matriz-multidimensional\/#primaryimage","url":"https:\/\/exceladvisor.org\/wp-content\/uploads\/2023\/08\/1-tableau-multidimensionnel-1.png","contentUrl":"https:\/\/exceladvisor.org\/wp-content\/uploads\/2023\/08\/1-tableau-multidimensionnel-1.png"},{"@type":"BreadcrumbList","@id":"https:\/\/exceladvisor.org\/pt\/matriz-multidimensional\/#breadcrumb","itemListElement":[{"@type":"ListItem","position":1,"name":"Lar","item":"https:\/\/exceladvisor.org\/pt\/"},{"@type":"ListItem","position":2,"name":"Como criar uma tabela multidimensional?"}]},{"@type":"WebSite","@id":"https:\/\/exceladvisor.org\/pt\/#website","url":"https:\/\/exceladvisor.org\/pt\/","name":"Excel Advisor","description":"O seu guia definitivo para dominar os dados!","publisher":{"@id":"https:\/\/exceladvisor.org\/pt\/#organization"},"potentialAction":[{"@type":"SearchAction","target":{"@type":"EntryPoint","urlTemplate":"https:\/\/exceladvisor.org\/pt\/?s={search_term_string}"},"query-input":{"@type":"PropertyValueSpecification","valueRequired":true,"valueName":"search_term_string"}}],"inLanguage":"pt-PT"},{"@type":"Organization","@id":"https:\/\/exceladvisor.org\/pt\/#organization","name":"Excel Advisor","url":"https:\/\/exceladvisor.org\/pt\/","logo":{"@type":"ImageObject","inLanguage":"pt-PT","@id":"https:\/\/exceladvisor.org\/pt\/#\/schema\/logo\/image\/","url":"https:\/\/exceladvisor.org\/pt\/wp-content\/uploads\/2023\/12\/exceladvisor.org_.png","contentUrl":"https:\/\/exceladvisor.org\/pt\/wp-content\/uploads\/2023\/12\/exceladvisor.org_.png","width":105,"height":36,"caption":"Excel Advisor"},"image":{"@id":"https:\/\/exceladvisor.org\/pt\/#\/schema\/logo\/image\/"}}]}},"yoast_meta":{"yoast_wpseo_title":"","yoast_wpseo_metadesc":"","yoast_wpseo_canonical":""},"_links":{"self":[{"href":"https:\/\/exceladvisor.org\/pt\/wp-json\/wp\/v2\/pages\/54","targetHints":{"allow":["GET"]}}],"collection":[{"href":"https:\/\/exceladvisor.org\/pt\/wp-json\/wp\/v2\/pages"}],"about":[{"href":"https:\/\/exceladvisor.org\/pt\/wp-json\/wp\/v2\/types\/page"}],"author":[{"embeddable":true,"href":"https:\/\/exceladvisor.org\/pt\/wp-json\/wp\/v2\/users\/1"}],"replies":[{"embeddable":true,"href":"https:\/\/exceladvisor.org\/pt\/wp-json\/wp\/v2\/comments?post=54"}],"version-history":[{"count":1,"href":"https:\/\/exceladvisor.org\/pt\/wp-json\/wp\/v2\/pages\/54\/revisions"}],"predecessor-version":[{"id":1016,"href":"https:\/\/exceladvisor.org\/pt\/wp-json\/wp\/v2\/pages\/54\/revisions\/1016"}],"wp:attachment":[{"href":"https:\/\/exceladvisor.org\/pt\/wp-json\/wp\/v2\/media?parent=54"}],"curies":[{"name":"wp","href":"https:\/\/api.w.org\/{rel}","templated":true}]}}