{"id":542,"date":"2023-10-24T02:50:41","date_gmt":"2023-10-24T02:50:41","guid":{"rendered":"https:\/\/exceladvisor.org\/pt\/npv\/"},"modified":"2023-12-06T11:43:52","modified_gmt":"2023-12-06T11:43:52","slug":"npv","status":"publish","type":"page","link":"https:\/\/exceladvisor.org\/pt\/npv\/","title":{"rendered":"Como usar a fun\u00e7\u00e3o vba vba?"},"content":{"rendered":"<div class=\"excel-before-content-2\" id=\"excel-2740733519\"><script type=\"text\/javascript\">\r\n\tatOptions = {\r\n\t\t'key' : 'c1158f160081d6540a8409e6925dab94',\r\n\t\t'format' : 'iframe',\r\n\t\t'height' : 250,\r\n\t\t'width' : 300,\r\n\t\t'params' : {}\r\n\t};\r\n<\/script>\r\n<script type=\"text\/javascript\" src=\"\/\/www.highperformanceformat.com\/c1158f160081d6540a8409e6925dab94\/invoke.js\"><\/script><\/div><div class=\"excel-before-content\" id=\"excel-3797823704\"><script type=\"text\/javascript\">\r\n\tatOptions = {\r\n\t\t'key' : 'c1158f160081d6540a8409e6925dab94',\r\n\t\t'format' : 'iframe',\r\n\t\t'height' : 250,\r\n\t\t'width' : 300,\r\n\t\t'params' : {}\r\n\t};\r\n<\/script>\r\n<script type=\"text\/javascript\" src=\"\/\/www.highperformanceformat.com\/c1158f160081d6540a8409e6925dab94\/invoke.js\"><\/script><\/div> <p>O recurso VBA NPV est\u00e1 listado na categoria financeira de recursos VBA. Quando voc\u00ea o usa no c\u00f3digo VBA, <strong>ele calcula o valor presente l\u00edquido de um investimento usando a taxa de desconto e uma s\u00e9rie de fluxos de caixa futuros<\/strong> . Voc\u00ea pode aprender mais sobre o valor presente l\u00edquido aqui.<\/p><h2 class=\"wp-block-heading\"> Sintaxe<\/h2><p> <strong>VPL (Taxa, ValueArray)<\/strong><\/p><h2 class=\"wp-block-heading\"> Argumentos<\/h2><ul><li> <strong>Taxa<\/strong> : A taxa de desconto durante um per\u00edodo (deve ser fornecida na forma decimal).<\/li><li> <strong>ValueArray<\/strong> : Uma tabela de fluxo de caixa que representa pagamentos e receitas. Os pagamentos seriam em valores negativos e as receitas em valores positivos [Deve conter pelo menos um valor negativo e pelo menos um valor positivo].<\/li><\/ul><h2 class=\"wp-block-heading\"> Exemplo<\/h2><p> Para entender de forma pr\u00e1tica como usar a fun\u00e7\u00e3o VBA NPV, voc\u00ea precisa seguir o exemplo abaixo, onde escrevemos um c\u00f3digo VBA usando-a: <\/p><figure class=\"wp-block-image is-resized\"><img loading=\"lazy\" decoding=\"async\" title=\"exemplo-vba-npv-fun\u00e7\u00e3o\" src=\"https:\/\/exceladvisor.org\/wp-content\/uploads\/2023\/08\/exemple-de-fonction-vba-npv.png\" sizes=\"auto, \" srcset=\"\" alt=\"example-vba-npv-function\" width=\"840\" height=\"804\"><\/figure><pre class=\"wp-block-code\"> <code class=\"language-visual-basic\" lang=\"visual-basic\">Sub example_NPV() Dim cF(0 To 9) As Double Dim dRate As Double cF(0) = -1000 cF(1) = 213.6 cF(2) = 259.22 cF(3) = 314.6 cF(4) = 381.79 cF(5) = 463.34 cF(6) = 562.31 cF(7) = 682.42 cF(8) = 828.19 cF(9) = 1005.09 Range(\"A1\").Value = NPV(dRate, cF) End Sub<\/code><\/pre><p> No c\u00f3digo acima, usamos o VPL para calcular o valor presente l\u00edquido do investimento. Usamos -1.000 como valor do investimento inicial e os nove pagamentos recebidos e, como resultado, retornou 3.710.<\/p><h2 class=\"wp-block-heading\"> Coment\u00e1rios<\/h2><ul><li> Se a matriz que fornecemos n\u00e3o tiver um valor negativo e um valor positivo, o VBA retornar\u00e1 o erro de tempo de execu\u00e7\u00e3o 5. <\/li><\/ul><div class=\"wp-block-group more-tutorials is-layout-flow\"><div class=\"wp-block-group__inner-container\"><h2 class=\"wp-block-heading\"> Mais tutoriais <\/h2><div class=\"wp-block-columns is-layout-flex wp-container-144\"><div class=\"wp-block-column is-layout-flow\"><ul><li> <a href=\"https:\/\/exceladvisor.org\/pt\/ddb\/\">VBA DDB<\/a><\/li><li> <a href=\"https:\/\/exceladvisor.org\/pt\/filme-2\/\">VBA VF<\/a><\/li><li> <a href=\"https:\/\/exceladvisor.org\/pt\/ipmt\/\">IPMT VBA<\/a><\/li><li> <a href=\"https:\/\/exceladvisor.org\/pt\/irr\/\">SA\u00cdDA VBA<\/a><\/li><li> <a href=\"https:\/\/exceladvisor.org\/pt\/espelho\/\">ESPELHO VBA<\/a><\/li><\/ul><\/div><div class=\"wp-block-column is-layout-flow\"><\/div><\/div><\/div><\/div>","protected":false},"excerpt":{"rendered":"","protected":false},"author":1,"featured_media":0,"parent":0,"menu_order":0,"comment_status":"open","ping_status":"closed","template":"","meta":{"ub_ctt_via":"","footnotes":""},"class_list":["post-542","page","type-page","status-publish","hentry"],"featured_image_src":null,"yoast_head":"<!-- This site is optimized with the Yoast SEO plugin v25.4 - https:\/\/yoast.com\/wordpress\/plugins\/seo\/ -->\n<title>Como usar a fun\u00e7\u00e3o VBA VBA? (Sintaxe + Exemplo)<\/title>\n<meta name=\"description\" content=\"Aprenda como usar a fun\u00e7\u00e3o VBA NPV com sintaxe, argumentos e exemplo com c\u00f3digo de exemplo.\" \/>\n<meta name=\"robots\" content=\"index, follow, max-snippet:-1, max-image-preview:large, max-video-preview:-1\" \/>\n<link rel=\"canonical\" href=\"https:\/\/exceladvisor.org\/pt\/npv\/\" \/>\n<meta property=\"og:locale\" content=\"pt_PT\" \/>\n<meta property=\"og:type\" content=\"article\" \/>\n<meta property=\"og:title\" content=\"Como usar a fun\u00e7\u00e3o VBA VBA? (Sintaxe + Exemplo)\" \/>\n<meta property=\"og:description\" content=\"Aprenda como usar a fun\u00e7\u00e3o VBA NPV com sintaxe, argumentos e exemplo com c\u00f3digo de exemplo.\" \/>\n<meta property=\"og:url\" content=\"https:\/\/exceladvisor.org\/pt\/npv\/\" \/>\n<meta property=\"og:site_name\" content=\"Excel Advisor\" \/>\n<meta property=\"article:modified_time\" content=\"2023-12-06T11:43:52+00:00\" \/>\n<meta property=\"og:image\" content=\"https:\/\/exceladvisor.org\/wp-content\/uploads\/2023\/08\/exemple-de-fonction-vba-npv.png\" \/>\n<meta name=\"twitter:card\" content=\"summary_large_image\" \/>\n<meta name=\"twitter:label1\" content=\"Tempo estimado de leitura\" \/>\n\t<meta name=\"twitter:data1\" content=\"1 minuto\" \/>\n<script type=\"application\/ld+json\" class=\"yoast-schema-graph\">{\"@context\":\"https:\/\/schema.org\",\"@graph\":[{\"@type\":\"WebPage\",\"@id\":\"https:\/\/exceladvisor.org\/pt\/npv\/\",\"url\":\"https:\/\/exceladvisor.org\/pt\/npv\/\",\"name\":\"Como usar a fun\u00e7\u00e3o VBA VBA? (Sintaxe + Exemplo)\",\"isPartOf\":{\"@id\":\"https:\/\/exceladvisor.org\/pt\/#website\"},\"primaryImageOfPage\":{\"@id\":\"https:\/\/exceladvisor.org\/pt\/npv\/#primaryimage\"},\"image\":{\"@id\":\"https:\/\/exceladvisor.org\/pt\/npv\/#primaryimage\"},\"thumbnailUrl\":\"https:\/\/exceladvisor.org\/wp-content\/uploads\/2023\/08\/exemple-de-fonction-vba-npv.png\",\"datePublished\":\"2023-10-24T02:50:41+00:00\",\"dateModified\":\"2023-12-06T11:43:52+00:00\",\"description\":\"Aprenda como usar a fun\u00e7\u00e3o VBA NPV com sintaxe, argumentos e exemplo com c\u00f3digo de exemplo.\",\"breadcrumb\":{\"@id\":\"https:\/\/exceladvisor.org\/pt\/npv\/#breadcrumb\"},\"inLanguage\":\"pt-PT\",\"potentialAction\":[{\"@type\":\"ReadAction\",\"target\":[\"https:\/\/exceladvisor.org\/pt\/npv\/\"]}]},{\"@type\":\"ImageObject\",\"inLanguage\":\"pt-PT\",\"@id\":\"https:\/\/exceladvisor.org\/pt\/npv\/#primaryimage\",\"url\":\"https:\/\/exceladvisor.org\/wp-content\/uploads\/2023\/08\/exemple-de-fonction-vba-npv.png\",\"contentUrl\":\"https:\/\/exceladvisor.org\/wp-content\/uploads\/2023\/08\/exemple-de-fonction-vba-npv.png\"},{\"@type\":\"BreadcrumbList\",\"@id\":\"https:\/\/exceladvisor.org\/pt\/npv\/#breadcrumb\",\"itemListElement\":[{\"@type\":\"ListItem\",\"position\":1,\"name\":\"Lar\",\"item\":\"https:\/\/exceladvisor.org\/pt\/\"},{\"@type\":\"ListItem\",\"position\":2,\"name\":\"Como usar a fun\u00e7\u00e3o vba vba?\"}]},{\"@type\":\"WebSite\",\"@id\":\"https:\/\/exceladvisor.org\/pt\/#website\",\"url\":\"https:\/\/exceladvisor.org\/pt\/\",\"name\":\"Excel Advisor\",\"description\":\"O seu guia definitivo para dominar os dados!\",\"publisher\":{\"@id\":\"https:\/\/exceladvisor.org\/pt\/#organization\"},\"potentialAction\":[{\"@type\":\"SearchAction\",\"target\":{\"@type\":\"EntryPoint\",\"urlTemplate\":\"https:\/\/exceladvisor.org\/pt\/?s={search_term_string}\"},\"query-input\":{\"@type\":\"PropertyValueSpecification\",\"valueRequired\":true,\"valueName\":\"search_term_string\"}}],\"inLanguage\":\"pt-PT\"},{\"@type\":\"Organization\",\"@id\":\"https:\/\/exceladvisor.org\/pt\/#organization\",\"name\":\"Excel Advisor\",\"url\":\"https:\/\/exceladvisor.org\/pt\/\",\"logo\":{\"@type\":\"ImageObject\",\"inLanguage\":\"pt-PT\",\"@id\":\"https:\/\/exceladvisor.org\/pt\/#\/schema\/logo\/image\/\",\"url\":\"https:\/\/exceladvisor.org\/pt\/wp-content\/uploads\/2023\/12\/exceladvisor.org_.png\",\"contentUrl\":\"https:\/\/exceladvisor.org\/pt\/wp-content\/uploads\/2023\/12\/exceladvisor.org_.png\",\"width\":105,\"height\":36,\"caption\":\"Excel Advisor\"},\"image\":{\"@id\":\"https:\/\/exceladvisor.org\/pt\/#\/schema\/logo\/image\/\"}}]}<\/script>\n<!-- \/ Yoast SEO plugin. -->","yoast_head_json":{"title":"Como usar a fun\u00e7\u00e3o VBA VBA? (Sintaxe + Exemplo)","description":"Aprenda como usar a fun\u00e7\u00e3o VBA NPV com sintaxe, argumentos e exemplo com c\u00f3digo de exemplo.","robots":{"index":"index","follow":"follow","max-snippet":"max-snippet:-1","max-image-preview":"max-image-preview:large","max-video-preview":"max-video-preview:-1"},"canonical":"https:\/\/exceladvisor.org\/pt\/npv\/","og_locale":"pt_PT","og_type":"article","og_title":"Como usar a fun\u00e7\u00e3o VBA VBA? (Sintaxe + Exemplo)","og_description":"Aprenda como usar a fun\u00e7\u00e3o VBA NPV com sintaxe, argumentos e exemplo com c\u00f3digo de exemplo.","og_url":"https:\/\/exceladvisor.org\/pt\/npv\/","og_site_name":"Excel Advisor","article_modified_time":"2023-12-06T11:43:52+00:00","og_image":[{"url":"https:\/\/exceladvisor.org\/wp-content\/uploads\/2023\/08\/exemple-de-fonction-vba-npv.png","type":"","width":"","height":""}],"twitter_card":"summary_large_image","twitter_misc":{"Tempo estimado de leitura":"1 minuto"},"schema":{"@context":"https:\/\/schema.org","@graph":[{"@type":"WebPage","@id":"https:\/\/exceladvisor.org\/pt\/npv\/","url":"https:\/\/exceladvisor.org\/pt\/npv\/","name":"Como usar a fun\u00e7\u00e3o VBA VBA? (Sintaxe + Exemplo)","isPartOf":{"@id":"https:\/\/exceladvisor.org\/pt\/#website"},"primaryImageOfPage":{"@id":"https:\/\/exceladvisor.org\/pt\/npv\/#primaryimage"},"image":{"@id":"https:\/\/exceladvisor.org\/pt\/npv\/#primaryimage"},"thumbnailUrl":"https:\/\/exceladvisor.org\/wp-content\/uploads\/2023\/08\/exemple-de-fonction-vba-npv.png","datePublished":"2023-10-24T02:50:41+00:00","dateModified":"2023-12-06T11:43:52+00:00","description":"Aprenda como usar a fun\u00e7\u00e3o VBA NPV com sintaxe, argumentos e exemplo com c\u00f3digo de exemplo.","breadcrumb":{"@id":"https:\/\/exceladvisor.org\/pt\/npv\/#breadcrumb"},"inLanguage":"pt-PT","potentialAction":[{"@type":"ReadAction","target":["https:\/\/exceladvisor.org\/pt\/npv\/"]}]},{"@type":"ImageObject","inLanguage":"pt-PT","@id":"https:\/\/exceladvisor.org\/pt\/npv\/#primaryimage","url":"https:\/\/exceladvisor.org\/wp-content\/uploads\/2023\/08\/exemple-de-fonction-vba-npv.png","contentUrl":"https:\/\/exceladvisor.org\/wp-content\/uploads\/2023\/08\/exemple-de-fonction-vba-npv.png"},{"@type":"BreadcrumbList","@id":"https:\/\/exceladvisor.org\/pt\/npv\/#breadcrumb","itemListElement":[{"@type":"ListItem","position":1,"name":"Lar","item":"https:\/\/exceladvisor.org\/pt\/"},{"@type":"ListItem","position":2,"name":"Como usar a fun\u00e7\u00e3o vba vba?"}]},{"@type":"WebSite","@id":"https:\/\/exceladvisor.org\/pt\/#website","url":"https:\/\/exceladvisor.org\/pt\/","name":"Excel Advisor","description":"O seu guia definitivo para dominar os dados!","publisher":{"@id":"https:\/\/exceladvisor.org\/pt\/#organization"},"potentialAction":[{"@type":"SearchAction","target":{"@type":"EntryPoint","urlTemplate":"https:\/\/exceladvisor.org\/pt\/?s={search_term_string}"},"query-input":{"@type":"PropertyValueSpecification","valueRequired":true,"valueName":"search_term_string"}}],"inLanguage":"pt-PT"},{"@type":"Organization","@id":"https:\/\/exceladvisor.org\/pt\/#organization","name":"Excel Advisor","url":"https:\/\/exceladvisor.org\/pt\/","logo":{"@type":"ImageObject","inLanguage":"pt-PT","@id":"https:\/\/exceladvisor.org\/pt\/#\/schema\/logo\/image\/","url":"https:\/\/exceladvisor.org\/pt\/wp-content\/uploads\/2023\/12\/exceladvisor.org_.png","contentUrl":"https:\/\/exceladvisor.org\/pt\/wp-content\/uploads\/2023\/12\/exceladvisor.org_.png","width":105,"height":36,"caption":"Excel Advisor"},"image":{"@id":"https:\/\/exceladvisor.org\/pt\/#\/schema\/logo\/image\/"}}]}},"yoast_meta":{"yoast_wpseo_title":"","yoast_wpseo_metadesc":"","yoast_wpseo_canonical":""},"_links":{"self":[{"href":"https:\/\/exceladvisor.org\/pt\/wp-json\/wp\/v2\/pages\/542","targetHints":{"allow":["GET"]}}],"collection":[{"href":"https:\/\/exceladvisor.org\/pt\/wp-json\/wp\/v2\/pages"}],"about":[{"href":"https:\/\/exceladvisor.org\/pt\/wp-json\/wp\/v2\/types\/page"}],"author":[{"embeddable":true,"href":"https:\/\/exceladvisor.org\/pt\/wp-json\/wp\/v2\/users\/1"}],"replies":[{"embeddable":true,"href":"https:\/\/exceladvisor.org\/pt\/wp-json\/wp\/v2\/comments?post=542"}],"version-history":[{"count":1,"href":"https:\/\/exceladvisor.org\/pt\/wp-json\/wp\/v2\/pages\/542\/revisions"}],"predecessor-version":[{"id":1326,"href":"https:\/\/exceladvisor.org\/pt\/wp-json\/wp\/v2\/pages\/542\/revisions\/1326"}],"wp:attachment":[{"href":"https:\/\/exceladvisor.org\/pt\/wp-json\/wp\/v2\/media?parent=542"}],"curies":[{"name":"wp","href":"https:\/\/api.w.org\/{rel}","templated":true}]}}