{"id":548,"date":"2023-10-24T01:45:53","date_gmt":"2023-10-24T01:45:53","guid":{"rendered":"https:\/\/exceladvisor.org\/pt\/substituir\/"},"modified":"2023-12-06T11:42:43","modified_gmt":"2023-12-06T11:42:43","slug":"substituir","status":"publish","type":"page","link":"https:\/\/exceladvisor.org\/pt\/substituir\/","title":{"rendered":"Como usar a fun\u00e7\u00e3o replace do vba?"},"content":{"rendered":"<div class=\"excel-before-content-2\" id=\"excel-3382443511\"><script type=\"text\/javascript\">\r\n\tatOptions = {\r\n\t\t'key' : 'c1158f160081d6540a8409e6925dab94',\r\n\t\t'format' : 'iframe',\r\n\t\t'height' : 250,\r\n\t\t'width' : 300,\r\n\t\t'params' : {}\r\n\t};\r\n<\/script>\r\n<script type=\"text\/javascript\" src=\"\/\/www.highperformanceformat.com\/c1158f160081d6540a8409e6925dab94\/invoke.js\"><\/script><\/div><div class=\"excel-before-content\" id=\"excel-2343656797\"><script type=\"text\/javascript\">\r\n\tatOptions = {\r\n\t\t'key' : 'c1158f160081d6540a8409e6925dab94',\r\n\t\t'format' : 'iframe',\r\n\t\t'height' : 250,\r\n\t\t'width' : 300,\r\n\t\t'params' : {}\r\n\t};\r\n<\/script>\r\n<script type=\"text\/javascript\" src=\"\/\/www.highperformanceformat.com\/c1158f160081d6540a8409e6925dab94\/invoke.js\"><\/script><\/div> <p>A fun\u00e7\u00e3o VBA REPLACE est\u00e1 listada na categoria de texto das fun\u00e7\u00f5es VBA. Quando voc\u00ea o usa no c\u00f3digo VBA, <strong>ele substitui uma substring de uma string por uma nova substring<\/strong> . Em termos simples, voc\u00ea pode usar REPLACE para substituir uma parte do texto por outro texto e retornar esse novo texto no resultado.<\/p><h2 class=\"wp-block-heading\"> Sintaxe<\/h2><p> <strong>Substituir(Express\u00e3o, Localizar, Substituir, [Iniciar], [Contar], [Comparar])<\/strong><\/p><h2 class=\"wp-block-heading\"> Argumentos<\/h2><ul><li> <strong>Express\u00e3o<\/strong> : a string original que voc\u00ea deseja pesquisar.<\/li><li> <strong>Find<\/strong> : A substring que voc\u00ea deseja pesquisar.<\/li><li> <strong>Substituir<\/strong> : a substring pela qual voc\u00ea deseja substituir a substring de pesquisa.<\/li><li> <strong>[Iniciar]<\/strong> : um n\u00famero inteiro para especificar a posi\u00e7\u00e3o a partir da qual voc\u00ea deseja iniciar a pesquisa [Este \u00e9 um argumento opcional e, se omitido, o padr\u00e3o do VBA \u00e9 1].<\/li><li> <strong>[Contagem]<\/strong> : O n\u00famero de ocorr\u00eancias da substring Find que voc\u00ea deseja substituir [Este \u00e9 um argumento opcional e se omitido, o VBA leva -1, o que significa substituir todas as ocorr\u00eancias a serem substitu\u00eddas por padr\u00e3o].<\/li><li> <strong>[Compare]<\/strong> : um valor de string para definir a compara\u00e7\u00e3o a ser realizada ao filtrar a tabela. [Este \u00e9 um argumento opcional e se omitido, o VBA usa vbBinaryCompare por padr\u00e3o].<ul><li> vbBinaryCompare: para compara\u00e7\u00e3o bin\u00e1ria.<\/li><li> vbTextCompare: para compara\u00e7\u00e3o de texto.<\/li><li> vbDatabaseCompare: para compara\u00e7\u00e3o de banco de dados.<\/li><\/ul><\/li><\/ul><h2 class=\"wp-block-heading\"> Exemplo<\/h2><p> Para entender de forma pr\u00e1tica como usar a fun\u00e7\u00e3o VBA REPLACE, voc\u00ea precisa seguir o exemplo abaixo, onde escrevemos um c\u00f3digo VBA usando-a: <\/p><div class=\"wp-block-image\"><figure class=\"aligncenter is-resized\"><img loading=\"lazy\" decoding=\"async\" title=\"exemplo-vba-substituir-fun\u00e7\u00e3o\" src=\"https:\/\/exceladvisor.org\/wp-content\/uploads\/2023\/08\/exemple-vba-remplacer-la-fonction.png\" sizes=\"auto, \" srcset=\"\" alt=\"example-vba-replace-function\" width=\"839\" height=\"416\"><\/figure><\/div><pre class=\"wp-block-code\"> <code class=\"language-visual-basic\" lang=\"visual-basic\">Sub example_REPLACE() Range(\"B1\").Value = Replace(Range(\"A1\"), \"Excel\", \"XL\") End Sub<\/code><\/pre><p> No c\u00f3digo acima, usamos REPLACEMENT para substituir a string \u201cExcel\u201d por \u201cXL\u201d e retornar o resultado na c\u00e9lula B1.<\/p><h2 class=\"wp-block-heading\"> Coment\u00e1rios<\/h2><ul><li> REPLACE n\u00e3o \u00e9 uma fun\u00e7\u00e3o que diferencia mai\u00fasculas de min\u00fasculas. <\/li><\/ul><div class=\"wp-block-group more-tutorials is-layout-flow\"><div class=\"wp-block-group__inner-container\"><h2 class=\"wp-block-heading\"> Mais tutoriais <\/h2><div class=\"wp-block-columns is-layout-flex wp-container-120\"><div class=\"wp-block-column is-layout-flow\"><ul><li> <a href=\"https:\/\/exceladvisor.org\/pt\/strconv\/\">VBA STRCONV<\/a><\/li><li> <a href=\"https:\/\/exceladvisor.org\/pt\/corda\/\">CADEIA VBA<\/a><\/li><li> <a href=\"https:\/\/exceladvisor.org\/pt\/strerreverso\/\">VBA STRE INVERSO<\/a><\/li><li> <a href=\"https:\/\/exceladvisor.org\/pt\/aparar\/\">TRIM VBA<\/a><\/li><li> VBAUCASE<\/li><\/ul><\/div><\/div><\/div><\/div>","protected":false},"excerpt":{"rendered":"","protected":false},"author":1,"featured_media":0,"parent":0,"menu_order":0,"comment_status":"open","ping_status":"closed","template":"","meta":{"ub_ctt_via":"","footnotes":""},"class_list":["post-548","page","type-page","status-publish","hentry"],"featured_image_src":null,"yoast_head":"<!-- This site is optimized with the Yoast SEO plugin v25.4 - https:\/\/yoast.com\/wordpress\/plugins\/seo\/ -->\n<title>Como usar a fun\u00e7\u00e3o REPLACE do VBA? (Sintaxe + Exemplo)<\/title>\n<meta name=\"description\" content=\"Aprenda como usar a fun\u00e7\u00e3o VBA REPLACE com sintaxe, argumentos e exemplo com c\u00f3digo de exemplo.\" \/>\n<meta name=\"robots\" content=\"index, follow, max-snippet:-1, max-image-preview:large, max-video-preview:-1\" \/>\n<link rel=\"canonical\" href=\"https:\/\/exceladvisor.org\/pt\/substituir\/\" \/>\n<meta property=\"og:locale\" content=\"pt_PT\" \/>\n<meta property=\"og:type\" content=\"article\" \/>\n<meta property=\"og:title\" content=\"Como usar a fun\u00e7\u00e3o REPLACE do VBA? (Sintaxe + Exemplo)\" \/>\n<meta property=\"og:description\" content=\"Aprenda como usar a fun\u00e7\u00e3o VBA REPLACE com sintaxe, argumentos e exemplo com c\u00f3digo de exemplo.\" \/>\n<meta property=\"og:url\" content=\"https:\/\/exceladvisor.org\/pt\/substituir\/\" \/>\n<meta property=\"og:site_name\" content=\"Excel Advisor\" \/>\n<meta property=\"article:modified_time\" content=\"2023-12-06T11:42:43+00:00\" \/>\n<meta property=\"og:image\" content=\"https:\/\/exceladvisor.org\/wp-content\/uploads\/2023\/08\/exemple-vba-remplacer-la-fonction.png\" \/>\n<meta name=\"twitter:card\" content=\"summary_large_image\" \/>\n<meta name=\"twitter:label1\" content=\"Tempo estimado de leitura\" \/>\n\t<meta name=\"twitter:data1\" content=\"2 minutos\" \/>\n<script type=\"application\/ld+json\" class=\"yoast-schema-graph\">{\"@context\":\"https:\/\/schema.org\",\"@graph\":[{\"@type\":\"WebPage\",\"@id\":\"https:\/\/exceladvisor.org\/pt\/substituir\/\",\"url\":\"https:\/\/exceladvisor.org\/pt\/substituir\/\",\"name\":\"Como usar a fun\u00e7\u00e3o REPLACE do VBA? (Sintaxe + Exemplo)\",\"isPartOf\":{\"@id\":\"https:\/\/exceladvisor.org\/pt\/#website\"},\"primaryImageOfPage\":{\"@id\":\"https:\/\/exceladvisor.org\/pt\/substituir\/#primaryimage\"},\"image\":{\"@id\":\"https:\/\/exceladvisor.org\/pt\/substituir\/#primaryimage\"},\"thumbnailUrl\":\"https:\/\/exceladvisor.org\/wp-content\/uploads\/2023\/08\/exemple-vba-remplacer-la-fonction.png\",\"datePublished\":\"2023-10-24T01:45:53+00:00\",\"dateModified\":\"2023-12-06T11:42:43+00:00\",\"description\":\"Aprenda como usar a fun\u00e7\u00e3o VBA REPLACE com sintaxe, argumentos e exemplo com c\u00f3digo de exemplo.\",\"breadcrumb\":{\"@id\":\"https:\/\/exceladvisor.org\/pt\/substituir\/#breadcrumb\"},\"inLanguage\":\"pt-PT\",\"potentialAction\":[{\"@type\":\"ReadAction\",\"target\":[\"https:\/\/exceladvisor.org\/pt\/substituir\/\"]}]},{\"@type\":\"ImageObject\",\"inLanguage\":\"pt-PT\",\"@id\":\"https:\/\/exceladvisor.org\/pt\/substituir\/#primaryimage\",\"url\":\"https:\/\/exceladvisor.org\/wp-content\/uploads\/2023\/08\/exemple-vba-remplacer-la-fonction.png\",\"contentUrl\":\"https:\/\/exceladvisor.org\/wp-content\/uploads\/2023\/08\/exemple-vba-remplacer-la-fonction.png\"},{\"@type\":\"BreadcrumbList\",\"@id\":\"https:\/\/exceladvisor.org\/pt\/substituir\/#breadcrumb\",\"itemListElement\":[{\"@type\":\"ListItem\",\"position\":1,\"name\":\"Lar\",\"item\":\"https:\/\/exceladvisor.org\/pt\/\"},{\"@type\":\"ListItem\",\"position\":2,\"name\":\"Como usar a fun\u00e7\u00e3o replace do vba?\"}]},{\"@type\":\"WebSite\",\"@id\":\"https:\/\/exceladvisor.org\/pt\/#website\",\"url\":\"https:\/\/exceladvisor.org\/pt\/\",\"name\":\"Excel Advisor\",\"description\":\"O seu guia definitivo para dominar os dados!\",\"publisher\":{\"@id\":\"https:\/\/exceladvisor.org\/pt\/#organization\"},\"potentialAction\":[{\"@type\":\"SearchAction\",\"target\":{\"@type\":\"EntryPoint\",\"urlTemplate\":\"https:\/\/exceladvisor.org\/pt\/?s={search_term_string}\"},\"query-input\":{\"@type\":\"PropertyValueSpecification\",\"valueRequired\":true,\"valueName\":\"search_term_string\"}}],\"inLanguage\":\"pt-PT\"},{\"@type\":\"Organization\",\"@id\":\"https:\/\/exceladvisor.org\/pt\/#organization\",\"name\":\"Excel Advisor\",\"url\":\"https:\/\/exceladvisor.org\/pt\/\",\"logo\":{\"@type\":\"ImageObject\",\"inLanguage\":\"pt-PT\",\"@id\":\"https:\/\/exceladvisor.org\/pt\/#\/schema\/logo\/image\/\",\"url\":\"https:\/\/exceladvisor.org\/pt\/wp-content\/uploads\/2023\/12\/exceladvisor.org_.png\",\"contentUrl\":\"https:\/\/exceladvisor.org\/pt\/wp-content\/uploads\/2023\/12\/exceladvisor.org_.png\",\"width\":105,\"height\":36,\"caption\":\"Excel Advisor\"},\"image\":{\"@id\":\"https:\/\/exceladvisor.org\/pt\/#\/schema\/logo\/image\/\"}}]}<\/script>\n<!-- \/ Yoast SEO plugin. -->","yoast_head_json":{"title":"Como usar a fun\u00e7\u00e3o REPLACE do VBA? (Sintaxe + Exemplo)","description":"Aprenda como usar a fun\u00e7\u00e3o VBA REPLACE com sintaxe, argumentos e exemplo com c\u00f3digo de exemplo.","robots":{"index":"index","follow":"follow","max-snippet":"max-snippet:-1","max-image-preview":"max-image-preview:large","max-video-preview":"max-video-preview:-1"},"canonical":"https:\/\/exceladvisor.org\/pt\/substituir\/","og_locale":"pt_PT","og_type":"article","og_title":"Como usar a fun\u00e7\u00e3o REPLACE do VBA? (Sintaxe + Exemplo)","og_description":"Aprenda como usar a fun\u00e7\u00e3o VBA REPLACE com sintaxe, argumentos e exemplo com c\u00f3digo de exemplo.","og_url":"https:\/\/exceladvisor.org\/pt\/substituir\/","og_site_name":"Excel Advisor","article_modified_time":"2023-12-06T11:42:43+00:00","og_image":[{"url":"https:\/\/exceladvisor.org\/wp-content\/uploads\/2023\/08\/exemple-vba-remplacer-la-fonction.png","type":"","width":"","height":""}],"twitter_card":"summary_large_image","twitter_misc":{"Tempo estimado de leitura":"2 minutos"},"schema":{"@context":"https:\/\/schema.org","@graph":[{"@type":"WebPage","@id":"https:\/\/exceladvisor.org\/pt\/substituir\/","url":"https:\/\/exceladvisor.org\/pt\/substituir\/","name":"Como usar a fun\u00e7\u00e3o REPLACE do VBA? (Sintaxe + Exemplo)","isPartOf":{"@id":"https:\/\/exceladvisor.org\/pt\/#website"},"primaryImageOfPage":{"@id":"https:\/\/exceladvisor.org\/pt\/substituir\/#primaryimage"},"image":{"@id":"https:\/\/exceladvisor.org\/pt\/substituir\/#primaryimage"},"thumbnailUrl":"https:\/\/exceladvisor.org\/wp-content\/uploads\/2023\/08\/exemple-vba-remplacer-la-fonction.png","datePublished":"2023-10-24T01:45:53+00:00","dateModified":"2023-12-06T11:42:43+00:00","description":"Aprenda como usar a fun\u00e7\u00e3o VBA REPLACE com sintaxe, argumentos e exemplo com c\u00f3digo de exemplo.","breadcrumb":{"@id":"https:\/\/exceladvisor.org\/pt\/substituir\/#breadcrumb"},"inLanguage":"pt-PT","potentialAction":[{"@type":"ReadAction","target":["https:\/\/exceladvisor.org\/pt\/substituir\/"]}]},{"@type":"ImageObject","inLanguage":"pt-PT","@id":"https:\/\/exceladvisor.org\/pt\/substituir\/#primaryimage","url":"https:\/\/exceladvisor.org\/wp-content\/uploads\/2023\/08\/exemple-vba-remplacer-la-fonction.png","contentUrl":"https:\/\/exceladvisor.org\/wp-content\/uploads\/2023\/08\/exemple-vba-remplacer-la-fonction.png"},{"@type":"BreadcrumbList","@id":"https:\/\/exceladvisor.org\/pt\/substituir\/#breadcrumb","itemListElement":[{"@type":"ListItem","position":1,"name":"Lar","item":"https:\/\/exceladvisor.org\/pt\/"},{"@type":"ListItem","position":2,"name":"Como usar a fun\u00e7\u00e3o replace do vba?"}]},{"@type":"WebSite","@id":"https:\/\/exceladvisor.org\/pt\/#website","url":"https:\/\/exceladvisor.org\/pt\/","name":"Excel Advisor","description":"O seu guia definitivo para dominar os dados!","publisher":{"@id":"https:\/\/exceladvisor.org\/pt\/#organization"},"potentialAction":[{"@type":"SearchAction","target":{"@type":"EntryPoint","urlTemplate":"https:\/\/exceladvisor.org\/pt\/?s={search_term_string}"},"query-input":{"@type":"PropertyValueSpecification","valueRequired":true,"valueName":"search_term_string"}}],"inLanguage":"pt-PT"},{"@type":"Organization","@id":"https:\/\/exceladvisor.org\/pt\/#organization","name":"Excel Advisor","url":"https:\/\/exceladvisor.org\/pt\/","logo":{"@type":"ImageObject","inLanguage":"pt-PT","@id":"https:\/\/exceladvisor.org\/pt\/#\/schema\/logo\/image\/","url":"https:\/\/exceladvisor.org\/pt\/wp-content\/uploads\/2023\/12\/exceladvisor.org_.png","contentUrl":"https:\/\/exceladvisor.org\/pt\/wp-content\/uploads\/2023\/12\/exceladvisor.org_.png","width":105,"height":36,"caption":"Excel Advisor"},"image":{"@id":"https:\/\/exceladvisor.org\/pt\/#\/schema\/logo\/image\/"}}]}},"yoast_meta":{"yoast_wpseo_title":"","yoast_wpseo_metadesc":"","yoast_wpseo_canonical":""},"_links":{"self":[{"href":"https:\/\/exceladvisor.org\/pt\/wp-json\/wp\/v2\/pages\/548","targetHints":{"allow":["GET"]}}],"collection":[{"href":"https:\/\/exceladvisor.org\/pt\/wp-json\/wp\/v2\/pages"}],"about":[{"href":"https:\/\/exceladvisor.org\/pt\/wp-json\/wp\/v2\/types\/page"}],"author":[{"embeddable":true,"href":"https:\/\/exceladvisor.org\/pt\/wp-json\/wp\/v2\/users\/1"}],"replies":[{"embeddable":true,"href":"https:\/\/exceladvisor.org\/pt\/wp-json\/wp\/v2\/comments?post=548"}],"version-history":[{"count":1,"href":"https:\/\/exceladvisor.org\/pt\/wp-json\/wp\/v2\/pages\/548\/revisions"}],"predecessor-version":[{"id":1232,"href":"https:\/\/exceladvisor.org\/pt\/wp-json\/wp\/v2\/pages\/548\/revisions\/1232"}],"wp:attachment":[{"href":"https:\/\/exceladvisor.org\/pt\/wp-json\/wp\/v2\/media?parent=548"}],"curies":[{"name":"wp","href":"https:\/\/api.w.org\/{rel}","templated":true}]}}