{"id":549,"date":"2023-10-24T01:28:04","date_gmt":"2023-10-24T01:28:04","guid":{"rendered":"https:\/\/exceladvisor.org\/pt\/certo\/"},"modified":"2023-12-06T11:43:34","modified_gmt":"2023-12-06T11:43:34","slug":"certo","status":"publish","type":"page","link":"https:\/\/exceladvisor.org\/pt\/certo\/","title":{"rendered":"Como usar a fun\u00e7\u00e3o vba right?"},"content":{"rendered":"<div class=\"excel-before-content-2\" id=\"excel-1282037774\"><script type=\"text\/javascript\">\r\n\tatOptions = {\r\n\t\t'key' : 'c1158f160081d6540a8409e6925dab94',\r\n\t\t'format' : 'iframe',\r\n\t\t'height' : 250,\r\n\t\t'width' : 300,\r\n\t\t'params' : {}\r\n\t};\r\n<\/script>\r\n<script type=\"text\/javascript\" src=\"\/\/www.highperformanceformat.com\/c1158f160081d6540a8409e6925dab94\/invoke.js\"><\/script><\/div><div class=\"excel-before-content\" id=\"excel-1667954555\"><script type=\"text\/javascript\">\r\n\tatOptions = {\r\n\t\t'key' : 'c1158f160081d6540a8409e6925dab94',\r\n\t\t'format' : 'iframe',\r\n\t\t'height' : 250,\r\n\t\t'width' : 300,\r\n\t\t'params' : {}\r\n\t};\r\n<\/script>\r\n<script type=\"text\/javascript\" src=\"\/\/www.highperformanceformat.com\/c1158f160081d6540a8409e6925dab94\/invoke.js\"><\/script><\/div> <p>A fun\u00e7\u00e3o VBA RIGHT est\u00e1 listada na categoria de texto das fun\u00e7\u00f5es VBA. Quando voc\u00ea o usa no c\u00f3digo VBA, <strong>ele retorna uma substring de uma string come\u00e7ando na posi\u00e7\u00e3o final<\/strong> . Em termos simples, voc\u00ea pode extrair v\u00e1rios caracteres de uma string come\u00e7ando pelo final, que \u00e9 o lado direito. Funciona simplesmente como a fun\u00e7\u00e3o RIGHT na <a style=\"outline: none;\" href=\"https:\/\/exceladvisor.org\/pt\/funcoes-de-string-do-excel\/\">planilha<\/a> .<\/p><h2 class=\"wp-block-heading\"> Sintaxe<\/h2><p> <strong>Direita (Str, Comprimento)<\/strong><\/p><h2 class=\"wp-block-heading\"> Argumentos<\/h2><ul><li> <strong>Str<\/strong> : A string da qual voc\u00ea deseja extrair uma substring.<\/li><li> <strong>Comprimento<\/strong> : o n\u00famero inteiro para especificar o comprimento da substring.<\/li><\/ul><h2 class=\"wp-block-heading\"> Exemplo<\/h2><p> Para entender de forma pr\u00e1tica como usar a fun\u00e7\u00e3o VBA RIGHT, voc\u00ea precisa seguir o exemplo abaixo, onde escrevemos um c\u00f3digo VBA usando-a: <\/p><div class=\"wp-block-image\"><figure class=\"aligncenter is-resized\"><img loading=\"lazy\" decoding=\"async\" title=\"exemplo-vba-fun\u00e7\u00e3o direita\" src=\"https:\/\/exceladvisor.org\/wp-content\/uploads\/2023\/08\/exemple-vba-fonction-droite.png\" sizes=\"auto, \" srcset=\"\" alt=\"example-vba-right-function\" width=\"841\" height=\"496\"><\/figure><\/div><pre class=\"wp-block-code\"> <code class=\"language-visual-basic\" lang=\"visual-basic\">Sub example_RIGHT() Range(\"B1\").Value = Right(Range(\"A1\"), 6) End Sub<\/code><\/pre><p> No c\u00f3digo acima, usamos RIGHT para obter os 6 caracteres do lado direito da c\u00e9lula A1 (consultor Excel) e coloc\u00e1-los na c\u00e9lula B1. Ele retornou o valor (Campos) no resultado porque esses s\u00e3o os 6 primeiros caracteres que temos na c\u00e9lula A1. <\/p><div class=\"wp-block-group more-tutorials is-layout-flow\"><div class=\"wp-block-group__inner-container\"><h2 class=\"wp-block-heading\"> Mais tutoriais <\/h2><div class=\"wp-block-columns is-layout-flex wp-container-116\"><div class=\"wp-block-column is-layout-flow\"><ul><li> <a href=\"https:\/\/exceladvisor.org\/pt\/rtrim\/\">VBA RTRIM<\/a><\/li><li> <a href=\"https:\/\/exceladvisor.org\/pt\/espaco\/\">ESPA\u00c7O VBA<\/a><\/li><li> <a href=\"https:\/\/exceladvisor.org\/pt\/strcomp\/\">STRCOMP VBA<\/a><\/li><li> <a href=\"https:\/\/exceladvisor.org\/pt\/strconv\/\">VBA STRCONV<\/a><\/li><li> <a href=\"https:\/\/exceladvisor.org\/pt\/corda\/\">CADEIA VBA<\/a><\/li><\/ul><\/div><\/div><\/div><\/div>","protected":false},"excerpt":{"rendered":"","protected":false},"author":1,"featured_media":0,"parent":0,"menu_order":0,"comment_status":"open","ping_status":"closed","template":"","meta":{"ub_ctt_via":"","footnotes":""},"class_list":["post-549","page","type-page","status-publish","hentry"],"featured_image_src":null,"yoast_head":"<!-- This site is optimized with the Yoast SEO plugin v25.4 - https:\/\/yoast.com\/wordpress\/plugins\/seo\/ -->\n<title>Como usar a fun\u00e7\u00e3o VBA RIGHT? (Sintaxe + Exemplo)<\/title>\n<meta name=\"description\" content=\"Aprenda como usar a fun\u00e7\u00e3o VBA RIGHT com sintaxe, argumentos e exemplo com c\u00f3digo de exemplo.\" \/>\n<meta name=\"robots\" content=\"index, follow, max-snippet:-1, max-image-preview:large, max-video-preview:-1\" \/>\n<link rel=\"canonical\" href=\"https:\/\/exceladvisor.org\/pt\/certo\/\" \/>\n<meta property=\"og:locale\" content=\"pt_PT\" \/>\n<meta property=\"og:type\" content=\"article\" \/>\n<meta property=\"og:title\" content=\"Como usar a fun\u00e7\u00e3o VBA RIGHT? (Sintaxe + Exemplo)\" \/>\n<meta property=\"og:description\" content=\"Aprenda como usar a fun\u00e7\u00e3o VBA RIGHT com sintaxe, argumentos e exemplo com c\u00f3digo de exemplo.\" \/>\n<meta property=\"og:url\" content=\"https:\/\/exceladvisor.org\/pt\/certo\/\" \/>\n<meta property=\"og:site_name\" content=\"Excel Advisor\" \/>\n<meta property=\"article:modified_time\" content=\"2023-12-06T11:43:34+00:00\" \/>\n<meta property=\"og:image\" content=\"https:\/\/exceladvisor.org\/wp-content\/uploads\/2023\/08\/exemple-vba-fonction-droite.png\" \/>\n<meta name=\"twitter:card\" content=\"summary_large_image\" \/>\n<meta name=\"twitter:label1\" content=\"Tempo estimado de leitura\" \/>\n\t<meta name=\"twitter:data1\" content=\"1 minuto\" \/>\n<script type=\"application\/ld+json\" class=\"yoast-schema-graph\">{\"@context\":\"https:\/\/schema.org\",\"@graph\":[{\"@type\":\"WebPage\",\"@id\":\"https:\/\/exceladvisor.org\/pt\/certo\/\",\"url\":\"https:\/\/exceladvisor.org\/pt\/certo\/\",\"name\":\"Como usar a fun\u00e7\u00e3o VBA RIGHT? (Sintaxe + Exemplo)\",\"isPartOf\":{\"@id\":\"https:\/\/exceladvisor.org\/pt\/#website\"},\"primaryImageOfPage\":{\"@id\":\"https:\/\/exceladvisor.org\/pt\/certo\/#primaryimage\"},\"image\":{\"@id\":\"https:\/\/exceladvisor.org\/pt\/certo\/#primaryimage\"},\"thumbnailUrl\":\"https:\/\/exceladvisor.org\/wp-content\/uploads\/2023\/08\/exemple-vba-fonction-droite.png\",\"datePublished\":\"2023-10-24T01:28:04+00:00\",\"dateModified\":\"2023-12-06T11:43:34+00:00\",\"description\":\"Aprenda como usar a fun\u00e7\u00e3o VBA RIGHT com sintaxe, argumentos e exemplo com c\u00f3digo de exemplo.\",\"breadcrumb\":{\"@id\":\"https:\/\/exceladvisor.org\/pt\/certo\/#breadcrumb\"},\"inLanguage\":\"pt-PT\",\"potentialAction\":[{\"@type\":\"ReadAction\",\"target\":[\"https:\/\/exceladvisor.org\/pt\/certo\/\"]}]},{\"@type\":\"ImageObject\",\"inLanguage\":\"pt-PT\",\"@id\":\"https:\/\/exceladvisor.org\/pt\/certo\/#primaryimage\",\"url\":\"https:\/\/exceladvisor.org\/wp-content\/uploads\/2023\/08\/exemple-vba-fonction-droite.png\",\"contentUrl\":\"https:\/\/exceladvisor.org\/wp-content\/uploads\/2023\/08\/exemple-vba-fonction-droite.png\"},{\"@type\":\"BreadcrumbList\",\"@id\":\"https:\/\/exceladvisor.org\/pt\/certo\/#breadcrumb\",\"itemListElement\":[{\"@type\":\"ListItem\",\"position\":1,\"name\":\"Lar\",\"item\":\"https:\/\/exceladvisor.org\/pt\/\"},{\"@type\":\"ListItem\",\"position\":2,\"name\":\"Como usar a fun\u00e7\u00e3o vba right?\"}]},{\"@type\":\"WebSite\",\"@id\":\"https:\/\/exceladvisor.org\/pt\/#website\",\"url\":\"https:\/\/exceladvisor.org\/pt\/\",\"name\":\"Excel Advisor\",\"description\":\"O seu guia definitivo para dominar os dados!\",\"publisher\":{\"@id\":\"https:\/\/exceladvisor.org\/pt\/#organization\"},\"potentialAction\":[{\"@type\":\"SearchAction\",\"target\":{\"@type\":\"EntryPoint\",\"urlTemplate\":\"https:\/\/exceladvisor.org\/pt\/?s={search_term_string}\"},\"query-input\":{\"@type\":\"PropertyValueSpecification\",\"valueRequired\":true,\"valueName\":\"search_term_string\"}}],\"inLanguage\":\"pt-PT\"},{\"@type\":\"Organization\",\"@id\":\"https:\/\/exceladvisor.org\/pt\/#organization\",\"name\":\"Excel Advisor\",\"url\":\"https:\/\/exceladvisor.org\/pt\/\",\"logo\":{\"@type\":\"ImageObject\",\"inLanguage\":\"pt-PT\",\"@id\":\"https:\/\/exceladvisor.org\/pt\/#\/schema\/logo\/image\/\",\"url\":\"https:\/\/exceladvisor.org\/pt\/wp-content\/uploads\/2023\/12\/exceladvisor.org_.png\",\"contentUrl\":\"https:\/\/exceladvisor.org\/pt\/wp-content\/uploads\/2023\/12\/exceladvisor.org_.png\",\"width\":105,\"height\":36,\"caption\":\"Excel Advisor\"},\"image\":{\"@id\":\"https:\/\/exceladvisor.org\/pt\/#\/schema\/logo\/image\/\"}}]}<\/script>\n<!-- \/ Yoast SEO plugin. -->","yoast_head_json":{"title":"Como usar a fun\u00e7\u00e3o VBA RIGHT? (Sintaxe + Exemplo)","description":"Aprenda como usar a fun\u00e7\u00e3o VBA RIGHT com sintaxe, argumentos e exemplo com c\u00f3digo de exemplo.","robots":{"index":"index","follow":"follow","max-snippet":"max-snippet:-1","max-image-preview":"max-image-preview:large","max-video-preview":"max-video-preview:-1"},"canonical":"https:\/\/exceladvisor.org\/pt\/certo\/","og_locale":"pt_PT","og_type":"article","og_title":"Como usar a fun\u00e7\u00e3o VBA RIGHT? (Sintaxe + Exemplo)","og_description":"Aprenda como usar a fun\u00e7\u00e3o VBA RIGHT com sintaxe, argumentos e exemplo com c\u00f3digo de exemplo.","og_url":"https:\/\/exceladvisor.org\/pt\/certo\/","og_site_name":"Excel Advisor","article_modified_time":"2023-12-06T11:43:34+00:00","og_image":[{"url":"https:\/\/exceladvisor.org\/wp-content\/uploads\/2023\/08\/exemple-vba-fonction-droite.png","type":"","width":"","height":""}],"twitter_card":"summary_large_image","twitter_misc":{"Tempo estimado de leitura":"1 minuto"},"schema":{"@context":"https:\/\/schema.org","@graph":[{"@type":"WebPage","@id":"https:\/\/exceladvisor.org\/pt\/certo\/","url":"https:\/\/exceladvisor.org\/pt\/certo\/","name":"Como usar a fun\u00e7\u00e3o VBA RIGHT? (Sintaxe + Exemplo)","isPartOf":{"@id":"https:\/\/exceladvisor.org\/pt\/#website"},"primaryImageOfPage":{"@id":"https:\/\/exceladvisor.org\/pt\/certo\/#primaryimage"},"image":{"@id":"https:\/\/exceladvisor.org\/pt\/certo\/#primaryimage"},"thumbnailUrl":"https:\/\/exceladvisor.org\/wp-content\/uploads\/2023\/08\/exemple-vba-fonction-droite.png","datePublished":"2023-10-24T01:28:04+00:00","dateModified":"2023-12-06T11:43:34+00:00","description":"Aprenda como usar a fun\u00e7\u00e3o VBA RIGHT com sintaxe, argumentos e exemplo com c\u00f3digo de exemplo.","breadcrumb":{"@id":"https:\/\/exceladvisor.org\/pt\/certo\/#breadcrumb"},"inLanguage":"pt-PT","potentialAction":[{"@type":"ReadAction","target":["https:\/\/exceladvisor.org\/pt\/certo\/"]}]},{"@type":"ImageObject","inLanguage":"pt-PT","@id":"https:\/\/exceladvisor.org\/pt\/certo\/#primaryimage","url":"https:\/\/exceladvisor.org\/wp-content\/uploads\/2023\/08\/exemple-vba-fonction-droite.png","contentUrl":"https:\/\/exceladvisor.org\/wp-content\/uploads\/2023\/08\/exemple-vba-fonction-droite.png"},{"@type":"BreadcrumbList","@id":"https:\/\/exceladvisor.org\/pt\/certo\/#breadcrumb","itemListElement":[{"@type":"ListItem","position":1,"name":"Lar","item":"https:\/\/exceladvisor.org\/pt\/"},{"@type":"ListItem","position":2,"name":"Como usar a fun\u00e7\u00e3o vba right?"}]},{"@type":"WebSite","@id":"https:\/\/exceladvisor.org\/pt\/#website","url":"https:\/\/exceladvisor.org\/pt\/","name":"Excel Advisor","description":"O seu guia definitivo para dominar os dados!","publisher":{"@id":"https:\/\/exceladvisor.org\/pt\/#organization"},"potentialAction":[{"@type":"SearchAction","target":{"@type":"EntryPoint","urlTemplate":"https:\/\/exceladvisor.org\/pt\/?s={search_term_string}"},"query-input":{"@type":"PropertyValueSpecification","valueRequired":true,"valueName":"search_term_string"}}],"inLanguage":"pt-PT"},{"@type":"Organization","@id":"https:\/\/exceladvisor.org\/pt\/#organization","name":"Excel Advisor","url":"https:\/\/exceladvisor.org\/pt\/","logo":{"@type":"ImageObject","inLanguage":"pt-PT","@id":"https:\/\/exceladvisor.org\/pt\/#\/schema\/logo\/image\/","url":"https:\/\/exceladvisor.org\/pt\/wp-content\/uploads\/2023\/12\/exceladvisor.org_.png","contentUrl":"https:\/\/exceladvisor.org\/pt\/wp-content\/uploads\/2023\/12\/exceladvisor.org_.png","width":105,"height":36,"caption":"Excel Advisor"},"image":{"@id":"https:\/\/exceladvisor.org\/pt\/#\/schema\/logo\/image\/"}}]}},"yoast_meta":{"yoast_wpseo_title":"","yoast_wpseo_metadesc":"","yoast_wpseo_canonical":""},"_links":{"self":[{"href":"https:\/\/exceladvisor.org\/pt\/wp-json\/wp\/v2\/pages\/549","targetHints":{"allow":["GET"]}}],"collection":[{"href":"https:\/\/exceladvisor.org\/pt\/wp-json\/wp\/v2\/pages"}],"about":[{"href":"https:\/\/exceladvisor.org\/pt\/wp-json\/wp\/v2\/types\/page"}],"author":[{"embeddable":true,"href":"https:\/\/exceladvisor.org\/pt\/wp-json\/wp\/v2\/users\/1"}],"replies":[{"embeddable":true,"href":"https:\/\/exceladvisor.org\/pt\/wp-json\/wp\/v2\/comments?post=549"}],"version-history":[{"count":1,"href":"https:\/\/exceladvisor.org\/pt\/wp-json\/wp\/v2\/pages\/549\/revisions"}],"predecessor-version":[{"id":1301,"href":"https:\/\/exceladvisor.org\/pt\/wp-json\/wp\/v2\/pages\/549\/revisions\/1301"}],"wp:attachment":[{"href":"https:\/\/exceladvisor.org\/pt\/wp-json\/wp\/v2\/media?parent=549"}],"curies":[{"name":"wp","href":"https:\/\/api.w.org\/{rel}","templated":true}]}}