{"id":55,"date":"2023-11-17T19:39:47","date_gmt":"2023-11-17T19:39:47","guid":{"rendered":"https:\/\/exceladvisor.org\/pt\/diametro\/"},"modified":"2023-12-06T11:38:09","modified_gmt":"2023-12-06T11:38:09","slug":"diametro","status":"publish","type":"page","link":"https:\/\/exceladvisor.org\/pt\/diametro\/","title":{"rendered":"Como inserir um s\u00edmbolo de di\u00e2metro no excel?"},"content":{"rendered":"<div class=\"excel-before-content-2\" id=\"excel-3996556289\"><script type=\"text\/javascript\">\r\n\tatOptions = {\r\n\t\t'key' : 'c1158f160081d6540a8409e6925dab94',\r\n\t\t'format' : 'iframe',\r\n\t\t'height' : 250,\r\n\t\t'width' : 300,\r\n\t\t'params' : {}\r\n\t};\r\n<\/script>\r\n<script type=\"text\/javascript\" src=\"\/\/www.highperformanceformat.com\/c1158f160081d6540a8409e6925dab94\/invoke.js\"><\/script><\/div><div class=\"excel-before-content\" id=\"excel-3462816387\"><script type=\"text\/javascript\">\r\n\tatOptions = {\r\n\t\t'key' : 'c1158f160081d6540a8409e6925dab94',\r\n\t\t'format' : 'iframe',\r\n\t\t'height' : 250,\r\n\t\t'width' : 300,\r\n\t\t'params' : {}\r\n\t};\r\n<\/script>\r\n<script type=\"text\/javascript\" src=\"\/\/www.highperformanceformat.com\/c1158f160081d6540a8409e6925dab94\/invoke.js\"><\/script><\/div> <p>O s\u00edmbolo de di\u00e2metro <strong>[\u00d8]<\/strong> tamb\u00e9m \u00e9 conhecido como \u201cTracejado O\u201d ou \u201cStrike O\u201d porque \u00e9 encimado por uma barra.<\/p><p> O teclado n\u00e3o possui esta tecla de s\u00edmbolo para inseri-lo diretamente, mas no Excel existem v\u00e1rias maneiras de adicionar este s\u00edmbolo na c\u00e9lula.<\/p><p> E neste tutorial mostraremos as formas de inserir o mesmo nas c\u00e9lulas.<\/p><h2 id=\"h-insert-diameter-symbol-from-symbol-dialog-box\" class=\"wp-block-heading\"> Insira o s\u00edmbolo de di\u00e2metro na caixa de di\u00e1logo S\u00edmbolo<\/h2><ol><li> Primeiro selecione a c\u00e9lula na qual deseja inserir o s\u00edmbolo \u201cDi\u00e2metro\u201d e depois v\u00e1 para a guia \u201cInserir\u201d.<\/li><li> Depois disso, clique no \u00edcone \u201cS\u00edmbolo\u201d no grupo \u201cS\u00edmbolos\u201d na faixa de op\u00e7\u00f5es para abrir a caixa de di\u00e1logo de s\u00edmbolos. <br><img loading=\"lazy\" decoding=\"async\" title=\"S\u00edmbolo de 1 di\u00e2metro de inser\u00e7\u00e3o\" src=\"https:\/\/exceladvisor.org\/wp-content\/uploads\/2023\/08\/1-symbole-de-diametre-de-plaquette.png\" sizes=\"auto, \" srcset=\"\" alt=\"insert-diameter-symbol\" width=\"712\" height=\"207\"><\/li><li> Na caixa de di\u00e1logo de s\u00edmbolos, selecione o campo &#8220;Fonte&#8221; como &#8220;Calibri&#8221; e escolha &#8220;ASCII (decimal)&#8221; no campo &#8220;de&#8221;.<\/li><li> Agora, role para baixo na barra de rolagem direita e selecione o s\u00edmbolo \u201cDi\u00e2metro\u201d e clique no bot\u00e3o \u201cInserir\u201d para inseri-lo. <br><img loading=\"lazy\" decoding=\"async\" title=\"Caixa de di\u00e1logo com 2 s\u00edmbolos\" src=\"https:\/\/exceladvisor.org\/wp-content\/uploads\/2023\/08\/Boite-de-dialogue-a-2-symboles.png\" sizes=\"auto, \" srcset=\"\" alt=\"symbol-dilaog-box\" width=\"440\" height=\"340\"><\/li><li> Uma vez inserido, clique no bot\u00e3o \u201cFechar\u201d para fechar a caixa de di\u00e1logo. <br><img loading=\"lazy\" decoding=\"async\" title=\"Caixa de di\u00e1logo com 3 s\u00edmbolos de fechamento\" src=\"https:\/\/exceladvisor.org\/wp-content\/uploads\/2023\/08\/3-fermer-la-boite-de-dialogue-du-symbole-1.png\" sizes=\"auto, \" srcset=\"\" alt=\"close-symbol-dialog-box\" width=\"443\" height=\"337\"><\/li><\/ol><p class=\"qt-tip\"> <strong>Nota:<\/strong> Voc\u00ea precisa clicar no bot\u00e3o \u201cInserir\u201d v\u00e1rias vezes se quiser inserir o s\u00edmbolo \u201cDi\u00e2metro\u201d v\u00e1rias vezes em uma c\u00e9lula. <\/p><div class=\"wp-block-image\"><figure class=\"aligncenter size-full is-resized\"><img loading=\"lazy\" decoding=\"async\" class=\"wp-image-84764\" src=\"https:\/\/exceladvisor.org\/wp-content\/uploads\/2023\/08\/4-symboles-de-diametres-multiples-dans-une-cellule.png\" sizes=\"auto, \" srcset=\"\" alt=\"s\u00edmbolos de m\u00faltiplos di\u00e2metros em uma c\u00e9lula\" width=\"291\" height=\"100\"><\/figure><\/div><h2 id=\"h-insert-diameter-symbol-using-autocorrect-in-excel\" class=\"wp-block-heading\"> Insira um s\u00edmbolo de di\u00e2metro usando a AutoCorre\u00e7\u00e3o no Excel<\/h2><p> Se voc\u00ea usa o s\u00edmbolo \u201cDi\u00e2metro\u201d com frequ\u00eancia, este m\u00e9todo de \u201c <a href=\"https:\/\/exceladvisor.org\/pt\/auto-correcao\/\">AutoCorre\u00e7\u00e3o<\/a> \u201d pode ser super r\u00e1pido.<\/p><ol><li> Primeiro, v\u00e1 para a guia \u201cArquivo\u201d na faixa de op\u00e7\u00f5es, clique em \u201cOp\u00e7\u00f5es\u201d e a caixa de di\u00e1logo \u201cOp\u00e7\u00f5es do Excel\u201d ser\u00e1 aberta.<\/li><li> Depois disso, clique em \u201cRevis\u00e3o\u201d no painel esquerdo e, a seguir, clique em \u201cOp\u00e7\u00f5es de AutoCorre\u00e7\u00e3o\u201d. <br><img loading=\"lazy\" decoding=\"async\" title=\"Op\u00e7\u00e3o de 5 autocorre\u00e7\u00e3o\" src=\"https:\/\/exceladvisor.org\/wp-content\/uploads\/2023\/08\/5-options-de-correction-automatique.png\" sizes=\"auto, \" srcset=\"\" alt=\"autocorrect-option\" width=\"542\" height=\"411\"><\/li><li> Agora, para substituir qualquer palavra pelo s\u00edmbolo \u201cDi\u00e2metro\u201d, insira essa palavra na barra de entrada \u201cSubstituir\u201d e o s\u00edmbolo \u201cDi\u00e2metro\u201d usando as teclas \u201cAlt +227\u201d na barra de entrada \u201cSubstituir\u201d por &#8220;.<\/li><li> Quando terminar, clique em OK para salv\u00e1-lo. <br><img loading=\"lazy\" decoding=\"async\" title=\"Caixa de di\u00e1logo de 6 autocorre\u00e7\u00e3o\" src=\"https:\/\/exceladvisor.org\/wp-content\/uploads\/2023\/08\/6-boite-de-dialogue-de-correction-automatique.png\" sizes=\"auto, \" srcset=\"\" alt=\"autocorrect-dialog-box\" width=\"349\" height=\"436\"><\/li><\/ol><p> Como utilizamos a palavra \u201cDia\u201d para substitu\u00ed-la pelo s\u00edmbolo \u201cDi\u00e2metro\u201d, a partir de agora, assim que voc\u00ea inserir a palavra \u201cDia\u201d na c\u00e9lula, ela ser\u00e1 convertida para o s\u00edmbolo \u201cDi\u00e2metro\u201d.<\/p><h2 id=\"h-insert-diameter-symbol-using-char-function\" class=\"wp-block-heading\"> Insira o s\u00edmbolo de di\u00e2metro usando a fun\u00e7\u00e3o CHAR<\/h2><p> Voc\u00ea precisa ir at\u00e9 a c\u00e9lula onde deseja inseri-lo e digitar a f\u00f3rmula \u201cCHAR\u201d com o c\u00f3digo \u201c0216\u201d ou \u201c216\u201d. <\/p><div class=\"wp-block-image\"><figure class=\"aligncenter size-full is-resized\"><img loading=\"lazy\" decoding=\"async\" class=\"wp-image-84767\" src=\"https:\/\/exceladvisor.org\/wp-content\/uploads\/2023\/08\/7-caracteres-pour-inserer-le-symbole-de-diametre.png\" sizes=\"auto, \" srcset=\"\" alt=\"caractere para inserir s\u00edmbolo de di\u00e2metro\" width=\"391\" height=\"143\"><\/figure><\/div><h2 id=\"h-insert-diameter-symbol-using-alt-key\" class=\"wp-block-heading\"> Insira o s\u00edmbolo de di\u00e2metro usando a tecla Alt<\/h2><p> O m\u00e9todo descrito abaixo usando a tecla \u201cALT\u201d para inserir este s\u00edmbolo s\u00f3 funciona se o seu teclado possuir um teclado num\u00e9rico.<\/p><ol type=\"1\"><li> Primeiro, v\u00e1 para a cela.<\/li><li> Depois disso, mantenha pressionada a tecla \u201cAlt\u201d e pressione o n\u00famero \u201c0216\u201d apenas no teclado num\u00e9rico.<\/li><li> Agora solte a tecla \u201cAlt\u201d e o s\u00edmbolo ser\u00e1 adicionado na c\u00e9lula.<\/li><\/ol><h2 id=\"h-note\" class=\"wp-block-heading\"> Observa\u00e7\u00e3o<\/h2><ul><li> Para usu\u00e1rios de Mac, basta pressionar as teclas de atalho \u201cOption + Shift + 0\u201d para inserir o s\u00edmbolo \u201cDi\u00e2metro\u201d na planilha.<\/li><li> Para inserir ou copiar o s\u00edmbolo em v\u00e1rias c\u00e9lulas, basta usar a op\u00e7\u00e3o copiar e colar ou clicar na \u201cal\u00e7a de preenchimento\u201d e arrastar e soltar a c\u00e9lula.<\/li><\/ul><div class=\"gb-container gb-container-4db6181c gb-container-mt\"> <a class=\"gb-button gb-button-c5897111 gb-button-text gb-button-mt-button\" href=\"https:\/\/exceladvisor.org\/pt\/nocoes-basicas-de-excel\/\">No\u00e7\u00f5es b\u00e1sicas do Microsoft Excel (componentes, pe\u00e7as e notas de conhecimento)<\/a><h2 class=\"gb-headline gb-headline-665e5f6b gb-headline-text gb-headline-mt-heading\"> Tutoriais relacionados <\/h2><div class=\"gb-grid-wrapper gb-grid-wrapper-a20baf7c gb-grid-wrapper-mt-grid\"><div class=\"gb-grid-column gb-grid-column-65ddf67e\"><div class=\"gb-container gb-container-65ddf67e\"><ul><li> <a href=\"https:\/\/exceladvisor.org\/pt\/adicione-um-numero-de-pagina\/\">Adicione um n\u00famero de p\u00e1gina no Excel<\/a><\/li><li> <a href=\"https:\/\/exceladvisor.org\/pt\/aplicar-estilo-de-virgula\/\">Aplicar estilo de v\u00edrgula no Excel<\/a><\/li><li> <a href=\"https:\/\/exceladvisor.org\/pt\/haste\/\">Aplicar tachado no Excel<\/a><\/li><li> <a href=\"https:\/\/exceladvisor.org\/pt\/destacar-celulas-vazias\/\">Destacar c\u00e9lulas vazias no Excel<\/a><\/li><li> <a href=\"https:\/\/exceladvisor.org\/pt\/numeros-negativos-vermelhos\/\">Torne os n\u00fameros negativos vermelhos no Excel<\/a> <\/li><\/ul><\/div><\/div><div class=\"gb-grid-column gb-grid-column-50067b57\"><div class=\"gb-container gb-container-50067b57\"><\/div><\/div><\/div><\/div>","protected":false},"excerpt":{"rendered":"","protected":false},"author":1,"featured_media":0,"parent":0,"menu_order":0,"comment_status":"open","ping_status":"closed","template":"","meta":{"ub_ctt_via":"","footnotes":""},"class_list":["post-55","page","type-page","status-publish","hentry"],"featured_image_src":null,"yoast_head":"<!-- This site is optimized with the Yoast SEO plugin v25.4 - https:\/\/yoast.com\/wordpress\/plugins\/seo\/ -->\n<title>\u25b7 Como inserir um s\u00edmbolo de di\u00e2metro no Excel?<\/title>\n<meta name=\"description\" content=\"O teclado n\u00e3o possui esta tecla de s\u00edmbolo para inseri-lo diretamente, mas no Excel existem muitas maneiras de adicionar este s\u00edmbolo\" \/>\n<meta name=\"robots\" content=\"index, follow, max-snippet:-1, max-image-preview:large, max-video-preview:-1\" \/>\n<link rel=\"canonical\" href=\"https:\/\/exceladvisor.org\/pt\/diametro\/\" \/>\n<meta property=\"og:locale\" content=\"pt_PT\" \/>\n<meta property=\"og:type\" content=\"article\" \/>\n<meta property=\"og:title\" content=\"\u25b7 Como inserir um s\u00edmbolo de di\u00e2metro no Excel?\" \/>\n<meta property=\"og:description\" content=\"O teclado n\u00e3o possui esta tecla de s\u00edmbolo para inseri-lo diretamente, mas no Excel existem muitas maneiras de adicionar este s\u00edmbolo\" \/>\n<meta property=\"og:url\" content=\"https:\/\/exceladvisor.org\/pt\/diametro\/\" \/>\n<meta property=\"og:site_name\" content=\"Excel Advisor\" \/>\n<meta property=\"article:modified_time\" content=\"2023-12-06T11:38:09+00:00\" \/>\n<meta property=\"og:image\" content=\"https:\/\/exceladvisor.org\/wp-content\/uploads\/2023\/08\/1-symbole-de-diametre-de-plaquette.png\" \/>\n<meta name=\"twitter:card\" content=\"summary_large_image\" \/>\n<meta name=\"twitter:label1\" content=\"Tempo estimado de leitura\" \/>\n\t<meta name=\"twitter:data1\" content=\"3 minutos\" \/>\n<script type=\"application\/ld+json\" class=\"yoast-schema-graph\">{\"@context\":\"https:\/\/schema.org\",\"@graph\":[{\"@type\":\"WebPage\",\"@id\":\"https:\/\/exceladvisor.org\/pt\/diametro\/\",\"url\":\"https:\/\/exceladvisor.org\/pt\/diametro\/\",\"name\":\"\u25b7 Como inserir um s\u00edmbolo de di\u00e2metro no Excel?\",\"isPartOf\":{\"@id\":\"https:\/\/exceladvisor.org\/pt\/#website\"},\"primaryImageOfPage\":{\"@id\":\"https:\/\/exceladvisor.org\/pt\/diametro\/#primaryimage\"},\"image\":{\"@id\":\"https:\/\/exceladvisor.org\/pt\/diametro\/#primaryimage\"},\"thumbnailUrl\":\"https:\/\/exceladvisor.org\/wp-content\/uploads\/2023\/08\/1-symbole-de-diametre-de-plaquette.png\",\"datePublished\":\"2023-11-17T19:39:47+00:00\",\"dateModified\":\"2023-12-06T11:38:09+00:00\",\"description\":\"O teclado n\u00e3o possui esta tecla de s\u00edmbolo para inseri-lo diretamente, mas no Excel existem muitas maneiras de adicionar este s\u00edmbolo\",\"breadcrumb\":{\"@id\":\"https:\/\/exceladvisor.org\/pt\/diametro\/#breadcrumb\"},\"inLanguage\":\"pt-PT\",\"potentialAction\":[{\"@type\":\"ReadAction\",\"target\":[\"https:\/\/exceladvisor.org\/pt\/diametro\/\"]}]},{\"@type\":\"ImageObject\",\"inLanguage\":\"pt-PT\",\"@id\":\"https:\/\/exceladvisor.org\/pt\/diametro\/#primaryimage\",\"url\":\"https:\/\/exceladvisor.org\/wp-content\/uploads\/2023\/08\/1-symbole-de-diametre-de-plaquette.png\",\"contentUrl\":\"https:\/\/exceladvisor.org\/wp-content\/uploads\/2023\/08\/1-symbole-de-diametre-de-plaquette.png\"},{\"@type\":\"BreadcrumbList\",\"@id\":\"https:\/\/exceladvisor.org\/pt\/diametro\/#breadcrumb\",\"itemListElement\":[{\"@type\":\"ListItem\",\"position\":1,\"name\":\"Lar\",\"item\":\"https:\/\/exceladvisor.org\/pt\/\"},{\"@type\":\"ListItem\",\"position\":2,\"name\":\"Como inserir um s\u00edmbolo de di\u00e2metro no excel?\"}]},{\"@type\":\"WebSite\",\"@id\":\"https:\/\/exceladvisor.org\/pt\/#website\",\"url\":\"https:\/\/exceladvisor.org\/pt\/\",\"name\":\"Excel Advisor\",\"description\":\"O seu guia definitivo para dominar os dados!\",\"publisher\":{\"@id\":\"https:\/\/exceladvisor.org\/pt\/#organization\"},\"potentialAction\":[{\"@type\":\"SearchAction\",\"target\":{\"@type\":\"EntryPoint\",\"urlTemplate\":\"https:\/\/exceladvisor.org\/pt\/?s={search_term_string}\"},\"query-input\":{\"@type\":\"PropertyValueSpecification\",\"valueRequired\":true,\"valueName\":\"search_term_string\"}}],\"inLanguage\":\"pt-PT\"},{\"@type\":\"Organization\",\"@id\":\"https:\/\/exceladvisor.org\/pt\/#organization\",\"name\":\"Excel Advisor\",\"url\":\"https:\/\/exceladvisor.org\/pt\/\",\"logo\":{\"@type\":\"ImageObject\",\"inLanguage\":\"pt-PT\",\"@id\":\"https:\/\/exceladvisor.org\/pt\/#\/schema\/logo\/image\/\",\"url\":\"https:\/\/exceladvisor.org\/pt\/wp-content\/uploads\/2023\/12\/exceladvisor.org_.png\",\"contentUrl\":\"https:\/\/exceladvisor.org\/pt\/wp-content\/uploads\/2023\/12\/exceladvisor.org_.png\",\"width\":105,\"height\":36,\"caption\":\"Excel Advisor\"},\"image\":{\"@id\":\"https:\/\/exceladvisor.org\/pt\/#\/schema\/logo\/image\/\"}}]}<\/script>\n<!-- \/ Yoast SEO plugin. -->","yoast_head_json":{"title":"\u25b7 Como inserir um s\u00edmbolo de di\u00e2metro no Excel?","description":"O teclado n\u00e3o possui esta tecla de s\u00edmbolo para inseri-lo diretamente, mas no Excel existem muitas maneiras de adicionar este s\u00edmbolo","robots":{"index":"index","follow":"follow","max-snippet":"max-snippet:-1","max-image-preview":"max-image-preview:large","max-video-preview":"max-video-preview:-1"},"canonical":"https:\/\/exceladvisor.org\/pt\/diametro\/","og_locale":"pt_PT","og_type":"article","og_title":"\u25b7 Como inserir um s\u00edmbolo de di\u00e2metro no Excel?","og_description":"O teclado n\u00e3o possui esta tecla de s\u00edmbolo para inseri-lo diretamente, mas no Excel existem muitas maneiras de adicionar este s\u00edmbolo","og_url":"https:\/\/exceladvisor.org\/pt\/diametro\/","og_site_name":"Excel Advisor","article_modified_time":"2023-12-06T11:38:09+00:00","og_image":[{"url":"https:\/\/exceladvisor.org\/wp-content\/uploads\/2023\/08\/1-symbole-de-diametre-de-plaquette.png","type":"","width":"","height":""}],"twitter_card":"summary_large_image","twitter_misc":{"Tempo estimado de leitura":"3 minutos"},"schema":{"@context":"https:\/\/schema.org","@graph":[{"@type":"WebPage","@id":"https:\/\/exceladvisor.org\/pt\/diametro\/","url":"https:\/\/exceladvisor.org\/pt\/diametro\/","name":"\u25b7 Como inserir um s\u00edmbolo de di\u00e2metro no Excel?","isPartOf":{"@id":"https:\/\/exceladvisor.org\/pt\/#website"},"primaryImageOfPage":{"@id":"https:\/\/exceladvisor.org\/pt\/diametro\/#primaryimage"},"image":{"@id":"https:\/\/exceladvisor.org\/pt\/diametro\/#primaryimage"},"thumbnailUrl":"https:\/\/exceladvisor.org\/wp-content\/uploads\/2023\/08\/1-symbole-de-diametre-de-plaquette.png","datePublished":"2023-11-17T19:39:47+00:00","dateModified":"2023-12-06T11:38:09+00:00","description":"O teclado n\u00e3o possui esta tecla de s\u00edmbolo para inseri-lo diretamente, mas no Excel existem muitas maneiras de adicionar este s\u00edmbolo","breadcrumb":{"@id":"https:\/\/exceladvisor.org\/pt\/diametro\/#breadcrumb"},"inLanguage":"pt-PT","potentialAction":[{"@type":"ReadAction","target":["https:\/\/exceladvisor.org\/pt\/diametro\/"]}]},{"@type":"ImageObject","inLanguage":"pt-PT","@id":"https:\/\/exceladvisor.org\/pt\/diametro\/#primaryimage","url":"https:\/\/exceladvisor.org\/wp-content\/uploads\/2023\/08\/1-symbole-de-diametre-de-plaquette.png","contentUrl":"https:\/\/exceladvisor.org\/wp-content\/uploads\/2023\/08\/1-symbole-de-diametre-de-plaquette.png"},{"@type":"BreadcrumbList","@id":"https:\/\/exceladvisor.org\/pt\/diametro\/#breadcrumb","itemListElement":[{"@type":"ListItem","position":1,"name":"Lar","item":"https:\/\/exceladvisor.org\/pt\/"},{"@type":"ListItem","position":2,"name":"Como inserir um s\u00edmbolo de di\u00e2metro no excel?"}]},{"@type":"WebSite","@id":"https:\/\/exceladvisor.org\/pt\/#website","url":"https:\/\/exceladvisor.org\/pt\/","name":"Excel Advisor","description":"O seu guia definitivo para dominar os dados!","publisher":{"@id":"https:\/\/exceladvisor.org\/pt\/#organization"},"potentialAction":[{"@type":"SearchAction","target":{"@type":"EntryPoint","urlTemplate":"https:\/\/exceladvisor.org\/pt\/?s={search_term_string}"},"query-input":{"@type":"PropertyValueSpecification","valueRequired":true,"valueName":"search_term_string"}}],"inLanguage":"pt-PT"},{"@type":"Organization","@id":"https:\/\/exceladvisor.org\/pt\/#organization","name":"Excel Advisor","url":"https:\/\/exceladvisor.org\/pt\/","logo":{"@type":"ImageObject","inLanguage":"pt-PT","@id":"https:\/\/exceladvisor.org\/pt\/#\/schema\/logo\/image\/","url":"https:\/\/exceladvisor.org\/pt\/wp-content\/uploads\/2023\/12\/exceladvisor.org_.png","contentUrl":"https:\/\/exceladvisor.org\/pt\/wp-content\/uploads\/2023\/12\/exceladvisor.org_.png","width":105,"height":36,"caption":"Excel Advisor"},"image":{"@id":"https:\/\/exceladvisor.org\/pt\/#\/schema\/logo\/image\/"}}]}},"yoast_meta":{"yoast_wpseo_title":"","yoast_wpseo_metadesc":"","yoast_wpseo_canonical":""},"_links":{"self":[{"href":"https:\/\/exceladvisor.org\/pt\/wp-json\/wp\/v2\/pages\/55","targetHints":{"allow":["GET"]}}],"collection":[{"href":"https:\/\/exceladvisor.org\/pt\/wp-json\/wp\/v2\/pages"}],"about":[{"href":"https:\/\/exceladvisor.org\/pt\/wp-json\/wp\/v2\/types\/page"}],"author":[{"embeddable":true,"href":"https:\/\/exceladvisor.org\/pt\/wp-json\/wp\/v2\/users\/1"}],"replies":[{"embeddable":true,"href":"https:\/\/exceladvisor.org\/pt\/wp-json\/wp\/v2\/comments?post=55"}],"version-history":[{"count":1,"href":"https:\/\/exceladvisor.org\/pt\/wp-json\/wp\/v2\/pages\/55\/revisions"}],"predecessor-version":[{"id":1100,"href":"https:\/\/exceladvisor.org\/pt\/wp-json\/wp\/v2\/pages\/55\/revisions\/1100"}],"wp:attachment":[{"href":"https:\/\/exceladvisor.org\/pt\/wp-json\/wp\/v2\/media?parent=55"}],"curies":[{"name":"wp","href":"https:\/\/api.w.org\/{rel}","templated":true}]}}