{"id":565,"date":"2023-10-23T18:56:08","date_gmt":"2023-10-23T18:56:08","guid":{"rendered":"https:\/\/exceladvisor.org\/pt\/planilha-1\/"},"modified":"2023-12-06T11:50:22","modified_gmt":"2023-12-06T11:50:22","slug":"planilha-1","status":"publish","type":"page","link":"https:\/\/exceladvisor.org\/pt\/planilha-1\/","title":{"rendered":"Como usar uma planilha excel em vba?"},"content":{"rendered":"<div class=\"excel-before-content-2\" id=\"excel-1686683904\"><script type=\"text\/javascript\">\r\n\tatOptions = {\r\n\t\t'key' : 'c1158f160081d6540a8409e6925dab94',\r\n\t\t'format' : 'iframe',\r\n\t\t'height' : 250,\r\n\t\t'width' : 300,\r\n\t\t'params' : {}\r\n\t};\r\n<\/script>\r\n<script type=\"text\/javascript\" src=\"\/\/www.highperformanceformat.com\/c1158f160081d6540a8409e6925dab94\/invoke.js\"><\/script><\/div><div class=\"excel-before-content\" id=\"excel-3928939206\"><script type=\"text\/javascript\">\r\n\tatOptions = {\r\n\t\t'key' : 'c1158f160081d6540a8409e6925dab94',\r\n\t\t'format' : 'iframe',\r\n\t\t'height' : 250,\r\n\t\t'width' : 300,\r\n\t\t'params' : {}\r\n\t};\r\n<\/script>\r\n<script type=\"text\/javascript\" src=\"\/\/www.highperformanceformat.com\/c1158f160081d6540a8409e6925dab94\/invoke.js\"><\/script><\/div> <p>No VBA, o objeto planilha representa uma \u00fanica planilha que faz parte da cole\u00e7\u00e3o de planilhas (ou planilhas) da pasta de trabalho. Usando o objeto de planilha, voc\u00ea pode consultar a planilha no c\u00f3digo VBA, e consultar uma planilha, tamb\u00e9m pode acessar as propriedades, m\u00e9todos e eventos relacionados a ela.<\/p><p> Aqui est\u00e1 uma r\u00e1pida vis\u00e3o geral da posi\u00e7\u00e3o de uma planilha na hierarquia de objetos do Excel.<\/p><p> <strong>Aplicativo<\/strong> <strong>\u27aa<\/strong> <strong>Apostila<\/strong> <strong>\u27aa<\/strong> <strong>Planilhas<\/strong> <strong>\u27aa<\/strong> <strong>Planilha<\/strong><\/p><p> Neste tutorial, aprenderemos como usar e referenciar uma planilha no Excel usando c\u00f3digo VBA.<\/p><p class=\"content-box-grey\"> <em>Links \u00fateis: <a href=\"https:\/\/exceladvisor.org\/pt\/executar-uma-macro-2\/\">Executar uma macro<\/a> \u2013 <a href=\"https:\/\/exceladvisor.org\/pt\/gravar-uma-macro\/\">Gravador de macro<\/a> \u2013 <a href=\"https:\/\/exceladvisor.org\/pt\/editor-visual-basico\/\">Editor Visual Basic<\/a> \u2013 <a href=\"https:\/\/exceladvisor.org\/pt\/caderno-macro-pessoal\/\">Manual pessoal de macros<\/a><\/em><\/p><h2 class=\"wp-block-heading\"> Planilhas versus planilhas<\/h2><p> Vamos come\u00e7ar do come\u00e7o. Isso \u00e9 importante para entender a diferen\u00e7a entre uma planilha e uma planilha. No Excel, voc\u00ea tem tipos de planilhas que podem ser inseridas em uma pasta de trabalho, e uma planilha \u00e9 um desses tipos. Como voc\u00ea pode ver no instant\u00e2neo abaixo, ao inserir uma nova planilha, o Excel solicita que voc\u00ea selecione o tipo de planilha.<\/p><p> Aqui est\u00e1 o que voc\u00ea precisa entender: quando voc\u00ea usa a palavra &#8220;planilhas&#8221;, voc\u00ea est\u00e1 se referindo a todas as planilhas (planilhas, planilhas de macro e planilhas de gr\u00e1fico), mas quando voc\u00ea usa a palavra &#8220;planilha&#8221;, voc\u00ea est\u00e1 se referindo apenas a planilhas ( <a href=\"https:\/\/docs.microsoft.com\/en-us\/office\/vba\/api\/excel.xlsheettype\" target=\"_blank\" rel=\"noreferrer noopener\" aria-label=\"undefined (opens in a new tab)\">consulte tamb\u00e9m<\/a> ). <\/p><div class=\"wp-block-image\"><figure class=\"aligncenter size-large is-resized\"><img loading=\"lazy\" decoding=\"async\" class=\"wp-image-52465\" src=\"https:\/\/exceladvisor.org\/wp-content\/uploads\/2023\/08\/1-feuille-vs-feuilles-de-travail.png\" sizes=\"auto, \" srcset=\"\" alt=\"planilha versus planilhas\" width=\"528\" height=\"327\"><\/figure><\/div><h2 class=\"wp-block-heading\"> Acesse uma planilha (planilha) usando VBA<\/h2><p> O VBA oferece diferentes maneiras de acessar uma planilha de uma pasta de trabalho e veremos diferentes maneiras de fazer isso mais tarde.<\/p><h3 class=\"wp-block-heading\"> 1. Consulte uma planilha usando o nome<\/h3><p> Cada planilha tem seu nome para identific\u00e1-la e voc\u00ea tamb\u00e9m pode us\u00e1-lo para se referir a essa planilha. Suponha que voc\u00ea queira se referir a \u201cPlanilha1\u201d, o c\u00f3digo seria: <\/p><div class=\"wp-block-image\"><figure class=\"aligncenter size-large is-resized\"><img loading=\"lazy\" decoding=\"async\" class=\"wp-image-52466\" src=\"https:\/\/exceladvisor.org\/wp-content\/uploads\/2023\/08\/2-se-referer-a-une-feuille-en-utilisant-le-nom.png\" sizes=\"auto, \" srcset=\"\" alt=\"consulte uma planilha usando o nome\" width=\"561\" height=\"329\"><\/figure><\/div><pre class=\"wp-block-code\"> <code class=\"language-visual-basic\" lang=\"visual-basic\">Sheets(\u201cSheet1\u201d) Worksheets(\u201cSheet1\u201d)<\/code><\/pre><p> Os dois c\u00f3digos acima referem-se \u00e0 \u201cFolha1\u201d.<\/p><h3 class=\"wp-block-heading\"> 2. Consulte a folha usando o n\u00famero<\/h3><p> Voc\u00ea tamb\u00e9m pode usar um n\u00famero de folha para se referir a ele. Suponha que se uma planilha estiver na quinta posi\u00e7\u00e3o da pasta de trabalho, voc\u00ea possa usar esse n\u00famero para se referir a ela.<\/p><pre class=\"wp-block-code\"> <code class=\"language-visual-basic\" lang=\"visual-basic\">Sheets (5) Worksheets (5)<\/code><\/pre><p> Acima est\u00e3o duas linhas de c\u00f3digo que funcionam de duas maneiras diferentes. A primeira linha refere-se \u00e0 5\u00aa planilha e a segunda \u00e0 5\u00aa planilha da apostila. <\/p><div class=\"wp-block-image\"><figure class=\"aligncenter size-large is-resized\"><img loading=\"lazy\" decoding=\"async\" class=\"wp-image-52467\" src=\"https:\/\/exceladvisor.org\/wp-content\/uploads\/2023\/08\/3-se-referer-a-une-feuille-en-utilisant-le-numero.png\" sizes=\"auto, \" srcset=\"\" alt=\"referir-se a uma folha usando um n\u00famero\" width=\"551\" height=\"199\"><\/figure><\/div><h3 class=\"wp-block-heading\"> 3. Consulte o ActiveSheet<\/h3><p> Se uma planilha j\u00e1 estiver ativa, voc\u00ea poder\u00e1 consult\u00e1-la usando a palavra-chave &#8220;Activesheet&#8221; em vez de seu nome.<\/p><pre class=\"wp-block-code\"> <code class=\"language-visual-basic\" lang=\"visual-basic\">ActiveSheet<\/code><\/pre><p> Caso queira realizar uma atividade no ActiveSheet, voc\u00ea pode utilizar o objeto &#8220;Activesheet&#8221;, mas se n\u00e3o utiliz\u00e1-lo, o VBA ainda realizar\u00e1 a atividade na planilha ativa.<\/p><p> <strong>Leia:<\/strong> Selecione um intervalo usando VBA<\/p><h3 class=\"wp-block-heading\"> 4. Consulte uma planilha usando o nome da janela de c\u00f3digo<\/h3><p> Cada planilha possui sua janela de c\u00f3digo e h\u00e1 um nome para essa janela de c\u00f3digo. Normalmente, um usu\u00e1rio pode alterar o nome da planilha na guia, mas o nome que voc\u00ea tem na janela de c\u00f3digo n\u00e3o pode ser alterado, a menos que voc\u00ea fa\u00e7a isso nas propriedades.<\/p><p> Abra o Editor do Visual Basic na guia Desenvolvedor e na se\u00e7\u00e3o de propriedades voc\u00ea pode ver o nome da planilha selecionada. <\/p><div class=\"wp-block-image\"><figure class=\"aligncenter size-large is-resized\"><img loading=\"lazy\" decoding=\"async\" class=\"wp-image-52468\" src=\"https:\/\/exceladvisor.org\/wp-content\/uploads\/2023\/08\/4-se-referer-a-une-feuille-en-utilisant-le-code.png\" sizes=\"auto, \" srcset=\"\" alt=\"consulte uma planilha usando o c\u00f3digo\" width=\"309\" height=\"322\"><\/figure><\/div><p> E voc\u00ea tamb\u00e9m pode alterar esse nome na se\u00e7\u00e3o de propriedades. <\/p><div class=\"wp-block-image\"><figure class=\"aligncenter size-large is-resized\"><img loading=\"lazy\" decoding=\"async\" class=\"wp-image-52469\" src=\"https:\/\/exceladvisor.org\/wp-content\/uploads\/2023\/08\/5-en-utilisant-le-nom-de-la-fenetre-de-code.png\" sizes=\"auto, \" srcset=\"\" alt=\"usando-c\u00f3digo-nome-da-janela\" width=\"365\" height=\"152\"><\/figure><\/div><p> Agora voc\u00ea pode consult\u00e1-lo usando o nome da janela de c\u00f3digo.<\/p><pre class=\"wp-block-code\"> <code class=\"language-visual-basic\" lang=\"visual-basic\">mySheet<\/code><\/pre><h3 class=\"wp-block-heading\"> 5. Consulte v\u00e1rias planilhas<\/h3><p> Voc\u00ea tamb\u00e9m pode fazer refer\u00eancia a v\u00e1rias planilhas de uma vez usando uma \u00fanica linha de c\u00f3digo. Para isso voc\u00ea pode usar um array, assim como o c\u00f3digo a seguir.<\/p><pre class=\"wp-block-code\"> <code class=\"language-visual-basic\" lang=\"visual-basic\">Sheets(Array(\"Sheet1\", \"Sheet2\"))<\/code><\/pre><p> Este c\u00f3digo se refere a &#8220;Planilha1&#8221; e &#8220;Planilha2&#8221;, mas h\u00e1 uma coisa que voc\u00ea precisa entender ao se referir a v\u00e1rias planilhas: existem alguns m\u00e9todos e propriedades que voc\u00ea n\u00e3o pode usar.<\/p><h3 class=\"wp-block-heading\"> 6. Consulte a planilha em outra pasta de trabalho<\/h3><p> Uma planilha ou planilha faz parte da cole\u00e7\u00e3o de planilhas em uma pasta de trabalho e, se quiser fazer refer\u00eancia a uma planilha espec\u00edfica que n\u00e3o seja a pasta de trabalho ativa, voc\u00ea deve primeiro consultar essa pasta de trabalho.<\/p><pre class=\"wp-block-code\"> <code class=\"language-visual-basic\" lang=\"visual-basic\">Workbooks(\"Book1\").Sheets(\"Sheet1\")<\/code><\/pre><p> Para <a href=\"https:\/\/exceladvisor.org\/pt\/executar-uma-macro-2\/\">executar este c\u00f3digo<\/a> voc\u00ea deve ter o \u201cLivro1\u201d aberto.<\/p><h2 class=\"wp-block-heading\"> Propriedades, m\u00e9todos e eventos relacionados a uma planilha ou planilha<\/h2><p> No VBA, cada objeto Excel possui propriedades, m\u00e9todos e eventos que voc\u00ea pode utilizar e, da mesma forma, voc\u00ea pode acessar as propriedades e m\u00e9todos que o acompanham. Depois de especificar uma planilha, digite um ponto (.) e voc\u00ea obter\u00e1 a lista. <\/p><div class=\"wp-block-image\"><figure class=\"aligncenter size-large is-resized\"><img loading=\"lazy\" decoding=\"async\" class=\"wp-image-52470\" src=\"https:\/\/exceladvisor.org\/wp-content\/uploads\/2023\/08\/6-evenements-lies-a-une-feuille.png\" sizes=\"auto, \" srcset=\"\" alt=\"eventos vinculados com uma planilha\" width=\"494\" height=\"365\"><\/figure><\/div><p> Nesta lista, todos os \u00edcones onde voc\u00ea pode ver uma m\u00e3o s\u00e3o propriedades, e onde voc\u00ea tem um tijolo verde s\u00e3o m\u00e9todos.<\/p><h3 class=\"wp-block-heading\"> Exemplo de propriedade<\/h3><p> Digamos que voc\u00ea queira alterar a cor da guia da planilha. Neste caso, voc\u00ea pode usar a propriedade TAB da planilha.<\/p><pre class=\"wp-block-code\"> <code class=\"language-visual-basic\" lang=\"visual-basic\">mySheet.Tab.ThemeColor = xlThemeColorAccent2<\/code><\/pre><p> Na linha de c\u00f3digo acima, voc\u00ea tem a propriedade tab e outra propriedade de cor do tema para alterar a cor da guia da planilha.<\/p><h3 class=\"wp-block-heading\"> M\u00e9todo de exemplo<\/h3><p> Da mesma forma, voc\u00ea pode usar os m\u00e9todos fornecidos com as planilhas. Um dos m\u00e9todos mais comuns \u00e9 o m\u00e9todo \u201cSelecionar\u201d que voc\u00ea pode usar para selecionar uma planilha.<\/p><pre class=\"wp-block-code\"> <code class=\"language-visual-basic\" lang=\"visual-basic\">mySheet.Select<\/code><\/pre><p> No momento em que voc\u00ea executa esse c\u00f3digo, ele seleciona \u201cmySheet\u201d na pasta de trabalho ativa.<\/p><h3 class=\"wp-block-heading\"> Evento de exemplo<\/h3><p> Alguns eventos est\u00e3o associados a uma planilha. Por exemplo, quando voc\u00ea ativa uma planilha, \u00e9 um evento e, da mesma forma, quando voc\u00ea altera algo na planilha. Veja o c\u00f3digo a seguir onde voc\u00ea tem o c\u00f3digo para executar quando ocorre um evento (altera\u00e7\u00e3o na planilha). <\/p><div class=\"wp-block-image\"><figure class=\"aligncenter size-large is-resized\"><img loading=\"lazy\" decoding=\"async\" class=\"wp-image-52471\" src=\"https:\/\/exceladvisor.org\/wp-content\/uploads\/2023\/08\/7-exemple-devenement.png\" sizes=\"auto, \" srcset=\"\" alt=\"exemplo de evento\" width=\"668\" height=\"211\"><\/figure><\/div><pre class=\"wp-block-code\"> <code class=\"language-visual-basic\" lang=\"visual-basic\">Private Sub Worksheet_SelectionChange(ByVal Target As Range) Range(\"A1\").Value = Range(\"A1\").Value + 1 End Sub<\/code><\/pre><p> Este c\u00f3digo insere um valor na c\u00e9lula A1 da planilha cada vez que voc\u00ea faz uma altera\u00e7\u00e3o na planilha.<\/p><h2 class=\"wp-block-heading\"> Declarar um objeto de planilha<\/h2><p> Voc\u00ea tamb\u00e9m pode declarar uma vari\u00e1vel como uma planilha, o que facilita o uso dessa planilha no c\u00f3digo VBA. Use primeiro a palavra-chave DIM e depois o nome da vari\u00e1vel. Depois disso, especifique o tipo de objeto como Planilha. <\/p><div class=\"wp-block-image\"><figure class=\"aligncenter size-large is-resized\"><img loading=\"lazy\" decoding=\"async\" class=\"wp-image-52472\" src=\"https:\/\/exceladvisor.org\/wp-content\/uploads\/2023\/08\/8-declarer-un-objet-feuille-de-calcul.png\" sizes=\"auto, \" srcset=\"\" alt=\"declarar um objeto de planilha\" width=\"365\" height=\"250\"><\/figure><\/div><div class=\"gb-container gb-container-4db6181c gb-container-mt\"> <a class=\"gb-button gb-button-c5897111 gb-button-text gb-button-mt-button\" href=\"https:\/\/exceladvisor.org\/pt\/vba\/\">O que \u00e9 VBA<\/a><h2 class=\"gb-headline gb-headline-665e5f6b gb-headline-text gb-headline-mt-heading\"> Tutoriais relacionados <\/h2><div class=\"gb-grid-wrapper gb-grid-wrapper-a20baf7c gb-grid-wrapper-mt-grid\"><div class=\"gb-grid-column gb-grid-column-65ddf67e\"><div class=\"gb-container gb-container-65ddf67e\"><ul><li> <a href=\"https:\/\/exceladvisor.org\/pt\/limpar-folha\/\">LIMPAR uma planilha inteira usando VBA no Excel<\/a><\/li><li> <a href=\"https:\/\/exceladvisor.org\/pt\/folha-de-copia\/\">Copie e mova uma planilha no Excel usando VBA<\/a><\/li><li> <a href=\"https:\/\/exceladvisor.org\/pt\/conte-as-folhas\/\">COUNT planilhas usando VBA no Excel<\/a><\/li><li> <a href=\"https:\/\/exceladvisor.org\/pt\/excluir-uma-planilha-1\/\">EXCLUIR uma FOLHA usando VBA no Excel<\/a><\/li><li> <a href=\"https:\/\/exceladvisor.org\/pt\/ocultar-planilha\/\">Ocultar e mostrar uma planilha usando VBA no Excel<\/a> <\/li><\/ul><\/div><\/div><div class=\"gb-grid-column gb-grid-column-50067b57\"><div class=\"gb-container gb-container-50067b57\"><\/div><\/div><\/div><\/div>","protected":false},"excerpt":{"rendered":"","protected":false},"author":1,"featured_media":0,"parent":0,"menu_order":0,"comment_status":"open","ping_status":"closed","template":"","meta":{"ub_ctt_via":"","footnotes":""},"class_list":["post-565","page","type-page","status-publish","hentry"],"featured_image_src":null,"yoast_head":"<!-- This site is optimized with the Yoast SEO plugin v25.4 - https:\/\/yoast.com\/wordpress\/plugins\/seo\/ -->\n<title>Como usar uma planilha Excel em VBA?<\/title>\n<meta name=\"description\" content=\"Neste tutorial, voc\u00ea pode aprender como fazer refer\u00eancia a uma planilha ou planilha no c\u00f3digo VBA.\" \/>\n<meta name=\"robots\" content=\"index, follow, max-snippet:-1, max-image-preview:large, max-video-preview:-1\" \/>\n<link rel=\"canonical\" href=\"https:\/\/exceladvisor.org\/pt\/planilha-1\/\" \/>\n<meta property=\"og:locale\" content=\"pt_PT\" \/>\n<meta property=\"og:type\" content=\"article\" \/>\n<meta property=\"og:title\" content=\"Como usar uma planilha Excel em VBA?\" \/>\n<meta property=\"og:description\" content=\"Neste tutorial, voc\u00ea pode aprender como fazer refer\u00eancia a uma planilha ou planilha no c\u00f3digo VBA.\" \/>\n<meta property=\"og:url\" content=\"https:\/\/exceladvisor.org\/pt\/planilha-1\/\" \/>\n<meta property=\"og:site_name\" content=\"Excel Advisor\" \/>\n<meta property=\"article:modified_time\" content=\"2023-12-06T11:50:22+00:00\" \/>\n<meta property=\"og:image\" content=\"https:\/\/exceladvisor.org\/wp-content\/uploads\/2023\/08\/1-feuille-vs-feuilles-de-travail.png\" \/>\n<meta name=\"twitter:card\" content=\"summary_large_image\" \/>\n<meta name=\"twitter:label1\" content=\"Tempo estimado de leitura\" \/>\n\t<meta name=\"twitter:data1\" content=\"5 minutos\" \/>\n<script type=\"application\/ld+json\" class=\"yoast-schema-graph\">{\"@context\":\"https:\/\/schema.org\",\"@graph\":[{\"@type\":\"WebPage\",\"@id\":\"https:\/\/exceladvisor.org\/pt\/planilha-1\/\",\"url\":\"https:\/\/exceladvisor.org\/pt\/planilha-1\/\",\"name\":\"Como usar uma planilha Excel em VBA?\",\"isPartOf\":{\"@id\":\"https:\/\/exceladvisor.org\/pt\/#website\"},\"primaryImageOfPage\":{\"@id\":\"https:\/\/exceladvisor.org\/pt\/planilha-1\/#primaryimage\"},\"image\":{\"@id\":\"https:\/\/exceladvisor.org\/pt\/planilha-1\/#primaryimage\"},\"thumbnailUrl\":\"https:\/\/exceladvisor.org\/wp-content\/uploads\/2023\/08\/1-feuille-vs-feuilles-de-travail.png\",\"datePublished\":\"2023-10-23T18:56:08+00:00\",\"dateModified\":\"2023-12-06T11:50:22+00:00\",\"description\":\"Neste tutorial, voc\u00ea pode aprender como fazer refer\u00eancia a uma planilha ou planilha no c\u00f3digo VBA.\",\"breadcrumb\":{\"@id\":\"https:\/\/exceladvisor.org\/pt\/planilha-1\/#breadcrumb\"},\"inLanguage\":\"pt-PT\",\"potentialAction\":[{\"@type\":\"ReadAction\",\"target\":[\"https:\/\/exceladvisor.org\/pt\/planilha-1\/\"]}]},{\"@type\":\"ImageObject\",\"inLanguage\":\"pt-PT\",\"@id\":\"https:\/\/exceladvisor.org\/pt\/planilha-1\/#primaryimage\",\"url\":\"https:\/\/exceladvisor.org\/wp-content\/uploads\/2023\/08\/1-feuille-vs-feuilles-de-travail.png\",\"contentUrl\":\"https:\/\/exceladvisor.org\/wp-content\/uploads\/2023\/08\/1-feuille-vs-feuilles-de-travail.png\"},{\"@type\":\"BreadcrumbList\",\"@id\":\"https:\/\/exceladvisor.org\/pt\/planilha-1\/#breadcrumb\",\"itemListElement\":[{\"@type\":\"ListItem\",\"position\":1,\"name\":\"Lar\",\"item\":\"https:\/\/exceladvisor.org\/pt\/\"},{\"@type\":\"ListItem\",\"position\":2,\"name\":\"Como usar uma planilha excel em vba?\"}]},{\"@type\":\"WebSite\",\"@id\":\"https:\/\/exceladvisor.org\/pt\/#website\",\"url\":\"https:\/\/exceladvisor.org\/pt\/\",\"name\":\"Excel Advisor\",\"description\":\"O seu guia definitivo para dominar os dados!\",\"publisher\":{\"@id\":\"https:\/\/exceladvisor.org\/pt\/#organization\"},\"potentialAction\":[{\"@type\":\"SearchAction\",\"target\":{\"@type\":\"EntryPoint\",\"urlTemplate\":\"https:\/\/exceladvisor.org\/pt\/?s={search_term_string}\"},\"query-input\":{\"@type\":\"PropertyValueSpecification\",\"valueRequired\":true,\"valueName\":\"search_term_string\"}}],\"inLanguage\":\"pt-PT\"},{\"@type\":\"Organization\",\"@id\":\"https:\/\/exceladvisor.org\/pt\/#organization\",\"name\":\"Excel Advisor\",\"url\":\"https:\/\/exceladvisor.org\/pt\/\",\"logo\":{\"@type\":\"ImageObject\",\"inLanguage\":\"pt-PT\",\"@id\":\"https:\/\/exceladvisor.org\/pt\/#\/schema\/logo\/image\/\",\"url\":\"https:\/\/exceladvisor.org\/pt\/wp-content\/uploads\/2023\/12\/exceladvisor.org_.png\",\"contentUrl\":\"https:\/\/exceladvisor.org\/pt\/wp-content\/uploads\/2023\/12\/exceladvisor.org_.png\",\"width\":105,\"height\":36,\"caption\":\"Excel Advisor\"},\"image\":{\"@id\":\"https:\/\/exceladvisor.org\/pt\/#\/schema\/logo\/image\/\"}}]}<\/script>\n<!-- \/ Yoast SEO plugin. -->","yoast_head_json":{"title":"Como usar uma planilha Excel em VBA?","description":"Neste tutorial, voc\u00ea pode aprender como fazer refer\u00eancia a uma planilha ou planilha no c\u00f3digo VBA.","robots":{"index":"index","follow":"follow","max-snippet":"max-snippet:-1","max-image-preview":"max-image-preview:large","max-video-preview":"max-video-preview:-1"},"canonical":"https:\/\/exceladvisor.org\/pt\/planilha-1\/","og_locale":"pt_PT","og_type":"article","og_title":"Como usar uma planilha Excel em VBA?","og_description":"Neste tutorial, voc\u00ea pode aprender como fazer refer\u00eancia a uma planilha ou planilha no c\u00f3digo VBA.","og_url":"https:\/\/exceladvisor.org\/pt\/planilha-1\/","og_site_name":"Excel Advisor","article_modified_time":"2023-12-06T11:50:22+00:00","og_image":[{"url":"https:\/\/exceladvisor.org\/wp-content\/uploads\/2023\/08\/1-feuille-vs-feuilles-de-travail.png","type":"","width":"","height":""}],"twitter_card":"summary_large_image","twitter_misc":{"Tempo estimado de leitura":"5 minutos"},"schema":{"@context":"https:\/\/schema.org","@graph":[{"@type":"WebPage","@id":"https:\/\/exceladvisor.org\/pt\/planilha-1\/","url":"https:\/\/exceladvisor.org\/pt\/planilha-1\/","name":"Como usar uma planilha Excel em VBA?","isPartOf":{"@id":"https:\/\/exceladvisor.org\/pt\/#website"},"primaryImageOfPage":{"@id":"https:\/\/exceladvisor.org\/pt\/planilha-1\/#primaryimage"},"image":{"@id":"https:\/\/exceladvisor.org\/pt\/planilha-1\/#primaryimage"},"thumbnailUrl":"https:\/\/exceladvisor.org\/wp-content\/uploads\/2023\/08\/1-feuille-vs-feuilles-de-travail.png","datePublished":"2023-10-23T18:56:08+00:00","dateModified":"2023-12-06T11:50:22+00:00","description":"Neste tutorial, voc\u00ea pode aprender como fazer refer\u00eancia a uma planilha ou planilha no c\u00f3digo VBA.","breadcrumb":{"@id":"https:\/\/exceladvisor.org\/pt\/planilha-1\/#breadcrumb"},"inLanguage":"pt-PT","potentialAction":[{"@type":"ReadAction","target":["https:\/\/exceladvisor.org\/pt\/planilha-1\/"]}]},{"@type":"ImageObject","inLanguage":"pt-PT","@id":"https:\/\/exceladvisor.org\/pt\/planilha-1\/#primaryimage","url":"https:\/\/exceladvisor.org\/wp-content\/uploads\/2023\/08\/1-feuille-vs-feuilles-de-travail.png","contentUrl":"https:\/\/exceladvisor.org\/wp-content\/uploads\/2023\/08\/1-feuille-vs-feuilles-de-travail.png"},{"@type":"BreadcrumbList","@id":"https:\/\/exceladvisor.org\/pt\/planilha-1\/#breadcrumb","itemListElement":[{"@type":"ListItem","position":1,"name":"Lar","item":"https:\/\/exceladvisor.org\/pt\/"},{"@type":"ListItem","position":2,"name":"Como usar uma planilha excel em vba?"}]},{"@type":"WebSite","@id":"https:\/\/exceladvisor.org\/pt\/#website","url":"https:\/\/exceladvisor.org\/pt\/","name":"Excel Advisor","description":"O seu guia definitivo para dominar os dados!","publisher":{"@id":"https:\/\/exceladvisor.org\/pt\/#organization"},"potentialAction":[{"@type":"SearchAction","target":{"@type":"EntryPoint","urlTemplate":"https:\/\/exceladvisor.org\/pt\/?s={search_term_string}"},"query-input":{"@type":"PropertyValueSpecification","valueRequired":true,"valueName":"search_term_string"}}],"inLanguage":"pt-PT"},{"@type":"Organization","@id":"https:\/\/exceladvisor.org\/pt\/#organization","name":"Excel Advisor","url":"https:\/\/exceladvisor.org\/pt\/","logo":{"@type":"ImageObject","inLanguage":"pt-PT","@id":"https:\/\/exceladvisor.org\/pt\/#\/schema\/logo\/image\/","url":"https:\/\/exceladvisor.org\/pt\/wp-content\/uploads\/2023\/12\/exceladvisor.org_.png","contentUrl":"https:\/\/exceladvisor.org\/pt\/wp-content\/uploads\/2023\/12\/exceladvisor.org_.png","width":105,"height":36,"caption":"Excel Advisor"},"image":{"@id":"https:\/\/exceladvisor.org\/pt\/#\/schema\/logo\/image\/"}}]}},"yoast_meta":{"yoast_wpseo_title":"","yoast_wpseo_metadesc":"","yoast_wpseo_canonical":""},"_links":{"self":[{"href":"https:\/\/exceladvisor.org\/pt\/wp-json\/wp\/v2\/pages\/565","targetHints":{"allow":["GET"]}}],"collection":[{"href":"https:\/\/exceladvisor.org\/pt\/wp-json\/wp\/v2\/pages"}],"about":[{"href":"https:\/\/exceladvisor.org\/pt\/wp-json\/wp\/v2\/types\/page"}],"author":[{"embeddable":true,"href":"https:\/\/exceladvisor.org\/pt\/wp-json\/wp\/v2\/users\/1"}],"replies":[{"embeddable":true,"href":"https:\/\/exceladvisor.org\/pt\/wp-json\/wp\/v2\/comments?post=565"}],"version-history":[{"count":1,"href":"https:\/\/exceladvisor.org\/pt\/wp-json\/wp\/v2\/pages\/565\/revisions"}],"predecessor-version":[{"id":1385,"href":"https:\/\/exceladvisor.org\/pt\/wp-json\/wp\/v2\/pages\/565\/revisions\/1385"}],"wp:attachment":[{"href":"https:\/\/exceladvisor.org\/pt\/wp-json\/wp\/v2\/media?parent=565"}],"curies":[{"name":"wp","href":"https:\/\/api.w.org\/{rel}","templated":true}]}}