{"id":566,"date":"2023-10-23T16:38:56","date_gmt":"2023-10-23T16:38:56","guid":{"rendered":"https:\/\/exceladvisor.org\/pt\/concatenar-um-intervalo-de-celulas\/"},"modified":"2023-12-06T11:35:27","modified_gmt":"2023-12-06T11:35:27","slug":"concatenar-um-intervalo-de-celulas","status":"publish","type":"page","link":"https:\/\/exceladvisor.org\/pt\/concatenar-um-intervalo-de-celulas\/","title":{"rendered":"Como concatenar um intervalo de c\u00e9lulas no excel?"},"content":{"rendered":"<div class=\"excel-before-content-2\" id=\"excel-4158483724\"><script type=\"text\/javascript\">\r\n\tatOptions = {\r\n\t\t'key' : 'c1158f160081d6540a8409e6925dab94',\r\n\t\t'format' : 'iframe',\r\n\t\t'height' : 250,\r\n\t\t'width' : 300,\r\n\t\t'params' : {}\r\n\t};\r\n<\/script>\r\n<script type=\"text\/javascript\" src=\"\/\/www.highperformanceformat.com\/c1158f160081d6540a8409e6925dab94\/invoke.js\"><\/script><\/div><div class=\"excel-before-content\" id=\"excel-161608655\"><script type=\"text\/javascript\">\r\n\tatOptions = {\r\n\t\t'key' : 'c1158f160081d6540a8409e6925dab94',\r\n\t\t'format' : 'iframe',\r\n\t\t'height' : 250,\r\n\t\t'width' : 300,\r\n\t\t'params' : {}\r\n\t};\r\n<\/script>\r\n<script type=\"text\/javascript\" src=\"\/\/www.highperformanceformat.com\/c1158f160081d6540a8409e6925dab94\/invoke.js\"><\/script><\/div> <p>Combinar valores com CONCATENATE \u00e9 o melhor caminho, mas com esta fun\u00e7\u00e3o n\u00e3o \u00e9 poss\u00edvel fazer refer\u00eancia a um intervalo inteiro. Voc\u00ea precisa selecionar todas as c\u00e9lulas de um intervalo, uma por uma, e se tentar fazer refer\u00eancia a um intervalo inteiro, o texto da primeira c\u00e9lula ser\u00e1 retornado.<\/p><p> Nessa situa\u00e7\u00e3o, voc\u00ea precisa de um m\u00e9todo para fazer refer\u00eancia a um intervalo inteiro de c\u00e9lulas para combin\u00e1-las em uma \u00fanica c\u00e9lula. Hoje, neste artigo, gostaria de compartilhar com voc\u00eas 5 maneiras diferentes de combinar texto de intervalo em uma \u00fanica c\u00e9lula.<\/p><h2 id=\"tab-con-9\" class=\"wp-block-heading\"> [CONCATENATE + TRANSPOSE] para combinar valores<\/h2><p> A melhor maneira de combinar texto de c\u00e9lulas diferentes em uma \u00fanica c\u00e9lula \u00e9 <strong><span style=\"color: #000000;\">usar a fun\u00e7\u00e3o transpor junto com a fun\u00e7\u00e3o concatenar<\/span><\/strong> .<\/p><p> Observe o intervalo de c\u00e9lulas abaixo onde voc\u00ea tem algum texto, mas cada palavra est\u00e1 em uma c\u00e9lula diferente e voc\u00ea deseja colocar tudo em uma c\u00e9lula. Abaixo est\u00e3o as etapas para combinar os valores deste intervalo de c\u00e9lulas em uma \u00fanica c\u00e9lula.<\/p><ol><li> No B8 ( <a href=\"https:\/\/exceladvisor.org\/pt\/editar-celula\/\">edite a c\u00e9lula usando F2<\/a> ), insira a seguinte f\u00f3rmula e n\u00e3o pressione Enter.<ul><li> =CONCATENAR(TRANSPOR(A1:A5)&amp; \u00bb \u00ab )<\/li><\/ul><\/li><li> Agora selecione toda a parte interna da fun\u00e7\u00e3o de concatena\u00e7\u00e3o e pressione F9. Ele ir\u00e1 convert\u00ea-lo em um array.<\/li><li> Depois disso, remova os colchetes do in\u00edcio e do final da mesa.<\/li><li> No final, pressione Enter. <\/li><\/ol><div class=\"wp-block-image\"><figure class=\"aligncenter\"><img decoding=\"async\" src=\"https:\/\/exceladvisor.org\/wp-content\/uploads\/2023\/08\/1.gif\" sizes=\"\" srcset=\"\" alt=\"concatenar um intervalo de c\u00e9lulas com uma transposta concatenada\"><\/figure><\/div><p> Isso \u00e9 tudo.<\/p><h3 class=\"wp-block-heading\"> Como funciona essa f\u00f3rmula?<\/h3><p> Nesta f\u00f3rmula, voc\u00ea usou TRANSPOSE e espa\u00e7o em CONCATENATE. Quando voc\u00ea <a href=\"https:\/\/exceladvisor.org\/pt\/formula-para-valor\/\" data-wpil=\"url\">converte esta refer\u00eancia em valores concretos,<\/a> ela retorna uma matriz. Nesta tabela voc\u00ea tem o texto de cada c\u00e9lula e um espa\u00e7o entre elas e ao pressionar enter combina todas elas.<\/p><h2 id=\"tab-con-1\" class=\"wp-block-heading\"> Combine o texto usando a op\u00e7\u00e3o Preenchimento Justificado<\/h2><p> <a href=\"https:\/\/exceladvisor.org\/pt\/adicione-uma-marca-dagua\/\">Preencher justificativa<\/a> \u00e9 uma das ferramentas n\u00e3o utilizadas, mas mais poderosas do Excel. E, sempre que precisar combinar texto de c\u00e9lulas diferentes, voc\u00ea pode us\u00e1-lo. O melhor \u00e9 que <strong><span style=\"color: #000000;\">voc\u00ea s\u00f3 precisa de um clique para mesclar o texto<\/span><\/strong> . Veja os dados abaixo e siga os passos. <\/p><div class=\"wp-block-image\"><figure class=\"aligncenter\"><img decoding=\"async\" src=\"https:\/\/exceladvisor.org\/wp-content\/uploads\/2023\/08\/2-concatener-une-plage-de-cellules-avec-justification-de-remplissage-1.gif\" sizes=\"\" srcset=\"\" alt=\"2 concatenar um intervalo de c\u00e9lulas com justificativa de preenchimento\"><\/figure><\/div><ol><li> Primeiro, certifique-se de aumentar a largura da coluna onde est\u00e1 o texto.<\/li><li> Depois disso, selecione todas as c\u00e9lulas.<\/li><li> No final, v\u00e1 para a aba Home \u279c Editar \u279c Preencher \u279c Justificar.<\/li><\/ol><p> Isso mesclar\u00e1 o texto de todas as c\u00e9lulas na primeira c\u00e9lula da sele\u00e7\u00e3o.<\/p><h2 id=\"tab-con-10\" class=\"wp-block-heading\"> Fun\u00e7\u00e3o TEXTJOIN para valores CONCATENATE<\/h2><p> Se voc\u00ea estiver usando <a href=\"https:\/\/support.office.com\/en-us\/article\/Download-and-install-or-reinstall-Office-365-or-Office-2016-on-a-PC-or-Mac-4414EAAF-0478-48BE-9C42-23ADC4716658?ui=en-US&amp;rs=en-US&amp;ad=US&amp;fromAR=1\" target=\"_blank\" rel=\"noreferrer noopener nofollow\">o Excel 2016 (Office 365)<\/a> , existe uma fun\u00e7\u00e3o chamada &#8220;TextJoin&#8221;. Isso pode permitir combinar facilmente texto de c\u00e9lulas diferentes em uma \u00fanica c\u00e9lula.<\/p><h3 id=\"tab-con-6\" class=\"wp-block-heading\"> Sintaxe:<\/h3><p> <span style=\"font-family: Courier New,Courier,monospace;\">TEXTJOIN(delimitador, ignore_empty, texto1, [texto2],\u2026)<\/span><\/p><ol><li> <strong>delimitar<\/strong> uma string de texto para usar como delimitador.<\/li><li> <strong>ignore_empty<\/strong> true para ignorar a c\u00e9lula vazia, false para n\u00e3o fazer isso.<\/li><li> <strong>text1<\/strong> texto a ser combinado.<\/li><li> <strong>[text2]<\/strong> texto para combinar opcional.<\/li><\/ol><h3 id=\"tab-con-8\" class=\"wp-block-heading\"> como us\u00e1-lo<\/h3><p> Para combinar a lista de valores abaixo, voc\u00ea pode usar a f\u00f3rmula: <\/p><pre class=\"wp-block-code\"> <code class=\"language-excel-formula\" lang=\"excel-formula\">=TEXTJOIN(\" \",TRUE,A1:A5)<\/code><\/pre><div class=\"wp-block-image\"><figure class=\"aligncenter\"><img decoding=\"async\" src=\"https:\/\/exceladvisor.org\/wp-content\/uploads\/2023\/08\/3-concatener-une-plage-de-cellules-avec-une-jointure-de-texte-min-1.png\" sizes=\"\" srcset=\"\" alt=\"3 concatenar um intervalo de c\u00e9lulas com uma jun\u00e7\u00e3o m\u00ednima de texto\"><\/figure><\/div><p> Aqui voc\u00ea usou espa\u00e7o como delimitador, TRUE para ignorar c\u00e9lulas em branco e todo o intervalo em um \u00fanico argumento. Ao final, pressione Enter e voc\u00ea obter\u00e1 todo o texto em uma \u00fanica c\u00e9lula.<\/p><h2 id=\"tab-con-3\" class=\"wp-block-heading\"> Combine texto com Power Query<\/h2><p> O Power Query \u00e9 uma ferramenta fant\u00e1stica e eu adoro isso. N\u00e3o deixe de conferir isso ( <strong><a style=\"outline: none;\" href=\"https:\/\/exceladvisor.org\/pt\/solicitacao-de-energia\/\">Tutorial do Excel Power Query<\/a><\/strong> ). Voc\u00ea tamb\u00e9m pode us\u00e1-lo para combinar texto de uma lista em uma \u00fanica c\u00e9lula. Abaixo est\u00e3o as etapas.<\/p><ol><li> Selecione o intervalo de c\u00e9lulas e clique em \u201cDa Tabela\u201d na guia Dados. <br><img decoding=\"async\" title=\"4-concatenar-um-intervalo-de-c\u00e9lulas-com-consulta-poder-da-tabela-min\" src=\"https:\/\/exceladvisor.org\/wp-content\/uploads\/2023\/08\/4-concatener-une-plage-de-cellules-avec-une-requete-de-puissance-a-partir-de-la-table-min-1.png\" sizes=\"\" srcset=\"\" alt=\"4 concatenate a range of cells with power query from table min\"><\/li><li> Se voc\u00ea editar seus dados no editor do Power Query. <br><img decoding=\"async\" title=\"5-concatenar-um-intervalo-de-c\u00e9lulas-com-editor-de-consulta-poder-min\" src=\"https:\/\/exceladvisor.org\/wp-content\/uploads\/2023\/08\/5-concatener-une-plage-de-cellules-avec-un-editeur-de-requete-puissant-min-1.png\" sizes=\"\" srcset=\"\" alt=\"5 concatenate a range of cells with power query editor min\"><\/li><li> Agora, a partir daqui, selecione a coluna e v\u00e1 para \u201cGuia Transformar\u201d.<\/li><li> Na aba \u201cTransformar\u201d, v\u00e1 at\u00e9 Tabela e clique em \u201cTranspor\u201d. <br><img decoding=\"async\" title=\"6-concatenar-um-intervalo-de-c\u00e9lulas-com-power-query-transpor-min\" src=\"https:\/\/exceladvisor.org\/wp-content\/uploads\/2023\/08\/6-concatener-une-plage-de-cellules-avec-power-query-transpose-min-1.png\" sizes=\"\" srcset=\"\" alt=\"7-concatenate-a-range-of-cells-with-power-query-horizontal-min\"><\/li><li> Para fazer isso, selecione todas as colunas (selecione a primeira coluna, segure Shift, clique na \u00faltima coluna) e clique com o bot\u00e3o direito e selecione &#8220;Mesclar&#8221;. <br><img decoding=\"async\" title=\"8-concatenar-um-intervalo-de-c\u00e9lulas-com-power-query-merge-cells-min\" src=\"https:\/\/exceladvisor.org\/wp-content\/uploads\/2023\/08\/8-concatener-une-plage-de-cellules-avec-power-query-fusionner-des-cellules-min-1.png\" sizes=\"\" srcset=\"\" alt=\"8 concatenate a range of cells with power query merge cells min\"><\/li><li> Depois disso, na janela de mesclagem, selecione o espa\u00e7o como separador e nomeie a coluna. <br><img decoding=\"async\" title=\"9-concatenar-um-intervalo-de-c\u00e9lulas-com-power-query-new-column-name-min\" src=\"https:\/\/exceladvisor.org\/wp-content\/uploads\/2023\/08\/9-concatener-une-plage-de-cellules-avec-power-query-nouveau-nom-de-colonne-min-1.png\" sizes=\"\" srcset=\"\" alt=\"9 concatenate a range of cells with power query new column name min\"><\/li><li> Ao final, clique em OK e clique em \u201cFechar e Carregar\u201d.<\/li><\/ol><p> Agora voc\u00ea tem uma nova planilha em sua pasta de trabalho com todo o texto em uma \u00fanica c\u00e9lula. A melhor coisa sobre o uso do Power Query \u00e9 que voc\u00ea n\u00e3o precisa fazer essa configura\u00e7\u00e3o repetidamente.<\/p><p> Ao atualizar a lista antiga com um novo valor, voc\u00ea precisa atualizar sua consulta e ela adicionar\u00e1 esse novo valor \u00e0 c\u00e9lula.<\/p><h2 id=\"tab-con-7\" class=\"wp-block-heading\"> C\u00f3digo VBA para combinar valores<\/h2><p> Se voc\u00ea quiser usar c\u00f3digo de macro para combinar texto de c\u00e9lulas diferentes, tenho algo para voc\u00ea. Com este c\u00f3digo voc\u00ea pode combinar texto rapidamente. Tudo que voc\u00ea precisa fazer \u00e9 selecionar o intervalo de c\u00e9lulas onde est\u00e1 o texto e executar este c\u00f3digo.<\/p><pre class=\"wp-block-code\"><code class=\"language-visual-basic line-numbers\" lang=\"visual-basic\"> Sub combineText() Dim rng As Range Dim i As String For Each rng In Selection i = i &amp; rng &amp; \" \" Next rng Range(\"B1\").Value = Trim(i) End Sub<\/code><\/pre><p> Certifique-se de especificar o local desejado no c\u00f3digo onde deseja combinar o texto.<\/p><h2 class=\"wp-block-heading\"> No final,<\/h2><p> Pode haver diferentes situa\u00e7\u00f5es em que voc\u00ea precisa concatenar um intervalo de c\u00e9lulas em uma \u00fanica c\u00e9lula. E \u00e9 por isso que temos esses m\u00e9todos diferentes.<\/p><p> Todos os m\u00e9todos s\u00e3o r\u00e1pidos e f\u00e1ceis, voc\u00ea precisa selecionar o m\u00e9todo certo de acordo com suas necessidades. Devo dizer que experimente todos os m\u00e9todos uma vez e me diga:<\/p><p> <strong>Qual \u00e9 o seu favorito e funcionou para voc\u00ea?<\/strong><\/p><p> Por favor, compartilhe suas opini\u00f5es comigo na se\u00e7\u00e3o de coment\u00e1rios. Eu adoraria ouvir de voc\u00ea e n\u00e3o se esque\u00e7a de compartilhar esta postagem com seus amigos, tenho certeza que eles ir\u00e3o gostar.<\/p><div class=\"gb-container gb-container-0df56012 gb-container-mt\"> <a class=\"gb-button gb-button-f9f432f4 gb-button-text gb-button-mt-button\" href=\"https:\/\/exceladvisor.org\/pt\/formulas\/\">Lista de f\u00f3rmulas do Excel<\/a><h2 class=\"gb-headline gb-headline-233444e8 gb-headline-text gb-headline-mt-heading\"> F\u00f3rmulas relacionadas <\/h2><div class=\"gb-grid-wrapper gb-grid-wrapper-a16fa65c gb-grid-wrapper-mt-grid\"><div class=\"gb-grid-column gb-grid-column-50d07e0d\"><div class=\"gb-container gb-container-50d07e0d\"><ul><li> <a href=\"https:\/\/exceladvisor.org\/pt\/nova-linha-na-celula\/\">Adicione uma nova linha a uma c\u00e9lula no Excel (quebra de linha)<\/a><\/li><li> <a href=\"https:\/\/exceladvisor.org\/pt\/zeros-a-esquerda\/\">Adicione zeros \u00e0 esquerda no Excel<\/a><\/li><li> <a href=\"https:\/\/exceladvisor.org\/pt\/concatenar-celulas-com-virgula\/\">Concatenar (combinar) c\u00e9lulas com v\u00edrgula no Excel<\/a><\/li><li> <a href=\"https:\/\/exceladvisor.org\/pt\/concatenar-uma-quebra-de-linha\/\">Concatenar com quebra de linha no Excel<\/a><\/li><\/ul><\/div><\/div><\/div><\/div>","protected":false},"excerpt":{"rendered":"","protected":false},"author":1,"featured_media":0,"parent":0,"menu_order":0,"comment_status":"open","ping_status":"closed","template":"","meta":{"ub_ctt_via":"","footnotes":""},"class_list":["post-566","page","type-page","status-publish","hentry"],"featured_image_src":null,"yoast_head":"<!-- This site is optimized with the Yoast SEO plugin v25.4 - https:\/\/yoast.com\/wordpress\/plugins\/seo\/ -->\n<title>Como concatenar um intervalo de c\u00e9lulas no Excel?<\/title>\n<meta name=\"description\" content=\"Aqui est\u00e3o os 5 m\u00e9todos para concatenar um intervalo de c\u00e9lulas em uma \u00fanica c\u00e9lula que voc\u00ea pode usar em diferentes situa\u00e7\u00f5es.\" \/>\n<meta name=\"robots\" content=\"index, follow, max-snippet:-1, max-image-preview:large, max-video-preview:-1\" \/>\n<link rel=\"canonical\" href=\"https:\/\/exceladvisor.org\/pt\/concatenar-um-intervalo-de-celulas\/\" \/>\n<meta property=\"og:locale\" content=\"pt_PT\" \/>\n<meta property=\"og:type\" content=\"article\" \/>\n<meta property=\"og:title\" content=\"Como concatenar um intervalo de c\u00e9lulas no Excel?\" \/>\n<meta property=\"og:description\" content=\"Aqui est\u00e3o os 5 m\u00e9todos para concatenar um intervalo de c\u00e9lulas em uma \u00fanica c\u00e9lula que voc\u00ea pode usar em diferentes situa\u00e7\u00f5es.\" \/>\n<meta property=\"og:url\" content=\"https:\/\/exceladvisor.org\/pt\/concatenar-um-intervalo-de-celulas\/\" \/>\n<meta property=\"og:site_name\" content=\"Excel Advisor\" \/>\n<meta property=\"article:modified_time\" content=\"2023-12-06T11:35:27+00:00\" \/>\n<meta property=\"og:image\" content=\"https:\/\/exceladvisor.org\/wp-content\/uploads\/2023\/08\/1.gif\" \/>\n<meta name=\"twitter:card\" content=\"summary_large_image\" \/>\n<meta name=\"twitter:label1\" content=\"Tempo estimado de leitura\" \/>\n\t<meta name=\"twitter:data1\" content=\"5 minutos\" \/>\n<script type=\"application\/ld+json\" class=\"yoast-schema-graph\">{\"@context\":\"https:\/\/schema.org\",\"@graph\":[{\"@type\":\"WebPage\",\"@id\":\"https:\/\/exceladvisor.org\/pt\/concatenar-um-intervalo-de-celulas\/\",\"url\":\"https:\/\/exceladvisor.org\/pt\/concatenar-um-intervalo-de-celulas\/\",\"name\":\"Como concatenar um intervalo de c\u00e9lulas no Excel?\",\"isPartOf\":{\"@id\":\"https:\/\/exceladvisor.org\/pt\/#website\"},\"primaryImageOfPage\":{\"@id\":\"https:\/\/exceladvisor.org\/pt\/concatenar-um-intervalo-de-celulas\/#primaryimage\"},\"image\":{\"@id\":\"https:\/\/exceladvisor.org\/pt\/concatenar-um-intervalo-de-celulas\/#primaryimage\"},\"thumbnailUrl\":\"https:\/\/exceladvisor.org\/wp-content\/uploads\/2023\/08\/1.gif\",\"datePublished\":\"2023-10-23T16:38:56+00:00\",\"dateModified\":\"2023-12-06T11:35:27+00:00\",\"description\":\"Aqui est\u00e3o os 5 m\u00e9todos para concatenar um intervalo de c\u00e9lulas em uma \u00fanica c\u00e9lula que voc\u00ea pode usar em diferentes situa\u00e7\u00f5es.\",\"breadcrumb\":{\"@id\":\"https:\/\/exceladvisor.org\/pt\/concatenar-um-intervalo-de-celulas\/#breadcrumb\"},\"inLanguage\":\"pt-PT\",\"potentialAction\":[{\"@type\":\"ReadAction\",\"target\":[\"https:\/\/exceladvisor.org\/pt\/concatenar-um-intervalo-de-celulas\/\"]}]},{\"@type\":\"ImageObject\",\"inLanguage\":\"pt-PT\",\"@id\":\"https:\/\/exceladvisor.org\/pt\/concatenar-um-intervalo-de-celulas\/#primaryimage\",\"url\":\"https:\/\/exceladvisor.org\/wp-content\/uploads\/2023\/08\/1.gif\",\"contentUrl\":\"https:\/\/exceladvisor.org\/wp-content\/uploads\/2023\/08\/1.gif\"},{\"@type\":\"BreadcrumbList\",\"@id\":\"https:\/\/exceladvisor.org\/pt\/concatenar-um-intervalo-de-celulas\/#breadcrumb\",\"itemListElement\":[{\"@type\":\"ListItem\",\"position\":1,\"name\":\"Lar\",\"item\":\"https:\/\/exceladvisor.org\/pt\/\"},{\"@type\":\"ListItem\",\"position\":2,\"name\":\"Como concatenar um intervalo de c\u00e9lulas no excel?\"}]},{\"@type\":\"WebSite\",\"@id\":\"https:\/\/exceladvisor.org\/pt\/#website\",\"url\":\"https:\/\/exceladvisor.org\/pt\/\",\"name\":\"Excel Advisor\",\"description\":\"O seu guia definitivo para dominar os dados!\",\"publisher\":{\"@id\":\"https:\/\/exceladvisor.org\/pt\/#organization\"},\"potentialAction\":[{\"@type\":\"SearchAction\",\"target\":{\"@type\":\"EntryPoint\",\"urlTemplate\":\"https:\/\/exceladvisor.org\/pt\/?s={search_term_string}\"},\"query-input\":{\"@type\":\"PropertyValueSpecification\",\"valueRequired\":true,\"valueName\":\"search_term_string\"}}],\"inLanguage\":\"pt-PT\"},{\"@type\":\"Organization\",\"@id\":\"https:\/\/exceladvisor.org\/pt\/#organization\",\"name\":\"Excel Advisor\",\"url\":\"https:\/\/exceladvisor.org\/pt\/\",\"logo\":{\"@type\":\"ImageObject\",\"inLanguage\":\"pt-PT\",\"@id\":\"https:\/\/exceladvisor.org\/pt\/#\/schema\/logo\/image\/\",\"url\":\"https:\/\/exceladvisor.org\/pt\/wp-content\/uploads\/2023\/12\/exceladvisor.org_.png\",\"contentUrl\":\"https:\/\/exceladvisor.org\/pt\/wp-content\/uploads\/2023\/12\/exceladvisor.org_.png\",\"width\":105,\"height\":36,\"caption\":\"Excel Advisor\"},\"image\":{\"@id\":\"https:\/\/exceladvisor.org\/pt\/#\/schema\/logo\/image\/\"}}]}<\/script>\n<!-- \/ Yoast SEO plugin. -->","yoast_head_json":{"title":"Como concatenar um intervalo de c\u00e9lulas no Excel?","description":"Aqui est\u00e3o os 5 m\u00e9todos para concatenar um intervalo de c\u00e9lulas em uma \u00fanica c\u00e9lula que voc\u00ea pode usar em diferentes situa\u00e7\u00f5es.","robots":{"index":"index","follow":"follow","max-snippet":"max-snippet:-1","max-image-preview":"max-image-preview:large","max-video-preview":"max-video-preview:-1"},"canonical":"https:\/\/exceladvisor.org\/pt\/concatenar-um-intervalo-de-celulas\/","og_locale":"pt_PT","og_type":"article","og_title":"Como concatenar um intervalo de c\u00e9lulas no Excel?","og_description":"Aqui est\u00e3o os 5 m\u00e9todos para concatenar um intervalo de c\u00e9lulas em uma \u00fanica c\u00e9lula que voc\u00ea pode usar em diferentes situa\u00e7\u00f5es.","og_url":"https:\/\/exceladvisor.org\/pt\/concatenar-um-intervalo-de-celulas\/","og_site_name":"Excel Advisor","article_modified_time":"2023-12-06T11:35:27+00:00","og_image":[{"url":"https:\/\/exceladvisor.org\/wp-content\/uploads\/2023\/08\/1.gif","type":"","width":"","height":""}],"twitter_card":"summary_large_image","twitter_misc":{"Tempo estimado de leitura":"5 minutos"},"schema":{"@context":"https:\/\/schema.org","@graph":[{"@type":"WebPage","@id":"https:\/\/exceladvisor.org\/pt\/concatenar-um-intervalo-de-celulas\/","url":"https:\/\/exceladvisor.org\/pt\/concatenar-um-intervalo-de-celulas\/","name":"Como concatenar um intervalo de c\u00e9lulas no Excel?","isPartOf":{"@id":"https:\/\/exceladvisor.org\/pt\/#website"},"primaryImageOfPage":{"@id":"https:\/\/exceladvisor.org\/pt\/concatenar-um-intervalo-de-celulas\/#primaryimage"},"image":{"@id":"https:\/\/exceladvisor.org\/pt\/concatenar-um-intervalo-de-celulas\/#primaryimage"},"thumbnailUrl":"https:\/\/exceladvisor.org\/wp-content\/uploads\/2023\/08\/1.gif","datePublished":"2023-10-23T16:38:56+00:00","dateModified":"2023-12-06T11:35:27+00:00","description":"Aqui est\u00e3o os 5 m\u00e9todos para concatenar um intervalo de c\u00e9lulas em uma \u00fanica c\u00e9lula que voc\u00ea pode usar em diferentes situa\u00e7\u00f5es.","breadcrumb":{"@id":"https:\/\/exceladvisor.org\/pt\/concatenar-um-intervalo-de-celulas\/#breadcrumb"},"inLanguage":"pt-PT","potentialAction":[{"@type":"ReadAction","target":["https:\/\/exceladvisor.org\/pt\/concatenar-um-intervalo-de-celulas\/"]}]},{"@type":"ImageObject","inLanguage":"pt-PT","@id":"https:\/\/exceladvisor.org\/pt\/concatenar-um-intervalo-de-celulas\/#primaryimage","url":"https:\/\/exceladvisor.org\/wp-content\/uploads\/2023\/08\/1.gif","contentUrl":"https:\/\/exceladvisor.org\/wp-content\/uploads\/2023\/08\/1.gif"},{"@type":"BreadcrumbList","@id":"https:\/\/exceladvisor.org\/pt\/concatenar-um-intervalo-de-celulas\/#breadcrumb","itemListElement":[{"@type":"ListItem","position":1,"name":"Lar","item":"https:\/\/exceladvisor.org\/pt\/"},{"@type":"ListItem","position":2,"name":"Como concatenar um intervalo de c\u00e9lulas no excel?"}]},{"@type":"WebSite","@id":"https:\/\/exceladvisor.org\/pt\/#website","url":"https:\/\/exceladvisor.org\/pt\/","name":"Excel Advisor","description":"O seu guia definitivo para dominar os dados!","publisher":{"@id":"https:\/\/exceladvisor.org\/pt\/#organization"},"potentialAction":[{"@type":"SearchAction","target":{"@type":"EntryPoint","urlTemplate":"https:\/\/exceladvisor.org\/pt\/?s={search_term_string}"},"query-input":{"@type":"PropertyValueSpecification","valueRequired":true,"valueName":"search_term_string"}}],"inLanguage":"pt-PT"},{"@type":"Organization","@id":"https:\/\/exceladvisor.org\/pt\/#organization","name":"Excel Advisor","url":"https:\/\/exceladvisor.org\/pt\/","logo":{"@type":"ImageObject","inLanguage":"pt-PT","@id":"https:\/\/exceladvisor.org\/pt\/#\/schema\/logo\/image\/","url":"https:\/\/exceladvisor.org\/pt\/wp-content\/uploads\/2023\/12\/exceladvisor.org_.png","contentUrl":"https:\/\/exceladvisor.org\/pt\/wp-content\/uploads\/2023\/12\/exceladvisor.org_.png","width":105,"height":36,"caption":"Excel Advisor"},"image":{"@id":"https:\/\/exceladvisor.org\/pt\/#\/schema\/logo\/image\/"}}]}},"yoast_meta":{"yoast_wpseo_title":"","yoast_wpseo_metadesc":"","yoast_wpseo_canonical":""},"_links":{"self":[{"href":"https:\/\/exceladvisor.org\/pt\/wp-json\/wp\/v2\/pages\/566","targetHints":{"allow":["GET"]}}],"collection":[{"href":"https:\/\/exceladvisor.org\/pt\/wp-json\/wp\/v2\/pages"}],"about":[{"href":"https:\/\/exceladvisor.org\/pt\/wp-json\/wp\/v2\/types\/page"}],"author":[{"embeddable":true,"href":"https:\/\/exceladvisor.org\/pt\/wp-json\/wp\/v2\/users\/1"}],"replies":[{"embeddable":true,"href":"https:\/\/exceladvisor.org\/pt\/wp-json\/wp\/v2\/comments?post=566"}],"version-history":[{"count":1,"href":"https:\/\/exceladvisor.org\/pt\/wp-json\/wp\/v2\/pages\/566\/revisions"}],"predecessor-version":[{"id":907,"href":"https:\/\/exceladvisor.org\/pt\/wp-json\/wp\/v2\/pages\/566\/revisions\/907"}],"wp:attachment":[{"href":"https:\/\/exceladvisor.org\/pt\/wp-json\/wp\/v2\/media?parent=566"}],"curies":[{"name":"wp","href":"https:\/\/api.w.org\/{rel}","templated":true}]}}