{"id":567,"date":"2023-10-23T06:08:32","date_gmt":"2023-10-23T06:08:32","guid":{"rendered":"https:\/\/exceladvisor.org\/pt\/iferror-vlookup\/"},"modified":"2023-12-06T11:44:13","modified_gmt":"2023-12-06T11:44:13","slug":"iferror-vlookup","status":"publish","type":"page","link":"https:\/\/exceladvisor.org\/pt\/iferror-vlookup\/","title":{"rendered":"Como usar iferror com vlookup no excel?"},"content":{"rendered":"<div class=\"excel-before-content-2\" id=\"excel-3587519536\"><script type=\"text\/javascript\">\r\n\tatOptions = {\r\n\t\t'key' : 'c1158f160081d6540a8409e6925dab94',\r\n\t\t'format' : 'iframe',\r\n\t\t'height' : 250,\r\n\t\t'width' : 300,\r\n\t\t'params' : {}\r\n\t};\r\n<\/script>\r\n<script type=\"text\/javascript\" src=\"\/\/www.highperformanceformat.com\/c1158f160081d6540a8409e6925dab94\/invoke.js\"><\/script><\/div><div class=\"excel-before-content\" id=\"excel-1407648186\"><script type=\"text\/javascript\">\r\n\tatOptions = {\r\n\t\t'key' : 'c1158f160081d6540a8409e6925dab94',\r\n\t\t'format' : 'iframe',\r\n\t\t'height' : 250,\r\n\t\t'width' : 300,\r\n\t\t'params' : {}\r\n\t};\r\n<\/script>\r\n<script type=\"text\/javascript\" src=\"\/\/www.highperformanceformat.com\/c1158f160081d6540a8409e6925dab94\/invoke.js\"><\/script><\/div> <p>Ao usar VLOOKUP, sempre que o valor que voc\u00ea procura n\u00e3o estiver presente nos dados, voc\u00ea receber\u00e1 um erro #N\/A. Em termos simples, sempre que PROCV n\u00e3o consegue encontrar o valor, ele retorna #N\/A.<\/p><p> <b>Por exemplo<\/b> , voc\u00ea tem uma lista de nomes de funcion\u00e1rios e deseja pesquisar o nome \u201cJohn\u201d. Mas infelizmente esse nome n\u00e3o est\u00e1 na lista. <\/p><div class=\"wp-block-image\"><figure class=\"aligncenter\"><img decoding=\"async\" src=\"https:\/\/exceladvisor.org\/wp-content\/uploads\/2023\/08\/iferror-avec-vlookup-pour-eviter-une-erreur-1.png\" sizes=\"\" srcset=\"\" alt=\"\"><\/figure><\/div><p> Agora, nesta situa\u00e7\u00e3o, VLOOKUP retornar\u00e1 #N\/A. Voc\u00ea sabe o motivo desse erro, mas talvez nem todo mundo saiba. Portanto, a melhor maneira \u00e9 substituir #N\/A por um valor aduaneiro para que todos possam entender o porqu\u00ea desse erro.<\/p><p> E para substituir o erro #N\/A, a melhor forma \u00e9 usar IFERROR com VLOOKUP. IFERROR \u00e9 uma fun\u00e7\u00e3o que pode ajud\u00e1-lo a avaliar um valor e se esse valor for um erro, ele retornar\u00e1 um valor personalizado em vez desse erro.<\/p><p> Ent\u00e3o, hoje neste artigo voc\u00ea aprender\u00e1 como usar VLOOKUP sem erro #N\/A combinando-o com IFERROR. Mas antes de combinar essas duas fun\u00e7\u00f5es, voc\u00ea precisa entender como funciona o IFERROR.<\/p><h2 class=\"wp-block-heading\"> Como funciona o IFERROR<\/h2><p> Na fun\u00e7\u00e3o IFERROR voc\u00ea precisa especificar duas coisas. Primeiro, o valor que voc\u00ea deseja avaliar e, <b>segundo<\/b> , um valor personalizado que voc\u00ea deseja sempre que ocorrer um erro. Aqui est\u00e1 a sintaxe para IFERROR:<\/p><p class=\"formula\"> IFERROR(valor, valor_se_erro)<\/p><ul><li> valor: um valor a ser avaliado.<\/li><li> value_if_error: Valor que voc\u00ea deseja recuperar quando ocorrer um erro. <\/li><\/ul><div class=\"wp-block-image\"><figure class=\"aligncenter\"><img decoding=\"async\" src=\"https:\/\/exceladvisor.org\/wp-content\/uploads\/2023\/08\/comment-utiliser-iferror-avec-vlookup-1.png\" sizes=\"\" srcset=\"\" alt=\"\"><\/figure><\/div><ol><li> <b><strong>Primeiro<\/strong><\/b> , IFERROR avalia o valor.<\/li><li> <b>Depois disso<\/b> , se o valor for um erro, ele retornar\u00e1 o valor que voc\u00ea especificou para o erro, caso contr\u00e1rio, o pr\u00f3prio valor.<\/li><\/ol><h2 class=\"wp-block-heading\"> Combine IFERROR com VLOOKUP<\/h2><p> Agora \u00e9 hora de combinar VLOOKUP e IFERROR. Para fazer isso, em IFERROR basta substituir o valor por VLOOKUP.<\/p><p> E, para o <b>argumento value_if_error<\/b> , especifique um valor que voc\u00ea deseja retornar sempre que VLOOKUP retornar #N\/A.<\/p><p> Aqui no exemplo abaixo voc\u00ea usou \u201cNot Found\u201d para o argumento value_if_error. Em todas as c\u00e9lulas onde h\u00e1 erro, retornou &#8220;N\u00e3o encontrado&#8221;. <\/p><div class=\"wp-block-image\"><figure class=\"aligncenter\"><img decoding=\"async\" src=\"https:\/\/exceladvisor.org\/wp-content\/uploads\/2023\/08\/combiner-iferror-avec-vlookup-1.png\" sizes=\"\" srcset=\"\" alt=\"\"><\/figure><\/div><h2 class=\"wp-block-heading\"> Como funcionam as duas fun\u00e7\u00f5es<\/h2><p> Nesta combina\u00e7\u00e3o, as duas fun\u00e7\u00f5es funcionam em sequ\u00eancia. Em primeiro lugar, VLOOKUP funciona da mesma maneira o tempo todo. Ele procura um valor e retorna o valor do resultado se for encontrado, caso contr\u00e1rio, um erro. <\/p><div class=\"wp-block-image\"><figure class=\"aligncenter\"><img decoding=\"async\" src=\"https:\/\/exceladvisor.org\/wp-content\/uploads\/2023\/08\/comment-iferror-avec-vlookup-fonctionne-1.png\" sizes=\"\" srcset=\"\" alt=\"\"><\/figure><\/div><p> <b>Em segundo lugar<\/b> , IFERROR avalia o resultado de VLOOKUP. E, se esse resultado for um erro, ele substituir\u00e1 esse erro pelo valor personalizado que voc\u00ea especificou. Caso contr\u00e1rio, n\u00e3o far\u00e1 nada e voc\u00ea obter\u00e1 o mesmo resultado que VLOOKUP retornou. <\/p><div class=\"wp-block-image\"><figure class=\"aligncenter\"><img decoding=\"async\" src=\"https:\/\/exceladvisor.org\/wp-content\/uploads\/2023\/08\/comment-iferror-avec-vlookup-fonctionne-2-1.png\" sizes=\"\" srcset=\"\" alt=\"\"><\/figure><\/div><h2 class=\"wp-block-heading\"> Remover<\/h2><p> Voc\u00ea precisa entender uma coisa: IFERROR substitui o valor de todos os tipos de erros. Assim, voc\u00ea obter\u00e1 o mesmo valor personalizado para todos os erros.<\/p><p> E, se houver uma chance de voc\u00ea obter um erro diferente de #N\/A, voc\u00ea pode substituir IFERROR por IFNA, que \u00e9 avaliado apenas como #N\/A.<\/p><h2 class=\"wp-block-heading\"> Problema com vers\u00e3o antiga<\/h2><p> Na vers\u00e3o antiga do Excel, IFERROR n\u00e3o existe. Mas voc\u00ea sempre pode substituir #N\/A por um valor aduaneiro. Para fazer isso, voc\u00ea precisa combinar IF e ISNA com VLOOKUP. E a f\u00f3rmula ser\u00e1:<\/p><pre class=\"wp-block-code\"> <code class=\"language-excel-formula\" lang=\"excel-formula\">=IF(ISNA(VLOOKUP(A1,table,2,FALSE)),\"Not Found\",VLOOKUP(A1,table,2,FALSE))<\/code><\/pre><p> Nesta f\u00f3rmula, voc\u00ea avalia VLOOKUP com ISNA (que avalia apenas como #N\/A e retorna VERDADEIRO). Portanto, quando VLOOKUP retorna um erro, IFNA o converte em TRUE.<\/p><p> E depois disso IF retorna o valor que voc\u00ea especificou para TRUE. Caso contr\u00e1rio, o valor de FALSE \u00e9 a mesma f\u00f3rmula VLOOKUP. <\/p><div class=\"gb-container gb-container-52dfcee1 gb-container-sample-file\"><h2 class=\"gb-headline gb-headline-e289c143 gb-headline-text gb-headline-4f7959c2\"> Obtenha o arquivo Excel<\/h2> <a class=\"gb-button gb-button-e88d6bee gb-button-text gb-button-button1\" href=\"https:\/\/exceladvisor.org\/pt\/a\/\" rel=\"nofollow\">Download<\/a><\/div><h2 class=\"wp-block-heading\"> Conclus\u00e3o<\/h2><p> Acredito fortemente que voc\u00ea deve sempre usar IFERROR com VLOOKUP para substituir #N\/A. O principal motivo \u00e9 que quando voc\u00ea tem valores num\u00e9ricos em seus dados, n\u00e3o \u00e9 poss\u00edvel utilizar valores com erro.<\/p><p> Por exemplo, se <a href=\"https:\/\/exceladvisor.org\/pt\/tabela-dinamica-1\/\" data-wpil=\"url\">voc\u00ea tiver uma tabela din\u00e2mica<\/a> e tiver um erro #N\/A nos dados de origem, o mesmo erro ser\u00e1 refletido na tabela din\u00e2mica. A melhor maneira \u00e9 substituir este erro por \u201c0\u201d.<\/p><p> Espero que voc\u00ea tenha achado esta dica de f\u00f3rmula \u00fatil. E seria \u00f3timo se voc\u00ea compartilhasse essa dica com seus amigos.<\/p><div class=\"gb-container gb-container-0df56012 gb-container-mt\"> <a class=\"gb-button gb-button-f9f432f4 gb-button-text gb-button-mt-button\" href=\"https:\/\/exceladvisor.org\/pt\/formulas\/\">Lista de f\u00f3rmulas do Excel<\/a><h2 class=\"gb-headline gb-headline-233444e8 gb-headline-text gb-headline-mt-heading\"> F\u00f3rmulas relacionadas <\/h2><div class=\"gb-grid-wrapper gb-grid-wrapper-a16fa65c gb-grid-wrapper-mt-grid\"><div class=\"gb-grid-column gb-grid-column-50d07e0d\"><div class=\"gb-container gb-container-50d07e0d\"><ul><li> <a href=\"https:\/\/exceladvisor.org\/pt\/pesquisa-bidirecional\/\">Execute uma pesquisa bidirecional no Excel<\/a><\/li><li> <a href=\"https:\/\/exceladvisor.org\/pt\/pesquisa-reversa\/\">PROCV invertido (para tr\u00e1s: da direita para a esquerda) no Excel<\/a><\/li><li> <a href=\"https:\/\/exceladvisor.org\/pt\/correspondencia-vsearch\/\">Combinando VLOOKUP MATCH no Excel<\/a><\/li><li> <a href=\"https:\/\/exceladvisor.org\/pt\/vlookup-varios-criterios\/\">VLOOKUP com v\u00e1rios crit\u00e9rios no Excel<\/a><\/li><li> <a href=\"https:\/\/exceladvisor.org\/pt\/curingas-com-vlookup\/\">Curingas com VLOOKUP no Excel<\/a> <\/li><\/ul><\/div><\/div><div class=\"gb-grid-column gb-grid-column-5b4a0cf9\"><div class=\"gb-container gb-container-5b4a0cf9\"><\/div><\/div><\/div><\/div>","protected":false},"excerpt":{"rendered":"","protected":false},"author":1,"featured_media":0,"parent":0,"menu_order":0,"comment_status":"open","ping_status":"closed","template":"","meta":{"ub_ctt_via":"","footnotes":""},"class_list":["post-567","page","type-page","status-publish","hentry"],"featured_image_src":null,"yoast_head":"<!-- This site is optimized with the Yoast SEO plugin v25.4 - https:\/\/yoast.com\/wordpress\/plugins\/seo\/ -->\n<title>Como usar IFERROR com VLOOKUP para substituir #N\/A?<\/title>\n<meta name=\"description\" content=\"Ao usar VLOOKUP, sempre que o valor que voc\u00ea procura n\u00e3o estiver presente nos dados, voc\u00ea obter\u00e1 um #N\/A.\" \/>\n<meta name=\"robots\" content=\"index, follow, max-snippet:-1, max-image-preview:large, max-video-preview:-1\" \/>\n<link rel=\"canonical\" href=\"https:\/\/exceladvisor.org\/pt\/iferror-vlookup\/\" \/>\n<meta property=\"og:locale\" content=\"pt_PT\" \/>\n<meta property=\"og:type\" content=\"article\" \/>\n<meta property=\"og:title\" content=\"Como usar IFERROR com VLOOKUP para substituir #N\/A?\" \/>\n<meta property=\"og:description\" content=\"Ao usar VLOOKUP, sempre que o valor que voc\u00ea procura n\u00e3o estiver presente nos dados, voc\u00ea obter\u00e1 um #N\/A.\" \/>\n<meta property=\"og:url\" content=\"https:\/\/exceladvisor.org\/pt\/iferror-vlookup\/\" \/>\n<meta property=\"og:site_name\" content=\"Excel Advisor\" \/>\n<meta property=\"article:modified_time\" content=\"2023-12-06T11:44:13+00:00\" \/>\n<meta property=\"og:image\" content=\"https:\/\/exceladvisor.org\/wp-content\/uploads\/2023\/08\/iferror-avec-vlookup-pour-eviter-une-erreur-1.png\" \/>\n<meta name=\"twitter:card\" content=\"summary_large_image\" \/>\n<meta name=\"twitter:label1\" content=\"Tempo estimado de leitura\" \/>\n\t<meta name=\"twitter:data1\" content=\"4 minutos\" \/>\n<script type=\"application\/ld+json\" class=\"yoast-schema-graph\">{\"@context\":\"https:\/\/schema.org\",\"@graph\":[{\"@type\":\"WebPage\",\"@id\":\"https:\/\/exceladvisor.org\/pt\/iferror-vlookup\/\",\"url\":\"https:\/\/exceladvisor.org\/pt\/iferror-vlookup\/\",\"name\":\"Como usar IFERROR com VLOOKUP para substituir #N\/A?\",\"isPartOf\":{\"@id\":\"https:\/\/exceladvisor.org\/pt\/#website\"},\"primaryImageOfPage\":{\"@id\":\"https:\/\/exceladvisor.org\/pt\/iferror-vlookup\/#primaryimage\"},\"image\":{\"@id\":\"https:\/\/exceladvisor.org\/pt\/iferror-vlookup\/#primaryimage\"},\"thumbnailUrl\":\"https:\/\/exceladvisor.org\/wp-content\/uploads\/2023\/08\/iferror-avec-vlookup-pour-eviter-une-erreur-1.png\",\"datePublished\":\"2023-10-23T06:08:32+00:00\",\"dateModified\":\"2023-12-06T11:44:13+00:00\",\"description\":\"Ao usar VLOOKUP, sempre que o valor que voc\u00ea procura n\u00e3o estiver presente nos dados, voc\u00ea obter\u00e1 um #N\/A.\",\"breadcrumb\":{\"@id\":\"https:\/\/exceladvisor.org\/pt\/iferror-vlookup\/#breadcrumb\"},\"inLanguage\":\"pt-PT\",\"potentialAction\":[{\"@type\":\"ReadAction\",\"target\":[\"https:\/\/exceladvisor.org\/pt\/iferror-vlookup\/\"]}]},{\"@type\":\"ImageObject\",\"inLanguage\":\"pt-PT\",\"@id\":\"https:\/\/exceladvisor.org\/pt\/iferror-vlookup\/#primaryimage\",\"url\":\"https:\/\/exceladvisor.org\/wp-content\/uploads\/2023\/08\/iferror-avec-vlookup-pour-eviter-une-erreur-1.png\",\"contentUrl\":\"https:\/\/exceladvisor.org\/wp-content\/uploads\/2023\/08\/iferror-avec-vlookup-pour-eviter-une-erreur-1.png\"},{\"@type\":\"BreadcrumbList\",\"@id\":\"https:\/\/exceladvisor.org\/pt\/iferror-vlookup\/#breadcrumb\",\"itemListElement\":[{\"@type\":\"ListItem\",\"position\":1,\"name\":\"Lar\",\"item\":\"https:\/\/exceladvisor.org\/pt\/\"},{\"@type\":\"ListItem\",\"position\":2,\"name\":\"Como usar iferror com vlookup no excel?\"}]},{\"@type\":\"WebSite\",\"@id\":\"https:\/\/exceladvisor.org\/pt\/#website\",\"url\":\"https:\/\/exceladvisor.org\/pt\/\",\"name\":\"Excel Advisor\",\"description\":\"O seu guia definitivo para dominar os dados!\",\"publisher\":{\"@id\":\"https:\/\/exceladvisor.org\/pt\/#organization\"},\"potentialAction\":[{\"@type\":\"SearchAction\",\"target\":{\"@type\":\"EntryPoint\",\"urlTemplate\":\"https:\/\/exceladvisor.org\/pt\/?s={search_term_string}\"},\"query-input\":{\"@type\":\"PropertyValueSpecification\",\"valueRequired\":true,\"valueName\":\"search_term_string\"}}],\"inLanguage\":\"pt-PT\"},{\"@type\":\"Organization\",\"@id\":\"https:\/\/exceladvisor.org\/pt\/#organization\",\"name\":\"Excel Advisor\",\"url\":\"https:\/\/exceladvisor.org\/pt\/\",\"logo\":{\"@type\":\"ImageObject\",\"inLanguage\":\"pt-PT\",\"@id\":\"https:\/\/exceladvisor.org\/pt\/#\/schema\/logo\/image\/\",\"url\":\"https:\/\/exceladvisor.org\/pt\/wp-content\/uploads\/2023\/12\/exceladvisor.org_.png\",\"contentUrl\":\"https:\/\/exceladvisor.org\/pt\/wp-content\/uploads\/2023\/12\/exceladvisor.org_.png\",\"width\":105,\"height\":36,\"caption\":\"Excel Advisor\"},\"image\":{\"@id\":\"https:\/\/exceladvisor.org\/pt\/#\/schema\/logo\/image\/\"}}]}<\/script>\n<!-- \/ Yoast SEO plugin. -->","yoast_head_json":{"title":"Como usar IFERROR com VLOOKUP para substituir #N\/A?","description":"Ao usar VLOOKUP, sempre que o valor que voc\u00ea procura n\u00e3o estiver presente nos dados, voc\u00ea obter\u00e1 um #N\/A.","robots":{"index":"index","follow":"follow","max-snippet":"max-snippet:-1","max-image-preview":"max-image-preview:large","max-video-preview":"max-video-preview:-1"},"canonical":"https:\/\/exceladvisor.org\/pt\/iferror-vlookup\/","og_locale":"pt_PT","og_type":"article","og_title":"Como usar IFERROR com VLOOKUP para substituir #N\/A?","og_description":"Ao usar VLOOKUP, sempre que o valor que voc\u00ea procura n\u00e3o estiver presente nos dados, voc\u00ea obter\u00e1 um #N\/A.","og_url":"https:\/\/exceladvisor.org\/pt\/iferror-vlookup\/","og_site_name":"Excel Advisor","article_modified_time":"2023-12-06T11:44:13+00:00","og_image":[{"url":"https:\/\/exceladvisor.org\/wp-content\/uploads\/2023\/08\/iferror-avec-vlookup-pour-eviter-une-erreur-1.png","type":"","width":"","height":""}],"twitter_card":"summary_large_image","twitter_misc":{"Tempo estimado de leitura":"4 minutos"},"schema":{"@context":"https:\/\/schema.org","@graph":[{"@type":"WebPage","@id":"https:\/\/exceladvisor.org\/pt\/iferror-vlookup\/","url":"https:\/\/exceladvisor.org\/pt\/iferror-vlookup\/","name":"Como usar IFERROR com VLOOKUP para substituir #N\/A?","isPartOf":{"@id":"https:\/\/exceladvisor.org\/pt\/#website"},"primaryImageOfPage":{"@id":"https:\/\/exceladvisor.org\/pt\/iferror-vlookup\/#primaryimage"},"image":{"@id":"https:\/\/exceladvisor.org\/pt\/iferror-vlookup\/#primaryimage"},"thumbnailUrl":"https:\/\/exceladvisor.org\/wp-content\/uploads\/2023\/08\/iferror-avec-vlookup-pour-eviter-une-erreur-1.png","datePublished":"2023-10-23T06:08:32+00:00","dateModified":"2023-12-06T11:44:13+00:00","description":"Ao usar VLOOKUP, sempre que o valor que voc\u00ea procura n\u00e3o estiver presente nos dados, voc\u00ea obter\u00e1 um #N\/A.","breadcrumb":{"@id":"https:\/\/exceladvisor.org\/pt\/iferror-vlookup\/#breadcrumb"},"inLanguage":"pt-PT","potentialAction":[{"@type":"ReadAction","target":["https:\/\/exceladvisor.org\/pt\/iferror-vlookup\/"]}]},{"@type":"ImageObject","inLanguage":"pt-PT","@id":"https:\/\/exceladvisor.org\/pt\/iferror-vlookup\/#primaryimage","url":"https:\/\/exceladvisor.org\/wp-content\/uploads\/2023\/08\/iferror-avec-vlookup-pour-eviter-une-erreur-1.png","contentUrl":"https:\/\/exceladvisor.org\/wp-content\/uploads\/2023\/08\/iferror-avec-vlookup-pour-eviter-une-erreur-1.png"},{"@type":"BreadcrumbList","@id":"https:\/\/exceladvisor.org\/pt\/iferror-vlookup\/#breadcrumb","itemListElement":[{"@type":"ListItem","position":1,"name":"Lar","item":"https:\/\/exceladvisor.org\/pt\/"},{"@type":"ListItem","position":2,"name":"Como usar iferror com vlookup no excel?"}]},{"@type":"WebSite","@id":"https:\/\/exceladvisor.org\/pt\/#website","url":"https:\/\/exceladvisor.org\/pt\/","name":"Excel Advisor","description":"O seu guia definitivo para dominar os dados!","publisher":{"@id":"https:\/\/exceladvisor.org\/pt\/#organization"},"potentialAction":[{"@type":"SearchAction","target":{"@type":"EntryPoint","urlTemplate":"https:\/\/exceladvisor.org\/pt\/?s={search_term_string}"},"query-input":{"@type":"PropertyValueSpecification","valueRequired":true,"valueName":"search_term_string"}}],"inLanguage":"pt-PT"},{"@type":"Organization","@id":"https:\/\/exceladvisor.org\/pt\/#organization","name":"Excel Advisor","url":"https:\/\/exceladvisor.org\/pt\/","logo":{"@type":"ImageObject","inLanguage":"pt-PT","@id":"https:\/\/exceladvisor.org\/pt\/#\/schema\/logo\/image\/","url":"https:\/\/exceladvisor.org\/pt\/wp-content\/uploads\/2023\/12\/exceladvisor.org_.png","contentUrl":"https:\/\/exceladvisor.org\/pt\/wp-content\/uploads\/2023\/12\/exceladvisor.org_.png","width":105,"height":36,"caption":"Excel Advisor"},"image":{"@id":"https:\/\/exceladvisor.org\/pt\/#\/schema\/logo\/image\/"}}]}},"yoast_meta":{"yoast_wpseo_title":"","yoast_wpseo_metadesc":"","yoast_wpseo_canonical":""},"_links":{"self":[{"href":"https:\/\/exceladvisor.org\/pt\/wp-json\/wp\/v2\/pages\/567","targetHints":{"allow":["GET"]}}],"collection":[{"href":"https:\/\/exceladvisor.org\/pt\/wp-json\/wp\/v2\/pages"}],"about":[{"href":"https:\/\/exceladvisor.org\/pt\/wp-json\/wp\/v2\/types\/page"}],"author":[{"embeddable":true,"href":"https:\/\/exceladvisor.org\/pt\/wp-json\/wp\/v2\/users\/1"}],"replies":[{"embeddable":true,"href":"https:\/\/exceladvisor.org\/pt\/wp-json\/wp\/v2\/comments?post=567"}],"version-history":[{"count":1,"href":"https:\/\/exceladvisor.org\/pt\/wp-json\/wp\/v2\/pages\/567\/revisions"}],"predecessor-version":[{"id":1354,"href":"https:\/\/exceladvisor.org\/pt\/wp-json\/wp\/v2\/pages\/567\/revisions\/1354"}],"wp:attachment":[{"href":"https:\/\/exceladvisor.org\/pt\/wp-json\/wp\/v2\/media?parent=567"}],"curies":[{"name":"wp","href":"https:\/\/api.w.org\/{rel}","templated":true}]}}