{"id":568,"date":"2023-10-23T06:04:06","date_gmt":"2023-10-23T06:04:06","guid":{"rendered":"https:\/\/exceladvisor.org\/pt\/substituir-varios-valores\/"},"modified":"2023-12-06T11:42:25","modified_gmt":"2023-12-06T11:42:25","slug":"substituir-varios-valores","status":"publish","type":"page","link":"https:\/\/exceladvisor.org\/pt\/substituir-varios-valores\/","title":{"rendered":"Como substituir v\u00e1rios valores (aninhados) no excel?"},"content":{"rendered":"<div class=\"excel-before-content-2\" id=\"excel-303085914\"><script type=\"text\/javascript\">\r\n\tatOptions = {\r\n\t\t'key' : 'c1158f160081d6540a8409e6925dab94',\r\n\t\t'format' : 'iframe',\r\n\t\t'height' : 250,\r\n\t\t'width' : 300,\r\n\t\t'params' : {}\r\n\t};\r\n<\/script>\r\n<script type=\"text\/javascript\" src=\"\/\/www.highperformanceformat.com\/c1158f160081d6540a8409e6925dab94\/invoke.js\"><\/script><\/div><div class=\"excel-before-content\" id=\"excel-1397992273\"><script type=\"text\/javascript\">\r\n\tatOptions = {\r\n\t\t'key' : 'c1158f160081d6540a8409e6925dab94',\r\n\t\t'format' : 'iframe',\r\n\t\t'height' : 250,\r\n\t\t'width' : 300,\r\n\t\t'params' : {}\r\n\t};\r\n<\/script>\r\n<script type=\"text\/javascript\" src=\"\/\/www.highperformanceformat.com\/c1158f160081d6540a8409e6925dab94\/invoke.js\"><\/script><\/div> <p>No Excel, se voc\u00ea deseja substituir v\u00e1rios valores de uma \u00fanica c\u00e9lula, neste caso voc\u00ea precisa criar uma f\u00f3rmula aninhada com a fun\u00e7\u00e3o SUBSTITUTE. E neste tutorial aprenderemos como escrever esta f\u00f3rmula.<\/p><h2 class=\"wp-block-heading\"> Escreva uma f\u00f3rmula de substitui\u00e7\u00e3o aninhada para substituir v\u00e1rios valores<\/h2><p> Abaixo est\u00e1 a f\u00f3rmula onde usamos fun\u00e7\u00f5es SUBSTITUTE cinco vezes para substituir cinco valores na c\u00e9lula A1. <\/p><div class=\"wp-block-image\"><figure class=\"aligncenter size-full is-resized\"><img loading=\"lazy\" decoding=\"async\" class=\"wp-image-83064\" src=\"https:\/\/exceladvisor.org\/wp-content\/uploads\/2023\/08\/1-remplacer-plusieurs-valeurs.png\" sizes=\"auto, \" srcset=\"\" alt=\"substituir v\u00e1rios valores\" width=\"707\" height=\"233\"><\/figure><\/div><pre class=\"wp-block-preformatted\"> =SUBSTITUTE(SUBSTITUTE(SUBSTITUTE(SUBSTITUTE(SUBSTITUTE(A1,\"One\",\"1\"),\"Two\",\"2\"),\"Three\",\"3\"),\"Four\",\"4\"),\" Five\",\"5\")<\/pre><p> Esta f\u00f3rmula \u00e9 uma f\u00f3rmula aninhada com a fun\u00e7\u00e3o REPLACE usada cinco vezes para substituir cinco valores na c\u00e9lula. E para te ajudar a entender essa f\u00f3rmula, estruturei-a da seguinte forma: <\/p><div class=\"wp-block-image\"><figure class=\"aligncenter size-full is-resized\"><img loading=\"lazy\" decoding=\"async\" class=\"wp-image-83065\" src=\"https:\/\/exceladvisor.org\/wp-content\/uploads\/2023\/08\/2-formules-imbriquees-avec-fonction-de-substitution.png\" sizes=\"auto, \" srcset=\"\" alt=\"f\u00f3rmula aninhada com fun\u00e7\u00e3o de substitui\u00e7\u00e3o\" width=\"691\" height=\"211\"><\/figure><\/div><p> Esta f\u00f3rmula substitui:<\/p><ul><li> Um \u21e2 1<\/li><li> Dois \u21e2 2<\/li><li> Tr\u00eas \u21e2 3<\/li><li> Forno \u21e2 4<\/li><li> Cinco \u21e2 5<\/li><\/ul><p> Por se tratar de uma f\u00f3rmula aninhada, a segunda fun\u00e7\u00e3o utiliza o valor retornado pela primeira, a terceira fun\u00e7\u00e3o utiliza os valores retornados pela segunda e assim por diante. <\/p><div class=\"wp-block-image\"><figure class=\"aligncenter size-full is-resized\"><img loading=\"lazy\" decoding=\"async\" class=\"wp-image-83066\" src=\"https:\/\/exceladvisor.org\/wp-content\/uploads\/2023\/08\/3-deuxieme-fonction-utilise-la-valeur-renvoyee-par-first1.png\" sizes=\"auto, \" srcset=\"\" alt=\"a segunda fun\u00e7\u00e3o usa o valor retornado pela primeira\" width=\"700\" height=\"213\"><\/figure><\/div><h2 class=\"wp-block-heading\"> Substituto aninhado com refer\u00eancia de c\u00e9lula<\/h2><p> Na f\u00f3rmula acima, inserimos os valores diretamente na f\u00f3rmula, um por um. Mas voc\u00ea tamb\u00e9m pode criar uma refer\u00eancia de c\u00e9lula para todos os valores. <\/p><div class=\"wp-block-image\"><figure class=\"aligncenter size-full is-resized\"><img loading=\"lazy\" decoding=\"async\" class=\"wp-image-83067\" src=\"https:\/\/exceladvisor.org\/wp-content\/uploads\/2023\/08\/4-substituts-imbriques-avec-reference-de-cellule.png\" sizes=\"auto, \" srcset=\"\" alt=\"substituto aninhado com refer\u00eancia de c\u00e9lula\" width=\"648\" height=\"338\"><\/figure><\/div><pre class=\"wp-block-preformatted\"> =SUBSTITUTE(SUBSTITUTE(SUBSTITUTE(SUBSTITUTE(SUBSTITUTE(A1,INDEX(D1:D5,1),INDEX(E1:E5,1)),INDEX(D1:D5,2),INDEX(E1:E5,2)) ,INDEX(D1:D5,3),INDEX(E1:E5,3)),INDEX(D1:D5,4),INDEX(E1:E5,4)),INDEX(D1:D5,5),INDEX( E1:E5,5)) <\/pre><div class=\"wp-block-image\"><figure class=\"aligncenter size-full is-resized\"><img loading=\"lazy\" decoding=\"async\" class=\"wp-image-83069\" src=\"https:\/\/exceladvisor.org\/wp-content\/uploads\/2023\/08\/5-deux-fonctions-dindex-imbriquees-dans-la-formule.png\" sizes=\"auto, \" srcset=\"\" alt=\"fun\u00e7\u00f5es aninhadas de dois \u00edndices na f\u00f3rmula\" width=\"678\" height=\"219\"><\/figure><\/div><p> Em cada fun\u00e7\u00e3o da f\u00f3rmula, voc\u00ea tem duas fun\u00e7\u00f5es INDEX. A primeira fun\u00e7\u00e3o INDEX retorna o valor que voc\u00ea deseja substituir no intervalo E1:E5, e a segunda fun\u00e7\u00e3o INDEX obt\u00e9m o novo valor a ser substitu\u00eddo no intervalo F1:F5. <\/p><div class=\"gb-container gb-container-52dfcee1 gb-container-sample-file\"><h2 class=\"gb-headline gb-headline-e289c143 gb-headline-text gb-headline-4f7959c2\"> Obtenha o arquivo Excel<\/h2> <a class=\"gb-button gb-button-e88d6bee gb-button-text gb-button-button1\" href=\"https:\/\/exceladvisor.org\/pt\/a\/\" rel=\"nofollow\">Download<\/a><\/div><div class=\"gb-container gb-container-0df56012 gb-container-mt\"> <a class=\"gb-button gb-button-f9f432f4 gb-button-text gb-button-mt-button\" href=\"https:\/\/exceladvisor.org\/pt\/formulas\/\">Lista de f\u00f3rmulas do Excel<\/a><h2 class=\"gb-headline gb-headline-233444e8 gb-headline-text gb-headline-mt-heading\"> F\u00f3rmulas relacionadas <\/h2><div class=\"gb-grid-wrapper gb-grid-wrapper-a16fa65c gb-grid-wrapper-mt-grid\"><div class=\"gb-grid-column gb-grid-column-50d07e0d\"><div class=\"gb-container gb-container-50d07e0d\"><ul><li> <a href=\"https:\/\/exceladvisor.org\/pt\/nova-linha-na-celula\/\">Adicione uma nova linha a uma c\u00e9lula no Excel (quebra de linha)<\/a><\/li><li> <a href=\"https:\/\/exceladvisor.org\/pt\/zeros-a-esquerda\/\">Adicione zeros \u00e0 esquerda no Excel<\/a><\/li><li> <a href=\"https:\/\/exceladvisor.org\/pt\/concatenar-celulas-com-virgula\/\">Concatenar (combinar) c\u00e9lulas com v\u00edrgula no Excel<\/a><\/li><li> <a href=\"https:\/\/exceladvisor.org\/pt\/concatenar-um-intervalo-de-celulas\/\">Concatenar (combinar) um intervalo de c\u00e9lulas no Excel<\/a><\/li><li> <a href=\"https:\/\/exceladvisor.org\/pt\/concatenar-uma-quebra-de-linha\/\">Concatenar com quebra de linha no Excel<\/a><\/li><\/ul><\/div><\/div><\/div><\/div>","protected":false},"excerpt":{"rendered":"","protected":false},"author":1,"featured_media":0,"parent":0,"menu_order":0,"comment_status":"open","ping_status":"closed","template":"","meta":{"ub_ctt_via":"","footnotes":""},"class_list":["post-568","page","type-page","status-publish","hentry"],"featured_image_src":null,"yoast_head":"<!-- This site is optimized with the Yoast SEO plugin v25.4 - https:\/\/yoast.com\/wordpress\/plugins\/seo\/ -->\n<title>Como substituir v\u00e1rios valores (aninhados) no Excel?<\/title>\n<meta name=\"description\" content=\"Este tutorial ensinar\u00e1 como escrever uma f\u00f3rmula do Excel para substituir v\u00e1rios valores de uma string. Vamos verificar isso\u2026\" \/>\n<meta name=\"robots\" content=\"index, follow, max-snippet:-1, max-image-preview:large, max-video-preview:-1\" \/>\n<link rel=\"canonical\" href=\"https:\/\/exceladvisor.org\/pt\/substituir-varios-valores\/\" \/>\n<meta property=\"og:locale\" content=\"pt_PT\" \/>\n<meta property=\"og:type\" content=\"article\" \/>\n<meta property=\"og:title\" content=\"Como substituir v\u00e1rios valores (aninhados) no Excel?\" \/>\n<meta property=\"og:description\" content=\"Este tutorial ensinar\u00e1 como escrever uma f\u00f3rmula do Excel para substituir v\u00e1rios valores de uma string. Vamos verificar isso\u2026\" \/>\n<meta property=\"og:url\" content=\"https:\/\/exceladvisor.org\/pt\/substituir-varios-valores\/\" \/>\n<meta property=\"og:site_name\" content=\"Excel Advisor\" \/>\n<meta property=\"article:modified_time\" content=\"2023-12-06T11:42:25+00:00\" \/>\n<meta property=\"og:image\" content=\"https:\/\/exceladvisor.org\/wp-content\/uploads\/2023\/08\/1-remplacer-plusieurs-valeurs.png\" \/>\n<meta name=\"twitter:card\" content=\"summary_large_image\" \/>\n<meta name=\"twitter:label1\" content=\"Tempo estimado de leitura\" \/>\n\t<meta name=\"twitter:data1\" content=\"2 minutos\" \/>\n<script type=\"application\/ld+json\" class=\"yoast-schema-graph\">{\"@context\":\"https:\/\/schema.org\",\"@graph\":[{\"@type\":\"WebPage\",\"@id\":\"https:\/\/exceladvisor.org\/pt\/substituir-varios-valores\/\",\"url\":\"https:\/\/exceladvisor.org\/pt\/substituir-varios-valores\/\",\"name\":\"Como substituir v\u00e1rios valores (aninhados) no Excel?\",\"isPartOf\":{\"@id\":\"https:\/\/exceladvisor.org\/pt\/#website\"},\"primaryImageOfPage\":{\"@id\":\"https:\/\/exceladvisor.org\/pt\/substituir-varios-valores\/#primaryimage\"},\"image\":{\"@id\":\"https:\/\/exceladvisor.org\/pt\/substituir-varios-valores\/#primaryimage\"},\"thumbnailUrl\":\"https:\/\/exceladvisor.org\/wp-content\/uploads\/2023\/08\/1-remplacer-plusieurs-valeurs.png\",\"datePublished\":\"2023-10-23T06:04:06+00:00\",\"dateModified\":\"2023-12-06T11:42:25+00:00\",\"description\":\"Este tutorial ensinar\u00e1 como escrever uma f\u00f3rmula do Excel para substituir v\u00e1rios valores de uma string. Vamos verificar isso\u2026\",\"breadcrumb\":{\"@id\":\"https:\/\/exceladvisor.org\/pt\/substituir-varios-valores\/#breadcrumb\"},\"inLanguage\":\"pt-PT\",\"potentialAction\":[{\"@type\":\"ReadAction\",\"target\":[\"https:\/\/exceladvisor.org\/pt\/substituir-varios-valores\/\"]}]},{\"@type\":\"ImageObject\",\"inLanguage\":\"pt-PT\",\"@id\":\"https:\/\/exceladvisor.org\/pt\/substituir-varios-valores\/#primaryimage\",\"url\":\"https:\/\/exceladvisor.org\/wp-content\/uploads\/2023\/08\/1-remplacer-plusieurs-valeurs.png\",\"contentUrl\":\"https:\/\/exceladvisor.org\/wp-content\/uploads\/2023\/08\/1-remplacer-plusieurs-valeurs.png\"},{\"@type\":\"BreadcrumbList\",\"@id\":\"https:\/\/exceladvisor.org\/pt\/substituir-varios-valores\/#breadcrumb\",\"itemListElement\":[{\"@type\":\"ListItem\",\"position\":1,\"name\":\"Lar\",\"item\":\"https:\/\/exceladvisor.org\/pt\/\"},{\"@type\":\"ListItem\",\"position\":2,\"name\":\"Como substituir v\u00e1rios valores (aninhados) no excel?\"}]},{\"@type\":\"WebSite\",\"@id\":\"https:\/\/exceladvisor.org\/pt\/#website\",\"url\":\"https:\/\/exceladvisor.org\/pt\/\",\"name\":\"Excel Advisor\",\"description\":\"O seu guia definitivo para dominar os dados!\",\"publisher\":{\"@id\":\"https:\/\/exceladvisor.org\/pt\/#organization\"},\"potentialAction\":[{\"@type\":\"SearchAction\",\"target\":{\"@type\":\"EntryPoint\",\"urlTemplate\":\"https:\/\/exceladvisor.org\/pt\/?s={search_term_string}\"},\"query-input\":{\"@type\":\"PropertyValueSpecification\",\"valueRequired\":true,\"valueName\":\"search_term_string\"}}],\"inLanguage\":\"pt-PT\"},{\"@type\":\"Organization\",\"@id\":\"https:\/\/exceladvisor.org\/pt\/#organization\",\"name\":\"Excel Advisor\",\"url\":\"https:\/\/exceladvisor.org\/pt\/\",\"logo\":{\"@type\":\"ImageObject\",\"inLanguage\":\"pt-PT\",\"@id\":\"https:\/\/exceladvisor.org\/pt\/#\/schema\/logo\/image\/\",\"url\":\"https:\/\/exceladvisor.org\/pt\/wp-content\/uploads\/2023\/12\/exceladvisor.org_.png\",\"contentUrl\":\"https:\/\/exceladvisor.org\/pt\/wp-content\/uploads\/2023\/12\/exceladvisor.org_.png\",\"width\":105,\"height\":36,\"caption\":\"Excel Advisor\"},\"image\":{\"@id\":\"https:\/\/exceladvisor.org\/pt\/#\/schema\/logo\/image\/\"}}]}<\/script>\n<!-- \/ Yoast SEO plugin. -->","yoast_head_json":{"title":"Como substituir v\u00e1rios valores (aninhados) no Excel?","description":"Este tutorial ensinar\u00e1 como escrever uma f\u00f3rmula do Excel para substituir v\u00e1rios valores de uma string. Vamos verificar isso\u2026","robots":{"index":"index","follow":"follow","max-snippet":"max-snippet:-1","max-image-preview":"max-image-preview:large","max-video-preview":"max-video-preview:-1"},"canonical":"https:\/\/exceladvisor.org\/pt\/substituir-varios-valores\/","og_locale":"pt_PT","og_type":"article","og_title":"Como substituir v\u00e1rios valores (aninhados) no Excel?","og_description":"Este tutorial ensinar\u00e1 como escrever uma f\u00f3rmula do Excel para substituir v\u00e1rios valores de uma string. Vamos verificar isso\u2026","og_url":"https:\/\/exceladvisor.org\/pt\/substituir-varios-valores\/","og_site_name":"Excel Advisor","article_modified_time":"2023-12-06T11:42:25+00:00","og_image":[{"url":"https:\/\/exceladvisor.org\/wp-content\/uploads\/2023\/08\/1-remplacer-plusieurs-valeurs.png","type":"","width":"","height":""}],"twitter_card":"summary_large_image","twitter_misc":{"Tempo estimado de leitura":"2 minutos"},"schema":{"@context":"https:\/\/schema.org","@graph":[{"@type":"WebPage","@id":"https:\/\/exceladvisor.org\/pt\/substituir-varios-valores\/","url":"https:\/\/exceladvisor.org\/pt\/substituir-varios-valores\/","name":"Como substituir v\u00e1rios valores (aninhados) no Excel?","isPartOf":{"@id":"https:\/\/exceladvisor.org\/pt\/#website"},"primaryImageOfPage":{"@id":"https:\/\/exceladvisor.org\/pt\/substituir-varios-valores\/#primaryimage"},"image":{"@id":"https:\/\/exceladvisor.org\/pt\/substituir-varios-valores\/#primaryimage"},"thumbnailUrl":"https:\/\/exceladvisor.org\/wp-content\/uploads\/2023\/08\/1-remplacer-plusieurs-valeurs.png","datePublished":"2023-10-23T06:04:06+00:00","dateModified":"2023-12-06T11:42:25+00:00","description":"Este tutorial ensinar\u00e1 como escrever uma f\u00f3rmula do Excel para substituir v\u00e1rios valores de uma string. Vamos verificar isso\u2026","breadcrumb":{"@id":"https:\/\/exceladvisor.org\/pt\/substituir-varios-valores\/#breadcrumb"},"inLanguage":"pt-PT","potentialAction":[{"@type":"ReadAction","target":["https:\/\/exceladvisor.org\/pt\/substituir-varios-valores\/"]}]},{"@type":"ImageObject","inLanguage":"pt-PT","@id":"https:\/\/exceladvisor.org\/pt\/substituir-varios-valores\/#primaryimage","url":"https:\/\/exceladvisor.org\/wp-content\/uploads\/2023\/08\/1-remplacer-plusieurs-valeurs.png","contentUrl":"https:\/\/exceladvisor.org\/wp-content\/uploads\/2023\/08\/1-remplacer-plusieurs-valeurs.png"},{"@type":"BreadcrumbList","@id":"https:\/\/exceladvisor.org\/pt\/substituir-varios-valores\/#breadcrumb","itemListElement":[{"@type":"ListItem","position":1,"name":"Lar","item":"https:\/\/exceladvisor.org\/pt\/"},{"@type":"ListItem","position":2,"name":"Como substituir v\u00e1rios valores (aninhados) no excel?"}]},{"@type":"WebSite","@id":"https:\/\/exceladvisor.org\/pt\/#website","url":"https:\/\/exceladvisor.org\/pt\/","name":"Excel Advisor","description":"O seu guia definitivo para dominar os dados!","publisher":{"@id":"https:\/\/exceladvisor.org\/pt\/#organization"},"potentialAction":[{"@type":"SearchAction","target":{"@type":"EntryPoint","urlTemplate":"https:\/\/exceladvisor.org\/pt\/?s={search_term_string}"},"query-input":{"@type":"PropertyValueSpecification","valueRequired":true,"valueName":"search_term_string"}}],"inLanguage":"pt-PT"},{"@type":"Organization","@id":"https:\/\/exceladvisor.org\/pt\/#organization","name":"Excel Advisor","url":"https:\/\/exceladvisor.org\/pt\/","logo":{"@type":"ImageObject","inLanguage":"pt-PT","@id":"https:\/\/exceladvisor.org\/pt\/#\/schema\/logo\/image\/","url":"https:\/\/exceladvisor.org\/pt\/wp-content\/uploads\/2023\/12\/exceladvisor.org_.png","contentUrl":"https:\/\/exceladvisor.org\/pt\/wp-content\/uploads\/2023\/12\/exceladvisor.org_.png","width":105,"height":36,"caption":"Excel Advisor"},"image":{"@id":"https:\/\/exceladvisor.org\/pt\/#\/schema\/logo\/image\/"}}]}},"yoast_meta":{"yoast_wpseo_title":"","yoast_wpseo_metadesc":"","yoast_wpseo_canonical":""},"_links":{"self":[{"href":"https:\/\/exceladvisor.org\/pt\/wp-json\/wp\/v2\/pages\/568","targetHints":{"allow":["GET"]}}],"collection":[{"href":"https:\/\/exceladvisor.org\/pt\/wp-json\/wp\/v2\/pages"}],"about":[{"href":"https:\/\/exceladvisor.org\/pt\/wp-json\/wp\/v2\/types\/page"}],"author":[{"embeddable":true,"href":"https:\/\/exceladvisor.org\/pt\/wp-json\/wp\/v2\/users\/1"}],"replies":[{"embeddable":true,"href":"https:\/\/exceladvisor.org\/pt\/wp-json\/wp\/v2\/comments?post=568"}],"version-history":[{"count":1,"href":"https:\/\/exceladvisor.org\/pt\/wp-json\/wp\/v2\/pages\/568\/revisions"}],"predecessor-version":[{"id":1207,"href":"https:\/\/exceladvisor.org\/pt\/wp-json\/wp\/v2\/pages\/568\/revisions\/1207"}],"wp:attachment":[{"href":"https:\/\/exceladvisor.org\/pt\/wp-json\/wp\/v2\/media?parent=568"}],"curies":[{"name":"wp","href":"https:\/\/api.w.org\/{rel}","templated":true}]}}