{"id":57,"date":"2023-11-17T17:16:59","date_gmt":"2023-11-17T17:16:59","guid":{"rendered":"https:\/\/exceladvisor.org\/pt\/opcao-explicita-2\/"},"modified":"2023-12-06T11:43:54","modified_gmt":"2023-12-06T11:43:54","slug":"opcao-explicita-2","status":"publish","type":"page","link":"https:\/\/exceladvisor.org\/pt\/opcao-explicita-2\/","title":{"rendered":"Como usar a instru\u00e7\u00e3o de op\u00e7\u00e3o expl\u00edcita no vba?"},"content":{"rendered":"<div class=\"excel-before-content-2\" id=\"excel-1474157805\"><script type=\"text\/javascript\">\r\n\tatOptions = {\r\n\t\t'key' : 'c1158f160081d6540a8409e6925dab94',\r\n\t\t'format' : 'iframe',\r\n\t\t'height' : 250,\r\n\t\t'width' : 300,\r\n\t\t'params' : {}\r\n\t};\r\n<\/script>\r\n<script type=\"text\/javascript\" src=\"\/\/www.highperformanceformat.com\/c1158f160081d6540a8409e6925dab94\/invoke.js\"><\/script><\/div><div class=\"excel-before-content\" id=\"excel-196683957\"><script type=\"text\/javascript\">\r\n\tatOptions = {\r\n\t\t'key' : 'c1158f160081d6540a8409e6925dab94',\r\n\t\t'format' : 'iframe',\r\n\t\t'height' : 250,\r\n\t\t'width' : 300,\r\n\t\t'params' : {}\r\n\t};\r\n<\/script>\r\n<script type=\"text\/javascript\" src=\"\/\/www.highperformanceformat.com\/c1158f160081d6540a8409e6925dab94\/invoke.js\"><\/script><\/div> <h2 class=\"wp-block-heading\">Pontos chave<\/h2><ul><li> A op\u00e7\u00e3o Expl\u00edcita exige que voc\u00ea declare todas <a href=\"https:\/\/exceladvisor.org\/pt\/variaveis\/\">as vari\u00e1veis<\/a> .<\/li><li> Esta \u00e9 uma declara\u00e7\u00e3o que voc\u00ea pode usar no in\u00edcio de um <a href=\"https:\/\/exceladvisor.org\/pt\/modulo\/\">m\u00f3dulo<\/a> .<\/li><li> Voc\u00ea pode inseri-lo manualmente ou habilit\u00e1-lo nas op\u00e7\u00f5es.<\/li><li> Voc\u00ea deve usar Option Explicit apenas uma vez.<\/li><li> Tamb\u00e9m ajuda a identificar <a href=\"https:\/\/exceladvisor.org\/pt\/manipulacao-de-erros\/\">erros de digita\u00e7\u00e3o<\/a> ao usar vari\u00e1veis.<\/li><\/ul><h2 class=\"wp-block-heading\"> O que \u00e9 op\u00e7\u00e3o expl\u00edcita do VBA<\/h2><p> Option Explicit \u00e9 uma instru\u00e7\u00e3o que voc\u00ea pode usar no in\u00edcio de um m\u00f3dulo para for\u00e7\u00e1-lo a declarar todas as vari\u00e1veis. Ao adicionar esta instru\u00e7\u00e3o, o VBA mostra um erro de compila\u00e7\u00e3o ao executar o c\u00f3digo e tamb\u00e9m destaca a vari\u00e1vel no c\u00f3digo que voc\u00ea precisa declarar. <\/p><div class=\"wp-block-image\"><figure class=\"aligncenter size-large is-resized\"><img loading=\"lazy\" decoding=\"async\" class=\"wp-image-49733\" src=\"https:\/\/exceladvisor.org\/wp-content\/uploads\/2023\/08\/1-option-vba-explicite.png\" sizes=\"auto, \" srcset=\"\" alt=\"op\u00e7\u00e3o vba-expl\u00edcita\" width=\"325\" height=\"127\"><\/figure><\/div><p> Quando voc\u00ea adiciona uma op\u00e7\u00e3o expl\u00edcita no in\u00edcio de um m\u00f3dulo, o VBA adiciona uma linha separadora abaixo dela e ent\u00e3o voc\u00ea pode come\u00e7ar a escrever um procedimento. E quando voc\u00ea tem a op\u00e7\u00e3o de declara\u00e7\u00e3o expl\u00edcita e executa um procedimento, o VBA verifica se h\u00e1 uma vari\u00e1vel n\u00e3o declarada e mostra uma mensagem de erro. <\/p><pre class=\"wp-block-code\"> <code class=\"language-visual-basic\" lang=\"visual-basic\">Option Explicit Sub myMacro() a = 50 MsgBox a End Sub<\/code><\/pre><div class=\"wp-block-image\"><figure class=\"aligncenter size-large is-resized\"><img loading=\"lazy\" decoding=\"async\" class=\"wp-image-49734\" src=\"https:\/\/exceladvisor.org\/wp-content\/uploads\/2023\/08\/2-vba-ajoute-une-ligne-de-separation.png\" sizes=\"auto, \" srcset=\"\" alt=\"linha separadora vba-add\" width=\"387\" height=\"218\"><\/figure><\/div><p> Acima est\u00e1 a mensagem que voc\u00ea recebe quando uma vari\u00e1vel n\u00e3o \u00e9 declarada.<\/p><h2 class=\"wp-block-heading\"> Habilitar op\u00e7\u00e3o expl\u00edcita no VBA<\/h2><p> <strong>Para habilitar a instru\u00e7\u00e3o de op\u00e7\u00e3o expl\u00edcita em um m\u00f3dulo, siga estas etapas.<\/strong><\/p><ol><li> Primeiro, abra o Editor do Visual Basic e no menu Ferramentas, clique em Op\u00e7\u00f5es. <br><img loading=\"lazy\" decoding=\"async\" title=\"3-ativar op\u00e7\u00e3o expl\u00edcita em vba\" src=\"https:\/\/exceladvisor.org\/wp-content\/uploads\/2023\/08\/3-activer-loption-explicite-dans-vba.png\" sizes=\"auto, \" srcset=\"\" alt=\"activate-option-explicit-in-vba\" width=\"521\" height=\"210\"><\/li><li> Depois disso, nas op\u00e7\u00f5es, v\u00e1 at\u00e9 a aba do editor e marque a caixa \u201cExigir declara\u00e7\u00e3o de vari\u00e1vel\u201d. <br><img loading=\"lazy\" decoding=\"async\" title=\"Editor de 4 guias e marca de sele\u00e7\u00e3o\" src=\"https:\/\/exceladvisor.org\/wp-content\/uploads\/2023\/08\/4-onglet-de-lediteur-et-coche.png\" sizes=\"auto, \" srcset=\"\" alt=\"editor-tab-and-tick-mark\" width=\"525\" height=\"373\"><\/li><li> No final, clique em OK.<\/li><li> Depois de fazer isso, o VBA adicionar\u00e1 uma op\u00e7\u00e3o expl\u00edcita sempre que voc\u00ea adicionar um novo m\u00f3dulo.<\/li><\/ol><p> Mas ele n\u00e3o adiciona esta declara\u00e7\u00e3o ao seu m\u00f3dulo existente, ent\u00e3o voc\u00ea deve adicion\u00e1-las manualmente a cada um dos m\u00f3dulos existentes, um por um.<\/p><h2 class=\"wp-block-heading\"> Como adicion\u00e1-lo manualmente?<\/h2><p> Como mencionei, a instru\u00e7\u00e3o Option Explicit deve vir antes do procedimento do primeiro m\u00f3dulo (Sub ou Function). Portanto, voc\u00ea precisa adicionar esta declara\u00e7\u00e3o acima do primeiro procedimento (\u00e1rea de declara\u00e7\u00f5es gerais) e certificar-se de adicion\u00e1-la apenas uma vez. <\/p><div class=\"wp-block-image\"><figure class=\"aligncenter size-large is-resized\"><img loading=\"lazy\" decoding=\"async\" class=\"wp-image-49738\" src=\"https:\/\/exceladvisor.org\/wp-content\/uploads\/2023\/08\/5-zones-de-declarations-generales.png\" sizes=\"auto, \" srcset=\"\" alt=\"\u00e1rea de declara\u00e7\u00f5es gerais\" width=\"344\" height=\"392\"><\/figure><\/div><p> Se voc\u00ea adicion\u00e1-lo dentro de um procedimento ou entre dois procedimentos, o VBA mostrar\u00e1 um erro ao tentar executar qualquer um dos c\u00f3digos do m\u00f3dulo. <\/p><div class=\"wp-block-image\"><figure class=\"aligncenter size-large is-resized\"><img loading=\"lazy\" decoding=\"async\" class=\"wp-image-49739\" src=\"https:\/\/exceladvisor.org\/wp-content\/uploads\/2023\/08\/6-vba-vous-montrera-une-erreur.png\" sizes=\"auto, \" srcset=\"\" alt=\"vba-mostrar\u00e1-um-erro\" width=\"488\" height=\"305\"><\/figure><\/div><h2 class=\"wp-block-heading\"> Exemplos (por que usar Option Explicit Statement \u00e9 um bom h\u00e1bito)<\/h2><p> Deixe-me mostrar um exemplo para que voc\u00ea entenda por que a instru\u00e7\u00e3o Option Explicit \u00e9 altamente recomendada. Observe o c\u00f3digo a seguir.<\/p><pre class=\"wp-block-code\"> <code class=\"language-visual-basic\" lang=\"visual-basic\">Sub myMacro() Dim myText As String myText = \"Puneet\" MsgBox MyTxt End Sub<\/code><\/pre><p> Neste c\u00f3digo, declarei uma vari\u00e1vel \u201cmyText\u201d como uma string e a seguir defini o valor desta vari\u00e1vel. E no final, usei uma <a href=\"https:\/\/exceladvisor.org\/pt\/caixa-de-mensagens-vba\/\">caixa de mensagem<\/a> que exibe o valor da vari\u00e1vel, mas se voc\u00ea olhar com aten\u00e7\u00e3o, escrevi incorretamente essa vari\u00e1vel como &#8220;MyTxt&#8221; em vez de &#8220;myText&#8221;. <\/p><div class=\"wp-block-image\"><figure class=\"aligncenter size-large is-resized\"><img loading=\"lazy\" decoding=\"async\" class=\"wp-image-49740\" src=\"https:\/\/exceladvisor.org\/wp-content\/uploads\/2023\/08\/7-a-declare-une-variable.png\" sizes=\"auto, \" srcset=\"\" alt=\"vari\u00e1vel declarada\" width=\"284\" height=\"219\"><\/figure><\/div><p> Agora, quando executo <a href=\"https:\/\/exceladvisor.org\/pt\/executar-uma-macro-2\/\">esse c\u00f3digo,<\/a> ele me mostra uma <a href=\"https:\/\/exceladvisor.org\/pt\/caixa-de-mensagens-vba\/\">caixa de mensagem<\/a> vazia. <\/p><div class=\"wp-block-image\"><figure class=\"aligncenter size-large is-resized\"><img loading=\"lazy\" decoding=\"async\" class=\"wp-image-49741\" src=\"https:\/\/exceladvisor.org\/wp-content\/uploads\/2023\/08\/8-boite-de-message-vide.png\" sizes=\"auto, \" srcset=\"\" alt=\"caixa de mensagem vazia\" width=\"136\" height=\"146\"><\/figure><\/div><p> Preciso de seus 2 minutos para ajud\u00e1-lo a entender o verdadeiro problema aqui. Quando digitei o nome da vari\u00e1vel errado, o VBA o considera uma vari\u00e1vel separada e, como n\u00e3o uso a instru\u00e7\u00e3o de op\u00e7\u00e3o expl\u00edcita, isso n\u00e3o mostra um erro. <\/p><div class=\"wp-block-image\"><figure class=\"aligncenter size-large is-resized\"><img loading=\"lazy\" decoding=\"async\" class=\"wp-image-49742\" src=\"https:\/\/exceladvisor.org\/wp-content\/uploads\/2023\/08\/9-mal-tape-le-nom-de-la-variable.png\" sizes=\"auto, \" srcset=\"\" alt=\"erro de digita\u00e7\u00e3o no nome da vari\u00e1vel\" width=\"278\" height=\"184\"><\/figure><\/div><p> \u00c9 por isso que a caixa de mensagem usa a segunda vari\u00e1vel (digitada incorretamente) que n\u00e3o possui nenhum valor atribu\u00eddo a ela. Agora pense por um segundo; Se voc\u00ea escrever um c\u00f3digo longo e n\u00e3o usar instru\u00e7\u00f5es de op\u00e7\u00e3o expl\u00edcitas, ser\u00e1 dif\u00edcil rastrear esse erro at\u00e9 reler todo o c\u00f3digo.<\/p><p> Mas com a op\u00e7\u00e3o de declara\u00e7\u00e3o expl\u00edcita ativada, quando executo esse c\u00f3digo, recebo um erro. <\/p><div class=\"wp-block-image\"><figure class=\"aligncenter size-large is-resized\"><img loading=\"lazy\" decoding=\"async\" class=\"wp-image-49743\" src=\"https:\/\/exceladvisor.org\/wp-content\/uploads\/2023\/08\/10-utiliser-loption-explicite.png\" sizes=\"auto, \" srcset=\"\" alt=\"op\u00e7\u00e3o de uso expl\u00edcita\" width=\"540\" height=\"293\"><\/figure><\/div><pre class=\"wp-block-code\"> <code class=\"language-visual-basic\" lang=\"visual-basic\">Option Explicit Sub myMacro() Dim myText As String myText = \"Puneet\" MsgBox MyTxt End Sub<\/code><\/pre><div class=\"gb-container gb-container-4db6181c gb-container-mt\"> <a class=\"gb-button gb-button-c5897111 gb-button-text gb-button-mt-button\" href=\"https:\/\/exceladvisor.org\/pt\/vba\/\">O que \u00e9 VBA<\/a><h2 class=\"gb-headline gb-headline-665e5f6b gb-headline-text gb-headline-mt-heading\"> Tutoriais relacionados <\/h2><div class=\"gb-grid-wrapper gb-grid-wrapper-a20baf7c gb-grid-wrapper-mt-grid\"><div class=\"gb-grid-column gb-grid-column-65ddf67e\"><div class=\"gb-container gb-container-65ddf67e\"><ul><li> <a href=\"https:\/\/exceladvisor.org\/pt\/variavel-global\/\">Declare uma vari\u00e1vel global (p\u00fablica) em VBA<\/a><\/li><li> <a href=\"https:\/\/exceladvisor.org\/pt\/faixa-variavel\/\">Use um intervalo ou c\u00e9lula como vari\u00e1vel no VBA<\/a><\/li><li> <a href=\"https:\/\/exceladvisor.org\/pt\/caixa-de-mensagem-variavel\/\">Vari\u00e1vel em uma caixa de mensagem<\/a><\/li><li> <a href=\"https:\/\/exceladvisor.org\/pt\/constantes\/\">VBA constante<\/a><\/li><li> <a href=\"https:\/\/exceladvisor.org\/pt\/fraco\/\">Instru\u00e7\u00e3o Dim VBA<\/a> <\/li><\/ul><\/div><\/div><div class=\"gb-grid-column gb-grid-column-50067b57\"><div class=\"gb-container gb-container-50067b57\"><\/div><\/div><\/div><\/div>","protected":false},"excerpt":{"rendered":"","protected":false},"author":1,"featured_media":0,"parent":0,"menu_order":0,"comment_status":"open","ping_status":"closed","template":"","meta":{"ub_ctt_via":"","footnotes":""},"class_list":["post-57","page","type-page","status-publish","hentry"],"featured_image_src":null,"yoast_head":"<!-- This site is optimized with the Yoast SEO plugin v25.4 - https:\/\/yoast.com\/wordpress\/plugins\/seo\/ -->\n<title>\u25b7 Como usar a instru\u00e7\u00e3o de op\u00e7\u00e3o expl\u00edcita no VBA?<\/title>\n<meta name=\"description\" content=\"A op\u00e7\u00e3o expl\u00edcita \u00e9 uma instru\u00e7\u00e3o que voc\u00ea pode usar no in\u00edcio de um m\u00f3dulo para for\u00e7\u00e1-lo a declarar todas as vari\u00e1veis. Quando\" \/>\n<meta name=\"robots\" content=\"index, follow, max-snippet:-1, max-image-preview:large, max-video-preview:-1\" \/>\n<link rel=\"canonical\" href=\"https:\/\/exceladvisor.org\/pt\/opcao-explicita-2\/\" \/>\n<meta property=\"og:locale\" content=\"pt_PT\" \/>\n<meta property=\"og:type\" content=\"article\" \/>\n<meta property=\"og:title\" content=\"\u25b7 Como usar a instru\u00e7\u00e3o de op\u00e7\u00e3o expl\u00edcita no VBA?\" \/>\n<meta property=\"og:description\" content=\"A op\u00e7\u00e3o expl\u00edcita \u00e9 uma instru\u00e7\u00e3o que voc\u00ea pode usar no in\u00edcio de um m\u00f3dulo para for\u00e7\u00e1-lo a declarar todas as vari\u00e1veis. Quando\" \/>\n<meta property=\"og:url\" content=\"https:\/\/exceladvisor.org\/pt\/opcao-explicita-2\/\" \/>\n<meta property=\"og:site_name\" content=\"Excel Advisor\" \/>\n<meta property=\"article:modified_time\" content=\"2023-12-06T11:43:54+00:00\" \/>\n<meta property=\"og:image\" content=\"https:\/\/exceladvisor.org\/wp-content\/uploads\/2023\/08\/1-option-vba-explicite.png\" \/>\n<meta name=\"twitter:card\" content=\"summary_large_image\" \/>\n<meta name=\"twitter:label1\" content=\"Tempo estimado de leitura\" \/>\n\t<meta name=\"twitter:data1\" content=\"3 minutos\" \/>\n<script type=\"application\/ld+json\" class=\"yoast-schema-graph\">{\"@context\":\"https:\/\/schema.org\",\"@graph\":[{\"@type\":\"WebPage\",\"@id\":\"https:\/\/exceladvisor.org\/pt\/opcao-explicita-2\/\",\"url\":\"https:\/\/exceladvisor.org\/pt\/opcao-explicita-2\/\",\"name\":\"\u25b7 Como usar a instru\u00e7\u00e3o de op\u00e7\u00e3o expl\u00edcita no VBA?\",\"isPartOf\":{\"@id\":\"https:\/\/exceladvisor.org\/pt\/#website\"},\"primaryImageOfPage\":{\"@id\":\"https:\/\/exceladvisor.org\/pt\/opcao-explicita-2\/#primaryimage\"},\"image\":{\"@id\":\"https:\/\/exceladvisor.org\/pt\/opcao-explicita-2\/#primaryimage\"},\"thumbnailUrl\":\"https:\/\/exceladvisor.org\/wp-content\/uploads\/2023\/08\/1-option-vba-explicite.png\",\"datePublished\":\"2023-11-17T17:16:59+00:00\",\"dateModified\":\"2023-12-06T11:43:54+00:00\",\"description\":\"A op\u00e7\u00e3o expl\u00edcita \u00e9 uma instru\u00e7\u00e3o que voc\u00ea pode usar no in\u00edcio de um m\u00f3dulo para for\u00e7\u00e1-lo a declarar todas as vari\u00e1veis. Quando\",\"breadcrumb\":{\"@id\":\"https:\/\/exceladvisor.org\/pt\/opcao-explicita-2\/#breadcrumb\"},\"inLanguage\":\"pt-PT\",\"potentialAction\":[{\"@type\":\"ReadAction\",\"target\":[\"https:\/\/exceladvisor.org\/pt\/opcao-explicita-2\/\"]}]},{\"@type\":\"ImageObject\",\"inLanguage\":\"pt-PT\",\"@id\":\"https:\/\/exceladvisor.org\/pt\/opcao-explicita-2\/#primaryimage\",\"url\":\"https:\/\/exceladvisor.org\/wp-content\/uploads\/2023\/08\/1-option-vba-explicite.png\",\"contentUrl\":\"https:\/\/exceladvisor.org\/wp-content\/uploads\/2023\/08\/1-option-vba-explicite.png\"},{\"@type\":\"BreadcrumbList\",\"@id\":\"https:\/\/exceladvisor.org\/pt\/opcao-explicita-2\/#breadcrumb\",\"itemListElement\":[{\"@type\":\"ListItem\",\"position\":1,\"name\":\"Lar\",\"item\":\"https:\/\/exceladvisor.org\/pt\/\"},{\"@type\":\"ListItem\",\"position\":2,\"name\":\"Como usar a instru\u00e7\u00e3o de op\u00e7\u00e3o expl\u00edcita no vba?\"}]},{\"@type\":\"WebSite\",\"@id\":\"https:\/\/exceladvisor.org\/pt\/#website\",\"url\":\"https:\/\/exceladvisor.org\/pt\/\",\"name\":\"Excel Advisor\",\"description\":\"O seu guia definitivo para dominar os dados!\",\"publisher\":{\"@id\":\"https:\/\/exceladvisor.org\/pt\/#organization\"},\"potentialAction\":[{\"@type\":\"SearchAction\",\"target\":{\"@type\":\"EntryPoint\",\"urlTemplate\":\"https:\/\/exceladvisor.org\/pt\/?s={search_term_string}\"},\"query-input\":{\"@type\":\"PropertyValueSpecification\",\"valueRequired\":true,\"valueName\":\"search_term_string\"}}],\"inLanguage\":\"pt-PT\"},{\"@type\":\"Organization\",\"@id\":\"https:\/\/exceladvisor.org\/pt\/#organization\",\"name\":\"Excel Advisor\",\"url\":\"https:\/\/exceladvisor.org\/pt\/\",\"logo\":{\"@type\":\"ImageObject\",\"inLanguage\":\"pt-PT\",\"@id\":\"https:\/\/exceladvisor.org\/pt\/#\/schema\/logo\/image\/\",\"url\":\"https:\/\/exceladvisor.org\/pt\/wp-content\/uploads\/2023\/12\/exceladvisor.org_.png\",\"contentUrl\":\"https:\/\/exceladvisor.org\/pt\/wp-content\/uploads\/2023\/12\/exceladvisor.org_.png\",\"width\":105,\"height\":36,\"caption\":\"Excel Advisor\"},\"image\":{\"@id\":\"https:\/\/exceladvisor.org\/pt\/#\/schema\/logo\/image\/\"}}]}<\/script>\n<!-- \/ Yoast SEO plugin. -->","yoast_head_json":{"title":"\u25b7 Como usar a instru\u00e7\u00e3o de op\u00e7\u00e3o expl\u00edcita no VBA?","description":"A op\u00e7\u00e3o expl\u00edcita \u00e9 uma instru\u00e7\u00e3o que voc\u00ea pode usar no in\u00edcio de um m\u00f3dulo para for\u00e7\u00e1-lo a declarar todas as vari\u00e1veis. Quando","robots":{"index":"index","follow":"follow","max-snippet":"max-snippet:-1","max-image-preview":"max-image-preview:large","max-video-preview":"max-video-preview:-1"},"canonical":"https:\/\/exceladvisor.org\/pt\/opcao-explicita-2\/","og_locale":"pt_PT","og_type":"article","og_title":"\u25b7 Como usar a instru\u00e7\u00e3o de op\u00e7\u00e3o expl\u00edcita no VBA?","og_description":"A op\u00e7\u00e3o expl\u00edcita \u00e9 uma instru\u00e7\u00e3o que voc\u00ea pode usar no in\u00edcio de um m\u00f3dulo para for\u00e7\u00e1-lo a declarar todas as vari\u00e1veis. Quando","og_url":"https:\/\/exceladvisor.org\/pt\/opcao-explicita-2\/","og_site_name":"Excel Advisor","article_modified_time":"2023-12-06T11:43:54+00:00","og_image":[{"url":"https:\/\/exceladvisor.org\/wp-content\/uploads\/2023\/08\/1-option-vba-explicite.png","type":"","width":"","height":""}],"twitter_card":"summary_large_image","twitter_misc":{"Tempo estimado de leitura":"3 minutos"},"schema":{"@context":"https:\/\/schema.org","@graph":[{"@type":"WebPage","@id":"https:\/\/exceladvisor.org\/pt\/opcao-explicita-2\/","url":"https:\/\/exceladvisor.org\/pt\/opcao-explicita-2\/","name":"\u25b7 Como usar a instru\u00e7\u00e3o de op\u00e7\u00e3o expl\u00edcita no VBA?","isPartOf":{"@id":"https:\/\/exceladvisor.org\/pt\/#website"},"primaryImageOfPage":{"@id":"https:\/\/exceladvisor.org\/pt\/opcao-explicita-2\/#primaryimage"},"image":{"@id":"https:\/\/exceladvisor.org\/pt\/opcao-explicita-2\/#primaryimage"},"thumbnailUrl":"https:\/\/exceladvisor.org\/wp-content\/uploads\/2023\/08\/1-option-vba-explicite.png","datePublished":"2023-11-17T17:16:59+00:00","dateModified":"2023-12-06T11:43:54+00:00","description":"A op\u00e7\u00e3o expl\u00edcita \u00e9 uma instru\u00e7\u00e3o que voc\u00ea pode usar no in\u00edcio de um m\u00f3dulo para for\u00e7\u00e1-lo a declarar todas as vari\u00e1veis. Quando","breadcrumb":{"@id":"https:\/\/exceladvisor.org\/pt\/opcao-explicita-2\/#breadcrumb"},"inLanguage":"pt-PT","potentialAction":[{"@type":"ReadAction","target":["https:\/\/exceladvisor.org\/pt\/opcao-explicita-2\/"]}]},{"@type":"ImageObject","inLanguage":"pt-PT","@id":"https:\/\/exceladvisor.org\/pt\/opcao-explicita-2\/#primaryimage","url":"https:\/\/exceladvisor.org\/wp-content\/uploads\/2023\/08\/1-option-vba-explicite.png","contentUrl":"https:\/\/exceladvisor.org\/wp-content\/uploads\/2023\/08\/1-option-vba-explicite.png"},{"@type":"BreadcrumbList","@id":"https:\/\/exceladvisor.org\/pt\/opcao-explicita-2\/#breadcrumb","itemListElement":[{"@type":"ListItem","position":1,"name":"Lar","item":"https:\/\/exceladvisor.org\/pt\/"},{"@type":"ListItem","position":2,"name":"Como usar a instru\u00e7\u00e3o de op\u00e7\u00e3o expl\u00edcita no vba?"}]},{"@type":"WebSite","@id":"https:\/\/exceladvisor.org\/pt\/#website","url":"https:\/\/exceladvisor.org\/pt\/","name":"Excel Advisor","description":"O seu guia definitivo para dominar os dados!","publisher":{"@id":"https:\/\/exceladvisor.org\/pt\/#organization"},"potentialAction":[{"@type":"SearchAction","target":{"@type":"EntryPoint","urlTemplate":"https:\/\/exceladvisor.org\/pt\/?s={search_term_string}"},"query-input":{"@type":"PropertyValueSpecification","valueRequired":true,"valueName":"search_term_string"}}],"inLanguage":"pt-PT"},{"@type":"Organization","@id":"https:\/\/exceladvisor.org\/pt\/#organization","name":"Excel Advisor","url":"https:\/\/exceladvisor.org\/pt\/","logo":{"@type":"ImageObject","inLanguage":"pt-PT","@id":"https:\/\/exceladvisor.org\/pt\/#\/schema\/logo\/image\/","url":"https:\/\/exceladvisor.org\/pt\/wp-content\/uploads\/2023\/12\/exceladvisor.org_.png","contentUrl":"https:\/\/exceladvisor.org\/pt\/wp-content\/uploads\/2023\/12\/exceladvisor.org_.png","width":105,"height":36,"caption":"Excel Advisor"},"image":{"@id":"https:\/\/exceladvisor.org\/pt\/#\/schema\/logo\/image\/"}}]}},"yoast_meta":{"yoast_wpseo_title":"","yoast_wpseo_metadesc":"","yoast_wpseo_canonical":""},"_links":{"self":[{"href":"https:\/\/exceladvisor.org\/pt\/wp-json\/wp\/v2\/pages\/57","targetHints":{"allow":["GET"]}}],"collection":[{"href":"https:\/\/exceladvisor.org\/pt\/wp-json\/wp\/v2\/pages"}],"about":[{"href":"https:\/\/exceladvisor.org\/pt\/wp-json\/wp\/v2\/types\/page"}],"author":[{"embeddable":true,"href":"https:\/\/exceladvisor.org\/pt\/wp-json\/wp\/v2\/users\/1"}],"replies":[{"embeddable":true,"href":"https:\/\/exceladvisor.org\/pt\/wp-json\/wp\/v2\/comments?post=57"}],"version-history":[{"count":1,"href":"https:\/\/exceladvisor.org\/pt\/wp-json\/wp\/v2\/pages\/57\/revisions"}],"predecessor-version":[{"id":1329,"href":"https:\/\/exceladvisor.org\/pt\/wp-json\/wp\/v2\/pages\/57\/revisions\/1329"}],"wp:attachment":[{"href":"https:\/\/exceladvisor.org\/pt\/wp-json\/wp\/v2\/media?parent=57"}],"curies":[{"name":"wp","href":"https:\/\/api.w.org\/{rel}","templated":true}]}}