{"id":571,"date":"2023-10-23T00:54:26","date_gmt":"2023-10-23T00:54:26","guid":{"rendered":"https:\/\/exceladvisor.org\/pt\/sumivos-nao-sao-iguais\/"},"modified":"2023-12-06T11:42:20","modified_gmt":"2023-12-06T11:42:20","slug":"sumivos-nao-sao-iguais","status":"publish","type":"page","link":"https:\/\/exceladvisor.org\/pt\/sumivos-nao-sao-iguais\/","title":{"rendered":"Como somar valores diferentes no excel? (sumif)"},"content":{"rendered":"<div class=\"excel-before-content-2\" id=\"excel-467457399\"><script type=\"text\/javascript\">\r\n\tatOptions = {\r\n\t\t'key' : 'c1158f160081d6540a8409e6925dab94',\r\n\t\t'format' : 'iframe',\r\n\t\t'height' : 250,\r\n\t\t'width' : 300,\r\n\t\t'params' : {}\r\n\t};\r\n<\/script>\r\n<script type=\"text\/javascript\" src=\"\/\/www.highperformanceformat.com\/c1158f160081d6540a8409e6925dab94\/invoke.js\"><\/script><\/div><div class=\"excel-before-content\" id=\"excel-1326406729\"><script type=\"text\/javascript\">\r\n\tatOptions = {\r\n\t\t'key' : 'c1158f160081d6540a8409e6925dab94',\r\n\t\t'format' : 'iframe',\r\n\t\t'height' : 250,\r\n\t\t'width' : 300,\r\n\t\t'params' : {}\r\n\t};\r\n<\/script>\r\n<script type=\"text\/javascript\" src=\"\/\/www.highperformanceformat.com\/c1158f160081d6540a8409e6925dab94\/invoke.js\"><\/script><\/div> <p>No Excel, quando precisar somar valores que n\u00e3o sejam iguais a crit\u00e9rios espec\u00edficos, voc\u00ea pode usar SUMIF ou SUMIFS. Ambas as fun\u00e7\u00f5es podem ser usadas dependendo dos dados que voc\u00ea possui. Neste tutorial, veremos ambas as situa\u00e7\u00f5es.<\/p><h2 class=\"wp-block-heading\"> SUMIF n\u00e3o \u00e9 igual a<\/h2><p> No exemplo a seguir temos uma lista de valores onde temos tr\u00eas valores que s\u00e3o 2.000, mas precisamos somar todos os outros valores. <\/p><div class=\"wp-block-image\"><figure class=\"aligncenter size-full is-resized\"><img loading=\"lazy\" decoding=\"async\" class=\"wp-image-66848\" src=\"https:\/\/exceladvisor.org\/wp-content\/uploads\/2023\/08\/1-somme-si-pas-egal-a.png\" sizes=\"auto, \" srcset=\"\" alt=\"soma diferente de\" width=\"251\" height=\"278\"><\/figure><\/div><p> Aqui usaremos SUMIF para obter o resultado.<\/p><pre class=\"wp-block-code\"> <code class=\"language-excel-formula\" lang=\"excel-formula\">=SUMIF(A2:A14,\"&lt;&gt;2000\",A2:A14)<\/code><\/pre><ol><li> Primeiro, em C1, insira \u201c=SUMIF\u201d e depois insira os par\u00eanteses iniciais. <br><img loading=\"lazy\" decoding=\"async\" title=\"F\u00f3rmula de 2 somas\" src=\"https:\/\/exceladvisor.org\/wp-content\/uploads\/2023\/08\/formule-2-sumif.png\" sizes=\"auto, \" srcset=\"\" alt=\"sumif-formula\" width=\"380\" height=\"299\"><\/li><li> A seguir, selecione o intervalo onde precisamos verificar os crit\u00e9rios (diferente de 2.000). <br><img loading=\"lazy\" decoding=\"async\" title=\"F\u00f3rmula de 3 intervalos dentro do sumif\" src=\"https:\/\/exceladvisor.org\/wp-content\/uploads\/2023\/08\/3-plage-dans-la-formule-sumif.png\" sizes=\"auto, \" srcset=\"\" alt=\"range-within-sumif-formula\" width=\"392\" height=\"293\"><\/li><li> Depois disso, insira os valores que queremos usar como crit\u00e9rio, ou seja, diferente de 2.000, e para isso devemos utilizar o operador diferente (sinal) e coloc\u00e1-lo entre aspas duplas. <br><img loading=\"lazy\" decoding=\"async\" title=\"4-inserir valores para usar como crit\u00e9rio\" src=\"https:\/\/exceladvisor.org\/wp-content\/uploads\/2023\/08\/4-entrez-les-valeurs-a-utiliser-comme-criteres.png\" sizes=\"auto, \" srcset=\"\" alt=\"enter-values-to-use-as-criteria\" width=\"397\" height=\"295\"><\/li><li> A partir daqui voc\u00ea precisa especificar o intervalo a partir do qual precisamos somar os valores. Agora, como usamos apenas um intervalo e o mesmo intervalo, precisamos us\u00e1-lo para obter a soma dos valores. <br><img loading=\"lazy\" decoding=\"async\" title=\"5 intervalos para adicionar valores\" src=\"https:\/\/exceladvisor.org\/wp-content\/uploads\/2023\/08\/5-plage-pour-additionner-les-valeurs.png\" sizes=\"auto, \" srcset=\"\" alt=\"range-to-sum-the-values\" width=\"430\" height=\"315\"><\/li><li> No final, insira par\u00eanteses de fechamento e pressione Enter. <br><img loading=\"lazy\" decoding=\"async\" title=\"6-enter-fechamento-par\u00eanteses\" src=\"https:\/\/exceladvisor.org\/wp-content\/uploads\/2023\/08\/6-entrez-les-parentheses-fermantes.png\" sizes=\"auto, \" srcset=\"\" alt=\"enter-closing-parentheses\" width=\"428\" height=\"316\"><\/li><\/ol><p> Como voc\u00ea pode ver temos 16.046 no resultado que \u00e9 o total de todos os valores que n\u00e3o s\u00e3o iguais a 2.000.<\/p><p class=\"qt-tip\"> <strong>Nota:<\/strong> [intervalo_soma] \u00e9 opcional, voc\u00ea pode ignorar sua especifica\u00e7\u00e3o e sempre retornar\u00e1 o total no resultado. <\/p><div class=\"wp-block-image\"><figure class=\"aligncenter size-full is-resized\"><img loading=\"lazy\" decoding=\"async\" class=\"wp-image-66854\" src=\"https:\/\/exceladvisor.org\/wp-content\/uploads\/2023\/08\/Plage-de-saut-de-la-formule-7-sumif.png\" sizes=\"auto, \" srcset=\"\" alt=\"sumif-f\u00f3rmula-skip-range\" width=\"423\" height=\"363\"><\/figure><\/div><pre class=\"wp-block-code\"> <code class=\"language-excel-formula\" lang=\"excel-formula\">=SUMIF(A2:A14,\"&lt;&gt;2000\")<\/code><\/pre><h2 class=\"wp-block-heading\"> SUMIFS n\u00e3o \u00e9 igual a v\u00e1rios valores (texto)<\/h2><p> Digamos que voc\u00ea precise adicionar valores usando v\u00e1rios valores diferentes. No exemplo a seguir temos a lista de produtos com quantidade, e voc\u00ea precisa somar os produtos que n\u00e3o s\u00e3o iguais a A e C. <\/p><div class=\"wp-block-image\"><figure class=\"aligncenter size-full is-resized\"><img loading=\"lazy\" decoding=\"async\" class=\"wp-image-66855\" src=\"https:\/\/exceladvisor.org\/wp-content\/uploads\/2023\/08\/8-sumifs-non-egaux-a-plusieurs-valeurs.png\" sizes=\"auto, \" srcset=\"\" alt=\"sumivos de valores m\u00faltiplos n\u00e3o iguais\" width=\"351\" height=\"337\"><\/figure><\/div><p> Voc\u00ea pode usar a seguinte f\u00f3rmula. <\/p><pre class=\"wp-block-code\"> <code class=\"language-excel-formula\" lang=\"excel-formula\">=SUMIFS(B2:B13,A2:A13,\"&lt;&gt;A\",A2:A13,\"&lt;&gt;C\")<\/code><\/pre><div class=\"wp-block-image\"><figure class=\"aligncenter size-full is-resized\"><img loading=\"lazy\" decoding=\"async\" class=\"wp-image-66856\" src=\"https:\/\/exceladvisor.org\/wp-content\/uploads\/2023\/08\/9-sumifs-multiples-non-egaux-aux-criteres.png\" sizes=\"auto, \" srcset=\"\" alt=\"m\u00faltiplas somas n\u00e3o iguais aos crit\u00e9rios\" width=\"492\" height=\"402\"><\/figure><\/div><p> Nas f\u00f3rmulas acima, usamos crit\u00e9rios m\u00faltiplos n\u00e3o iguais para obter a soma do restante dos valores.<\/p><div class=\"gb-container gb-container-0df56012 gb-container-mt\"> <a class=\"gb-button gb-button-f9f432f4 gb-button-text gb-button-mt-button\" href=\"https:\/\/exceladvisor.org\/pt\/formulas\/\">Lista de f\u00f3rmulas do Excel<\/a><h2 class=\"gb-headline gb-headline-233444e8 gb-headline-text gb-headline-mt-heading\"> F\u00f3rmulas relacionadas <\/h2><div class=\"gb-grid-wrapper gb-grid-wrapper-a16fa65c gb-grid-wrapper-mt-grid\"><div class=\"gb-grid-column gb-grid-column-50d07e0d\"><div class=\"gb-container gb-container-50d07e0d\"><ul><li> <a href=\"https:\/\/exceladvisor.org\/pt\/soma-dos-valores-entre-duas-datas\/\">Intervalo de datas SUMIFS (soma dos valores entre duas matrizes de datas)<\/a><\/li><li> <a href=\"https:\/\/exceladvisor.org\/pt\/sumif-vlookup\/\">Combine PROCV com SUMIF<\/a><\/li><li> <a href=\"https:\/\/exceladvisor.org\/pt\/soma-se-contem\/\">Soma SE a c\u00e9lula cont\u00e9m texto espec\u00edfico (texto parcial SUMIF)<\/a><\/li><li> <a href=\"https:\/\/exceladvisor.org\/pt\/sumif-ano-2\/\">Soma dos valores de acordo com o ano (Ano SUMIF)<\/a><\/li><li> <a href=\"https:\/\/exceladvisor.org\/pt\/soma-por-data\/\">SUMIF por data (soma dos valores com base em uma data)<\/a><\/li><\/ul><\/div><\/div><\/div><\/div>","protected":false},"excerpt":{"rendered":"","protected":false},"author":1,"featured_media":0,"parent":0,"menu_order":0,"comment_status":"open","ping_status":"closed","template":"","meta":{"ub_ctt_via":"","footnotes":""},"class_list":["post-571","page","type-page","status-publish","hentry"],"featured_image_src":null,"yoast_head":"<!-- This site is optimized with the Yoast SEO plugin v25.4 - https:\/\/yoast.com\/wordpress\/plugins\/seo\/ -->\n<title>Como adicionar valores n\u00e3o iguais? (SUMIF)<\/title>\n<meta name=\"description\" content=\"Aprenda diferentes maneiras de adicionar valores diferentes no Excel usando f\u00f3rmulas f\u00e1ceis de seguir.\" \/>\n<meta name=\"robots\" content=\"index, follow, max-snippet:-1, max-image-preview:large, max-video-preview:-1\" \/>\n<link rel=\"canonical\" href=\"https:\/\/exceladvisor.org\/pt\/sumivos-nao-sao-iguais\/\" \/>\n<meta property=\"og:locale\" content=\"pt_PT\" \/>\n<meta property=\"og:type\" content=\"article\" \/>\n<meta property=\"og:title\" content=\"Como adicionar valores n\u00e3o iguais? (SUMIF)\" \/>\n<meta property=\"og:description\" content=\"Aprenda diferentes maneiras de adicionar valores diferentes no Excel usando f\u00f3rmulas f\u00e1ceis de seguir.\" \/>\n<meta property=\"og:url\" content=\"https:\/\/exceladvisor.org\/pt\/sumivos-nao-sao-iguais\/\" \/>\n<meta property=\"og:site_name\" content=\"Excel Advisor\" \/>\n<meta property=\"article:modified_time\" content=\"2023-12-06T11:42:20+00:00\" \/>\n<meta property=\"og:image\" content=\"https:\/\/exceladvisor.org\/wp-content\/uploads\/2023\/08\/1-somme-si-pas-egal-a.png\" \/>\n<meta name=\"twitter:card\" content=\"summary_large_image\" \/>\n<meta name=\"twitter:label1\" content=\"Tempo estimado de leitura\" \/>\n\t<meta name=\"twitter:data1\" content=\"2 minutos\" \/>\n<script type=\"application\/ld+json\" class=\"yoast-schema-graph\">{\"@context\":\"https:\/\/schema.org\",\"@graph\":[{\"@type\":\"WebPage\",\"@id\":\"https:\/\/exceladvisor.org\/pt\/sumivos-nao-sao-iguais\/\",\"url\":\"https:\/\/exceladvisor.org\/pt\/sumivos-nao-sao-iguais\/\",\"name\":\"Como adicionar valores n\u00e3o iguais? (SUMIF)\",\"isPartOf\":{\"@id\":\"https:\/\/exceladvisor.org\/pt\/#website\"},\"primaryImageOfPage\":{\"@id\":\"https:\/\/exceladvisor.org\/pt\/sumivos-nao-sao-iguais\/#primaryimage\"},\"image\":{\"@id\":\"https:\/\/exceladvisor.org\/pt\/sumivos-nao-sao-iguais\/#primaryimage\"},\"thumbnailUrl\":\"https:\/\/exceladvisor.org\/wp-content\/uploads\/2023\/08\/1-somme-si-pas-egal-a.png\",\"datePublished\":\"2023-10-23T00:54:26+00:00\",\"dateModified\":\"2023-12-06T11:42:20+00:00\",\"description\":\"Aprenda diferentes maneiras de adicionar valores diferentes no Excel usando f\u00f3rmulas f\u00e1ceis de seguir.\",\"breadcrumb\":{\"@id\":\"https:\/\/exceladvisor.org\/pt\/sumivos-nao-sao-iguais\/#breadcrumb\"},\"inLanguage\":\"pt-PT\",\"potentialAction\":[{\"@type\":\"ReadAction\",\"target\":[\"https:\/\/exceladvisor.org\/pt\/sumivos-nao-sao-iguais\/\"]}]},{\"@type\":\"ImageObject\",\"inLanguage\":\"pt-PT\",\"@id\":\"https:\/\/exceladvisor.org\/pt\/sumivos-nao-sao-iguais\/#primaryimage\",\"url\":\"https:\/\/exceladvisor.org\/wp-content\/uploads\/2023\/08\/1-somme-si-pas-egal-a.png\",\"contentUrl\":\"https:\/\/exceladvisor.org\/wp-content\/uploads\/2023\/08\/1-somme-si-pas-egal-a.png\"},{\"@type\":\"BreadcrumbList\",\"@id\":\"https:\/\/exceladvisor.org\/pt\/sumivos-nao-sao-iguais\/#breadcrumb\",\"itemListElement\":[{\"@type\":\"ListItem\",\"position\":1,\"name\":\"Lar\",\"item\":\"https:\/\/exceladvisor.org\/pt\/\"},{\"@type\":\"ListItem\",\"position\":2,\"name\":\"Como somar valores diferentes no excel? (sumif)\"}]},{\"@type\":\"WebSite\",\"@id\":\"https:\/\/exceladvisor.org\/pt\/#website\",\"url\":\"https:\/\/exceladvisor.org\/pt\/\",\"name\":\"Excel Advisor\",\"description\":\"O seu guia definitivo para dominar os dados!\",\"publisher\":{\"@id\":\"https:\/\/exceladvisor.org\/pt\/#organization\"},\"potentialAction\":[{\"@type\":\"SearchAction\",\"target\":{\"@type\":\"EntryPoint\",\"urlTemplate\":\"https:\/\/exceladvisor.org\/pt\/?s={search_term_string}\"},\"query-input\":{\"@type\":\"PropertyValueSpecification\",\"valueRequired\":true,\"valueName\":\"search_term_string\"}}],\"inLanguage\":\"pt-PT\"},{\"@type\":\"Organization\",\"@id\":\"https:\/\/exceladvisor.org\/pt\/#organization\",\"name\":\"Excel Advisor\",\"url\":\"https:\/\/exceladvisor.org\/pt\/\",\"logo\":{\"@type\":\"ImageObject\",\"inLanguage\":\"pt-PT\",\"@id\":\"https:\/\/exceladvisor.org\/pt\/#\/schema\/logo\/image\/\",\"url\":\"https:\/\/exceladvisor.org\/pt\/wp-content\/uploads\/2023\/12\/exceladvisor.org_.png\",\"contentUrl\":\"https:\/\/exceladvisor.org\/pt\/wp-content\/uploads\/2023\/12\/exceladvisor.org_.png\",\"width\":105,\"height\":36,\"caption\":\"Excel Advisor\"},\"image\":{\"@id\":\"https:\/\/exceladvisor.org\/pt\/#\/schema\/logo\/image\/\"}}]}<\/script>\n<!-- \/ Yoast SEO plugin. -->","yoast_head_json":{"title":"Como adicionar valores n\u00e3o iguais? (SUMIF)","description":"Aprenda diferentes maneiras de adicionar valores diferentes no Excel usando f\u00f3rmulas f\u00e1ceis de seguir.","robots":{"index":"index","follow":"follow","max-snippet":"max-snippet:-1","max-image-preview":"max-image-preview:large","max-video-preview":"max-video-preview:-1"},"canonical":"https:\/\/exceladvisor.org\/pt\/sumivos-nao-sao-iguais\/","og_locale":"pt_PT","og_type":"article","og_title":"Como adicionar valores n\u00e3o iguais? (SUMIF)","og_description":"Aprenda diferentes maneiras de adicionar valores diferentes no Excel usando f\u00f3rmulas f\u00e1ceis de seguir.","og_url":"https:\/\/exceladvisor.org\/pt\/sumivos-nao-sao-iguais\/","og_site_name":"Excel Advisor","article_modified_time":"2023-12-06T11:42:20+00:00","og_image":[{"url":"https:\/\/exceladvisor.org\/wp-content\/uploads\/2023\/08\/1-somme-si-pas-egal-a.png","type":"","width":"","height":""}],"twitter_card":"summary_large_image","twitter_misc":{"Tempo estimado de leitura":"2 minutos"},"schema":{"@context":"https:\/\/schema.org","@graph":[{"@type":"WebPage","@id":"https:\/\/exceladvisor.org\/pt\/sumivos-nao-sao-iguais\/","url":"https:\/\/exceladvisor.org\/pt\/sumivos-nao-sao-iguais\/","name":"Como adicionar valores n\u00e3o iguais? (SUMIF)","isPartOf":{"@id":"https:\/\/exceladvisor.org\/pt\/#website"},"primaryImageOfPage":{"@id":"https:\/\/exceladvisor.org\/pt\/sumivos-nao-sao-iguais\/#primaryimage"},"image":{"@id":"https:\/\/exceladvisor.org\/pt\/sumivos-nao-sao-iguais\/#primaryimage"},"thumbnailUrl":"https:\/\/exceladvisor.org\/wp-content\/uploads\/2023\/08\/1-somme-si-pas-egal-a.png","datePublished":"2023-10-23T00:54:26+00:00","dateModified":"2023-12-06T11:42:20+00:00","description":"Aprenda diferentes maneiras de adicionar valores diferentes no Excel usando f\u00f3rmulas f\u00e1ceis de seguir.","breadcrumb":{"@id":"https:\/\/exceladvisor.org\/pt\/sumivos-nao-sao-iguais\/#breadcrumb"},"inLanguage":"pt-PT","potentialAction":[{"@type":"ReadAction","target":["https:\/\/exceladvisor.org\/pt\/sumivos-nao-sao-iguais\/"]}]},{"@type":"ImageObject","inLanguage":"pt-PT","@id":"https:\/\/exceladvisor.org\/pt\/sumivos-nao-sao-iguais\/#primaryimage","url":"https:\/\/exceladvisor.org\/wp-content\/uploads\/2023\/08\/1-somme-si-pas-egal-a.png","contentUrl":"https:\/\/exceladvisor.org\/wp-content\/uploads\/2023\/08\/1-somme-si-pas-egal-a.png"},{"@type":"BreadcrumbList","@id":"https:\/\/exceladvisor.org\/pt\/sumivos-nao-sao-iguais\/#breadcrumb","itemListElement":[{"@type":"ListItem","position":1,"name":"Lar","item":"https:\/\/exceladvisor.org\/pt\/"},{"@type":"ListItem","position":2,"name":"Como somar valores diferentes no excel? (sumif)"}]},{"@type":"WebSite","@id":"https:\/\/exceladvisor.org\/pt\/#website","url":"https:\/\/exceladvisor.org\/pt\/","name":"Excel Advisor","description":"O seu guia definitivo para dominar os dados!","publisher":{"@id":"https:\/\/exceladvisor.org\/pt\/#organization"},"potentialAction":[{"@type":"SearchAction","target":{"@type":"EntryPoint","urlTemplate":"https:\/\/exceladvisor.org\/pt\/?s={search_term_string}"},"query-input":{"@type":"PropertyValueSpecification","valueRequired":true,"valueName":"search_term_string"}}],"inLanguage":"pt-PT"},{"@type":"Organization","@id":"https:\/\/exceladvisor.org\/pt\/#organization","name":"Excel Advisor","url":"https:\/\/exceladvisor.org\/pt\/","logo":{"@type":"ImageObject","inLanguage":"pt-PT","@id":"https:\/\/exceladvisor.org\/pt\/#\/schema\/logo\/image\/","url":"https:\/\/exceladvisor.org\/pt\/wp-content\/uploads\/2023\/12\/exceladvisor.org_.png","contentUrl":"https:\/\/exceladvisor.org\/pt\/wp-content\/uploads\/2023\/12\/exceladvisor.org_.png","width":105,"height":36,"caption":"Excel Advisor"},"image":{"@id":"https:\/\/exceladvisor.org\/pt\/#\/schema\/logo\/image\/"}}]}},"yoast_meta":{"yoast_wpseo_title":"","yoast_wpseo_metadesc":"","yoast_wpseo_canonical":""},"_links":{"self":[{"href":"https:\/\/exceladvisor.org\/pt\/wp-json\/wp\/v2\/pages\/571","targetHints":{"allow":["GET"]}}],"collection":[{"href":"https:\/\/exceladvisor.org\/pt\/wp-json\/wp\/v2\/pages"}],"about":[{"href":"https:\/\/exceladvisor.org\/pt\/wp-json\/wp\/v2\/types\/page"}],"author":[{"embeddable":true,"href":"https:\/\/exceladvisor.org\/pt\/wp-json\/wp\/v2\/users\/1"}],"replies":[{"embeddable":true,"href":"https:\/\/exceladvisor.org\/pt\/wp-json\/wp\/v2\/comments?post=571"}],"version-history":[{"count":1,"href":"https:\/\/exceladvisor.org\/pt\/wp-json\/wp\/v2\/pages\/571\/revisions"}],"predecessor-version":[{"id":1201,"href":"https:\/\/exceladvisor.org\/pt\/wp-json\/wp\/v2\/pages\/571\/revisions\/1201"}],"wp:attachment":[{"href":"https:\/\/exceladvisor.org\/pt\/wp-json\/wp\/v2\/media?parent=571"}],"curies":[{"name":"wp","href":"https:\/\/api.w.org\/{rel}","templated":true}]}}