{"id":572,"date":"2023-10-23T00:01:03","date_gmt":"2023-10-23T00:01:03","guid":{"rendered":"https:\/\/exceladvisor.org\/pt\/contar-contra-contar\/"},"modified":"2023-12-06T11:51:29","modified_gmt":"2023-12-06T11:51:29","slug":"contar-contra-contar","status":"publish","type":"page","link":"https:\/\/exceladvisor.org\/pt\/contar-contra-contar\/","title":{"rendered":"Qual \u00e9 a diferen\u00e7a entre count e counta?"},"content":{"rendered":"<div class=\"excel-before-content-2\" id=\"excel-3966138278\"><script type=\"text\/javascript\">\r\n\tatOptions = {\r\n\t\t'key' : 'c1158f160081d6540a8409e6925dab94',\r\n\t\t'format' : 'iframe',\r\n\t\t'height' : 250,\r\n\t\t'width' : 300,\r\n\t\t'params' : {}\r\n\t};\r\n<\/script>\r\n<script type=\"text\/javascript\" src=\"\/\/www.highperformanceformat.com\/c1158f160081d6540a8409e6925dab94\/invoke.js\"><\/script><\/div><div class=\"excel-before-content\" id=\"excel-825937171\"><script type=\"text\/javascript\">\r\n\tatOptions = {\r\n\t\t'key' : 'c1158f160081d6540a8409e6925dab94',\r\n\t\t'format' : 'iframe',\r\n\t\t'height' : 250,\r\n\t\t'width' : 300,\r\n\t\t'params' : {}\r\n\t};\r\n<\/script>\r\n<script type=\"text\/javascript\" src=\"\/\/www.highperformanceformat.com\/c1158f160081d6540a8409e6925dab94\/invoke.js\"><\/script><\/div> <p>No Excel, existem duas fun\u00e7\u00f5es usadas com frequ\u00eancia, COUNT e COUNTA. Ambas as fun\u00e7\u00f5es funcionam da mesma forma, mas h\u00e1 uma grande diferen\u00e7a: voc\u00ea precisa saber como us\u00e1-las de maneira ideal.<\/p><ul><li> <strong>COUNT<\/strong> : Esta fun\u00e7\u00e3o conta as c\u00e9lulas onde voc\u00ea tem o n\u00famero como valor na c\u00e9lula. Por exemplo, se voc\u00ea tiver 5 c\u00e9lulas no intervalo A1:A10 com valores num\u00e9ricos, COUNT retornar\u00e1 5 no resultado.<\/li><li> <strong>COUNTA<\/strong> : Esta fun\u00e7\u00e3o conta as c\u00e9lulas onde voc\u00ea tem valores, ou seja, c\u00e9lulas que n\u00e3o est\u00e3o em branco ou em branco. Por exemplo, se voc\u00ea tiver 7 c\u00e9lulas no intervalo A1:A10 com valores, retornar\u00e1 7 no resultado. <\/li><\/ul><div class=\"wp-block-image\"><figure class=\"aligncenter size-full is-resized\"><img loading=\"lazy\" decoding=\"async\" class=\"wp-image-70604\" src=\"https:\/\/exceladvisor.org\/wp-content\/uploads\/2023\/08\/1-compte-contre-comptea.png\" sizes=\"auto, \" srcset=\"\" alt=\"contagem contra contagem\" width=\"480\" height=\"331\"><\/figure><\/div><h2 class=\"wp-block-heading\"> Exemplo para entender a diferen\u00e7a (COUNT vs. COUNTA)<\/h2><p> No exemplo a seguir, temos uma lista de valores na coluna A onde temos diferentes tipos de valores, incluindo n\u00fameros, texto, s\u00edmbolos e valores vazios. <\/p><div class=\"wp-block-image\"><figure class=\"aligncenter size-full is-resized\"><img loading=\"lazy\" decoding=\"async\" class=\"wp-image-70605\" src=\"https:\/\/exceladvisor.org\/wp-content\/uploads\/2023\/08\/2-cellules-avec-des-valeurs-differentes.png\" sizes=\"auto, \" srcset=\"\" alt=\"c\u00e9lulas com valores diferentes\" width=\"330\" height=\"427\"><\/figure><\/div><p> Agora quando voc\u00ea usa a fun\u00e7\u00e3o COUNT ela retorna 3 no resultado porque voc\u00ea tem apenas tr\u00eas valores de 9 que s\u00e3o n\u00fameros. <\/p><div class=\"wp-block-image\"><figure class=\"aligncenter size-full is-resized\"><img loading=\"lazy\" decoding=\"async\" class=\"wp-image-70606\" src=\"https:\/\/exceladvisor.org\/wp-content\/uploads\/2023\/08\/3-utiliser-la-formule-de-comptage.png\" sizes=\"auto, \" srcset=\"\" alt=\"use a f\u00f3rmula de contagem\" width=\"417\" height=\"403\"><\/figure><\/div><p> Mas quando voc\u00ea usa a fun\u00e7\u00e3o COUNTA para o mesmo intervalo, ela retorna 9 no resultado porque temos 9 c\u00e9lulas com o valor no intervalo. <\/p><div class=\"wp-block-image\"><figure class=\"aligncenter size-full is-resized\"><img loading=\"lazy\" decoding=\"async\" class=\"wp-image-70607\" src=\"https:\/\/exceladvisor.org\/wp-content\/uploads\/2023\/08\/4-utiliser-la-formule-counta.png\" sizes=\"auto, \" srcset=\"\" alt=\"usar f\u00f3rmula de contagem\" width=\"381\" height=\"390\"><\/figure><\/div><h2 class=\"wp-block-heading\"> Qual fun\u00e7\u00e3o \u00e9 melhor entre essas duas<\/h2><p> Ambas as fun\u00e7\u00f5es s\u00e3o \u00fateis e f\u00e1ceis de usar, mas, no cen\u00e1rio do mundo real, COUNTA faz mais sentido, pois pode ajud\u00e1-lo a contar c\u00e9lulas com valores mais frequentes do que contar c\u00e9lulas com n\u00famero. Mas isso n\u00e3o torna a fun\u00e7\u00e3o COUNT menos \u00fatil, as pessoas que analisam dados usam muito a fun\u00e7\u00e3o COUNT.<\/p><div class=\"gb-container gb-container-0df56012 gb-container-mt\"> <a class=\"gb-button gb-button-f9f432f4 gb-button-text gb-button-mt-button\" href=\"https:\/\/exceladvisor.org\/pt\/formulas\/\">Lista de f\u00f3rmulas do Excel<\/a><h2 class=\"gb-headline gb-headline-233444e8 gb-headline-text gb-headline-mt-heading\"> F\u00f3rmulas relacionadas <\/h2><div class=\"gb-grid-wrapper gb-grid-wrapper-a16fa65c gb-grid-wrapper-mt-grid\"><div class=\"gb-grid-column gb-grid-column-50d07e0d\"><div class=\"gb-container gb-container-50d07e0d\"><ul><li> <a href=\"https:\/\/exceladvisor.org\/pt\/contar-celulas-com-texto\/\">Conte c\u00e9lulas com texto no Excel<\/a><\/li><li> <a href=\"https:\/\/exceladvisor.org\/pt\/contar-caracteres-especificos\/\">Conte caracteres espec\u00edficos no Excel<\/a><\/li><li> <a href=\"https:\/\/exceladvisor.org\/pt\/contar-o-numero-total-de-celulas\/\">Conte o n\u00famero total de c\u00e9lulas em um intervalo no Excel<\/a><\/li><li> <a href=\"https:\/\/exceladvisor.org\/pt\/contar-valores-unicos-1\/\">Conte valores \u00fanicos no Excel<\/a><\/li><\/ul><\/div><\/div><\/div><\/div>","protected":false},"excerpt":{"rendered":"","protected":false},"author":1,"featured_media":0,"parent":0,"menu_order":0,"comment_status":"open","ping_status":"closed","template":"","meta":{"ub_ctt_via":"","footnotes":""},"class_list":["post-572","page","type-page","status-publish","hentry"],"featured_image_src":null,"yoast_head":"<!-- This site is optimized with the Yoast SEO plugin v25.4 - https:\/\/yoast.com\/wordpress\/plugins\/seo\/ -->\n<title>Qual \u00e9 a diferen\u00e7a entre COUNT e COUNTA no Excel?<\/title>\n<meta name=\"description\" content=\"Neste tutorial de f\u00f3rmula, aprenderemos a diferen\u00e7a entre a fun\u00e7\u00e3o COUNT e a fun\u00e7\u00e3o COUNTA que temos no Excel.\" \/>\n<meta name=\"robots\" content=\"index, follow, max-snippet:-1, max-image-preview:large, max-video-preview:-1\" \/>\n<link rel=\"canonical\" href=\"https:\/\/exceladvisor.org\/pt\/contar-contra-contar\/\" \/>\n<meta property=\"og:locale\" content=\"pt_PT\" \/>\n<meta property=\"og:type\" content=\"article\" \/>\n<meta property=\"og:title\" content=\"Qual \u00e9 a diferen\u00e7a entre COUNT e COUNTA no Excel?\" \/>\n<meta property=\"og:description\" content=\"Neste tutorial de f\u00f3rmula, aprenderemos a diferen\u00e7a entre a fun\u00e7\u00e3o COUNT e a fun\u00e7\u00e3o COUNTA que temos no Excel.\" \/>\n<meta property=\"og:url\" content=\"https:\/\/exceladvisor.org\/pt\/contar-contra-contar\/\" \/>\n<meta property=\"og:site_name\" content=\"Excel Advisor\" \/>\n<meta property=\"article:modified_time\" content=\"2023-12-06T11:51:29+00:00\" \/>\n<meta property=\"og:image\" content=\"https:\/\/exceladvisor.org\/wp-content\/uploads\/2023\/08\/1-compte-contre-comptea.png\" \/>\n<meta name=\"twitter:card\" content=\"summary_large_image\" \/>\n<meta name=\"twitter:label1\" content=\"Tempo estimado de leitura\" \/>\n\t<meta name=\"twitter:data1\" content=\"2 minutos\" \/>\n<script type=\"application\/ld+json\" class=\"yoast-schema-graph\">{\"@context\":\"https:\/\/schema.org\",\"@graph\":[{\"@type\":\"WebPage\",\"@id\":\"https:\/\/exceladvisor.org\/pt\/contar-contra-contar\/\",\"url\":\"https:\/\/exceladvisor.org\/pt\/contar-contra-contar\/\",\"name\":\"Qual \u00e9 a diferen\u00e7a entre COUNT e COUNTA no Excel?\",\"isPartOf\":{\"@id\":\"https:\/\/exceladvisor.org\/pt\/#website\"},\"primaryImageOfPage\":{\"@id\":\"https:\/\/exceladvisor.org\/pt\/contar-contra-contar\/#primaryimage\"},\"image\":{\"@id\":\"https:\/\/exceladvisor.org\/pt\/contar-contra-contar\/#primaryimage\"},\"thumbnailUrl\":\"https:\/\/exceladvisor.org\/wp-content\/uploads\/2023\/08\/1-compte-contre-comptea.png\",\"datePublished\":\"2023-10-23T00:01:03+00:00\",\"dateModified\":\"2023-12-06T11:51:29+00:00\",\"description\":\"Neste tutorial de f\u00f3rmula, aprenderemos a diferen\u00e7a entre a fun\u00e7\u00e3o COUNT e a fun\u00e7\u00e3o COUNTA que temos no Excel.\",\"breadcrumb\":{\"@id\":\"https:\/\/exceladvisor.org\/pt\/contar-contra-contar\/#breadcrumb\"},\"inLanguage\":\"pt-PT\",\"potentialAction\":[{\"@type\":\"ReadAction\",\"target\":[\"https:\/\/exceladvisor.org\/pt\/contar-contra-contar\/\"]}]},{\"@type\":\"ImageObject\",\"inLanguage\":\"pt-PT\",\"@id\":\"https:\/\/exceladvisor.org\/pt\/contar-contra-contar\/#primaryimage\",\"url\":\"https:\/\/exceladvisor.org\/wp-content\/uploads\/2023\/08\/1-compte-contre-comptea.png\",\"contentUrl\":\"https:\/\/exceladvisor.org\/wp-content\/uploads\/2023\/08\/1-compte-contre-comptea.png\"},{\"@type\":\"BreadcrumbList\",\"@id\":\"https:\/\/exceladvisor.org\/pt\/contar-contra-contar\/#breadcrumb\",\"itemListElement\":[{\"@type\":\"ListItem\",\"position\":1,\"name\":\"Lar\",\"item\":\"https:\/\/exceladvisor.org\/pt\/\"},{\"@type\":\"ListItem\",\"position\":2,\"name\":\"Qual \u00e9 a diferen\u00e7a entre count e counta?\"}]},{\"@type\":\"WebSite\",\"@id\":\"https:\/\/exceladvisor.org\/pt\/#website\",\"url\":\"https:\/\/exceladvisor.org\/pt\/\",\"name\":\"Excel Advisor\",\"description\":\"O seu guia definitivo para dominar os dados!\",\"publisher\":{\"@id\":\"https:\/\/exceladvisor.org\/pt\/#organization\"},\"potentialAction\":[{\"@type\":\"SearchAction\",\"target\":{\"@type\":\"EntryPoint\",\"urlTemplate\":\"https:\/\/exceladvisor.org\/pt\/?s={search_term_string}\"},\"query-input\":{\"@type\":\"PropertyValueSpecification\",\"valueRequired\":true,\"valueName\":\"search_term_string\"}}],\"inLanguage\":\"pt-PT\"},{\"@type\":\"Organization\",\"@id\":\"https:\/\/exceladvisor.org\/pt\/#organization\",\"name\":\"Excel Advisor\",\"url\":\"https:\/\/exceladvisor.org\/pt\/\",\"logo\":{\"@type\":\"ImageObject\",\"inLanguage\":\"pt-PT\",\"@id\":\"https:\/\/exceladvisor.org\/pt\/#\/schema\/logo\/image\/\",\"url\":\"https:\/\/exceladvisor.org\/pt\/wp-content\/uploads\/2023\/12\/exceladvisor.org_.png\",\"contentUrl\":\"https:\/\/exceladvisor.org\/pt\/wp-content\/uploads\/2023\/12\/exceladvisor.org_.png\",\"width\":105,\"height\":36,\"caption\":\"Excel Advisor\"},\"image\":{\"@id\":\"https:\/\/exceladvisor.org\/pt\/#\/schema\/logo\/image\/\"}}]}<\/script>\n<!-- \/ Yoast SEO plugin. -->","yoast_head_json":{"title":"Qual \u00e9 a diferen\u00e7a entre COUNT e COUNTA no Excel?","description":"Neste tutorial de f\u00f3rmula, aprenderemos a diferen\u00e7a entre a fun\u00e7\u00e3o COUNT e a fun\u00e7\u00e3o COUNTA que temos no Excel.","robots":{"index":"index","follow":"follow","max-snippet":"max-snippet:-1","max-image-preview":"max-image-preview:large","max-video-preview":"max-video-preview:-1"},"canonical":"https:\/\/exceladvisor.org\/pt\/contar-contra-contar\/","og_locale":"pt_PT","og_type":"article","og_title":"Qual \u00e9 a diferen\u00e7a entre COUNT e COUNTA no Excel?","og_description":"Neste tutorial de f\u00f3rmula, aprenderemos a diferen\u00e7a entre a fun\u00e7\u00e3o COUNT e a fun\u00e7\u00e3o COUNTA que temos no Excel.","og_url":"https:\/\/exceladvisor.org\/pt\/contar-contra-contar\/","og_site_name":"Excel Advisor","article_modified_time":"2023-12-06T11:51:29+00:00","og_image":[{"url":"https:\/\/exceladvisor.org\/wp-content\/uploads\/2023\/08\/1-compte-contre-comptea.png","type":"","width":"","height":""}],"twitter_card":"summary_large_image","twitter_misc":{"Tempo estimado de leitura":"2 minutos"},"schema":{"@context":"https:\/\/schema.org","@graph":[{"@type":"WebPage","@id":"https:\/\/exceladvisor.org\/pt\/contar-contra-contar\/","url":"https:\/\/exceladvisor.org\/pt\/contar-contra-contar\/","name":"Qual \u00e9 a diferen\u00e7a entre COUNT e COUNTA no Excel?","isPartOf":{"@id":"https:\/\/exceladvisor.org\/pt\/#website"},"primaryImageOfPage":{"@id":"https:\/\/exceladvisor.org\/pt\/contar-contra-contar\/#primaryimage"},"image":{"@id":"https:\/\/exceladvisor.org\/pt\/contar-contra-contar\/#primaryimage"},"thumbnailUrl":"https:\/\/exceladvisor.org\/wp-content\/uploads\/2023\/08\/1-compte-contre-comptea.png","datePublished":"2023-10-23T00:01:03+00:00","dateModified":"2023-12-06T11:51:29+00:00","description":"Neste tutorial de f\u00f3rmula, aprenderemos a diferen\u00e7a entre a fun\u00e7\u00e3o COUNT e a fun\u00e7\u00e3o COUNTA que temos no Excel.","breadcrumb":{"@id":"https:\/\/exceladvisor.org\/pt\/contar-contra-contar\/#breadcrumb"},"inLanguage":"pt-PT","potentialAction":[{"@type":"ReadAction","target":["https:\/\/exceladvisor.org\/pt\/contar-contra-contar\/"]}]},{"@type":"ImageObject","inLanguage":"pt-PT","@id":"https:\/\/exceladvisor.org\/pt\/contar-contra-contar\/#primaryimage","url":"https:\/\/exceladvisor.org\/wp-content\/uploads\/2023\/08\/1-compte-contre-comptea.png","contentUrl":"https:\/\/exceladvisor.org\/wp-content\/uploads\/2023\/08\/1-compte-contre-comptea.png"},{"@type":"BreadcrumbList","@id":"https:\/\/exceladvisor.org\/pt\/contar-contra-contar\/#breadcrumb","itemListElement":[{"@type":"ListItem","position":1,"name":"Lar","item":"https:\/\/exceladvisor.org\/pt\/"},{"@type":"ListItem","position":2,"name":"Qual \u00e9 a diferen\u00e7a entre count e counta?"}]},{"@type":"WebSite","@id":"https:\/\/exceladvisor.org\/pt\/#website","url":"https:\/\/exceladvisor.org\/pt\/","name":"Excel Advisor","description":"O seu guia definitivo para dominar os dados!","publisher":{"@id":"https:\/\/exceladvisor.org\/pt\/#organization"},"potentialAction":[{"@type":"SearchAction","target":{"@type":"EntryPoint","urlTemplate":"https:\/\/exceladvisor.org\/pt\/?s={search_term_string}"},"query-input":{"@type":"PropertyValueSpecification","valueRequired":true,"valueName":"search_term_string"}}],"inLanguage":"pt-PT"},{"@type":"Organization","@id":"https:\/\/exceladvisor.org\/pt\/#organization","name":"Excel Advisor","url":"https:\/\/exceladvisor.org\/pt\/","logo":{"@type":"ImageObject","inLanguage":"pt-PT","@id":"https:\/\/exceladvisor.org\/pt\/#\/schema\/logo\/image\/","url":"https:\/\/exceladvisor.org\/pt\/wp-content\/uploads\/2023\/12\/exceladvisor.org_.png","contentUrl":"https:\/\/exceladvisor.org\/pt\/wp-content\/uploads\/2023\/12\/exceladvisor.org_.png","width":105,"height":36,"caption":"Excel Advisor"},"image":{"@id":"https:\/\/exceladvisor.org\/pt\/#\/schema\/logo\/image\/"}}]}},"yoast_meta":{"yoast_wpseo_title":"","yoast_wpseo_metadesc":"","yoast_wpseo_canonical":""},"_links":{"self":[{"href":"https:\/\/exceladvisor.org\/pt\/wp-json\/wp\/v2\/pages\/572","targetHints":{"allow":["GET"]}}],"collection":[{"href":"https:\/\/exceladvisor.org\/pt\/wp-json\/wp\/v2\/pages"}],"about":[{"href":"https:\/\/exceladvisor.org\/pt\/wp-json\/wp\/v2\/types\/page"}],"author":[{"embeddable":true,"href":"https:\/\/exceladvisor.org\/pt\/wp-json\/wp\/v2\/users\/1"}],"replies":[{"embeddable":true,"href":"https:\/\/exceladvisor.org\/pt\/wp-json\/wp\/v2\/comments?post=572"}],"version-history":[{"count":1,"href":"https:\/\/exceladvisor.org\/pt\/wp-json\/wp\/v2\/pages\/572\/revisions"}],"predecessor-version":[{"id":1478,"href":"https:\/\/exceladvisor.org\/pt\/wp-json\/wp\/v2\/pages\/572\/revisions\/1478"}],"wp:attachment":[{"href":"https:\/\/exceladvisor.org\/pt\/wp-json\/wp\/v2\/media?parent=572"}],"curies":[{"name":"wp","href":"https:\/\/api.w.org\/{rel}","templated":true}]}}