{"id":573,"date":"2023-10-22T23:58:21","date_gmt":"2023-10-22T23:58:21","guid":{"rendered":"https:\/\/exceladvisor.org\/pt\/maior-que-igual-a\/"},"modified":"2023-12-06T11:50:11","modified_gmt":"2023-12-06T11:50:11","slug":"maior-que-igual-a","status":"publish","type":"page","link":"https:\/\/exceladvisor.org\/pt\/maior-que-igual-a\/","title":{"rendered":"Como usar o operador maior que (&gt;) e igual a (=)?"},"content":{"rendered":"<div class=\"excel-before-content-2\" id=\"excel-2738362676\"><script type=\"text\/javascript\">\r\n\tatOptions = {\r\n\t\t'key' : 'c1158f160081d6540a8409e6925dab94',\r\n\t\t'format' : 'iframe',\r\n\t\t'height' : 250,\r\n\t\t'width' : 300,\r\n\t\t'params' : {}\r\n\t};\r\n<\/script>\r\n<script type=\"text\/javascript\" src=\"\/\/www.highperformanceformat.com\/c1158f160081d6540a8409e6925dab94\/invoke.js\"><\/script><\/div><div class=\"excel-before-content\" id=\"excel-3810996458\"><script type=\"text\/javascript\">\r\n\tatOptions = {\r\n\t\t'key' : 'c1158f160081d6540a8409e6925dab94',\r\n\t\t'format' : 'iframe',\r\n\t\t'height' : 250,\r\n\t\t'width' : 300,\r\n\t\t'params' : {}\r\n\t};\r\n<\/script>\r\n<script type=\"text\/javascript\" src=\"\/\/www.highperformanceformat.com\/c1158f160081d6540a8409e6925dab94\/invoke.js\"><\/script><\/div> <p>Voc\u00ea pode usar o operador maior que e igual a no Excel para testar uma condi\u00e7\u00e3o l\u00f3gica.<\/p><ul><li> Maior que: &gt;<\/li><li> Igual a: =<\/li><li> Maior ou igual a: ( <strong>&gt;=<\/strong> ) <\/li><\/ul><div class=\"wp-block-image\"><figure class=\"aligncenter size-full is-resized\"><img loading=\"lazy\" decoding=\"async\" class=\"wp-image-84427\" src=\"https:\/\/exceladvisor.org\/wp-content\/uploads\/2023\/08\/1-superieur-a-egal-aux-symboles.png\" sizes=\"auto, \" srcset=\"\" alt=\"s\u00edmbolos maiores que iguais a\" width=\"515\" height=\"272\"><\/figure><\/div><p> E neste tutorial, veremos exemplos para entender isso.<\/p><h2 class=\"wp-block-heading\"> Escreva uma f\u00f3rmula usando Maior ou igual a<\/h2><ol type=\"1\"><li> Digite = em uma c\u00e9lula para iniciar a f\u00f3rmula.<\/li><li> Insira o primeiro valor ou consulte a c\u00e9lula.<\/li><li> Digite (&gt;=).<\/li><li> Insira o segundo valor ou consulte a c\u00e9lula.<\/li><li> Pressione Enter para obter o resultado. <\/li><\/ol><div class=\"wp-block-image\"><figure class=\"aligncenter size-full is-resized\"><img loading=\"lazy\" decoding=\"async\" class=\"wp-image-84428\" src=\"https:\/\/exceladvisor.org\/wp-content\/uploads\/2023\/08\/2-formule-utilisant-superieur-et-egal-a.png\" sizes=\"auto, \" srcset=\"\" alt=\"f\u00f3rmula usando maior e igual a\" width=\"550\" height=\"231\"><\/figure><\/div><p> Ao usar o operador maior ou igual a, voc\u00ea deve primeiro fazer refer\u00eancia ao valor que deseja testar. No exemplo acima, testamos 4, ent\u00e3o nos referimos a ele primeiro.<\/p><h2 class=\"wp-block-heading\"> Somente maior que (&gt;)<\/h2><p> O operador maior que no Excel \u00e9 o que voc\u00ea usa em seus c\u00e1lculos matem\u00e1ticos. Voc\u00ea pode inserir este operador no teclado. No exemplo abaixo voc\u00ea pode ver que temos uma condi\u00e7\u00e3o para testar se 4 \u00e9 maior que 3, e no resultado temos VERDADEIRO. <\/p><div class=\"wp-block-image\"><figure class=\"aligncenter size-full is-resized\"><img loading=\"lazy\" decoding=\"async\" class=\"wp-image-84429\" src=\"https:\/\/exceladvisor.org\/wp-content\/uploads\/2023\/08\/3-conditions-a-tester.png\" sizes=\"auto, \" srcset=\"\" alt=\"condi\u00e7\u00e3o para testar\" width=\"447\" height=\"253\"><\/figure><\/div><p> E no resultado temos VERDADEIRO, o que significa que a condi\u00e7\u00e3o \u00e9 VERDADEIRA 4 \u00e9 maior que 3.<\/p><h2 class=\"wp-block-heading\"> Apenas igual a (=)<\/h2><p> Voc\u00ea tamb\u00e9m pode testar uma condi\u00e7\u00e3o apenas com o sinal de igual (=). Ent\u00e3o no exemplo abaixo temos (=4=3) onde testamos se 4 \u00e9 igual a 3. <\/p><div class=\"wp-block-image\"><figure class=\"aligncenter size-full\"><img loading=\"lazy\" decoding=\"async\" class=\"wp-image-84430\" src=\"https:\/\/exceladvisor.org\/wp-content\/uploads\/2023\/08\/4-conditions-a-tester-avec-seulement-egal-a.png\" sizes=\"auto, \" srcset=\"\" alt=\"condi\u00e7\u00e3o para testar apenas com igual a\" width=\"529\" height=\"267\"><\/figure><\/div><p> No resultado temos FALSO porque 4 n\u00e3o \u00e9 igual a 3.<\/p>","protected":false},"excerpt":{"rendered":"","protected":false},"author":1,"featured_media":0,"parent":0,"menu_order":0,"comment_status":"open","ping_status":"closed","template":"","meta":{"ub_ctt_via":"","footnotes":""},"class_list":["post-573","page","type-page","status-publish","hentry"],"featured_image_src":null,"yoast_head":"<!-- This site is optimized with the Yoast SEO plugin v25.4 - https:\/\/yoast.com\/wordpress\/plugins\/seo\/ -->\n<title>Como usar o operador maior que (&gt;) e igual a (=)?<\/title>\n<meta name=\"description\" content=\"Este tutorial ir\u00e1 ensin\u00e1-lo a escrever uma f\u00f3rmula do Excel para usar o operador maior que (&gt;) e igual a (=) no Excel. Vamos verificar isso\u2026\" \/>\n<meta name=\"robots\" content=\"index, follow, max-snippet:-1, max-image-preview:large, max-video-preview:-1\" \/>\n<link rel=\"canonical\" href=\"https:\/\/exceladvisor.org\/pt\/maior-que-igual-a\/\" \/>\n<meta property=\"og:locale\" content=\"pt_PT\" \/>\n<meta property=\"og:type\" content=\"article\" \/>\n<meta property=\"og:title\" content=\"Como usar o operador maior que (&gt;) e igual a (=)?\" \/>\n<meta property=\"og:description\" content=\"Este tutorial ir\u00e1 ensin\u00e1-lo a escrever uma f\u00f3rmula do Excel para usar o operador maior que (&gt;) e igual a (=) no Excel. Vamos verificar isso\u2026\" \/>\n<meta property=\"og:url\" content=\"https:\/\/exceladvisor.org\/pt\/maior-que-igual-a\/\" \/>\n<meta property=\"og:site_name\" content=\"Excel Advisor\" \/>\n<meta property=\"article:modified_time\" content=\"2023-12-06T11:50:11+00:00\" \/>\n<meta property=\"og:image\" content=\"https:\/\/exceladvisor.org\/wp-content\/uploads\/2023\/08\/1-superieur-a-egal-aux-symboles.png\" \/>\n<meta name=\"twitter:card\" content=\"summary_large_image\" \/>\n<meta name=\"twitter:label1\" content=\"Tempo estimado de leitura\" \/>\n\t<meta name=\"twitter:data1\" content=\"1 minuto\" \/>\n<script type=\"application\/ld+json\" class=\"yoast-schema-graph\">{\"@context\":\"https:\/\/schema.org\",\"@graph\":[{\"@type\":\"WebPage\",\"@id\":\"https:\/\/exceladvisor.org\/pt\/maior-que-igual-a\/\",\"url\":\"https:\/\/exceladvisor.org\/pt\/maior-que-igual-a\/\",\"name\":\"Como usar o operador maior que (&gt;) e igual a (=)?\",\"isPartOf\":{\"@id\":\"https:\/\/exceladvisor.org\/pt\/#website\"},\"primaryImageOfPage\":{\"@id\":\"https:\/\/exceladvisor.org\/pt\/maior-que-igual-a\/#primaryimage\"},\"image\":{\"@id\":\"https:\/\/exceladvisor.org\/pt\/maior-que-igual-a\/#primaryimage\"},\"thumbnailUrl\":\"https:\/\/exceladvisor.org\/wp-content\/uploads\/2023\/08\/1-superieur-a-egal-aux-symboles.png\",\"datePublished\":\"2023-10-22T23:58:21+00:00\",\"dateModified\":\"2023-12-06T11:50:11+00:00\",\"description\":\"Este tutorial ir\u00e1 ensin\u00e1-lo a escrever uma f\u00f3rmula do Excel para usar o operador maior que (&gt;) e igual a (=) no Excel. Vamos verificar isso\u2026\",\"breadcrumb\":{\"@id\":\"https:\/\/exceladvisor.org\/pt\/maior-que-igual-a\/#breadcrumb\"},\"inLanguage\":\"pt-PT\",\"potentialAction\":[{\"@type\":\"ReadAction\",\"target\":[\"https:\/\/exceladvisor.org\/pt\/maior-que-igual-a\/\"]}]},{\"@type\":\"ImageObject\",\"inLanguage\":\"pt-PT\",\"@id\":\"https:\/\/exceladvisor.org\/pt\/maior-que-igual-a\/#primaryimage\",\"url\":\"https:\/\/exceladvisor.org\/wp-content\/uploads\/2023\/08\/1-superieur-a-egal-aux-symboles.png\",\"contentUrl\":\"https:\/\/exceladvisor.org\/wp-content\/uploads\/2023\/08\/1-superieur-a-egal-aux-symboles.png\"},{\"@type\":\"BreadcrumbList\",\"@id\":\"https:\/\/exceladvisor.org\/pt\/maior-que-igual-a\/#breadcrumb\",\"itemListElement\":[{\"@type\":\"ListItem\",\"position\":1,\"name\":\"Lar\",\"item\":\"https:\/\/exceladvisor.org\/pt\/\"},{\"@type\":\"ListItem\",\"position\":2,\"name\":\"Como usar o operador maior que (&gt;) e igual a (=)?\"}]},{\"@type\":\"WebSite\",\"@id\":\"https:\/\/exceladvisor.org\/pt\/#website\",\"url\":\"https:\/\/exceladvisor.org\/pt\/\",\"name\":\"Excel Advisor\",\"description\":\"O seu guia definitivo para dominar os dados!\",\"publisher\":{\"@id\":\"https:\/\/exceladvisor.org\/pt\/#organization\"},\"potentialAction\":[{\"@type\":\"SearchAction\",\"target\":{\"@type\":\"EntryPoint\",\"urlTemplate\":\"https:\/\/exceladvisor.org\/pt\/?s={search_term_string}\"},\"query-input\":{\"@type\":\"PropertyValueSpecification\",\"valueRequired\":true,\"valueName\":\"search_term_string\"}}],\"inLanguage\":\"pt-PT\"},{\"@type\":\"Organization\",\"@id\":\"https:\/\/exceladvisor.org\/pt\/#organization\",\"name\":\"Excel Advisor\",\"url\":\"https:\/\/exceladvisor.org\/pt\/\",\"logo\":{\"@type\":\"ImageObject\",\"inLanguage\":\"pt-PT\",\"@id\":\"https:\/\/exceladvisor.org\/pt\/#\/schema\/logo\/image\/\",\"url\":\"https:\/\/exceladvisor.org\/pt\/wp-content\/uploads\/2023\/12\/exceladvisor.org_.png\",\"contentUrl\":\"https:\/\/exceladvisor.org\/pt\/wp-content\/uploads\/2023\/12\/exceladvisor.org_.png\",\"width\":105,\"height\":36,\"caption\":\"Excel Advisor\"},\"image\":{\"@id\":\"https:\/\/exceladvisor.org\/pt\/#\/schema\/logo\/image\/\"}}]}<\/script>\n<!-- \/ Yoast SEO plugin. -->","yoast_head_json":{"title":"Como usar o operador maior que (&gt;) e igual a (=)?","description":"Este tutorial ir\u00e1 ensin\u00e1-lo a escrever uma f\u00f3rmula do Excel para usar o operador maior que (&gt;) e igual a (=) no Excel. Vamos verificar isso\u2026","robots":{"index":"index","follow":"follow","max-snippet":"max-snippet:-1","max-image-preview":"max-image-preview:large","max-video-preview":"max-video-preview:-1"},"canonical":"https:\/\/exceladvisor.org\/pt\/maior-que-igual-a\/","og_locale":"pt_PT","og_type":"article","og_title":"Como usar o operador maior que (&gt;) e igual a (=)?","og_description":"Este tutorial ir\u00e1 ensin\u00e1-lo a escrever uma f\u00f3rmula do Excel para usar o operador maior que (&gt;) e igual a (=) no Excel. Vamos verificar isso\u2026","og_url":"https:\/\/exceladvisor.org\/pt\/maior-que-igual-a\/","og_site_name":"Excel Advisor","article_modified_time":"2023-12-06T11:50:11+00:00","og_image":[{"url":"https:\/\/exceladvisor.org\/wp-content\/uploads\/2023\/08\/1-superieur-a-egal-aux-symboles.png","type":"","width":"","height":""}],"twitter_card":"summary_large_image","twitter_misc":{"Tempo estimado de leitura":"1 minuto"},"schema":{"@context":"https:\/\/schema.org","@graph":[{"@type":"WebPage","@id":"https:\/\/exceladvisor.org\/pt\/maior-que-igual-a\/","url":"https:\/\/exceladvisor.org\/pt\/maior-que-igual-a\/","name":"Como usar o operador maior que (&gt;) e igual a (=)?","isPartOf":{"@id":"https:\/\/exceladvisor.org\/pt\/#website"},"primaryImageOfPage":{"@id":"https:\/\/exceladvisor.org\/pt\/maior-que-igual-a\/#primaryimage"},"image":{"@id":"https:\/\/exceladvisor.org\/pt\/maior-que-igual-a\/#primaryimage"},"thumbnailUrl":"https:\/\/exceladvisor.org\/wp-content\/uploads\/2023\/08\/1-superieur-a-egal-aux-symboles.png","datePublished":"2023-10-22T23:58:21+00:00","dateModified":"2023-12-06T11:50:11+00:00","description":"Este tutorial ir\u00e1 ensin\u00e1-lo a escrever uma f\u00f3rmula do Excel para usar o operador maior que (&gt;) e igual a (=) no Excel. Vamos verificar isso\u2026","breadcrumb":{"@id":"https:\/\/exceladvisor.org\/pt\/maior-que-igual-a\/#breadcrumb"},"inLanguage":"pt-PT","potentialAction":[{"@type":"ReadAction","target":["https:\/\/exceladvisor.org\/pt\/maior-que-igual-a\/"]}]},{"@type":"ImageObject","inLanguage":"pt-PT","@id":"https:\/\/exceladvisor.org\/pt\/maior-que-igual-a\/#primaryimage","url":"https:\/\/exceladvisor.org\/wp-content\/uploads\/2023\/08\/1-superieur-a-egal-aux-symboles.png","contentUrl":"https:\/\/exceladvisor.org\/wp-content\/uploads\/2023\/08\/1-superieur-a-egal-aux-symboles.png"},{"@type":"BreadcrumbList","@id":"https:\/\/exceladvisor.org\/pt\/maior-que-igual-a\/#breadcrumb","itemListElement":[{"@type":"ListItem","position":1,"name":"Lar","item":"https:\/\/exceladvisor.org\/pt\/"},{"@type":"ListItem","position":2,"name":"Como usar o operador maior que (&gt;) e igual a (=)?"}]},{"@type":"WebSite","@id":"https:\/\/exceladvisor.org\/pt\/#website","url":"https:\/\/exceladvisor.org\/pt\/","name":"Excel Advisor","description":"O seu guia definitivo para dominar os dados!","publisher":{"@id":"https:\/\/exceladvisor.org\/pt\/#organization"},"potentialAction":[{"@type":"SearchAction","target":{"@type":"EntryPoint","urlTemplate":"https:\/\/exceladvisor.org\/pt\/?s={search_term_string}"},"query-input":{"@type":"PropertyValueSpecification","valueRequired":true,"valueName":"search_term_string"}}],"inLanguage":"pt-PT"},{"@type":"Organization","@id":"https:\/\/exceladvisor.org\/pt\/#organization","name":"Excel Advisor","url":"https:\/\/exceladvisor.org\/pt\/","logo":{"@type":"ImageObject","inLanguage":"pt-PT","@id":"https:\/\/exceladvisor.org\/pt\/#\/schema\/logo\/image\/","url":"https:\/\/exceladvisor.org\/pt\/wp-content\/uploads\/2023\/12\/exceladvisor.org_.png","contentUrl":"https:\/\/exceladvisor.org\/pt\/wp-content\/uploads\/2023\/12\/exceladvisor.org_.png","width":105,"height":36,"caption":"Excel Advisor"},"image":{"@id":"https:\/\/exceladvisor.org\/pt\/#\/schema\/logo\/image\/"}}]}},"yoast_meta":{"yoast_wpseo_title":"","yoast_wpseo_metadesc":"","yoast_wpseo_canonical":""},"_links":{"self":[{"href":"https:\/\/exceladvisor.org\/pt\/wp-json\/wp\/v2\/pages\/573","targetHints":{"allow":["GET"]}}],"collection":[{"href":"https:\/\/exceladvisor.org\/pt\/wp-json\/wp\/v2\/pages"}],"about":[{"href":"https:\/\/exceladvisor.org\/pt\/wp-json\/wp\/v2\/types\/page"}],"author":[{"embeddable":true,"href":"https:\/\/exceladvisor.org\/pt\/wp-json\/wp\/v2\/users\/1"}],"replies":[{"embeddable":true,"href":"https:\/\/exceladvisor.org\/pt\/wp-json\/wp\/v2\/comments?post=573"}],"version-history":[{"count":1,"href":"https:\/\/exceladvisor.org\/pt\/wp-json\/wp\/v2\/pages\/573\/revisions"}],"predecessor-version":[{"id":1369,"href":"https:\/\/exceladvisor.org\/pt\/wp-json\/wp\/v2\/pages\/573\/revisions\/1369"}],"wp:attachment":[{"href":"https:\/\/exceladvisor.org\/pt\/wp-json\/wp\/v2\/media?parent=573"}],"curies":[{"name":"wp","href":"https:\/\/api.w.org\/{rel}","templated":true}]}}