{"id":575,"date":"2023-10-22T20:08:02","date_gmt":"2023-10-22T20:08:02","guid":{"rendered":"https:\/\/exceladvisor.org\/pt\/tabela-de-classificacao\/"},"modified":"2023-12-06T11:35:17","modified_gmt":"2023-12-06T11:35:17","slug":"tabela-de-classificacao","status":"publish","type":"page","link":"https:\/\/exceladvisor.org\/pt\/tabela-de-classificacao\/","title":{"rendered":"Como classificar um array em vba?"},"content":{"rendered":"<div class=\"excel-before-content-2\" id=\"excel-3350285666\"><script type=\"text\/javascript\">\r\n\tatOptions = {\r\n\t\t'key' : 'c1158f160081d6540a8409e6925dab94',\r\n\t\t'format' : 'iframe',\r\n\t\t'height' : 250,\r\n\t\t'width' : 300,\r\n\t\t'params' : {}\r\n\t};\r\n<\/script>\r\n<script type=\"text\/javascript\" src=\"\/\/www.highperformanceformat.com\/c1158f160081d6540a8409e6925dab94\/invoke.js\"><\/script><\/div><div class=\"excel-before-content\" id=\"excel-2891252496\"><script type=\"text\/javascript\">\r\n\tatOptions = {\r\n\t\t'key' : 'c1158f160081d6540a8409e6925dab94',\r\n\t\t'format' : 'iframe',\r\n\t\t'height' : 250,\r\n\t\t'width' : 300,\r\n\t\t'params' : {}\r\n\t};\r\n<\/script>\r\n<script type=\"text\/javascript\" src=\"\/\/www.highperformanceformat.com\/c1158f160081d6540a8409e6925dab94\/invoke.js\"><\/script><\/div> <p>Para classificar um array no VBA, voc\u00ea precisa escrever um c\u00f3digo no qual possa combinar o primeiro elemento do array com o pr\u00f3ximo e troc\u00e1-los se o primeiro vier antes. Voc\u00ea precisa de um <a href=\"https:\/\/exceladvisor.org\/pt\/para-o-circuito\/\">loop FOR (For Next)<\/a> para isso e a fun\u00e7\u00e3o UCASE .<\/p><p> Neste tutorial, veremos as duas formas (AZ e ZA) de ordenar os elementos de um array.<\/p><h2 class=\"wp-block-heading\"> Classificar uma matriz (AZ)<\/h2><p> No c\u00f3digo abaixo, voc\u00ea tem um array com cinco elementos, e esses elementos possuem valores que variam de E a A, e agora precisamos ordenar na ordem AZ. <\/p><div class=\"wp-block-image\"><figure class=\"aligncenter size-large is-resized\"><img loading=\"lazy\" decoding=\"async\" class=\"wp-image-57136\" src=\"https:\/\/exceladvisor.org\/wp-content\/uploads\/2023\/08\/1-trier-un-tableau-1.png\" sizes=\"auto, \" srcset=\"\" alt=\"ordenar um array-1\" width=\"415\" height=\"411\"><\/figure><\/div><p> <strong>Etapas para classificar um array<\/strong><\/p><ol type=\"1\"><li> Primeiro, voc\u00ea precisa escrever um loop aninhado com For Next usando os limites superior e inferior do array.<\/li><li> Depois disso, neste loop, voc\u00ea precisa usar <a href=\"https:\/\/exceladvisor.org\/pt\/se-2\/\">a instru\u00e7\u00e3o VBA IF<\/a> para comparar os dois elementos.<\/li><li> A partir da\u00ed, se o primeiro elemento vier antes do pr\u00f3ximo elemento, voc\u00ea precisar\u00e1 troc\u00e1-los salvando seus valores em vari\u00e1veis.<\/li><li> No final, use a palavra-chave \u201cNext\u201d para completar o loop. <\/li><\/ol><div class=\"wp-block-image\"><figure class=\"aligncenter size-large is-resized\"><img loading=\"lazy\" decoding=\"async\" class=\"wp-image-57137\" src=\"https:\/\/exceladvisor.org\/wp-content\/uploads\/2023\/08\/2-boucles-imbriquees-avec-pour-les-2-suivantes.png\" sizes=\"auto, \" srcset=\"\" alt=\"\" width=\"626\" height=\"324\"><\/figure><\/div><pre class=\"wp-block-code\"> <code class=\"language-visual-basic\" lang=\"visual-basic\">Option Base 1 Sub vba_sort_array_a_to_z() Dim myArray() As Variant ReDim myArray(5) Dim i As Integer Dim j As Integer Dim Temp As String myArray(1) = \"E\" myArray(2) = \"D\" myArray(3) = \"C\" myArray(4) = \"B\" myArray(5) = \"A\" 'sorting array from A to Z For i = LBound(myArray) To UBound(myArray) For j = i + 1 To UBound(myArray) If UCase(myArray(i)) &gt; UCase(myArray(j)) Then Temp = myArray(j) myArray(j) = myArray(i) myArray(i) = Temp End If Next j Next i Debug.Print myArray(1) Debug.Print myArray(2) Debug.Print myArray(3) Debug.Print myArray(4) Debug.Print myArray(5) End Sub<\/code><\/pre><p> Certifique-se de ativar a <a href=\"https:\/\/exceladvisor.org\/pt\/impressao-de-depuracao-de-janela-imediata\/\">janela Imediata<\/a> para ver os resultados l\u00e1.<\/p><h2 class=\"wp-block-heading\"> Classificar uma matriz (ZA)<\/h2><p> Da mesma forma, voc\u00ea pode classificar por ZA. No m\u00e9todo anterior, comparamos o primeiro elemento com o pr\u00f3ximo elemento da sequ\u00eancia, mas neste c\u00f3digo voc\u00ea precisa fazer o oposto. Portanto, se o segundo elemento (o pr\u00f3ximo na ordem) for maior que o primeiro, o c\u00f3digo ir\u00e1 troc\u00e1-los.<\/p><pre class=\"wp-block-code\"> <code class=\"language-visual-basic\" lang=\"visual-basic\">Option Base 1 Sub vba_sort_array_z_to_a() Dim myArray() As Variant ReDim myArray(5) Dim i As Integer Dim j As Integer Dim Temp As String myArray(1) = \"A\" myArray(2) = \"B\" myArray(3) = \"C\" myArray(4) = \"D\" myArray(5) = \"E\" 'sorting array from A to Z For i = LBound(myArray) To UBound(myArray) For j = i + 1 To UBound(myArray) If UCase(myArray(i)) &lt; UCase(myArray(j)) Then Temp = myArray(j) myArray(j) = myArray(i) myArray(i) = Temp End If Next j Next i Debug.Print myArray(1) Debug.Print myArray(2) Debug.Print myArray(3) Debug.Print myArray(4) Debug.Print myArray(5) End Sub<\/code><\/pre><div class=\"gb-container gb-container-4db6181c gb-container-mt\"> <a class=\"gb-button gb-button-c5897111 gb-button-text gb-button-mt-button\" href=\"https:\/\/exceladvisor.org\/pt\/vba\/\">O que \u00e9 VBA<\/a><h2 class=\"gb-headline gb-headline-665e5f6b gb-headline-text gb-headline-mt-heading\"> Saiba mais sobre <a href=\"https:\/\/exceladvisor.org\/pt\/pinturas\/\">tabelas VBA<\/a> <\/h2><div class=\"gb-grid-wrapper gb-grid-wrapper-a20baf7c gb-grid-wrapper-mt-grid\"><div class=\"gb-grid-column gb-grid-column-65ddf67e\"><div class=\"gb-container gb-container-65ddf67e\"><ul><li> <a href=\"https:\/\/exceladvisor.org\/pt\/tamanho-da-matriz\/\">Comprimento da matriz VBA (tamanho)<\/a><\/li><li> <a href=\"https:\/\/exceladvisor.org\/pt\/mesa-com-correntes\/\">Matriz VBA com strings<\/a><\/li><li> <a href=\"https:\/\/exceladvisor.org\/pt\/apague-o-quadro\/\">Matriz limpa VBA<\/a><\/li><li> <a href=\"https:\/\/exceladvisor.org\/pt\/tabela-dinamica\/\">Tabela din\u00e2mica VBA<\/a><\/li><\/ul><\/div><\/div><\/div><\/div>","protected":false},"excerpt":{"rendered":"","protected":false},"author":1,"featured_media":0,"parent":0,"menu_order":0,"comment_status":"open","ping_status":"closed","template":"","meta":{"ub_ctt_via":"","footnotes":""},"class_list":["post-575","page","type-page","status-publish","hentry"],"featured_image_src":null,"yoast_head":"<!-- This site is optimized with the Yoast SEO plugin v25.4 - https:\/\/yoast.com\/wordpress\/plugins\/seo\/ -->\n<title>\u25b7 Como classificar um array em VBA? (Tutorial 2023)<\/title>\n<meta name=\"description\" content=\"Neste tutorial, voc\u00ea aprender\u00e1 como classificar um array em VBA combinando o primeiro elemento do array com o pr\u00f3ximo e\" \/>\n<meta name=\"robots\" content=\"index, follow, max-snippet:-1, max-image-preview:large, max-video-preview:-1\" \/>\n<link rel=\"canonical\" href=\"https:\/\/exceladvisor.org\/pt\/tabela-de-classificacao\/\" \/>\n<meta property=\"og:locale\" content=\"pt_PT\" \/>\n<meta property=\"og:type\" content=\"article\" \/>\n<meta property=\"og:title\" content=\"\u25b7 Como classificar um array em VBA? (Tutorial 2023)\" \/>\n<meta property=\"og:description\" content=\"Neste tutorial, voc\u00ea aprender\u00e1 como classificar um array em VBA combinando o primeiro elemento do array com o pr\u00f3ximo e\" \/>\n<meta property=\"og:url\" content=\"https:\/\/exceladvisor.org\/pt\/tabela-de-classificacao\/\" \/>\n<meta property=\"og:site_name\" content=\"Excel Advisor\" \/>\n<meta property=\"article:modified_time\" content=\"2023-12-06T11:35:17+00:00\" \/>\n<meta property=\"og:image\" content=\"https:\/\/exceladvisor.org\/wp-content\/uploads\/2023\/08\/1-trier-un-tableau-1.png\" \/>\n<meta name=\"twitter:card\" content=\"summary_large_image\" \/>\n<meta name=\"twitter:label1\" content=\"Tempo estimado de leitura\" \/>\n\t<meta name=\"twitter:data1\" content=\"2 minutos\" \/>\n<script type=\"application\/ld+json\" class=\"yoast-schema-graph\">{\"@context\":\"https:\/\/schema.org\",\"@graph\":[{\"@type\":\"WebPage\",\"@id\":\"https:\/\/exceladvisor.org\/pt\/tabela-de-classificacao\/\",\"url\":\"https:\/\/exceladvisor.org\/pt\/tabela-de-classificacao\/\",\"name\":\"\u25b7 Como classificar um array em VBA? (Tutorial 2023)\",\"isPartOf\":{\"@id\":\"https:\/\/exceladvisor.org\/pt\/#website\"},\"primaryImageOfPage\":{\"@id\":\"https:\/\/exceladvisor.org\/pt\/tabela-de-classificacao\/#primaryimage\"},\"image\":{\"@id\":\"https:\/\/exceladvisor.org\/pt\/tabela-de-classificacao\/#primaryimage\"},\"thumbnailUrl\":\"https:\/\/exceladvisor.org\/wp-content\/uploads\/2023\/08\/1-trier-un-tableau-1.png\",\"datePublished\":\"2023-10-22T20:08:02+00:00\",\"dateModified\":\"2023-12-06T11:35:17+00:00\",\"description\":\"Neste tutorial, voc\u00ea aprender\u00e1 como classificar um array em VBA combinando o primeiro elemento do array com o pr\u00f3ximo e\",\"breadcrumb\":{\"@id\":\"https:\/\/exceladvisor.org\/pt\/tabela-de-classificacao\/#breadcrumb\"},\"inLanguage\":\"pt-PT\",\"potentialAction\":[{\"@type\":\"ReadAction\",\"target\":[\"https:\/\/exceladvisor.org\/pt\/tabela-de-classificacao\/\"]}]},{\"@type\":\"ImageObject\",\"inLanguage\":\"pt-PT\",\"@id\":\"https:\/\/exceladvisor.org\/pt\/tabela-de-classificacao\/#primaryimage\",\"url\":\"https:\/\/exceladvisor.org\/wp-content\/uploads\/2023\/08\/1-trier-un-tableau-1.png\",\"contentUrl\":\"https:\/\/exceladvisor.org\/wp-content\/uploads\/2023\/08\/1-trier-un-tableau-1.png\"},{\"@type\":\"BreadcrumbList\",\"@id\":\"https:\/\/exceladvisor.org\/pt\/tabela-de-classificacao\/#breadcrumb\",\"itemListElement\":[{\"@type\":\"ListItem\",\"position\":1,\"name\":\"Lar\",\"item\":\"https:\/\/exceladvisor.org\/pt\/\"},{\"@type\":\"ListItem\",\"position\":2,\"name\":\"Como classificar um array em vba?\"}]},{\"@type\":\"WebSite\",\"@id\":\"https:\/\/exceladvisor.org\/pt\/#website\",\"url\":\"https:\/\/exceladvisor.org\/pt\/\",\"name\":\"Excel Advisor\",\"description\":\"O seu guia definitivo para dominar os dados!\",\"publisher\":{\"@id\":\"https:\/\/exceladvisor.org\/pt\/#organization\"},\"potentialAction\":[{\"@type\":\"SearchAction\",\"target\":{\"@type\":\"EntryPoint\",\"urlTemplate\":\"https:\/\/exceladvisor.org\/pt\/?s={search_term_string}\"},\"query-input\":{\"@type\":\"PropertyValueSpecification\",\"valueRequired\":true,\"valueName\":\"search_term_string\"}}],\"inLanguage\":\"pt-PT\"},{\"@type\":\"Organization\",\"@id\":\"https:\/\/exceladvisor.org\/pt\/#organization\",\"name\":\"Excel Advisor\",\"url\":\"https:\/\/exceladvisor.org\/pt\/\",\"logo\":{\"@type\":\"ImageObject\",\"inLanguage\":\"pt-PT\",\"@id\":\"https:\/\/exceladvisor.org\/pt\/#\/schema\/logo\/image\/\",\"url\":\"https:\/\/exceladvisor.org\/pt\/wp-content\/uploads\/2023\/12\/exceladvisor.org_.png\",\"contentUrl\":\"https:\/\/exceladvisor.org\/pt\/wp-content\/uploads\/2023\/12\/exceladvisor.org_.png\",\"width\":105,\"height\":36,\"caption\":\"Excel Advisor\"},\"image\":{\"@id\":\"https:\/\/exceladvisor.org\/pt\/#\/schema\/logo\/image\/\"}}]}<\/script>\n<!-- \/ Yoast SEO plugin. -->","yoast_head_json":{"title":"\u25b7 Como classificar um array em VBA? (Tutorial 2023)","description":"Neste tutorial, voc\u00ea aprender\u00e1 como classificar um array em VBA combinando o primeiro elemento do array com o pr\u00f3ximo e","robots":{"index":"index","follow":"follow","max-snippet":"max-snippet:-1","max-image-preview":"max-image-preview:large","max-video-preview":"max-video-preview:-1"},"canonical":"https:\/\/exceladvisor.org\/pt\/tabela-de-classificacao\/","og_locale":"pt_PT","og_type":"article","og_title":"\u25b7 Como classificar um array em VBA? (Tutorial 2023)","og_description":"Neste tutorial, voc\u00ea aprender\u00e1 como classificar um array em VBA combinando o primeiro elemento do array com o pr\u00f3ximo e","og_url":"https:\/\/exceladvisor.org\/pt\/tabela-de-classificacao\/","og_site_name":"Excel Advisor","article_modified_time":"2023-12-06T11:35:17+00:00","og_image":[{"url":"https:\/\/exceladvisor.org\/wp-content\/uploads\/2023\/08\/1-trier-un-tableau-1.png","type":"","width":"","height":""}],"twitter_card":"summary_large_image","twitter_misc":{"Tempo estimado de leitura":"2 minutos"},"schema":{"@context":"https:\/\/schema.org","@graph":[{"@type":"WebPage","@id":"https:\/\/exceladvisor.org\/pt\/tabela-de-classificacao\/","url":"https:\/\/exceladvisor.org\/pt\/tabela-de-classificacao\/","name":"\u25b7 Como classificar um array em VBA? (Tutorial 2023)","isPartOf":{"@id":"https:\/\/exceladvisor.org\/pt\/#website"},"primaryImageOfPage":{"@id":"https:\/\/exceladvisor.org\/pt\/tabela-de-classificacao\/#primaryimage"},"image":{"@id":"https:\/\/exceladvisor.org\/pt\/tabela-de-classificacao\/#primaryimage"},"thumbnailUrl":"https:\/\/exceladvisor.org\/wp-content\/uploads\/2023\/08\/1-trier-un-tableau-1.png","datePublished":"2023-10-22T20:08:02+00:00","dateModified":"2023-12-06T11:35:17+00:00","description":"Neste tutorial, voc\u00ea aprender\u00e1 como classificar um array em VBA combinando o primeiro elemento do array com o pr\u00f3ximo e","breadcrumb":{"@id":"https:\/\/exceladvisor.org\/pt\/tabela-de-classificacao\/#breadcrumb"},"inLanguage":"pt-PT","potentialAction":[{"@type":"ReadAction","target":["https:\/\/exceladvisor.org\/pt\/tabela-de-classificacao\/"]}]},{"@type":"ImageObject","inLanguage":"pt-PT","@id":"https:\/\/exceladvisor.org\/pt\/tabela-de-classificacao\/#primaryimage","url":"https:\/\/exceladvisor.org\/wp-content\/uploads\/2023\/08\/1-trier-un-tableau-1.png","contentUrl":"https:\/\/exceladvisor.org\/wp-content\/uploads\/2023\/08\/1-trier-un-tableau-1.png"},{"@type":"BreadcrumbList","@id":"https:\/\/exceladvisor.org\/pt\/tabela-de-classificacao\/#breadcrumb","itemListElement":[{"@type":"ListItem","position":1,"name":"Lar","item":"https:\/\/exceladvisor.org\/pt\/"},{"@type":"ListItem","position":2,"name":"Como classificar um array em vba?"}]},{"@type":"WebSite","@id":"https:\/\/exceladvisor.org\/pt\/#website","url":"https:\/\/exceladvisor.org\/pt\/","name":"Excel Advisor","description":"O seu guia definitivo para dominar os dados!","publisher":{"@id":"https:\/\/exceladvisor.org\/pt\/#organization"},"potentialAction":[{"@type":"SearchAction","target":{"@type":"EntryPoint","urlTemplate":"https:\/\/exceladvisor.org\/pt\/?s={search_term_string}"},"query-input":{"@type":"PropertyValueSpecification","valueRequired":true,"valueName":"search_term_string"}}],"inLanguage":"pt-PT"},{"@type":"Organization","@id":"https:\/\/exceladvisor.org\/pt\/#organization","name":"Excel Advisor","url":"https:\/\/exceladvisor.org\/pt\/","logo":{"@type":"ImageObject","inLanguage":"pt-PT","@id":"https:\/\/exceladvisor.org\/pt\/#\/schema\/logo\/image\/","url":"https:\/\/exceladvisor.org\/pt\/wp-content\/uploads\/2023\/12\/exceladvisor.org_.png","contentUrl":"https:\/\/exceladvisor.org\/pt\/wp-content\/uploads\/2023\/12\/exceladvisor.org_.png","width":105,"height":36,"caption":"Excel Advisor"},"image":{"@id":"https:\/\/exceladvisor.org\/pt\/#\/schema\/logo\/image\/"}}]}},"yoast_meta":{"yoast_wpseo_title":"","yoast_wpseo_metadesc":"","yoast_wpseo_canonical":""},"_links":{"self":[{"href":"https:\/\/exceladvisor.org\/pt\/wp-json\/wp\/v2\/pages\/575","targetHints":{"allow":["GET"]}}],"collection":[{"href":"https:\/\/exceladvisor.org\/pt\/wp-json\/wp\/v2\/pages"}],"about":[{"href":"https:\/\/exceladvisor.org\/pt\/wp-json\/wp\/v2\/types\/page"}],"author":[{"embeddable":true,"href":"https:\/\/exceladvisor.org\/pt\/wp-json\/wp\/v2\/users\/1"}],"replies":[{"embeddable":true,"href":"https:\/\/exceladvisor.org\/pt\/wp-json\/wp\/v2\/comments?post=575"}],"version-history":[{"count":1,"href":"https:\/\/exceladvisor.org\/pt\/wp-json\/wp\/v2\/pages\/575\/revisions"}],"predecessor-version":[{"id":893,"href":"https:\/\/exceladvisor.org\/pt\/wp-json\/wp\/v2\/pages\/575\/revisions\/893"}],"wp:attachment":[{"href":"https:\/\/exceladvisor.org\/pt\/wp-json\/wp\/v2\/media?parent=575"}],"curies":[{"name":"wp","href":"https:\/\/api.w.org\/{rel}","templated":true}]}}