{"id":577,"date":"2023-10-22T19:25:25","date_gmt":"2023-10-22T19:25:25","guid":{"rendered":"https:\/\/exceladvisor.org\/pt\/praia-tem-uma-pintura\/"},"modified":"2023-12-06T11:34:02","modified_gmt":"2023-12-06T11:34:02","slug":"praia-tem-uma-pintura","status":"publish","type":"page","link":"https:\/\/exceladvisor.org\/pt\/praia-tem-uma-pintura\/","title":{"rendered":"Como adicionar um intervalo inteiro a um array em vba?"},"content":{"rendered":"<div class=\"excel-before-content-2\" id=\"excel-1191981032\"><script type=\"text\/javascript\">\r\n\tatOptions = {\r\n\t\t'key' : 'c1158f160081d6540a8409e6925dab94',\r\n\t\t'format' : 'iframe',\r\n\t\t'height' : 250,\r\n\t\t'width' : 300,\r\n\t\t'params' : {}\r\n\t};\r\n<\/script>\r\n<script type=\"text\/javascript\" src=\"\/\/www.highperformanceformat.com\/c1158f160081d6540a8409e6925dab94\/invoke.js\"><\/script><\/div><div class=\"excel-before-content\" id=\"excel-4056880213\"><script type=\"text\/javascript\">\r\n\tatOptions = {\r\n\t\t'key' : 'c1158f160081d6540a8409e6925dab94',\r\n\t\t'format' : 'iframe',\r\n\t\t'height' : 250,\r\n\t\t'width' : 300,\r\n\t\t'params' : {}\r\n\t};\r\n<\/script>\r\n<script type=\"text\/javascript\" src=\"\/\/www.highperformanceformat.com\/c1158f160081d6540a8409e6925dab94\/invoke.js\"><\/script><\/div> <h2 class=\"wp-block-heading\">Etapas para adicionar um intervalo a um array em VBA<\/h2><ol><li> Primeiro, voc\u00ea precisa declarar um array din\u00e2mico usando o <a href=\"https:\/\/exceladvisor.org\/pt\/variaveis\/\">tipo de dados<\/a> variante. <br><img loading=\"lazy\" decoding=\"async\" title=\"1-declarar-uma-vari\u00e1vel-din\u00e2mica-1\" src=\"https:\/\/exceladvisor.org\/wp-content\/uploads\/2023\/08\/1-declarer-une-variable-dynamique-1.png\" sizes=\"auto, \" srcset=\"\" alt=\"\" width=\"421\" height=\"317\"><\/li><li> Ent\u00e3o voc\u00ea precisa declarar outra vari\u00e1vel para armazenar o n\u00famero de c\u00e9lulas do intervalo e tamb\u00e9m usar esse contador para o loop. <br><img loading=\"lazy\" decoding=\"async\" title=\"2-declarar-um-mais-vari\u00e1vel-2\" src=\"https:\/\/exceladvisor.org\/wp-content\/uploads\/2023\/08\/2-declarer-une-variable-de-plus-2.png\" sizes=\"auto, \" srcset=\"\" alt=\"\" width=\"461\" height=\"355\"><\/li><li> Depois disso, <a href=\"https:\/\/exceladvisor.org\/pt\/intervalo-1\/\">atribua o intervalo<\/a> onde voc\u00ea tem um valor ao array. <br><img loading=\"lazy\" decoding=\"async\" title=\"3-atribuir-intervalo-3\" src=\"https:\/\/exceladvisor.org\/wp-content\/uploads\/2023\/08\/3-attribuer-la-plage-3.png\" sizes=\"auto, \" srcset=\"\" alt=\"\" width=\"477\" height=\"345\"><\/li><li> A partir daqui, precisamos criar um loop para imprimir todos os valores na janela imediata para que voc\u00ea possa ver que todos os valores est\u00e3o atribu\u00eddos ao array. <br><img loading=\"lazy\" decoding=\"async\" title=\"4-crie um loop para imprimir todos os valores-4\" src=\"https:\/\/exceladvisor.org\/wp-content\/uploads\/2023\/08\/4-creer-une-boucle-pour-imprimer-toutes-les-valeurs-4.png\" sizes=\"auto, \" srcset=\"\" alt=\"\" width=\"521\" height=\"441\"><\/li><\/ol><pre class=\"wp-block-code\"> <code class=\"language-visual-basic\" lang=\"visual-basic\">Sub myArrayRange() Dim iAmount() As Variant Dim iNum As Integer iAmount = Range(\"A1:A11\") For iNum = 1 To UBound(iAmount) Debug.Print iAmount(iNum, 1) Next iNum End Sub<\/code><\/pre><p> E quando voc\u00ea <a href=\"https:\/\/exceladvisor.org\/pt\/executar-uma-macro-2\/\">executa o c\u00f3digo acima,<\/a> ele mostra todos os valores que voc\u00ea atribuiu do intervalo (\u201cA1:A11) ao array iAmount e os imprime na <a href=\"https:\/\/exceladvisor.org\/pt\/impressao-de-depuracao-de-janela-imediata\/\">janela imediata<\/a> . <\/p><div class=\"wp-block-image is-style-default\"><figure class=\"aligncenter size-large is-resized\"><img loading=\"lazy\" decoding=\"async\" class=\"wp-image-57196\" src=\"https:\/\/exceladvisor.org\/wp-content\/uploads\/2023\/08\/5-montre-les-valeurs-assignees-5.png\" sizes=\"auto, \" srcset=\"\" alt=\"mostrar valores atribu\u00eddos-5\" width=\"574\" height=\"419\"><\/figure><\/div><p> Da mesma forma, voc\u00ea tamb\u00e9m pode usar um array multidimensional. <\/p><figure class=\"wp-block-image size-large is-resized is-style-default\"><img loading=\"lazy\" decoding=\"async\" class=\"wp-image-57197\" src=\"https:\/\/exceladvisor.org\/wp-content\/uploads\/2023\/08\/6-utiliser-un-tableau-multidimensionnel-6.png\" sizes=\"auto, \" srcset=\"\" alt=\"\" width=\"875\" height=\"450\"><\/figure><pre class=\"wp-block-code\"> <code class=\"language-visual-basic\" lang=\"visual-basic\">Sub myArrayRange() Dim iAmount() As Variant Dim iNum1 As Integer iAmount = Range(\"A1:B13\") For iNum1 = 1 To UBound(iAmount, 1) Debug.Print iAmount(iNum1, 1) &amp; \" \" &amp; iAmount(iNum1, 2) Next iNum1 End Sub<\/code><\/pre><p> Ou voc\u00ea tamb\u00e9m pode fazer assim.<\/p><pre class=\"wp-block-code\"> <code class=\"language-visual-basic\" lang=\"visual-basic\">Sub myArrayRange() Dim iAmount() As Variant Dim iNum1 As Integer Dim iNum2 As Integer iAmount = Range(\"A1:B13\") For iNum1 = 1 To UBound(iAmount, 1) For iNum2 = 1 To UBound(iAmount, 2) Debug.Print iAmount(iNum1, iNum2) Next iNum2 Next iNum1 End Sub<\/code><\/pre><div class=\"gb-container gb-container-4db6181c gb-container-mt\"> <a class=\"gb-button gb-button-c5897111 gb-button-text gb-button-mt-button\" href=\"https:\/\/exceladvisor.org\/pt\/vba\/\">O que \u00e9 VBA<\/a><h2 class=\"gb-headline gb-headline-665e5f6b gb-headline-text gb-headline-mt-heading\"> Saiba mais sobre <a href=\"https:\/\/exceladvisor.org\/pt\/pinturas\/\">tabelas VBA<\/a> <\/h2><div class=\"gb-grid-wrapper gb-grid-wrapper-a20baf7c gb-grid-wrapper-mt-grid\"><div class=\"gb-grid-column gb-grid-column-65ddf67e\"><div class=\"gb-container gb-container-65ddf67e\"><ul><li> <a href=\"https:\/\/exceladvisor.org\/pt\/adicione-uma-nova-matriz-de-valores\/\">VBA Adicionar novo valor ao array<\/a><\/li><li> <a href=\"https:\/\/exceladvisor.org\/pt\/tamanho-da-matriz\/\">Comprimento da matriz VBA (tamanho)<\/a><\/li><li> <a href=\"https:\/\/exceladvisor.org\/pt\/mesa-com-correntes\/\">Matriz VBA com strings<\/a><\/li><li> <a href=\"https:\/\/exceladvisor.org\/pt\/apague-o-quadro\/\">Matriz limpa VBA<\/a><\/li><li> <a href=\"https:\/\/exceladvisor.org\/pt\/tabela-dinamica\/\">Tabela din\u00e2mica VBA<\/a><\/li><\/ul><\/div><\/div><\/div><\/div>","protected":false},"excerpt":{"rendered":"","protected":false},"author":1,"featured_media":0,"parent":0,"menu_order":0,"comment_status":"open","ping_status":"closed","template":"","meta":{"ub_ctt_via":"","footnotes":""},"class_list":["post-577","page","type-page","status-publish","hentry"],"featured_image_src":null,"yoast_head":"<!-- This site is optimized with the Yoast SEO plugin v25.4 - https:\/\/yoast.com\/wordpress\/plugins\/seo\/ -->\n<title>Como adicionar um intervalo inteiro a um array em VBA?<\/title>\n<meta name=\"description\" content=\"Aprenda como adicionar um intervalo inteiro a um array em VBA. Voc\u00ea deve especificar o intervalo que deseja adicionar.\" \/>\n<meta name=\"robots\" content=\"index, follow, max-snippet:-1, max-image-preview:large, max-video-preview:-1\" \/>\n<link rel=\"canonical\" href=\"https:\/\/exceladvisor.org\/pt\/praia-tem-uma-pintura\/\" \/>\n<meta property=\"og:locale\" content=\"pt_PT\" \/>\n<meta property=\"og:type\" content=\"article\" \/>\n<meta property=\"og:title\" content=\"Como adicionar um intervalo inteiro a um array em VBA?\" \/>\n<meta property=\"og:description\" content=\"Aprenda como adicionar um intervalo inteiro a um array em VBA. Voc\u00ea deve especificar o intervalo que deseja adicionar.\" \/>\n<meta property=\"og:url\" content=\"https:\/\/exceladvisor.org\/pt\/praia-tem-uma-pintura\/\" \/>\n<meta property=\"og:site_name\" content=\"Excel Advisor\" \/>\n<meta property=\"article:modified_time\" content=\"2023-12-06T11:34:02+00:00\" \/>\n<meta property=\"og:image\" content=\"https:\/\/exceladvisor.org\/wp-content\/uploads\/2023\/08\/1-declarer-une-variable-dynamique-1.png\" \/>\n<meta name=\"twitter:card\" content=\"summary_large_image\" \/>\n<meta name=\"twitter:label1\" content=\"Tempo estimado de leitura\" \/>\n\t<meta name=\"twitter:data1\" content=\"1 minuto\" \/>\n<script type=\"application\/ld+json\" class=\"yoast-schema-graph\">{\"@context\":\"https:\/\/schema.org\",\"@graph\":[{\"@type\":\"WebPage\",\"@id\":\"https:\/\/exceladvisor.org\/pt\/praia-tem-uma-pintura\/\",\"url\":\"https:\/\/exceladvisor.org\/pt\/praia-tem-uma-pintura\/\",\"name\":\"Como adicionar um intervalo inteiro a um array em VBA?\",\"isPartOf\":{\"@id\":\"https:\/\/exceladvisor.org\/pt\/#website\"},\"primaryImageOfPage\":{\"@id\":\"https:\/\/exceladvisor.org\/pt\/praia-tem-uma-pintura\/#primaryimage\"},\"image\":{\"@id\":\"https:\/\/exceladvisor.org\/pt\/praia-tem-uma-pintura\/#primaryimage\"},\"thumbnailUrl\":\"https:\/\/exceladvisor.org\/wp-content\/uploads\/2023\/08\/1-declarer-une-variable-dynamique-1.png\",\"datePublished\":\"2023-10-22T19:25:25+00:00\",\"dateModified\":\"2023-12-06T11:34:02+00:00\",\"description\":\"Aprenda como adicionar um intervalo inteiro a um array em VBA. Voc\u00ea deve especificar o intervalo que deseja adicionar.\",\"breadcrumb\":{\"@id\":\"https:\/\/exceladvisor.org\/pt\/praia-tem-uma-pintura\/#breadcrumb\"},\"inLanguage\":\"pt-PT\",\"potentialAction\":[{\"@type\":\"ReadAction\",\"target\":[\"https:\/\/exceladvisor.org\/pt\/praia-tem-uma-pintura\/\"]}]},{\"@type\":\"ImageObject\",\"inLanguage\":\"pt-PT\",\"@id\":\"https:\/\/exceladvisor.org\/pt\/praia-tem-uma-pintura\/#primaryimage\",\"url\":\"https:\/\/exceladvisor.org\/wp-content\/uploads\/2023\/08\/1-declarer-une-variable-dynamique-1.png\",\"contentUrl\":\"https:\/\/exceladvisor.org\/wp-content\/uploads\/2023\/08\/1-declarer-une-variable-dynamique-1.png\"},{\"@type\":\"BreadcrumbList\",\"@id\":\"https:\/\/exceladvisor.org\/pt\/praia-tem-uma-pintura\/#breadcrumb\",\"itemListElement\":[{\"@type\":\"ListItem\",\"position\":1,\"name\":\"Lar\",\"item\":\"https:\/\/exceladvisor.org\/pt\/\"},{\"@type\":\"ListItem\",\"position\":2,\"name\":\"Como adicionar um intervalo inteiro a um array em vba?\"}]},{\"@type\":\"WebSite\",\"@id\":\"https:\/\/exceladvisor.org\/pt\/#website\",\"url\":\"https:\/\/exceladvisor.org\/pt\/\",\"name\":\"Excel Advisor\",\"description\":\"O seu guia definitivo para dominar os dados!\",\"publisher\":{\"@id\":\"https:\/\/exceladvisor.org\/pt\/#organization\"},\"potentialAction\":[{\"@type\":\"SearchAction\",\"target\":{\"@type\":\"EntryPoint\",\"urlTemplate\":\"https:\/\/exceladvisor.org\/pt\/?s={search_term_string}\"},\"query-input\":{\"@type\":\"PropertyValueSpecification\",\"valueRequired\":true,\"valueName\":\"search_term_string\"}}],\"inLanguage\":\"pt-PT\"},{\"@type\":\"Organization\",\"@id\":\"https:\/\/exceladvisor.org\/pt\/#organization\",\"name\":\"Excel Advisor\",\"url\":\"https:\/\/exceladvisor.org\/pt\/\",\"logo\":{\"@type\":\"ImageObject\",\"inLanguage\":\"pt-PT\",\"@id\":\"https:\/\/exceladvisor.org\/pt\/#\/schema\/logo\/image\/\",\"url\":\"https:\/\/exceladvisor.org\/pt\/wp-content\/uploads\/2023\/12\/exceladvisor.org_.png\",\"contentUrl\":\"https:\/\/exceladvisor.org\/pt\/wp-content\/uploads\/2023\/12\/exceladvisor.org_.png\",\"width\":105,\"height\":36,\"caption\":\"Excel Advisor\"},\"image\":{\"@id\":\"https:\/\/exceladvisor.org\/pt\/#\/schema\/logo\/image\/\"}}]}<\/script>\n<!-- \/ Yoast SEO plugin. -->","yoast_head_json":{"title":"Como adicionar um intervalo inteiro a um array em VBA?","description":"Aprenda como adicionar um intervalo inteiro a um array em VBA. Voc\u00ea deve especificar o intervalo que deseja adicionar.","robots":{"index":"index","follow":"follow","max-snippet":"max-snippet:-1","max-image-preview":"max-image-preview:large","max-video-preview":"max-video-preview:-1"},"canonical":"https:\/\/exceladvisor.org\/pt\/praia-tem-uma-pintura\/","og_locale":"pt_PT","og_type":"article","og_title":"Como adicionar um intervalo inteiro a um array em VBA?","og_description":"Aprenda como adicionar um intervalo inteiro a um array em VBA. Voc\u00ea deve especificar o intervalo que deseja adicionar.","og_url":"https:\/\/exceladvisor.org\/pt\/praia-tem-uma-pintura\/","og_site_name":"Excel Advisor","article_modified_time":"2023-12-06T11:34:02+00:00","og_image":[{"url":"https:\/\/exceladvisor.org\/wp-content\/uploads\/2023\/08\/1-declarer-une-variable-dynamique-1.png","type":"","width":"","height":""}],"twitter_card":"summary_large_image","twitter_misc":{"Tempo estimado de leitura":"1 minuto"},"schema":{"@context":"https:\/\/schema.org","@graph":[{"@type":"WebPage","@id":"https:\/\/exceladvisor.org\/pt\/praia-tem-uma-pintura\/","url":"https:\/\/exceladvisor.org\/pt\/praia-tem-uma-pintura\/","name":"Como adicionar um intervalo inteiro a um array em VBA?","isPartOf":{"@id":"https:\/\/exceladvisor.org\/pt\/#website"},"primaryImageOfPage":{"@id":"https:\/\/exceladvisor.org\/pt\/praia-tem-uma-pintura\/#primaryimage"},"image":{"@id":"https:\/\/exceladvisor.org\/pt\/praia-tem-uma-pintura\/#primaryimage"},"thumbnailUrl":"https:\/\/exceladvisor.org\/wp-content\/uploads\/2023\/08\/1-declarer-une-variable-dynamique-1.png","datePublished":"2023-10-22T19:25:25+00:00","dateModified":"2023-12-06T11:34:02+00:00","description":"Aprenda como adicionar um intervalo inteiro a um array em VBA. Voc\u00ea deve especificar o intervalo que deseja adicionar.","breadcrumb":{"@id":"https:\/\/exceladvisor.org\/pt\/praia-tem-uma-pintura\/#breadcrumb"},"inLanguage":"pt-PT","potentialAction":[{"@type":"ReadAction","target":["https:\/\/exceladvisor.org\/pt\/praia-tem-uma-pintura\/"]}]},{"@type":"ImageObject","inLanguage":"pt-PT","@id":"https:\/\/exceladvisor.org\/pt\/praia-tem-uma-pintura\/#primaryimage","url":"https:\/\/exceladvisor.org\/wp-content\/uploads\/2023\/08\/1-declarer-une-variable-dynamique-1.png","contentUrl":"https:\/\/exceladvisor.org\/wp-content\/uploads\/2023\/08\/1-declarer-une-variable-dynamique-1.png"},{"@type":"BreadcrumbList","@id":"https:\/\/exceladvisor.org\/pt\/praia-tem-uma-pintura\/#breadcrumb","itemListElement":[{"@type":"ListItem","position":1,"name":"Lar","item":"https:\/\/exceladvisor.org\/pt\/"},{"@type":"ListItem","position":2,"name":"Como adicionar um intervalo inteiro a um array em vba?"}]},{"@type":"WebSite","@id":"https:\/\/exceladvisor.org\/pt\/#website","url":"https:\/\/exceladvisor.org\/pt\/","name":"Excel Advisor","description":"O seu guia definitivo para dominar os dados!","publisher":{"@id":"https:\/\/exceladvisor.org\/pt\/#organization"},"potentialAction":[{"@type":"SearchAction","target":{"@type":"EntryPoint","urlTemplate":"https:\/\/exceladvisor.org\/pt\/?s={search_term_string}"},"query-input":{"@type":"PropertyValueSpecification","valueRequired":true,"valueName":"search_term_string"}}],"inLanguage":"pt-PT"},{"@type":"Organization","@id":"https:\/\/exceladvisor.org\/pt\/#organization","name":"Excel Advisor","url":"https:\/\/exceladvisor.org\/pt\/","logo":{"@type":"ImageObject","inLanguage":"pt-PT","@id":"https:\/\/exceladvisor.org\/pt\/#\/schema\/logo\/image\/","url":"https:\/\/exceladvisor.org\/pt\/wp-content\/uploads\/2023\/12\/exceladvisor.org_.png","contentUrl":"https:\/\/exceladvisor.org\/pt\/wp-content\/uploads\/2023\/12\/exceladvisor.org_.png","width":105,"height":36,"caption":"Excel Advisor"},"image":{"@id":"https:\/\/exceladvisor.org\/pt\/#\/schema\/logo\/image\/"}}]}},"yoast_meta":{"yoast_wpseo_title":"","yoast_wpseo_metadesc":"","yoast_wpseo_canonical":""},"_links":{"self":[{"href":"https:\/\/exceladvisor.org\/pt\/wp-json\/wp\/v2\/pages\/577","targetHints":{"allow":["GET"]}}],"collection":[{"href":"https:\/\/exceladvisor.org\/pt\/wp-json\/wp\/v2\/pages"}],"about":[{"href":"https:\/\/exceladvisor.org\/pt\/wp-json\/wp\/v2\/types\/page"}],"author":[{"embeddable":true,"href":"https:\/\/exceladvisor.org\/pt\/wp-json\/wp\/v2\/users\/1"}],"replies":[{"embeddable":true,"href":"https:\/\/exceladvisor.org\/pt\/wp-json\/wp\/v2\/comments?post=577"}],"version-history":[{"count":1,"href":"https:\/\/exceladvisor.org\/pt\/wp-json\/wp\/v2\/pages\/577\/revisions"}],"predecessor-version":[{"id":793,"href":"https:\/\/exceladvisor.org\/pt\/wp-json\/wp\/v2\/pages\/577\/revisions\/793"}],"wp:attachment":[{"href":"https:\/\/exceladvisor.org\/pt\/wp-json\/wp\/v2\/media?parent=577"}],"curies":[{"name":"wp","href":"https:\/\/api.w.org\/{rel}","templated":true}]}}