{"id":580,"date":"2023-10-22T14:25:42","date_gmt":"2023-10-22T14:25:42","guid":{"rendered":"https:\/\/exceladvisor.org\/pt\/salvar-pasta-de-trabalho\/"},"modified":"2023-12-06T11:33:31","modified_gmt":"2023-12-06T11:33:31","slug":"salvar-pasta-de-trabalho","status":"publish","type":"page","link":"https:\/\/exceladvisor.org\/pt\/salvar-pasta-de-trabalho\/","title":{"rendered":"5 maneiras de salvar uma pasta de trabalho no excel"},"content":{"rendered":"<div class=\"excel-before-content-2\" id=\"excel-1919369164\"><script type=\"text\/javascript\">\r\n\tatOptions = {\r\n\t\t'key' : 'c1158f160081d6540a8409e6925dab94',\r\n\t\t'format' : 'iframe',\r\n\t\t'height' : 250,\r\n\t\t'width' : 300,\r\n\t\t'params' : {}\r\n\t};\r\n<\/script>\r\n<script type=\"text\/javascript\" src=\"\/\/www.highperformanceformat.com\/c1158f160081d6540a8409e6925dab94\/invoke.js\"><\/script><\/div><div class=\"excel-before-content\" id=\"excel-4044869695\"><script type=\"text\/javascript\">\r\n\tatOptions = {\r\n\t\t'key' : 'c1158f160081d6540a8409e6925dab94',\r\n\t\t'format' : 'iframe',\r\n\t\t'height' : 250,\r\n\t\t'width' : 300,\r\n\t\t'params' : {}\r\n\t};\r\n<\/script>\r\n<script type=\"text\/javascript\" src=\"\/\/www.highperformanceformat.com\/c1158f160081d6540a8409e6925dab94\/invoke.js\"><\/script><\/div> <p>Para salvar uma pasta de trabalho do Excel usando VBA, voc\u00ea deve usar o m\u00e9todo SAVE para escrever uma macro. E nesta macro voc\u00ea precisa especificar a pasta de trabalho que deseja salvar e ent\u00e3o usar o m\u00e9todo SAVE. Quando voc\u00ea executa este c\u00f3digo, ele funciona como o atalho de teclado (Ctrl + S). <\/p><div class=\"wp-block-image\"><figure class=\"aligncenter size-large is-resized\"><img loading=\"lazy\" decoding=\"async\" class=\"wp-image-53053\" src=\"https:\/\/exceladvisor.org\/wp-content\/uploads\/2023\/08\/1-specifiez-le-classeur-que-vous-souhaitez-enregistrer.png\" sizes=\"auto, \" srcset=\"\" alt=\"especifique a pasta de trabalho que voc\u00ea deseja salvar\" width=\"468\" height=\"315\"><\/figure><\/div><ol type=\"1\"><li> Especifique o chap\u00e9u da pasta de trabalho que voc\u00ea deseja salvar.<\/li><li> Digite um ponto final para obter uma lista de todas as propriedades e m\u00e9todos.<\/li><li> Selecione o m\u00e9todo \u201cSalvar\u201d ou toque em \u201cSalvar\u201d<\/li><li> No final, execute o c\u00f3digo para salvar a pasta de trabalho.<\/li><\/ol><p> Neste tutorial, veremos diferentes maneiras de salvar uma pasta de trabalho. Portanto, certifique-se de abrir o editor VBA na guia do desenvolvedor para usar o c\u00f3digo que voc\u00ea tem neste tutorial.<\/p><h2 class=\"wp-block-heading\"> Salvar pasta de trabalho ativa<\/h2><p> Se quiser salvar a pasta de trabalho ativa nesse caso, voc\u00ea poder\u00e1 usar um c\u00f3digo como o c\u00f3digo a seguir, em vez de especificar a pasta de trabalho pelo nome.<\/p><pre class=\"wp-block-code\"> <code class=\"language-visual-basic\" lang=\"visual-basic\">ActiveWorkbook.Save<\/code><\/pre><p> Quando voc\u00ea usa ActiveWorkbook como pasta de trabalho, o VBA sempre se refere \u00e0 pasta de trabalho que est\u00e1 ativa, independentemente do arquivo no qual voc\u00ea escreve o c\u00f3digo.<\/p><h2 class=\"wp-block-heading\"> Salve a pasta de trabalho na qual voc\u00ea escreve o c\u00f3digo<\/h2><p> Se quiser salvar o arquivo no qual voc\u00ea escreve o c\u00f3digo, voc\u00ea deve usar &#8220;ThisWorkbook&#8221; em vez do nome da pasta de trabalho.<\/p><pre class=\"wp-block-code\"> <code class=\"language-visual-basic\" lang=\"visual-basic\">ThisWorkbook.Save<\/code><\/pre><h2 class=\"wp-block-heading\"> Salve todas as pastas de trabalho abertas<\/h2><p> Aqui podemos usar um loop para percorrer todas as pastas de trabalho abertas e salv\u00e1-las uma por uma. Veja o c\u00f3digo abaixo.<\/p><pre class=\"wp-block-code\"> <code class=\"language-visual-basic\" lang=\"visual-basic\">Sub vba_save_workbook() 'variable to use as a workbook Dim wb As Workbook 'For each to loop through each open workbook and save it For Each wb In Workbooks wb.Save Next wb End Sub<\/code><\/pre><p> O c\u00f3digo acima usa o loop FOR EACH em cada pasta de trabalho, ele usa o m\u00e9todo SAVE para cada arquivo, um por um.<\/p><p class=\"qt-tip\"> <strong>Nota:<\/strong> Se voc\u00ea tentar salvar uma pasta de trabalho com o m\u00e9todo SAVE que ainda n\u00e3o esteja salva, o Excel exibir\u00e1 uma caixa de di\u00e1logo solicitando sua permiss\u00e3o para salvar este arquivo e ent\u00e3o voc\u00ea dever\u00e1 escolher se deseja salvar este arquivo no local padr\u00e3o no formato padr\u00e3o.<\/p><p> <strong>Agora a quest\u00e3o \u00e9 a seguinte:<\/strong> como voc\u00ea est\u00e1 usando uma macro para salvar a pasta de trabalho, este arquivo deve ser salvo no formato compat\u00edvel com macro e a melhor maneira de lidar com esta situa\u00e7\u00e3o \u00e9 usar o m\u00e9todo SAVE AS (veremos na se\u00e7\u00e3o seguinte deste tutorial).<\/p><h2 class=\"wp-block-heading\"> Salvar como arquivo Excel<\/h2><p> Para SALVAR um arquivo que ainda n\u00e3o foi salvo, utilizando VBA, deve-se utilizar o m\u00e9todo SAVE AS. Neste m\u00e9todo, voc\u00ea pode definir o nome do arquivo e o caminho onde deseja salv\u00e1-lo e, al\u00e9m disso, existem outros dez argumentos que voc\u00ea pode definir.<\/p><pre class=\"wp-block-code\"> <code class=\"language-visual-basic\" lang=\"visual-basic\">expression.SaveAs (FileName, FileFormat, Password, WriteResPassword, ReadOnlyRecommended, CreateBackup, AccessMode, ConflictResolution, AddToMru, TextCodepage, TextVisualLayout, Local)<\/code><\/pre><p> No c\u00f3digo a seguir, voc\u00ea n\u00e3o tem argumentos com o m\u00e9todo &#8220;SAVE AS&#8221;. <\/p><div class=\"wp-block-image\"><figure class=\"aligncenter size-large is-resized\"><img loading=\"lazy\" decoding=\"async\" class=\"wp-image-53054\" src=\"https:\/\/exceladvisor.org\/wp-content\/uploads\/2023\/08\/2-enregistrer-en-tant-que-fichier-excel.png\" sizes=\"auto, \" srcset=\"\" alt=\"salvar como arquivo excel\" width=\"404\" height=\"223\"><\/figure><\/div><p> Ao executar esse c\u00f3digo, ele pergunta algumas coisas, como qual formato voc\u00ea deseja usar para salvar o arquivo ou se deseja substituir o arquivo existente j\u00e1 salvo com o mesmo nome. Portanto, \u00e9 melhor definir o uso de alguns dos argumentos.<\/p><h2 class=\"wp-block-heading\"> Salvar como arquivo no local atual<\/h2><p> Por padr\u00e3o, o VBA usa o local atual para salvar o arquivo. Quando voc\u00ea escreve c\u00f3digo com o m\u00e9todo SAVE AS e apenas especifica o nome, esse arquivo vai diretamente para a pasta atual. Voc\u00ea pode ver no c\u00f3digo a seguir onde est\u00e1 o que salva a pasta de trabalho ativa. <\/p><div class=\"wp-block-image\"><figure class=\"aligncenter size-large is-resized\"><img loading=\"lazy\" decoding=\"async\" class=\"wp-image-53055\" src=\"https:\/\/exceladvisor.org\/wp-content\/uploads\/2023\/08\/3-enregistrer-en-tant-que-fichier-a-lemplacement-actuel.png\" sizes=\"auto, \" srcset=\"\" alt=\"salvar como arquivo no local atual\" width=\"603\" height=\"138\"><\/figure><\/div><pre class=\"wp-block-code\"> <code class=\"language-visual-basic\" lang=\"visual-basic\">Sub save_as_file() ActiveWorkbook.SaveAs Filename:=\"myNewWorkbook\" End Sub<\/code><\/pre><h2 class=\"wp-block-heading\"> Salvar como arquivo em um local espec\u00edfico<\/h2><p> O argumento filename tamb\u00e9m permite que voc\u00ea use o caminho caso queira usar um local diferente para salvar o arquivo. <\/p><div class=\"wp-block-image\"><figure class=\"aligncenter size-large is-resized\"><img loading=\"lazy\" decoding=\"async\" class=\"wp-image-53056\" src=\"https:\/\/exceladvisor.org\/wp-content\/uploads\/2023\/08\/4-enregistrer-en-tant-que-fichier-a-un-emplacement-specifique.png\" sizes=\"auto, \" srcset=\"\" alt=\"salvar como um arquivo em um local espec\u00edfico\" width=\"639\" height=\"316\"><\/figure><\/div><pre class=\"wp-block-code\"> <code class=\"language-visual-basic\" lang=\"visual-basic\">Sub save_as_file() ActiveWorkbook.SaveAs _ Filename:=\"C:UsersDellDesktopmyNewBook\" End Sub<\/code><\/pre><p> No c\u00f3digo acima voc\u00ea tem o caminho no argumento FileName e o VBA usa esse caminho para o arquivo.<\/p><p class=\"qt-tip\"> <strong>Nota:<\/strong> Voc\u00ea tamb\u00e9m pode usar este m\u00e9todo para verificar se uma pasta de trabalho existe ou n\u00e3o em uma pasta antes de usar o m\u00e9todo SAVE AS para salv\u00e1-la em um local espec\u00edfico e voc\u00ea pode aprender mais sobre o m\u00e9todo SAVE AS aqui.<\/p><div class=\"gb-container gb-container-4db6181c gb-container-mt\"> <a class=\"gb-button gb-button-c5897111 gb-button-text gb-button-mt-button\" href=\"https:\/\/exceladvisor.org\/pt\/vba\/\">O que \u00e9 VBA<\/a><h2 class=\"gb-headline gb-headline-665e5f6b gb-headline-text gb-headline-mt-heading\"> Tutoriais relacionados <\/h2><div class=\"gb-grid-wrapper gb-grid-wrapper-a20baf7c gb-grid-wrapper-mt-grid\"><div class=\"gb-grid-column gb-grid-column-50067b57\"><div class=\"gb-container gb-container-50067b57\"><ul><li> <a href=\"https:\/\/exceladvisor.org\/pt\/este-caderno\/\">VBA ThisWorkbook (arquivo Excel atual)<\/a><\/li><li> <a href=\"https:\/\/exceladvisor.org\/pt\/encadernador\/\">Pasta de trabalho VBA \u2013 Um guia para trabalhar com pastas de trabalho em VBA<\/a><\/li><li> <a href=\"https:\/\/exceladvisor.org\/pt\/verifique-se-a-pasta-de-trabalho-existe\/\">VBA Verifique se existe uma pasta de trabalho em uma pasta (arquivo Excel)<\/a><\/li><li> <a href=\"https:\/\/exceladvisor.org\/pt\/verifique-a-pasta-de-trabalho-aberta\/\">VBA Verifique se uma pasta de trabalho est\u00e1 aberta (arquivo Excel)<\/a><\/li><li> <a href=\"https:\/\/exceladvisor.org\/pt\/pasta-de-trabalho-ativa-por-macro\/\">Salvar uma pasta de trabalho do Excel habilitada para macro (tipo de arquivo .xlsm)<\/a><\/li><\/ul><\/div><\/div><\/div><\/div>","protected":false},"excerpt":{"rendered":"","protected":false},"author":1,"featured_media":0,"parent":0,"menu_order":0,"comment_status":"open","ping_status":"closed","template":"","meta":{"ub_ctt_via":"","footnotes":""},"class_list":["post-580","page","type-page","status-publish","hentry"],"featured_image_src":null,"yoast_head":"<!-- This site is optimized with the Yoast SEO plugin v25.4 - https:\/\/yoast.com\/wordpress\/plugins\/seo\/ -->\n<title>\u25b7 5 maneiras de salvar uma pasta de trabalho no Excel (Tutorial 2023)<\/title>\n<meta name=\"description\" content=\"Aprenda diferentes maneiras de salvar uma pasta de trabalho. Como tamb\u00e9m usar salvar e salvar como argumentos de m\u00e9todo necess\u00e1rios\" \/>\n<meta name=\"robots\" content=\"index, follow, max-snippet:-1, max-image-preview:large, max-video-preview:-1\" \/>\n<link rel=\"canonical\" href=\"https:\/\/exceladvisor.org\/pt\/salvar-pasta-de-trabalho\/\" \/>\n<meta property=\"og:locale\" content=\"pt_PT\" \/>\n<meta property=\"og:type\" content=\"article\" \/>\n<meta property=\"og:title\" content=\"\u25b7 5 maneiras de salvar uma pasta de trabalho no Excel (Tutorial 2023)\" \/>\n<meta property=\"og:description\" content=\"Aprenda diferentes maneiras de salvar uma pasta de trabalho. Como tamb\u00e9m usar salvar e salvar como argumentos de m\u00e9todo necess\u00e1rios\" \/>\n<meta property=\"og:url\" content=\"https:\/\/exceladvisor.org\/pt\/salvar-pasta-de-trabalho\/\" \/>\n<meta property=\"og:site_name\" content=\"Excel Advisor\" \/>\n<meta property=\"article:modified_time\" content=\"2023-12-06T11:33:31+00:00\" \/>\n<meta property=\"og:image\" content=\"https:\/\/exceladvisor.org\/wp-content\/uploads\/2023\/08\/1-specifiez-le-classeur-que-vous-souhaitez-enregistrer.png\" \/>\n<meta name=\"twitter:card\" content=\"summary_large_image\" \/>\n<meta name=\"twitter:label1\" content=\"Tempo estimado de leitura\" \/>\n\t<meta name=\"twitter:data1\" content=\"4 minutos\" \/>\n<script type=\"application\/ld+json\" class=\"yoast-schema-graph\">{\"@context\":\"https:\/\/schema.org\",\"@graph\":[{\"@type\":\"WebPage\",\"@id\":\"https:\/\/exceladvisor.org\/pt\/salvar-pasta-de-trabalho\/\",\"url\":\"https:\/\/exceladvisor.org\/pt\/salvar-pasta-de-trabalho\/\",\"name\":\"\u25b7 5 maneiras de salvar uma pasta de trabalho no Excel (Tutorial 2023)\",\"isPartOf\":{\"@id\":\"https:\/\/exceladvisor.org\/pt\/#website\"},\"primaryImageOfPage\":{\"@id\":\"https:\/\/exceladvisor.org\/pt\/salvar-pasta-de-trabalho\/#primaryimage\"},\"image\":{\"@id\":\"https:\/\/exceladvisor.org\/pt\/salvar-pasta-de-trabalho\/#primaryimage\"},\"thumbnailUrl\":\"https:\/\/exceladvisor.org\/wp-content\/uploads\/2023\/08\/1-specifiez-le-classeur-que-vous-souhaitez-enregistrer.png\",\"datePublished\":\"2023-10-22T14:25:42+00:00\",\"dateModified\":\"2023-12-06T11:33:31+00:00\",\"description\":\"Aprenda diferentes maneiras de salvar uma pasta de trabalho. Como tamb\u00e9m usar salvar e salvar como argumentos de m\u00e9todo necess\u00e1rios\",\"breadcrumb\":{\"@id\":\"https:\/\/exceladvisor.org\/pt\/salvar-pasta-de-trabalho\/#breadcrumb\"},\"inLanguage\":\"pt-PT\",\"potentialAction\":[{\"@type\":\"ReadAction\",\"target\":[\"https:\/\/exceladvisor.org\/pt\/salvar-pasta-de-trabalho\/\"]}]},{\"@type\":\"ImageObject\",\"inLanguage\":\"pt-PT\",\"@id\":\"https:\/\/exceladvisor.org\/pt\/salvar-pasta-de-trabalho\/#primaryimage\",\"url\":\"https:\/\/exceladvisor.org\/wp-content\/uploads\/2023\/08\/1-specifiez-le-classeur-que-vous-souhaitez-enregistrer.png\",\"contentUrl\":\"https:\/\/exceladvisor.org\/wp-content\/uploads\/2023\/08\/1-specifiez-le-classeur-que-vous-souhaitez-enregistrer.png\"},{\"@type\":\"BreadcrumbList\",\"@id\":\"https:\/\/exceladvisor.org\/pt\/salvar-pasta-de-trabalho\/#breadcrumb\",\"itemListElement\":[{\"@type\":\"ListItem\",\"position\":1,\"name\":\"Lar\",\"item\":\"https:\/\/exceladvisor.org\/pt\/\"},{\"@type\":\"ListItem\",\"position\":2,\"name\":\"5 maneiras de salvar uma pasta de trabalho no excel\"}]},{\"@type\":\"WebSite\",\"@id\":\"https:\/\/exceladvisor.org\/pt\/#website\",\"url\":\"https:\/\/exceladvisor.org\/pt\/\",\"name\":\"Excel Advisor\",\"description\":\"O seu guia definitivo para dominar os dados!\",\"publisher\":{\"@id\":\"https:\/\/exceladvisor.org\/pt\/#organization\"},\"potentialAction\":[{\"@type\":\"SearchAction\",\"target\":{\"@type\":\"EntryPoint\",\"urlTemplate\":\"https:\/\/exceladvisor.org\/pt\/?s={search_term_string}\"},\"query-input\":{\"@type\":\"PropertyValueSpecification\",\"valueRequired\":true,\"valueName\":\"search_term_string\"}}],\"inLanguage\":\"pt-PT\"},{\"@type\":\"Organization\",\"@id\":\"https:\/\/exceladvisor.org\/pt\/#organization\",\"name\":\"Excel Advisor\",\"url\":\"https:\/\/exceladvisor.org\/pt\/\",\"logo\":{\"@type\":\"ImageObject\",\"inLanguage\":\"pt-PT\",\"@id\":\"https:\/\/exceladvisor.org\/pt\/#\/schema\/logo\/image\/\",\"url\":\"https:\/\/exceladvisor.org\/pt\/wp-content\/uploads\/2023\/12\/exceladvisor.org_.png\",\"contentUrl\":\"https:\/\/exceladvisor.org\/pt\/wp-content\/uploads\/2023\/12\/exceladvisor.org_.png\",\"width\":105,\"height\":36,\"caption\":\"Excel Advisor\"},\"image\":{\"@id\":\"https:\/\/exceladvisor.org\/pt\/#\/schema\/logo\/image\/\"}}]}<\/script>\n<!-- \/ Yoast SEO plugin. -->","yoast_head_json":{"title":"\u25b7 5 maneiras de salvar uma pasta de trabalho no Excel (Tutorial 2023)","description":"Aprenda diferentes maneiras de salvar uma pasta de trabalho. Como tamb\u00e9m usar salvar e salvar como argumentos de m\u00e9todo necess\u00e1rios","robots":{"index":"index","follow":"follow","max-snippet":"max-snippet:-1","max-image-preview":"max-image-preview:large","max-video-preview":"max-video-preview:-1"},"canonical":"https:\/\/exceladvisor.org\/pt\/salvar-pasta-de-trabalho\/","og_locale":"pt_PT","og_type":"article","og_title":"\u25b7 5 maneiras de salvar uma pasta de trabalho no Excel (Tutorial 2023)","og_description":"Aprenda diferentes maneiras de salvar uma pasta de trabalho. Como tamb\u00e9m usar salvar e salvar como argumentos de m\u00e9todo necess\u00e1rios","og_url":"https:\/\/exceladvisor.org\/pt\/salvar-pasta-de-trabalho\/","og_site_name":"Excel Advisor","article_modified_time":"2023-12-06T11:33:31+00:00","og_image":[{"url":"https:\/\/exceladvisor.org\/wp-content\/uploads\/2023\/08\/1-specifiez-le-classeur-que-vous-souhaitez-enregistrer.png","type":"","width":"","height":""}],"twitter_card":"summary_large_image","twitter_misc":{"Tempo estimado de leitura":"4 minutos"},"schema":{"@context":"https:\/\/schema.org","@graph":[{"@type":"WebPage","@id":"https:\/\/exceladvisor.org\/pt\/salvar-pasta-de-trabalho\/","url":"https:\/\/exceladvisor.org\/pt\/salvar-pasta-de-trabalho\/","name":"\u25b7 5 maneiras de salvar uma pasta de trabalho no Excel (Tutorial 2023)","isPartOf":{"@id":"https:\/\/exceladvisor.org\/pt\/#website"},"primaryImageOfPage":{"@id":"https:\/\/exceladvisor.org\/pt\/salvar-pasta-de-trabalho\/#primaryimage"},"image":{"@id":"https:\/\/exceladvisor.org\/pt\/salvar-pasta-de-trabalho\/#primaryimage"},"thumbnailUrl":"https:\/\/exceladvisor.org\/wp-content\/uploads\/2023\/08\/1-specifiez-le-classeur-que-vous-souhaitez-enregistrer.png","datePublished":"2023-10-22T14:25:42+00:00","dateModified":"2023-12-06T11:33:31+00:00","description":"Aprenda diferentes maneiras de salvar uma pasta de trabalho. Como tamb\u00e9m usar salvar e salvar como argumentos de m\u00e9todo necess\u00e1rios","breadcrumb":{"@id":"https:\/\/exceladvisor.org\/pt\/salvar-pasta-de-trabalho\/#breadcrumb"},"inLanguage":"pt-PT","potentialAction":[{"@type":"ReadAction","target":["https:\/\/exceladvisor.org\/pt\/salvar-pasta-de-trabalho\/"]}]},{"@type":"ImageObject","inLanguage":"pt-PT","@id":"https:\/\/exceladvisor.org\/pt\/salvar-pasta-de-trabalho\/#primaryimage","url":"https:\/\/exceladvisor.org\/wp-content\/uploads\/2023\/08\/1-specifiez-le-classeur-que-vous-souhaitez-enregistrer.png","contentUrl":"https:\/\/exceladvisor.org\/wp-content\/uploads\/2023\/08\/1-specifiez-le-classeur-que-vous-souhaitez-enregistrer.png"},{"@type":"BreadcrumbList","@id":"https:\/\/exceladvisor.org\/pt\/salvar-pasta-de-trabalho\/#breadcrumb","itemListElement":[{"@type":"ListItem","position":1,"name":"Lar","item":"https:\/\/exceladvisor.org\/pt\/"},{"@type":"ListItem","position":2,"name":"5 maneiras de salvar uma pasta de trabalho no excel"}]},{"@type":"WebSite","@id":"https:\/\/exceladvisor.org\/pt\/#website","url":"https:\/\/exceladvisor.org\/pt\/","name":"Excel Advisor","description":"O seu guia definitivo para dominar os dados!","publisher":{"@id":"https:\/\/exceladvisor.org\/pt\/#organization"},"potentialAction":[{"@type":"SearchAction","target":{"@type":"EntryPoint","urlTemplate":"https:\/\/exceladvisor.org\/pt\/?s={search_term_string}"},"query-input":{"@type":"PropertyValueSpecification","valueRequired":true,"valueName":"search_term_string"}}],"inLanguage":"pt-PT"},{"@type":"Organization","@id":"https:\/\/exceladvisor.org\/pt\/#organization","name":"Excel Advisor","url":"https:\/\/exceladvisor.org\/pt\/","logo":{"@type":"ImageObject","inLanguage":"pt-PT","@id":"https:\/\/exceladvisor.org\/pt\/#\/schema\/logo\/image\/","url":"https:\/\/exceladvisor.org\/pt\/wp-content\/uploads\/2023\/12\/exceladvisor.org_.png","contentUrl":"https:\/\/exceladvisor.org\/pt\/wp-content\/uploads\/2023\/12\/exceladvisor.org_.png","width":105,"height":36,"caption":"Excel Advisor"},"image":{"@id":"https:\/\/exceladvisor.org\/pt\/#\/schema\/logo\/image\/"}}]}},"yoast_meta":{"yoast_wpseo_title":"","yoast_wpseo_metadesc":"","yoast_wpseo_canonical":""},"_links":{"self":[{"href":"https:\/\/exceladvisor.org\/pt\/wp-json\/wp\/v2\/pages\/580","targetHints":{"allow":["GET"]}}],"collection":[{"href":"https:\/\/exceladvisor.org\/pt\/wp-json\/wp\/v2\/pages"}],"about":[{"href":"https:\/\/exceladvisor.org\/pt\/wp-json\/wp\/v2\/types\/page"}],"author":[{"embeddable":true,"href":"https:\/\/exceladvisor.org\/pt\/wp-json\/wp\/v2\/users\/1"}],"replies":[{"embeddable":true,"href":"https:\/\/exceladvisor.org\/pt\/wp-json\/wp\/v2\/comments?post=580"}],"version-history":[{"count":1,"href":"https:\/\/exceladvisor.org\/pt\/wp-json\/wp\/v2\/pages\/580\/revisions"}],"predecessor-version":[{"id":750,"href":"https:\/\/exceladvisor.org\/pt\/wp-json\/wp\/v2\/pages\/580\/revisions\/750"}],"wp:attachment":[{"href":"https:\/\/exceladvisor.org\/pt\/wp-json\/wp\/v2\/media?parent=580"}],"curies":[{"name":"wp","href":"https:\/\/api.w.org\/{rel}","templated":true}]}}