{"id":581,"date":"2023-10-22T09:11:23","date_gmt":"2023-10-22T09:11:23","guid":{"rendered":"https:\/\/exceladvisor.org\/pt\/praia-chamada\/"},"modified":"2023-12-06T11:36:55","modified_gmt":"2023-12-06T11:36:55","slug":"praia-chamada","status":"publish","type":"page","link":"https:\/\/exceladvisor.org\/pt\/praia-chamada\/","title":{"rendered":"Como criar um intervalo nomeado usando vba?"},"content":{"rendered":"<div class=\"excel-before-content-2\" id=\"excel-2956630734\"><script type=\"text\/javascript\">\r\n\tatOptions = {\r\n\t\t'key' : 'c1158f160081d6540a8409e6925dab94',\r\n\t\t'format' : 'iframe',\r\n\t\t'height' : 250,\r\n\t\t'width' : 300,\r\n\t\t'params' : {}\r\n\t};\r\n<\/script>\r\n<script type=\"text\/javascript\" src=\"\/\/www.highperformanceformat.com\/c1158f160081d6540a8409e6925dab94\/invoke.js\"><\/script><\/div><div class=\"excel-before-content\" id=\"excel-545729768\"><script type=\"text\/javascript\">\r\n\tatOptions = {\r\n\t\t'key' : 'c1158f160081d6540a8409e6925dab94',\r\n\t\t'format' : 'iframe',\r\n\t\t'height' : 250,\r\n\t\t'width' : 300,\r\n\t\t'params' : {}\r\n\t};\r\n<\/script>\r\n<script type=\"text\/javascript\" src=\"\/\/www.highperformanceformat.com\/c1158f160081d6540a8409e6925dab94\/invoke.js\"><\/script><\/div> <p>Para criar um intervalo nomeado usando VBA, voc\u00ea precisa usar a propriedade \u201cNomes\u201d posteriormente com o m\u00e9todo \u201cAdicionar\u201d. No m\u00e9todo add voc\u00ea tem argumentos para definir qual nome deseja dar ao intervalo e especificar o endere\u00e7o do intervalo (certifique-se de usar o cifr\u00e3o com o endere\u00e7o para congelar o intervalo).<\/p><h2 class=\"wp-block-heading\"> Crie um intervalo de nomes usando VBA<\/h2><ol type=\"1\"><li> Defina a pasta de trabalho na qual deseja criar o intervalo nomeado.<\/li><li> Use a propriedade de nomes e adicione um m\u00e9todo adicional.<\/li><li> Especifique o nome no argumento \u201cNome\u201d.<\/li><li> Consulte o intervalo usando o argumento \u201cReferTo\u201d. <\/li><\/ol><div class=\"wp-block-image\"><figure class=\"aligncenter size-large is-resized\"><img loading=\"lazy\" decoding=\"async\" class=\"wp-image-53866\" src=\"https:\/\/exceladvisor.org\/wp-content\/uploads\/2023\/08\/1-creer-une-plage-de-noms-en-utilisant-vba.png\" sizes=\"auto, \" srcset=\"\" alt=\"crie um intervalo de nomes usando vba\" width=\"669\" height=\"284\"><\/figure><\/div><p> No exemplo acima, voc\u00ea tem a pasta de trabalho ativa, ent\u00e3o usando a propriedade &#8220;Nomes&#8221; com o m\u00e9todo &#8220;Adicionar&#8221; voc\u00ea define o nome do intervalo, e no final, o endere\u00e7o do intervalo que deseja usar.<\/p><p> Como eu disse anteriormente, no intervalo de endere\u00e7os voc\u00ea precisa usar o sinal $ para congelar o endere\u00e7o. Voc\u00ea tamb\u00e9m pode usar <a href=\"https:\/\/exceladvisor.org\/pt\/este-caderno\/\">ThisWorkbook para fazer refer\u00eancia \u00e0 pasta de trabalho na qual est\u00e1 escrevendo o c\u00f3digo<\/a> ou pode usar para fazer refer\u00eancia a outra pasta de trabalho usando o objeto pasta de trabalho.<\/p><h2 class=\"wp-block-heading\"> VBA para criar intervalo nomeado a partir da sele\u00e7\u00e3o<\/h2><p> Voc\u00ea tamb\u00e9m pode usar a propriedade de sele\u00e7\u00e3o para criar um intervalo nomeado a partir da sele\u00e7\u00e3o. Considere o seguinte c\u00f3digo.<\/p><pre class=\"wp-block-code\"> <code class=\"language-visual-basic\" lang=\"visual-basic\">ActiveSheet.Names.Add Name:=\"myRangeName\", RefersTo:=Selection<\/code><\/pre><p> E no c\u00f3digo a seguir <a href=\"https:\/\/exceladvisor.org\/pt\/caixa-de-mensagens-vba\/\">voc\u00ea tem uma caixa de mensagem<\/a> com a qual pode inserir o nome que deseja dar ao intervalo nomeado.<\/p><pre class=\"wp-block-code\"> <code class=\"language-visual-basic\" lang=\"visual-basic\">Sub vba_named_range() Dim iName As String iName = InputBox(\"Enter Name for the Selection.\") ActiveSheet.Names.Add Name:=iName, RefersTo:=Selection End Sub<\/code><\/pre><h2 class=\"wp-block-heading\"> Redimensione um intervalo nomeado usando VBA (Dynamic Named Range)<\/h2><p> Para redimensionar um intervalo nomeado que j\u00e1 est\u00e1 presente na planilha, voc\u00ea deve usar a propriedade resize e informar ao VBA quantas linhas e colunas deseja expandir do intervalo atual. Considere o c\u00f3digo a seguir que expande o intervalo denominado &#8220;myRange&#8221;, que inicialmente tem a c\u00e9lula A1 como intervalo, mas a redimensiona para a coluna M e a linha 11. <\/p><div class=\"wp-block-image\"><figure class=\"aligncenter size-large is-resized\"><img loading=\"lazy\" decoding=\"async\" class=\"wp-image-53867\" src=\"https:\/\/exceladvisor.org\/wp-content\/uploads\/2023\/08\/2-redimensionner-une-plage-nommee.png\" sizes=\"auto, \" srcset=\"\" alt=\"redimensionar um intervalo nomeado\" width=\"739\" height=\"465\"><\/figure><\/div><pre class=\"wp-block-code\"> <code class=\"language-visual-basic\" lang=\"visual-basic\">Sub vba_named_range() Dim iRow As Long Dim iColumn As Long iRow = ActiveSheet.Range(\"A1\").End(xlDown).Row iColumn = ActiveSheet.Range(\"A1\").End(xlToRight).Column ActiveSheet.Range(\"myRange\") _ .Resize(iRow, iColumn).Name = \"myRange\" End Sub<\/code><\/pre><p> Dividi isso em tr\u00eas partes para deixar isso claro para voc\u00ea, agora vamos ao que interessa. <\/p><div class=\"wp-block-image\"><figure class=\"aligncenter size-large is-resized\"><img loading=\"lazy\" decoding=\"async\" class=\"wp-image-53868\" src=\"https:\/\/exceladvisor.org\/wp-content\/uploads\/2023\/08\/3-divise-en-trois-parties.png\" sizes=\"auto, \" srcset=\"\" alt=\"dividido em tr\u00eas partes\" width=\"596\" height=\"351\"><\/figure><\/div><ul><li> Na PRIMEIRA parte voc\u00ea tem vari\u00e1veis declaradas para armazenar as linhas e n\u00famero de colunas.<\/li><li> Na SEGUNDA parte, voc\u00ea usou o m\u00e9todo &#8220;END&#8221; com o intervalo para obter a \u00faltima linha e coluna e armazen\u00e1-las para vari\u00e1veis.<\/li><li> Na Parte TR\u00caS, voc\u00ea usou a propriedade Resize com o intervalo denominado \u201cmyRange\u201d. E depois disso o n\u00famero da linha e da coluna que voc\u00ea tem nas vari\u00e1veis. <\/li><\/ul><div class=\"wp-block-image\"><figure class=\"aligncenter size-large is-resized\"><img loading=\"lazy\" decoding=\"async\" class=\"wp-image-53869\" src=\"https:\/\/exceladvisor.org\/wp-content\/uploads\/2023\/08\/4-variables-declarees-pour-stocker-des-lignes.png\" sizes=\"auto, \" srcset=\"\" alt=\"vari\u00e1veis declaradas para armazenar linhas\" width=\"656\" height=\"307\"><\/figure><\/div><p> Quando voc\u00ea executa esse c\u00f3digo, ele redimensiona o intervalo antigo com base nos dados que voc\u00ea possui e o torna um intervalo nomeado din\u00e2mico. Sempre que precisar atualiz\u00e1-lo, voc\u00ea pode executar o c\u00f3digo e redimensionar o intervalo nomeado existente.<\/p><div class=\"gb-container gb-container-4db6181c gb-container-mt\"> <a class=\"gb-button gb-button-c5897111 gb-button-text gb-button-mt-button\" href=\"https:\/\/exceladvisor.org\/pt\/vba\/\">O que \u00e9 VBA<\/a><h2 class=\"gb-headline gb-headline-665e5f6b gb-headline-text gb-headline-mt-heading\"> Tutoriais relacionados <\/h2><div class=\"gb-grid-wrapper gb-grid-wrapper-a20baf7c gb-grid-wrapper-mt-grid\"><div class=\"gb-grid-column gb-grid-column-65ddf67e\"><div class=\"gb-container gb-container-65ddf67e\"><ul><li> <a href=\"https:\/\/exceladvisor.org\/pt\/numero-de-linhas\/\">Contar linhas usando VBA no Excel<\/a><\/li><li> <a href=\"https:\/\/exceladvisor.org\/pt\/fonte-de-caracteres\/\">Fonte Excel VBA (cor, tamanho, tipo e negrito)<\/a><\/li><li> <a href=\"https:\/\/exceladvisor.org\/pt\/ocultar-mostrar-linha-da-coluna\/\">Excel VBA Ocultar e mostrar uma coluna ou linha<\/a><\/li><li> <a href=\"https:\/\/exceladvisor.org\/pt\/intervalo-1\/\">Intervalo Excel VBA \u2013 Trabalhando com intervalo e c\u00e9lulas<\/a><\/li><li> <a href=\"https:\/\/exceladvisor.org\/pt\/fronteiras\/\">Aplicar bordas a uma c\u00e9lula usando VBA no Excel<\/a><\/li><\/ul><\/div><\/div><\/div><\/div>","protected":false},"excerpt":{"rendered":"","protected":false},"author":1,"featured_media":0,"parent":0,"menu_order":0,"comment_status":"open","ping_status":"closed","template":"","meta":{"ub_ctt_via":"","footnotes":""},"class_list":["post-581","page","type-page","status-publish","hentry"],"featured_image_src":null,"yoast_head":"<!-- This site is optimized with the Yoast SEO plugin v25.4 - https:\/\/yoast.com\/wordpress\/plugins\/seo\/ -->\n<title>Como criar um intervalo nomeado usando VBA?<\/title>\n<meta name=\"description\" content=\"Aprenda como usar VBA para criar um NAMED RANGE no Excel. Intervalo nomeado da sele\u00e7\u00e3o + redimensionamento de um intervalo nomeado.\" \/>\n<meta name=\"robots\" content=\"index, follow, max-snippet:-1, max-image-preview:large, max-video-preview:-1\" \/>\n<link rel=\"canonical\" href=\"https:\/\/exceladvisor.org\/pt\/praia-chamada\/\" \/>\n<meta property=\"og:locale\" content=\"pt_PT\" \/>\n<meta property=\"og:type\" content=\"article\" \/>\n<meta property=\"og:title\" content=\"Como criar um intervalo nomeado usando VBA?\" \/>\n<meta property=\"og:description\" content=\"Aprenda como usar VBA para criar um NAMED RANGE no Excel. Intervalo nomeado da sele\u00e7\u00e3o + redimensionamento de um intervalo nomeado.\" \/>\n<meta property=\"og:url\" content=\"https:\/\/exceladvisor.org\/pt\/praia-chamada\/\" \/>\n<meta property=\"og:site_name\" content=\"Excel Advisor\" \/>\n<meta property=\"article:modified_time\" content=\"2023-12-06T11:36:55+00:00\" \/>\n<meta property=\"og:image\" content=\"https:\/\/exceladvisor.org\/wp-content\/uploads\/2023\/08\/1-creer-une-plage-de-noms-en-utilisant-vba.png\" \/>\n<meta name=\"twitter:card\" content=\"summary_large_image\" \/>\n<meta name=\"twitter:label1\" content=\"Tempo estimado de leitura\" \/>\n\t<meta name=\"twitter:data1\" content=\"3 minutos\" \/>\n<script type=\"application\/ld+json\" class=\"yoast-schema-graph\">{\"@context\":\"https:\/\/schema.org\",\"@graph\":[{\"@type\":\"WebPage\",\"@id\":\"https:\/\/exceladvisor.org\/pt\/praia-chamada\/\",\"url\":\"https:\/\/exceladvisor.org\/pt\/praia-chamada\/\",\"name\":\"Como criar um intervalo nomeado usando VBA?\",\"isPartOf\":{\"@id\":\"https:\/\/exceladvisor.org\/pt\/#website\"},\"primaryImageOfPage\":{\"@id\":\"https:\/\/exceladvisor.org\/pt\/praia-chamada\/#primaryimage\"},\"image\":{\"@id\":\"https:\/\/exceladvisor.org\/pt\/praia-chamada\/#primaryimage\"},\"thumbnailUrl\":\"https:\/\/exceladvisor.org\/wp-content\/uploads\/2023\/08\/1-creer-une-plage-de-noms-en-utilisant-vba.png\",\"datePublished\":\"2023-10-22T09:11:23+00:00\",\"dateModified\":\"2023-12-06T11:36:55+00:00\",\"description\":\"Aprenda como usar VBA para criar um NAMED RANGE no Excel. Intervalo nomeado da sele\u00e7\u00e3o + redimensionamento de um intervalo nomeado.\",\"breadcrumb\":{\"@id\":\"https:\/\/exceladvisor.org\/pt\/praia-chamada\/#breadcrumb\"},\"inLanguage\":\"pt-PT\",\"potentialAction\":[{\"@type\":\"ReadAction\",\"target\":[\"https:\/\/exceladvisor.org\/pt\/praia-chamada\/\"]}]},{\"@type\":\"ImageObject\",\"inLanguage\":\"pt-PT\",\"@id\":\"https:\/\/exceladvisor.org\/pt\/praia-chamada\/#primaryimage\",\"url\":\"https:\/\/exceladvisor.org\/wp-content\/uploads\/2023\/08\/1-creer-une-plage-de-noms-en-utilisant-vba.png\",\"contentUrl\":\"https:\/\/exceladvisor.org\/wp-content\/uploads\/2023\/08\/1-creer-une-plage-de-noms-en-utilisant-vba.png\"},{\"@type\":\"BreadcrumbList\",\"@id\":\"https:\/\/exceladvisor.org\/pt\/praia-chamada\/#breadcrumb\",\"itemListElement\":[{\"@type\":\"ListItem\",\"position\":1,\"name\":\"Lar\",\"item\":\"https:\/\/exceladvisor.org\/pt\/\"},{\"@type\":\"ListItem\",\"position\":2,\"name\":\"Como criar um intervalo nomeado usando vba?\"}]},{\"@type\":\"WebSite\",\"@id\":\"https:\/\/exceladvisor.org\/pt\/#website\",\"url\":\"https:\/\/exceladvisor.org\/pt\/\",\"name\":\"Excel Advisor\",\"description\":\"O seu guia definitivo para dominar os dados!\",\"publisher\":{\"@id\":\"https:\/\/exceladvisor.org\/pt\/#organization\"},\"potentialAction\":[{\"@type\":\"SearchAction\",\"target\":{\"@type\":\"EntryPoint\",\"urlTemplate\":\"https:\/\/exceladvisor.org\/pt\/?s={search_term_string}\"},\"query-input\":{\"@type\":\"PropertyValueSpecification\",\"valueRequired\":true,\"valueName\":\"search_term_string\"}}],\"inLanguage\":\"pt-PT\"},{\"@type\":\"Organization\",\"@id\":\"https:\/\/exceladvisor.org\/pt\/#organization\",\"name\":\"Excel Advisor\",\"url\":\"https:\/\/exceladvisor.org\/pt\/\",\"logo\":{\"@type\":\"ImageObject\",\"inLanguage\":\"pt-PT\",\"@id\":\"https:\/\/exceladvisor.org\/pt\/#\/schema\/logo\/image\/\",\"url\":\"https:\/\/exceladvisor.org\/pt\/wp-content\/uploads\/2023\/12\/exceladvisor.org_.png\",\"contentUrl\":\"https:\/\/exceladvisor.org\/pt\/wp-content\/uploads\/2023\/12\/exceladvisor.org_.png\",\"width\":105,\"height\":36,\"caption\":\"Excel Advisor\"},\"image\":{\"@id\":\"https:\/\/exceladvisor.org\/pt\/#\/schema\/logo\/image\/\"}}]}<\/script>\n<!-- \/ Yoast SEO plugin. -->","yoast_head_json":{"title":"Como criar um intervalo nomeado usando VBA?","description":"Aprenda como usar VBA para criar um NAMED RANGE no Excel. Intervalo nomeado da sele\u00e7\u00e3o + redimensionamento de um intervalo nomeado.","robots":{"index":"index","follow":"follow","max-snippet":"max-snippet:-1","max-image-preview":"max-image-preview:large","max-video-preview":"max-video-preview:-1"},"canonical":"https:\/\/exceladvisor.org\/pt\/praia-chamada\/","og_locale":"pt_PT","og_type":"article","og_title":"Como criar um intervalo nomeado usando VBA?","og_description":"Aprenda como usar VBA para criar um NAMED RANGE no Excel. Intervalo nomeado da sele\u00e7\u00e3o + redimensionamento de um intervalo nomeado.","og_url":"https:\/\/exceladvisor.org\/pt\/praia-chamada\/","og_site_name":"Excel Advisor","article_modified_time":"2023-12-06T11:36:55+00:00","og_image":[{"url":"https:\/\/exceladvisor.org\/wp-content\/uploads\/2023\/08\/1-creer-une-plage-de-noms-en-utilisant-vba.png","type":"","width":"","height":""}],"twitter_card":"summary_large_image","twitter_misc":{"Tempo estimado de leitura":"3 minutos"},"schema":{"@context":"https:\/\/schema.org","@graph":[{"@type":"WebPage","@id":"https:\/\/exceladvisor.org\/pt\/praia-chamada\/","url":"https:\/\/exceladvisor.org\/pt\/praia-chamada\/","name":"Como criar um intervalo nomeado usando VBA?","isPartOf":{"@id":"https:\/\/exceladvisor.org\/pt\/#website"},"primaryImageOfPage":{"@id":"https:\/\/exceladvisor.org\/pt\/praia-chamada\/#primaryimage"},"image":{"@id":"https:\/\/exceladvisor.org\/pt\/praia-chamada\/#primaryimage"},"thumbnailUrl":"https:\/\/exceladvisor.org\/wp-content\/uploads\/2023\/08\/1-creer-une-plage-de-noms-en-utilisant-vba.png","datePublished":"2023-10-22T09:11:23+00:00","dateModified":"2023-12-06T11:36:55+00:00","description":"Aprenda como usar VBA para criar um NAMED RANGE no Excel. Intervalo nomeado da sele\u00e7\u00e3o + redimensionamento de um intervalo nomeado.","breadcrumb":{"@id":"https:\/\/exceladvisor.org\/pt\/praia-chamada\/#breadcrumb"},"inLanguage":"pt-PT","potentialAction":[{"@type":"ReadAction","target":["https:\/\/exceladvisor.org\/pt\/praia-chamada\/"]}]},{"@type":"ImageObject","inLanguage":"pt-PT","@id":"https:\/\/exceladvisor.org\/pt\/praia-chamada\/#primaryimage","url":"https:\/\/exceladvisor.org\/wp-content\/uploads\/2023\/08\/1-creer-une-plage-de-noms-en-utilisant-vba.png","contentUrl":"https:\/\/exceladvisor.org\/wp-content\/uploads\/2023\/08\/1-creer-une-plage-de-noms-en-utilisant-vba.png"},{"@type":"BreadcrumbList","@id":"https:\/\/exceladvisor.org\/pt\/praia-chamada\/#breadcrumb","itemListElement":[{"@type":"ListItem","position":1,"name":"Lar","item":"https:\/\/exceladvisor.org\/pt\/"},{"@type":"ListItem","position":2,"name":"Como criar um intervalo nomeado usando vba?"}]},{"@type":"WebSite","@id":"https:\/\/exceladvisor.org\/pt\/#website","url":"https:\/\/exceladvisor.org\/pt\/","name":"Excel Advisor","description":"O seu guia definitivo para dominar os dados!","publisher":{"@id":"https:\/\/exceladvisor.org\/pt\/#organization"},"potentialAction":[{"@type":"SearchAction","target":{"@type":"EntryPoint","urlTemplate":"https:\/\/exceladvisor.org\/pt\/?s={search_term_string}"},"query-input":{"@type":"PropertyValueSpecification","valueRequired":true,"valueName":"search_term_string"}}],"inLanguage":"pt-PT"},{"@type":"Organization","@id":"https:\/\/exceladvisor.org\/pt\/#organization","name":"Excel Advisor","url":"https:\/\/exceladvisor.org\/pt\/","logo":{"@type":"ImageObject","inLanguage":"pt-PT","@id":"https:\/\/exceladvisor.org\/pt\/#\/schema\/logo\/image\/","url":"https:\/\/exceladvisor.org\/pt\/wp-content\/uploads\/2023\/12\/exceladvisor.org_.png","contentUrl":"https:\/\/exceladvisor.org\/pt\/wp-content\/uploads\/2023\/12\/exceladvisor.org_.png","width":105,"height":36,"caption":"Excel Advisor"},"image":{"@id":"https:\/\/exceladvisor.org\/pt\/#\/schema\/logo\/image\/"}}]}},"yoast_meta":{"yoast_wpseo_title":"","yoast_wpseo_metadesc":"","yoast_wpseo_canonical":""},"_links":{"self":[{"href":"https:\/\/exceladvisor.org\/pt\/wp-json\/wp\/v2\/pages\/581","targetHints":{"allow":["GET"]}}],"collection":[{"href":"https:\/\/exceladvisor.org\/pt\/wp-json\/wp\/v2\/pages"}],"about":[{"href":"https:\/\/exceladvisor.org\/pt\/wp-json\/wp\/v2\/types\/page"}],"author":[{"embeddable":true,"href":"https:\/\/exceladvisor.org\/pt\/wp-json\/wp\/v2\/users\/1"}],"replies":[{"embeddable":true,"href":"https:\/\/exceladvisor.org\/pt\/wp-json\/wp\/v2\/comments?post=581"}],"version-history":[{"count":1,"href":"https:\/\/exceladvisor.org\/pt\/wp-json\/wp\/v2\/pages\/581\/revisions"}],"predecessor-version":[{"id":995,"href":"https:\/\/exceladvisor.org\/pt\/wp-json\/wp\/v2\/pages\/581\/revisions\/995"}],"wp:attachment":[{"href":"https:\/\/exceladvisor.org\/pt\/wp-json\/wp\/v2\/media?parent=581"}],"curies":[{"name":"wp","href":"https:\/\/api.w.org\/{rel}","templated":true}]}}