{"id":583,"date":"2023-10-22T04:56:33","date_gmt":"2023-10-22T04:56:33","guid":{"rendered":"https:\/\/exceladvisor.org\/pt\/vlookup-de-outra-planilha\/"},"modified":"2023-12-06T11:50:23","modified_gmt":"2023-12-06T11:50:23","slug":"vlookup-de-outra-planilha","status":"publish","type":"page","link":"https:\/\/exceladvisor.org\/pt\/vlookup-de-outra-planilha\/","title":{"rendered":"Como usar vlookup de outra planilha?"},"content":{"rendered":"<div class=\"excel-before-content-2\" id=\"excel-3602329554\"><script type=\"text\/javascript\">\r\n\tatOptions = {\r\n\t\t'key' : 'c1158f160081d6540a8409e6925dab94',\r\n\t\t'format' : 'iframe',\r\n\t\t'height' : 250,\r\n\t\t'width' : 300,\r\n\t\t'params' : {}\r\n\t};\r\n<\/script>\r\n<script type=\"text\/javascript\" src=\"\/\/www.highperformanceformat.com\/c1158f160081d6540a8409e6925dab94\/invoke.js\"><\/script><\/div><div class=\"excel-before-content\" id=\"excel-3172542030\"><script type=\"text\/javascript\">\r\n\tatOptions = {\r\n\t\t'key' : 'c1158f160081d6540a8409e6925dab94',\r\n\t\t'format' : 'iframe',\r\n\t\t'height' : 250,\r\n\t\t'width' : 300,\r\n\t\t'params' : {}\r\n\t};\r\n<\/script>\r\n<script type=\"text\/javascript\" src=\"\/\/www.highperformanceformat.com\/c1158f160081d6540a8409e6925dab94\/invoke.js\"><\/script><\/div> <p>Quando quiser pesquisar um valor nos dados de outra planilha, voc\u00ea pode usar VLOOKUP. E este tutorial explica isso com um exemplo f\u00e1cil de seguir. <\/p><div class=\"wp-block-image\"><figure class=\"aligncenter size-full is-resized\"><img loading=\"lazy\" decoding=\"async\" class=\"wp-image-83718\" src=\"https:\/\/exceladvisor.org\/wp-content\/uploads\/2023\/08\/1-vlookup-depuis-une-autre-feuille.png\" sizes=\"auto, \" srcset=\"\" alt=\"vlookup-de-outra-planilha\" width=\"785\" height=\"406\"><\/figure><\/div><p> Voc\u00ea pode usar as etapas abaixo para escrever esta f\u00f3rmula:<\/p><ol><li> Primeiro, insira VLOOKUP em uma c\u00e9lula, e o argumento lookup_value refere-se \u00e0 c\u00e9lula onde voc\u00ea tem o valor de pesquisa. <br><img loading=\"lazy\" decoding=\"async\" title=\"2-enter-vlookup-in-cell\" src=\"https:\/\/exceladvisor.org\/wp-content\/uploads\/2023\/08\/2-entrez-vlookup-dans-la-cellule.png\" sizes=\"auto, \" srcset=\"\" alt=\"enter-vlookup-in-cell\" width=\"523\" height=\"260\"><\/li><li> Depois disso, digite um comando e clique em \u201cPlanilha 2\u201d para abri-lo. <br><img loading=\"lazy\" decoding=\"async\" title=\"3-insira uma v\u00edrgula e clique em outra planilha\" src=\"https:\/\/exceladvisor.org\/wp-content\/uploads\/2023\/08\/3-entrez-une-virgule-et-cliquez-sur-une-autre-feuille.png\" sizes=\"auto, \" srcset=\"\" alt=\"enter-comma-and-click-another-sheet\" width=\"513\" height=\"197\"><\/li><li> Agora na \u201cPlanilha 2\u201d selecione a tabela onde est\u00e1 o ID e a quantidade do produto. <br><img loading=\"lazy\" decoding=\"async\" title=\"4-selecione-a-tabela-onde-voc\u00ea-tem-dados-para-pesquisar\" src=\"https:\/\/exceladvisor.org\/wp-content\/uploads\/2023\/08\/4-selectionnez-la-table-dans-laquelle-vous-avez-des-donnees-a-rechercher.png\" sizes=\"auto, \" srcset=\"\" alt=\"select-the-table-where-you-have-data-to-lookup\" width=\"475\" height=\"389\"><\/li><li> Em seguida, insira uma v\u00edrgula novamente e especifique 2 no argumento col_index_num. <br><img loading=\"lazy\" decoding=\"async\" title=\"5-insira uma v\u00edrgula e especifique um argumento num\u00e9rico\" src=\"https:\/\/exceladvisor.org\/wp-content\/uploads\/2023\/08\/5-entrez-une-virgule-et-specifiez-un-argument-numerique.png\" sizes=\"auto, \" srcset=\"\" alt=\"enter-comma-and-specify-number-argument\" width=\"463\" height=\"109\"><\/li><li> A partir da\u00ed, em [range_lookup], insira 0 ou FALSE para uma pesquisa de correspond\u00eancia exata. <br><img loading=\"lazy\" decoding=\"async\" title=\"6-digite zero ou falso para correspond\u00eancia exata\" src=\"https:\/\/exceladvisor.org\/wp-content\/uploads\/2023\/08\/6-entrez-zero-ou-faux-pour-une-correspondance-exacte.png\" sizes=\"auto, \" srcset=\"\" alt=\"enter-zero-or-false-for-exact-match\" width=\"464\" height=\"107\"><\/li><li> Ao final, feche a fun\u00e7\u00e3o e pressione Enter para obter o resultado na c\u00e9lula \u201c1\u201d da planilha. <br><img loading=\"lazy\" decoding=\"async\" title=\"Fun\u00e7\u00e3o 7 finalmente fechar\" src=\"https:\/\/exceladvisor.org\/wp-content\/uploads\/2023\/08\/7-a-la-fin-fermer-la-fonction.png\" sizes=\"auto, \" srcset=\"\" alt=\"in-the-end-close-the-function\" width=\"451\" height=\"227\"><\/li><\/ol><h2 class=\"wp-block-heading\"> Anota\u00e7\u00f5es importantes<\/h2><p> Se voc\u00ea alterar o nome da planilha onde est\u00e3o os dados, o Excel tamb\u00e9m \u00e9 inteligente o suficiente para alter\u00e1-lo em sua f\u00f3rmula. Ent\u00e3o voc\u00ea n\u00e3o precisa se preocupar antes de mudar o nome das planilhas. <\/p><div class=\"wp-block-image\"><figure class=\"aligncenter size-full is-resized\"><img loading=\"lazy\" decoding=\"async\" class=\"wp-image-83726\" src=\"https:\/\/exceladvisor.org\/wp-content\/uploads\/2023\/08\/8-changement-de-nom-de-feuille-est-mis-a-jour-dans-la-formule.png\" sizes=\"auto, \" srcset=\"\" alt=\"a altera\u00e7\u00e3o do nome da planilha \u00e9 atualizada na f\u00f3rmula\" width=\"519\" height=\"262\"><\/figure><\/div><p> Mas voc\u00ea precisa ter certeza de que, depois que a planilha de dados for exclu\u00edda, sua f\u00f3rmula exibir\u00e1 o #REF! Erro no resultado. E n\u00e3o h\u00e1 como recuperar uma planilha. <\/p><div class=\"wp-block-image\"><figure class=\"aligncenter size-full is-resized\"><img loading=\"lazy\" decoding=\"async\" class=\"wp-image-83727\" src=\"https:\/\/exceladvisor.org\/wp-content\/uploads\/2023\/08\/9-supprimer-la-feuille-donne-une-erreur-de-reference.png\" sizes=\"auto, \" srcset=\"\" alt=\"excluir planilha d\u00e1 erro de refer\u00eancia\" width=\"516\" height=\"298\"><\/figure><\/div><p> Voc\u00ea tamb\u00e9m pode transformar dados de outra planilha em um intervalo nomeado e referenci\u00e1-los em VLOOKUP. Com isso, voc\u00ea n\u00e3o precisa abrir a segunda planilha na hora de escrever a f\u00f3rmula. Em vez disso, voc\u00ea pode inserir o intervalo nomeado e o Excel far\u00e1 refer\u00eancia aos dados. <\/p><div class=\"wp-block-image\"><figure class=\"aligncenter size-full is-resized\"><img loading=\"lazy\" decoding=\"async\" class=\"wp-image-83729\" src=\"https:\/\/exceladvisor.org\/wp-content\/uploads\/2023\/08\/10-donnees-de-la-plage-de-noms.png\" sizes=\"auto, \" srcset=\"\" alt=\"dados do intervalo de nomes\" width=\"511\" height=\"295\"><\/figure><\/div><div class=\"gb-container gb-container-52dfcee1 gb-container-sample-file\"><h2 class=\"gb-headline gb-headline-e289c143 gb-headline-text gb-headline-4f7959c2\"> Obtenha o arquivo Excel<\/h2> <a class=\"gb-button gb-button-e88d6bee gb-button-text gb-button-button1\" href=\"https:\/\/exceladvisor.org\/pt\/a\/\" rel=\"nofollow\">Download<\/a><\/div><div class=\"gb-container gb-container-0df56012 gb-container-mt\"> <a class=\"gb-button gb-button-f9f432f4 gb-button-text gb-button-mt-button\" href=\"https:\/\/exceladvisor.org\/pt\/formulas\/\">Lista de f\u00f3rmulas do Excel<\/a><h2 class=\"gb-headline gb-headline-233444e8 gb-headline-text gb-headline-mt-heading\"> F\u00f3rmulas relacionadas <\/h2><div class=\"gb-grid-wrapper gb-grid-wrapper-a16fa65c gb-grid-wrapper-mt-grid\"><div class=\"gb-grid-column gb-grid-column-50d07e0d\"><div class=\"gb-container gb-container-50d07e0d\"><ul><li> <a href=\"https:\/\/exceladvisor.org\/pt\/iferror-vlookup\/\">IFERROR com VLOOKUP no Excel para substituir #N\/A no Excel<\/a><\/li><li> <a href=\"https:\/\/exceladvisor.org\/pt\/pesquisa-bidirecional\/\">Execute uma pesquisa bidirecional no Excel<\/a><\/li><li> <a href=\"https:\/\/exceladvisor.org\/pt\/pesquisa-reversa\/\">PROCV invertido (para tr\u00e1s: da direita para a esquerda) no Excel<\/a><\/li><li> <a href=\"https:\/\/exceladvisor.org\/pt\/correspondencia-vsearch\/\">Combinando VLOOKUP MATCH no Excel<\/a><\/li><li> <a href=\"https:\/\/exceladvisor.org\/pt\/vlookup-varios-criterios\/\">VLOOKUP com v\u00e1rios crit\u00e9rios no Excel<\/a><\/li><\/ul><\/div><\/div><\/div><\/div>","protected":false},"excerpt":{"rendered":"","protected":false},"author":1,"featured_media":0,"parent":0,"menu_order":0,"comment_status":"open","ping_status":"closed","template":"","meta":{"ub_ctt_via":"","footnotes":""},"class_list":["post-583","page","type-page","status-publish","hentry"],"featured_image_src":null,"yoast_head":"<!-- This site is optimized with the Yoast SEO plugin v25.4 - https:\/\/yoast.com\/wordpress\/plugins\/seo\/ -->\n<title>Como usar VLOOKUP de outra planilha?<\/title>\n<meta name=\"description\" content=\"Este tutorial vai te ensinar como escrever uma f\u00f3rmula Excel para realizar um VLOOKUP de outra planilha. Vamos verificar isso\u2026\" \/>\n<meta name=\"robots\" content=\"index, follow, max-snippet:-1, max-image-preview:large, max-video-preview:-1\" \/>\n<link rel=\"canonical\" href=\"https:\/\/exceladvisor.org\/pt\/vlookup-de-outra-planilha\/\" \/>\n<meta property=\"og:locale\" content=\"pt_PT\" \/>\n<meta property=\"og:type\" content=\"article\" \/>\n<meta property=\"og:title\" content=\"Como usar VLOOKUP de outra planilha?\" \/>\n<meta property=\"og:description\" content=\"Este tutorial vai te ensinar como escrever uma f\u00f3rmula Excel para realizar um VLOOKUP de outra planilha. Vamos verificar isso\u2026\" \/>\n<meta property=\"og:url\" content=\"https:\/\/exceladvisor.org\/pt\/vlookup-de-outra-planilha\/\" \/>\n<meta property=\"og:site_name\" content=\"Excel Advisor\" \/>\n<meta property=\"article:modified_time\" content=\"2023-12-06T11:50:23+00:00\" \/>\n<meta property=\"og:image\" content=\"https:\/\/exceladvisor.org\/wp-content\/uploads\/2023\/08\/1-vlookup-depuis-une-autre-feuille.png\" \/>\n<meta name=\"twitter:card\" content=\"summary_large_image\" \/>\n<meta name=\"twitter:label1\" content=\"Tempo estimado de leitura\" \/>\n\t<meta name=\"twitter:data1\" content=\"2 minutos\" \/>\n<script type=\"application\/ld+json\" class=\"yoast-schema-graph\">{\"@context\":\"https:\/\/schema.org\",\"@graph\":[{\"@type\":\"WebPage\",\"@id\":\"https:\/\/exceladvisor.org\/pt\/vlookup-de-outra-planilha\/\",\"url\":\"https:\/\/exceladvisor.org\/pt\/vlookup-de-outra-planilha\/\",\"name\":\"Como usar VLOOKUP de outra planilha?\",\"isPartOf\":{\"@id\":\"https:\/\/exceladvisor.org\/pt\/#website\"},\"primaryImageOfPage\":{\"@id\":\"https:\/\/exceladvisor.org\/pt\/vlookup-de-outra-planilha\/#primaryimage\"},\"image\":{\"@id\":\"https:\/\/exceladvisor.org\/pt\/vlookup-de-outra-planilha\/#primaryimage\"},\"thumbnailUrl\":\"https:\/\/exceladvisor.org\/wp-content\/uploads\/2023\/08\/1-vlookup-depuis-une-autre-feuille.png\",\"datePublished\":\"2023-10-22T04:56:33+00:00\",\"dateModified\":\"2023-12-06T11:50:23+00:00\",\"description\":\"Este tutorial vai te ensinar como escrever uma f\u00f3rmula Excel para realizar um VLOOKUP de outra planilha. Vamos verificar isso\u2026\",\"breadcrumb\":{\"@id\":\"https:\/\/exceladvisor.org\/pt\/vlookup-de-outra-planilha\/#breadcrumb\"},\"inLanguage\":\"pt-PT\",\"potentialAction\":[{\"@type\":\"ReadAction\",\"target\":[\"https:\/\/exceladvisor.org\/pt\/vlookup-de-outra-planilha\/\"]}]},{\"@type\":\"ImageObject\",\"inLanguage\":\"pt-PT\",\"@id\":\"https:\/\/exceladvisor.org\/pt\/vlookup-de-outra-planilha\/#primaryimage\",\"url\":\"https:\/\/exceladvisor.org\/wp-content\/uploads\/2023\/08\/1-vlookup-depuis-une-autre-feuille.png\",\"contentUrl\":\"https:\/\/exceladvisor.org\/wp-content\/uploads\/2023\/08\/1-vlookup-depuis-une-autre-feuille.png\"},{\"@type\":\"BreadcrumbList\",\"@id\":\"https:\/\/exceladvisor.org\/pt\/vlookup-de-outra-planilha\/#breadcrumb\",\"itemListElement\":[{\"@type\":\"ListItem\",\"position\":1,\"name\":\"Lar\",\"item\":\"https:\/\/exceladvisor.org\/pt\/\"},{\"@type\":\"ListItem\",\"position\":2,\"name\":\"Como usar vlookup de outra planilha?\"}]},{\"@type\":\"WebSite\",\"@id\":\"https:\/\/exceladvisor.org\/pt\/#website\",\"url\":\"https:\/\/exceladvisor.org\/pt\/\",\"name\":\"Excel Advisor\",\"description\":\"O seu guia definitivo para dominar os dados!\",\"publisher\":{\"@id\":\"https:\/\/exceladvisor.org\/pt\/#organization\"},\"potentialAction\":[{\"@type\":\"SearchAction\",\"target\":{\"@type\":\"EntryPoint\",\"urlTemplate\":\"https:\/\/exceladvisor.org\/pt\/?s={search_term_string}\"},\"query-input\":{\"@type\":\"PropertyValueSpecification\",\"valueRequired\":true,\"valueName\":\"search_term_string\"}}],\"inLanguage\":\"pt-PT\"},{\"@type\":\"Organization\",\"@id\":\"https:\/\/exceladvisor.org\/pt\/#organization\",\"name\":\"Excel Advisor\",\"url\":\"https:\/\/exceladvisor.org\/pt\/\",\"logo\":{\"@type\":\"ImageObject\",\"inLanguage\":\"pt-PT\",\"@id\":\"https:\/\/exceladvisor.org\/pt\/#\/schema\/logo\/image\/\",\"url\":\"https:\/\/exceladvisor.org\/pt\/wp-content\/uploads\/2023\/12\/exceladvisor.org_.png\",\"contentUrl\":\"https:\/\/exceladvisor.org\/pt\/wp-content\/uploads\/2023\/12\/exceladvisor.org_.png\",\"width\":105,\"height\":36,\"caption\":\"Excel Advisor\"},\"image\":{\"@id\":\"https:\/\/exceladvisor.org\/pt\/#\/schema\/logo\/image\/\"}}]}<\/script>\n<!-- \/ Yoast SEO plugin. -->","yoast_head_json":{"title":"Como usar VLOOKUP de outra planilha?","description":"Este tutorial vai te ensinar como escrever uma f\u00f3rmula Excel para realizar um VLOOKUP de outra planilha. Vamos verificar isso\u2026","robots":{"index":"index","follow":"follow","max-snippet":"max-snippet:-1","max-image-preview":"max-image-preview:large","max-video-preview":"max-video-preview:-1"},"canonical":"https:\/\/exceladvisor.org\/pt\/vlookup-de-outra-planilha\/","og_locale":"pt_PT","og_type":"article","og_title":"Como usar VLOOKUP de outra planilha?","og_description":"Este tutorial vai te ensinar como escrever uma f\u00f3rmula Excel para realizar um VLOOKUP de outra planilha. Vamos verificar isso\u2026","og_url":"https:\/\/exceladvisor.org\/pt\/vlookup-de-outra-planilha\/","og_site_name":"Excel Advisor","article_modified_time":"2023-12-06T11:50:23+00:00","og_image":[{"url":"https:\/\/exceladvisor.org\/wp-content\/uploads\/2023\/08\/1-vlookup-depuis-une-autre-feuille.png","type":"","width":"","height":""}],"twitter_card":"summary_large_image","twitter_misc":{"Tempo estimado de leitura":"2 minutos"},"schema":{"@context":"https:\/\/schema.org","@graph":[{"@type":"WebPage","@id":"https:\/\/exceladvisor.org\/pt\/vlookup-de-outra-planilha\/","url":"https:\/\/exceladvisor.org\/pt\/vlookup-de-outra-planilha\/","name":"Como usar VLOOKUP de outra planilha?","isPartOf":{"@id":"https:\/\/exceladvisor.org\/pt\/#website"},"primaryImageOfPage":{"@id":"https:\/\/exceladvisor.org\/pt\/vlookup-de-outra-planilha\/#primaryimage"},"image":{"@id":"https:\/\/exceladvisor.org\/pt\/vlookup-de-outra-planilha\/#primaryimage"},"thumbnailUrl":"https:\/\/exceladvisor.org\/wp-content\/uploads\/2023\/08\/1-vlookup-depuis-une-autre-feuille.png","datePublished":"2023-10-22T04:56:33+00:00","dateModified":"2023-12-06T11:50:23+00:00","description":"Este tutorial vai te ensinar como escrever uma f\u00f3rmula Excel para realizar um VLOOKUP de outra planilha. Vamos verificar isso\u2026","breadcrumb":{"@id":"https:\/\/exceladvisor.org\/pt\/vlookup-de-outra-planilha\/#breadcrumb"},"inLanguage":"pt-PT","potentialAction":[{"@type":"ReadAction","target":["https:\/\/exceladvisor.org\/pt\/vlookup-de-outra-planilha\/"]}]},{"@type":"ImageObject","inLanguage":"pt-PT","@id":"https:\/\/exceladvisor.org\/pt\/vlookup-de-outra-planilha\/#primaryimage","url":"https:\/\/exceladvisor.org\/wp-content\/uploads\/2023\/08\/1-vlookup-depuis-une-autre-feuille.png","contentUrl":"https:\/\/exceladvisor.org\/wp-content\/uploads\/2023\/08\/1-vlookup-depuis-une-autre-feuille.png"},{"@type":"BreadcrumbList","@id":"https:\/\/exceladvisor.org\/pt\/vlookup-de-outra-planilha\/#breadcrumb","itemListElement":[{"@type":"ListItem","position":1,"name":"Lar","item":"https:\/\/exceladvisor.org\/pt\/"},{"@type":"ListItem","position":2,"name":"Como usar vlookup de outra planilha?"}]},{"@type":"WebSite","@id":"https:\/\/exceladvisor.org\/pt\/#website","url":"https:\/\/exceladvisor.org\/pt\/","name":"Excel Advisor","description":"O seu guia definitivo para dominar os dados!","publisher":{"@id":"https:\/\/exceladvisor.org\/pt\/#organization"},"potentialAction":[{"@type":"SearchAction","target":{"@type":"EntryPoint","urlTemplate":"https:\/\/exceladvisor.org\/pt\/?s={search_term_string}"},"query-input":{"@type":"PropertyValueSpecification","valueRequired":true,"valueName":"search_term_string"}}],"inLanguage":"pt-PT"},{"@type":"Organization","@id":"https:\/\/exceladvisor.org\/pt\/#organization","name":"Excel Advisor","url":"https:\/\/exceladvisor.org\/pt\/","logo":{"@type":"ImageObject","inLanguage":"pt-PT","@id":"https:\/\/exceladvisor.org\/pt\/#\/schema\/logo\/image\/","url":"https:\/\/exceladvisor.org\/pt\/wp-content\/uploads\/2023\/12\/exceladvisor.org_.png","contentUrl":"https:\/\/exceladvisor.org\/pt\/wp-content\/uploads\/2023\/12\/exceladvisor.org_.png","width":105,"height":36,"caption":"Excel Advisor"},"image":{"@id":"https:\/\/exceladvisor.org\/pt\/#\/schema\/logo\/image\/"}}]}},"yoast_meta":{"yoast_wpseo_title":"","yoast_wpseo_metadesc":"","yoast_wpseo_canonical":""},"_links":{"self":[{"href":"https:\/\/exceladvisor.org\/pt\/wp-json\/wp\/v2\/pages\/583","targetHints":{"allow":["GET"]}}],"collection":[{"href":"https:\/\/exceladvisor.org\/pt\/wp-json\/wp\/v2\/pages"}],"about":[{"href":"https:\/\/exceladvisor.org\/pt\/wp-json\/wp\/v2\/types\/page"}],"author":[{"embeddable":true,"href":"https:\/\/exceladvisor.org\/pt\/wp-json\/wp\/v2\/users\/1"}],"replies":[{"embeddable":true,"href":"https:\/\/exceladvisor.org\/pt\/wp-json\/wp\/v2\/comments?post=583"}],"version-history":[{"count":1,"href":"https:\/\/exceladvisor.org\/pt\/wp-json\/wp\/v2\/pages\/583\/revisions"}],"predecessor-version":[{"id":1387,"href":"https:\/\/exceladvisor.org\/pt\/wp-json\/wp\/v2\/pages\/583\/revisions\/1387"}],"wp:attachment":[{"href":"https:\/\/exceladvisor.org\/pt\/wp-json\/wp\/v2\/media?parent=583"}],"curies":[{"name":"wp","href":"https:\/\/api.w.org\/{rel}","templated":true}]}}