{"id":584,"date":"2023-10-22T04:39:17","date_gmt":"2023-10-22T04:39:17","guid":{"rendered":"https:\/\/exceladvisor.org\/pt\/domingo-anterior-2\/"},"modified":"2023-12-06T11:38:34","modified_gmt":"2023-12-06T11:38:34","slug":"domingo-anterior-2","status":"publish","type":"page","link":"https:\/\/exceladvisor.org\/pt\/domingo-anterior-2\/","title":{"rendered":"Como obter a data do domingo anterior no excel?"},"content":{"rendered":"<div class=\"excel-before-content-2\" id=\"excel-2108911243\"><script type=\"text\/javascript\">\r\n\tatOptions = {\r\n\t\t'key' : 'c1158f160081d6540a8409e6925dab94',\r\n\t\t'format' : 'iframe',\r\n\t\t'height' : 250,\r\n\t\t'width' : 300,\r\n\t\t'params' : {}\r\n\t};\r\n<\/script>\r\n<script type=\"text\/javascript\" src=\"\/\/www.highperformanceformat.com\/c1158f160081d6540a8409e6925dab94\/invoke.js\"><\/script><\/div><div class=\"excel-before-content\" id=\"excel-2137506024\"><script type=\"text\/javascript\">\r\n\tatOptions = {\r\n\t\t'key' : 'c1158f160081d6540a8409e6925dab94',\r\n\t\t'format' : 'iframe',\r\n\t\t'height' : 250,\r\n\t\t'width' : 300,\r\n\t\t'params' : {}\r\n\t};\r\n<\/script>\r\n<script type=\"text\/javascript\" src=\"\/\/www.highperformanceformat.com\/c1158f160081d6540a8409e6925dab94\/invoke.js\"><\/script><\/div> <p>Se voc\u00ea deseja obter a data do domingo anterior para uma data espec\u00edfica no Excel, voc\u00ea precisa escrever uma f\u00f3rmula usando a fun\u00e7\u00e3o WEEKDAY do Excel. <\/p><div class=\"wp-block-image\"><figure class=\"aligncenter size-full is-resized\"><img loading=\"lazy\" decoding=\"async\" class=\"wp-image-83667\" src=\"https:\/\/exceladvisor.org\/wp-content\/uploads\/2023\/08\/1-obtenir-le-dimanche-precedent.png\" sizes=\"auto, \" srcset=\"\" alt=\"chegar-domingo-anterior\" width=\"472\" height=\"320\"><\/figure><\/div><h2 class=\"wp-block-heading\"> F\u00f3rmula para chegar no \u00faltimo domingo<\/h2><p> Abaixo est\u00e3o as etapas a seguir:<\/p><ol type=\"1\"><li> Consulte a c\u00e9lula A1 onde voc\u00ea tem a data atual.<\/li><li> Digite o operador menos (-).<\/li><li> Insira a fun\u00e7\u00e3o WEEKDAY; No primeiro argumento (), consulte a c\u00e9lula A1.<\/li><li> No segundo argumento, insira (11) e pressione Enter para obter o resultado. <\/li><\/ol><div class=\"wp-block-image\"><figure class=\"aligncenter size-full is-resized\"><img loading=\"lazy\" decoding=\"async\" class=\"wp-image-83668\" src=\"https:\/\/exceladvisor.org\/wp-content\/uploads\/2023\/08\/2-formules-a-obtenir-dimanche-dernier.png\" sizes=\"auto, \" srcset=\"\" alt=\"f\u00f3rmula-para-tomar-no-\u00faltimo-domingo\" width=\"527\" height=\"351\"><\/figure><\/div><p> Depois de pressionar Enter, a data do \u00faltimo domingo ser\u00e1 retornada da data original na c\u00e9lula A1. <\/p><div class=\"wp-block-image\"><figure class=\"aligncenter size-full is-resized\"><img loading=\"lazy\" decoding=\"async\" class=\"wp-image-83669\" src=\"https:\/\/exceladvisor.org\/wp-content\/uploads\/2023\/08\/3-renvoie-la-date-du-dernier-dimanche.png\" sizes=\"auto, \" srcset=\"\" alt=\"retornar-a-data-do-\u00faltimo-domingo\" width=\"538\" height=\"363\"><\/figure><\/div><h3 class=\"wp-block-heading\"> Como funciona essa f\u00f3rmula?<\/h3><p> Para entender esta f\u00f3rmula, voc\u00ea deve primeiro entender a fun\u00e7\u00e3o WEEKDAY. Quando voc\u00ea se refere a uma data na fun\u00e7\u00e3o WEEKDAY, ela retorna um n\u00famero entre 1 e 7 dependendo do dia da data e da estrutura da semana que voc\u00ea escolher. <\/p><div class=\"wp-block-image\"><figure class=\"aligncenter size-full is-resized\"><img loading=\"lazy\" decoding=\"async\" class=\"wp-image-83670\" src=\"https:\/\/exceladvisor.org\/wp-content\/uploads\/2023\/08\/4-comprendre-la-fonction-des-jours-de-la-semaine.png\" sizes=\"auto, \" srcset=\"\" alt=\"entenda-fun\u00e7\u00e3o do dia da semana\" width=\"584\" height=\"119\"><\/figure><\/div><p> No segundo argumento (return_type), voc\u00ea deve especificar um n\u00famero que diga \u00e0 fun\u00e7\u00e3o para considerar o primeiro dia da semana. E se voc\u00ea selecionar (2 ou 11), a semana come\u00e7ar\u00e1 a partir de segunda-feira.<\/p><p> Por exemplo: <strong>se o dia for quarta-feira e a semana come\u00e7ar na segunda-feira, o n\u00famero do dia para a data ser\u00e1 3.<\/strong> Abaixo voc\u00ea pode ver que temos 3 no resultado. <\/p><div class=\"wp-block-image\"><figure class=\"aligncenter size-full is-resized\"><img loading=\"lazy\" decoding=\"async\" class=\"wp-image-83671\" src=\"https:\/\/exceladvisor.org\/wp-content\/uploads\/2023\/08\/5-resultats-du-jour-de-la-semaine.png\" sizes=\"auto, \" srcset=\"\" alt=\"resultado do dia da semana\" width=\"470\" height=\"203\"><\/figure><\/div><p> E no final, quando voc\u00ea tem 3 de WEEKDAY e subtrai da data original, voc\u00ea obt\u00e9m no resultado a data do domingo anterior. <\/p><div class=\"wp-block-image\"><figure class=\"aligncenter size-full is-resized\"><img loading=\"lazy\" decoding=\"async\" class=\"wp-image-83672\" src=\"https:\/\/exceladvisor.org\/wp-content\/uploads\/2023\/08\/6-date-du-dimanche-precedent.png\" sizes=\"auto, \" srcset=\"\" alt=\"data do domingo anterior\" width=\"599\" height=\"195\"><\/figure><\/div><h3 class=\"wp-block-heading\"> Obtenha outros dias anteriores<\/h3><p> Voc\u00ea tamb\u00e9m pode obter outros dias anteriores, se quiser. <\/p><div class=\"wp-block-image\"><figure class=\"aligncenter size-full is-resized\"><img loading=\"lazy\" decoding=\"async\" class=\"wp-image-83674\" src=\"https:\/\/exceladvisor.org\/wp-content\/uploads\/2023\/08\/7-obtenir-dautres-jours-precedents.png\" sizes=\"auto, \" srcset=\"\" alt=\"obter outros dias anteriores\" width=\"587\" height=\"320\"><\/figure><\/div><pre class=\"wp-block-code\"> <code class=\"language-excel-formula\" lang=\"excel-formula\">=date-WEEKDAY(date,11) =date-WEEKDAY(date,12) =date-WEEKDAY(date,13) =date -WEEKDAY(date,14) =date -WEEKDAY(date,15) =date -WEEKDAY(date,16) =date-WEEKDAY(date,17)<\/code><\/pre><p> Voc\u00ea precisa ajustar o argumento [return_type] na fun\u00e7\u00e3o para alterar o dia de in\u00edcio da semana.<\/p><h3 class=\"wp-block-heading\"> Aplicar formata\u00e7\u00e3o de dia com data<\/h3><p> Voc\u00ea n\u00e3o receber\u00e1 o nome do dia em uma c\u00e9lula quando obtiver uma data em uma c\u00e9lula. Mas voc\u00ea pode alterar a formata\u00e7\u00e3o para fazer isso rapidamente.<\/p><ol type=\"1\"><li> Selecione a c\u00e9lula e abra a op\u00e7\u00e3o Formatar C\u00e9lulas (Ctrl+1).<\/li><li> Clique na categoria Personalizado e clique com a barra de entrada (Tipo).<\/li><li> Digite (dd-mmm-aa, dd) e clique em OK para aplicar. <\/li><\/ol><div class=\"wp-block-image\"><figure class=\"aligncenter size-full is-resized\"><img loading=\"lazy\" decoding=\"async\" class=\"wp-image-83675\" src=\"https:\/\/exceladvisor.org\/wp-content\/uploads\/2023\/08\/Formatage-8-jours-avec-date.png\" sizes=\"auto, \" srcset=\"\" alt=\"formata\u00e7\u00e3o de dia com data\" width=\"589\" height=\"584\"><\/figure><\/div><h2 class=\"wp-block-heading\"> Segundo m\u00e9todo<\/h2><p> Voc\u00ea tamb\u00e9m pode usar SELECT com DAY OF WEEK para obter o domingo anterior. <\/p><div class=\"wp-block-image\"><figure class=\"aligncenter size-full is-resized\"><img loading=\"lazy\" decoding=\"async\" class=\"wp-image-83676\" src=\"https:\/\/exceladvisor.org\/wp-content\/uploads\/2023\/08\/Methode-en-9-secondes-pour-obtenir-le-dimanche-precedent.png\" sizes=\"auto, \" srcset=\"\" alt=\"segundo m\u00e9todo para chegar ao domingo anterior\" width=\"569\" height=\"332\"><\/figure><\/div><pre class=\"wp-block-code\"> <code class=\"language-excel-formula\" lang=\"excel-formula\">=A1-CHOOSE(WEEKDAY(A1),0,1,2,3,4,5,6)<\/code><\/pre><p> Nesta f\u00f3rmula, usamos WEEKDAY sem especificar o argumento [return_type], e ela assume o valor padr\u00e3o e usa domingo como o primeiro dia da semana.<\/p><p> Se voc\u00ea tiver quarta-feira, WEEKNUM retornar\u00e1 4 no resultado e CHOOSE retornar\u00e1 3 na lista de n\u00fameros. E ent\u00e3o, no final, voc\u00ea obter\u00e1 a data de domingo subtraindo 3 dias da data original.<\/p><p> Nota: \u00c9 melhor usar o primeiro m\u00e9todo para obter o domingo anterior ou qualquer dia. <\/p><div class=\"gb-container gb-container-52dfcee1 gb-container-sample-file\"><h2 class=\"gb-headline gb-headline-e289c143 gb-headline-text gb-headline-4f7959c2\"> Obtenha o arquivo Excel<\/h2><p> <a class=\"gb-button gb-button-e88d6bee gb-button-text gb-button-button1\" href=\"https:\/\/exceladvisor.org\/pt\/a\/\" rel=\"nofollow\">Download<\/a><\/p><\/div><div class=\"gb-container gb-container-0df56012 gb-container-mt\"> <a class=\"gb-button gb-button-f9f432f4 gb-button-text gb-button-mt-button\" href=\"https:\/\/exceladvisor.org\/pt\/formulas\/\">Lista de f\u00f3rmulas do Excel<\/a><h2 class=\"gb-headline gb-headline-233444e8 gb-headline-text gb-headline-mt-heading\"> F\u00f3rmulas relacionadas <\/h2><div class=\"gb-grid-wrapper gb-grid-wrapper-a16fa65c gb-grid-wrapper-mt-grid\"><div class=\"gb-grid-column gb-grid-column-50d07e0d\"><div class=\"gb-container gb-container-50d07e0d\"><ul><li> <a href=\"https:\/\/exceladvisor.org\/pt\/adicione-a-data-da-semana\/\">Semana de adi\u00e7\u00e3o e subtra\u00e7\u00e3o de uma data no Excel<\/a><\/li><li> <a href=\"https:\/\/exceladvisor.org\/pt\/pegue-o-nome-do-dia\/\">Obtenha o nome do dia de uma data no Excel<\/a><\/li><li> <a href=\"https:\/\/exceladvisor.org\/pt\/dias-do-mes\/\">Obtenha o n\u00famero total de dias dos meses no Excel<\/a><\/li><li> <a href=\"https:\/\/exceladvisor.org\/pt\/meses-dias-uteis\/\">Dias \u00fateis em um m\u00eas<\/a><\/li><li> <a href=\"https:\/\/exceladvisor.org\/pt\/data-para-texto-2\/\">Converter data em texto<\/a><\/li><\/ul><\/div><\/div><\/div><\/div>","protected":false},"excerpt":{"rendered":"","protected":false},"author":1,"featured_media":0,"parent":0,"menu_order":0,"comment_status":"open","ping_status":"closed","template":"","meta":{"ub_ctt_via":"","footnotes":""},"class_list":["post-584","page","type-page","status-publish","hentry"],"featured_image_src":null,"yoast_head":"<!-- This site is optimized with the Yoast SEO plugin v25.4 - https:\/\/yoast.com\/wordpress\/plugins\/seo\/ -->\n<title>Como obter a data do domingo anterior no Excel?<\/title>\n<meta name=\"description\" content=\"Este tutorial vai te ensinar como escrever uma f\u00f3rmula Excel para obter a data do domingo anterior. Vamos verificar isso\u2026\" \/>\n<meta name=\"robots\" content=\"index, follow, max-snippet:-1, max-image-preview:large, max-video-preview:-1\" \/>\n<link rel=\"canonical\" href=\"https:\/\/exceladvisor.org\/pt\/domingo-anterior-2\/\" \/>\n<meta property=\"og:locale\" content=\"pt_PT\" \/>\n<meta property=\"og:type\" content=\"article\" \/>\n<meta property=\"og:title\" content=\"Como obter a data do domingo anterior no Excel?\" \/>\n<meta property=\"og:description\" content=\"Este tutorial vai te ensinar como escrever uma f\u00f3rmula Excel para obter a data do domingo anterior. Vamos verificar isso\u2026\" \/>\n<meta property=\"og:url\" content=\"https:\/\/exceladvisor.org\/pt\/domingo-anterior-2\/\" \/>\n<meta property=\"og:site_name\" content=\"Excel Advisor\" \/>\n<meta property=\"article:modified_time\" content=\"2023-12-06T11:38:34+00:00\" \/>\n<meta property=\"og:image\" content=\"https:\/\/exceladvisor.org\/wp-content\/uploads\/2023\/08\/1-obtenir-le-dimanche-precedent.png\" \/>\n<meta name=\"twitter:card\" content=\"summary_large_image\" \/>\n<meta name=\"twitter:label1\" content=\"Tempo estimado de leitura\" \/>\n\t<meta name=\"twitter:data1\" content=\"3 minutos\" \/>\n<script type=\"application\/ld+json\" class=\"yoast-schema-graph\">{\"@context\":\"https:\/\/schema.org\",\"@graph\":[{\"@type\":\"WebPage\",\"@id\":\"https:\/\/exceladvisor.org\/pt\/domingo-anterior-2\/\",\"url\":\"https:\/\/exceladvisor.org\/pt\/domingo-anterior-2\/\",\"name\":\"Como obter a data do domingo anterior no Excel?\",\"isPartOf\":{\"@id\":\"https:\/\/exceladvisor.org\/pt\/#website\"},\"primaryImageOfPage\":{\"@id\":\"https:\/\/exceladvisor.org\/pt\/domingo-anterior-2\/#primaryimage\"},\"image\":{\"@id\":\"https:\/\/exceladvisor.org\/pt\/domingo-anterior-2\/#primaryimage\"},\"thumbnailUrl\":\"https:\/\/exceladvisor.org\/wp-content\/uploads\/2023\/08\/1-obtenir-le-dimanche-precedent.png\",\"datePublished\":\"2023-10-22T04:39:17+00:00\",\"dateModified\":\"2023-12-06T11:38:34+00:00\",\"description\":\"Este tutorial vai te ensinar como escrever uma f\u00f3rmula Excel para obter a data do domingo anterior. Vamos verificar isso\u2026\",\"breadcrumb\":{\"@id\":\"https:\/\/exceladvisor.org\/pt\/domingo-anterior-2\/#breadcrumb\"},\"inLanguage\":\"pt-PT\",\"potentialAction\":[{\"@type\":\"ReadAction\",\"target\":[\"https:\/\/exceladvisor.org\/pt\/domingo-anterior-2\/\"]}]},{\"@type\":\"ImageObject\",\"inLanguage\":\"pt-PT\",\"@id\":\"https:\/\/exceladvisor.org\/pt\/domingo-anterior-2\/#primaryimage\",\"url\":\"https:\/\/exceladvisor.org\/wp-content\/uploads\/2023\/08\/1-obtenir-le-dimanche-precedent.png\",\"contentUrl\":\"https:\/\/exceladvisor.org\/wp-content\/uploads\/2023\/08\/1-obtenir-le-dimanche-precedent.png\"},{\"@type\":\"BreadcrumbList\",\"@id\":\"https:\/\/exceladvisor.org\/pt\/domingo-anterior-2\/#breadcrumb\",\"itemListElement\":[{\"@type\":\"ListItem\",\"position\":1,\"name\":\"Lar\",\"item\":\"https:\/\/exceladvisor.org\/pt\/\"},{\"@type\":\"ListItem\",\"position\":2,\"name\":\"Como obter a data do domingo anterior no excel?\"}]},{\"@type\":\"WebSite\",\"@id\":\"https:\/\/exceladvisor.org\/pt\/#website\",\"url\":\"https:\/\/exceladvisor.org\/pt\/\",\"name\":\"Excel Advisor\",\"description\":\"O seu guia definitivo para dominar os dados!\",\"publisher\":{\"@id\":\"https:\/\/exceladvisor.org\/pt\/#organization\"},\"potentialAction\":[{\"@type\":\"SearchAction\",\"target\":{\"@type\":\"EntryPoint\",\"urlTemplate\":\"https:\/\/exceladvisor.org\/pt\/?s={search_term_string}\"},\"query-input\":{\"@type\":\"PropertyValueSpecification\",\"valueRequired\":true,\"valueName\":\"search_term_string\"}}],\"inLanguage\":\"pt-PT\"},{\"@type\":\"Organization\",\"@id\":\"https:\/\/exceladvisor.org\/pt\/#organization\",\"name\":\"Excel Advisor\",\"url\":\"https:\/\/exceladvisor.org\/pt\/\",\"logo\":{\"@type\":\"ImageObject\",\"inLanguage\":\"pt-PT\",\"@id\":\"https:\/\/exceladvisor.org\/pt\/#\/schema\/logo\/image\/\",\"url\":\"https:\/\/exceladvisor.org\/pt\/wp-content\/uploads\/2023\/12\/exceladvisor.org_.png\",\"contentUrl\":\"https:\/\/exceladvisor.org\/pt\/wp-content\/uploads\/2023\/12\/exceladvisor.org_.png\",\"width\":105,\"height\":36,\"caption\":\"Excel Advisor\"},\"image\":{\"@id\":\"https:\/\/exceladvisor.org\/pt\/#\/schema\/logo\/image\/\"}}]}<\/script>\n<!-- \/ Yoast SEO plugin. -->","yoast_head_json":{"title":"Como obter a data do domingo anterior no Excel?","description":"Este tutorial vai te ensinar como escrever uma f\u00f3rmula Excel para obter a data do domingo anterior. Vamos verificar isso\u2026","robots":{"index":"index","follow":"follow","max-snippet":"max-snippet:-1","max-image-preview":"max-image-preview:large","max-video-preview":"max-video-preview:-1"},"canonical":"https:\/\/exceladvisor.org\/pt\/domingo-anterior-2\/","og_locale":"pt_PT","og_type":"article","og_title":"Como obter a data do domingo anterior no Excel?","og_description":"Este tutorial vai te ensinar como escrever uma f\u00f3rmula Excel para obter a data do domingo anterior. Vamos verificar isso\u2026","og_url":"https:\/\/exceladvisor.org\/pt\/domingo-anterior-2\/","og_site_name":"Excel Advisor","article_modified_time":"2023-12-06T11:38:34+00:00","og_image":[{"url":"https:\/\/exceladvisor.org\/wp-content\/uploads\/2023\/08\/1-obtenir-le-dimanche-precedent.png","type":"","width":"","height":""}],"twitter_card":"summary_large_image","twitter_misc":{"Tempo estimado de leitura":"3 minutos"},"schema":{"@context":"https:\/\/schema.org","@graph":[{"@type":"WebPage","@id":"https:\/\/exceladvisor.org\/pt\/domingo-anterior-2\/","url":"https:\/\/exceladvisor.org\/pt\/domingo-anterior-2\/","name":"Como obter a data do domingo anterior no Excel?","isPartOf":{"@id":"https:\/\/exceladvisor.org\/pt\/#website"},"primaryImageOfPage":{"@id":"https:\/\/exceladvisor.org\/pt\/domingo-anterior-2\/#primaryimage"},"image":{"@id":"https:\/\/exceladvisor.org\/pt\/domingo-anterior-2\/#primaryimage"},"thumbnailUrl":"https:\/\/exceladvisor.org\/wp-content\/uploads\/2023\/08\/1-obtenir-le-dimanche-precedent.png","datePublished":"2023-10-22T04:39:17+00:00","dateModified":"2023-12-06T11:38:34+00:00","description":"Este tutorial vai te ensinar como escrever uma f\u00f3rmula Excel para obter a data do domingo anterior. Vamos verificar isso\u2026","breadcrumb":{"@id":"https:\/\/exceladvisor.org\/pt\/domingo-anterior-2\/#breadcrumb"},"inLanguage":"pt-PT","potentialAction":[{"@type":"ReadAction","target":["https:\/\/exceladvisor.org\/pt\/domingo-anterior-2\/"]}]},{"@type":"ImageObject","inLanguage":"pt-PT","@id":"https:\/\/exceladvisor.org\/pt\/domingo-anterior-2\/#primaryimage","url":"https:\/\/exceladvisor.org\/wp-content\/uploads\/2023\/08\/1-obtenir-le-dimanche-precedent.png","contentUrl":"https:\/\/exceladvisor.org\/wp-content\/uploads\/2023\/08\/1-obtenir-le-dimanche-precedent.png"},{"@type":"BreadcrumbList","@id":"https:\/\/exceladvisor.org\/pt\/domingo-anterior-2\/#breadcrumb","itemListElement":[{"@type":"ListItem","position":1,"name":"Lar","item":"https:\/\/exceladvisor.org\/pt\/"},{"@type":"ListItem","position":2,"name":"Como obter a data do domingo anterior no excel?"}]},{"@type":"WebSite","@id":"https:\/\/exceladvisor.org\/pt\/#website","url":"https:\/\/exceladvisor.org\/pt\/","name":"Excel Advisor","description":"O seu guia definitivo para dominar os dados!","publisher":{"@id":"https:\/\/exceladvisor.org\/pt\/#organization"},"potentialAction":[{"@type":"SearchAction","target":{"@type":"EntryPoint","urlTemplate":"https:\/\/exceladvisor.org\/pt\/?s={search_term_string}"},"query-input":{"@type":"PropertyValueSpecification","valueRequired":true,"valueName":"search_term_string"}}],"inLanguage":"pt-PT"},{"@type":"Organization","@id":"https:\/\/exceladvisor.org\/pt\/#organization","name":"Excel Advisor","url":"https:\/\/exceladvisor.org\/pt\/","logo":{"@type":"ImageObject","inLanguage":"pt-PT","@id":"https:\/\/exceladvisor.org\/pt\/#\/schema\/logo\/image\/","url":"https:\/\/exceladvisor.org\/pt\/wp-content\/uploads\/2023\/12\/exceladvisor.org_.png","contentUrl":"https:\/\/exceladvisor.org\/pt\/wp-content\/uploads\/2023\/12\/exceladvisor.org_.png","width":105,"height":36,"caption":"Excel Advisor"},"image":{"@id":"https:\/\/exceladvisor.org\/pt\/#\/schema\/logo\/image\/"}}]}},"yoast_meta":{"yoast_wpseo_title":"","yoast_wpseo_metadesc":"","yoast_wpseo_canonical":""},"_links":{"self":[{"href":"https:\/\/exceladvisor.org\/pt\/wp-json\/wp\/v2\/pages\/584","targetHints":{"allow":["GET"]}}],"collection":[{"href":"https:\/\/exceladvisor.org\/pt\/wp-json\/wp\/v2\/pages"}],"about":[{"href":"https:\/\/exceladvisor.org\/pt\/wp-json\/wp\/v2\/types\/page"}],"author":[{"embeddable":true,"href":"https:\/\/exceladvisor.org\/pt\/wp-json\/wp\/v2\/users\/1"}],"replies":[{"embeddable":true,"href":"https:\/\/exceladvisor.org\/pt\/wp-json\/wp\/v2\/comments?post=584"}],"version-history":[{"count":1,"href":"https:\/\/exceladvisor.org\/pt\/wp-json\/wp\/v2\/pages\/584\/revisions"}],"predecessor-version":[{"id":1135,"href":"https:\/\/exceladvisor.org\/pt\/wp-json\/wp\/v2\/pages\/584\/revisions\/1135"}],"wp:attachment":[{"href":"https:\/\/exceladvisor.org\/pt\/wp-json\/wp\/v2\/media?parent=584"}],"curies":[{"name":"wp","href":"https:\/\/api.w.org\/{rel}","templated":true}]}}