{"id":587,"date":"2023-10-21T13:57:49","date_gmt":"2023-10-21T13:57:49","guid":{"rendered":"https:\/\/exceladvisor.org\/pt\/fonte-de-caracteres\/"},"modified":"2023-12-06T11:37:47","modified_gmt":"2023-12-06T11:37:47","slug":"fonte-de-caracteres","status":"publish","type":"page","link":"https:\/\/exceladvisor.org\/pt\/fonte-de-caracteres\/","title":{"rendered":"Como fazer altera\u00e7\u00f5es na fonte usando vba?"},"content":{"rendered":"<div class=\"excel-before-content-2\" id=\"excel-2949760334\"><script type=\"text\/javascript\">\r\n\tatOptions = {\r\n\t\t'key' : 'c1158f160081d6540a8409e6925dab94',\r\n\t\t'format' : 'iframe',\r\n\t\t'height' : 250,\r\n\t\t'width' : 300,\r\n\t\t'params' : {}\r\n\t};\r\n<\/script>\r\n<script type=\"text\/javascript\" src=\"\/\/www.highperformanceformat.com\/c1158f160081d6540a8409e6925dab94\/invoke.js\"><\/script><\/div><div class=\"excel-before-content\" id=\"excel-559383295\"><script type=\"text\/javascript\">\r\n\tatOptions = {\r\n\t\t'key' : 'c1158f160081d6540a8409e6925dab94',\r\n\t\t'format' : 'iframe',\r\n\t\t'height' : 250,\r\n\t\t'width' : 300,\r\n\t\t'params' : {}\r\n\t};\r\n<\/script>\r\n<script type=\"text\/javascript\" src=\"\/\/www.highperformanceformat.com\/c1158f160081d6540a8409e6925dab94\/invoke.js\"><\/script><\/div> <h2 class=\"wp-block-heading\">Notas principais<\/h2><ul><li> Para fazer altera\u00e7\u00f5es em uma fonte, voc\u00ea deve usar o objeto VBA Font.<\/li><li> H\u00e1 um total de 18 propriedades com o objeto fonte que voc\u00ea pode acessar e fazer altera\u00e7\u00f5es.<\/li><\/ul><h2 class=\"wp-block-heading\"> Objeto de fonte VBA<\/h2><p> No VBA, existe um objeto de fonte que voc\u00ea pode usar para alterar as propriedades da fonte de uma c\u00e9lula, como cor da fonte, tamanho da fonte, tipo de fonte, e tamb\u00e9m pode aplicar negrito e it\u00e1lico \u00e0 fonte.<\/p><h3 class=\"wp-block-heading\"> Sintaxe<\/h3><pre class=\"wp-block-code\"> <code class=\"language-visual-basic\" lang=\"visual-basic\">expression.font<\/code><\/pre><p> Para us\u00e1-lo, voc\u00ea deve primeiro definir o endere\u00e7o da c\u00e9lula, que pode ser especificado das seguintes maneiras.<\/p><pre class=\"wp-block-code\"> <code class=\"language-visual-basic\" lang=\"visual-basic\">Selection.Font Range(\"A1\").Font Cells(1, 1).Font Range(\"A1:A5\").Font<\/code><\/pre><h2 class=\"wp-block-heading\"> Cor da fonte VBA<\/h2><p> Para alterar a cor da fonte, voc\u00ea tem duas maneiras diferentes:<\/p><h3 class=\"wp-block-heading\"> 1. Usando constantes de cores<\/h3><p> O Excel possui algumas constantes de cores que voc\u00ea pode usar para aplicar uma cor \u00e0 fonte. Por exemplo, se voc\u00ea deseja aplicar a cor vermelha \u00e0 fonte da c\u00e9lula A1, o c\u00f3digo seria como abaixo: <\/p><pre class=\"wp-block-code\"> <code class=\"language-visual-basic\" lang=\"visual-basic\">Range(\"A1\").Font.Color = vbRed<\/code><\/pre><div class=\"wp-block-image\"><figure class=\"aligncenter size-large is-resized\"><img loading=\"lazy\" decoding=\"async\" class=\"wp-image-50948\" src=\"https:\/\/exceladvisor.org\/wp-content\/uploads\/2023\/08\/1-en-utilisant-des-constantes-de-couleur.png\" sizes=\"auto, \" srcset=\"\" alt=\"usar constantes de cores\" width=\"317\" height=\"157\"><\/figure><\/div><p> No c\u00f3digo acima, ap\u00f3s o objeto fonte, color \u00e9 a propriedade e voc\u00ea usou a constante vbRed que diz ao VBA para aplicar a cor vermelha \u00e0 c\u00e9lula A1. H\u00e1 um total de oito constantes que voc\u00ea pode usar:<\/p><ol type=\"1\"><li> vbPreto: Preto<\/li><li> vbVermelho: Vermelho<\/li><li> vbVerde: Verde<\/li><li> vbAmarelo: Amarelo<\/li><li> vbAzul: Azul<\/li><li> vbMagenta: Magenta<\/li><li> vbCiano: ciano<\/li><li> vbBranco: Branco<\/li><\/ol><h3 class=\"wp-block-heading\"> 2. Usando RGB<\/h3><p> Voc\u00ea tamb\u00e9m pode usar a codifica\u00e7\u00e3o de cores RGB para aplicar uma cor \u00e0 fonte. RGB \u00e9 a combina\u00e7\u00e3o de cores vermelho, verde e azul, onde voc\u00ea pode criar uma cor personalizada usando c\u00f3digo. Digamos que se voc\u00ea quisesse aplicar uma combina\u00e7\u00e3o de cores verde e azul \u00e0 c\u00e9lula A1, o c\u00f3digo seria: <\/p><pre class=\"wp-block-code\"> <code class=\"language-visual-basic\" lang=\"visual-basic\">Range(\"A1\").Font.Color = RGB(0, 255, 255)<\/code><\/pre><div class=\"wp-block-image\"><figure class=\"aligncenter size-large is-resized\"><img loading=\"lazy\" decoding=\"async\" class=\"wp-image-50949\" src=\"https:\/\/exceladvisor.org\/wp-content\/uploads\/2023\/08\/2-en-utilisant-RVB.png\" sizes=\"auto, \" srcset=\"\" alt=\"usando-rgb\" width=\"462\" height=\"174\"><\/figure><\/div><h2 class=\"wp-block-heading\"> Tamanho da fonte VBA<\/h2><p> O objeto Font tamb\u00e9m d\u00e1 acesso \u00e0 propriedade size da fonte. Digamos que voc\u00ea queira aplicar o tamanho de fonte 16 \u00e0 fonte da c\u00e9lula A1, o c\u00f3digo seria: <\/p><pre class=\"wp-block-code\"> <code class=\"language-visual-basic\" lang=\"visual-basic\">Range(\"A1\").Font.Size = 16<\/code><\/pre><div class=\"wp-block-image\"><figure class=\"aligncenter size-large is-resized\"><img loading=\"lazy\" decoding=\"async\" class=\"wp-image-50950\" src=\"https:\/\/exceladvisor.org\/wp-content\/uploads\/2023\/08\/3-taille-de-police-vba.png\" sizes=\"auto, \" srcset=\"\" alt=\"tamanho da fonte vba\" width=\"363\" height=\"161\"><\/figure><\/div><p> Se quiser aplicar o tamanho da fonte a todas as c\u00e9lulas de uma planilha, voc\u00ea pode usar o seguinte c\u00f3digo:<\/p><pre class=\"wp-block-code\"> <code class=\"language-visual-basic\" lang=\"visual-basic\">Cells.Font.Size = 16<\/code><\/pre><p> E se voc\u00ea quiser aplicar o tamanho da fonte apenas nas c\u00e9lulas onde possui dados, o c\u00f3digo seria:<\/p><pre class=\"wp-block-code\"> <code class=\"language-visual-basic\" lang=\"visual-basic\">ActiveSheet.UsedRange.Font.Size = 16<\/code><\/pre><p> Ou para a c\u00e9lula selecionada.<\/p><pre class=\"wp-block-code\"> <code class=\"language-visual-basic\" lang=\"visual-basic\">Selection.Font.Size = 16<\/code><\/pre><h2 class=\"wp-block-heading\"> Nome da fonte VBA<\/h2><p> Da mesma forma, voc\u00ea tamb\u00e9m pode alterar o nome da fonte usando a propriedade name do objeto font. Digamos <a href=\"https:\/\/exceladvisor.org\/pt\/melhores-fontes\/\">que voc\u00ea queira aplicar a fonte \u201cConsolas\u201d<\/a> \u00e0 c\u00e9lula A1. O c\u00f3digo seria: <\/p><pre class=\"wp-block-code\"> <code class=\"language-visual-basic\" lang=\"visual-basic\">Range(\"A1\").Font.Name = \"Consolas\"<\/code><\/pre><div class=\"wp-block-image\"><figure class=\"aligncenter size-large is-resized\"><img loading=\"lazy\" decoding=\"async\" class=\"wp-image-50951\" src=\"https:\/\/exceladvisor.org\/wp-content\/uploads\/2023\/08\/4-nom-de-police-vba.png\" sizes=\"auto, \" srcset=\"\" alt=\"nome da fonte vba\" width=\"344\" height=\"144\"><\/figure><\/div><p> Ao utilizar esta propriedade, voc\u00ea deve digitar o nome correto da fonte que deseja aplicar, e se o nome estiver incorreto, n\u00e3o haver\u00e1 erro.<\/p><h2 class=\"wp-block-heading\"> Fonte VBA em negrito, it\u00e1lico e sublinhado<\/h2><p> Existem tamb\u00e9m propriedades que voc\u00ea pode usar para deixar a fonte em negrito, it\u00e1lico e sublinhado. Abaixo est\u00e3o os c\u00f3digos que voc\u00ea precisa escrever para isso. <\/p><pre class=\"wp-block-code\"> <code class=\"language-visual-basic\" lang=\"visual-basic\">Range(\"A1\").Font.Bold = True Range(\"A1\").Font.Italic = True Range(\"A1\").Font.Underline = True<\/code><\/pre><div class=\"wp-block-image\"><figure class=\"aligncenter size-large is-resized\"><img loading=\"lazy\" decoding=\"async\" class=\"wp-image-50952\" src=\"https:\/\/exceladvisor.org\/wp-content\/uploads\/2023\/08\/5-police-vba-gras-italique-souligne.png\" sizes=\"auto, \" srcset=\"\" alt=\"vba-bold-font-it\u00e1lico-sublinhado\" width=\"327\" height=\"163\"><\/figure><\/div><p> Com essas propriedades, voc\u00ea deve definir TRUE ou FALSE. Portanto, se a fonte j\u00e1 estiver em negrito ou it\u00e1lico e voc\u00ea quiser remov\u00ea-la, ser\u00e1 necess\u00e1rio usar FALSE para remov\u00ea-la.<\/p><h2 class=\"wp-block-heading\"> Outras propriedades \u00fateis de fonte<\/h2><p> Adicione aqui algumas propriedades adicionais que podem ser \u00fateis para voc\u00ea ( <a href=\"https:\/\/exceladvisor.org\/pt\/haste\/\">tachado<\/a> , <a href=\"https:\/\/exceladvisor.org\/pt\/indice-2\/\">subscrito<\/a> e <a href=\"https:\/\/exceladvisor.org\/pt\/expoente\/\">sobrescrito<\/a> ).<\/p><pre class=\"wp-block-code\"> <code class=\"language-visual-basic\" lang=\"visual-basic\">Range(\"A1\").Font.Strikethrough = True Range(\"A1\").Font.Subscript = True Range(\"A1\").Font.Superscript = True<\/code><\/pre><div class=\"gb-container gb-container-4db6181c gb-container-mt\"> <a class=\"gb-button gb-button-c5897111 gb-button-text gb-button-mt-button\" href=\"https:\/\/exceladvisor.org\/pt\/vba\/\">O que \u00e9 VBA<\/a><h2 class=\"gb-headline gb-headline-665e5f6b gb-headline-text gb-headline-mt-heading\"> Tutoriais relacionados <\/h2><div class=\"gb-grid-wrapper gb-grid-wrapper-a20baf7c gb-grid-wrapper-mt-grid\"><div class=\"gb-grid-column gb-grid-column-65ddf67e\"><div class=\"gb-container gb-container-65ddf67e\"><ul><li> <a href=\"https:\/\/exceladvisor.org\/pt\/numero-de-linhas\/\">Contar linhas usando VBA no Excel<\/a><\/li><li> <a href=\"https:\/\/exceladvisor.org\/pt\/ocultar-mostrar-linha-da-coluna\/\">Excel VBA Ocultar e mostrar uma coluna ou linha<\/a><\/li><li> <a href=\"https:\/\/exceladvisor.org\/pt\/intervalo-1\/\">Intervalo Excel VBA \u2013 Trabalhando com intervalo e c\u00e9lulas<\/a><\/li><li> <a href=\"https:\/\/exceladvisor.org\/pt\/fronteiras\/\">Aplicar bordas a uma c\u00e9lula usando VBA no Excel<\/a><\/li><li> <a href=\"https:\/\/exceladvisor.org\/pt\/encontre-a-celula-da-coluna-da-ultima-linha\/\">Encontre a \u00faltima linha, coluna e c\u00e9lula usando VBA no Excel<\/a><\/li><\/ul><\/div><\/div><\/div><\/div>","protected":false},"excerpt":{"rendered":"","protected":false},"author":1,"featured_media":0,"parent":0,"menu_order":0,"comment_status":"open","ping_status":"closed","template":"","meta":{"ub_ctt_via":"","footnotes":""},"class_list":["post-587","page","type-page","status-publish","hentry"],"featured_image_src":null,"yoast_head":"<!-- This site is optimized with the Yoast SEO plugin v25.4 - https:\/\/yoast.com\/wordpress\/plugins\/seo\/ -->\n<title>Como fazer altera\u00e7\u00f5es na fonte usando VBA?<\/title>\n<meta name=\"description\" content=\"Para fazer altera\u00e7\u00f5es na fonte de uma c\u00e9lula, voc\u00ea deve usar o objeto de fonte VBA.\" \/>\n<meta name=\"robots\" content=\"index, follow, max-snippet:-1, max-image-preview:large, max-video-preview:-1\" \/>\n<link rel=\"canonical\" href=\"https:\/\/exceladvisor.org\/pt\/fonte-de-caracteres\/\" \/>\n<meta property=\"og:locale\" content=\"pt_PT\" \/>\n<meta property=\"og:type\" content=\"article\" \/>\n<meta property=\"og:title\" content=\"Como fazer altera\u00e7\u00f5es na fonte usando VBA?\" \/>\n<meta property=\"og:description\" content=\"Para fazer altera\u00e7\u00f5es na fonte de uma c\u00e9lula, voc\u00ea deve usar o objeto de fonte VBA.\" \/>\n<meta property=\"og:url\" content=\"https:\/\/exceladvisor.org\/pt\/fonte-de-caracteres\/\" \/>\n<meta property=\"og:site_name\" content=\"Excel Advisor\" \/>\n<meta property=\"article:modified_time\" content=\"2023-12-06T11:37:47+00:00\" \/>\n<meta property=\"og:image\" content=\"https:\/\/exceladvisor.org\/wp-content\/uploads\/2023\/08\/1-en-utilisant-des-constantes-de-couleur.png\" \/>\n<meta name=\"twitter:card\" content=\"summary_large_image\" \/>\n<meta name=\"twitter:label1\" content=\"Tempo estimado de leitura\" \/>\n\t<meta name=\"twitter:data1\" content=\"3 minutos\" \/>\n<script type=\"application\/ld+json\" class=\"yoast-schema-graph\">{\"@context\":\"https:\/\/schema.org\",\"@graph\":[{\"@type\":\"WebPage\",\"@id\":\"https:\/\/exceladvisor.org\/pt\/fonte-de-caracteres\/\",\"url\":\"https:\/\/exceladvisor.org\/pt\/fonte-de-caracteres\/\",\"name\":\"Como fazer altera\u00e7\u00f5es na fonte usando VBA?\",\"isPartOf\":{\"@id\":\"https:\/\/exceladvisor.org\/pt\/#website\"},\"primaryImageOfPage\":{\"@id\":\"https:\/\/exceladvisor.org\/pt\/fonte-de-caracteres\/#primaryimage\"},\"image\":{\"@id\":\"https:\/\/exceladvisor.org\/pt\/fonte-de-caracteres\/#primaryimage\"},\"thumbnailUrl\":\"https:\/\/exceladvisor.org\/wp-content\/uploads\/2023\/08\/1-en-utilisant-des-constantes-de-couleur.png\",\"datePublished\":\"2023-10-21T13:57:49+00:00\",\"dateModified\":\"2023-12-06T11:37:47+00:00\",\"description\":\"Para fazer altera\u00e7\u00f5es na fonte de uma c\u00e9lula, voc\u00ea deve usar o objeto de fonte VBA.\",\"breadcrumb\":{\"@id\":\"https:\/\/exceladvisor.org\/pt\/fonte-de-caracteres\/#breadcrumb\"},\"inLanguage\":\"pt-PT\",\"potentialAction\":[{\"@type\":\"ReadAction\",\"target\":[\"https:\/\/exceladvisor.org\/pt\/fonte-de-caracteres\/\"]}]},{\"@type\":\"ImageObject\",\"inLanguage\":\"pt-PT\",\"@id\":\"https:\/\/exceladvisor.org\/pt\/fonte-de-caracteres\/#primaryimage\",\"url\":\"https:\/\/exceladvisor.org\/wp-content\/uploads\/2023\/08\/1-en-utilisant-des-constantes-de-couleur.png\",\"contentUrl\":\"https:\/\/exceladvisor.org\/wp-content\/uploads\/2023\/08\/1-en-utilisant-des-constantes-de-couleur.png\"},{\"@type\":\"BreadcrumbList\",\"@id\":\"https:\/\/exceladvisor.org\/pt\/fonte-de-caracteres\/#breadcrumb\",\"itemListElement\":[{\"@type\":\"ListItem\",\"position\":1,\"name\":\"Lar\",\"item\":\"https:\/\/exceladvisor.org\/pt\/\"},{\"@type\":\"ListItem\",\"position\":2,\"name\":\"Como fazer altera\u00e7\u00f5es na fonte usando vba?\"}]},{\"@type\":\"WebSite\",\"@id\":\"https:\/\/exceladvisor.org\/pt\/#website\",\"url\":\"https:\/\/exceladvisor.org\/pt\/\",\"name\":\"Excel Advisor\",\"description\":\"O seu guia definitivo para dominar os dados!\",\"publisher\":{\"@id\":\"https:\/\/exceladvisor.org\/pt\/#organization\"},\"potentialAction\":[{\"@type\":\"SearchAction\",\"target\":{\"@type\":\"EntryPoint\",\"urlTemplate\":\"https:\/\/exceladvisor.org\/pt\/?s={search_term_string}\"},\"query-input\":{\"@type\":\"PropertyValueSpecification\",\"valueRequired\":true,\"valueName\":\"search_term_string\"}}],\"inLanguage\":\"pt-PT\"},{\"@type\":\"Organization\",\"@id\":\"https:\/\/exceladvisor.org\/pt\/#organization\",\"name\":\"Excel Advisor\",\"url\":\"https:\/\/exceladvisor.org\/pt\/\",\"logo\":{\"@type\":\"ImageObject\",\"inLanguage\":\"pt-PT\",\"@id\":\"https:\/\/exceladvisor.org\/pt\/#\/schema\/logo\/image\/\",\"url\":\"https:\/\/exceladvisor.org\/pt\/wp-content\/uploads\/2023\/12\/exceladvisor.org_.png\",\"contentUrl\":\"https:\/\/exceladvisor.org\/pt\/wp-content\/uploads\/2023\/12\/exceladvisor.org_.png\",\"width\":105,\"height\":36,\"caption\":\"Excel Advisor\"},\"image\":{\"@id\":\"https:\/\/exceladvisor.org\/pt\/#\/schema\/logo\/image\/\"}}]}<\/script>\n<!-- \/ Yoast SEO plugin. -->","yoast_head_json":{"title":"Como fazer altera\u00e7\u00f5es na fonte usando VBA?","description":"Para fazer altera\u00e7\u00f5es na fonte de uma c\u00e9lula, voc\u00ea deve usar o objeto de fonte VBA.","robots":{"index":"index","follow":"follow","max-snippet":"max-snippet:-1","max-image-preview":"max-image-preview:large","max-video-preview":"max-video-preview:-1"},"canonical":"https:\/\/exceladvisor.org\/pt\/fonte-de-caracteres\/","og_locale":"pt_PT","og_type":"article","og_title":"Como fazer altera\u00e7\u00f5es na fonte usando VBA?","og_description":"Para fazer altera\u00e7\u00f5es na fonte de uma c\u00e9lula, voc\u00ea deve usar o objeto de fonte VBA.","og_url":"https:\/\/exceladvisor.org\/pt\/fonte-de-caracteres\/","og_site_name":"Excel Advisor","article_modified_time":"2023-12-06T11:37:47+00:00","og_image":[{"url":"https:\/\/exceladvisor.org\/wp-content\/uploads\/2023\/08\/1-en-utilisant-des-constantes-de-couleur.png","type":"","width":"","height":""}],"twitter_card":"summary_large_image","twitter_misc":{"Tempo estimado de leitura":"3 minutos"},"schema":{"@context":"https:\/\/schema.org","@graph":[{"@type":"WebPage","@id":"https:\/\/exceladvisor.org\/pt\/fonte-de-caracteres\/","url":"https:\/\/exceladvisor.org\/pt\/fonte-de-caracteres\/","name":"Como fazer altera\u00e7\u00f5es na fonte usando VBA?","isPartOf":{"@id":"https:\/\/exceladvisor.org\/pt\/#website"},"primaryImageOfPage":{"@id":"https:\/\/exceladvisor.org\/pt\/fonte-de-caracteres\/#primaryimage"},"image":{"@id":"https:\/\/exceladvisor.org\/pt\/fonte-de-caracteres\/#primaryimage"},"thumbnailUrl":"https:\/\/exceladvisor.org\/wp-content\/uploads\/2023\/08\/1-en-utilisant-des-constantes-de-couleur.png","datePublished":"2023-10-21T13:57:49+00:00","dateModified":"2023-12-06T11:37:47+00:00","description":"Para fazer altera\u00e7\u00f5es na fonte de uma c\u00e9lula, voc\u00ea deve usar o objeto de fonte VBA.","breadcrumb":{"@id":"https:\/\/exceladvisor.org\/pt\/fonte-de-caracteres\/#breadcrumb"},"inLanguage":"pt-PT","potentialAction":[{"@type":"ReadAction","target":["https:\/\/exceladvisor.org\/pt\/fonte-de-caracteres\/"]}]},{"@type":"ImageObject","inLanguage":"pt-PT","@id":"https:\/\/exceladvisor.org\/pt\/fonte-de-caracteres\/#primaryimage","url":"https:\/\/exceladvisor.org\/wp-content\/uploads\/2023\/08\/1-en-utilisant-des-constantes-de-couleur.png","contentUrl":"https:\/\/exceladvisor.org\/wp-content\/uploads\/2023\/08\/1-en-utilisant-des-constantes-de-couleur.png"},{"@type":"BreadcrumbList","@id":"https:\/\/exceladvisor.org\/pt\/fonte-de-caracteres\/#breadcrumb","itemListElement":[{"@type":"ListItem","position":1,"name":"Lar","item":"https:\/\/exceladvisor.org\/pt\/"},{"@type":"ListItem","position":2,"name":"Como fazer altera\u00e7\u00f5es na fonte usando vba?"}]},{"@type":"WebSite","@id":"https:\/\/exceladvisor.org\/pt\/#website","url":"https:\/\/exceladvisor.org\/pt\/","name":"Excel Advisor","description":"O seu guia definitivo para dominar os dados!","publisher":{"@id":"https:\/\/exceladvisor.org\/pt\/#organization"},"potentialAction":[{"@type":"SearchAction","target":{"@type":"EntryPoint","urlTemplate":"https:\/\/exceladvisor.org\/pt\/?s={search_term_string}"},"query-input":{"@type":"PropertyValueSpecification","valueRequired":true,"valueName":"search_term_string"}}],"inLanguage":"pt-PT"},{"@type":"Organization","@id":"https:\/\/exceladvisor.org\/pt\/#organization","name":"Excel Advisor","url":"https:\/\/exceladvisor.org\/pt\/","logo":{"@type":"ImageObject","inLanguage":"pt-PT","@id":"https:\/\/exceladvisor.org\/pt\/#\/schema\/logo\/image\/","url":"https:\/\/exceladvisor.org\/pt\/wp-content\/uploads\/2023\/12\/exceladvisor.org_.png","contentUrl":"https:\/\/exceladvisor.org\/pt\/wp-content\/uploads\/2023\/12\/exceladvisor.org_.png","width":105,"height":36,"caption":"Excel Advisor"},"image":{"@id":"https:\/\/exceladvisor.org\/pt\/#\/schema\/logo\/image\/"}}]}},"yoast_meta":{"yoast_wpseo_title":"","yoast_wpseo_metadesc":"","yoast_wpseo_canonical":""},"_links":{"self":[{"href":"https:\/\/exceladvisor.org\/pt\/wp-json\/wp\/v2\/pages\/587","targetHints":{"allow":["GET"]}}],"collection":[{"href":"https:\/\/exceladvisor.org\/pt\/wp-json\/wp\/v2\/pages"}],"about":[{"href":"https:\/\/exceladvisor.org\/pt\/wp-json\/wp\/v2\/types\/page"}],"author":[{"embeddable":true,"href":"https:\/\/exceladvisor.org\/pt\/wp-json\/wp\/v2\/users\/1"}],"replies":[{"embeddable":true,"href":"https:\/\/exceladvisor.org\/pt\/wp-json\/wp\/v2\/comments?post=587"}],"version-history":[{"count":1,"href":"https:\/\/exceladvisor.org\/pt\/wp-json\/wp\/v2\/pages\/587\/revisions"}],"predecessor-version":[{"id":1069,"href":"https:\/\/exceladvisor.org\/pt\/wp-json\/wp\/v2\/pages\/587\/revisions\/1069"}],"wp:attachment":[{"href":"https:\/\/exceladvisor.org\/pt\/wp-json\/wp\/v2\/media?parent=587"}],"curies":[{"name":"wp","href":"https:\/\/api.w.org\/{rel}","templated":true}]}}