{"id":588,"date":"2023-10-21T13:45:37","date_gmt":"2023-10-21T13:45:37","guid":{"rendered":"https:\/\/exceladvisor.org\/pt\/fazer-enquanto\/"},"modified":"2023-12-06T11:50:09","modified_gmt":"2023-12-06T11:50:09","slug":"fazer-enquanto","status":"publish","type":"page","link":"https:\/\/exceladvisor.org\/pt\/fazer-enquanto\/","title":{"rendered":"Como usar o loop do while no vba?"},"content":{"rendered":"<div class=\"excel-before-content-2\" id=\"excel-2415914548\"><script type=\"text\/javascript\">\r\n\tatOptions = {\r\n\t\t'key' : 'c1158f160081d6540a8409e6925dab94',\r\n\t\t'format' : 'iframe',\r\n\t\t'height' : 250,\r\n\t\t'width' : 300,\r\n\t\t'params' : {}\r\n\t};\r\n<\/script>\r\n<script type=\"text\/javascript\" src=\"\/\/www.highperformanceformat.com\/c1158f160081d6540a8409e6925dab94\/invoke.js\"><\/script><\/div><div class=\"excel-before-content\" id=\"excel-129819132\"><script type=\"text\/javascript\">\r\n\tatOptions = {\r\n\t\t'key' : 'c1158f160081d6540a8409e6925dab94',\r\n\t\t'format' : 'iframe',\r\n\t\t'height' : 250,\r\n\t\t'width' : 300,\r\n\t\t'params' : {}\r\n\t};\r\n<\/script>\r\n<script type=\"text\/javascript\" src=\"\/\/www.highperformanceformat.com\/c1158f160081d6540a8409e6925dab94\/invoke.js\"><\/script><\/div> <p>VBA Do while \u00e9 um loop onde voc\u00ea precisa especificar uma condi\u00e7\u00e3o e essa condi\u00e7\u00e3o deve permanecer verdadeira para que o loop seja executado. Em palavras simples, primeiro ele verifica se a condi\u00e7\u00e3o que voc\u00ea especificou \u00e9 verdadeira ou n\u00e3o e se essa condi\u00e7\u00e3o for verdadeira ele executa o loop, caso contr\u00e1rio, nada.<\/p><p> A cada itera\u00e7\u00e3o ele testa a condi\u00e7\u00e3o e s\u00f3 ent\u00e3o executa a instru\u00e7\u00e3o. Imagine que voc\u00ea deseja <a href=\"https:\/\/exceladvisor.org\/pt\/adicione-uma-nova-planilha-1\/\">adicionar planilhas<\/a> no Excel, mas a contagem total de planilhas \u00e9 12 ou menos. Nesse caso, voc\u00ea pode usar o loop do-while para escrever este c\u00f3digo.<\/p><h3 class=\"wp-block-heading\"> Sintaxe<\/h3><p> Aqui est\u00e1 a sintaxe VBA para cada loop subsequente. <\/p><pre class=\"wp-block-code\"> <code class=\"language-visual-basic\" lang=\"visual-basic\">Do While Condition [statements] Loop<\/code><\/pre><div class=\"wp-block-image\"><figure class=\"aligncenter size-large is-resized\"><img loading=\"lazy\" decoding=\"async\" class=\"wp-image-51937\" src=\"https:\/\/exceladvisor.org\/wp-content\/uploads\/2023\/08\/1-vba-do-while-declaration-de-condition-de-boucle.png\" sizes=\"auto, \" srcset=\"\" alt=\"instru\u00e7\u00e3o de condi\u00e7\u00e3o vba-do-while-loop\" width=\"465\" height=\"283\"><\/figure><\/div><ol type=\"1\"><li> <strong>Condi\u00e7\u00e3o:<\/strong> esta \u00e9 a condi\u00e7\u00e3o que voc\u00ea especifica e deve ser verdadeira para executar o loop.<\/li><li> <strong>Instru\u00e7\u00e3o<\/strong> : A(s) linha(s) de c\u00f3digo nas quais voc\u00ea deseja que o loop Do While execute a condi\u00e7\u00e3o \u00e9 verdadeira.<\/li><li> <strong>Loop<\/strong> : Esta \u00e9 a instru\u00e7\u00e3o final de uma itera\u00e7\u00e3o do loop e diz ao VBA para voltar para testar a condi\u00e7\u00e3o novamente.<\/li><\/ol><h3 class=\"wp-block-heading\"> Exemplo para entender o loop DO While<\/h3><p> Para entender o Do While Loop, vamos escrever um c\u00f3digo para adicionar planilhas a uma pasta de trabalho quando o n\u00famero total de planilhas for menor que doze. Voc\u00ea n\u00e3o precisa informar ao VBA quantas planilhas adicionar e sempre ter\u00e1 um total de 12 planilhas cada vez que executar este c\u00f3digo.<\/p><p> Use as seguintes etapas:<\/p><ol><li> Primeiro de tudo, voc\u00ea precisa digitar \u201cDo While\u201d no teclado. <br><img loading=\"lazy\" decoding=\"async\" title=\"2-digite-a-palavra-chave-fa\u00e7a-enquanto\" src=\"https:\/\/exceladvisor.org\/wp-content\/uploads\/2023\/08\/2-tapez-le-mot-cle-do-while.png\" sizes=\"auto, \" srcset=\"\" alt=\"type-the-keyword-do-while\" width=\"470\" height=\"235\"><\/li><li> Em seguida, voc\u00ea precisa escrever uma condi\u00e7\u00e3o que possa verificar se o n\u00famero total de planilhas na pasta de trabalho \u00e9 menor que doze.<\/li><li> Para fazer isso, voc\u00ea precisa usar o c\u00f3digo abaixo, que conta o n\u00famero total de planilhas e depois compara com o n\u00famero doze. <br><img loading=\"lazy\" decoding=\"async\" title=\"Confira 3 Planilhas de Condi\u00e7\u00f5es\" src=\"https:\/\/exceladvisor.org\/wp-content\/uploads\/2023\/08\/3-conditions-pour-verifier-les-feuilles-de-travail.png\" sizes=\"auto, \" srcset=\"\" alt=\"condition-to-check-worksheets\" width=\"534\" height=\"179\"><\/li><li> Em seguida, voc\u00ea precisa escrever o c\u00f3digo para adicionar uma planilha. Este c\u00f3digo ser\u00e1 executado quando a condi\u00e7\u00e3o que voc\u00ea especificou for verdadeira. <br><img loading=\"lazy\" decoding=\"async\" title=\"Planilha de 4 c\u00f3digos para adicionar\" src=\"https:\/\/exceladvisor.org\/wp-content\/uploads\/2023\/08\/4-code-pour-ajouter-une-feuille-de-calcul.png\" sizes=\"auto, \" srcset=\"\" alt=\"code-to-add-worksheet\" width=\"591\" height=\"217\"><\/li><li> E, ao final, digite a palavra-chave \u201cLoop\u201d para completar o c\u00f3digo. <br><img loading=\"lazy\" decoding=\"async\" title=\"C\u00f3digo de loop para terminar de 5 tipos\" src=\"https:\/\/exceladvisor.org\/wp-content\/uploads\/2023\/08\/Boucle-de-type-5-pour-terminer-le-code.png\" sizes=\"auto, \" srcset=\"\" alt=\"type-loop-to-end-the-code\" width=\"565\" height=\"235\"><\/li><\/ol><p> Aqui est\u00e1 o c\u00f3digo completo que voc\u00ea acabou de escrever:<\/p><pre class=\"wp-block-code\"> <code class=\"language-visual-basic\" lang=\"visual-basic\">Sub vba_do_while_loop() Do While ActiveWorkbook.Worksheets.Count &lt; 12 Sheets.Add Loop End Sub<\/code><\/pre><p> Agora deixe-me explicar como esse c\u00f3digo funciona: A <strong>condi\u00e7\u00e3o que voc\u00ea especificou verifica o n\u00famero total de planilhas<\/strong> na pasta de trabalho e, em seguida, voc\u00ea tem um operador menor que que verifica o n\u00famero de planilhas em rela\u00e7\u00e3o a doze.<\/p><p> Quando o <strong>n\u00famero de planilhas for menor que doze, o loop continuar\u00e1 a ser executado<\/strong> e adicionar\u00e1 novas planilhas, mas quando o n\u00famero de planilhas atingir doze, o loop ir\u00e1 parar.<\/p><p> Em termos simples, o loop continuar\u00e1 a ser executado enquanto o n\u00famero de planilhas for menor que doze. <\/p><div class=\"wp-block-image\"><figure class=\"aligncenter size-full is-resized\"><img loading=\"lazy\" decoding=\"async\" class=\"wp-image-62277\" src=\"https:\/\/exceladvisor.org\/wp-content\/uploads\/2023\/08\/exemple-de-boucle-do-while.gif\" sizes=\"auto, \" srcset=\"\" alt=\"exemplo de loop do-while\" width=\"597\" height=\"395\"><\/figure><\/div><p> O problema \u00e9 o seguinte: com o c\u00f3digo que voc\u00ea acabou de escrever, voc\u00ea n\u00e3o precisa especificar o n\u00famero de planilhas que deseja adicionar, mas se for para o pr\u00f3ximo loop, voc\u00ea precisa especificar o n\u00famero de planilhas de c\u00e1lculo que deseja adicionar.<\/p><h2 class=\"wp-block-heading\"> Fa\u00e7a um loop para<\/h2><p> Do Loop While \u00e9 uma vers\u00e3o estendida do Do While Loop, pois funciona da mesma forma, mas h\u00e1 uma pequena diferen\u00e7a ao testar a condi\u00e7\u00e3o.<\/p><p> In Do Loop While ele executa uma itera\u00e7\u00e3o do loop antes de testar a condi\u00e7\u00e3o que voc\u00ea especificou e se a condi\u00e7\u00e3o for verdadeira, ele continuar\u00e1 em loop.<\/p><p> Digamos que voc\u00ea queira escrever algum c\u00f3digo para verificar uma senha para executar algum c\u00f3digo e continuar fazendo o loop enquanto a senha estiver incorreta (vemos isso no exemplo).<\/p><h3 class=\"wp-block-heading\"> Sintaxe<\/h3><p> Aqui est\u00e1 a sintaxe do VBA Do Loop While. <\/p><div class=\"wp-block-image\"><figure class=\"aligncenter size-large is-resized\"><img loading=\"lazy\" decoding=\"async\" class=\"wp-image-51942\" src=\"https:\/\/exceladvisor.org\/wp-content\/uploads\/2023\/08\/6-syntaxe-pour-la-boucle-vba-do-while.png\" sizes=\"auto, \" srcset=\"\" alt=\"sintaxe para vba-do-loop-while\" width=\"457\" height=\"327\"><\/figure><\/div><ol type=\"1\"><li> Do: esta \u00e9 a palavra-chave inicial do loop Do While.<\/li><li> Instru\u00e7\u00e3o: Esta \u00e9 a(s) linha(s) de c\u00f3digo que voc\u00ea deseja executar no loop.<\/li><li> Loop While: Esta \u00e9 a palavra-chave para continuar o loop e testar a condi\u00e7\u00e3o que voc\u00ea especificou.<\/li><li> Condi\u00e7\u00e3o: esta \u00e9 a condi\u00e7\u00e3o que voc\u00ea deseja testar antes que o loop comece sua segunda itera\u00e7\u00e3o e continue o loop.<\/li><\/ol><p> Como voc\u00ea pode ver na sintaxe de Do Loop While, ele primeiro executar\u00e1 a instru\u00e7\u00e3o uma vez, depois ir\u00e1 para a condi\u00e7\u00e3o e a testar\u00e1, e se essa condi\u00e7\u00e3o for verdadeira, ele iniciar\u00e1 o loop e continuar\u00e1 enquanto a condi\u00e7\u00e3o for verdadeiro.<\/p><h3 class=\"wp-block-heading\"> Exemplo para entender o loop DO while<\/h3><p> Para entender o loop do while, vamos escrever um c\u00f3digo para exibir uma caixa de entrada e pedir ao usu\u00e1rio que digite a senha.<\/p><p> Esta caixa de entrada continuar\u00e1 mostrando claramente que a senha digitada pelo usu\u00e1rio est\u00e1 incorreta por at\u00e9 cinco tentativas e depois disso a caixa de entrada desaparecer\u00e1 sem a realiza\u00e7\u00e3o do procedimento.<\/p><ol><li> Primeiro, declare duas vari\u00e1veis necess\u00e1rias para armazenar a senha e o contador de tentativas. <br><img loading=\"lazy\" decoding=\"async\" title=\"7-declare-duas-vari\u00e1veis-que-voc\u00ea-precisa-para-armazenamento\" src=\"https:\/\/exceladvisor.org\/wp-content\/uploads\/2023\/08\/7-declarer-deux-variables-dont-vous-avez-besoin-pour-le-stockage.png\" sizes=\"auto, \" srcset=\"\" alt=\"declare-two-variables-you-need-for-storing\" width=\"468\" height=\"181\"><\/li><li> Depois disso, digite a palavra-chave \u201cDo\u201d. Aqui voc\u00ea n\u00e3o precisa definir a condi\u00e7\u00e3o primeiro, como viu na sintaxe. <br><img loading=\"lazy\" decoding=\"async\" title=\"8-digite a palavra-chave\" src=\"https:\/\/exceladvisor.org\/wp-content\/uploads\/2023\/08\/8-tapez-le-mot-cle-do.png\" sizes=\"auto, \" srcset=\"\" alt=\"type-the-do-keyword\" width=\"462\" height=\"174\"><\/li><li> Em seguida, voc\u00ea precisa escrever uma linha de c\u00f3digo para exibir a caixa de entrada que solicita ao usu\u00e1rio que insira a senha. <br><img loading=\"lazy\" decoding=\"async\" title=\"9-escreva uma linha de c\u00f3digo\" src=\"https:\/\/exceladvisor.org\/wp-content\/uploads\/2023\/08\/9-ecrire-une-ligne-de-code.png\" sizes=\"auto, \" srcset=\"\" alt=\"write-a-line-of-code\" width=\"478\" height=\"213\"><\/li><li> A partir daqui, voc\u00ea precisa definir um contador que possa contar at\u00e9 cinco (somado a cada itera\u00e7\u00e3o do loop). <br><img loading=\"lazy\" decoding=\"async\" title=\"10-set-a-counter\" src=\"https:\/\/exceladvisor.org\/wp-content\/uploads\/2023\/08\/10-definir-un-compteur.png\" sizes=\"auto, \" srcset=\"\" alt=\"define-a-counter\" width=\"508\" height=\"233\"><\/li><li> Agora digite a palavra-chave \u201cLoop While\u201d e defina duas condi\u00e7\u00f5es que podem verificar o valor inserido pelo usu\u00e1rio e na caixa de entrada e podem testar o valor do contador se for menor que 5. <br><img loading=\"lazy\" decoding=\"async\" title=\"Loop de palavra-chave de 11 tipos enquanto e define duas condi\u00e7\u00f5es\" src=\"https:\/\/exceladvisor.org\/wp-content\/uploads\/2023\/08\/11-tapez-une-boucle-de-mots-cles-tandis-que-et-definissez-deux-conditions.png\" sizes=\"auto, \" srcset=\"\" alt=\"type-keyword-loop-while-and-define-two-condition\" width=\"519\" height=\"256\"><\/li><li> No final, escreva o c\u00f3digo que deseja executar. Aqui estou usando a instru\u00e7\u00e3o IF que exibir\u00e1 uma caixa de mensagem se a senha inserida pelo usu\u00e1rio estiver correta. <br><img loading=\"lazy\" decoding=\"async\" title=\"12-escreva-o-c\u00f3digo-que-quer-executar\" src=\"https:\/\/exceladvisor.org\/wp-content\/uploads\/2023\/08\/12-ecrivez-le-code-que-vous-voulez-executer.png\" sizes=\"auto, \" srcset=\"\" alt=\"write-the-code-you-want-to-run\" width=\"503\" height=\"306\"><\/li><\/ol><pre class=\"wp-block-code\"> <code class=\"language-visual-basic\" lang=\"visual-basic\">Sub vba_do_loop_while() Dim varPassword As Variant, i As Double Do varPassword = InputBox _ (\"Enter the password to start the procedure:\", _ \"Check Password 1.0\") i = i + 1 Loop While varPassword &lt;&gt; \"CorrectPassword\" And i &lt; 5 If varPassword = \"CorrectPassword\" Then MsgBox \"Your Password is Correct\" End If End Sub<\/code><\/pre><p> Deixe-me explicar esse c\u00f3digo para voc\u00ea.<\/p><ul><li> Na primeira parte deste c\u00f3digo voc\u00ea tem o loop do while que exibir\u00e1 uma caixa de entrada para o usu\u00e1rio e <strong>solicitar\u00e1 uma senha<\/strong> .<\/li><li> E <strong>se a senha estiver incorreta, ele continuar\u00e1 executando o loop<\/strong> at\u00e9 que o usu\u00e1rio insira a senha correta.<\/li><li> Mas como voc\u00ea est\u00e1 usando um contador para contar as itera\u00e7\u00f5es do loop e <strong>quando esse contador chegar a 5, o loop ir\u00e1 parar<\/strong> .<\/li><\/ul><div class=\"gb-container gb-container-4db6181c gb-container-mt\"> <a class=\"gb-button gb-button-c5897111 gb-button-text gb-button-mt-button\" href=\"https:\/\/exceladvisor.org\/pt\/vba\/\">O que \u00e9 VBA<\/a><h2 class=\"gb-headline gb-headline-665e5f6b gb-headline-text gb-headline-mt-heading\"> Tutoriais relacionados <\/h2><div class=\"gb-grid-wrapper gb-grid-wrapper-a20baf7c gb-grid-wrapper-mt-grid\"><div class=\"gb-grid-column gb-grid-column-65ddf67e\"><div class=\"gb-container gb-container-65ddf67e\"><ul><li> <a href=\"https:\/\/exceladvisor.org\/pt\/rotacoes\/\">Loops VBA (do iniciante ao avan\u00e7ado)<\/a><\/li><li> <a href=\"https:\/\/exceladvisor.org\/pt\/selecione-o-caso\/\">Caso selecionado do VBA<\/a><\/li><li> <a href=\"https:\/\/exceladvisor.org\/pt\/folhas-de-laco\/\">Percorra todas as planilhas usando VBA no Excel<\/a> <\/li><\/ul><\/div><\/div><div class=\"gb-grid-column gb-grid-column-50067b57\"><div class=\"gb-container gb-container-50067b57\"><ul><li> <a href=\"https:\/\/exceladvisor.org\/pt\/percorrer-o-intervalo\/\">Percorrer um intervalo usando VBA (Colunas, Linha e UsedRange)<\/a><\/li><li> <a href=\"https:\/\/exceladvisor.org\/pt\/para-o-circuito\/\">VBA FOR LOOP (para o pr\u00f3ximo, para cada)<\/a><\/li><li> <a href=\"https:\/\/exceladvisor.org\/pt\/va-para-1\/\">Declara\u00e7\u00e3o GoTo VBA<\/a><\/li><\/ul><\/div><\/div><\/div><\/div>","protected":false},"excerpt":{"rendered":"","protected":false},"author":1,"featured_media":0,"parent":0,"menu_order":0,"comment_status":"open","ping_status":"closed","template":"","meta":{"ub_ctt_via":"","footnotes":""},"class_list":["post-588","page","type-page","status-publish","hentry"],"featured_image_src":null,"yoast_head":"<!-- This site is optimized with the Yoast SEO plugin v25.4 - https:\/\/yoast.com\/wordpress\/plugins\/seo\/ -->\n<title>Como usar o loop Do While no VBA? (e fa\u00e7a loop enquanto)<\/title>\n<meta name=\"description\" content=\"Neste tutorial, voc\u00ea aprender\u00e1 como usar Do While Loop e Do Loop While no c\u00f3digo VBA no Excel.\" \/>\n<meta name=\"robots\" content=\"index, follow, max-snippet:-1, max-image-preview:large, max-video-preview:-1\" \/>\n<link rel=\"canonical\" href=\"https:\/\/exceladvisor.org\/pt\/fazer-enquanto\/\" \/>\n<meta property=\"og:locale\" content=\"pt_PT\" \/>\n<meta property=\"og:type\" content=\"article\" \/>\n<meta property=\"og:title\" content=\"Como usar o loop Do While no VBA? (e fa\u00e7a loop enquanto)\" \/>\n<meta property=\"og:description\" content=\"Neste tutorial, voc\u00ea aprender\u00e1 como usar Do While Loop e Do Loop While no c\u00f3digo VBA no Excel.\" \/>\n<meta property=\"og:url\" content=\"https:\/\/exceladvisor.org\/pt\/fazer-enquanto\/\" \/>\n<meta property=\"og:site_name\" content=\"Excel Advisor\" \/>\n<meta property=\"article:modified_time\" content=\"2023-12-06T11:50:09+00:00\" \/>\n<meta property=\"og:image\" content=\"https:\/\/exceladvisor.org\/wp-content\/uploads\/2023\/08\/1-vba-do-while-declaration-de-condition-de-boucle.png\" \/>\n<meta name=\"twitter:card\" content=\"summary_large_image\" \/>\n<meta name=\"twitter:label1\" content=\"Tempo estimado de leitura\" \/>\n\t<meta name=\"twitter:data1\" content=\"6 minutos\" \/>\n<script type=\"application\/ld+json\" class=\"yoast-schema-graph\">{\"@context\":\"https:\/\/schema.org\",\"@graph\":[{\"@type\":\"WebPage\",\"@id\":\"https:\/\/exceladvisor.org\/pt\/fazer-enquanto\/\",\"url\":\"https:\/\/exceladvisor.org\/pt\/fazer-enquanto\/\",\"name\":\"Como usar o loop Do While no VBA? (e fa\u00e7a loop enquanto)\",\"isPartOf\":{\"@id\":\"https:\/\/exceladvisor.org\/pt\/#website\"},\"primaryImageOfPage\":{\"@id\":\"https:\/\/exceladvisor.org\/pt\/fazer-enquanto\/#primaryimage\"},\"image\":{\"@id\":\"https:\/\/exceladvisor.org\/pt\/fazer-enquanto\/#primaryimage\"},\"thumbnailUrl\":\"https:\/\/exceladvisor.org\/wp-content\/uploads\/2023\/08\/1-vba-do-while-declaration-de-condition-de-boucle.png\",\"datePublished\":\"2023-10-21T13:45:37+00:00\",\"dateModified\":\"2023-12-06T11:50:09+00:00\",\"description\":\"Neste tutorial, voc\u00ea aprender\u00e1 como usar Do While Loop e Do Loop While no c\u00f3digo VBA no Excel.\",\"breadcrumb\":{\"@id\":\"https:\/\/exceladvisor.org\/pt\/fazer-enquanto\/#breadcrumb\"},\"inLanguage\":\"pt-PT\",\"potentialAction\":[{\"@type\":\"ReadAction\",\"target\":[\"https:\/\/exceladvisor.org\/pt\/fazer-enquanto\/\"]}]},{\"@type\":\"ImageObject\",\"inLanguage\":\"pt-PT\",\"@id\":\"https:\/\/exceladvisor.org\/pt\/fazer-enquanto\/#primaryimage\",\"url\":\"https:\/\/exceladvisor.org\/wp-content\/uploads\/2023\/08\/1-vba-do-while-declaration-de-condition-de-boucle.png\",\"contentUrl\":\"https:\/\/exceladvisor.org\/wp-content\/uploads\/2023\/08\/1-vba-do-while-declaration-de-condition-de-boucle.png\"},{\"@type\":\"BreadcrumbList\",\"@id\":\"https:\/\/exceladvisor.org\/pt\/fazer-enquanto\/#breadcrumb\",\"itemListElement\":[{\"@type\":\"ListItem\",\"position\":1,\"name\":\"Lar\",\"item\":\"https:\/\/exceladvisor.org\/pt\/\"},{\"@type\":\"ListItem\",\"position\":2,\"name\":\"Como usar o loop do while no vba?\"}]},{\"@type\":\"WebSite\",\"@id\":\"https:\/\/exceladvisor.org\/pt\/#website\",\"url\":\"https:\/\/exceladvisor.org\/pt\/\",\"name\":\"Excel Advisor\",\"description\":\"O seu guia definitivo para dominar os dados!\",\"publisher\":{\"@id\":\"https:\/\/exceladvisor.org\/pt\/#organization\"},\"potentialAction\":[{\"@type\":\"SearchAction\",\"target\":{\"@type\":\"EntryPoint\",\"urlTemplate\":\"https:\/\/exceladvisor.org\/pt\/?s={search_term_string}\"},\"query-input\":{\"@type\":\"PropertyValueSpecification\",\"valueRequired\":true,\"valueName\":\"search_term_string\"}}],\"inLanguage\":\"pt-PT\"},{\"@type\":\"Organization\",\"@id\":\"https:\/\/exceladvisor.org\/pt\/#organization\",\"name\":\"Excel Advisor\",\"url\":\"https:\/\/exceladvisor.org\/pt\/\",\"logo\":{\"@type\":\"ImageObject\",\"inLanguage\":\"pt-PT\",\"@id\":\"https:\/\/exceladvisor.org\/pt\/#\/schema\/logo\/image\/\",\"url\":\"https:\/\/exceladvisor.org\/pt\/wp-content\/uploads\/2023\/12\/exceladvisor.org_.png\",\"contentUrl\":\"https:\/\/exceladvisor.org\/pt\/wp-content\/uploads\/2023\/12\/exceladvisor.org_.png\",\"width\":105,\"height\":36,\"caption\":\"Excel Advisor\"},\"image\":{\"@id\":\"https:\/\/exceladvisor.org\/pt\/#\/schema\/logo\/image\/\"}}]}<\/script>\n<!-- \/ Yoast SEO plugin. -->","yoast_head_json":{"title":"Como usar o loop Do While no VBA? (e fa\u00e7a loop enquanto)","description":"Neste tutorial, voc\u00ea aprender\u00e1 como usar Do While Loop e Do Loop While no c\u00f3digo VBA no Excel.","robots":{"index":"index","follow":"follow","max-snippet":"max-snippet:-1","max-image-preview":"max-image-preview:large","max-video-preview":"max-video-preview:-1"},"canonical":"https:\/\/exceladvisor.org\/pt\/fazer-enquanto\/","og_locale":"pt_PT","og_type":"article","og_title":"Como usar o loop Do While no VBA? (e fa\u00e7a loop enquanto)","og_description":"Neste tutorial, voc\u00ea aprender\u00e1 como usar Do While Loop e Do Loop While no c\u00f3digo VBA no Excel.","og_url":"https:\/\/exceladvisor.org\/pt\/fazer-enquanto\/","og_site_name":"Excel Advisor","article_modified_time":"2023-12-06T11:50:09+00:00","og_image":[{"url":"https:\/\/exceladvisor.org\/wp-content\/uploads\/2023\/08\/1-vba-do-while-declaration-de-condition-de-boucle.png","type":"","width":"","height":""}],"twitter_card":"summary_large_image","twitter_misc":{"Tempo estimado de leitura":"6 minutos"},"schema":{"@context":"https:\/\/schema.org","@graph":[{"@type":"WebPage","@id":"https:\/\/exceladvisor.org\/pt\/fazer-enquanto\/","url":"https:\/\/exceladvisor.org\/pt\/fazer-enquanto\/","name":"Como usar o loop Do While no VBA? (e fa\u00e7a loop enquanto)","isPartOf":{"@id":"https:\/\/exceladvisor.org\/pt\/#website"},"primaryImageOfPage":{"@id":"https:\/\/exceladvisor.org\/pt\/fazer-enquanto\/#primaryimage"},"image":{"@id":"https:\/\/exceladvisor.org\/pt\/fazer-enquanto\/#primaryimage"},"thumbnailUrl":"https:\/\/exceladvisor.org\/wp-content\/uploads\/2023\/08\/1-vba-do-while-declaration-de-condition-de-boucle.png","datePublished":"2023-10-21T13:45:37+00:00","dateModified":"2023-12-06T11:50:09+00:00","description":"Neste tutorial, voc\u00ea aprender\u00e1 como usar Do While Loop e Do Loop While no c\u00f3digo VBA no Excel.","breadcrumb":{"@id":"https:\/\/exceladvisor.org\/pt\/fazer-enquanto\/#breadcrumb"},"inLanguage":"pt-PT","potentialAction":[{"@type":"ReadAction","target":["https:\/\/exceladvisor.org\/pt\/fazer-enquanto\/"]}]},{"@type":"ImageObject","inLanguage":"pt-PT","@id":"https:\/\/exceladvisor.org\/pt\/fazer-enquanto\/#primaryimage","url":"https:\/\/exceladvisor.org\/wp-content\/uploads\/2023\/08\/1-vba-do-while-declaration-de-condition-de-boucle.png","contentUrl":"https:\/\/exceladvisor.org\/wp-content\/uploads\/2023\/08\/1-vba-do-while-declaration-de-condition-de-boucle.png"},{"@type":"BreadcrumbList","@id":"https:\/\/exceladvisor.org\/pt\/fazer-enquanto\/#breadcrumb","itemListElement":[{"@type":"ListItem","position":1,"name":"Lar","item":"https:\/\/exceladvisor.org\/pt\/"},{"@type":"ListItem","position":2,"name":"Como usar o loop do while no vba?"}]},{"@type":"WebSite","@id":"https:\/\/exceladvisor.org\/pt\/#website","url":"https:\/\/exceladvisor.org\/pt\/","name":"Excel Advisor","description":"O seu guia definitivo para dominar os dados!","publisher":{"@id":"https:\/\/exceladvisor.org\/pt\/#organization"},"potentialAction":[{"@type":"SearchAction","target":{"@type":"EntryPoint","urlTemplate":"https:\/\/exceladvisor.org\/pt\/?s={search_term_string}"},"query-input":{"@type":"PropertyValueSpecification","valueRequired":true,"valueName":"search_term_string"}}],"inLanguage":"pt-PT"},{"@type":"Organization","@id":"https:\/\/exceladvisor.org\/pt\/#organization","name":"Excel Advisor","url":"https:\/\/exceladvisor.org\/pt\/","logo":{"@type":"ImageObject","inLanguage":"pt-PT","@id":"https:\/\/exceladvisor.org\/pt\/#\/schema\/logo\/image\/","url":"https:\/\/exceladvisor.org\/pt\/wp-content\/uploads\/2023\/12\/exceladvisor.org_.png","contentUrl":"https:\/\/exceladvisor.org\/pt\/wp-content\/uploads\/2023\/12\/exceladvisor.org_.png","width":105,"height":36,"caption":"Excel Advisor"},"image":{"@id":"https:\/\/exceladvisor.org\/pt\/#\/schema\/logo\/image\/"}}]}},"yoast_meta":{"yoast_wpseo_title":"","yoast_wpseo_metadesc":"","yoast_wpseo_canonical":""},"_links":{"self":[{"href":"https:\/\/exceladvisor.org\/pt\/wp-json\/wp\/v2\/pages\/588","targetHints":{"allow":["GET"]}}],"collection":[{"href":"https:\/\/exceladvisor.org\/pt\/wp-json\/wp\/v2\/pages"}],"about":[{"href":"https:\/\/exceladvisor.org\/pt\/wp-json\/wp\/v2\/types\/page"}],"author":[{"embeddable":true,"href":"https:\/\/exceladvisor.org\/pt\/wp-json\/wp\/v2\/users\/1"}],"replies":[{"embeddable":true,"href":"https:\/\/exceladvisor.org\/pt\/wp-json\/wp\/v2\/comments?post=588"}],"version-history":[{"count":1,"href":"https:\/\/exceladvisor.org\/pt\/wp-json\/wp\/v2\/pages\/588\/revisions"}],"predecessor-version":[{"id":1366,"href":"https:\/\/exceladvisor.org\/pt\/wp-json\/wp\/v2\/pages\/588\/revisions\/1366"}],"wp:attachment":[{"href":"https:\/\/exceladvisor.org\/pt\/wp-json\/wp\/v2\/media?parent=588"}],"curies":[{"name":"wp","href":"https:\/\/api.w.org\/{rel}","templated":true}]}}