{"id":589,"date":"2023-10-21T12:39:59","date_gmt":"2023-10-21T12:39:59","guid":{"rendered":"https:\/\/exceladvisor.org\/pt\/atualizacao-de-tela\/"},"modified":"2023-12-06T11:37:58","modified_gmt":"2023-12-06T11:37:58","slug":"atualizacao-de-tela","status":"publish","type":"page","link":"https:\/\/exceladvisor.org\/pt\/atualizacao-de-tela\/","title":{"rendered":"Como habilitar e desabilitar a atualiza\u00e7\u00e3o de tela no vba?"},"content":{"rendered":"<div class=\"excel-before-content-2\" id=\"excel-2751067673\"><script type=\"text\/javascript\">\r\n\tatOptions = {\r\n\t\t'key' : 'c1158f160081d6540a8409e6925dab94',\r\n\t\t'format' : 'iframe',\r\n\t\t'height' : 250,\r\n\t\t'width' : 300,\r\n\t\t'params' : {}\r\n\t};\r\n<\/script>\r\n<script type=\"text\/javascript\" src=\"\/\/www.highperformanceformat.com\/c1158f160081d6540a8409e6925dab94\/invoke.js\"><\/script><\/div><div class=\"excel-before-content\" id=\"excel-3095573540\"><script type=\"text\/javascript\">\r\n\tatOptions = {\r\n\t\t'key' : 'c1158f160081d6540a8409e6925dab94',\r\n\t\t'format' : 'iframe',\r\n\t\t'height' : 250,\r\n\t\t'width' : 300,\r\n\t\t'params' : {}\r\n\t};\r\n<\/script>\r\n<script type=\"text\/javascript\" src=\"\/\/www.highperformanceformat.com\/c1158f160081d6540a8409e6925dab94\/invoke.js\"><\/script><\/div> <h2 class=\"wp-block-heading\">O que \u00e9 atualiza\u00e7\u00e3o de tela VBA?<\/h2><p> ScreenUpdating \u00e9 uma propriedade no VBA que voc\u00ea pode usar para ativar e desativar a atualiza\u00e7\u00e3o da tela ao executar o c\u00f3digo. Voc\u00ea pode desativ\u00e1-lo antes de executar qualquer c\u00f3digo que acelere a execu\u00e7\u00e3o do seu c\u00f3digo e ativ\u00e1-lo novamente ap\u00f3s a conclus\u00e3o da execu\u00e7\u00e3o do c\u00f3digo. Voc\u00ea pode ler e escrever esta propriedade. <\/p><div class=\"wp-block-image\"><figure class=\"aligncenter size-large is-resized\"><img loading=\"lazy\" decoding=\"async\" class=\"wp-image-55686\" src=\"https:\/\/exceladvisor.org\/wp-content\/uploads\/2023\/08\/1-mise-a-jour-de-lecran-vba.png\" sizes=\"auto, \" srcset=\"\" alt=\"atualiza\u00e7\u00e3o de tela vba\" width=\"512\" height=\"332\"><\/figure><\/div><p> Por padr\u00e3o, a atualiza\u00e7\u00e3o da tela est\u00e1 \u201cATIVADA\u201d no Excel. Quando voc\u00ea <a href=\"https:\/\/exceladvisor.org\/pt\/executar-uma-macro-2\/\">executa um c\u00f3digo normalmente,<\/a> ocorre muita oscila\u00e7\u00e3o se esse c\u00f3digo demorar muito, mas se voc\u00ea desativar a atualiza\u00e7\u00e3o da tela, a execu\u00e7\u00e3o levar\u00e1 menos tempo do que o normal.<\/p><h2 class=\"wp-block-heading\"> Desative a atualiza\u00e7\u00e3o de tela no VBA<\/h2><ol type=\"1\"><li> Primeiro digite a palavra-chave \u201cAplicativo\u201d.<\/li><li> Depois disso, toque em um \u201c. \u00bb para abrir a lista de propriedades e m\u00e9todos.<\/li><li> Agora selecione \u201cAtualiza\u00e7\u00e3o de tela\u201d.<\/li><li> No final, especifique \u201cFalso\u201d. <\/li><\/ol><div class=\"wp-block-image\"><figure class=\"aligncenter size-large is-resized\"><img loading=\"lazy\" decoding=\"async\" class=\"wp-image-55687\" src=\"https:\/\/exceladvisor.org\/wp-content\/uploads\/2023\/08\/2-desactiver-la-mise-a-jour-de-lecran.png\" sizes=\"auto, \" srcset=\"\" alt=\"\" width=\"463\" height=\"180\"><\/figure><\/div><p> Depois de desabilitar a atualiza\u00e7\u00e3o da tela, o VBA n\u00e3o a ativar\u00e1 ap\u00f3s a execu\u00e7\u00e3o do c\u00f3digo. Portanto, \u00e9 sempre melhor deslig\u00e1-lo do seu lado. O c\u00f3digo seria como algo abaixo. <\/p><div class=\"wp-block-image\"><figure class=\"aligncenter size-large is-resized\"><img loading=\"lazy\" decoding=\"async\" class=\"wp-image-55688\" src=\"https:\/\/exceladvisor.org\/wp-content\/uploads\/2023\/08\/3-desactiver-la-mise-a-jour-de-lecran.png\" sizes=\"auto, \" srcset=\"\" alt=\"\" width=\"477\" height=\"363\"><\/figure><\/div><h2 class=\"wp-block-heading\"> Coisas a considerar<\/h2><ul><li> Certifique-se de que a tela esteja atualizada para &#8220;ON&#8221; ao usar um formul\u00e1rio de usu\u00e1rio.<\/li><li> Se voc\u00ea estiver depurando c\u00f3digo, \u00e9 melhor ter uma tela de atualiza\u00e7\u00e3o &#8220;LIGADA&#8221; para que voc\u00ea possa ver todas as atividades como est\u00e3o.<\/li><\/ul><div class=\"gb-container gb-container-4db6181c gb-container-mt\"> <a class=\"gb-button gb-button-c5897111 gb-button-text gb-button-mt-button\" href=\"https:\/\/exceladvisor.org\/pt\/vba\/\">O que \u00e9 VBA<\/a><h2 class=\"gb-headline gb-headline-665e5f6b gb-headline-text gb-headline-mt-heading\"> Tutoriais relacionados <\/h2><div class=\"gb-grid-wrapper gb-grid-wrapper-a20baf7c gb-grid-wrapper-mt-grid\"><div class=\"gb-grid-column gb-grid-column-65ddf67e\"><div class=\"gb-container gb-container-65ddf67e\"><ul><li> <a href=\"https:\/\/exceladvisor.org\/pt\/destacar-valores-duplicados\/\">Destaque valores duplicados usando VBA<\/a><\/li><li> <a href=\"https:\/\/exceladvisor.org\/pt\/extrair-hiperlink\/\">Extraia o endere\u00e7o do hiperlink (URL) VBA<\/a><\/li><li> <a href=\"https:\/\/exceladvisor.org\/pt\/campo-de-entrada\/\">Caixa de entrada em VBA<\/a><\/li><li> <a href=\"https:\/\/exceladvisor.org\/pt\/arquivos-de-texto\/\">VBA cria e grava em um arquivo de texto<\/a><\/li><\/ul><\/div><\/div><\/div><\/div>","protected":false},"excerpt":{"rendered":"","protected":false},"author":1,"featured_media":0,"parent":0,"menu_order":0,"comment_status":"open","ping_status":"closed","template":"","meta":{"ub_ctt_via":"","footnotes":""},"class_list":["post-589","page","type-page","status-publish","hentry"],"featured_image_src":null,"yoast_head":"<!-- This site is optimized with the Yoast SEO plugin v25.4 - https:\/\/yoast.com\/wordpress\/plugins\/seo\/ -->\n<title>Como habilitar e desabilitar a atualiza\u00e7\u00e3o de tela no VBA?<\/title>\n<meta name=\"description\" content=\"O que \u00e9 atualiza\u00e7\u00e3o de tela VBA? Aprenda como ativar e desativar a atualiza\u00e7\u00e3o de tela no VBA.\" \/>\n<meta name=\"robots\" content=\"index, follow, max-snippet:-1, max-image-preview:large, max-video-preview:-1\" \/>\n<link rel=\"canonical\" href=\"https:\/\/exceladvisor.org\/pt\/atualizacao-de-tela\/\" \/>\n<meta property=\"og:locale\" content=\"pt_PT\" \/>\n<meta property=\"og:type\" content=\"article\" \/>\n<meta property=\"og:title\" content=\"Como habilitar e desabilitar a atualiza\u00e7\u00e3o de tela no VBA?\" \/>\n<meta property=\"og:description\" content=\"O que \u00e9 atualiza\u00e7\u00e3o de tela VBA? Aprenda como ativar e desativar a atualiza\u00e7\u00e3o de tela no VBA.\" \/>\n<meta property=\"og:url\" content=\"https:\/\/exceladvisor.org\/pt\/atualizacao-de-tela\/\" \/>\n<meta property=\"og:site_name\" content=\"Excel Advisor\" \/>\n<meta property=\"article:modified_time\" content=\"2023-12-06T11:37:58+00:00\" \/>\n<meta property=\"og:image\" content=\"https:\/\/exceladvisor.org\/wp-content\/uploads\/2023\/08\/1-mise-a-jour-de-lecran-vba.png\" \/>\n<meta name=\"twitter:card\" content=\"summary_large_image\" \/>\n<meta name=\"twitter:label1\" content=\"Tempo estimado de leitura\" \/>\n\t<meta name=\"twitter:data1\" content=\"1 minuto\" \/>\n<script type=\"application\/ld+json\" class=\"yoast-schema-graph\">{\"@context\":\"https:\/\/schema.org\",\"@graph\":[{\"@type\":\"WebPage\",\"@id\":\"https:\/\/exceladvisor.org\/pt\/atualizacao-de-tela\/\",\"url\":\"https:\/\/exceladvisor.org\/pt\/atualizacao-de-tela\/\",\"name\":\"Como habilitar e desabilitar a atualiza\u00e7\u00e3o de tela no VBA?\",\"isPartOf\":{\"@id\":\"https:\/\/exceladvisor.org\/pt\/#website\"},\"primaryImageOfPage\":{\"@id\":\"https:\/\/exceladvisor.org\/pt\/atualizacao-de-tela\/#primaryimage\"},\"image\":{\"@id\":\"https:\/\/exceladvisor.org\/pt\/atualizacao-de-tela\/#primaryimage\"},\"thumbnailUrl\":\"https:\/\/exceladvisor.org\/wp-content\/uploads\/2023\/08\/1-mise-a-jour-de-lecran-vba.png\",\"datePublished\":\"2023-10-21T12:39:59+00:00\",\"dateModified\":\"2023-12-06T11:37:58+00:00\",\"description\":\"O que \u00e9 atualiza\u00e7\u00e3o de tela VBA? Aprenda como ativar e desativar a atualiza\u00e7\u00e3o de tela no VBA.\",\"breadcrumb\":{\"@id\":\"https:\/\/exceladvisor.org\/pt\/atualizacao-de-tela\/#breadcrumb\"},\"inLanguage\":\"pt-PT\",\"potentialAction\":[{\"@type\":\"ReadAction\",\"target\":[\"https:\/\/exceladvisor.org\/pt\/atualizacao-de-tela\/\"]}]},{\"@type\":\"ImageObject\",\"inLanguage\":\"pt-PT\",\"@id\":\"https:\/\/exceladvisor.org\/pt\/atualizacao-de-tela\/#primaryimage\",\"url\":\"https:\/\/exceladvisor.org\/wp-content\/uploads\/2023\/08\/1-mise-a-jour-de-lecran-vba.png\",\"contentUrl\":\"https:\/\/exceladvisor.org\/wp-content\/uploads\/2023\/08\/1-mise-a-jour-de-lecran-vba.png\"},{\"@type\":\"BreadcrumbList\",\"@id\":\"https:\/\/exceladvisor.org\/pt\/atualizacao-de-tela\/#breadcrumb\",\"itemListElement\":[{\"@type\":\"ListItem\",\"position\":1,\"name\":\"Lar\",\"item\":\"https:\/\/exceladvisor.org\/pt\/\"},{\"@type\":\"ListItem\",\"position\":2,\"name\":\"Como habilitar e desabilitar a atualiza\u00e7\u00e3o de tela no vba?\"}]},{\"@type\":\"WebSite\",\"@id\":\"https:\/\/exceladvisor.org\/pt\/#website\",\"url\":\"https:\/\/exceladvisor.org\/pt\/\",\"name\":\"Excel Advisor\",\"description\":\"O seu guia definitivo para dominar os dados!\",\"publisher\":{\"@id\":\"https:\/\/exceladvisor.org\/pt\/#organization\"},\"potentialAction\":[{\"@type\":\"SearchAction\",\"target\":{\"@type\":\"EntryPoint\",\"urlTemplate\":\"https:\/\/exceladvisor.org\/pt\/?s={search_term_string}\"},\"query-input\":{\"@type\":\"PropertyValueSpecification\",\"valueRequired\":true,\"valueName\":\"search_term_string\"}}],\"inLanguage\":\"pt-PT\"},{\"@type\":\"Organization\",\"@id\":\"https:\/\/exceladvisor.org\/pt\/#organization\",\"name\":\"Excel Advisor\",\"url\":\"https:\/\/exceladvisor.org\/pt\/\",\"logo\":{\"@type\":\"ImageObject\",\"inLanguage\":\"pt-PT\",\"@id\":\"https:\/\/exceladvisor.org\/pt\/#\/schema\/logo\/image\/\",\"url\":\"https:\/\/exceladvisor.org\/pt\/wp-content\/uploads\/2023\/12\/exceladvisor.org_.png\",\"contentUrl\":\"https:\/\/exceladvisor.org\/pt\/wp-content\/uploads\/2023\/12\/exceladvisor.org_.png\",\"width\":105,\"height\":36,\"caption\":\"Excel Advisor\"},\"image\":{\"@id\":\"https:\/\/exceladvisor.org\/pt\/#\/schema\/logo\/image\/\"}}]}<\/script>\n<!-- \/ Yoast SEO plugin. -->","yoast_head_json":{"title":"Como habilitar e desabilitar a atualiza\u00e7\u00e3o de tela no VBA?","description":"O que \u00e9 atualiza\u00e7\u00e3o de tela VBA? Aprenda como ativar e desativar a atualiza\u00e7\u00e3o de tela no VBA.","robots":{"index":"index","follow":"follow","max-snippet":"max-snippet:-1","max-image-preview":"max-image-preview:large","max-video-preview":"max-video-preview:-1"},"canonical":"https:\/\/exceladvisor.org\/pt\/atualizacao-de-tela\/","og_locale":"pt_PT","og_type":"article","og_title":"Como habilitar e desabilitar a atualiza\u00e7\u00e3o de tela no VBA?","og_description":"O que \u00e9 atualiza\u00e7\u00e3o de tela VBA? Aprenda como ativar e desativar a atualiza\u00e7\u00e3o de tela no VBA.","og_url":"https:\/\/exceladvisor.org\/pt\/atualizacao-de-tela\/","og_site_name":"Excel Advisor","article_modified_time":"2023-12-06T11:37:58+00:00","og_image":[{"url":"https:\/\/exceladvisor.org\/wp-content\/uploads\/2023\/08\/1-mise-a-jour-de-lecran-vba.png","type":"","width":"","height":""}],"twitter_card":"summary_large_image","twitter_misc":{"Tempo estimado de leitura":"1 minuto"},"schema":{"@context":"https:\/\/schema.org","@graph":[{"@type":"WebPage","@id":"https:\/\/exceladvisor.org\/pt\/atualizacao-de-tela\/","url":"https:\/\/exceladvisor.org\/pt\/atualizacao-de-tela\/","name":"Como habilitar e desabilitar a atualiza\u00e7\u00e3o de tela no VBA?","isPartOf":{"@id":"https:\/\/exceladvisor.org\/pt\/#website"},"primaryImageOfPage":{"@id":"https:\/\/exceladvisor.org\/pt\/atualizacao-de-tela\/#primaryimage"},"image":{"@id":"https:\/\/exceladvisor.org\/pt\/atualizacao-de-tela\/#primaryimage"},"thumbnailUrl":"https:\/\/exceladvisor.org\/wp-content\/uploads\/2023\/08\/1-mise-a-jour-de-lecran-vba.png","datePublished":"2023-10-21T12:39:59+00:00","dateModified":"2023-12-06T11:37:58+00:00","description":"O que \u00e9 atualiza\u00e7\u00e3o de tela VBA? Aprenda como ativar e desativar a atualiza\u00e7\u00e3o de tela no VBA.","breadcrumb":{"@id":"https:\/\/exceladvisor.org\/pt\/atualizacao-de-tela\/#breadcrumb"},"inLanguage":"pt-PT","potentialAction":[{"@type":"ReadAction","target":["https:\/\/exceladvisor.org\/pt\/atualizacao-de-tela\/"]}]},{"@type":"ImageObject","inLanguage":"pt-PT","@id":"https:\/\/exceladvisor.org\/pt\/atualizacao-de-tela\/#primaryimage","url":"https:\/\/exceladvisor.org\/wp-content\/uploads\/2023\/08\/1-mise-a-jour-de-lecran-vba.png","contentUrl":"https:\/\/exceladvisor.org\/wp-content\/uploads\/2023\/08\/1-mise-a-jour-de-lecran-vba.png"},{"@type":"BreadcrumbList","@id":"https:\/\/exceladvisor.org\/pt\/atualizacao-de-tela\/#breadcrumb","itemListElement":[{"@type":"ListItem","position":1,"name":"Lar","item":"https:\/\/exceladvisor.org\/pt\/"},{"@type":"ListItem","position":2,"name":"Como habilitar e desabilitar a atualiza\u00e7\u00e3o de tela no vba?"}]},{"@type":"WebSite","@id":"https:\/\/exceladvisor.org\/pt\/#website","url":"https:\/\/exceladvisor.org\/pt\/","name":"Excel Advisor","description":"O seu guia definitivo para dominar os dados!","publisher":{"@id":"https:\/\/exceladvisor.org\/pt\/#organization"},"potentialAction":[{"@type":"SearchAction","target":{"@type":"EntryPoint","urlTemplate":"https:\/\/exceladvisor.org\/pt\/?s={search_term_string}"},"query-input":{"@type":"PropertyValueSpecification","valueRequired":true,"valueName":"search_term_string"}}],"inLanguage":"pt-PT"},{"@type":"Organization","@id":"https:\/\/exceladvisor.org\/pt\/#organization","name":"Excel Advisor","url":"https:\/\/exceladvisor.org\/pt\/","logo":{"@type":"ImageObject","inLanguage":"pt-PT","@id":"https:\/\/exceladvisor.org\/pt\/#\/schema\/logo\/image\/","url":"https:\/\/exceladvisor.org\/pt\/wp-content\/uploads\/2023\/12\/exceladvisor.org_.png","contentUrl":"https:\/\/exceladvisor.org\/pt\/wp-content\/uploads\/2023\/12\/exceladvisor.org_.png","width":105,"height":36,"caption":"Excel Advisor"},"image":{"@id":"https:\/\/exceladvisor.org\/pt\/#\/schema\/logo\/image\/"}}]}},"yoast_meta":{"yoast_wpseo_title":"","yoast_wpseo_metadesc":"","yoast_wpseo_canonical":""},"_links":{"self":[{"href":"https:\/\/exceladvisor.org\/pt\/wp-json\/wp\/v2\/pages\/589","targetHints":{"allow":["GET"]}}],"collection":[{"href":"https:\/\/exceladvisor.org\/pt\/wp-json\/wp\/v2\/pages"}],"about":[{"href":"https:\/\/exceladvisor.org\/pt\/wp-json\/wp\/v2\/types\/page"}],"author":[{"embeddable":true,"href":"https:\/\/exceladvisor.org\/pt\/wp-json\/wp\/v2\/users\/1"}],"replies":[{"embeddable":true,"href":"https:\/\/exceladvisor.org\/pt\/wp-json\/wp\/v2\/comments?post=589"}],"version-history":[{"count":1,"href":"https:\/\/exceladvisor.org\/pt\/wp-json\/wp\/v2\/pages\/589\/revisions"}],"predecessor-version":[{"id":1084,"href":"https:\/\/exceladvisor.org\/pt\/wp-json\/wp\/v2\/pages\/589\/revisions\/1084"}],"wp:attachment":[{"href":"https:\/\/exceladvisor.org\/pt\/wp-json\/wp\/v2\/media?parent=589"}],"curies":[{"name":"wp","href":"https:\/\/api.w.org\/{rel}","templated":true}]}}