{"id":59,"date":"2023-11-17T16:04:13","date_gmt":"2023-11-17T16:04:13","guid":{"rendered":"https:\/\/exceladvisor.org\/pt\/ocultar-formula\/"},"modified":"2023-12-06T11:38:43","modified_gmt":"2023-12-06T11:38:43","slug":"ocultar-formula","status":"publish","type":"page","link":"https:\/\/exceladvisor.org\/pt\/ocultar-formula\/","title":{"rendered":"Como ocultar uma f\u00f3rmula no excel?"},"content":{"rendered":"<div class=\"excel-before-content-2\" id=\"excel-1394859269\"><script type=\"text\/javascript\">\r\n\tatOptions = {\r\n\t\t'key' : 'c1158f160081d6540a8409e6925dab94',\r\n\t\t'format' : 'iframe',\r\n\t\t'height' : 250,\r\n\t\t'width' : 300,\r\n\t\t'params' : {}\r\n\t};\r\n<\/script>\r\n<script type=\"text\/javascript\" src=\"\/\/www.highperformanceformat.com\/c1158f160081d6540a8409e6925dab94\/invoke.js\"><\/script><\/div><div class=\"excel-before-content\" id=\"excel-2666819595\"><script type=\"text\/javascript\">\r\n\tatOptions = {\r\n\t\t'key' : 'c1158f160081d6540a8409e6925dab94',\r\n\t\t'format' : 'iframe',\r\n\t\t'height' : 250,\r\n\t\t'width' : 300,\r\n\t\t'params' : {}\r\n\t};\r\n<\/script>\r\n<script type=\"text\/javascript\" src=\"\/\/www.highperformanceformat.com\/c1158f160081d6540a8409e6925dab94\/invoke.js\"><\/script><\/div> <figure class=\"wp-block-embed is-type-video is-provider-youtube wp-block-embed-youtube wp-embed-aspect-16-9 wp-has-aspect-ratio\"><div class=\"wp-block-embed__wrapper\"><\/div><\/figure><p> \u00c0s vezes voc\u00ea envia arquivos Excel para outras pessoas e elas alteram as f\u00f3rmulas. Ou \u00e0s vezes voc\u00ea simplesmente n\u00e3o quer mostrar a f\u00f3rmula aos outros.<\/p><p> Ocultar uma f\u00f3rmula \u00e9 uma maneira f\u00e1cil de fazer isso para que outras pessoas n\u00e3o possam ver qual f\u00f3rmula voc\u00ea usou e como ela \u00e9 calculada.<\/p><p> Agora a quest\u00e3o \u00e9 como ocultar a f\u00f3rmula em uma c\u00e9lula do Excel.<\/p><p> Mas antes de fazermos isso, vamos deixar claro que existem duas maneiras de visualizar uma f\u00f3rmula a partir de uma c\u00e9lula: primeiro, editando uma c\u00e9lula e, segundo, a partir da barra de f\u00f3rmulas.<\/p><p> Existe uma maneira que voc\u00ea pode usar para evitar as duas coisas? Sim, est\u00e1 l\u00e1. No Excel existe uma maneira simples de fazer isso, e hoje gostaria de compartilhar esse truque simples com voc\u00eas.<\/p><h2 id=\"tab-con-1\" class=\"wp-block-heading\"> Passo 1: Planilha de Remo\u00e7\u00e3o de Prote\u00e7\u00e3o<\/h2><p> Neste ponto, quando voc\u00ea clica em uma c\u00e9lula, toda a f\u00f3rmula \u00e9 exibida na barra de f\u00f3rmulas. <\/p><div class=\"wp-block-image\"><figure class=\"aligncenter\"><img decoding=\"async\" src=\"https:\/\/exceladvisor.org\/wp-content\/uploads\/2023\/08\/masquer-la-formule-dans-Excel-saffiche-dans-la-barre-de-formule.png\" sizes=\"\" srcset=\"\" alt=\"\"><\/figure><\/div><ul><li> Primeiro de tudo, voc\u00ea precisa ter certeza de que sua planilha n\u00e3o est\u00e1 protegida.<\/li><li> Para fazer isso, v\u00e1 at\u00e9 a aba de revis\u00e3o e proteja o grupo.<\/li><li> Se voc\u00ea encontrar um bot\u00e3o \u201cDesproteger planilha\u201d ali, significa que sua planilha est\u00e1 protegida e voc\u00ea precisa desproteg\u00ea-la. <\/li><\/ul><div class=\"wp-block-image\"><figure class=\"aligncenter\"><img decoding=\"async\" src=\"https:\/\/exceladvisor.org\/wp-content\/uploads\/2023\/08\/deproteger-une-feuille-de-calcul-masquer-la-formule-dans-excel-1.png\" sizes=\"\" srcset=\"\" alt=\"\"><\/figure><\/div><ul><li> Clique neste bot\u00e3o para desproteg\u00ea-lo.<\/li><\/ul><p> Se voc\u00ea tiver o bot\u00e3o \u201cProteger Planilha\u201d, significa que sua planilha n\u00e3o est\u00e1 protegida. Nesse caso, pule as etapas acima e comece aqui.<\/p><h2 id=\"tab-con-2\" class=\"wp-block-heading\"> Etapa 2: ativar a op\u00e7\u00e3o Ocultar f\u00f3rmula<\/h2><ul><li> Agora selecione a c\u00e9lula ou intervalo de c\u00e9lulas ou selecione todas as c\u00e9lulas n\u00e3o cont\u00edguas nas quais deseja ocultar as f\u00f3rmulas.<\/li><li> Depois disso, clique com o bot\u00e3o direito e selecione a op\u00e7\u00e3o formatar c\u00e9lula. <\/li><\/ul><div class=\"wp-block-image\"><figure class=\"aligncenter\"><img decoding=\"async\" src=\"https:\/\/exceladvisor.org\/wp-content\/uploads\/2023\/08\/clic-droit-et-formater-la-formule-de-masquage-de-cellule-dans-excel-1.png\" sizes=\"\" srcset=\"\" alt=\"\"><\/figure><\/div><ul><li> Na op\u00e7\u00e3o Formatar c\u00e9lulas, navegue at\u00e9 a guia Prote\u00e7\u00e3o.<\/li><li> Na aba de prote\u00e7\u00e3o voc\u00ea tem duas caixas de sele\u00e7\u00e3o para marcar, a primeira est\u00e1 bloqueada e a segunda est\u00e1 oculta.<\/li><li> Marque ambos e clique em OK. <\/li><\/ul><div class=\"wp-block-image\"><figure class=\"aligncenter\"><img decoding=\"async\" src=\"https:\/\/exceladvisor.org\/wp-content\/uploads\/2023\/08\/coche-verrouillee-masquee-pour-masquer-la-formule-dans-Excel-1.png\" sizes=\"\" srcset=\"\" alt=\"\"><\/figure><\/div><p> Essas op\u00e7\u00f5es que voc\u00ea marcou resolvem os dois problemas que discutimos acima.<\/p><p> A op\u00e7\u00e3o bloqueada restringe a edi\u00e7\u00e3o de uma c\u00e9lula e a op\u00e7\u00e3o oculta oculta uma f\u00f3rmula da barra de f\u00f3rmulas. Agora a \u00faltima etapa \u00e9 proteger a planilha.<\/p><h2 id=\"tab-con-3\" class=\"wp-block-heading\"> Etapa 3: proteja a planilha<\/h2><ul><li> Clique com o bot\u00e3o direito na guia da planilha e clique em \u201cProteger planilha\u201d.<\/li><li> Aqui voc\u00ea precisa inserir uma senha. Para inserir uma senha (duas vezes). <\/li><\/ul><div class=\"wp-block-image\"><figure class=\"aligncenter\"><img decoding=\"async\" src=\"https:\/\/exceladvisor.org\/wp-content\/uploads\/2023\/08\/proteger-une-feuille-de-calcul-masquer-la-formule-dans-excel-1.png\" sizes=\"\" srcset=\"\" alt=\"\"><\/figure><\/div><ul><li> E no final clique em OK.<\/li><\/ul><p> Agora todas as c\u00e9lulas selecionadas possuem uma f\u00f3rmula oculta na barra de f\u00f3rmulas. <\/p><div class=\"wp-block-image\"><figure class=\"aligncenter\"><img decoding=\"async\" src=\"https:\/\/exceladvisor.org\/wp-content\/uploads\/2023\/08\/une-fois-que-vous-avez-cache-une-formule-dans-excel-1.png\" sizes=\"\" srcset=\"\" alt=\"\"><\/figure><\/div><p> Se voc\u00ea enviar este arquivo para algu\u00e9m, essa pessoa n\u00e3o poder\u00e1 ver a f\u00f3rmula ou edit\u00e1-la, a menos que esta planilha esteja desprotegida.<\/p><h2 class=\"wp-block-heading\"> Como encontrar f\u00f3rmulas ocultas?<\/h2><p> Depois de proteger um arquivo usando as etapas acima, voc\u00ea n\u00e3o poder\u00e1 ver a f\u00f3rmula at\u00e9 proteger a planilha. Mas se voc\u00ea deseja apenas encontr\u00e1-los em uma planilha protegida onde est\u00e3o localizados, voc\u00ea pode usar a op\u00e7\u00e3o \u201cIr para Especial\u201d.<\/p><ul><li> V\u00e1 para a guia In\u00edcio -&gt; Editar -&gt; Localizar e selecionar -&gt; V\u00e1 para Especial.<\/li><li> Selecione a op\u00e7\u00e3o \u201cF\u00f3rmulas\u201d e as quatro subop\u00e7\u00f5es (N\u00fameros, Texto, L\u00f3gica, Erros) e clique em OK.<\/li><li> Depois de clicar em OK, o Excel selecionar\u00e1 todas as c\u00e9lulas da planilha onde voc\u00ea possui f\u00f3rmulas.<\/li><\/ul><p class=\"content-box-green\"> <strong>Ocultar uma f\u00f3rmula sem proteger uma planilha:<\/strong> tenho certeza que voc\u00ea tem essa ideia em mente, como posso ocultar uma f\u00f3rmula sem proteger uma planilha? Receio que n\u00e3o haja outro m\u00e9todo para isso. Voc\u00ea tem que ir por aqui. A \u00fanica coisa poss\u00edvel que conhe\u00e7o \u00e9 criar um c\u00f3digo de macro que seja executado quando a pasta de trabalho for aberta e ocultar a <a href=\"https:\/\/exceladvisor.org\/pt\/barra-de-formulas-do-excel\/\">barra de f\u00f3rmulas<\/a> . Mas, novamente, esta n\u00e3o \u00e9 uma solu\u00e7\u00e3o permanente.<\/p><h2 class=\"wp-block-heading\"> Conclus\u00e3o<\/h2><p> Esta op\u00e7\u00e3o n\u00e3o s\u00f3 ajuda a ocultar f\u00f3rmulas, mas tamb\u00e9m se voc\u00ea tiver c\u00e1lculos cruciais que deseja ocultar de outras pessoas.<\/p><p> At\u00e9 que algu\u00e9m tenha a senha, as f\u00f3rmulas ficam ocultas e seguras. Espero que esta dica ajude voc\u00ea a gerenciar suas planilhas.<\/p><p> Voc\u00ea j\u00e1 tentou esconder uma f\u00f3rmula antes? Por favor, compartilhe suas id\u00e9ias comigo na se\u00e7\u00e3o de coment\u00e1rios, eu adoraria ouvir de voc\u00ea. E n\u00e3o deixe de compartilhar essa dica com seus amigos.<\/p><div class=\"gb-container gb-container-0df56012 gb-container-mt\"> <a class=\"gb-button gb-button-f9f432f4 gb-button-text gb-button-mt-button\" href=\"https:\/\/exceladvisor.org\/pt\/formulas\/\">Lista de f\u00f3rmulas do Excel<\/a><h2 class=\"gb-headline gb-headline-233444e8 gb-headline-text gb-headline-mt-heading\"> F\u00f3rmulas relacionadas <\/h2><div class=\"gb-grid-wrapper gb-grid-wrapper-a16fa65c gb-grid-wrapper-mt-grid\"><div class=\"gb-grid-column gb-grid-column-50d07e0d\"><div class=\"gb-container gb-container-50d07e0d\"><ul><li> <a href=\"https:\/\/exceladvisor.org\/pt\/referencia-3d\/\">Refer\u00eancia 3D no Excel<\/a><\/li><li> <a href=\"https:\/\/exceladvisor.org\/pt\/curingas-2\/\">Curingas no Excel<\/a><\/li><li> <a href=\"https:\/\/exceladvisor.org\/pt\/r1c1\/\">Estilo de refer\u00eancia R1C1 no Excel<\/a> <\/li><\/ul><\/div><\/div><div class=\"gb-grid-column gb-grid-column-5b4a0cf9\"><div class=\"gb-container gb-container-5b4a0cf9\"><\/div><\/div><\/div><\/div>","protected":false},"excerpt":{"rendered":"","protected":false},"author":1,"featured_media":0,"parent":0,"menu_order":0,"comment_status":"open","ping_status":"closed","template":"","meta":{"ub_ctt_via":"","footnotes":""},"class_list":["post-59","page","type-page","status-publish","hentry"],"featured_image_src":null,"yoast_head":"<!-- This site is optimized with the Yoast SEO plugin v25.4 - https:\/\/yoast.com\/wordpress\/plugins\/seo\/ -->\n<title>Como ocultar uma f\u00f3rmula no Excel? (Tutorial 2023)<\/title>\n<meta name=\"description\" content=\"Ocultar uma f\u00f3rmula \u00e9 uma maneira f\u00e1cil de fazer isso para que outras pessoas n\u00e3o possam ver qual f\u00f3rmula voc\u00ea usou ou o que \u00e9\" \/>\n<meta name=\"robots\" content=\"index, follow, max-snippet:-1, max-image-preview:large, max-video-preview:-1\" \/>\n<link rel=\"canonical\" href=\"https:\/\/exceladvisor.org\/pt\/ocultar-formula\/\" \/>\n<meta property=\"og:locale\" content=\"pt_PT\" \/>\n<meta property=\"og:type\" content=\"article\" \/>\n<meta property=\"og:title\" content=\"Como ocultar uma f\u00f3rmula no Excel? (Tutorial 2023)\" \/>\n<meta property=\"og:description\" content=\"Ocultar uma f\u00f3rmula \u00e9 uma maneira f\u00e1cil de fazer isso para que outras pessoas n\u00e3o possam ver qual f\u00f3rmula voc\u00ea usou ou o que \u00e9\" \/>\n<meta property=\"og:url\" content=\"https:\/\/exceladvisor.org\/pt\/ocultar-formula\/\" \/>\n<meta property=\"og:site_name\" content=\"Excel Advisor\" \/>\n<meta property=\"article:modified_time\" content=\"2023-12-06T11:38:43+00:00\" \/>\n<meta property=\"og:image\" content=\"https:\/\/exceladvisor.org\/wp-content\/uploads\/2023\/08\/masquer-la-formule-dans-Excel-saffiche-dans-la-barre-de-formule.png\" \/>\n<meta name=\"twitter:card\" content=\"summary_large_image\" \/>\n<meta name=\"twitter:label1\" content=\"Tempo estimado de leitura\" \/>\n\t<meta name=\"twitter:data1\" content=\"4 minutos\" \/>\n<script type=\"application\/ld+json\" class=\"yoast-schema-graph\">{\"@context\":\"https:\/\/schema.org\",\"@graph\":[{\"@type\":\"WebPage\",\"@id\":\"https:\/\/exceladvisor.org\/pt\/ocultar-formula\/\",\"url\":\"https:\/\/exceladvisor.org\/pt\/ocultar-formula\/\",\"name\":\"Como ocultar uma f\u00f3rmula no Excel? (Tutorial 2023)\",\"isPartOf\":{\"@id\":\"https:\/\/exceladvisor.org\/pt\/#website\"},\"primaryImageOfPage\":{\"@id\":\"https:\/\/exceladvisor.org\/pt\/ocultar-formula\/#primaryimage\"},\"image\":{\"@id\":\"https:\/\/exceladvisor.org\/pt\/ocultar-formula\/#primaryimage\"},\"thumbnailUrl\":\"https:\/\/exceladvisor.org\/wp-content\/uploads\/2023\/08\/masquer-la-formule-dans-Excel-saffiche-dans-la-barre-de-formule.png\",\"datePublished\":\"2023-11-17T16:04:13+00:00\",\"dateModified\":\"2023-12-06T11:38:43+00:00\",\"description\":\"Ocultar uma f\u00f3rmula \u00e9 uma maneira f\u00e1cil de fazer isso para que outras pessoas n\u00e3o possam ver qual f\u00f3rmula voc\u00ea usou ou o que \u00e9\",\"breadcrumb\":{\"@id\":\"https:\/\/exceladvisor.org\/pt\/ocultar-formula\/#breadcrumb\"},\"inLanguage\":\"pt-PT\",\"potentialAction\":[{\"@type\":\"ReadAction\",\"target\":[\"https:\/\/exceladvisor.org\/pt\/ocultar-formula\/\"]}]},{\"@type\":\"ImageObject\",\"inLanguage\":\"pt-PT\",\"@id\":\"https:\/\/exceladvisor.org\/pt\/ocultar-formula\/#primaryimage\",\"url\":\"https:\/\/exceladvisor.org\/wp-content\/uploads\/2023\/08\/masquer-la-formule-dans-Excel-saffiche-dans-la-barre-de-formule.png\",\"contentUrl\":\"https:\/\/exceladvisor.org\/wp-content\/uploads\/2023\/08\/masquer-la-formule-dans-Excel-saffiche-dans-la-barre-de-formule.png\"},{\"@type\":\"BreadcrumbList\",\"@id\":\"https:\/\/exceladvisor.org\/pt\/ocultar-formula\/#breadcrumb\",\"itemListElement\":[{\"@type\":\"ListItem\",\"position\":1,\"name\":\"Lar\",\"item\":\"https:\/\/exceladvisor.org\/pt\/\"},{\"@type\":\"ListItem\",\"position\":2,\"name\":\"Como ocultar uma f\u00f3rmula no excel?\"}]},{\"@type\":\"WebSite\",\"@id\":\"https:\/\/exceladvisor.org\/pt\/#website\",\"url\":\"https:\/\/exceladvisor.org\/pt\/\",\"name\":\"Excel Advisor\",\"description\":\"O seu guia definitivo para dominar os dados!\",\"publisher\":{\"@id\":\"https:\/\/exceladvisor.org\/pt\/#organization\"},\"potentialAction\":[{\"@type\":\"SearchAction\",\"target\":{\"@type\":\"EntryPoint\",\"urlTemplate\":\"https:\/\/exceladvisor.org\/pt\/?s={search_term_string}\"},\"query-input\":{\"@type\":\"PropertyValueSpecification\",\"valueRequired\":true,\"valueName\":\"search_term_string\"}}],\"inLanguage\":\"pt-PT\"},{\"@type\":\"Organization\",\"@id\":\"https:\/\/exceladvisor.org\/pt\/#organization\",\"name\":\"Excel Advisor\",\"url\":\"https:\/\/exceladvisor.org\/pt\/\",\"logo\":{\"@type\":\"ImageObject\",\"inLanguage\":\"pt-PT\",\"@id\":\"https:\/\/exceladvisor.org\/pt\/#\/schema\/logo\/image\/\",\"url\":\"https:\/\/exceladvisor.org\/pt\/wp-content\/uploads\/2023\/12\/exceladvisor.org_.png\",\"contentUrl\":\"https:\/\/exceladvisor.org\/pt\/wp-content\/uploads\/2023\/12\/exceladvisor.org_.png\",\"width\":105,\"height\":36,\"caption\":\"Excel Advisor\"},\"image\":{\"@id\":\"https:\/\/exceladvisor.org\/pt\/#\/schema\/logo\/image\/\"}}]}<\/script>\n<!-- \/ Yoast SEO plugin. -->","yoast_head_json":{"title":"Como ocultar uma f\u00f3rmula no Excel? (Tutorial 2023)","description":"Ocultar uma f\u00f3rmula \u00e9 uma maneira f\u00e1cil de fazer isso para que outras pessoas n\u00e3o possam ver qual f\u00f3rmula voc\u00ea usou ou o que \u00e9","robots":{"index":"index","follow":"follow","max-snippet":"max-snippet:-1","max-image-preview":"max-image-preview:large","max-video-preview":"max-video-preview:-1"},"canonical":"https:\/\/exceladvisor.org\/pt\/ocultar-formula\/","og_locale":"pt_PT","og_type":"article","og_title":"Como ocultar uma f\u00f3rmula no Excel? (Tutorial 2023)","og_description":"Ocultar uma f\u00f3rmula \u00e9 uma maneira f\u00e1cil de fazer isso para que outras pessoas n\u00e3o possam ver qual f\u00f3rmula voc\u00ea usou ou o que \u00e9","og_url":"https:\/\/exceladvisor.org\/pt\/ocultar-formula\/","og_site_name":"Excel Advisor","article_modified_time":"2023-12-06T11:38:43+00:00","og_image":[{"url":"https:\/\/exceladvisor.org\/wp-content\/uploads\/2023\/08\/masquer-la-formule-dans-Excel-saffiche-dans-la-barre-de-formule.png","type":"","width":"","height":""}],"twitter_card":"summary_large_image","twitter_misc":{"Tempo estimado de leitura":"4 minutos"},"schema":{"@context":"https:\/\/schema.org","@graph":[{"@type":"WebPage","@id":"https:\/\/exceladvisor.org\/pt\/ocultar-formula\/","url":"https:\/\/exceladvisor.org\/pt\/ocultar-formula\/","name":"Como ocultar uma f\u00f3rmula no Excel? (Tutorial 2023)","isPartOf":{"@id":"https:\/\/exceladvisor.org\/pt\/#website"},"primaryImageOfPage":{"@id":"https:\/\/exceladvisor.org\/pt\/ocultar-formula\/#primaryimage"},"image":{"@id":"https:\/\/exceladvisor.org\/pt\/ocultar-formula\/#primaryimage"},"thumbnailUrl":"https:\/\/exceladvisor.org\/wp-content\/uploads\/2023\/08\/masquer-la-formule-dans-Excel-saffiche-dans-la-barre-de-formule.png","datePublished":"2023-11-17T16:04:13+00:00","dateModified":"2023-12-06T11:38:43+00:00","description":"Ocultar uma f\u00f3rmula \u00e9 uma maneira f\u00e1cil de fazer isso para que outras pessoas n\u00e3o possam ver qual f\u00f3rmula voc\u00ea usou ou o que \u00e9","breadcrumb":{"@id":"https:\/\/exceladvisor.org\/pt\/ocultar-formula\/#breadcrumb"},"inLanguage":"pt-PT","potentialAction":[{"@type":"ReadAction","target":["https:\/\/exceladvisor.org\/pt\/ocultar-formula\/"]}]},{"@type":"ImageObject","inLanguage":"pt-PT","@id":"https:\/\/exceladvisor.org\/pt\/ocultar-formula\/#primaryimage","url":"https:\/\/exceladvisor.org\/wp-content\/uploads\/2023\/08\/masquer-la-formule-dans-Excel-saffiche-dans-la-barre-de-formule.png","contentUrl":"https:\/\/exceladvisor.org\/wp-content\/uploads\/2023\/08\/masquer-la-formule-dans-Excel-saffiche-dans-la-barre-de-formule.png"},{"@type":"BreadcrumbList","@id":"https:\/\/exceladvisor.org\/pt\/ocultar-formula\/#breadcrumb","itemListElement":[{"@type":"ListItem","position":1,"name":"Lar","item":"https:\/\/exceladvisor.org\/pt\/"},{"@type":"ListItem","position":2,"name":"Como ocultar uma f\u00f3rmula no excel?"}]},{"@type":"WebSite","@id":"https:\/\/exceladvisor.org\/pt\/#website","url":"https:\/\/exceladvisor.org\/pt\/","name":"Excel Advisor","description":"O seu guia definitivo para dominar os dados!","publisher":{"@id":"https:\/\/exceladvisor.org\/pt\/#organization"},"potentialAction":[{"@type":"SearchAction","target":{"@type":"EntryPoint","urlTemplate":"https:\/\/exceladvisor.org\/pt\/?s={search_term_string}"},"query-input":{"@type":"PropertyValueSpecification","valueRequired":true,"valueName":"search_term_string"}}],"inLanguage":"pt-PT"},{"@type":"Organization","@id":"https:\/\/exceladvisor.org\/pt\/#organization","name":"Excel Advisor","url":"https:\/\/exceladvisor.org\/pt\/","logo":{"@type":"ImageObject","inLanguage":"pt-PT","@id":"https:\/\/exceladvisor.org\/pt\/#\/schema\/logo\/image\/","url":"https:\/\/exceladvisor.org\/pt\/wp-content\/uploads\/2023\/12\/exceladvisor.org_.png","contentUrl":"https:\/\/exceladvisor.org\/pt\/wp-content\/uploads\/2023\/12\/exceladvisor.org_.png","width":105,"height":36,"caption":"Excel Advisor"},"image":{"@id":"https:\/\/exceladvisor.org\/pt\/#\/schema\/logo\/image\/"}}]}},"yoast_meta":{"yoast_wpseo_title":"","yoast_wpseo_metadesc":"","yoast_wpseo_canonical":""},"_links":{"self":[{"href":"https:\/\/exceladvisor.org\/pt\/wp-json\/wp\/v2\/pages\/59","targetHints":{"allow":["GET"]}}],"collection":[{"href":"https:\/\/exceladvisor.org\/pt\/wp-json\/wp\/v2\/pages"}],"about":[{"href":"https:\/\/exceladvisor.org\/pt\/wp-json\/wp\/v2\/types\/page"}],"author":[{"embeddable":true,"href":"https:\/\/exceladvisor.org\/pt\/wp-json\/wp\/v2\/users\/1"}],"replies":[{"embeddable":true,"href":"https:\/\/exceladvisor.org\/pt\/wp-json\/wp\/v2\/comments?post=59"}],"version-history":[{"count":1,"href":"https:\/\/exceladvisor.org\/pt\/wp-json\/wp\/v2\/pages\/59\/revisions"}],"predecessor-version":[{"id":1147,"href":"https:\/\/exceladvisor.org\/pt\/wp-json\/wp\/v2\/pages\/59\/revisions\/1147"}],"wp:attachment":[{"href":"https:\/\/exceladvisor.org\/pt\/wp-json\/wp\/v2\/media?parent=59"}],"curies":[{"name":"wp","href":"https:\/\/api.w.org\/{rel}","templated":true}]}}