{"id":590,"date":"2023-10-21T12:28:37","date_gmt":"2023-10-21T12:28:37","guid":{"rendered":"https:\/\/exceladvisor.org\/pt\/selecione-o-caso\/"},"modified":"2023-12-06T11:43:57","modified_gmt":"2023-12-06T11:43:57","slug":"selecione-o-caso","status":"publish","type":"page","link":"https:\/\/exceladvisor.org\/pt\/selecione-o-caso\/","title":{"rendered":"Como usar a instru\u00e7\u00e3o select case em vba?"},"content":{"rendered":"<div class=\"excel-before-content-2\" id=\"excel-3558386256\"><script type=\"text\/javascript\">\r\n\tatOptions = {\r\n\t\t'key' : 'c1158f160081d6540a8409e6925dab94',\r\n\t\t'format' : 'iframe',\r\n\t\t'height' : 250,\r\n\t\t'width' : 300,\r\n\t\t'params' : {}\r\n\t};\r\n<\/script>\r\n<script type=\"text\/javascript\" src=\"\/\/www.highperformanceformat.com\/c1158f160081d6540a8409e6925dab94\/invoke.js\"><\/script><\/div><div class=\"excel-before-content\" id=\"excel-3065561572\"><script type=\"text\/javascript\">\r\n\tatOptions = {\r\n\t\t'key' : 'c1158f160081d6540a8409e6925dab94',\r\n\t\t'format' : 'iframe',\r\n\t\t'height' : 250,\r\n\t\t'width' : 300,\r\n\t\t'params' : {}\r\n\t};\r\n<\/script>\r\n<script type=\"text\/javascript\" src=\"\/\/www.highperformanceformat.com\/c1158f160081d6540a8409e6925dab94\/invoke.js\"><\/script><\/div> <h2 class=\"wp-block-heading\">Pontos chave<\/h2><ul><li> Com SELECT CASE, voc\u00ea pode testar diversas condi\u00e7\u00f5es, especialmente ao trabalhar em mais de duas.<\/li><li> O c\u00f3digo que voc\u00ea escreve com SELECT CASE \u00e9 muito mais estruturado que o c\u00f3digo condicional padr\u00e3o.<\/li><li> \u00c9 mais f\u00e1cil alter\u00e1-lo quando voc\u00ea precisa ajustar um ou mais valores no c\u00f3digo.<\/li><\/ul><h2 class=\"wp-block-heading\"> O que \u00e9 o caso selecionado do VBA<\/h2><p> VBA SELECT CASE \u00e9 uma instru\u00e7\u00e3o para testar m\u00faltiplas condi\u00e7\u00f5es. Nesta instru\u00e7\u00e3o, voc\u00ea pode especificar uma condi\u00e7\u00e3o e, em seguida, especificar algum c\u00f3digo para executar se essa condi\u00e7\u00e3o for verdadeira e, em seguida, especificar uma segunda condi\u00e7\u00e3o e algum c\u00f3digo para executar se essa condi\u00e7\u00e3o for verdadeira. Dessa forma, voc\u00ea pode especificar diversas condi\u00e7\u00f5es e diversas instru\u00e7\u00f5es.<\/p><h2 class=\"wp-block-heading\"> A sintaxe para selecionar o caso<\/h2><p> Abaixo est\u00e1 a sintaxe que voc\u00ea precisa seguir para escrever uma instru\u00e7\u00e3o select case.<\/p><pre class=\"wp-block-code\"> <code class=\"language-visual-basic\" lang=\"visual-basic\">Select Case Test Expression Case (Condition to Test) Statement1 [Line of Code to Run if CASE 1 is TRUE] Case (Condition to Test) Statement1 [Line of Code to Run if CASE 2 is TRUE] Case Else Statement [Line of Code to Run if no CASE is TRUE] End Select<\/code><\/pre><p> Em SELECT CASE, a sintaxe come\u00e7a com a palavra-chave \u201cSelect\u201d e termina com \u201cEnd Select\u201d. Para entender sua sintaxe, precisamos dividi-la em quatro partes: <\/p><div class=\"wp-block-image\"><figure class=\"aligncenter size-large\"><img loading=\"lazy\" decoding=\"async\" class=\"wp-image-49679\" src=\"https:\/\/exceladvisor.org\/wp-content\/uploads\/2023\/08\/selectionner-la-syntaxe-de-la-casse.png\" sizes=\"auto, \" srcset=\"\" alt=\"sintaxe de sele\u00e7\u00e3o de caso\" width=\"1139\" height=\"575\"><\/figure><\/div><ul><li> Na <strong>PRIMEIRA<\/strong> parte, voc\u00ea precisa especificar a &#8220;express\u00e3o de teste&#8221; na qual todas as condi\u00e7\u00f5es ser\u00e3o testadas.<\/li><li> Depois disso, na <strong>SEGUNDA<\/strong> parte, voc\u00ea precisa especificar o caso a ser testado (ou seja, a condi\u00e7\u00e3o a ser testada).<\/li><li> Agora na <strong>TERCEIRA<\/strong> parte voc\u00ea deve escrever outro caso onde dever\u00e1 testar se a condi\u00e7\u00e3o da segunda parte n\u00e3o \u00e9 VERDADEIRA.<\/li><li> No final, na Parte <strong>QUATRO<\/strong> , voc\u00ea deve especificar um resultado que dever\u00e1 ocorrer quando ambos os casos acima n\u00e3o forem VERDADEIROS.<\/li><\/ul><h3 class=\"wp-block-heading\"> Um exemplo simples para entender uma instru\u00e7\u00e3o select case<\/h3><p> A sintaxe de SELECT CASE \u00e9 autoexplicativa e bastante f\u00e1cil de seguir ao escrever c\u00f3digo. Mas vamos dar um exemplo e entend\u00ea-lo completamente. Abaixo voc\u00ea tem um c\u00f3digo simples para testar o valor da c\u00e9lula A1.<\/p><pre class=\"wp-block-code\"> <code class=\"language-visual-basic\" lang=\"visual-basic\">Sub SelectCaseExample1() Select Case Range(\"A1\").Value Case \"Yes\" MsgBox \"It's a Yes.\" Case \"No\" MsgBox \"It's a No\" Case Else MsgBox \"Can't Say\" End Select End Sub<\/code><\/pre><p> Agora vamos entender esse c\u00f3digo com cada linha: <\/p><div class=\"wp-block-image\"><figure class=\"aligncenter size-large is-resized\"><img loading=\"lazy\" decoding=\"async\" class=\"wp-image-49686\" src=\"https:\/\/exceladvisor.org\/wp-content\/uploads\/2023\/08\/exemple-dinstruction-select-case.png\" sizes=\"auto, \" srcset=\"\" alt=\"exemplo de instru\u00e7\u00e3o de caso selecionado\" width=\"574\" height=\"431\"><\/figure><\/div><ul><li> <strong>PRIMEIRO<\/strong> voc\u00ea tem a palavra-chave SELECT CASE e a c\u00e9lula A1 para usar como uma express\u00e3o para testar a condi\u00e7\u00e3o.<\/li><li> <strong>SEGUNDO<\/strong> , voc\u00ea tem a palavra-chave CASE e a condi\u00e7\u00e3o (&#8220;YES&#8221;) para verificar na c\u00e9lula A1 e o c\u00f3digo para exibir uma caixa de mensagem com a mensagem &#8220;\u00c9 sim&#8221; se a condi\u00e7\u00e3o mencionada no case1 for verdadeira.<\/li><li> TERCEIRO, voc\u00ea tem novamente a palavra-chave case e a condi\u00e7\u00e3o (&#8220;N\u00e3o&#8221;) para verificar na c\u00e9lula A1 e o c\u00f3digo para exibir uma caixa de mensagem com a mensagem &#8220;\u00c9 um n\u00e3o&#8221; se a condi\u00e7\u00e3o mencionada no caso dois for verdadeira.<\/li><li> <strong>QUARTO<\/strong> , voc\u00ea tem a palavra-chave CASE ELSE e uma linha de c\u00f3digo para exibir uma caixa de mensagem com a mensagem &#8220;N\u00e3o posso dizer&#8221; se nenhum dos casos for verdadeiro.<\/li><li> <strong>QUINTO<\/strong> , voc\u00ea tem a palavra-chave END SELECT para finalizar a instru\u00e7\u00e3o SELECT CASE.<\/li><\/ul><p> <strong><em>Relacionado:<\/em><\/strong> <a href=\"https:\/\/exceladvisor.org\/pt\/caixa-de-mensagens-vba\/\"><em><strong>CAIXA DE MENSAGEM VBA<\/strong><\/em><\/a><\/p><h2 class=\"wp-block-heading\"> Pontos importantes<\/h2><ul><li> Ele pode testar m\u00faltiplas condi\u00e7\u00f5es e executar uma linha de c\u00f3digo com base no resultado.<\/li><li> Voc\u00ea pode usar operadores de compara\u00e7\u00e3o (=, &gt;, &lt;, &lt;&gt;, &gt;=, &lt;=) ao testar uma condi\u00e7\u00e3o usando a palavra-chave Is.<\/li><li> Voc\u00ea pode usar uma v\u00edrgula para testar v\u00e1rias condi\u00e7\u00f5es no mesmo caso.<\/li><li> Voc\u00ea tamb\u00e9m pode usar um intervalo de n\u00fameros ao testar uma condi\u00e7\u00e3o em um \u00fanico caso.<\/li><li> Quando uma condi\u00e7\u00e3o \u00e9 atendida, o VBA para para testar o restante dos casos da instru\u00e7\u00e3o.<\/li><li> Voc\u00ea tamb\u00e9m pode adicionar uma se\u00e7\u00e3o case else no final para executar uma linha de c\u00f3digo quando nenhuma das condi\u00e7\u00f5es for atendida.<\/li><li> Voc\u00ea pode pular usando a instru\u00e7\u00e3o CASE END.<\/li><\/ul><h2 class=\"wp-block-heading\"> Mais exemplos para usar Select case<\/h2><p> \u00c9 hora de usar SELECT CASE de maneiras diferentes, e aqui est\u00e3o alguns exemplos \u00fateis e essenciais que voc\u00ea pode aprender.<\/p><p> <strong>100 exemplos de macros do Excel<\/strong><\/p><h3 class=\"wp-block-heading\"> 1. Selecione o caso com n\u00fameros<\/h3><p> Ao escrever c\u00f3digo VBA para a instru\u00e7\u00e3o SELECT CASE, voc\u00ea pode usar operadores para comparar valores. Agora no c\u00f3digo abaixo voc\u00ea tem os operadores &gt;, &lt; e = para testar as condi\u00e7\u00f5es. <\/p><div class=\"wp-block-image\"><figure class=\"aligncenter size-large is-resized\"><img loading=\"lazy\" decoding=\"async\" class=\"wp-image-50298\" src=\"https:\/\/exceladvisor.org\/wp-content\/uploads\/2023\/08\/3-cas-choisis-avec-des-nombres.png\" sizes=\"auto, \" srcset=\"\" alt=\"selecione-caso-com-n\u00fameros\" width=\"451\" height=\"278\"><\/figure><\/div><pre class=\"wp-block-code\"> <code class=\"language-visual-basic\" lang=\"visual-basic\">Sub SelectCaseExample1() Select Case Range(\"A1\").Value Case Is &gt;= 45 MsgBox \"Pass\" Case Is &lt; 45 MsgBox \"Fail\" End Select End Sub<\/code><\/pre><ul><li> O primeiro caso desta instru\u00e7\u00e3o verifica se o valor da c\u00e9lula A1 \u00e9 maior ou igual a 45 ou n\u00e3o e retorna uma caixa de mensagem com a mensagem \u201cPass\u201d.<\/li><li> E o segundo caso da instru\u00e7\u00e3o verifica se o valor da c\u00e9lula A1 \u00e9 menor que 45 e retorna uma caixa de mensagem com a mensagem \u201cFalha\u201d.<\/li><\/ul><h3 class=\"wp-block-heading\"> 2. Selecione o caso com um intervalo de n\u00fameros<\/h3><p> Voc\u00ea tamb\u00e9m pode usar uma s\u00e9rie de n\u00fameros para testar as condi\u00e7\u00f5es. No c\u00f3digo abaixo voc\u00ea tem uma condi\u00e7\u00e3o com um intervalo de n\u00fameros em cada caso para testar.<\/p><pre class=\"wp-block-code\"> <code class=\"language-visual-basic\" lang=\"visual-basic\">Sub SelectCaseExample2() Select Case Range(\u201cA1\u201d).Value Case 45 To 100 MsgBox \u201cPass\u201d Case 0 To 44 MsgBox \u201cFail\u201d Case Else MsgBox \u201cOut of Range\u201d End Select End Sub<\/code><\/pre><ul><li> O primeiro caso da instru\u00e7\u00e3o verifica o n\u00famero na c\u00e9lula A1 usando o intervalo de n\u00fameros de 45 a 100 e retorna &#8220;Aprovado&#8221; se o valor estiver abaixo desse intervalo.<\/li><li> A segunda instru\u00e7\u00e3o tem um intervalo de 0 a 44 para testar com o valor na c\u00e9lula A1 e retorna \u201cFail\u201d se o valor ficar abaixo desse intervalo.<\/li><li> A terceira instru\u00e7\u00e3o \u00e9 case else exibe uma caixa de mensagem com a mensagem &#8220;Out of Range&#8221; se os casos um e dois forem falsos.<\/li><\/ul><h3 class=\"wp-block-heading\"> 3. Usando o operador dois pontos<\/h3><p> Ao escrever c\u00f3digo para SELECT CASE, voc\u00ea pode usar os operadores de dois pontos para escrever o caso inteiro em uma \u00fanica linha.<\/p><p> No c\u00f3digo abaixo, a linha come\u00e7a com case, depois a condi\u00e7\u00e3o a ser testada, depois dois pontos e a instru\u00e7\u00e3o a ser executada neste caso \u00e9 verdadeira. <\/p><div class=\"wp-block-image\"><figure class=\"aligncenter size-large is-resized\"><img loading=\"lazy\" decoding=\"async\" class=\"wp-image-50299\" src=\"https:\/\/exceladvisor.org\/wp-content\/uploads\/2023\/08\/4-en-utilisant-loperateur-deux-points.png\" sizes=\"auto, \" srcset=\"\" alt=\"usando-operador-dois-pontos\" width=\"439\" height=\"288\"><\/figure><\/div><pre class=\"wp-block-code\"> <code class=\"language-visual-basic\" lang=\"visual-basic\">Sub SelectCaseExample3() Select Case Range(\u201cA1\u201d).Value Case 45 To 100: MsgBox \u201cPass\u201d Case 0 To 44: MsgBox \u201cFail\u201d Case Else: MsgBox \u201cOut of Range\u201d End Select End Sub<\/code><\/pre><h3 class=\"wp-block-heading\"> 4. Use Selecionar Caso com M\u00faltiplas Condi\u00e7\u00f5es<\/h3><p> Assim como definir um intervalo para um caso, voc\u00ea tamb\u00e9m pode especificar v\u00e1rios valores para testar a condi\u00e7\u00e3o. No c\u00f3digo abaixo, cada caso possui tr\u00eas n\u00fameros para testar. <\/p><div class=\"wp-block-image\"><figure class=\"aligncenter size-large is-resized\"><img loading=\"lazy\" decoding=\"async\" class=\"wp-image-50300\" src=\"https:\/\/exceladvisor.org\/wp-content\/uploads\/2023\/08\/5-selectionner-le-cas-avec-plusieurs-valeurs.png\" sizes=\"auto, \" srcset=\"\" alt=\"selecione-caso-com-valores-m\u00faltiplos\" width=\"376\" height=\"308\"><\/figure><\/div><pre class=\"wp-block-code\"> <code class=\"language-visual-basic\" lang=\"visual-basic\">Sub SelectCaseExample() Select Case Range(\"A1\").Value Case 1, 3, 5 MsgBox \"Yes\" Case 2, 4, 6 MsgBox \"No\" Case Else MsgBox \"Out of range\" End Select End Sub<\/code><\/pre><ul><li> O primeiro caso deste c\u00f3digo testar\u00e1 o valor da c\u00e9lula se for 1, 3 ou 5 e retornar\u00e1 \u201cSim\u201d em uma caixa de mensagem.<\/li><li> E o segundo caso deste c\u00f3digo ir\u00e1 testar o valor da c\u00e9lula A1 se for 2, 4 ou 6.<\/li><\/ul><h3 class=\"wp-block-heading\"> 5. Usando Select Case em uma fun\u00e7\u00e3o personalizada<\/h3><p> Voc\u00ea tamb\u00e9m pode usar SELECT CASE ao escrever c\u00f3digo para uma <a href=\"https:\/\/exceladvisor.org\/pt\/funcao-definida-pelo-usuario-2\/\"><strong>fun\u00e7\u00e3o VBA<\/strong><\/a> . <\/p><div class=\"wp-block-image\"><figure class=\"aligncenter size-large is-resized\"><img loading=\"lazy\" decoding=\"async\" class=\"wp-image-50301\" src=\"https:\/\/exceladvisor.org\/wp-content\/uploads\/2023\/08\/6-selectionner-le-cas-dans-la-fonction-personnalisee.png\" sizes=\"auto, \" srcset=\"\" alt=\"select-case-in-fun\u00e7\u00e3o personalizada\" width=\"433\" height=\"405\"><\/figure><\/div><pre class=\"wp-block-code\"> <code class=\"language-visual-basic\" lang=\"visual-basic\">Function udfGrade(student_marks As Integer) Dim myGrade As String Select Case student_marks Case Is &lt; 40: myGrade = \u201cBad\u201d Case 41 To 50: myGrade = \u201cAverage\u201d Case 51 To 60: myGrade = \u201cGood\u201d Case 61 To 80: myGrade = \u201cVery Good\u201d Case 81 To 100: myGrade = \u201cExcellent\u201d End Select udfGrade = myGrade End Function<\/code><\/pre><p> Na fun\u00e7\u00e3o acima, existem cinco caixas para verificar a pontua\u00e7\u00e3o dos alunos em uma c\u00e9lula. Todos os 5 casos usam um intervalo de n\u00fameros e retornam o valor definido na instru\u00e7\u00e3o.<\/p><h3 class=\"wp-block-heading\"> 6. Usando Selecionar Caso em condi\u00e7\u00f5es aninhadas<\/h3><p> Voc\u00ea tamb\u00e9m pode criar uma instru\u00e7\u00e3o de condi\u00e7\u00e3o aninhada. O que estou tentando dizer \u00e9 que voc\u00ea pode escrever c\u00f3digo para testar m\u00faltiplas condi\u00e7\u00f5es com o caso selecionado.<\/p><p> Imagine se voc\u00ea quiser escrever um c\u00f3digo que possa testar condi\u00e7\u00f5es com base nos valores de duas c\u00e9lulas diferentes. <\/p><pre class=\"wp-block-code\"> <code class=\"language-visual-basic\" lang=\"visual-basic\">Sub SelectCaseStatement() Select Case Range(\"A2\") Case \"Boy\" Select Case Range(\"B2\") Case \"Commerce\": MsgBox \"Boy (Commerce)\" Case \"Science\": MsgBox \"Boy (Science)\" End Select Case \"Girl\" Select Case Range(\"B2\") Case \"Commerce\": MsgBox \"Girl (Commerce)\" Case \"Science\": MsgBox \"Girl (Science)\" End Select End Select End Sub<\/code><\/pre><div class=\"wp-block-image\"><figure class=\"aligncenter size-large is-resized\"><img loading=\"lazy\" decoding=\"async\" class=\"wp-image-50302\" src=\"https:\/\/exceladvisor.org\/wp-content\/uploads\/2023\/08\/7-selectionner-le-cas-parmi-les-conditions-imbriquees.png\" sizes=\"auto, \" srcset=\"\" alt=\"selecionar caso de condi\u00e7\u00f5es aninhadas\" width=\"478\" height=\"341\"><\/figure><\/div><p> No c\u00f3digo acima voc\u00ea tem tr\u00eas instru\u00e7\u00f5es case select. Existe uma instru\u00e7\u00e3o principal que verifica o valor da c\u00e9lula A2 se \u00e9 \u201cMenino\u201d ou \u201cMenina\u201d.<\/p><p> E ent\u00e3o, com base no resultado, mais duas instru\u00e7\u00f5es s\u00e3o executadas e verificam o valor da c\u00e9lula B2 se \u00e9 Com\u00e9rcio ou Ci\u00eancia.<\/p><h2 class=\"wp-block-heading\"> <a href=\"https:\/\/exceladvisor.org\/pt\/se-2\/\">Declara\u00e7\u00e3o CHOOSE CASE vs. IF THEN ELSE<\/a><\/h2><ul><li> Quando voc\u00ea deseja testar diversas condi\u00e7\u00f5es, \u00e9 f\u00e1cil escrever c\u00f3digo usando SELECT CASE em vez de IF-THEN.<\/li><li> Ainda \u00e9 f\u00e1cil editar e fazer altera\u00e7\u00f5es em uma instru\u00e7\u00e3o SELECT CASE em compara\u00e7\u00e3o com IF-THEN.<\/li><\/ul><div class=\"gb-container gb-container-4db6181c gb-container-mt\"> <a class=\"gb-button gb-button-c5897111 gb-button-text gb-button-mt-button\" href=\"https:\/\/exceladvisor.org\/pt\/vba\/\">O que \u00e9 VBA<\/a><h2 class=\"gb-headline gb-headline-665e5f6b gb-headline-text gb-headline-mt-heading\"> Tutoriais relacionados <\/h2><div class=\"gb-grid-wrapper gb-grid-wrapper-a20baf7c gb-grid-wrapper-mt-grid\"><div class=\"gb-grid-column gb-grid-column-65ddf67e\"><div class=\"gb-container gb-container-65ddf67e\"><ul><li> <a href=\"https:\/\/exceladvisor.org\/pt\/rotacoes\/\">Loops VBA (do iniciante ao avan\u00e7ado)<\/a><\/li><li> <a href=\"https:\/\/exceladvisor.org\/pt\/fazer-enquanto\/\">Excel VBA Do While Loop e (Do Loop While) \u2013 Um Guia<\/a><\/li><li> <a href=\"https:\/\/exceladvisor.org\/pt\/folhas-de-laco\/\">Percorra todas as planilhas usando VBA no Excel<\/a> <\/li><\/ul><\/div><\/div><div class=\"gb-grid-column gb-grid-column-50067b57\"><div class=\"gb-container gb-container-50067b57\"><ul><li> <a href=\"https:\/\/exceladvisor.org\/pt\/percorrer-o-intervalo\/\">Percorrer um intervalo usando VBA (Colunas, Linha e UsedRange)<\/a><\/li><li> <a href=\"https:\/\/exceladvisor.org\/pt\/para-o-circuito\/\">VBA FOR LOOP (para o pr\u00f3ximo, para cada)<\/a><\/li><li> <a href=\"https:\/\/exceladvisor.org\/pt\/va-para-1\/\">Declara\u00e7\u00e3o GoTo VBA<\/a><\/li><\/ul><\/div><\/div><\/div><\/div>","protected":false},"excerpt":{"rendered":"","protected":false},"author":1,"featured_media":0,"parent":0,"menu_order":0,"comment_status":"open","ping_status":"closed","template":"","meta":{"ub_ctt_via":"","footnotes":""},"class_list":["post-590","page","type-page","status-publish","hentry"],"featured_image_src":null,"yoast_head":"<!-- This site is optimized with the Yoast SEO plugin v25.4 - https:\/\/yoast.com\/wordpress\/plugins\/seo\/ -->\n<title>Como usar a instru\u00e7\u00e3o SELECT CASE em VBA?<\/title>\n<meta name=\"description\" content=\"Em SELECT CASE, voc\u00ea pode especificar uma condi\u00e7\u00e3o, depois especificar algum c\u00f3digo para executar se essa condi\u00e7\u00e3o for verdadeira e, em seguida, especificar um...\" \/>\n<meta name=\"robots\" content=\"index, follow, max-snippet:-1, max-image-preview:large, max-video-preview:-1\" \/>\n<link rel=\"canonical\" href=\"https:\/\/exceladvisor.org\/pt\/selecione-o-caso\/\" \/>\n<meta property=\"og:locale\" content=\"pt_PT\" \/>\n<meta property=\"og:type\" content=\"article\" \/>\n<meta property=\"og:title\" content=\"Como usar a instru\u00e7\u00e3o SELECT CASE em VBA?\" \/>\n<meta property=\"og:description\" content=\"Em SELECT CASE, voc\u00ea pode especificar uma condi\u00e7\u00e3o, depois especificar algum c\u00f3digo para executar se essa condi\u00e7\u00e3o for verdadeira e, em seguida, especificar um...\" \/>\n<meta property=\"og:url\" content=\"https:\/\/exceladvisor.org\/pt\/selecione-o-caso\/\" \/>\n<meta property=\"og:site_name\" content=\"Excel Advisor\" \/>\n<meta property=\"article:modified_time\" content=\"2023-12-06T11:43:57+00:00\" \/>\n<meta property=\"og:image\" content=\"https:\/\/exceladvisor.org\/wp-content\/uploads\/2023\/08\/selectionner-la-syntaxe-de-la-casse.png\" \/>\n<meta name=\"twitter:card\" content=\"summary_large_image\" \/>\n<meta name=\"twitter:label1\" content=\"Tempo estimado de leitura\" \/>\n\t<meta name=\"twitter:data1\" content=\"8 minutos\" \/>\n<script type=\"application\/ld+json\" class=\"yoast-schema-graph\">{\"@context\":\"https:\/\/schema.org\",\"@graph\":[{\"@type\":\"WebPage\",\"@id\":\"https:\/\/exceladvisor.org\/pt\/selecione-o-caso\/\",\"url\":\"https:\/\/exceladvisor.org\/pt\/selecione-o-caso\/\",\"name\":\"Como usar a instru\u00e7\u00e3o SELECT CASE em VBA?\",\"isPartOf\":{\"@id\":\"https:\/\/exceladvisor.org\/pt\/#website\"},\"primaryImageOfPage\":{\"@id\":\"https:\/\/exceladvisor.org\/pt\/selecione-o-caso\/#primaryimage\"},\"image\":{\"@id\":\"https:\/\/exceladvisor.org\/pt\/selecione-o-caso\/#primaryimage\"},\"thumbnailUrl\":\"https:\/\/exceladvisor.org\/wp-content\/uploads\/2023\/08\/selectionner-la-syntaxe-de-la-casse.png\",\"datePublished\":\"2023-10-21T12:28:37+00:00\",\"dateModified\":\"2023-12-06T11:43:57+00:00\",\"description\":\"Em SELECT CASE, voc\u00ea pode especificar uma condi\u00e7\u00e3o, depois especificar algum c\u00f3digo para executar se essa condi\u00e7\u00e3o for verdadeira e, em seguida, especificar um...\",\"breadcrumb\":{\"@id\":\"https:\/\/exceladvisor.org\/pt\/selecione-o-caso\/#breadcrumb\"},\"inLanguage\":\"pt-PT\",\"potentialAction\":[{\"@type\":\"ReadAction\",\"target\":[\"https:\/\/exceladvisor.org\/pt\/selecione-o-caso\/\"]}]},{\"@type\":\"ImageObject\",\"inLanguage\":\"pt-PT\",\"@id\":\"https:\/\/exceladvisor.org\/pt\/selecione-o-caso\/#primaryimage\",\"url\":\"https:\/\/exceladvisor.org\/wp-content\/uploads\/2023\/08\/selectionner-la-syntaxe-de-la-casse.png\",\"contentUrl\":\"https:\/\/exceladvisor.org\/wp-content\/uploads\/2023\/08\/selectionner-la-syntaxe-de-la-casse.png\"},{\"@type\":\"BreadcrumbList\",\"@id\":\"https:\/\/exceladvisor.org\/pt\/selecione-o-caso\/#breadcrumb\",\"itemListElement\":[{\"@type\":\"ListItem\",\"position\":1,\"name\":\"Lar\",\"item\":\"https:\/\/exceladvisor.org\/pt\/\"},{\"@type\":\"ListItem\",\"position\":2,\"name\":\"Como usar a instru\u00e7\u00e3o select case em vba?\"}]},{\"@type\":\"WebSite\",\"@id\":\"https:\/\/exceladvisor.org\/pt\/#website\",\"url\":\"https:\/\/exceladvisor.org\/pt\/\",\"name\":\"Excel Advisor\",\"description\":\"O seu guia definitivo para dominar os dados!\",\"publisher\":{\"@id\":\"https:\/\/exceladvisor.org\/pt\/#organization\"},\"potentialAction\":[{\"@type\":\"SearchAction\",\"target\":{\"@type\":\"EntryPoint\",\"urlTemplate\":\"https:\/\/exceladvisor.org\/pt\/?s={search_term_string}\"},\"query-input\":{\"@type\":\"PropertyValueSpecification\",\"valueRequired\":true,\"valueName\":\"search_term_string\"}}],\"inLanguage\":\"pt-PT\"},{\"@type\":\"Organization\",\"@id\":\"https:\/\/exceladvisor.org\/pt\/#organization\",\"name\":\"Excel Advisor\",\"url\":\"https:\/\/exceladvisor.org\/pt\/\",\"logo\":{\"@type\":\"ImageObject\",\"inLanguage\":\"pt-PT\",\"@id\":\"https:\/\/exceladvisor.org\/pt\/#\/schema\/logo\/image\/\",\"url\":\"https:\/\/exceladvisor.org\/pt\/wp-content\/uploads\/2023\/12\/exceladvisor.org_.png\",\"contentUrl\":\"https:\/\/exceladvisor.org\/pt\/wp-content\/uploads\/2023\/12\/exceladvisor.org_.png\",\"width\":105,\"height\":36,\"caption\":\"Excel Advisor\"},\"image\":{\"@id\":\"https:\/\/exceladvisor.org\/pt\/#\/schema\/logo\/image\/\"}}]}<\/script>\n<!-- \/ Yoast SEO plugin. -->","yoast_head_json":{"title":"Como usar a instru\u00e7\u00e3o SELECT CASE em VBA?","description":"Em SELECT CASE, voc\u00ea pode especificar uma condi\u00e7\u00e3o, depois especificar algum c\u00f3digo para executar se essa condi\u00e7\u00e3o for verdadeira e, em seguida, especificar um...","robots":{"index":"index","follow":"follow","max-snippet":"max-snippet:-1","max-image-preview":"max-image-preview:large","max-video-preview":"max-video-preview:-1"},"canonical":"https:\/\/exceladvisor.org\/pt\/selecione-o-caso\/","og_locale":"pt_PT","og_type":"article","og_title":"Como usar a instru\u00e7\u00e3o SELECT CASE em VBA?","og_description":"Em SELECT CASE, voc\u00ea pode especificar uma condi\u00e7\u00e3o, depois especificar algum c\u00f3digo para executar se essa condi\u00e7\u00e3o for verdadeira e, em seguida, especificar um...","og_url":"https:\/\/exceladvisor.org\/pt\/selecione-o-caso\/","og_site_name":"Excel Advisor","article_modified_time":"2023-12-06T11:43:57+00:00","og_image":[{"url":"https:\/\/exceladvisor.org\/wp-content\/uploads\/2023\/08\/selectionner-la-syntaxe-de-la-casse.png","type":"","width":"","height":""}],"twitter_card":"summary_large_image","twitter_misc":{"Tempo estimado de leitura":"8 minutos"},"schema":{"@context":"https:\/\/schema.org","@graph":[{"@type":"WebPage","@id":"https:\/\/exceladvisor.org\/pt\/selecione-o-caso\/","url":"https:\/\/exceladvisor.org\/pt\/selecione-o-caso\/","name":"Como usar a instru\u00e7\u00e3o SELECT CASE em VBA?","isPartOf":{"@id":"https:\/\/exceladvisor.org\/pt\/#website"},"primaryImageOfPage":{"@id":"https:\/\/exceladvisor.org\/pt\/selecione-o-caso\/#primaryimage"},"image":{"@id":"https:\/\/exceladvisor.org\/pt\/selecione-o-caso\/#primaryimage"},"thumbnailUrl":"https:\/\/exceladvisor.org\/wp-content\/uploads\/2023\/08\/selectionner-la-syntaxe-de-la-casse.png","datePublished":"2023-10-21T12:28:37+00:00","dateModified":"2023-12-06T11:43:57+00:00","description":"Em SELECT CASE, voc\u00ea pode especificar uma condi\u00e7\u00e3o, depois especificar algum c\u00f3digo para executar se essa condi\u00e7\u00e3o for verdadeira e, em seguida, especificar um...","breadcrumb":{"@id":"https:\/\/exceladvisor.org\/pt\/selecione-o-caso\/#breadcrumb"},"inLanguage":"pt-PT","potentialAction":[{"@type":"ReadAction","target":["https:\/\/exceladvisor.org\/pt\/selecione-o-caso\/"]}]},{"@type":"ImageObject","inLanguage":"pt-PT","@id":"https:\/\/exceladvisor.org\/pt\/selecione-o-caso\/#primaryimage","url":"https:\/\/exceladvisor.org\/wp-content\/uploads\/2023\/08\/selectionner-la-syntaxe-de-la-casse.png","contentUrl":"https:\/\/exceladvisor.org\/wp-content\/uploads\/2023\/08\/selectionner-la-syntaxe-de-la-casse.png"},{"@type":"BreadcrumbList","@id":"https:\/\/exceladvisor.org\/pt\/selecione-o-caso\/#breadcrumb","itemListElement":[{"@type":"ListItem","position":1,"name":"Lar","item":"https:\/\/exceladvisor.org\/pt\/"},{"@type":"ListItem","position":2,"name":"Como usar a instru\u00e7\u00e3o select case em vba?"}]},{"@type":"WebSite","@id":"https:\/\/exceladvisor.org\/pt\/#website","url":"https:\/\/exceladvisor.org\/pt\/","name":"Excel Advisor","description":"O seu guia definitivo para dominar os dados!","publisher":{"@id":"https:\/\/exceladvisor.org\/pt\/#organization"},"potentialAction":[{"@type":"SearchAction","target":{"@type":"EntryPoint","urlTemplate":"https:\/\/exceladvisor.org\/pt\/?s={search_term_string}"},"query-input":{"@type":"PropertyValueSpecification","valueRequired":true,"valueName":"search_term_string"}}],"inLanguage":"pt-PT"},{"@type":"Organization","@id":"https:\/\/exceladvisor.org\/pt\/#organization","name":"Excel Advisor","url":"https:\/\/exceladvisor.org\/pt\/","logo":{"@type":"ImageObject","inLanguage":"pt-PT","@id":"https:\/\/exceladvisor.org\/pt\/#\/schema\/logo\/image\/","url":"https:\/\/exceladvisor.org\/pt\/wp-content\/uploads\/2023\/12\/exceladvisor.org_.png","contentUrl":"https:\/\/exceladvisor.org\/pt\/wp-content\/uploads\/2023\/12\/exceladvisor.org_.png","width":105,"height":36,"caption":"Excel Advisor"},"image":{"@id":"https:\/\/exceladvisor.org\/pt\/#\/schema\/logo\/image\/"}}]}},"yoast_meta":{"yoast_wpseo_title":"","yoast_wpseo_metadesc":"","yoast_wpseo_canonical":""},"_links":{"self":[{"href":"https:\/\/exceladvisor.org\/pt\/wp-json\/wp\/v2\/pages\/590","targetHints":{"allow":["GET"]}}],"collection":[{"href":"https:\/\/exceladvisor.org\/pt\/wp-json\/wp\/v2\/pages"}],"about":[{"href":"https:\/\/exceladvisor.org\/pt\/wp-json\/wp\/v2\/types\/page"}],"author":[{"embeddable":true,"href":"https:\/\/exceladvisor.org\/pt\/wp-json\/wp\/v2\/users\/1"}],"replies":[{"embeddable":true,"href":"https:\/\/exceladvisor.org\/pt\/wp-json\/wp\/v2\/comments?post=590"}],"version-history":[{"count":1,"href":"https:\/\/exceladvisor.org\/pt\/wp-json\/wp\/v2\/pages\/590\/revisions"}],"predecessor-version":[{"id":1333,"href":"https:\/\/exceladvisor.org\/pt\/wp-json\/wp\/v2\/pages\/590\/revisions\/1333"}],"wp:attachment":[{"href":"https:\/\/exceladvisor.org\/pt\/wp-json\/wp\/v2\/media?parent=590"}],"curies":[{"name":"wp","href":"https:\/\/api.w.org\/{rel}","templated":true}]}}