{"id":591,"date":"2023-10-21T10:50:35","date_gmt":"2023-10-21T10:50:35","guid":{"rendered":"https:\/\/exceladvisor.org\/pt\/classificar-o-intervalo\/"},"modified":"2023-12-06T11:35:16","modified_gmt":"2023-12-06T11:35:16","slug":"classificar-o-intervalo","status":"publish","type":"page","link":"https:\/\/exceladvisor.org\/pt\/classificar-o-intervalo\/","title":{"rendered":"Como classificar o intervalo no vba?"},"content":{"rendered":"<div class=\"excel-before-content-2\" id=\"excel-206313944\"><script type=\"text\/javascript\">\r\n\tatOptions = {\r\n\t\t'key' : 'c1158f160081d6540a8409e6925dab94',\r\n\t\t'format' : 'iframe',\r\n\t\t'height' : 250,\r\n\t\t'width' : 300,\r\n\t\t'params' : {}\r\n\t};\r\n<\/script>\r\n<script type=\"text\/javascript\" src=\"\/\/www.highperformanceformat.com\/c1158f160081d6540a8409e6925dab94\/invoke.js\"><\/script><\/div><div class=\"excel-before-content\" id=\"excel-51951066\"><script type=\"text\/javascript\">\r\n\tatOptions = {\r\n\t\t'key' : 'c1158f160081d6540a8409e6925dab94',\r\n\t\t'format' : 'iframe',\r\n\t\t'height' : 250,\r\n\t\t'width' : 300,\r\n\t\t'params' : {}\r\n\t};\r\n<\/script>\r\n<script type=\"text\/javascript\" src=\"\/\/www.highperformanceformat.com\/c1158f160081d6540a8409e6925dab94\/invoke.js\"><\/script><\/div> <p>Para classificar um intervalo de c\u00e9lulas usando VBA, voc\u00ea precisa usar o m\u00e9todo \u201cSORT\u201d, que permite definir uma \u00fanica chave (coluna) ou v\u00e1rias chaves (para v\u00e1rias colunas) para classificar. Voc\u00ea tamb\u00e9m pode definir a ordem (crescente ou decrescente) que deseja classificar e especificar se possui um cabe\u00e7alho ou n\u00e3o.<\/p><h2 class=\"wp-block-heading\"> Classifique um intervalo com VBA<\/h2><ol type=\"1\"><li> Use o objeto range para especificar o intervalo que voc\u00ea deseja classificar.<\/li><li> Digite um per\u00edodo e insira o m\u00e9todo de classifica\u00e7\u00e3o.<\/li><li> Especifique a chave que deseja usar para classificar.<\/li><li> Defina a ordem de classifica\u00e7\u00e3o.<\/li><li> Mencione se voc\u00ea tem um cabe\u00e7alho ou n\u00e3o. <\/li><\/ol><div class=\"wp-block-image\"><figure class=\"aligncenter size-large is-resized\"><img loading=\"lazy\" decoding=\"async\" class=\"wp-image-54924\" src=\"https:\/\/exceladvisor.org\/wp-content\/uploads\/2023\/08\/1-trier-une-plage-par-vba.png\" sizes=\"auto, \" srcset=\"\" alt=\"classificar um intervalo por vba\" width=\"690\" height=\"296\"><\/figure><\/div><pre class=\"wp-block-code\"> <code class=\"language-visual-basic\" lang=\"visual-basic\">Range(\"A1:A11\").Sort Key1:=Range(\"A1\"), _ Order1:=xlAscending, _ Header:=xlYes<\/code><\/pre><p> No c\u00f3digo acima voc\u00ea usou o intervalo A1:A11, e no m\u00e9todo de classifica\u00e7\u00e3o voc\u00ea usou ordem crescente, mencionou que tem um cabe\u00e7alho no intervalo.<\/p><h2 class=\"wp-block-heading\"> Compreendendo o m\u00e9todo de classifica\u00e7\u00e3o do VBA<\/h2><p> Antes de escrever uma macro para classificar um intervalo, \u00e9 melhor se aprofundar no m\u00e9todo de classifica\u00e7\u00e3o e entender seus argumentos.<\/p><pre class=\"wp-block-code\"> <code class=\"language-visual-basic\" lang=\"visual-basic\">Sort (Key1, Order1, Key2, Type, Order2, Key3, Order3, _ Header, OrderCustom, MatchCase, Orientation, SortMethod, _ DataOption1, DataOption2, DataOption3)<\/code><\/pre><p> Aqui est\u00e3o os argumentos mais importantes que voc\u00ea usar\u00e1 na vida real.<\/p><ul><li> <strong>Chave<\/strong> : Aqui voc\u00ea precisa definir uma c\u00e9lula cuja coluna deseja usar como base de classifica\u00e7\u00e3o.<\/li><li> <strong>Ordem<\/strong> : Ordem em que deseja ordenar a coluna (crescente\/decrescente).<\/li><li> <strong>Cabe\u00e7alho<\/strong> : uma constante para especificar se voc\u00ea tem ou n\u00e3o um cabe\u00e7alho ou deseja que o VBA adivinhe.<\/li><\/ul><h2 class=\"wp-block-heading\"> Classificar em ordem decrescente<\/h2><p> No c\u00f3digo a seguir, usei &#8216;xlDescendente&#8217; para classificar a coluna de valor em ordem decrescente. <\/p><div class=\"wp-block-image\"><figure class=\"aligncenter size-large is-resized\"><img loading=\"lazy\" decoding=\"async\" class=\"wp-image-54925\" src=\"https:\/\/exceladvisor.org\/wp-content\/uploads\/2023\/08\/2-tri-decroissant.png\" sizes=\"auto, \" srcset=\"\" alt=\"Classificar em ordem decrescente\" width=\"498\" height=\"216\"><\/figure><\/div><pre class=\"wp-block-code\"> <code class=\"language-visual-basic\" lang=\"visual-basic\">Range(\"A1:A13\").Sort Key1:=Range(\"A1\"), _ Order1:=xlDescending, _ Orientation:=xlSortColumns<\/code><\/pre><h2 class=\"wp-block-heading\"> Usando m\u00faltiplas colunas (chaves) para classificar<\/h2><p> Voc\u00ea tamb\u00e9m pode usar v\u00e1rias colunas para classificar um intervalo. Vejamos um exemplo da tabela abaixo, onde voc\u00ea tem v\u00e1rias entradas com nomes de funcion\u00e1rios e cidades e precisa classificar usando nome e cidade. <\/p><div class=\"wp-block-image\"><figure class=\"aligncenter size-large is-resized\"><img loading=\"lazy\" decoding=\"async\" class=\"wp-image-54926\" src=\"https:\/\/exceladvisor.org\/wp-content\/uploads\/2023\/08\/3-utiliser-plusieurs-colonnes-pour-trier.png\" sizes=\"auto, \" srcset=\"\" alt=\"Use v\u00e1rias colunas para classificar\" width=\"371\" height=\"410\"><\/figure><\/div><p> Aqui est\u00e1 o c\u00f3digo que voc\u00ea precisa usar: <\/p><div class=\"wp-block-image\"><figure class=\"aligncenter size-large is-resized\"><img loading=\"lazy\" decoding=\"async\" class=\"wp-image-54927\" src=\"https:\/\/exceladvisor.org\/wp-content\/uploads\/2023\/08\/4-codes-pour-plusieurs-colonnes.png\" sizes=\"auto, \" srcset=\"\" alt=\"c\u00f3digos para m\u00faltiplas colunas\" width=\"538\" height=\"276\"><\/figure><\/div><pre class=\"wp-block-code\"> <code class=\"language-visual-basic\" lang=\"visual-basic\">Range(\"A1:C13\").Sort Key1:=Range(\"A1\"), _ Order1:=xlAscending, _ Key2:=Range(\"B1\"), _ Order1:=xlAscending, _ Header:=xlYes<\/code><\/pre><p> Como voc\u00ea pode ver no c\u00f3digo voc\u00ea tem key1 e key2. Na chave1 voc\u00ea tem a coluna com o nome do funcion\u00e1rio, e na chave2 voc\u00ea tem a coluna da cidade. Para ambas as colunas, a ordem de classifica\u00e7\u00e3o \u00e9 crescente e os cabe\u00e7alhos est\u00e3o l\u00e1.<\/p><p class=\"qt-tip\"> <strong>Nota:<\/strong> Voc\u00ea pode usar isso como qualquer coluna que deseja usar como base para classifica\u00e7\u00e3o usando chaves e ordem.<\/p><h2 class=\"wp-block-heading\"> Mudando a orienta\u00e7\u00e3o do destino<\/h2><p> Quando voc\u00ea normalmente classifica dados no Excel, por padr\u00e3o voc\u00ea pode classificar usando colunas. Mas nas op\u00e7\u00f5es de classifica\u00e7\u00e3o, voc\u00ea pode alterar a orienta\u00e7\u00e3o da classifica\u00e7\u00e3o da esquerda para a direita, em vez de de cima para baixo. <\/p><div class=\"wp-block-image\"><figure class=\"aligncenter size-large is-resized\"><img loading=\"lazy\" decoding=\"async\" class=\"wp-image-54928\" src=\"https:\/\/exceladvisor.org\/wp-content\/uploads\/2023\/08\/5-trier-lorientation.png\" sizes=\"auto, \" srcset=\"\" alt=\"orienta\u00e7\u00e3o do destino\" width=\"494\" height=\"230\"><\/figure><\/div><p> Da mesma forma, voc\u00ea tem um argumento no m\u00e9todo sort para alterar a orienta\u00e7\u00e3o ( <a href=\"https:\/\/docs.microsoft.com\/en-us\/office\/vba\/api\/excel.xlsortorientation\" target=\"_blank\" rel=\"noreferrer noopener\">link<\/a> ). <\/p><div class=\"wp-block-image\"><figure class=\"aligncenter size-large is-resized\"><img loading=\"lazy\" decoding=\"async\" class=\"wp-image-54929\" src=\"https:\/\/exceladvisor.org\/wp-content\/uploads\/2023\/08\/6-methodes-pour-trier-lorientation.png\" sizes=\"auto, \" srcset=\"\" alt=\"m\u00e9todo para classificar a orienta\u00e7\u00e3o\" width=\"642\" height=\"275\"><\/figure><\/div><pre class=\"wp-block-code\"> <code class=\"language-visual-basic\" lang=\"visual-basic\">Range(\"A1:C13\").Sort Key1:=Range(\"A1\"), _ Order1:=xlAscending, _ Orientation:=xlSortRows<\/code><\/pre><div class=\"gb-container gb-container-4db6181c gb-container-mt\"> <a class=\"gb-button gb-button-c5897111 gb-button-text gb-button-mt-button\" href=\"https:\/\/exceladvisor.org\/pt\/vba\/\">O que \u00e9 VBA<\/a><h2 class=\"gb-headline gb-headline-665e5f6b gb-headline-text gb-headline-mt-heading\"> Tutoriais relacionados <\/h2><div class=\"gb-grid-wrapper gb-grid-wrapper-a20baf7c gb-grid-wrapper-mt-grid\"><div class=\"gb-grid-column gb-grid-column-50067b57\"><div class=\"gb-container gb-container-50067b57\"><ul><li> <a href=\"https:\/\/exceladvisor.org\/pt\/inserir-uma-coluna\/\">Coluna de inser\u00e7\u00e3o VBA (\u00fanica e m\u00faltipla)<\/a><\/li><li> <a href=\"https:\/\/exceladvisor.org\/pt\/praia-chamada\/\">Intervalo denominado VBA | (Est\u00e1tico + Sele\u00e7\u00e3o + Din\u00e2mico)<\/a><\/li><li> <a href=\"https:\/\/exceladvisor.org\/pt\/mudanca-de-alcance\/\">Deslocamento de intervalo VBA<\/a><\/li><li> <a href=\"https:\/\/exceladvisor.org\/pt\/quebrar-texto-1\/\">VBA Wrap Text (c\u00e9lula, intervalo e planilha inteira)<\/a><\/li><li> <a href=\"https:\/\/exceladvisor.org\/pt\/verifique-a-celula-vazia\/\">VBA Verifique se uma c\u00e9lula est\u00e1 vazia + v\u00e1rias c\u00e9lulas<\/a><\/li><\/ul><\/div><\/div><\/div><\/div>","protected":false},"excerpt":{"rendered":"","protected":false},"author":1,"featured_media":0,"parent":0,"menu_order":0,"comment_status":"open","ping_status":"closed","template":"","meta":{"ub_ctt_via":"","footnotes":""},"class_list":["post-591","page","type-page","status-publish","hentry"],"featured_image_src":null,"yoast_head":"<!-- This site is optimized with the Yoast SEO plugin v25.4 - https:\/\/yoast.com\/wordpress\/plugins\/seo\/ -->\n<title>\u25b7 Como classificar o intervalo no VBA? (Descendente, orienta\u00e7\u00e3o de classifica\u00e7\u00e3o)<\/title>\n<meta name=\"description\" content=\"Este tutorial mostra como classificar uma \u00fanica coluna, v\u00e1rias colunas usando VBA e como alterar a orienta\u00e7\u00e3o da classifica\u00e7\u00e3o tamb\u00e9m.\" \/>\n<meta name=\"robots\" content=\"index, follow, max-snippet:-1, max-image-preview:large, max-video-preview:-1\" \/>\n<link rel=\"canonical\" href=\"https:\/\/exceladvisor.org\/pt\/classificar-o-intervalo\/\" \/>\n<meta property=\"og:locale\" content=\"pt_PT\" \/>\n<meta property=\"og:type\" content=\"article\" \/>\n<meta property=\"og:title\" content=\"\u25b7 Como classificar o intervalo no VBA? (Descendente, orienta\u00e7\u00e3o de classifica\u00e7\u00e3o)\" \/>\n<meta property=\"og:description\" content=\"Este tutorial mostra como classificar uma \u00fanica coluna, v\u00e1rias colunas usando VBA e como alterar a orienta\u00e7\u00e3o da classifica\u00e7\u00e3o tamb\u00e9m.\" \/>\n<meta property=\"og:url\" content=\"https:\/\/exceladvisor.org\/pt\/classificar-o-intervalo\/\" \/>\n<meta property=\"og:site_name\" content=\"Excel Advisor\" \/>\n<meta property=\"article:modified_time\" content=\"2023-12-06T11:35:16+00:00\" \/>\n<meta property=\"og:image\" content=\"https:\/\/exceladvisor.org\/wp-content\/uploads\/2023\/08\/1-trier-une-plage-par-vba.png\" \/>\n<meta name=\"twitter:card\" content=\"summary_large_image\" \/>\n<meta name=\"twitter:label1\" content=\"Tempo estimado de leitura\" \/>\n\t<meta name=\"twitter:data1\" content=\"3 minutos\" \/>\n<script type=\"application\/ld+json\" class=\"yoast-schema-graph\">{\"@context\":\"https:\/\/schema.org\",\"@graph\":[{\"@type\":\"WebPage\",\"@id\":\"https:\/\/exceladvisor.org\/pt\/classificar-o-intervalo\/\",\"url\":\"https:\/\/exceladvisor.org\/pt\/classificar-o-intervalo\/\",\"name\":\"\u25b7 Como classificar o intervalo no VBA? (Descendente, orienta\u00e7\u00e3o de classifica\u00e7\u00e3o)\",\"isPartOf\":{\"@id\":\"https:\/\/exceladvisor.org\/pt\/#website\"},\"primaryImageOfPage\":{\"@id\":\"https:\/\/exceladvisor.org\/pt\/classificar-o-intervalo\/#primaryimage\"},\"image\":{\"@id\":\"https:\/\/exceladvisor.org\/pt\/classificar-o-intervalo\/#primaryimage\"},\"thumbnailUrl\":\"https:\/\/exceladvisor.org\/wp-content\/uploads\/2023\/08\/1-trier-une-plage-par-vba.png\",\"datePublished\":\"2023-10-21T10:50:35+00:00\",\"dateModified\":\"2023-12-06T11:35:16+00:00\",\"description\":\"Este tutorial mostra como classificar uma \u00fanica coluna, v\u00e1rias colunas usando VBA e como alterar a orienta\u00e7\u00e3o da classifica\u00e7\u00e3o tamb\u00e9m.\",\"breadcrumb\":{\"@id\":\"https:\/\/exceladvisor.org\/pt\/classificar-o-intervalo\/#breadcrumb\"},\"inLanguage\":\"pt-PT\",\"potentialAction\":[{\"@type\":\"ReadAction\",\"target\":[\"https:\/\/exceladvisor.org\/pt\/classificar-o-intervalo\/\"]}]},{\"@type\":\"ImageObject\",\"inLanguage\":\"pt-PT\",\"@id\":\"https:\/\/exceladvisor.org\/pt\/classificar-o-intervalo\/#primaryimage\",\"url\":\"https:\/\/exceladvisor.org\/wp-content\/uploads\/2023\/08\/1-trier-une-plage-par-vba.png\",\"contentUrl\":\"https:\/\/exceladvisor.org\/wp-content\/uploads\/2023\/08\/1-trier-une-plage-par-vba.png\"},{\"@type\":\"BreadcrumbList\",\"@id\":\"https:\/\/exceladvisor.org\/pt\/classificar-o-intervalo\/#breadcrumb\",\"itemListElement\":[{\"@type\":\"ListItem\",\"position\":1,\"name\":\"Lar\",\"item\":\"https:\/\/exceladvisor.org\/pt\/\"},{\"@type\":\"ListItem\",\"position\":2,\"name\":\"Como classificar o intervalo no vba?\"}]},{\"@type\":\"WebSite\",\"@id\":\"https:\/\/exceladvisor.org\/pt\/#website\",\"url\":\"https:\/\/exceladvisor.org\/pt\/\",\"name\":\"Excel Advisor\",\"description\":\"O seu guia definitivo para dominar os dados!\",\"publisher\":{\"@id\":\"https:\/\/exceladvisor.org\/pt\/#organization\"},\"potentialAction\":[{\"@type\":\"SearchAction\",\"target\":{\"@type\":\"EntryPoint\",\"urlTemplate\":\"https:\/\/exceladvisor.org\/pt\/?s={search_term_string}\"},\"query-input\":{\"@type\":\"PropertyValueSpecification\",\"valueRequired\":true,\"valueName\":\"search_term_string\"}}],\"inLanguage\":\"pt-PT\"},{\"@type\":\"Organization\",\"@id\":\"https:\/\/exceladvisor.org\/pt\/#organization\",\"name\":\"Excel Advisor\",\"url\":\"https:\/\/exceladvisor.org\/pt\/\",\"logo\":{\"@type\":\"ImageObject\",\"inLanguage\":\"pt-PT\",\"@id\":\"https:\/\/exceladvisor.org\/pt\/#\/schema\/logo\/image\/\",\"url\":\"https:\/\/exceladvisor.org\/pt\/wp-content\/uploads\/2023\/12\/exceladvisor.org_.png\",\"contentUrl\":\"https:\/\/exceladvisor.org\/pt\/wp-content\/uploads\/2023\/12\/exceladvisor.org_.png\",\"width\":105,\"height\":36,\"caption\":\"Excel Advisor\"},\"image\":{\"@id\":\"https:\/\/exceladvisor.org\/pt\/#\/schema\/logo\/image\/\"}}]}<\/script>\n<!-- \/ Yoast SEO plugin. -->","yoast_head_json":{"title":"\u25b7 Como classificar o intervalo no VBA? (Descendente, orienta\u00e7\u00e3o de classifica\u00e7\u00e3o)","description":"Este tutorial mostra como classificar uma \u00fanica coluna, v\u00e1rias colunas usando VBA e como alterar a orienta\u00e7\u00e3o da classifica\u00e7\u00e3o tamb\u00e9m.","robots":{"index":"index","follow":"follow","max-snippet":"max-snippet:-1","max-image-preview":"max-image-preview:large","max-video-preview":"max-video-preview:-1"},"canonical":"https:\/\/exceladvisor.org\/pt\/classificar-o-intervalo\/","og_locale":"pt_PT","og_type":"article","og_title":"\u25b7 Como classificar o intervalo no VBA? (Descendente, orienta\u00e7\u00e3o de classifica\u00e7\u00e3o)","og_description":"Este tutorial mostra como classificar uma \u00fanica coluna, v\u00e1rias colunas usando VBA e como alterar a orienta\u00e7\u00e3o da classifica\u00e7\u00e3o tamb\u00e9m.","og_url":"https:\/\/exceladvisor.org\/pt\/classificar-o-intervalo\/","og_site_name":"Excel Advisor","article_modified_time":"2023-12-06T11:35:16+00:00","og_image":[{"url":"https:\/\/exceladvisor.org\/wp-content\/uploads\/2023\/08\/1-trier-une-plage-par-vba.png","type":"","width":"","height":""}],"twitter_card":"summary_large_image","twitter_misc":{"Tempo estimado de leitura":"3 minutos"},"schema":{"@context":"https:\/\/schema.org","@graph":[{"@type":"WebPage","@id":"https:\/\/exceladvisor.org\/pt\/classificar-o-intervalo\/","url":"https:\/\/exceladvisor.org\/pt\/classificar-o-intervalo\/","name":"\u25b7 Como classificar o intervalo no VBA? (Descendente, orienta\u00e7\u00e3o de classifica\u00e7\u00e3o)","isPartOf":{"@id":"https:\/\/exceladvisor.org\/pt\/#website"},"primaryImageOfPage":{"@id":"https:\/\/exceladvisor.org\/pt\/classificar-o-intervalo\/#primaryimage"},"image":{"@id":"https:\/\/exceladvisor.org\/pt\/classificar-o-intervalo\/#primaryimage"},"thumbnailUrl":"https:\/\/exceladvisor.org\/wp-content\/uploads\/2023\/08\/1-trier-une-plage-par-vba.png","datePublished":"2023-10-21T10:50:35+00:00","dateModified":"2023-12-06T11:35:16+00:00","description":"Este tutorial mostra como classificar uma \u00fanica coluna, v\u00e1rias colunas usando VBA e como alterar a orienta\u00e7\u00e3o da classifica\u00e7\u00e3o tamb\u00e9m.","breadcrumb":{"@id":"https:\/\/exceladvisor.org\/pt\/classificar-o-intervalo\/#breadcrumb"},"inLanguage":"pt-PT","potentialAction":[{"@type":"ReadAction","target":["https:\/\/exceladvisor.org\/pt\/classificar-o-intervalo\/"]}]},{"@type":"ImageObject","inLanguage":"pt-PT","@id":"https:\/\/exceladvisor.org\/pt\/classificar-o-intervalo\/#primaryimage","url":"https:\/\/exceladvisor.org\/wp-content\/uploads\/2023\/08\/1-trier-une-plage-par-vba.png","contentUrl":"https:\/\/exceladvisor.org\/wp-content\/uploads\/2023\/08\/1-trier-une-plage-par-vba.png"},{"@type":"BreadcrumbList","@id":"https:\/\/exceladvisor.org\/pt\/classificar-o-intervalo\/#breadcrumb","itemListElement":[{"@type":"ListItem","position":1,"name":"Lar","item":"https:\/\/exceladvisor.org\/pt\/"},{"@type":"ListItem","position":2,"name":"Como classificar o intervalo no vba?"}]},{"@type":"WebSite","@id":"https:\/\/exceladvisor.org\/pt\/#website","url":"https:\/\/exceladvisor.org\/pt\/","name":"Excel Advisor","description":"O seu guia definitivo para dominar os dados!","publisher":{"@id":"https:\/\/exceladvisor.org\/pt\/#organization"},"potentialAction":[{"@type":"SearchAction","target":{"@type":"EntryPoint","urlTemplate":"https:\/\/exceladvisor.org\/pt\/?s={search_term_string}"},"query-input":{"@type":"PropertyValueSpecification","valueRequired":true,"valueName":"search_term_string"}}],"inLanguage":"pt-PT"},{"@type":"Organization","@id":"https:\/\/exceladvisor.org\/pt\/#organization","name":"Excel Advisor","url":"https:\/\/exceladvisor.org\/pt\/","logo":{"@type":"ImageObject","inLanguage":"pt-PT","@id":"https:\/\/exceladvisor.org\/pt\/#\/schema\/logo\/image\/","url":"https:\/\/exceladvisor.org\/pt\/wp-content\/uploads\/2023\/12\/exceladvisor.org_.png","contentUrl":"https:\/\/exceladvisor.org\/pt\/wp-content\/uploads\/2023\/12\/exceladvisor.org_.png","width":105,"height":36,"caption":"Excel Advisor"},"image":{"@id":"https:\/\/exceladvisor.org\/pt\/#\/schema\/logo\/image\/"}}]}},"yoast_meta":{"yoast_wpseo_title":"","yoast_wpseo_metadesc":"","yoast_wpseo_canonical":""},"_links":{"self":[{"href":"https:\/\/exceladvisor.org\/pt\/wp-json\/wp\/v2\/pages\/591","targetHints":{"allow":["GET"]}}],"collection":[{"href":"https:\/\/exceladvisor.org\/pt\/wp-json\/wp\/v2\/pages"}],"about":[{"href":"https:\/\/exceladvisor.org\/pt\/wp-json\/wp\/v2\/types\/page"}],"author":[{"embeddable":true,"href":"https:\/\/exceladvisor.org\/pt\/wp-json\/wp\/v2\/users\/1"}],"replies":[{"embeddable":true,"href":"https:\/\/exceladvisor.org\/pt\/wp-json\/wp\/v2\/comments?post=591"}],"version-history":[{"count":1,"href":"https:\/\/exceladvisor.org\/pt\/wp-json\/wp\/v2\/pages\/591\/revisions"}],"predecessor-version":[{"id":892,"href":"https:\/\/exceladvisor.org\/pt\/wp-json\/wp\/v2\/pages\/591\/revisions\/892"}],"wp:attachment":[{"href":"https:\/\/exceladvisor.org\/pt\/wp-json\/wp\/v2\/media?parent=591"}],"curies":[{"name":"wp","href":"https:\/\/api.w.org\/{rel}","templated":true}]}}