{"id":593,"date":"2023-10-21T10:16:02","date_gmt":"2023-10-21T10:16:02","guid":{"rendered":"https:\/\/exceladvisor.org\/pt\/mesclar-celulas-dissociadas-1\/"},"modified":"2023-12-06T11:38:25","modified_gmt":"2023-12-06T11:38:25","slug":"mesclar-celulas-dissociadas-1","status":"publish","type":"page","link":"https:\/\/exceladvisor.org\/pt\/mesclar-celulas-dissociadas-1\/","title":{"rendered":"Como mesclar e desjuntar c\u00e9lulas no excel?"},"content":{"rendered":"<div class=\"excel-before-content-2\" id=\"excel-2314192838\"><script type=\"text\/javascript\">\r\n\tatOptions = {\r\n\t\t'key' : 'c1158f160081d6540a8409e6925dab94',\r\n\t\t'format' : 'iframe',\r\n\t\t'height' : 250,\r\n\t\t'width' : 300,\r\n\t\t'params' : {}\r\n\t};\r\n<\/script>\r\n<script type=\"text\/javascript\" src=\"\/\/www.highperformanceformat.com\/c1158f160081d6540a8409e6925dab94\/invoke.js\"><\/script><\/div><div class=\"excel-before-content\" id=\"excel-2525932600\"><script type=\"text\/javascript\">\r\n\tatOptions = {\r\n\t\t'key' : 'c1158f160081d6540a8409e6925dab94',\r\n\t\t'format' : 'iframe',\r\n\t\t'height' : 250,\r\n\t\t'width' : 300,\r\n\t\t'params' : {}\r\n\t};\r\n<\/script>\r\n<script type=\"text\/javascript\" src=\"\/\/www.highperformanceformat.com\/c1158f160081d6540a8409e6925dab94\/invoke.js\"><\/script><\/div> <p>Para mesclar v\u00e1rias c\u00e9lulas em uma \u00fanica c\u00e9lula, voc\u00ea pode usar as teclas de atalho <kbd>Alt \u279c H \u279c M \u279c A<\/kbd> . Quando voc\u00ea pressiona esta tecla de atalho, mescla todas as c\u00e9lulas, mas assume apenas o valor superior esquerdo (o valor que voc\u00ea tem na primeira c\u00e9lula). Ele mostra uma mensagem que diz: \u201cmesclar c\u00e9lulas apenas mant\u00e9m o valor superior esquerdo e remove outros valores\u201d. <\/p><div class=\"wp-block-image\"><figure class=\"aligncenter size-full is-resized\"><img loading=\"lazy\" decoding=\"async\" class=\"wp-image-62309\" src=\"https:\/\/exceladvisor.org\/wp-content\/uploads\/2023\/08\/1-fusion-de-cellules.png\" sizes=\"auto, \" srcset=\"\" alt=\"fus\u00e3o celular\" width=\"448\" height=\"340\"><\/figure><\/div><p> E quando voc\u00ea clica em OK, ele mescla todas as c\u00e9lulas <\/p><div class=\"wp-block-image\"><figure class=\"aligncenter size-full is-resized\"><img loading=\"lazy\" decoding=\"async\" class=\"wp-image-62317\" src=\"https:\/\/exceladvisor.org\/wp-content\/uploads\/2023\/08\/2-cellules-fusionnees.png\" sizes=\"auto, \" srcset=\"\" alt=\"c\u00e9lulas mescladas\" width=\"462\" height=\"256\"><\/figure><\/div><p> <kbd>Alt \u279c H \u279c M \u279c A<\/kbd> <\/p><div class=\"wp-block-image\"><figure class=\"aligncenter size-full is-resized\"><img loading=\"lazy\" decoding=\"async\" class=\"wp-image-62321\" src=\"https:\/\/exceladvisor.org\/wp-content\/uploads\/2023\/08\/Raccourci-de-fusion-de-3-cellules.png\" sizes=\"auto, \" srcset=\"\" alt=\"atalho de mesclagem de c\u00e9lulas\" width=\"843\" height=\"194\"><\/figure><\/div><p> Se quiser desagrupar c\u00e9lulas, voc\u00ea precisa usar as mesmas teclas de atalho para isso. E aqui est\u00e3o algumas outras teclas de atalho importantes relacionadas \u00e0 fus\u00e3o de c\u00e9lulas.<\/p><ul><li> <kbd>Alt \u279c H \u279c M \u279c A<\/kbd> : Para mesclar c\u00e9lulas selecionadas em linhas.<\/li><li> <kbd>Alt \u279c H \u279c M \u279c C<\/kbd> : Para mesclar c\u00e9lulas e centralizar o valor. <\/li><\/ul><div class=\"wp-block-group more-tutorials is-layout-flow\"><div class=\"wp-block-group__inner-container\"><h2 class=\"wp-block-heading\"> Mais tutoriais <\/h2><div class=\"wp-block-columns is-layout-flex wp-container-45\"><div class=\"wp-block-column is-layout-flow\"><ul><li> <a href=\"https:\/\/exceladvisor.org\/pt\/adicione-a-coluna-1\/\">Adicionar uma coluna<\/a><\/li><li> <a href=\"https:\/\/exceladvisor.org\/pt\/excluir-celula\/\">Excluir c\u00e9lula<\/a><\/li><li> <a href=\"https:\/\/exceladvisor.org\/pt\/excluir-linha\/\">Excluir linhas<\/a><\/li><li> <a href=\"https:\/\/exceladvisor.org\/pt\/editar-celula\/\">Editar c\u00e9lula<\/a><\/li><\/ul><\/div><\/div><\/div><\/div>","protected":false},"excerpt":{"rendered":"","protected":false},"author":1,"featured_media":0,"parent":0,"menu_order":0,"comment_status":"open","ping_status":"closed","template":"","meta":{"ub_ctt_via":"","footnotes":""},"class_list":["post-593","page","type-page","status-publish","hentry"],"featured_image_src":null,"yoast_head":"<!-- This site is optimized with the Yoast SEO plugin v25.4 - https:\/\/yoast.com\/wordpress\/plugins\/seo\/ -->\n<title>\u25b7 Como mesclar e separar c\u00e9lulas no Excel?<\/title>\n<meta name=\"description\" content=\"Aprenda como mesclar\/desunir c\u00e9lulas no Excel. Tecla de atalho para mesclar e desagrupar no Excel.\" \/>\n<meta name=\"robots\" content=\"index, follow, max-snippet:-1, max-image-preview:large, max-video-preview:-1\" \/>\n<link rel=\"canonical\" href=\"https:\/\/exceladvisor.org\/pt\/mesclar-celulas-dissociadas-1\/\" \/>\n<meta property=\"og:locale\" content=\"pt_PT\" \/>\n<meta property=\"og:type\" content=\"article\" \/>\n<meta property=\"og:title\" content=\"\u25b7 Como mesclar e separar c\u00e9lulas no Excel?\" \/>\n<meta property=\"og:description\" content=\"Aprenda como mesclar\/desunir c\u00e9lulas no Excel. Tecla de atalho para mesclar e desagrupar no Excel.\" \/>\n<meta property=\"og:url\" content=\"https:\/\/exceladvisor.org\/pt\/mesclar-celulas-dissociadas-1\/\" \/>\n<meta property=\"og:site_name\" content=\"Excel Advisor\" \/>\n<meta property=\"article:modified_time\" content=\"2023-12-06T11:38:25+00:00\" \/>\n<meta property=\"og:image\" content=\"https:\/\/exceladvisor.org\/wp-content\/uploads\/2023\/08\/1-fusion-de-cellules.png\" \/>\n<meta name=\"twitter:card\" content=\"summary_large_image\" \/>\n<meta name=\"twitter:label1\" content=\"Tempo estimado de leitura\" \/>\n\t<meta name=\"twitter:data1\" content=\"1 minuto\" \/>\n<script type=\"application\/ld+json\" class=\"yoast-schema-graph\">{\"@context\":\"https:\/\/schema.org\",\"@graph\":[{\"@type\":\"WebPage\",\"@id\":\"https:\/\/exceladvisor.org\/pt\/mesclar-celulas-dissociadas-1\/\",\"url\":\"https:\/\/exceladvisor.org\/pt\/mesclar-celulas-dissociadas-1\/\",\"name\":\"\u25b7 Como mesclar e separar c\u00e9lulas no Excel?\",\"isPartOf\":{\"@id\":\"https:\/\/exceladvisor.org\/pt\/#website\"},\"primaryImageOfPage\":{\"@id\":\"https:\/\/exceladvisor.org\/pt\/mesclar-celulas-dissociadas-1\/#primaryimage\"},\"image\":{\"@id\":\"https:\/\/exceladvisor.org\/pt\/mesclar-celulas-dissociadas-1\/#primaryimage\"},\"thumbnailUrl\":\"https:\/\/exceladvisor.org\/wp-content\/uploads\/2023\/08\/1-fusion-de-cellules.png\",\"datePublished\":\"2023-10-21T10:16:02+00:00\",\"dateModified\":\"2023-12-06T11:38:25+00:00\",\"description\":\"Aprenda como mesclar\/desunir c\u00e9lulas no Excel. Tecla de atalho para mesclar e desagrupar no Excel.\",\"breadcrumb\":{\"@id\":\"https:\/\/exceladvisor.org\/pt\/mesclar-celulas-dissociadas-1\/#breadcrumb\"},\"inLanguage\":\"pt-PT\",\"potentialAction\":[{\"@type\":\"ReadAction\",\"target\":[\"https:\/\/exceladvisor.org\/pt\/mesclar-celulas-dissociadas-1\/\"]}]},{\"@type\":\"ImageObject\",\"inLanguage\":\"pt-PT\",\"@id\":\"https:\/\/exceladvisor.org\/pt\/mesclar-celulas-dissociadas-1\/#primaryimage\",\"url\":\"https:\/\/exceladvisor.org\/wp-content\/uploads\/2023\/08\/1-fusion-de-cellules.png\",\"contentUrl\":\"https:\/\/exceladvisor.org\/wp-content\/uploads\/2023\/08\/1-fusion-de-cellules.png\"},{\"@type\":\"BreadcrumbList\",\"@id\":\"https:\/\/exceladvisor.org\/pt\/mesclar-celulas-dissociadas-1\/#breadcrumb\",\"itemListElement\":[{\"@type\":\"ListItem\",\"position\":1,\"name\":\"Lar\",\"item\":\"https:\/\/exceladvisor.org\/pt\/\"},{\"@type\":\"ListItem\",\"position\":2,\"name\":\"Como mesclar e desjuntar c\u00e9lulas no excel?\"}]},{\"@type\":\"WebSite\",\"@id\":\"https:\/\/exceladvisor.org\/pt\/#website\",\"url\":\"https:\/\/exceladvisor.org\/pt\/\",\"name\":\"Excel Advisor\",\"description\":\"O seu guia definitivo para dominar os dados!\",\"publisher\":{\"@id\":\"https:\/\/exceladvisor.org\/pt\/#organization\"},\"potentialAction\":[{\"@type\":\"SearchAction\",\"target\":{\"@type\":\"EntryPoint\",\"urlTemplate\":\"https:\/\/exceladvisor.org\/pt\/?s={search_term_string}\"},\"query-input\":{\"@type\":\"PropertyValueSpecification\",\"valueRequired\":true,\"valueName\":\"search_term_string\"}}],\"inLanguage\":\"pt-PT\"},{\"@type\":\"Organization\",\"@id\":\"https:\/\/exceladvisor.org\/pt\/#organization\",\"name\":\"Excel Advisor\",\"url\":\"https:\/\/exceladvisor.org\/pt\/\",\"logo\":{\"@type\":\"ImageObject\",\"inLanguage\":\"pt-PT\",\"@id\":\"https:\/\/exceladvisor.org\/pt\/#\/schema\/logo\/image\/\",\"url\":\"https:\/\/exceladvisor.org\/pt\/wp-content\/uploads\/2023\/12\/exceladvisor.org_.png\",\"contentUrl\":\"https:\/\/exceladvisor.org\/pt\/wp-content\/uploads\/2023\/12\/exceladvisor.org_.png\",\"width\":105,\"height\":36,\"caption\":\"Excel Advisor\"},\"image\":{\"@id\":\"https:\/\/exceladvisor.org\/pt\/#\/schema\/logo\/image\/\"}}]}<\/script>\n<!-- \/ Yoast SEO plugin. -->","yoast_head_json":{"title":"\u25b7 Como mesclar e separar c\u00e9lulas no Excel?","description":"Aprenda como mesclar\/desunir c\u00e9lulas no Excel. Tecla de atalho para mesclar e desagrupar no Excel.","robots":{"index":"index","follow":"follow","max-snippet":"max-snippet:-1","max-image-preview":"max-image-preview:large","max-video-preview":"max-video-preview:-1"},"canonical":"https:\/\/exceladvisor.org\/pt\/mesclar-celulas-dissociadas-1\/","og_locale":"pt_PT","og_type":"article","og_title":"\u25b7 Como mesclar e separar c\u00e9lulas no Excel?","og_description":"Aprenda como mesclar\/desunir c\u00e9lulas no Excel. Tecla de atalho para mesclar e desagrupar no Excel.","og_url":"https:\/\/exceladvisor.org\/pt\/mesclar-celulas-dissociadas-1\/","og_site_name":"Excel Advisor","article_modified_time":"2023-12-06T11:38:25+00:00","og_image":[{"url":"https:\/\/exceladvisor.org\/wp-content\/uploads\/2023\/08\/1-fusion-de-cellules.png","type":"","width":"","height":""}],"twitter_card":"summary_large_image","twitter_misc":{"Tempo estimado de leitura":"1 minuto"},"schema":{"@context":"https:\/\/schema.org","@graph":[{"@type":"WebPage","@id":"https:\/\/exceladvisor.org\/pt\/mesclar-celulas-dissociadas-1\/","url":"https:\/\/exceladvisor.org\/pt\/mesclar-celulas-dissociadas-1\/","name":"\u25b7 Como mesclar e separar c\u00e9lulas no Excel?","isPartOf":{"@id":"https:\/\/exceladvisor.org\/pt\/#website"},"primaryImageOfPage":{"@id":"https:\/\/exceladvisor.org\/pt\/mesclar-celulas-dissociadas-1\/#primaryimage"},"image":{"@id":"https:\/\/exceladvisor.org\/pt\/mesclar-celulas-dissociadas-1\/#primaryimage"},"thumbnailUrl":"https:\/\/exceladvisor.org\/wp-content\/uploads\/2023\/08\/1-fusion-de-cellules.png","datePublished":"2023-10-21T10:16:02+00:00","dateModified":"2023-12-06T11:38:25+00:00","description":"Aprenda como mesclar\/desunir c\u00e9lulas no Excel. Tecla de atalho para mesclar e desagrupar no Excel.","breadcrumb":{"@id":"https:\/\/exceladvisor.org\/pt\/mesclar-celulas-dissociadas-1\/#breadcrumb"},"inLanguage":"pt-PT","potentialAction":[{"@type":"ReadAction","target":["https:\/\/exceladvisor.org\/pt\/mesclar-celulas-dissociadas-1\/"]}]},{"@type":"ImageObject","inLanguage":"pt-PT","@id":"https:\/\/exceladvisor.org\/pt\/mesclar-celulas-dissociadas-1\/#primaryimage","url":"https:\/\/exceladvisor.org\/wp-content\/uploads\/2023\/08\/1-fusion-de-cellules.png","contentUrl":"https:\/\/exceladvisor.org\/wp-content\/uploads\/2023\/08\/1-fusion-de-cellules.png"},{"@type":"BreadcrumbList","@id":"https:\/\/exceladvisor.org\/pt\/mesclar-celulas-dissociadas-1\/#breadcrumb","itemListElement":[{"@type":"ListItem","position":1,"name":"Lar","item":"https:\/\/exceladvisor.org\/pt\/"},{"@type":"ListItem","position":2,"name":"Como mesclar e desjuntar c\u00e9lulas no excel?"}]},{"@type":"WebSite","@id":"https:\/\/exceladvisor.org\/pt\/#website","url":"https:\/\/exceladvisor.org\/pt\/","name":"Excel Advisor","description":"O seu guia definitivo para dominar os dados!","publisher":{"@id":"https:\/\/exceladvisor.org\/pt\/#organization"},"potentialAction":[{"@type":"SearchAction","target":{"@type":"EntryPoint","urlTemplate":"https:\/\/exceladvisor.org\/pt\/?s={search_term_string}"},"query-input":{"@type":"PropertyValueSpecification","valueRequired":true,"valueName":"search_term_string"}}],"inLanguage":"pt-PT"},{"@type":"Organization","@id":"https:\/\/exceladvisor.org\/pt\/#organization","name":"Excel Advisor","url":"https:\/\/exceladvisor.org\/pt\/","logo":{"@type":"ImageObject","inLanguage":"pt-PT","@id":"https:\/\/exceladvisor.org\/pt\/#\/schema\/logo\/image\/","url":"https:\/\/exceladvisor.org\/pt\/wp-content\/uploads\/2023\/12\/exceladvisor.org_.png","contentUrl":"https:\/\/exceladvisor.org\/pt\/wp-content\/uploads\/2023\/12\/exceladvisor.org_.png","width":105,"height":36,"caption":"Excel Advisor"},"image":{"@id":"https:\/\/exceladvisor.org\/pt\/#\/schema\/logo\/image\/"}}]}},"yoast_meta":{"yoast_wpseo_title":"","yoast_wpseo_metadesc":"","yoast_wpseo_canonical":""},"_links":{"self":[{"href":"https:\/\/exceladvisor.org\/pt\/wp-json\/wp\/v2\/pages\/593","targetHints":{"allow":["GET"]}}],"collection":[{"href":"https:\/\/exceladvisor.org\/pt\/wp-json\/wp\/v2\/pages"}],"about":[{"href":"https:\/\/exceladvisor.org\/pt\/wp-json\/wp\/v2\/types\/page"}],"author":[{"embeddable":true,"href":"https:\/\/exceladvisor.org\/pt\/wp-json\/wp\/v2\/users\/1"}],"replies":[{"embeddable":true,"href":"https:\/\/exceladvisor.org\/pt\/wp-json\/wp\/v2\/comments?post=593"}],"version-history":[{"count":1,"href":"https:\/\/exceladvisor.org\/pt\/wp-json\/wp\/v2\/pages\/593\/revisions"}],"predecessor-version":[{"id":1122,"href":"https:\/\/exceladvisor.org\/pt\/wp-json\/wp\/v2\/pages\/593\/revisions\/1122"}],"wp:attachment":[{"href":"https:\/\/exceladvisor.org\/pt\/wp-json\/wp\/v2\/media?parent=593"}],"curies":[{"name":"wp","href":"https:\/\/api.w.org\/{rel}","templated":true}]}}