{"id":594,"date":"2023-10-21T10:03:24","date_gmt":"2023-10-21T10:03:24","guid":{"rendered":"https:\/\/exceladvisor.org\/pt\/encontrar-substituir-1\/"},"modified":"2023-12-06T11:38:22","modified_gmt":"2023-12-06T11:38:22","slug":"encontrar-substituir-1","status":"publish","type":"page","link":"https:\/\/exceladvisor.org\/pt\/encontrar-substituir-1\/","title":{"rendered":"Como localizar e substituir no excel? (atalho do excel)"},"content":{"rendered":"<div class=\"excel-before-content-2\" id=\"excel-768080146\"><script type=\"text\/javascript\">\r\n\tatOptions = {\r\n\t\t'key' : 'c1158f160081d6540a8409e6925dab94',\r\n\t\t'format' : 'iframe',\r\n\t\t'height' : 250,\r\n\t\t'width' : 300,\r\n\t\t'params' : {}\r\n\t};\r\n<\/script>\r\n<script type=\"text\/javascript\" src=\"\/\/www.highperformanceformat.com\/c1158f160081d6540a8409e6925dab94\/invoke.js\"><\/script><\/div><div class=\"excel-before-content\" id=\"excel-457235957\"><script type=\"text\/javascript\">\r\n\tatOptions = {\r\n\t\t'key' : 'c1158f160081d6540a8409e6925dab94',\r\n\t\t'format' : 'iframe',\r\n\t\t'height' : 250,\r\n\t\t'width' : 300,\r\n\t\t'params' : {}\r\n\t};\r\n<\/script>\r\n<script type=\"text\/javascript\" src=\"\/\/www.highperformanceformat.com\/c1158f160081d6540a8409e6925dab94\/invoke.js\"><\/script><\/div> <p>Para abrir a op\u00e7\u00e3o Localizar e Substituir, voc\u00ea pode usar a tecla de atalho do teclado <kbd>Ctrl<\/kbd> + <kbd>H.<\/kbd> Ela mostra a caixa de di\u00e1logo para inserir o valor a localizar e o valor a substituir e como existem v\u00e1rios bot\u00f5es para op\u00e7\u00f5es, voc\u00ea pode usar Tab para navegue at\u00e9 todos esses bot\u00f5es. <\/p><div class=\"wp-block-image\"><figure class=\"aligncenter size-full is-resized\"><img loading=\"lazy\" decoding=\"async\" class=\"wp-image-62312\" src=\"https:\/\/exceladvisor.org\/wp-content\/uploads\/2023\/08\/1-rechercher-et-remplacer.png\" sizes=\"auto, \" srcset=\"\" alt=\"encontrar e substituir\" width=\"629\" height=\"267\"><\/figure><\/div><p> <kbd>Ctrl<\/kbd> + <kbd>H<\/kbd> <\/p><div class=\"wp-block-image\"><figure class=\"aligncenter size-full is-resized\"><img loading=\"lazy\" decoding=\"async\" class=\"wp-image-62316\" src=\"https:\/\/exceladvisor.org\/wp-content\/uploads\/2023\/08\/2-rechercher-et-remplacer-le-raccourci.png\" sizes=\"auto, \" srcset=\"\" alt=\"encontrar e substituir atalho\" width=\"825\" height=\"190\"><\/figure><\/div><p> E se voc\u00ea deseja apenas abrir a caixa de di\u00e1logo localizar, voc\u00ea pode usar a tecla de atalho Ctrl + F. Ambas as guias ( <a href=\"https:\/\/exceladvisor.org\/pt\/encontrar-substituir\/\">Localizar e Substituir<\/a> ) s\u00e3o unidas e voc\u00ea pode alternar entre elas usando a tecla Ctrl + tecla de fun\u00e7\u00e3o + navega\u00e7\u00e3o para cima e para baixo bot\u00f5es. <\/p><div class=\"wp-block-group more-tutorials is-layout-flow\"><div class=\"wp-block-group__inner-container\"><h2 class=\"wp-block-heading\"> Mais tutoriais <\/h2><div class=\"wp-block-columns is-layout-flex wp-container-41\"><div class=\"wp-block-column is-layout-flow\"><ul><li> <a href=\"https:\/\/exceladvisor.org\/pt\/adicionar-uma-nova-planilha\/\">Adicionar uma nova planilha<\/a><\/li><li> <a href=\"https:\/\/exceladvisor.org\/pt\/excluir-uma-planilha\/\">Excluir planilha<\/a><\/li><li> <a href=\"https:\/\/exceladvisor.org\/pt\/aumentar-zoom-diminuir-zoom\/\">Aumentar Zoom diminuir zoom<\/a><\/li><\/ul><\/div><\/div><\/div><\/div>","protected":false},"excerpt":{"rendered":"","protected":false},"author":1,"featured_media":0,"parent":0,"menu_order":0,"comment_status":"open","ping_status":"closed","template":"","meta":{"ub_ctt_via":"","footnotes":""},"class_list":["post-594","page","type-page","status-publish","hentry"],"featured_image_src":null,"yoast_head":"<!-- This site is optimized with the Yoast SEO plugin v25.4 - https:\/\/yoast.com\/wordpress\/plugins\/seo\/ -->\n<title>Como localizar e substituir no Excel? (atalho do Excel)<\/title>\n<meta name=\"description\" content=\"Aprenda como localizar e substituir no Excel. Tecla de atalho para localizar e substituir no Excel.\" \/>\n<meta name=\"robots\" content=\"index, follow, max-snippet:-1, max-image-preview:large, max-video-preview:-1\" \/>\n<link rel=\"canonical\" href=\"https:\/\/exceladvisor.org\/pt\/encontrar-substituir-1\/\" \/>\n<meta property=\"og:locale\" content=\"pt_PT\" \/>\n<meta property=\"og:type\" content=\"article\" \/>\n<meta property=\"og:title\" content=\"Como localizar e substituir no Excel? (atalho do Excel)\" \/>\n<meta property=\"og:description\" content=\"Aprenda como localizar e substituir no Excel. Tecla de atalho para localizar e substituir no Excel.\" \/>\n<meta property=\"og:url\" content=\"https:\/\/exceladvisor.org\/pt\/encontrar-substituir-1\/\" \/>\n<meta property=\"og:site_name\" content=\"Excel Advisor\" \/>\n<meta property=\"article:modified_time\" content=\"2023-12-06T11:38:22+00:00\" \/>\n<meta property=\"og:image\" content=\"https:\/\/exceladvisor.org\/wp-content\/uploads\/2023\/08\/1-rechercher-et-remplacer.png\" \/>\n<meta name=\"twitter:card\" content=\"summary_large_image\" \/>\n<meta name=\"twitter:label1\" content=\"Tempo estimado de leitura\" \/>\n\t<meta name=\"twitter:data1\" content=\"1 minuto\" \/>\n<script type=\"application\/ld+json\" class=\"yoast-schema-graph\">{\"@context\":\"https:\/\/schema.org\",\"@graph\":[{\"@type\":\"WebPage\",\"@id\":\"https:\/\/exceladvisor.org\/pt\/encontrar-substituir-1\/\",\"url\":\"https:\/\/exceladvisor.org\/pt\/encontrar-substituir-1\/\",\"name\":\"Como localizar e substituir no Excel? (atalho do Excel)\",\"isPartOf\":{\"@id\":\"https:\/\/exceladvisor.org\/pt\/#website\"},\"primaryImageOfPage\":{\"@id\":\"https:\/\/exceladvisor.org\/pt\/encontrar-substituir-1\/#primaryimage\"},\"image\":{\"@id\":\"https:\/\/exceladvisor.org\/pt\/encontrar-substituir-1\/#primaryimage\"},\"thumbnailUrl\":\"https:\/\/exceladvisor.org\/wp-content\/uploads\/2023\/08\/1-rechercher-et-remplacer.png\",\"datePublished\":\"2023-10-21T10:03:24+00:00\",\"dateModified\":\"2023-12-06T11:38:22+00:00\",\"description\":\"Aprenda como localizar e substituir no Excel. Tecla de atalho para localizar e substituir no Excel.\",\"breadcrumb\":{\"@id\":\"https:\/\/exceladvisor.org\/pt\/encontrar-substituir-1\/#breadcrumb\"},\"inLanguage\":\"pt-PT\",\"potentialAction\":[{\"@type\":\"ReadAction\",\"target\":[\"https:\/\/exceladvisor.org\/pt\/encontrar-substituir-1\/\"]}]},{\"@type\":\"ImageObject\",\"inLanguage\":\"pt-PT\",\"@id\":\"https:\/\/exceladvisor.org\/pt\/encontrar-substituir-1\/#primaryimage\",\"url\":\"https:\/\/exceladvisor.org\/wp-content\/uploads\/2023\/08\/1-rechercher-et-remplacer.png\",\"contentUrl\":\"https:\/\/exceladvisor.org\/wp-content\/uploads\/2023\/08\/1-rechercher-et-remplacer.png\"},{\"@type\":\"BreadcrumbList\",\"@id\":\"https:\/\/exceladvisor.org\/pt\/encontrar-substituir-1\/#breadcrumb\",\"itemListElement\":[{\"@type\":\"ListItem\",\"position\":1,\"name\":\"Lar\",\"item\":\"https:\/\/exceladvisor.org\/pt\/\"},{\"@type\":\"ListItem\",\"position\":2,\"name\":\"Como localizar e substituir no excel? (atalho do excel)\"}]},{\"@type\":\"WebSite\",\"@id\":\"https:\/\/exceladvisor.org\/pt\/#website\",\"url\":\"https:\/\/exceladvisor.org\/pt\/\",\"name\":\"Excel Advisor\",\"description\":\"O seu guia definitivo para dominar os dados!\",\"publisher\":{\"@id\":\"https:\/\/exceladvisor.org\/pt\/#organization\"},\"potentialAction\":[{\"@type\":\"SearchAction\",\"target\":{\"@type\":\"EntryPoint\",\"urlTemplate\":\"https:\/\/exceladvisor.org\/pt\/?s={search_term_string}\"},\"query-input\":{\"@type\":\"PropertyValueSpecification\",\"valueRequired\":true,\"valueName\":\"search_term_string\"}}],\"inLanguage\":\"pt-PT\"},{\"@type\":\"Organization\",\"@id\":\"https:\/\/exceladvisor.org\/pt\/#organization\",\"name\":\"Excel Advisor\",\"url\":\"https:\/\/exceladvisor.org\/pt\/\",\"logo\":{\"@type\":\"ImageObject\",\"inLanguage\":\"pt-PT\",\"@id\":\"https:\/\/exceladvisor.org\/pt\/#\/schema\/logo\/image\/\",\"url\":\"https:\/\/exceladvisor.org\/pt\/wp-content\/uploads\/2023\/12\/exceladvisor.org_.png\",\"contentUrl\":\"https:\/\/exceladvisor.org\/pt\/wp-content\/uploads\/2023\/12\/exceladvisor.org_.png\",\"width\":105,\"height\":36,\"caption\":\"Excel Advisor\"},\"image\":{\"@id\":\"https:\/\/exceladvisor.org\/pt\/#\/schema\/logo\/image\/\"}}]}<\/script>\n<!-- \/ Yoast SEO plugin. -->","yoast_head_json":{"title":"Como localizar e substituir no Excel? (atalho do Excel)","description":"Aprenda como localizar e substituir no Excel. Tecla de atalho para localizar e substituir no Excel.","robots":{"index":"index","follow":"follow","max-snippet":"max-snippet:-1","max-image-preview":"max-image-preview:large","max-video-preview":"max-video-preview:-1"},"canonical":"https:\/\/exceladvisor.org\/pt\/encontrar-substituir-1\/","og_locale":"pt_PT","og_type":"article","og_title":"Como localizar e substituir no Excel? (atalho do Excel)","og_description":"Aprenda como localizar e substituir no Excel. Tecla de atalho para localizar e substituir no Excel.","og_url":"https:\/\/exceladvisor.org\/pt\/encontrar-substituir-1\/","og_site_name":"Excel Advisor","article_modified_time":"2023-12-06T11:38:22+00:00","og_image":[{"url":"https:\/\/exceladvisor.org\/wp-content\/uploads\/2023\/08\/1-rechercher-et-remplacer.png","type":"","width":"","height":""}],"twitter_card":"summary_large_image","twitter_misc":{"Tempo estimado de leitura":"1 minuto"},"schema":{"@context":"https:\/\/schema.org","@graph":[{"@type":"WebPage","@id":"https:\/\/exceladvisor.org\/pt\/encontrar-substituir-1\/","url":"https:\/\/exceladvisor.org\/pt\/encontrar-substituir-1\/","name":"Como localizar e substituir no Excel? (atalho do Excel)","isPartOf":{"@id":"https:\/\/exceladvisor.org\/pt\/#website"},"primaryImageOfPage":{"@id":"https:\/\/exceladvisor.org\/pt\/encontrar-substituir-1\/#primaryimage"},"image":{"@id":"https:\/\/exceladvisor.org\/pt\/encontrar-substituir-1\/#primaryimage"},"thumbnailUrl":"https:\/\/exceladvisor.org\/wp-content\/uploads\/2023\/08\/1-rechercher-et-remplacer.png","datePublished":"2023-10-21T10:03:24+00:00","dateModified":"2023-12-06T11:38:22+00:00","description":"Aprenda como localizar e substituir no Excel. Tecla de atalho para localizar e substituir no Excel.","breadcrumb":{"@id":"https:\/\/exceladvisor.org\/pt\/encontrar-substituir-1\/#breadcrumb"},"inLanguage":"pt-PT","potentialAction":[{"@type":"ReadAction","target":["https:\/\/exceladvisor.org\/pt\/encontrar-substituir-1\/"]}]},{"@type":"ImageObject","inLanguage":"pt-PT","@id":"https:\/\/exceladvisor.org\/pt\/encontrar-substituir-1\/#primaryimage","url":"https:\/\/exceladvisor.org\/wp-content\/uploads\/2023\/08\/1-rechercher-et-remplacer.png","contentUrl":"https:\/\/exceladvisor.org\/wp-content\/uploads\/2023\/08\/1-rechercher-et-remplacer.png"},{"@type":"BreadcrumbList","@id":"https:\/\/exceladvisor.org\/pt\/encontrar-substituir-1\/#breadcrumb","itemListElement":[{"@type":"ListItem","position":1,"name":"Lar","item":"https:\/\/exceladvisor.org\/pt\/"},{"@type":"ListItem","position":2,"name":"Como localizar e substituir no excel? (atalho do excel)"}]},{"@type":"WebSite","@id":"https:\/\/exceladvisor.org\/pt\/#website","url":"https:\/\/exceladvisor.org\/pt\/","name":"Excel Advisor","description":"O seu guia definitivo para dominar os dados!","publisher":{"@id":"https:\/\/exceladvisor.org\/pt\/#organization"},"potentialAction":[{"@type":"SearchAction","target":{"@type":"EntryPoint","urlTemplate":"https:\/\/exceladvisor.org\/pt\/?s={search_term_string}"},"query-input":{"@type":"PropertyValueSpecification","valueRequired":true,"valueName":"search_term_string"}}],"inLanguage":"pt-PT"},{"@type":"Organization","@id":"https:\/\/exceladvisor.org\/pt\/#organization","name":"Excel Advisor","url":"https:\/\/exceladvisor.org\/pt\/","logo":{"@type":"ImageObject","inLanguage":"pt-PT","@id":"https:\/\/exceladvisor.org\/pt\/#\/schema\/logo\/image\/","url":"https:\/\/exceladvisor.org\/pt\/wp-content\/uploads\/2023\/12\/exceladvisor.org_.png","contentUrl":"https:\/\/exceladvisor.org\/pt\/wp-content\/uploads\/2023\/12\/exceladvisor.org_.png","width":105,"height":36,"caption":"Excel Advisor"},"image":{"@id":"https:\/\/exceladvisor.org\/pt\/#\/schema\/logo\/image\/"}}]}},"yoast_meta":{"yoast_wpseo_title":"","yoast_wpseo_metadesc":"","yoast_wpseo_canonical":""},"_links":{"self":[{"href":"https:\/\/exceladvisor.org\/pt\/wp-json\/wp\/v2\/pages\/594","targetHints":{"allow":["GET"]}}],"collection":[{"href":"https:\/\/exceladvisor.org\/pt\/wp-json\/wp\/v2\/pages"}],"about":[{"href":"https:\/\/exceladvisor.org\/pt\/wp-json\/wp\/v2\/types\/page"}],"author":[{"embeddable":true,"href":"https:\/\/exceladvisor.org\/pt\/wp-json\/wp\/v2\/users\/1"}],"replies":[{"embeddable":true,"href":"https:\/\/exceladvisor.org\/pt\/wp-json\/wp\/v2\/comments?post=594"}],"version-history":[{"count":1,"href":"https:\/\/exceladvisor.org\/pt\/wp-json\/wp\/v2\/pages\/594\/revisions"}],"predecessor-version":[{"id":1118,"href":"https:\/\/exceladvisor.org\/pt\/wp-json\/wp\/v2\/pages\/594\/revisions\/1118"}],"wp:attachment":[{"href":"https:\/\/exceladvisor.org\/pt\/wp-json\/wp\/v2\/media?parent=594"}],"curies":[{"name":"wp","href":"https:\/\/api.w.org\/{rel}","templated":true}]}}