{"id":597,"date":"2023-10-20T23:41:23","date_gmt":"2023-10-20T23:41:23","guid":{"rendered":"https:\/\/exceladvisor.org\/pt\/tela-cheia\/"},"modified":"2023-12-06T11:33:38","modified_gmt":"2023-12-06T11:33:38","slug":"tela-cheia","status":"publish","type":"page","link":"https:\/\/exceladvisor.org\/pt\/tela-cheia\/","title":{"rendered":"Atalho de teclado do excel para tela inteira"},"content":{"rendered":"<div class=\"excel-before-content-2\" id=\"excel-822914806\"><script type=\"text\/javascript\">\r\n\tatOptions = {\r\n\t\t'key' : 'c1158f160081d6540a8409e6925dab94',\r\n\t\t'format' : 'iframe',\r\n\t\t'height' : 250,\r\n\t\t'width' : 300,\r\n\t\t'params' : {}\r\n\t};\r\n<\/script>\r\n<script type=\"text\/javascript\" src=\"\/\/www.highperformanceformat.com\/c1158f160081d6540a8409e6925dab94\/invoke.js\"><\/script><\/div><div class=\"excel-before-content\" id=\"excel-1607788869\"><script type=\"text\/javascript\">\r\n\tatOptions = {\r\n\t\t'key' : 'c1158f160081d6540a8409e6925dab94',\r\n\t\t'format' : 'iframe',\r\n\t\t'height' : 250,\r\n\t\t'width' : 300,\r\n\t\t'params' : {}\r\n\t};\r\n<\/script>\r\n<script type=\"text\/javascript\" src=\"\/\/www.highperformanceformat.com\/c1158f160081d6540a8409e6925dab94\/invoke.js\"><\/script><\/div> <p>A tela inteira no Excel oculta a barra de ferramentas, a faixa de op\u00e7\u00f5es e a barra de status e mostra apenas a planilha na tela, o que significa mais espa\u00e7o para a planilha e, portanto, linhas mais vis\u00edveis.<\/p><p> No Excel, sempre h\u00e1 uma barra de ferramentas, faixa de op\u00e7\u00f5es, barra de f\u00f3rmulas e barra de status vis\u00edveis na planilha, que cont\u00e9m espa\u00e7o na tela e, se necess\u00e1rio, voc\u00ea pode alterar a visualiza\u00e7\u00e3o da planilha de visualiza\u00e7\u00e3o normal para tela inteira, ocultando esta barra de ferramentas, faixa de op\u00e7\u00f5es e barra de status para criar mais espa\u00e7o na tela, tornando mais linhas vis\u00edveis.<\/p><p> No Excel 2016 e vers\u00f5es superiores, voc\u00ea pode usar o atalho do teclado para ocultar a barra de ferramentas, a faixa de op\u00e7\u00f5es e a barra de status para tornar a planilha em tela inteira. <\/p><div class=\"wp-block-image\"><figure class=\"aligncenter size-full is-resized\"><img loading=\"lazy\" decoding=\"async\" class=\"wp-image-70436\" src=\"https:\/\/exceladvisor.org\/wp-content\/uploads\/2023\/08\/1-feuille-de-calcul-vue-normale.png\" sizes=\"auto, \" srcset=\"\" alt=\"planilha-visualiza\u00e7\u00e3o normal\" width=\"774\" height=\"235\"><\/figure><\/div><h2 class=\"wp-block-heading\"> Atalho de teclado para tela inteira no Excel<\/h2><p> <kbd>Ctrl<\/kbd> + <kbd>Shift<\/kbd> + <kbd>F1<\/kbd> <\/p><div class=\"wp-block-image\"><figure class=\"aligncenter size-full is-resized\"><img loading=\"lazy\" decoding=\"async\" class=\"wp-image-70437\" src=\"https:\/\/exceladvisor.org\/wp-content\/uploads\/2023\/08\/2-raccourcis-pour-faire-une-vue-complete-de-la-feuille.png\" sizes=\"auto, \" srcset=\"\" alt=\"atalho para criar visualiza\u00e7\u00e3o completa da planilha\" width=\"781\" height=\"306\"><\/figure><\/div><h2 class=\"wp-block-heading\"> Etapas para criar uma visualiza\u00e7\u00e3o em tela inteira usando um atalho de teclado<\/h2><ul><li> Navegue at\u00e9 a planilha que deseja visualizar em tela cheia.<\/li><li> Agora pressione as teclas \u201cCtrl + Shift + F1\u201d para ocultar a barra de ferramentas, a faixa de op\u00e7\u00f5es e a barra de status, tornando a planilha uma visualiza\u00e7\u00e3o em tela inteira.<\/li><li> Para retornar \u00e0 visualiza\u00e7\u00e3o normal, pressione as teclas \u201cCtrl + Shift + F1\u201d novamente e sua planilha ser\u00e1 substitu\u00edda pela visualiza\u00e7\u00e3o normal que inclui a barra de ferramentas, faixa de op\u00e7\u00f5es e barra de status vis\u00edveis. <\/li><\/ul><div class=\"wp-block-image\"><figure class=\"aligncenter size-full is-resized\"><img loading=\"lazy\" decoding=\"async\" class=\"wp-image-70438\" src=\"https:\/\/exceladvisor.org\/wp-content\/uploads\/2023\/08\/3-feuilles-de-calcul-en-plein-ecran.png\" sizes=\"auto, \" srcset=\"\" alt=\"visualiza\u00e7\u00e3o completa da planilha\" width=\"808\" height=\"181\"><\/figure><\/div><div class=\"wp-block-group more-tutorials is-layout-flow\"><div class=\"wp-block-group__inner-container\"><h2 class=\"wp-block-heading\"> Mais tutoriais <\/h2><div class=\"wp-block-columns is-layout-flex wp-container-11\"><div class=\"wp-block-column is-layout-flow\"><ul><li> <a href=\"https:\/\/exceladvisor.org\/pt\/fechar\/\">Fechar<\/a><\/li><li> <a href=\"https:\/\/exceladvisor.org\/pt\/banda\/\">Banda<\/a><\/li><li> <a href=\"https:\/\/exceladvisor.org\/pt\/visualizacao-de-impressao-1\/\">Visualizar antes de imprimir<\/a><\/li><\/ul><\/div><div class=\"wp-block-column is-layout-flow\"><ul><li> <a href=\"https:\/\/exceladvisor.org\/pt\/salvar-como\/\">Salvar como<\/a><\/li><li> <a href=\"https:\/\/exceladvisor.org\/pt\/alterar-guia\/\">Guia Alternar<\/a><\/li><li> <a href=\"https:\/\/exceladvisor.org\/pt\/desfazer-refazer\/\">Desfazer e refazer<\/a><\/li><\/ul><\/div><\/div><\/div><\/div>","protected":false},"excerpt":{"rendered":"","protected":false},"author":1,"featured_media":0,"parent":0,"menu_order":0,"comment_status":"open","ping_status":"closed","template":"","meta":{"ub_ctt_via":"","footnotes":""},"class_list":["post-597","page","type-page","status-publish","hentry"],"featured_image_src":null,"yoast_head":"<!-- This site is optimized with the Yoast SEO plugin v25.4 - https:\/\/yoast.com\/wordpress\/plugins\/seo\/ -->\n<title>O que \u00e9 o atalho de teclado para tela inteira no Excel?<\/title>\n<meta name=\"description\" content=\"Neste tutorial, voc\u00ea aprender\u00e1 como usar um atalho de teclado para mostrar tela inteira no Excel.\" \/>\n<meta name=\"robots\" content=\"index, follow, max-snippet:-1, max-image-preview:large, max-video-preview:-1\" \/>\n<link rel=\"canonical\" href=\"https:\/\/exceladvisor.org\/pt\/tela-cheia\/\" \/>\n<meta property=\"og:locale\" content=\"pt_PT\" \/>\n<meta property=\"og:type\" content=\"article\" \/>\n<meta property=\"og:title\" content=\"O que \u00e9 o atalho de teclado para tela inteira no Excel?\" \/>\n<meta property=\"og:description\" content=\"Neste tutorial, voc\u00ea aprender\u00e1 como usar um atalho de teclado para mostrar tela inteira no Excel.\" \/>\n<meta property=\"og:url\" content=\"https:\/\/exceladvisor.org\/pt\/tela-cheia\/\" \/>\n<meta property=\"og:site_name\" content=\"Excel Advisor\" \/>\n<meta property=\"article:modified_time\" content=\"2023-12-06T11:33:38+00:00\" \/>\n<meta property=\"og:image\" content=\"https:\/\/exceladvisor.org\/wp-content\/uploads\/2023\/08\/1-feuille-de-calcul-vue-normale.png\" \/>\n<meta name=\"twitter:card\" content=\"summary_large_image\" \/>\n<meta name=\"twitter:label1\" content=\"Tempo estimado de leitura\" \/>\n\t<meta name=\"twitter:data1\" content=\"1 minuto\" \/>\n<script type=\"application\/ld+json\" class=\"yoast-schema-graph\">{\"@context\":\"https:\/\/schema.org\",\"@graph\":[{\"@type\":\"WebPage\",\"@id\":\"https:\/\/exceladvisor.org\/pt\/tela-cheia\/\",\"url\":\"https:\/\/exceladvisor.org\/pt\/tela-cheia\/\",\"name\":\"O que \u00e9 o atalho de teclado para tela inteira no Excel?\",\"isPartOf\":{\"@id\":\"https:\/\/exceladvisor.org\/pt\/#website\"},\"primaryImageOfPage\":{\"@id\":\"https:\/\/exceladvisor.org\/pt\/tela-cheia\/#primaryimage\"},\"image\":{\"@id\":\"https:\/\/exceladvisor.org\/pt\/tela-cheia\/#primaryimage\"},\"thumbnailUrl\":\"https:\/\/exceladvisor.org\/wp-content\/uploads\/2023\/08\/1-feuille-de-calcul-vue-normale.png\",\"datePublished\":\"2023-10-20T23:41:23+00:00\",\"dateModified\":\"2023-12-06T11:33:38+00:00\",\"description\":\"Neste tutorial, voc\u00ea aprender\u00e1 como usar um atalho de teclado para mostrar tela inteira no Excel.\",\"breadcrumb\":{\"@id\":\"https:\/\/exceladvisor.org\/pt\/tela-cheia\/#breadcrumb\"},\"inLanguage\":\"pt-PT\",\"potentialAction\":[{\"@type\":\"ReadAction\",\"target\":[\"https:\/\/exceladvisor.org\/pt\/tela-cheia\/\"]}]},{\"@type\":\"ImageObject\",\"inLanguage\":\"pt-PT\",\"@id\":\"https:\/\/exceladvisor.org\/pt\/tela-cheia\/#primaryimage\",\"url\":\"https:\/\/exceladvisor.org\/wp-content\/uploads\/2023\/08\/1-feuille-de-calcul-vue-normale.png\",\"contentUrl\":\"https:\/\/exceladvisor.org\/wp-content\/uploads\/2023\/08\/1-feuille-de-calcul-vue-normale.png\"},{\"@type\":\"BreadcrumbList\",\"@id\":\"https:\/\/exceladvisor.org\/pt\/tela-cheia\/#breadcrumb\",\"itemListElement\":[{\"@type\":\"ListItem\",\"position\":1,\"name\":\"Lar\",\"item\":\"https:\/\/exceladvisor.org\/pt\/\"},{\"@type\":\"ListItem\",\"position\":2,\"name\":\"Atalho de teclado do excel para tela inteira\"}]},{\"@type\":\"WebSite\",\"@id\":\"https:\/\/exceladvisor.org\/pt\/#website\",\"url\":\"https:\/\/exceladvisor.org\/pt\/\",\"name\":\"Excel Advisor\",\"description\":\"O seu guia definitivo para dominar os dados!\",\"publisher\":{\"@id\":\"https:\/\/exceladvisor.org\/pt\/#organization\"},\"potentialAction\":[{\"@type\":\"SearchAction\",\"target\":{\"@type\":\"EntryPoint\",\"urlTemplate\":\"https:\/\/exceladvisor.org\/pt\/?s={search_term_string}\"},\"query-input\":{\"@type\":\"PropertyValueSpecification\",\"valueRequired\":true,\"valueName\":\"search_term_string\"}}],\"inLanguage\":\"pt-PT\"},{\"@type\":\"Organization\",\"@id\":\"https:\/\/exceladvisor.org\/pt\/#organization\",\"name\":\"Excel Advisor\",\"url\":\"https:\/\/exceladvisor.org\/pt\/\",\"logo\":{\"@type\":\"ImageObject\",\"inLanguage\":\"pt-PT\",\"@id\":\"https:\/\/exceladvisor.org\/pt\/#\/schema\/logo\/image\/\",\"url\":\"https:\/\/exceladvisor.org\/pt\/wp-content\/uploads\/2023\/12\/exceladvisor.org_.png\",\"contentUrl\":\"https:\/\/exceladvisor.org\/pt\/wp-content\/uploads\/2023\/12\/exceladvisor.org_.png\",\"width\":105,\"height\":36,\"caption\":\"Excel Advisor\"},\"image\":{\"@id\":\"https:\/\/exceladvisor.org\/pt\/#\/schema\/logo\/image\/\"}}]}<\/script>\n<!-- \/ Yoast SEO plugin. -->","yoast_head_json":{"title":"O que \u00e9 o atalho de teclado para tela inteira no Excel?","description":"Neste tutorial, voc\u00ea aprender\u00e1 como usar um atalho de teclado para mostrar tela inteira no Excel.","robots":{"index":"index","follow":"follow","max-snippet":"max-snippet:-1","max-image-preview":"max-image-preview:large","max-video-preview":"max-video-preview:-1"},"canonical":"https:\/\/exceladvisor.org\/pt\/tela-cheia\/","og_locale":"pt_PT","og_type":"article","og_title":"O que \u00e9 o atalho de teclado para tela inteira no Excel?","og_description":"Neste tutorial, voc\u00ea aprender\u00e1 como usar um atalho de teclado para mostrar tela inteira no Excel.","og_url":"https:\/\/exceladvisor.org\/pt\/tela-cheia\/","og_site_name":"Excel Advisor","article_modified_time":"2023-12-06T11:33:38+00:00","og_image":[{"url":"https:\/\/exceladvisor.org\/wp-content\/uploads\/2023\/08\/1-feuille-de-calcul-vue-normale.png","type":"","width":"","height":""}],"twitter_card":"summary_large_image","twitter_misc":{"Tempo estimado de leitura":"1 minuto"},"schema":{"@context":"https:\/\/schema.org","@graph":[{"@type":"WebPage","@id":"https:\/\/exceladvisor.org\/pt\/tela-cheia\/","url":"https:\/\/exceladvisor.org\/pt\/tela-cheia\/","name":"O que \u00e9 o atalho de teclado para tela inteira no Excel?","isPartOf":{"@id":"https:\/\/exceladvisor.org\/pt\/#website"},"primaryImageOfPage":{"@id":"https:\/\/exceladvisor.org\/pt\/tela-cheia\/#primaryimage"},"image":{"@id":"https:\/\/exceladvisor.org\/pt\/tela-cheia\/#primaryimage"},"thumbnailUrl":"https:\/\/exceladvisor.org\/wp-content\/uploads\/2023\/08\/1-feuille-de-calcul-vue-normale.png","datePublished":"2023-10-20T23:41:23+00:00","dateModified":"2023-12-06T11:33:38+00:00","description":"Neste tutorial, voc\u00ea aprender\u00e1 como usar um atalho de teclado para mostrar tela inteira no Excel.","breadcrumb":{"@id":"https:\/\/exceladvisor.org\/pt\/tela-cheia\/#breadcrumb"},"inLanguage":"pt-PT","potentialAction":[{"@type":"ReadAction","target":["https:\/\/exceladvisor.org\/pt\/tela-cheia\/"]}]},{"@type":"ImageObject","inLanguage":"pt-PT","@id":"https:\/\/exceladvisor.org\/pt\/tela-cheia\/#primaryimage","url":"https:\/\/exceladvisor.org\/wp-content\/uploads\/2023\/08\/1-feuille-de-calcul-vue-normale.png","contentUrl":"https:\/\/exceladvisor.org\/wp-content\/uploads\/2023\/08\/1-feuille-de-calcul-vue-normale.png"},{"@type":"BreadcrumbList","@id":"https:\/\/exceladvisor.org\/pt\/tela-cheia\/#breadcrumb","itemListElement":[{"@type":"ListItem","position":1,"name":"Lar","item":"https:\/\/exceladvisor.org\/pt\/"},{"@type":"ListItem","position":2,"name":"Atalho de teclado do excel para tela inteira"}]},{"@type":"WebSite","@id":"https:\/\/exceladvisor.org\/pt\/#website","url":"https:\/\/exceladvisor.org\/pt\/","name":"Excel Advisor","description":"O seu guia definitivo para dominar os dados!","publisher":{"@id":"https:\/\/exceladvisor.org\/pt\/#organization"},"potentialAction":[{"@type":"SearchAction","target":{"@type":"EntryPoint","urlTemplate":"https:\/\/exceladvisor.org\/pt\/?s={search_term_string}"},"query-input":{"@type":"PropertyValueSpecification","valueRequired":true,"valueName":"search_term_string"}}],"inLanguage":"pt-PT"},{"@type":"Organization","@id":"https:\/\/exceladvisor.org\/pt\/#organization","name":"Excel Advisor","url":"https:\/\/exceladvisor.org\/pt\/","logo":{"@type":"ImageObject","inLanguage":"pt-PT","@id":"https:\/\/exceladvisor.org\/pt\/#\/schema\/logo\/image\/","url":"https:\/\/exceladvisor.org\/pt\/wp-content\/uploads\/2023\/12\/exceladvisor.org_.png","contentUrl":"https:\/\/exceladvisor.org\/pt\/wp-content\/uploads\/2023\/12\/exceladvisor.org_.png","width":105,"height":36,"caption":"Excel Advisor"},"image":{"@id":"https:\/\/exceladvisor.org\/pt\/#\/schema\/logo\/image\/"}}]}},"yoast_meta":{"yoast_wpseo_title":"","yoast_wpseo_metadesc":"","yoast_wpseo_canonical":""},"_links":{"self":[{"href":"https:\/\/exceladvisor.org\/pt\/wp-json\/wp\/v2\/pages\/597","targetHints":{"allow":["GET"]}}],"collection":[{"href":"https:\/\/exceladvisor.org\/pt\/wp-json\/wp\/v2\/pages"}],"about":[{"href":"https:\/\/exceladvisor.org\/pt\/wp-json\/wp\/v2\/types\/page"}],"author":[{"embeddable":true,"href":"https:\/\/exceladvisor.org\/pt\/wp-json\/wp\/v2\/users\/1"}],"replies":[{"embeddable":true,"href":"https:\/\/exceladvisor.org\/pt\/wp-json\/wp\/v2\/comments?post=597"}],"version-history":[{"count":1,"href":"https:\/\/exceladvisor.org\/pt\/wp-json\/wp\/v2\/pages\/597\/revisions"}],"predecessor-version":[{"id":759,"href":"https:\/\/exceladvisor.org\/pt\/wp-json\/wp\/v2\/pages\/597\/revisions\/759"}],"wp:attachment":[{"href":"https:\/\/exceladvisor.org\/pt\/wp-json\/wp\/v2\/media?parent=597"}],"curies":[{"name":"wp","href":"https:\/\/api.w.org\/{rel}","templated":true}]}}