{"id":598,"date":"2023-10-20T22:21:51","date_gmt":"2023-10-20T22:21:51","guid":{"rendered":"https:\/\/exceladvisor.org\/pt\/insira-uma-celula\/"},"modified":"2023-12-06T11:38:12","modified_gmt":"2023-12-06T11:38:12","slug":"insira-uma-celula","status":"publish","type":"page","link":"https:\/\/exceladvisor.org\/pt\/insira-uma-celula\/","title":{"rendered":"Como inserir uma c\u00e9lula usando o atalho do excel?"},"content":{"rendered":"<div class=\"excel-before-content-2\" id=\"excel-3270065792\"><script type=\"text\/javascript\">\r\n\tatOptions = {\r\n\t\t'key' : 'c1158f160081d6540a8409e6925dab94',\r\n\t\t'format' : 'iframe',\r\n\t\t'height' : 250,\r\n\t\t'width' : 300,\r\n\t\t'params' : {}\r\n\t};\r\n<\/script>\r\n<script type=\"text\/javascript\" src=\"\/\/www.highperformanceformat.com\/c1158f160081d6540a8409e6925dab94\/invoke.js\"><\/script><\/div><div class=\"excel-before-content\" id=\"excel-2476601093\"><script type=\"text\/javascript\">\r\n\tatOptions = {\r\n\t\t'key' : 'c1158f160081d6540a8409e6925dab94',\r\n\t\t'format' : 'iframe',\r\n\t\t'height' : 250,\r\n\t\t'width' : 300,\r\n\t\t'params' : {}\r\n\t};\r\n<\/script>\r\n<script type=\"text\/javascript\" src=\"\/\/www.highperformanceformat.com\/c1158f160081d6540a8409e6925dab94\/invoke.js\"><\/script><\/div> <p>Ao trabalhar com os dados, \u00e0s vezes os usu\u00e1rios precisam inserir apenas a c\u00e9lula em vez de adicionar a nova linha ou coluna e os usu\u00e1rios podem fazer o mesmo usando a op\u00e7\u00e3o de inser\u00e7\u00e3o.<\/p><p> Como outras op\u00e7\u00f5es e recursos do Excel, os usu\u00e1rios podem inserir c\u00e9lulas manualmente usando o mouse ou o atalho do teclado.<\/p><h2 class=\"wp-block-heading\"> Atalho de teclado para inserir uma c\u00e9lula no Excel<\/h2><p> O atalho de teclado para inserir a c\u00e9lula ou intervalo de c\u00e9lulas espec\u00edfico \u00e9 mencionado abaixo:<\/p><p> <kbd>Ctrl<\/kbd> + <kbd>Shift<\/kbd> <kbd>++<\/kbd> <\/p><div class=\"wp-block-image\"><figure class=\"aligncenter size-full is-resized\"><img loading=\"lazy\" decoding=\"async\" class=\"wp-image-72797\" src=\"https:\/\/exceladvisor.org\/wp-content\/uploads\/2023\/08\/1-touche-de-raccourci-dinsertion-de-cellule.png\" sizes=\"auto, \" srcset=\"\" alt=\"inserir tecla de atalho de c\u00e9lula\" width=\"746\" height=\"292\"><\/figure><\/div><h2 class=\"wp-block-heading\"> Etapas para inserir uma c\u00e9lula usando um atalho de teclado<\/h2><ol><li> Primeiro, v\u00e1 at\u00e9 a c\u00e9lula acima ou \u00e0 esquerda da qual deseja inserir a nova c\u00e9lula em branco.<\/li><li> Depois disso, basta pressionar as teclas \u201cCtrl + Shift + + (mais) juntas e a caixa de di\u00e1logo \u201cInserir\u201d ser\u00e1 aberta.<\/li><li> Agora escolha a op\u00e7\u00e3o para onde deseja mover os dados para inserir a nova c\u00e9lula.<\/li><li> Uma vez selecionado, pressione Enter e voc\u00ea inserir\u00e1 a nova c\u00e9lula. <\/li><\/ol><div class=\"wp-block-image\"><figure class=\"aligncenter size-full\"><img loading=\"lazy\" decoding=\"async\" class=\"wp-image-72798\" src=\"https:\/\/exceladvisor.org\/wp-content\/uploads\/2023\/08\/2-boite-de-dialogue-dinsertion.png\" sizes=\"auto, \" srcset=\"\" alt=\"inserir caixa de di\u00e1logo\" width=\"220\" height=\"231\"><\/figure><\/div><p class=\"qt-tip\"> Nota: Se voc\u00ea tiver seus dados no intervalo da tabela, a op\u00e7\u00e3o Inserir somente c\u00e9lula n\u00e3o funcionar\u00e1 e adicionar\u00e1 uma linha ou coluna a eles. <\/p><div class=\"wp-block-group more-tutorials is-layout-flow\"><div class=\"wp-block-group__inner-container\"><h2 class=\"wp-block-heading\"> Mais tutoriais <\/h2><div class=\"wp-block-columns is-layout-flex wp-container-143\"><div class=\"wp-block-column is-layout-flow\"><ul><li> <a href=\"https:\/\/exceladvisor.org\/pt\/adicione-a-coluna-1\/\">Adicionar uma coluna<\/a><\/li><li> <a href=\"https:\/\/exceladvisor.org\/pt\/excluir-celula\/\">Excluir c\u00e9lula<\/a><\/li><li> <a href=\"https:\/\/exceladvisor.org\/pt\/excluir-linha\/\">Excluir linhas<\/a><\/li><li> <a href=\"https:\/\/exceladvisor.org\/pt\/editar-celula\/\">Editar c\u00e9lula<\/a><\/li><\/ul><\/div><\/div><\/div><\/div>","protected":false},"excerpt":{"rendered":"","protected":false},"author":1,"featured_media":0,"parent":0,"menu_order":0,"comment_status":"open","ping_status":"closed","template":"","meta":{"ub_ctt_via":"","footnotes":""},"class_list":["post-598","page","type-page","status-publish","hentry"],"featured_image_src":null,"yoast_head":"<!-- This site is optimized with the Yoast SEO plugin v25.4 - https:\/\/yoast.com\/wordpress\/plugins\/seo\/ -->\n<title>\u25b7 Como inserir uma c\u00e9lula usando o atalho do Excel?<\/title>\n<meta name=\"description\" content=\"Neste tutorial, voc\u00ea aprender\u00e1 como usar um atalho de teclado que pode ser usado no Excel para inserir uma c\u00e9lula.\" \/>\n<meta name=\"robots\" content=\"index, follow, max-snippet:-1, max-image-preview:large, max-video-preview:-1\" \/>\n<link rel=\"canonical\" href=\"https:\/\/exceladvisor.org\/pt\/insira-uma-celula\/\" \/>\n<meta property=\"og:locale\" content=\"pt_PT\" \/>\n<meta property=\"og:type\" content=\"article\" \/>\n<meta property=\"og:title\" content=\"\u25b7 Como inserir uma c\u00e9lula usando o atalho do Excel?\" \/>\n<meta property=\"og:description\" content=\"Neste tutorial, voc\u00ea aprender\u00e1 como usar um atalho de teclado que pode ser usado no Excel para inserir uma c\u00e9lula.\" \/>\n<meta property=\"og:url\" content=\"https:\/\/exceladvisor.org\/pt\/insira-uma-celula\/\" \/>\n<meta property=\"og:site_name\" content=\"Excel Advisor\" \/>\n<meta property=\"article:modified_time\" content=\"2023-12-06T11:38:12+00:00\" \/>\n<meta property=\"og:image\" content=\"https:\/\/exceladvisor.org\/wp-content\/uploads\/2023\/08\/1-touche-de-raccourci-dinsertion-de-cellule.png\" \/>\n<meta name=\"twitter:card\" content=\"summary_large_image\" \/>\n<meta name=\"twitter:label1\" content=\"Tempo estimado de leitura\" \/>\n\t<meta name=\"twitter:data1\" content=\"1 minuto\" \/>\n<script type=\"application\/ld+json\" class=\"yoast-schema-graph\">{\"@context\":\"https:\/\/schema.org\",\"@graph\":[{\"@type\":\"WebPage\",\"@id\":\"https:\/\/exceladvisor.org\/pt\/insira-uma-celula\/\",\"url\":\"https:\/\/exceladvisor.org\/pt\/insira-uma-celula\/\",\"name\":\"\u25b7 Como inserir uma c\u00e9lula usando o atalho do Excel?\",\"isPartOf\":{\"@id\":\"https:\/\/exceladvisor.org\/pt\/#website\"},\"primaryImageOfPage\":{\"@id\":\"https:\/\/exceladvisor.org\/pt\/insira-uma-celula\/#primaryimage\"},\"image\":{\"@id\":\"https:\/\/exceladvisor.org\/pt\/insira-uma-celula\/#primaryimage\"},\"thumbnailUrl\":\"https:\/\/exceladvisor.org\/wp-content\/uploads\/2023\/08\/1-touche-de-raccourci-dinsertion-de-cellule.png\",\"datePublished\":\"2023-10-20T22:21:51+00:00\",\"dateModified\":\"2023-12-06T11:38:12+00:00\",\"description\":\"Neste tutorial, voc\u00ea aprender\u00e1 como usar um atalho de teclado que pode ser usado no Excel para inserir uma c\u00e9lula.\",\"breadcrumb\":{\"@id\":\"https:\/\/exceladvisor.org\/pt\/insira-uma-celula\/#breadcrumb\"},\"inLanguage\":\"pt-PT\",\"potentialAction\":[{\"@type\":\"ReadAction\",\"target\":[\"https:\/\/exceladvisor.org\/pt\/insira-uma-celula\/\"]}]},{\"@type\":\"ImageObject\",\"inLanguage\":\"pt-PT\",\"@id\":\"https:\/\/exceladvisor.org\/pt\/insira-uma-celula\/#primaryimage\",\"url\":\"https:\/\/exceladvisor.org\/wp-content\/uploads\/2023\/08\/1-touche-de-raccourci-dinsertion-de-cellule.png\",\"contentUrl\":\"https:\/\/exceladvisor.org\/wp-content\/uploads\/2023\/08\/1-touche-de-raccourci-dinsertion-de-cellule.png\"},{\"@type\":\"BreadcrumbList\",\"@id\":\"https:\/\/exceladvisor.org\/pt\/insira-uma-celula\/#breadcrumb\",\"itemListElement\":[{\"@type\":\"ListItem\",\"position\":1,\"name\":\"Lar\",\"item\":\"https:\/\/exceladvisor.org\/pt\/\"},{\"@type\":\"ListItem\",\"position\":2,\"name\":\"Como inserir uma c\u00e9lula usando o atalho do excel?\"}]},{\"@type\":\"WebSite\",\"@id\":\"https:\/\/exceladvisor.org\/pt\/#website\",\"url\":\"https:\/\/exceladvisor.org\/pt\/\",\"name\":\"Excel Advisor\",\"description\":\"O seu guia definitivo para dominar os dados!\",\"publisher\":{\"@id\":\"https:\/\/exceladvisor.org\/pt\/#organization\"},\"potentialAction\":[{\"@type\":\"SearchAction\",\"target\":{\"@type\":\"EntryPoint\",\"urlTemplate\":\"https:\/\/exceladvisor.org\/pt\/?s={search_term_string}\"},\"query-input\":{\"@type\":\"PropertyValueSpecification\",\"valueRequired\":true,\"valueName\":\"search_term_string\"}}],\"inLanguage\":\"pt-PT\"},{\"@type\":\"Organization\",\"@id\":\"https:\/\/exceladvisor.org\/pt\/#organization\",\"name\":\"Excel Advisor\",\"url\":\"https:\/\/exceladvisor.org\/pt\/\",\"logo\":{\"@type\":\"ImageObject\",\"inLanguage\":\"pt-PT\",\"@id\":\"https:\/\/exceladvisor.org\/pt\/#\/schema\/logo\/image\/\",\"url\":\"https:\/\/exceladvisor.org\/pt\/wp-content\/uploads\/2023\/12\/exceladvisor.org_.png\",\"contentUrl\":\"https:\/\/exceladvisor.org\/pt\/wp-content\/uploads\/2023\/12\/exceladvisor.org_.png\",\"width\":105,\"height\":36,\"caption\":\"Excel Advisor\"},\"image\":{\"@id\":\"https:\/\/exceladvisor.org\/pt\/#\/schema\/logo\/image\/\"}}]}<\/script>\n<!-- \/ Yoast SEO plugin. -->","yoast_head_json":{"title":"\u25b7 Como inserir uma c\u00e9lula usando o atalho do Excel?","description":"Neste tutorial, voc\u00ea aprender\u00e1 como usar um atalho de teclado que pode ser usado no Excel para inserir uma c\u00e9lula.","robots":{"index":"index","follow":"follow","max-snippet":"max-snippet:-1","max-image-preview":"max-image-preview:large","max-video-preview":"max-video-preview:-1"},"canonical":"https:\/\/exceladvisor.org\/pt\/insira-uma-celula\/","og_locale":"pt_PT","og_type":"article","og_title":"\u25b7 Como inserir uma c\u00e9lula usando o atalho do Excel?","og_description":"Neste tutorial, voc\u00ea aprender\u00e1 como usar um atalho de teclado que pode ser usado no Excel para inserir uma c\u00e9lula.","og_url":"https:\/\/exceladvisor.org\/pt\/insira-uma-celula\/","og_site_name":"Excel Advisor","article_modified_time":"2023-12-06T11:38:12+00:00","og_image":[{"url":"https:\/\/exceladvisor.org\/wp-content\/uploads\/2023\/08\/1-touche-de-raccourci-dinsertion-de-cellule.png","type":"","width":"","height":""}],"twitter_card":"summary_large_image","twitter_misc":{"Tempo estimado de leitura":"1 minuto"},"schema":{"@context":"https:\/\/schema.org","@graph":[{"@type":"WebPage","@id":"https:\/\/exceladvisor.org\/pt\/insira-uma-celula\/","url":"https:\/\/exceladvisor.org\/pt\/insira-uma-celula\/","name":"\u25b7 Como inserir uma c\u00e9lula usando o atalho do Excel?","isPartOf":{"@id":"https:\/\/exceladvisor.org\/pt\/#website"},"primaryImageOfPage":{"@id":"https:\/\/exceladvisor.org\/pt\/insira-uma-celula\/#primaryimage"},"image":{"@id":"https:\/\/exceladvisor.org\/pt\/insira-uma-celula\/#primaryimage"},"thumbnailUrl":"https:\/\/exceladvisor.org\/wp-content\/uploads\/2023\/08\/1-touche-de-raccourci-dinsertion-de-cellule.png","datePublished":"2023-10-20T22:21:51+00:00","dateModified":"2023-12-06T11:38:12+00:00","description":"Neste tutorial, voc\u00ea aprender\u00e1 como usar um atalho de teclado que pode ser usado no Excel para inserir uma c\u00e9lula.","breadcrumb":{"@id":"https:\/\/exceladvisor.org\/pt\/insira-uma-celula\/#breadcrumb"},"inLanguage":"pt-PT","potentialAction":[{"@type":"ReadAction","target":["https:\/\/exceladvisor.org\/pt\/insira-uma-celula\/"]}]},{"@type":"ImageObject","inLanguage":"pt-PT","@id":"https:\/\/exceladvisor.org\/pt\/insira-uma-celula\/#primaryimage","url":"https:\/\/exceladvisor.org\/wp-content\/uploads\/2023\/08\/1-touche-de-raccourci-dinsertion-de-cellule.png","contentUrl":"https:\/\/exceladvisor.org\/wp-content\/uploads\/2023\/08\/1-touche-de-raccourci-dinsertion-de-cellule.png"},{"@type":"BreadcrumbList","@id":"https:\/\/exceladvisor.org\/pt\/insira-uma-celula\/#breadcrumb","itemListElement":[{"@type":"ListItem","position":1,"name":"Lar","item":"https:\/\/exceladvisor.org\/pt\/"},{"@type":"ListItem","position":2,"name":"Como inserir uma c\u00e9lula usando o atalho do excel?"}]},{"@type":"WebSite","@id":"https:\/\/exceladvisor.org\/pt\/#website","url":"https:\/\/exceladvisor.org\/pt\/","name":"Excel Advisor","description":"O seu guia definitivo para dominar os dados!","publisher":{"@id":"https:\/\/exceladvisor.org\/pt\/#organization"},"potentialAction":[{"@type":"SearchAction","target":{"@type":"EntryPoint","urlTemplate":"https:\/\/exceladvisor.org\/pt\/?s={search_term_string}"},"query-input":{"@type":"PropertyValueSpecification","valueRequired":true,"valueName":"search_term_string"}}],"inLanguage":"pt-PT"},{"@type":"Organization","@id":"https:\/\/exceladvisor.org\/pt\/#organization","name":"Excel Advisor","url":"https:\/\/exceladvisor.org\/pt\/","logo":{"@type":"ImageObject","inLanguage":"pt-PT","@id":"https:\/\/exceladvisor.org\/pt\/#\/schema\/logo\/image\/","url":"https:\/\/exceladvisor.org\/pt\/wp-content\/uploads\/2023\/12\/exceladvisor.org_.png","contentUrl":"https:\/\/exceladvisor.org\/pt\/wp-content\/uploads\/2023\/12\/exceladvisor.org_.png","width":105,"height":36,"caption":"Excel Advisor"},"image":{"@id":"https:\/\/exceladvisor.org\/pt\/#\/schema\/logo\/image\/"}}]}},"yoast_meta":{"yoast_wpseo_title":"","yoast_wpseo_metadesc":"","yoast_wpseo_canonical":""},"_links":{"self":[{"href":"https:\/\/exceladvisor.org\/pt\/wp-json\/wp\/v2\/pages\/598","targetHints":{"allow":["GET"]}}],"collection":[{"href":"https:\/\/exceladvisor.org\/pt\/wp-json\/wp\/v2\/pages"}],"about":[{"href":"https:\/\/exceladvisor.org\/pt\/wp-json\/wp\/v2\/types\/page"}],"author":[{"embeddable":true,"href":"https:\/\/exceladvisor.org\/pt\/wp-json\/wp\/v2\/users\/1"}],"replies":[{"embeddable":true,"href":"https:\/\/exceladvisor.org\/pt\/wp-json\/wp\/v2\/comments?post=598"}],"version-history":[{"count":1,"href":"https:\/\/exceladvisor.org\/pt\/wp-json\/wp\/v2\/pages\/598\/revisions"}],"predecessor-version":[{"id":1105,"href":"https:\/\/exceladvisor.org\/pt\/wp-json\/wp\/v2\/pages\/598\/revisions\/1105"}],"wp:attachment":[{"href":"https:\/\/exceladvisor.org\/pt\/wp-json\/wp\/v2\/media?parent=598"}],"curies":[{"name":"wp","href":"https:\/\/api.w.org\/{rel}","templated":true}]}}