{"id":599,"date":"2023-10-20T19:36:46","date_gmt":"2023-10-20T19:36:46","guid":{"rendered":"https:\/\/exceladvisor.org\/pt\/va-para\/"},"modified":"2023-12-06T11:33:41","modified_gmt":"2023-12-06T11:33:41","slug":"va-para","status":"publish","type":"page","link":"https:\/\/exceladvisor.org\/pt\/va-para\/","title":{"rendered":"Como abrir \u201cir para\u201d usando o atalho do excel?"},"content":{"rendered":"<div class=\"excel-before-content-2\" id=\"excel-2080971647\"><script type=\"text\/javascript\">\r\n\tatOptions = {\r\n\t\t'key' : 'c1158f160081d6540a8409e6925dab94',\r\n\t\t'format' : 'iframe',\r\n\t\t'height' : 250,\r\n\t\t'width' : 300,\r\n\t\t'params' : {}\r\n\t};\r\n<\/script>\r\n<script type=\"text\/javascript\" src=\"\/\/www.highperformanceformat.com\/c1158f160081d6540a8409e6925dab94\/invoke.js\"><\/script><\/div><div class=\"excel-before-content\" id=\"excel-151349251\"><script type=\"text\/javascript\">\r\n\tatOptions = {\r\n\t\t'key' : 'c1158f160081d6540a8409e6925dab94',\r\n\t\t'format' : 'iframe',\r\n\t\t'height' : 250,\r\n\t\t'width' : 300,\r\n\t\t'params' : {}\r\n\t};\r\n<\/script>\r\n<script type=\"text\/javascript\" src=\"\/\/www.highperformanceformat.com\/c1158f160081d6540a8409e6925dab94\/invoke.js\"><\/script><\/div> <p>No Excel, a op\u00e7\u00e3o Ir para \u00e9 usada para pular diretamente para qualquer intervalo de nomes existente na pasta de trabalho.<\/p><p> Com a op\u00e7\u00e3o Ir para, os usu\u00e1rios podem pular para qualquer intervalo de nomes em qualquer uma das planilhas da pasta de trabalho atual muito rapidamente e sem alternar entre guias.<\/p><p> Portanto, para usu\u00e1rios que trabalham em grandes conjuntos de dados com v\u00e1rios intervalos de nomes e dados em v\u00e1rias planilhas, a op\u00e7\u00e3o Ir para \u00e9 melhor para alternar entre intervalos de nomes muito rapidamente.<\/p><h2 class=\"wp-block-heading\"> Atalho de teclado para abrir a op\u00e7\u00e3o Ir para no Excel<\/h2><p> <kbd>Ctrl<\/kbd> + <kbd>G<\/kbd> <\/p><div class=\"wp-block-image\"><figure class=\"aligncenter size-full is-resized\"><img loading=\"lazy\" decoding=\"async\" class=\"wp-image-74585\" src=\"https:\/\/exceladvisor.org\/wp-content\/uploads\/2023\/08\/1-raccourci-pour-ouvrir-aller-a-loption.png\" sizes=\"auto, \" srcset=\"\" alt=\"atalho para abrir a op\u00e7\u00e3o ir para\" width=\"749\" height=\"295\"><\/figure><\/div><h2 class=\"wp-block-heading\"> Etapas para abrir a op\u00e7\u00e3o Ir para usando o atalho do teclado<\/h2><ol><li> Primeiro, navegue at\u00e9 a pasta de trabalho atual e simplesmente pressione as teclas \u201cCtrl + G\u201d juntas e voc\u00ea abrir\u00e1 a caixa de di\u00e1logo \u201cIr para\u201d.<\/li><li> Agora selecione o intervalo de nomes definido na pasta de trabalho atual, para onde deseja ir, pressione Enter e voc\u00ea alcan\u00e7ar\u00e1 diretamente esse intervalo de nomes. <\/li><\/ol><div class=\"wp-block-image\"><figure class=\"aligncenter size-full is-resized\"><img loading=\"lazy\" decoding=\"async\" class=\"wp-image-74586\" src=\"https:\/\/exceladvisor.org\/wp-content\/uploads\/2023\/08\/2-aller-a-la-boite-de-dialogue.png\" sizes=\"auto, \" srcset=\"\" alt=\"v\u00e1 para o di\u00e1logo\" width=\"366\" height=\"305\"><\/figure><\/div><div class=\"wp-block-group more-tutorials is-layout-flow\"><div class=\"wp-block-group__inner-container\"><h2 class=\"wp-block-heading\"> Mais tutoriais <\/h2><div class=\"wp-block-columns is-layout-flex wp-container-118\"><div class=\"wp-block-column is-layout-flow\"><ul><li> <a href=\"https:\/\/exceladvisor.org\/pt\/referencia-absoluta\/\">Refer\u00eancia absoluta<\/a><\/li><li> <a href=\"https:\/\/exceladvisor.org\/pt\/copiar-colar\/\">Copiar e colar<\/a><\/li><li> <a href=\"https:\/\/exceladvisor.org\/pt\/copiar-e-colar\/\">Copiar e colar<\/a><\/li><li> Bloquear c\u00e9lulas<\/li><\/ul><\/div><\/div><\/div><\/div>","protected":false},"excerpt":{"rendered":"","protected":false},"author":1,"featured_media":0,"parent":0,"menu_order":0,"comment_status":"open","ping_status":"closed","template":"","meta":{"ub_ctt_via":"","footnotes":""},"class_list":["post-599","page","type-page","status-publish","hentry"],"featured_image_src":null,"yoast_head":"<!-- This site is optimized with the Yoast SEO plugin v25.4 - https:\/\/yoast.com\/wordpress\/plugins\/seo\/ -->\n<title>\u25b7 Como abrir \u201cIr para\u201d usando o atalho do Excel?<\/title>\n<meta name=\"description\" content=\"Aprenda o atalho de teclado para abrir a op\u00e7\u00e3o Ir para. Voc\u00ea tamb\u00e9m cobrir\u00e1 alguns dos pontos importantes relacionados...\" \/>\n<meta name=\"robots\" content=\"index, follow, max-snippet:-1, max-image-preview:large, max-video-preview:-1\" \/>\n<link rel=\"canonical\" href=\"https:\/\/exceladvisor.org\/pt\/va-para\/\" \/>\n<meta property=\"og:locale\" content=\"pt_PT\" \/>\n<meta property=\"og:type\" content=\"article\" \/>\n<meta property=\"og:title\" content=\"\u25b7 Como abrir \u201cIr para\u201d usando o atalho do Excel?\" \/>\n<meta property=\"og:description\" content=\"Aprenda o atalho de teclado para abrir a op\u00e7\u00e3o Ir para. Voc\u00ea tamb\u00e9m cobrir\u00e1 alguns dos pontos importantes relacionados...\" \/>\n<meta property=\"og:url\" content=\"https:\/\/exceladvisor.org\/pt\/va-para\/\" \/>\n<meta property=\"og:site_name\" content=\"Excel Advisor\" \/>\n<meta property=\"article:modified_time\" content=\"2023-12-06T11:33:41+00:00\" \/>\n<meta property=\"og:image\" content=\"https:\/\/exceladvisor.org\/wp-content\/uploads\/2023\/08\/1-raccourci-pour-ouvrir-aller-a-loption.png\" \/>\n<meta name=\"twitter:card\" content=\"summary_large_image\" \/>\n<meta name=\"twitter:label1\" content=\"Tempo estimado de leitura\" \/>\n\t<meta name=\"twitter:data1\" content=\"1 minuto\" \/>\n<script type=\"application\/ld+json\" class=\"yoast-schema-graph\">{\"@context\":\"https:\/\/schema.org\",\"@graph\":[{\"@type\":\"WebPage\",\"@id\":\"https:\/\/exceladvisor.org\/pt\/va-para\/\",\"url\":\"https:\/\/exceladvisor.org\/pt\/va-para\/\",\"name\":\"\u25b7 Como abrir \u201cIr para\u201d usando o atalho do Excel?\",\"isPartOf\":{\"@id\":\"https:\/\/exceladvisor.org\/pt\/#website\"},\"primaryImageOfPage\":{\"@id\":\"https:\/\/exceladvisor.org\/pt\/va-para\/#primaryimage\"},\"image\":{\"@id\":\"https:\/\/exceladvisor.org\/pt\/va-para\/#primaryimage\"},\"thumbnailUrl\":\"https:\/\/exceladvisor.org\/wp-content\/uploads\/2023\/08\/1-raccourci-pour-ouvrir-aller-a-loption.png\",\"datePublished\":\"2023-10-20T19:36:46+00:00\",\"dateModified\":\"2023-12-06T11:33:41+00:00\",\"description\":\"Aprenda o atalho de teclado para abrir a op\u00e7\u00e3o Ir para. Voc\u00ea tamb\u00e9m cobrir\u00e1 alguns dos pontos importantes relacionados...\",\"breadcrumb\":{\"@id\":\"https:\/\/exceladvisor.org\/pt\/va-para\/#breadcrumb\"},\"inLanguage\":\"pt-PT\",\"potentialAction\":[{\"@type\":\"ReadAction\",\"target\":[\"https:\/\/exceladvisor.org\/pt\/va-para\/\"]}]},{\"@type\":\"ImageObject\",\"inLanguage\":\"pt-PT\",\"@id\":\"https:\/\/exceladvisor.org\/pt\/va-para\/#primaryimage\",\"url\":\"https:\/\/exceladvisor.org\/wp-content\/uploads\/2023\/08\/1-raccourci-pour-ouvrir-aller-a-loption.png\",\"contentUrl\":\"https:\/\/exceladvisor.org\/wp-content\/uploads\/2023\/08\/1-raccourci-pour-ouvrir-aller-a-loption.png\"},{\"@type\":\"BreadcrumbList\",\"@id\":\"https:\/\/exceladvisor.org\/pt\/va-para\/#breadcrumb\",\"itemListElement\":[{\"@type\":\"ListItem\",\"position\":1,\"name\":\"Lar\",\"item\":\"https:\/\/exceladvisor.org\/pt\/\"},{\"@type\":\"ListItem\",\"position\":2,\"name\":\"Como abrir \u201cir para\u201d usando o atalho do excel?\"}]},{\"@type\":\"WebSite\",\"@id\":\"https:\/\/exceladvisor.org\/pt\/#website\",\"url\":\"https:\/\/exceladvisor.org\/pt\/\",\"name\":\"Excel Advisor\",\"description\":\"O seu guia definitivo para dominar os dados!\",\"publisher\":{\"@id\":\"https:\/\/exceladvisor.org\/pt\/#organization\"},\"potentialAction\":[{\"@type\":\"SearchAction\",\"target\":{\"@type\":\"EntryPoint\",\"urlTemplate\":\"https:\/\/exceladvisor.org\/pt\/?s={search_term_string}\"},\"query-input\":{\"@type\":\"PropertyValueSpecification\",\"valueRequired\":true,\"valueName\":\"search_term_string\"}}],\"inLanguage\":\"pt-PT\"},{\"@type\":\"Organization\",\"@id\":\"https:\/\/exceladvisor.org\/pt\/#organization\",\"name\":\"Excel Advisor\",\"url\":\"https:\/\/exceladvisor.org\/pt\/\",\"logo\":{\"@type\":\"ImageObject\",\"inLanguage\":\"pt-PT\",\"@id\":\"https:\/\/exceladvisor.org\/pt\/#\/schema\/logo\/image\/\",\"url\":\"https:\/\/exceladvisor.org\/pt\/wp-content\/uploads\/2023\/12\/exceladvisor.org_.png\",\"contentUrl\":\"https:\/\/exceladvisor.org\/pt\/wp-content\/uploads\/2023\/12\/exceladvisor.org_.png\",\"width\":105,\"height\":36,\"caption\":\"Excel Advisor\"},\"image\":{\"@id\":\"https:\/\/exceladvisor.org\/pt\/#\/schema\/logo\/image\/\"}}]}<\/script>\n<!-- \/ Yoast SEO plugin. -->","yoast_head_json":{"title":"\u25b7 Como abrir \u201cIr para\u201d usando o atalho do Excel?","description":"Aprenda o atalho de teclado para abrir a op\u00e7\u00e3o Ir para. Voc\u00ea tamb\u00e9m cobrir\u00e1 alguns dos pontos importantes relacionados...","robots":{"index":"index","follow":"follow","max-snippet":"max-snippet:-1","max-image-preview":"max-image-preview:large","max-video-preview":"max-video-preview:-1"},"canonical":"https:\/\/exceladvisor.org\/pt\/va-para\/","og_locale":"pt_PT","og_type":"article","og_title":"\u25b7 Como abrir \u201cIr para\u201d usando o atalho do Excel?","og_description":"Aprenda o atalho de teclado para abrir a op\u00e7\u00e3o Ir para. Voc\u00ea tamb\u00e9m cobrir\u00e1 alguns dos pontos importantes relacionados...","og_url":"https:\/\/exceladvisor.org\/pt\/va-para\/","og_site_name":"Excel Advisor","article_modified_time":"2023-12-06T11:33:41+00:00","og_image":[{"url":"https:\/\/exceladvisor.org\/wp-content\/uploads\/2023\/08\/1-raccourci-pour-ouvrir-aller-a-loption.png","type":"","width":"","height":""}],"twitter_card":"summary_large_image","twitter_misc":{"Tempo estimado de leitura":"1 minuto"},"schema":{"@context":"https:\/\/schema.org","@graph":[{"@type":"WebPage","@id":"https:\/\/exceladvisor.org\/pt\/va-para\/","url":"https:\/\/exceladvisor.org\/pt\/va-para\/","name":"\u25b7 Como abrir \u201cIr para\u201d usando o atalho do Excel?","isPartOf":{"@id":"https:\/\/exceladvisor.org\/pt\/#website"},"primaryImageOfPage":{"@id":"https:\/\/exceladvisor.org\/pt\/va-para\/#primaryimage"},"image":{"@id":"https:\/\/exceladvisor.org\/pt\/va-para\/#primaryimage"},"thumbnailUrl":"https:\/\/exceladvisor.org\/wp-content\/uploads\/2023\/08\/1-raccourci-pour-ouvrir-aller-a-loption.png","datePublished":"2023-10-20T19:36:46+00:00","dateModified":"2023-12-06T11:33:41+00:00","description":"Aprenda o atalho de teclado para abrir a op\u00e7\u00e3o Ir para. Voc\u00ea tamb\u00e9m cobrir\u00e1 alguns dos pontos importantes relacionados...","breadcrumb":{"@id":"https:\/\/exceladvisor.org\/pt\/va-para\/#breadcrumb"},"inLanguage":"pt-PT","potentialAction":[{"@type":"ReadAction","target":["https:\/\/exceladvisor.org\/pt\/va-para\/"]}]},{"@type":"ImageObject","inLanguage":"pt-PT","@id":"https:\/\/exceladvisor.org\/pt\/va-para\/#primaryimage","url":"https:\/\/exceladvisor.org\/wp-content\/uploads\/2023\/08\/1-raccourci-pour-ouvrir-aller-a-loption.png","contentUrl":"https:\/\/exceladvisor.org\/wp-content\/uploads\/2023\/08\/1-raccourci-pour-ouvrir-aller-a-loption.png"},{"@type":"BreadcrumbList","@id":"https:\/\/exceladvisor.org\/pt\/va-para\/#breadcrumb","itemListElement":[{"@type":"ListItem","position":1,"name":"Lar","item":"https:\/\/exceladvisor.org\/pt\/"},{"@type":"ListItem","position":2,"name":"Como abrir \u201cir para\u201d usando o atalho do excel?"}]},{"@type":"WebSite","@id":"https:\/\/exceladvisor.org\/pt\/#website","url":"https:\/\/exceladvisor.org\/pt\/","name":"Excel Advisor","description":"O seu guia definitivo para dominar os dados!","publisher":{"@id":"https:\/\/exceladvisor.org\/pt\/#organization"},"potentialAction":[{"@type":"SearchAction","target":{"@type":"EntryPoint","urlTemplate":"https:\/\/exceladvisor.org\/pt\/?s={search_term_string}"},"query-input":{"@type":"PropertyValueSpecification","valueRequired":true,"valueName":"search_term_string"}}],"inLanguage":"pt-PT"},{"@type":"Organization","@id":"https:\/\/exceladvisor.org\/pt\/#organization","name":"Excel Advisor","url":"https:\/\/exceladvisor.org\/pt\/","logo":{"@type":"ImageObject","inLanguage":"pt-PT","@id":"https:\/\/exceladvisor.org\/pt\/#\/schema\/logo\/image\/","url":"https:\/\/exceladvisor.org\/pt\/wp-content\/uploads\/2023\/12\/exceladvisor.org_.png","contentUrl":"https:\/\/exceladvisor.org\/pt\/wp-content\/uploads\/2023\/12\/exceladvisor.org_.png","width":105,"height":36,"caption":"Excel Advisor"},"image":{"@id":"https:\/\/exceladvisor.org\/pt\/#\/schema\/logo\/image\/"}}]}},"yoast_meta":{"yoast_wpseo_title":"","yoast_wpseo_metadesc":"","yoast_wpseo_canonical":""},"_links":{"self":[{"href":"https:\/\/exceladvisor.org\/pt\/wp-json\/wp\/v2\/pages\/599","targetHints":{"allow":["GET"]}}],"collection":[{"href":"https:\/\/exceladvisor.org\/pt\/wp-json\/wp\/v2\/pages"}],"about":[{"href":"https:\/\/exceladvisor.org\/pt\/wp-json\/wp\/v2\/types\/page"}],"author":[{"embeddable":true,"href":"https:\/\/exceladvisor.org\/pt\/wp-json\/wp\/v2\/users\/1"}],"replies":[{"embeddable":true,"href":"https:\/\/exceladvisor.org\/pt\/wp-json\/wp\/v2\/comments?post=599"}],"version-history":[{"count":1,"href":"https:\/\/exceladvisor.org\/pt\/wp-json\/wp\/v2\/pages\/599\/revisions"}],"predecessor-version":[{"id":764,"href":"https:\/\/exceladvisor.org\/pt\/wp-json\/wp\/v2\/pages\/599\/revisions\/764"}],"wp:attachment":[{"href":"https:\/\/exceladvisor.org\/pt\/wp-json\/wp\/v2\/media?parent=599"}],"curies":[{"name":"wp","href":"https:\/\/api.w.org\/{rel}","templated":true}]}}