{"id":600,"date":"2023-10-20T19:10:00","date_gmt":"2023-10-20T19:10:00","guid":{"rendered":"https:\/\/exceladvisor.org\/pt\/fechar\/"},"modified":"2023-12-06T11:37:51","modified_gmt":"2023-12-06T11:37:51","slug":"fechar","status":"publish","type":"page","link":"https:\/\/exceladvisor.org\/pt\/fechar\/","title":{"rendered":"Como fechar pastas de trabalho usando o atalho do excel?"},"content":{"rendered":"<div class=\"excel-before-content-2\" id=\"excel-2827239277\"><script type=\"text\/javascript\">\r\n\tatOptions = {\r\n\t\t'key' : 'c1158f160081d6540a8409e6925dab94',\r\n\t\t'format' : 'iframe',\r\n\t\t'height' : 250,\r\n\t\t'width' : 300,\r\n\t\t'params' : {}\r\n\t};\r\n<\/script>\r\n<script type=\"text\/javascript\" src=\"\/\/www.highperformanceformat.com\/c1158f160081d6540a8409e6925dab94\/invoke.js\"><\/script><\/div><div class=\"excel-before-content\" id=\"excel-4248011583\"><script type=\"text\/javascript\">\r\n\tatOptions = {\r\n\t\t'key' : 'c1158f160081d6540a8409e6925dab94',\r\n\t\t'format' : 'iframe',\r\n\t\t'height' : 250,\r\n\t\t'width' : 300,\r\n\t\t'params' : {}\r\n\t};\r\n<\/script>\r\n<script type=\"text\/javascript\" src=\"\/\/www.highperformanceformat.com\/c1158f160081d6540a8409e6925dab94\/invoke.js\"><\/script><\/div> <p>O MS-Excel possui atalhos dispon\u00edveis para fechar apenas a pasta de trabalho atual ou para fechar todo o aplicativo Excel, o que fechar\u00e1 todas as pastas de trabalho abertas de uma vez.<\/p><p> Assim, o usu\u00e1rio pode escolher se deseja fechar apenas a pasta de trabalho atual ou todas as pastas de trabalho abertas de uma vez usando o atalho do teclado.<\/p><h2 class=\"wp-block-heading\"> Atalho de teclado para fechar pastas de trabalho no Excel<\/h2><p> Os atalhos de teclado para fechar a pasta de trabalho atual ou todas as pastas de trabalho abertas s\u00e3o mencionados abaixo:<\/p><p> <strong>Para fechar a pasta de trabalho:<\/strong><\/p><p> <kbd>Ctrl<\/kbd> + <kbd>W<\/kbd> ou <kbd>Alt<\/kbd> + <kbd>F4<\/kbd> <\/p><div class=\"wp-block-image\"><figure class=\"aligncenter size-full is-resized\"><img loading=\"lazy\" decoding=\"async\" class=\"wp-image-72777\" src=\"https:\/\/exceladvisor.org\/wp-content\/uploads\/2023\/08\/1-raccourci-clavier-pour-fermer-le-classeur-en-cours1.png\" sizes=\"auto, \" srcset=\"\" alt=\"atalho de teclado para fechar a pasta de trabalho atual\" width=\"725\" height=\"284\"><\/figure><\/div><p> <strong>Para fechar o aplicativo Excel:<\/strong><\/p><p> <kbd>Alt<\/kbd> \u2192 <kbd>F<\/kbd> <kbd>\u2192<\/kbd> <\/p><div class=\"wp-block-image\"><figure class=\"aligncenter size-full is-resized\"><img loading=\"lazy\" decoding=\"async\" class=\"wp-image-72778\" src=\"https:\/\/exceladvisor.org\/wp-content\/uploads\/2023\/08\/2-raccourci-pour-fermer-tous-les-fichiers-excel.png\" sizes=\"auto, \" srcset=\"\" alt=\"atalho para fechar todos os arquivos do Excel\" width=\"730\" height=\"286\"><\/figure><\/div><h2 class=\"wp-block-heading\"> Etapas para fechar pastas de trabalho usando atalho de teclado<\/h2><ol><li> Primeiro, navegue at\u00e9 a pasta de trabalho que deseja fechar entre as abertas.<\/li><li> Depois disso, basta pressionar as teclas \u201cCtrl + W\u201d ou \u201cAlt + F4\u201d e sua pasta de trabalho atual ser\u00e1 fechada.<\/li><li> Ou v\u00e1 para qualquer pasta de trabalho aberta e simplesmente pressione as teclas \u201cAlt \u2192 F \u2192 X\u201d em ordem e todas as pastas de trabalho abertas ser\u00e3o fechadas de uma vez.<\/li><\/ol><p> Se voc\u00ea fizer alguma altera\u00e7\u00e3o no Excel, como inserir o valor, editar ou atualizar uma c\u00e9lula, e n\u00e3o conseguir salvar a pasta de trabalho antes de fechar, ele solicitar\u00e1 que voc\u00ea feche salvando as altera\u00e7\u00f5es ou sem salv\u00e1-las. <\/p><div class=\"wp-block-image\"><figure class=\"aligncenter size-full\"><img loading=\"lazy\" decoding=\"async\" class=\"wp-image-72779\" src=\"https:\/\/exceladvisor.org\/wp-content\/uploads\/2023\/08\/3-options-denregistrement-des-modifications.png\" sizes=\"auto, \" srcset=\"\" alt=\"op\u00e7\u00e3o para salvar altera\u00e7\u00f5es\" width=\"428\" height=\"144\"><\/figure><\/div><div class=\"wp-block-group more-tutorials is-layout-flow\"><div class=\"wp-block-group__inner-container\"><h2 class=\"wp-block-heading\"> Mais tutoriais <\/h2><div class=\"wp-block-columns is-layout-flex wp-container-19\"><div class=\"wp-block-column is-layout-flow\"><ul><li> <a href=\"https:\/\/exceladvisor.org\/pt\/tela-cheia\/\">Tela cheia<\/a><\/li><li> <a href=\"https:\/\/exceladvisor.org\/pt\/banda\/\">Banda<\/a><\/li><li> <a href=\"https:\/\/exceladvisor.org\/pt\/visualizacao-de-impressao-1\/\">Visualizar antes de imprimir<\/a><\/li><\/ul><\/div><div class=\"wp-block-column is-layout-flow\"><ul><li> <a href=\"https:\/\/exceladvisor.org\/pt\/salvar-como\/\">Salvar como<\/a><\/li><li> <a href=\"https:\/\/exceladvisor.org\/pt\/alterar-guia\/\">Guia Alternar<\/a><\/li><li> <a href=\"https:\/\/exceladvisor.org\/pt\/desfazer-refazer\/\">Desfazer e refazer<\/a><\/li><\/ul><\/div><\/div><\/div><\/div>","protected":false},"excerpt":{"rendered":"","protected":false},"author":1,"featured_media":0,"parent":0,"menu_order":0,"comment_status":"open","ping_status":"closed","template":"","meta":{"ub_ctt_via":"","footnotes":""},"class_list":["post-600","page","type-page","status-publish","hentry"],"featured_image_src":null,"yoast_head":"<!-- This site is optimized with the Yoast SEO plugin v25.4 - https:\/\/yoast.com\/wordpress\/plugins\/seo\/ -->\n<title>\u25b7 Como fechar pastas de trabalho usando o atalho do Excel?<\/title>\n<meta name=\"description\" content=\"Saiba como usar um atalho de teclado que pode ser usado no Excel para fechar a pasta de trabalho e o aplicativo Excel.\" \/>\n<meta name=\"robots\" content=\"index, follow, max-snippet:-1, max-image-preview:large, max-video-preview:-1\" \/>\n<link rel=\"canonical\" href=\"https:\/\/exceladvisor.org\/pt\/fechar\/\" \/>\n<meta property=\"og:locale\" content=\"pt_PT\" \/>\n<meta property=\"og:type\" content=\"article\" \/>\n<meta property=\"og:title\" content=\"\u25b7 Como fechar pastas de trabalho usando o atalho do Excel?\" \/>\n<meta property=\"og:description\" content=\"Saiba como usar um atalho de teclado que pode ser usado no Excel para fechar a pasta de trabalho e o aplicativo Excel.\" \/>\n<meta property=\"og:url\" content=\"https:\/\/exceladvisor.org\/pt\/fechar\/\" \/>\n<meta property=\"og:site_name\" content=\"Excel Advisor\" \/>\n<meta property=\"article:modified_time\" content=\"2023-12-06T11:37:51+00:00\" \/>\n<meta property=\"og:image\" content=\"https:\/\/exceladvisor.org\/wp-content\/uploads\/2023\/08\/1-raccourci-clavier-pour-fermer-le-classeur-en-cours1.png\" \/>\n<meta name=\"twitter:card\" content=\"summary_large_image\" \/>\n<meta name=\"twitter:label1\" content=\"Tempo estimado de leitura\" \/>\n\t<meta name=\"twitter:data1\" content=\"1 minuto\" \/>\n<script type=\"application\/ld+json\" class=\"yoast-schema-graph\">{\"@context\":\"https:\/\/schema.org\",\"@graph\":[{\"@type\":\"WebPage\",\"@id\":\"https:\/\/exceladvisor.org\/pt\/fechar\/\",\"url\":\"https:\/\/exceladvisor.org\/pt\/fechar\/\",\"name\":\"\u25b7 Como fechar pastas de trabalho usando o atalho do Excel?\",\"isPartOf\":{\"@id\":\"https:\/\/exceladvisor.org\/pt\/#website\"},\"primaryImageOfPage\":{\"@id\":\"https:\/\/exceladvisor.org\/pt\/fechar\/#primaryimage\"},\"image\":{\"@id\":\"https:\/\/exceladvisor.org\/pt\/fechar\/#primaryimage\"},\"thumbnailUrl\":\"https:\/\/exceladvisor.org\/wp-content\/uploads\/2023\/08\/1-raccourci-clavier-pour-fermer-le-classeur-en-cours1.png\",\"datePublished\":\"2023-10-20T19:10:00+00:00\",\"dateModified\":\"2023-12-06T11:37:51+00:00\",\"description\":\"Saiba como usar um atalho de teclado que pode ser usado no Excel para fechar a pasta de trabalho e o aplicativo Excel.\",\"breadcrumb\":{\"@id\":\"https:\/\/exceladvisor.org\/pt\/fechar\/#breadcrumb\"},\"inLanguage\":\"pt-PT\",\"potentialAction\":[{\"@type\":\"ReadAction\",\"target\":[\"https:\/\/exceladvisor.org\/pt\/fechar\/\"]}]},{\"@type\":\"ImageObject\",\"inLanguage\":\"pt-PT\",\"@id\":\"https:\/\/exceladvisor.org\/pt\/fechar\/#primaryimage\",\"url\":\"https:\/\/exceladvisor.org\/wp-content\/uploads\/2023\/08\/1-raccourci-clavier-pour-fermer-le-classeur-en-cours1.png\",\"contentUrl\":\"https:\/\/exceladvisor.org\/wp-content\/uploads\/2023\/08\/1-raccourci-clavier-pour-fermer-le-classeur-en-cours1.png\"},{\"@type\":\"BreadcrumbList\",\"@id\":\"https:\/\/exceladvisor.org\/pt\/fechar\/#breadcrumb\",\"itemListElement\":[{\"@type\":\"ListItem\",\"position\":1,\"name\":\"Lar\",\"item\":\"https:\/\/exceladvisor.org\/pt\/\"},{\"@type\":\"ListItem\",\"position\":2,\"name\":\"Como fechar pastas de trabalho usando o atalho do excel?\"}]},{\"@type\":\"WebSite\",\"@id\":\"https:\/\/exceladvisor.org\/pt\/#website\",\"url\":\"https:\/\/exceladvisor.org\/pt\/\",\"name\":\"Excel Advisor\",\"description\":\"O seu guia definitivo para dominar os dados!\",\"publisher\":{\"@id\":\"https:\/\/exceladvisor.org\/pt\/#organization\"},\"potentialAction\":[{\"@type\":\"SearchAction\",\"target\":{\"@type\":\"EntryPoint\",\"urlTemplate\":\"https:\/\/exceladvisor.org\/pt\/?s={search_term_string}\"},\"query-input\":{\"@type\":\"PropertyValueSpecification\",\"valueRequired\":true,\"valueName\":\"search_term_string\"}}],\"inLanguage\":\"pt-PT\"},{\"@type\":\"Organization\",\"@id\":\"https:\/\/exceladvisor.org\/pt\/#organization\",\"name\":\"Excel Advisor\",\"url\":\"https:\/\/exceladvisor.org\/pt\/\",\"logo\":{\"@type\":\"ImageObject\",\"inLanguage\":\"pt-PT\",\"@id\":\"https:\/\/exceladvisor.org\/pt\/#\/schema\/logo\/image\/\",\"url\":\"https:\/\/exceladvisor.org\/pt\/wp-content\/uploads\/2023\/12\/exceladvisor.org_.png\",\"contentUrl\":\"https:\/\/exceladvisor.org\/pt\/wp-content\/uploads\/2023\/12\/exceladvisor.org_.png\",\"width\":105,\"height\":36,\"caption\":\"Excel Advisor\"},\"image\":{\"@id\":\"https:\/\/exceladvisor.org\/pt\/#\/schema\/logo\/image\/\"}}]}<\/script>\n<!-- \/ Yoast SEO plugin. -->","yoast_head_json":{"title":"\u25b7 Como fechar pastas de trabalho usando o atalho do Excel?","description":"Saiba como usar um atalho de teclado que pode ser usado no Excel para fechar a pasta de trabalho e o aplicativo Excel.","robots":{"index":"index","follow":"follow","max-snippet":"max-snippet:-1","max-image-preview":"max-image-preview:large","max-video-preview":"max-video-preview:-1"},"canonical":"https:\/\/exceladvisor.org\/pt\/fechar\/","og_locale":"pt_PT","og_type":"article","og_title":"\u25b7 Como fechar pastas de trabalho usando o atalho do Excel?","og_description":"Saiba como usar um atalho de teclado que pode ser usado no Excel para fechar a pasta de trabalho e o aplicativo Excel.","og_url":"https:\/\/exceladvisor.org\/pt\/fechar\/","og_site_name":"Excel Advisor","article_modified_time":"2023-12-06T11:37:51+00:00","og_image":[{"url":"https:\/\/exceladvisor.org\/wp-content\/uploads\/2023\/08\/1-raccourci-clavier-pour-fermer-le-classeur-en-cours1.png","type":"","width":"","height":""}],"twitter_card":"summary_large_image","twitter_misc":{"Tempo estimado de leitura":"1 minuto"},"schema":{"@context":"https:\/\/schema.org","@graph":[{"@type":"WebPage","@id":"https:\/\/exceladvisor.org\/pt\/fechar\/","url":"https:\/\/exceladvisor.org\/pt\/fechar\/","name":"\u25b7 Como fechar pastas de trabalho usando o atalho do Excel?","isPartOf":{"@id":"https:\/\/exceladvisor.org\/pt\/#website"},"primaryImageOfPage":{"@id":"https:\/\/exceladvisor.org\/pt\/fechar\/#primaryimage"},"image":{"@id":"https:\/\/exceladvisor.org\/pt\/fechar\/#primaryimage"},"thumbnailUrl":"https:\/\/exceladvisor.org\/wp-content\/uploads\/2023\/08\/1-raccourci-clavier-pour-fermer-le-classeur-en-cours1.png","datePublished":"2023-10-20T19:10:00+00:00","dateModified":"2023-12-06T11:37:51+00:00","description":"Saiba como usar um atalho de teclado que pode ser usado no Excel para fechar a pasta de trabalho e o aplicativo Excel.","breadcrumb":{"@id":"https:\/\/exceladvisor.org\/pt\/fechar\/#breadcrumb"},"inLanguage":"pt-PT","potentialAction":[{"@type":"ReadAction","target":["https:\/\/exceladvisor.org\/pt\/fechar\/"]}]},{"@type":"ImageObject","inLanguage":"pt-PT","@id":"https:\/\/exceladvisor.org\/pt\/fechar\/#primaryimage","url":"https:\/\/exceladvisor.org\/wp-content\/uploads\/2023\/08\/1-raccourci-clavier-pour-fermer-le-classeur-en-cours1.png","contentUrl":"https:\/\/exceladvisor.org\/wp-content\/uploads\/2023\/08\/1-raccourci-clavier-pour-fermer-le-classeur-en-cours1.png"},{"@type":"BreadcrumbList","@id":"https:\/\/exceladvisor.org\/pt\/fechar\/#breadcrumb","itemListElement":[{"@type":"ListItem","position":1,"name":"Lar","item":"https:\/\/exceladvisor.org\/pt\/"},{"@type":"ListItem","position":2,"name":"Como fechar pastas de trabalho usando o atalho do excel?"}]},{"@type":"WebSite","@id":"https:\/\/exceladvisor.org\/pt\/#website","url":"https:\/\/exceladvisor.org\/pt\/","name":"Excel Advisor","description":"O seu guia definitivo para dominar os dados!","publisher":{"@id":"https:\/\/exceladvisor.org\/pt\/#organization"},"potentialAction":[{"@type":"SearchAction","target":{"@type":"EntryPoint","urlTemplate":"https:\/\/exceladvisor.org\/pt\/?s={search_term_string}"},"query-input":{"@type":"PropertyValueSpecification","valueRequired":true,"valueName":"search_term_string"}}],"inLanguage":"pt-PT"},{"@type":"Organization","@id":"https:\/\/exceladvisor.org\/pt\/#organization","name":"Excel Advisor","url":"https:\/\/exceladvisor.org\/pt\/","logo":{"@type":"ImageObject","inLanguage":"pt-PT","@id":"https:\/\/exceladvisor.org\/pt\/#\/schema\/logo\/image\/","url":"https:\/\/exceladvisor.org\/pt\/wp-content\/uploads\/2023\/12\/exceladvisor.org_.png","contentUrl":"https:\/\/exceladvisor.org\/pt\/wp-content\/uploads\/2023\/12\/exceladvisor.org_.png","width":105,"height":36,"caption":"Excel Advisor"},"image":{"@id":"https:\/\/exceladvisor.org\/pt\/#\/schema\/logo\/image\/"}}]}},"yoast_meta":{"yoast_wpseo_title":"","yoast_wpseo_metadesc":"","yoast_wpseo_canonical":""},"_links":{"self":[{"href":"https:\/\/exceladvisor.org\/pt\/wp-json\/wp\/v2\/pages\/600","targetHints":{"allow":["GET"]}}],"collection":[{"href":"https:\/\/exceladvisor.org\/pt\/wp-json\/wp\/v2\/pages"}],"about":[{"href":"https:\/\/exceladvisor.org\/pt\/wp-json\/wp\/v2\/types\/page"}],"author":[{"embeddable":true,"href":"https:\/\/exceladvisor.org\/pt\/wp-json\/wp\/v2\/users\/1"}],"replies":[{"embeddable":true,"href":"https:\/\/exceladvisor.org\/pt\/wp-json\/wp\/v2\/comments?post=600"}],"version-history":[{"count":1,"href":"https:\/\/exceladvisor.org\/pt\/wp-json\/wp\/v2\/pages\/600\/revisions"}],"predecessor-version":[{"id":1075,"href":"https:\/\/exceladvisor.org\/pt\/wp-json\/wp\/v2\/pages\/600\/revisions\/1075"}],"wp:attachment":[{"href":"https:\/\/exceladvisor.org\/pt\/wp-json\/wp\/v2\/media?parent=600"}],"curies":[{"name":"wp","href":"https:\/\/api.w.org\/{rel}","templated":true}]}}