{"id":601,"date":"2023-10-20T07:42:36","date_gmt":"2023-10-20T07:42:36","guid":{"rendered":"https:\/\/exceladvisor.org\/pt\/indice-2\/"},"modified":"2023-12-06T11:51:31","modified_gmt":"2023-12-06T11:51:31","slug":"indice-2","status":"publish","type":"page","link":"https:\/\/exceladvisor.org\/pt\/indice-2\/","title":{"rendered":"Qual \u00e9 o atalho de teclado para subscrito no excel?"},"content":{"rendered":"<div class=\"excel-before-content-2\" id=\"excel-1283756139\"><script type=\"text\/javascript\">\r\n\tatOptions = {\r\n\t\t'key' : 'c1158f160081d6540a8409e6925dab94',\r\n\t\t'format' : 'iframe',\r\n\t\t'height' : 250,\r\n\t\t'width' : 300,\r\n\t\t'params' : {}\r\n\t};\r\n<\/script>\r\n<script type=\"text\/javascript\" src=\"\/\/www.highperformanceformat.com\/c1158f160081d6540a8409e6925dab94\/invoke.js\"><\/script><\/div><div class=\"excel-before-content\" id=\"excel-994220395\"><script type=\"text\/javascript\">\r\n\tatOptions = {\r\n\t\t'key' : 'c1158f160081d6540a8409e6925dab94',\r\n\t\t'format' : 'iframe',\r\n\t\t'height' : 250,\r\n\t\t'width' : 300,\r\n\t\t'params' : {}\r\n\t};\r\n<\/script>\r\n<script type=\"text\/javascript\" src=\"\/\/www.highperformanceformat.com\/c1158f160081d6540a8409e6925dab94\/invoke.js\"><\/script><\/div> <p>Subscrito \u00e9 a formata\u00e7\u00e3o de texto usada para mover qualquer texto, string ou valor num\u00e9rico ligeiramente abaixo do restante do texto na c\u00e9lula. O sobrescrito no Excel \u00e9 amplamente utilizado para inserir f\u00f3rmulas cient\u00edficas como H <sub>2<\/sub> O e CO <sub>2.<\/sub><\/p><p> O subscrito converte o texto selecionado em um tamanho menor e se move um pouco abaixo do restante dos caracteres da c\u00e9lula.<\/p><h2 class=\"wp-block-heading\"> Atalho de teclado para subscrito no Excel<\/h2><p> No Excel, para utilizar a dica, o usu\u00e1rio deve seguir a combina\u00e7\u00e3o de teclas abaixo, pois o Excel n\u00e3o possui um atalho padr\u00e3o definido para isso.<\/p><p> <kbd>Ctrl<\/kbd> + <kbd>1<\/kbd> e <kbd>Alt<\/kbd> + <kbd>B<\/kbd> \u2192 <kbd>Enter<\/kbd> <\/p><div class=\"wp-block-image\"><figure class=\"aligncenter size-full is-resized\"><img loading=\"lazy\" decoding=\"async\" class=\"wp-image-67549\" src=\"https:\/\/exceladvisor.org\/wp-content\/uploads\/2023\/08\/1-raccourci-vers-lindice.png\" sizes=\"auto, \" srcset=\"\" alt=\"atalho para indexar\" width=\"894\" height=\"351\"><\/figure><\/div><h2 class=\"wp-block-heading\"> Etapas para usar dicas usando atalho de teclado<\/h2><ol><li> Primeiro, clique duas vezes na c\u00e9lula e selecione apenas o texto que deseja usar como sobrescrito. <br><img loading=\"lazy\" decoding=\"async\" title=\"2-selecionar texto\" src=\"https:\/\/exceladvisor.org\/wp-content\/uploads\/2023\/08\/2-selectionnez-le-texte.png\" sizes=\"auto, \" srcset=\"\" alt=\"select-the-text\" width=\"261\" height=\"212\"><\/li><li> Depois disso, pressione as teclas \u201cCtrl + 1\u201d e voc\u00ea abrir\u00e1 a caixa de di\u00e1logo \u201cFormatar c\u00e9lulas\u201d.<\/li><li> Agora pressione as teclas \u201cAlt + B\u201d para mover a sele\u00e7\u00e3o para verificar a op\u00e7\u00e3o Dica. <br><img loading=\"lazy\" decoding=\"async\" title=\"Caixa de di\u00e1logo de 3 c\u00e9lulas de formato\" src=\"https:\/\/exceladvisor.org\/wp-content\/uploads\/2023\/08\/3-boite-de-dialogue-de-mise-en-forme-des-cellules.png\" sizes=\"auto, \" srcset=\"\" alt=\"format-cells-dialog-box\" width=\"486\" height=\"450\"><\/li><li> Ao final, pressione a tecla \u201cEnter\u201d e o valor selecionado (texto ou num\u00e9rico) ser\u00e1 movido para cima entre os demais caracteres da c\u00e9lula. <br><img loading=\"lazy\" decoding=\"async\" title=\"Texto de 4 \u00edndices\" src=\"https:\/\/exceladvisor.org\/wp-content\/uploads\/2023\/08\/4-texte-en-indice.png\" sizes=\"auto, \" srcset=\"\" alt=\"subscript-text\" width=\"268\" height=\"215\"><\/li><\/ol><div class=\"gb-container gb-container-2116538e gb-container-mt\"> <a class=\"gb-button gb-button-f7d2c131 gb-button-text gb-button-mt-button\" href=\"https:\/\/exceladvisor.org\/pt\/atalhos-do-teclado\/\">Atalhos de teclado do Excel PDF<\/a><h2 class=\"gb-headline gb-headline-7ed68554 gb-headline-text gb-headline-mt-heading\"> Mais atalhos <\/h2><div class=\"gb-grid-wrapper gb-grid-wrapper-edeef538 gb-grid-wrapper-mt-grid\"><div class=\"gb-grid-column gb-grid-column-766d598b\"><div class=\"gb-container gb-container-766d598b\"><ul><li> <a href=\"https:\/\/exceladvisor.org\/pt\/formato-de-moeda\/\">Formato de moeda Applu<\/a><\/li><li> Porcentagem de formato<\/li><li> <a href=\"https:\/\/exceladvisor.org\/pt\/formato-de-data\/\">Aplicar formato de data<\/a><\/li><li> <a href=\"https:\/\/exceladvisor.org\/pt\/formato-de-hora\/\">Aplicar formato de hora<\/a><\/li><\/ul><\/div><\/div><\/div><\/div>","protected":false},"excerpt":{"rendered":"","protected":false},"author":1,"featured_media":0,"parent":0,"menu_order":0,"comment_status":"open","ping_status":"closed","template":"","meta":{"ub_ctt_via":"","footnotes":""},"class_list":["post-601","page","type-page","status-publish","hentry"],"featured_image_src":null,"yoast_head":"<!-- This site is optimized with the Yoast SEO plugin v25.4 - https:\/\/yoast.com\/wordpress\/plugins\/seo\/ -->\n<title>Qual \u00e9 o atalho de teclado para subscrito no Excel?<\/title>\n<meta name=\"description\" content=\"Vamos aprender como usar um atalho de teclado para aplicar um expoente em uma planilha do Excel. Vamos verificar isso\u2026\" \/>\n<meta name=\"robots\" content=\"index, follow, max-snippet:-1, max-image-preview:large, max-video-preview:-1\" \/>\n<link rel=\"canonical\" href=\"https:\/\/exceladvisor.org\/pt\/indice-2\/\" \/>\n<meta property=\"og:locale\" content=\"pt_PT\" \/>\n<meta property=\"og:type\" content=\"article\" \/>\n<meta property=\"og:title\" content=\"Qual \u00e9 o atalho de teclado para subscrito no Excel?\" \/>\n<meta property=\"og:description\" content=\"Vamos aprender como usar um atalho de teclado para aplicar um expoente em uma planilha do Excel. Vamos verificar isso\u2026\" \/>\n<meta property=\"og:url\" content=\"https:\/\/exceladvisor.org\/pt\/indice-2\/\" \/>\n<meta property=\"og:site_name\" content=\"Excel Advisor\" \/>\n<meta property=\"article:modified_time\" content=\"2023-12-06T11:51:31+00:00\" \/>\n<meta property=\"og:image\" content=\"https:\/\/exceladvisor.org\/wp-content\/uploads\/2023\/08\/1-raccourci-vers-lindice.png\" \/>\n<meta name=\"twitter:card\" content=\"summary_large_image\" \/>\n<meta name=\"twitter:label1\" content=\"Tempo estimado de leitura\" \/>\n\t<meta name=\"twitter:data1\" content=\"1 minuto\" \/>\n<script type=\"application\/ld+json\" class=\"yoast-schema-graph\">{\"@context\":\"https:\/\/schema.org\",\"@graph\":[{\"@type\":\"WebPage\",\"@id\":\"https:\/\/exceladvisor.org\/pt\/indice-2\/\",\"url\":\"https:\/\/exceladvisor.org\/pt\/indice-2\/\",\"name\":\"Qual \u00e9 o atalho de teclado para subscrito no Excel?\",\"isPartOf\":{\"@id\":\"https:\/\/exceladvisor.org\/pt\/#website\"},\"primaryImageOfPage\":{\"@id\":\"https:\/\/exceladvisor.org\/pt\/indice-2\/#primaryimage\"},\"image\":{\"@id\":\"https:\/\/exceladvisor.org\/pt\/indice-2\/#primaryimage\"},\"thumbnailUrl\":\"https:\/\/exceladvisor.org\/wp-content\/uploads\/2023\/08\/1-raccourci-vers-lindice.png\",\"datePublished\":\"2023-10-20T07:42:36+00:00\",\"dateModified\":\"2023-12-06T11:51:31+00:00\",\"description\":\"Vamos aprender como usar um atalho de teclado para aplicar um expoente em uma planilha do Excel. Vamos verificar isso\u2026\",\"breadcrumb\":{\"@id\":\"https:\/\/exceladvisor.org\/pt\/indice-2\/#breadcrumb\"},\"inLanguage\":\"pt-PT\",\"potentialAction\":[{\"@type\":\"ReadAction\",\"target\":[\"https:\/\/exceladvisor.org\/pt\/indice-2\/\"]}]},{\"@type\":\"ImageObject\",\"inLanguage\":\"pt-PT\",\"@id\":\"https:\/\/exceladvisor.org\/pt\/indice-2\/#primaryimage\",\"url\":\"https:\/\/exceladvisor.org\/wp-content\/uploads\/2023\/08\/1-raccourci-vers-lindice.png\",\"contentUrl\":\"https:\/\/exceladvisor.org\/wp-content\/uploads\/2023\/08\/1-raccourci-vers-lindice.png\"},{\"@type\":\"BreadcrumbList\",\"@id\":\"https:\/\/exceladvisor.org\/pt\/indice-2\/#breadcrumb\",\"itemListElement\":[{\"@type\":\"ListItem\",\"position\":1,\"name\":\"Lar\",\"item\":\"https:\/\/exceladvisor.org\/pt\/\"},{\"@type\":\"ListItem\",\"position\":2,\"name\":\"Qual \u00e9 o atalho de teclado para subscrito no excel?\"}]},{\"@type\":\"WebSite\",\"@id\":\"https:\/\/exceladvisor.org\/pt\/#website\",\"url\":\"https:\/\/exceladvisor.org\/pt\/\",\"name\":\"Excel Advisor\",\"description\":\"O seu guia definitivo para dominar os dados!\",\"publisher\":{\"@id\":\"https:\/\/exceladvisor.org\/pt\/#organization\"},\"potentialAction\":[{\"@type\":\"SearchAction\",\"target\":{\"@type\":\"EntryPoint\",\"urlTemplate\":\"https:\/\/exceladvisor.org\/pt\/?s={search_term_string}\"},\"query-input\":{\"@type\":\"PropertyValueSpecification\",\"valueRequired\":true,\"valueName\":\"search_term_string\"}}],\"inLanguage\":\"pt-PT\"},{\"@type\":\"Organization\",\"@id\":\"https:\/\/exceladvisor.org\/pt\/#organization\",\"name\":\"Excel Advisor\",\"url\":\"https:\/\/exceladvisor.org\/pt\/\",\"logo\":{\"@type\":\"ImageObject\",\"inLanguage\":\"pt-PT\",\"@id\":\"https:\/\/exceladvisor.org\/pt\/#\/schema\/logo\/image\/\",\"url\":\"https:\/\/exceladvisor.org\/pt\/wp-content\/uploads\/2023\/12\/exceladvisor.org_.png\",\"contentUrl\":\"https:\/\/exceladvisor.org\/pt\/wp-content\/uploads\/2023\/12\/exceladvisor.org_.png\",\"width\":105,\"height\":36,\"caption\":\"Excel Advisor\"},\"image\":{\"@id\":\"https:\/\/exceladvisor.org\/pt\/#\/schema\/logo\/image\/\"}}]}<\/script>\n<!-- \/ Yoast SEO plugin. -->","yoast_head_json":{"title":"Qual \u00e9 o atalho de teclado para subscrito no Excel?","description":"Vamos aprender como usar um atalho de teclado para aplicar um expoente em uma planilha do Excel. Vamos verificar isso\u2026","robots":{"index":"index","follow":"follow","max-snippet":"max-snippet:-1","max-image-preview":"max-image-preview:large","max-video-preview":"max-video-preview:-1"},"canonical":"https:\/\/exceladvisor.org\/pt\/indice-2\/","og_locale":"pt_PT","og_type":"article","og_title":"Qual \u00e9 o atalho de teclado para subscrito no Excel?","og_description":"Vamos aprender como usar um atalho de teclado para aplicar um expoente em uma planilha do Excel. Vamos verificar isso\u2026","og_url":"https:\/\/exceladvisor.org\/pt\/indice-2\/","og_site_name":"Excel Advisor","article_modified_time":"2023-12-06T11:51:31+00:00","og_image":[{"url":"https:\/\/exceladvisor.org\/wp-content\/uploads\/2023\/08\/1-raccourci-vers-lindice.png","type":"","width":"","height":""}],"twitter_card":"summary_large_image","twitter_misc":{"Tempo estimado de leitura":"1 minuto"},"schema":{"@context":"https:\/\/schema.org","@graph":[{"@type":"WebPage","@id":"https:\/\/exceladvisor.org\/pt\/indice-2\/","url":"https:\/\/exceladvisor.org\/pt\/indice-2\/","name":"Qual \u00e9 o atalho de teclado para subscrito no Excel?","isPartOf":{"@id":"https:\/\/exceladvisor.org\/pt\/#website"},"primaryImageOfPage":{"@id":"https:\/\/exceladvisor.org\/pt\/indice-2\/#primaryimage"},"image":{"@id":"https:\/\/exceladvisor.org\/pt\/indice-2\/#primaryimage"},"thumbnailUrl":"https:\/\/exceladvisor.org\/wp-content\/uploads\/2023\/08\/1-raccourci-vers-lindice.png","datePublished":"2023-10-20T07:42:36+00:00","dateModified":"2023-12-06T11:51:31+00:00","description":"Vamos aprender como usar um atalho de teclado para aplicar um expoente em uma planilha do Excel. Vamos verificar isso\u2026","breadcrumb":{"@id":"https:\/\/exceladvisor.org\/pt\/indice-2\/#breadcrumb"},"inLanguage":"pt-PT","potentialAction":[{"@type":"ReadAction","target":["https:\/\/exceladvisor.org\/pt\/indice-2\/"]}]},{"@type":"ImageObject","inLanguage":"pt-PT","@id":"https:\/\/exceladvisor.org\/pt\/indice-2\/#primaryimage","url":"https:\/\/exceladvisor.org\/wp-content\/uploads\/2023\/08\/1-raccourci-vers-lindice.png","contentUrl":"https:\/\/exceladvisor.org\/wp-content\/uploads\/2023\/08\/1-raccourci-vers-lindice.png"},{"@type":"BreadcrumbList","@id":"https:\/\/exceladvisor.org\/pt\/indice-2\/#breadcrumb","itemListElement":[{"@type":"ListItem","position":1,"name":"Lar","item":"https:\/\/exceladvisor.org\/pt\/"},{"@type":"ListItem","position":2,"name":"Qual \u00e9 o atalho de teclado para subscrito no excel?"}]},{"@type":"WebSite","@id":"https:\/\/exceladvisor.org\/pt\/#website","url":"https:\/\/exceladvisor.org\/pt\/","name":"Excel Advisor","description":"O seu guia definitivo para dominar os dados!","publisher":{"@id":"https:\/\/exceladvisor.org\/pt\/#organization"},"potentialAction":[{"@type":"SearchAction","target":{"@type":"EntryPoint","urlTemplate":"https:\/\/exceladvisor.org\/pt\/?s={search_term_string}"},"query-input":{"@type":"PropertyValueSpecification","valueRequired":true,"valueName":"search_term_string"}}],"inLanguage":"pt-PT"},{"@type":"Organization","@id":"https:\/\/exceladvisor.org\/pt\/#organization","name":"Excel Advisor","url":"https:\/\/exceladvisor.org\/pt\/","logo":{"@type":"ImageObject","inLanguage":"pt-PT","@id":"https:\/\/exceladvisor.org\/pt\/#\/schema\/logo\/image\/","url":"https:\/\/exceladvisor.org\/pt\/wp-content\/uploads\/2023\/12\/exceladvisor.org_.png","contentUrl":"https:\/\/exceladvisor.org\/pt\/wp-content\/uploads\/2023\/12\/exceladvisor.org_.png","width":105,"height":36,"caption":"Excel Advisor"},"image":{"@id":"https:\/\/exceladvisor.org\/pt\/#\/schema\/logo\/image\/"}}]}},"yoast_meta":{"yoast_wpseo_title":"","yoast_wpseo_metadesc":"","yoast_wpseo_canonical":""},"_links":{"self":[{"href":"https:\/\/exceladvisor.org\/pt\/wp-json\/wp\/v2\/pages\/601","targetHints":{"allow":["GET"]}}],"collection":[{"href":"https:\/\/exceladvisor.org\/pt\/wp-json\/wp\/v2\/pages"}],"about":[{"href":"https:\/\/exceladvisor.org\/pt\/wp-json\/wp\/v2\/types\/page"}],"author":[{"embeddable":true,"href":"https:\/\/exceladvisor.org\/pt\/wp-json\/wp\/v2\/users\/1"}],"replies":[{"embeddable":true,"href":"https:\/\/exceladvisor.org\/pt\/wp-json\/wp\/v2\/comments?post=601"}],"version-history":[{"count":1,"href":"https:\/\/exceladvisor.org\/pt\/wp-json\/wp\/v2\/pages\/601\/revisions"}],"predecessor-version":[{"id":1483,"href":"https:\/\/exceladvisor.org\/pt\/wp-json\/wp\/v2\/pages\/601\/revisions\/1483"}],"wp:attachment":[{"href":"https:\/\/exceladvisor.org\/pt\/wp-json\/wp\/v2\/media?parent=601"}],"curies":[{"name":"wp","href":"https:\/\/api.w.org\/{rel}","templated":true}]}}