{"id":602,"date":"2023-10-20T06:06:43","date_gmt":"2023-10-20T06:06:43","guid":{"rendered":"https:\/\/exceladvisor.org\/pt\/insira-uma-linha\/"},"modified":"2023-12-06T11:38:13","modified_gmt":"2023-12-06T11:38:13","slug":"insira-uma-linha","status":"publish","type":"page","link":"https:\/\/exceladvisor.org\/pt\/insira-uma-linha\/","title":{"rendered":"Como inserir uma linha usando o atalho do excel?"},"content":{"rendered":"<div class=\"excel-before-content-2\" id=\"excel-1242039544\"><script type=\"text\/javascript\">\r\n\tatOptions = {\r\n\t\t'key' : 'c1158f160081d6540a8409e6925dab94',\r\n\t\t'format' : 'iframe',\r\n\t\t'height' : 250,\r\n\t\t'width' : 300,\r\n\t\t'params' : {}\r\n\t};\r\n<\/script>\r\n<script type=\"text\/javascript\" src=\"\/\/www.highperformanceformat.com\/c1158f160081d6540a8409e6925dab94\/invoke.js\"><\/script><\/div><div class=\"excel-before-content\" id=\"excel-211229524\"><script type=\"text\/javascript\">\r\n\tatOptions = {\r\n\t\t'key' : 'c1158f160081d6540a8409e6925dab94',\r\n\t\t'format' : 'iframe',\r\n\t\t'height' : 250,\r\n\t\t'width' : 300,\r\n\t\t'params' : {}\r\n\t};\r\n<\/script>\r\n<script type=\"text\/javascript\" src=\"\/\/www.highperformanceformat.com\/c1158f160081d6540a8409e6925dab94\/invoke.js\"><\/script><\/div> <p>Inserir ou adicionar uma linha no Excel \u00e9 uma tarefa f\u00e1cil se voc\u00ea conhece o atalho. Freq\u00fcentemente, ao trabalhar no Excel, os usu\u00e1rios desejam adicionar linhas em branco e podem adicion\u00e1-las muito rapidamente usando atalhos de teclado em vez de ir para o \u00edcone &#8220;Inserir&#8221; na guia &#8220;P\u00e1gina inicial&#8221;.<\/p><h2 class=\"wp-block-heading\"> Atalho de teclado para inserir uma nova linha no Excel<\/h2><p> <kbd>Alt<\/kbd> \u2192 <kbd>I<\/kbd> \u2192 <kbd>R<\/kbd> <\/p><div class=\"wp-block-image\"><figure class=\"aligncenter size-full is-resized\"><img loading=\"lazy\" decoding=\"async\" class=\"wp-image-67505\" src=\"https:\/\/exceladvisor.org\/wp-content\/uploads\/2023\/08\/1-raccourci-pour-ajouter-une-ligne.png\" sizes=\"auto, \" srcset=\"\" alt=\"atalho para adicionar uma linha\" width=\"790\" height=\"310\"><\/figure><\/div><p> <kbd>Ctrl<\/kbd> + <kbd>Shift<\/kbd> <kbd>++<\/kbd> <\/p><div class=\"wp-block-image\"><figure class=\"aligncenter size-full is-resized\"><img loading=\"lazy\" decoding=\"async\" class=\"wp-image-67506\" src=\"https:\/\/exceladvisor.org\/wp-content\/uploads\/2023\/08\/2-touche-de-raccourci-pour-ajouter-une-ligne.png\" sizes=\"auto, \" srcset=\"\" alt=\"tecla de atalho para adicionar linha\" width=\"786\" height=\"308\"><\/figure><\/div><h2 class=\"wp-block-heading\"> Etapas para adicionar linhas usando um atalho de teclado<\/h2><h3 class=\"wp-block-heading\"> 1. Usando o atalho de teclado Alt \u2192 I \u2192 R<\/h3><ol><li> Primeiro, clique em qualquer c\u00e9lula da linha acima \u00e0 qual deseja adicionar a nova linha em branco. <br><img loading=\"lazy\" decoding=\"async\" title=\"3 cliques na c\u00e9lula\" src=\"https:\/\/exceladvisor.org\/wp-content\/uploads\/2023\/08\/3-cliquez-sur-la-cellule.png\" sizes=\"auto, \" srcset=\"\" alt=\"click-on-the-cell\" width=\"459\" height=\"210\"><\/li><li> Depois disso, basta pressionar \u201cAlt \u2192 I \u2192 R\u201d e voc\u00ea obter\u00e1 a nova linha inserida acima da c\u00e9lula selecionada. <br><img loading=\"lazy\" decoding=\"async\" title=\"4 novas linhas adicionadas\" src=\"https:\/\/exceladvisor.org\/wp-content\/uploads\/2023\/08\/4-nouvelle-ligne-ajoutee.png\" sizes=\"auto, \" srcset=\"\" alt=\"added-new-row\" width=\"465\" height=\"232\"><\/li><\/ol><h3 class=\"wp-block-heading\"> 2. Usando o atalho de teclado Ctrl + Shift + Sinal de adi\u00e7\u00e3o (+)<\/h3><ol><li> Primeiro, selecione a linha usando o atalho de teclado \u201cShift + Espa\u00e7o\u201d acima da qual deseja adicionar a nova linha vazia. <br><img loading=\"lazy\" decoding=\"async\" title=\"5 linhas de sele\u00e7\u00e3o\" src=\"https:\/\/exceladvisor.org\/wp-content\/uploads\/2023\/08\/5-selectionnez-la-ligne.png\" sizes=\"auto, \" srcset=\"\" alt=\"select-the-row\" width=\"485\" height=\"220\"><\/li><li> Depois disso, pressione as teclas de atalho \u201cCtrl + Shift + Sinal de Mais (+) e voc\u00ea obter\u00e1 a nova linha vazia inserida acima da linha selecionada. <br><img loading=\"lazy\" decoding=\"async\" title=\"Atalho 6 toques para adicionar uma linha\" src=\"https:\/\/exceladvisor.org\/wp-content\/uploads\/2023\/08\/6-appuyez-sur-le-raccourci-pour-ajouter-une-ligne.png\" sizes=\"auto, \" srcset=\"\" alt=\"press-shortcut-to-add-row\" width=\"494\" height=\"250\"><\/li><\/ol><h2 class=\"wp-block-heading\"> Aprendizado<\/h2><ol><li> O Excel sempre adiciona a(s) linha(s) acima da linha ou c\u00e9lula selecionada, n\u00e3o podemos alterar esta configura\u00e7\u00e3o padr\u00e3o.<\/li><li> Depois de adicionar uma linha, voc\u00ea pode simplesmente pressionar as teclas \u201cFn + F4\u201d para fazer o Excel repetir a tarefa para adicionar mais linhas em branco.<\/li><li> Caso voc\u00ea tenha v\u00e1rios conjuntos de dados na mesma planilha, converta o conjunto de dados em uma tabela porque o Excel insere a linha da coluna A at\u00e9 o final das colunas da planilha, a menos que voc\u00ea tenha os dados na tabela, o que pode atrapalhar o outro conjunto de dados. <\/li><\/ol><div class=\"wp-block-group more-tutorials is-layout-flow\"><div class=\"wp-block-group__inner-container\"><h2 class=\"wp-block-heading\"> Mais tutoriais <\/h2><div class=\"wp-block-columns is-layout-flex wp-container-75\"><div class=\"wp-block-column is-layout-flow\"><ul><li> <a href=\"https:\/\/exceladvisor.org\/pt\/adicione-a-coluna-1\/\">Adicionar uma coluna<\/a><\/li><li> <a href=\"https:\/\/exceladvisor.org\/pt\/excluir-celula\/\">Excluir c\u00e9lula<\/a><\/li><li> <a href=\"https:\/\/exceladvisor.org\/pt\/excluir-linha\/\">Excluir linhas<\/a><\/li><li> <a href=\"https:\/\/exceladvisor.org\/pt\/editar-celula\/\">Editar c\u00e9lula<\/a><\/li><\/ul><\/div><\/div><\/div><\/div>","protected":false},"excerpt":{"rendered":"","protected":false},"author":1,"featured_media":0,"parent":0,"menu_order":0,"comment_status":"open","ping_status":"closed","template":"","meta":{"ub_ctt_via":"","footnotes":""},"class_list":["post-602","page","type-page","status-publish","hentry"],"featured_image_src":null,"yoast_head":"<!-- This site is optimized with the Yoast SEO plugin v25.4 - https:\/\/yoast.com\/wordpress\/plugins\/seo\/ -->\n<title>Qual \u00e9 o atalho de teclado para inserir uma nova linha?<\/title>\n<meta name=\"description\" content=\"Vamos aprender como usar um atalho de teclado para adicionar uma linha a uma planilha do Excel. Vamos verificar isso\u2026\" \/>\n<meta name=\"robots\" content=\"index, follow, max-snippet:-1, max-image-preview:large, max-video-preview:-1\" \/>\n<link rel=\"canonical\" href=\"https:\/\/exceladvisor.org\/pt\/insira-uma-linha\/\" \/>\n<meta property=\"og:locale\" content=\"pt_PT\" \/>\n<meta property=\"og:type\" content=\"article\" \/>\n<meta property=\"og:title\" content=\"Qual \u00e9 o atalho de teclado para inserir uma nova linha?\" \/>\n<meta property=\"og:description\" content=\"Vamos aprender como usar um atalho de teclado para adicionar uma linha a uma planilha do Excel. Vamos verificar isso\u2026\" \/>\n<meta property=\"og:url\" content=\"https:\/\/exceladvisor.org\/pt\/insira-uma-linha\/\" \/>\n<meta property=\"og:site_name\" content=\"Excel Advisor\" \/>\n<meta property=\"article:modified_time\" content=\"2023-12-06T11:38:13+00:00\" \/>\n<meta property=\"og:image\" content=\"https:\/\/exceladvisor.org\/wp-content\/uploads\/2023\/08\/1-raccourci-pour-ajouter-une-ligne.png\" \/>\n<meta name=\"twitter:card\" content=\"summary_large_image\" \/>\n<meta name=\"twitter:label1\" content=\"Tempo estimado de leitura\" \/>\n\t<meta name=\"twitter:data1\" content=\"1 minuto\" \/>\n<script type=\"application\/ld+json\" class=\"yoast-schema-graph\">{\"@context\":\"https:\/\/schema.org\",\"@graph\":[{\"@type\":\"WebPage\",\"@id\":\"https:\/\/exceladvisor.org\/pt\/insira-uma-linha\/\",\"url\":\"https:\/\/exceladvisor.org\/pt\/insira-uma-linha\/\",\"name\":\"Qual \u00e9 o atalho de teclado para inserir uma nova linha?\",\"isPartOf\":{\"@id\":\"https:\/\/exceladvisor.org\/pt\/#website\"},\"primaryImageOfPage\":{\"@id\":\"https:\/\/exceladvisor.org\/pt\/insira-uma-linha\/#primaryimage\"},\"image\":{\"@id\":\"https:\/\/exceladvisor.org\/pt\/insira-uma-linha\/#primaryimage\"},\"thumbnailUrl\":\"https:\/\/exceladvisor.org\/wp-content\/uploads\/2023\/08\/1-raccourci-pour-ajouter-une-ligne.png\",\"datePublished\":\"2023-10-20T06:06:43+00:00\",\"dateModified\":\"2023-12-06T11:38:13+00:00\",\"description\":\"Vamos aprender como usar um atalho de teclado para adicionar uma linha a uma planilha do Excel. Vamos verificar isso\u2026\",\"breadcrumb\":{\"@id\":\"https:\/\/exceladvisor.org\/pt\/insira-uma-linha\/#breadcrumb\"},\"inLanguage\":\"pt-PT\",\"potentialAction\":[{\"@type\":\"ReadAction\",\"target\":[\"https:\/\/exceladvisor.org\/pt\/insira-uma-linha\/\"]}]},{\"@type\":\"ImageObject\",\"inLanguage\":\"pt-PT\",\"@id\":\"https:\/\/exceladvisor.org\/pt\/insira-uma-linha\/#primaryimage\",\"url\":\"https:\/\/exceladvisor.org\/wp-content\/uploads\/2023\/08\/1-raccourci-pour-ajouter-une-ligne.png\",\"contentUrl\":\"https:\/\/exceladvisor.org\/wp-content\/uploads\/2023\/08\/1-raccourci-pour-ajouter-une-ligne.png\"},{\"@type\":\"BreadcrumbList\",\"@id\":\"https:\/\/exceladvisor.org\/pt\/insira-uma-linha\/#breadcrumb\",\"itemListElement\":[{\"@type\":\"ListItem\",\"position\":1,\"name\":\"Lar\",\"item\":\"https:\/\/exceladvisor.org\/pt\/\"},{\"@type\":\"ListItem\",\"position\":2,\"name\":\"Como inserir uma linha usando o atalho do excel?\"}]},{\"@type\":\"WebSite\",\"@id\":\"https:\/\/exceladvisor.org\/pt\/#website\",\"url\":\"https:\/\/exceladvisor.org\/pt\/\",\"name\":\"Excel Advisor\",\"description\":\"O seu guia definitivo para dominar os dados!\",\"publisher\":{\"@id\":\"https:\/\/exceladvisor.org\/pt\/#organization\"},\"potentialAction\":[{\"@type\":\"SearchAction\",\"target\":{\"@type\":\"EntryPoint\",\"urlTemplate\":\"https:\/\/exceladvisor.org\/pt\/?s={search_term_string}\"},\"query-input\":{\"@type\":\"PropertyValueSpecification\",\"valueRequired\":true,\"valueName\":\"search_term_string\"}}],\"inLanguage\":\"pt-PT\"},{\"@type\":\"Organization\",\"@id\":\"https:\/\/exceladvisor.org\/pt\/#organization\",\"name\":\"Excel Advisor\",\"url\":\"https:\/\/exceladvisor.org\/pt\/\",\"logo\":{\"@type\":\"ImageObject\",\"inLanguage\":\"pt-PT\",\"@id\":\"https:\/\/exceladvisor.org\/pt\/#\/schema\/logo\/image\/\",\"url\":\"https:\/\/exceladvisor.org\/pt\/wp-content\/uploads\/2023\/12\/exceladvisor.org_.png\",\"contentUrl\":\"https:\/\/exceladvisor.org\/pt\/wp-content\/uploads\/2023\/12\/exceladvisor.org_.png\",\"width\":105,\"height\":36,\"caption\":\"Excel Advisor\"},\"image\":{\"@id\":\"https:\/\/exceladvisor.org\/pt\/#\/schema\/logo\/image\/\"}}]}<\/script>\n<!-- \/ Yoast SEO plugin. -->","yoast_head_json":{"title":"Qual \u00e9 o atalho de teclado para inserir uma nova linha?","description":"Vamos aprender como usar um atalho de teclado para adicionar uma linha a uma planilha do Excel. Vamos verificar isso\u2026","robots":{"index":"index","follow":"follow","max-snippet":"max-snippet:-1","max-image-preview":"max-image-preview:large","max-video-preview":"max-video-preview:-1"},"canonical":"https:\/\/exceladvisor.org\/pt\/insira-uma-linha\/","og_locale":"pt_PT","og_type":"article","og_title":"Qual \u00e9 o atalho de teclado para inserir uma nova linha?","og_description":"Vamos aprender como usar um atalho de teclado para adicionar uma linha a uma planilha do Excel. Vamos verificar isso\u2026","og_url":"https:\/\/exceladvisor.org\/pt\/insira-uma-linha\/","og_site_name":"Excel Advisor","article_modified_time":"2023-12-06T11:38:13+00:00","og_image":[{"url":"https:\/\/exceladvisor.org\/wp-content\/uploads\/2023\/08\/1-raccourci-pour-ajouter-une-ligne.png","type":"","width":"","height":""}],"twitter_card":"summary_large_image","twitter_misc":{"Tempo estimado de leitura":"1 minuto"},"schema":{"@context":"https:\/\/schema.org","@graph":[{"@type":"WebPage","@id":"https:\/\/exceladvisor.org\/pt\/insira-uma-linha\/","url":"https:\/\/exceladvisor.org\/pt\/insira-uma-linha\/","name":"Qual \u00e9 o atalho de teclado para inserir uma nova linha?","isPartOf":{"@id":"https:\/\/exceladvisor.org\/pt\/#website"},"primaryImageOfPage":{"@id":"https:\/\/exceladvisor.org\/pt\/insira-uma-linha\/#primaryimage"},"image":{"@id":"https:\/\/exceladvisor.org\/pt\/insira-uma-linha\/#primaryimage"},"thumbnailUrl":"https:\/\/exceladvisor.org\/wp-content\/uploads\/2023\/08\/1-raccourci-pour-ajouter-une-ligne.png","datePublished":"2023-10-20T06:06:43+00:00","dateModified":"2023-12-06T11:38:13+00:00","description":"Vamos aprender como usar um atalho de teclado para adicionar uma linha a uma planilha do Excel. Vamos verificar isso\u2026","breadcrumb":{"@id":"https:\/\/exceladvisor.org\/pt\/insira-uma-linha\/#breadcrumb"},"inLanguage":"pt-PT","potentialAction":[{"@type":"ReadAction","target":["https:\/\/exceladvisor.org\/pt\/insira-uma-linha\/"]}]},{"@type":"ImageObject","inLanguage":"pt-PT","@id":"https:\/\/exceladvisor.org\/pt\/insira-uma-linha\/#primaryimage","url":"https:\/\/exceladvisor.org\/wp-content\/uploads\/2023\/08\/1-raccourci-pour-ajouter-une-ligne.png","contentUrl":"https:\/\/exceladvisor.org\/wp-content\/uploads\/2023\/08\/1-raccourci-pour-ajouter-une-ligne.png"},{"@type":"BreadcrumbList","@id":"https:\/\/exceladvisor.org\/pt\/insira-uma-linha\/#breadcrumb","itemListElement":[{"@type":"ListItem","position":1,"name":"Lar","item":"https:\/\/exceladvisor.org\/pt\/"},{"@type":"ListItem","position":2,"name":"Como inserir uma linha usando o atalho do excel?"}]},{"@type":"WebSite","@id":"https:\/\/exceladvisor.org\/pt\/#website","url":"https:\/\/exceladvisor.org\/pt\/","name":"Excel Advisor","description":"O seu guia definitivo para dominar os dados!","publisher":{"@id":"https:\/\/exceladvisor.org\/pt\/#organization"},"potentialAction":[{"@type":"SearchAction","target":{"@type":"EntryPoint","urlTemplate":"https:\/\/exceladvisor.org\/pt\/?s={search_term_string}"},"query-input":{"@type":"PropertyValueSpecification","valueRequired":true,"valueName":"search_term_string"}}],"inLanguage":"pt-PT"},{"@type":"Organization","@id":"https:\/\/exceladvisor.org\/pt\/#organization","name":"Excel Advisor","url":"https:\/\/exceladvisor.org\/pt\/","logo":{"@type":"ImageObject","inLanguage":"pt-PT","@id":"https:\/\/exceladvisor.org\/pt\/#\/schema\/logo\/image\/","url":"https:\/\/exceladvisor.org\/pt\/wp-content\/uploads\/2023\/12\/exceladvisor.org_.png","contentUrl":"https:\/\/exceladvisor.org\/pt\/wp-content\/uploads\/2023\/12\/exceladvisor.org_.png","width":105,"height":36,"caption":"Excel Advisor"},"image":{"@id":"https:\/\/exceladvisor.org\/pt\/#\/schema\/logo\/image\/"}}]}},"yoast_meta":{"yoast_wpseo_title":"","yoast_wpseo_metadesc":"","yoast_wpseo_canonical":""},"_links":{"self":[{"href":"https:\/\/exceladvisor.org\/pt\/wp-json\/wp\/v2\/pages\/602","targetHints":{"allow":["GET"]}}],"collection":[{"href":"https:\/\/exceladvisor.org\/pt\/wp-json\/wp\/v2\/pages"}],"about":[{"href":"https:\/\/exceladvisor.org\/pt\/wp-json\/wp\/v2\/types\/page"}],"author":[{"embeddable":true,"href":"https:\/\/exceladvisor.org\/pt\/wp-json\/wp\/v2\/users\/1"}],"replies":[{"embeddable":true,"href":"https:\/\/exceladvisor.org\/pt\/wp-json\/wp\/v2\/comments?post=602"}],"version-history":[{"count":1,"href":"https:\/\/exceladvisor.org\/pt\/wp-json\/wp\/v2\/pages\/602\/revisions"}],"predecessor-version":[{"id":1106,"href":"https:\/\/exceladvisor.org\/pt\/wp-json\/wp\/v2\/pages\/602\/revisions\/1106"}],"wp:attachment":[{"href":"https:\/\/exceladvisor.org\/pt\/wp-json\/wp\/v2\/media?parent=602"}],"curies":[{"name":"wp","href":"https:\/\/api.w.org\/{rel}","templated":true}]}}