{"id":604,"date":"2023-10-20T04:51:31","date_gmt":"2023-10-20T04:51:31","guid":{"rendered":"https:\/\/exceladvisor.org\/pt\/formato-de-pintor-1\/"},"modified":"2023-12-06T11:33:36","modified_gmt":"2023-12-06T11:33:36","slug":"formato-de-pintor-1","status":"publish","type":"page","link":"https:\/\/exceladvisor.org\/pt\/formato-de-pintor-1\/","title":{"rendered":"Atalho de teclado do excel para o format painter"},"content":{"rendered":"<div class=\"excel-before-content-2\" id=\"excel-3107136449\"><script type=\"text\/javascript\">\r\n\tatOptions = {\r\n\t\t'key' : 'c1158f160081d6540a8409e6925dab94',\r\n\t\t'format' : 'iframe',\r\n\t\t'height' : 250,\r\n\t\t'width' : 300,\r\n\t\t'params' : {}\r\n\t};\r\n<\/script>\r\n<script type=\"text\/javascript\" src=\"\/\/www.highperformanceformat.com\/c1158f160081d6540a8409e6925dab94\/invoke.js\"><\/script><\/div><div class=\"excel-before-content\" id=\"excel-1961216682\"><script type=\"text\/javascript\">\r\n\tatOptions = {\r\n\t\t'key' : 'c1158f160081d6540a8409e6925dab94',\r\n\t\t'format' : 'iframe',\r\n\t\t'height' : 250,\r\n\t\t'width' : 300,\r\n\t\t'params' : {}\r\n\t};\r\n<\/script>\r\n<script type=\"text\/javascript\" src=\"\/\/www.highperformanceformat.com\/c1158f160081d6540a8409e6925dab94\/invoke.js\"><\/script><\/div> <p>O Format Painter no Excel \u00e9 um recurso usado para copiar e colar apenas a formata\u00e7\u00e3o de c\u00e9lulas.<\/p><p> Ele copia e cola toda a formata\u00e7\u00e3o aplicada \u00e0s c\u00e9lulas, como cor de fundo, cor da fonte, tamanho da fonte, bordas, formato num\u00e9rico, etc. Portanto, com este usu\u00e1rio voc\u00ea pode colar apenas a formata\u00e7\u00e3o da c\u00e9lula e excluir o valor.<\/p><p> Os usu\u00e1rios podem usar o Format Painter manualmente ou usando atalhos de teclado e neste tutorial explicamos um atalho de teclado para usar o Format Painter.<\/p><h2 class=\"wp-block-heading\"> Atalho de teclado para Format Painter no Excel<\/h2><p> Voc\u00ea encontrar\u00e1 v\u00e1rios atalhos de teclado para usar o Format Painter, mas explicamos o melhor e mais r\u00e1pido atalho de teclado abaixo: <\/p><div class=\"wp-block-image\"><figure class=\"aligncenter size-full is-resized\"><img loading=\"lazy\" decoding=\"async\" class=\"wp-image-69447\" src=\"https:\/\/exceladvisor.org\/wp-content\/uploads\/2023\/08\/1-raccourci-clavier-pour-formater-le-peintre.png\" sizes=\"auto, \" srcset=\"\" alt=\"atalho de teclado para pintor de formatos\" width=\"770\" height=\"302\"><\/figure><\/div><p> <kbd>Ctrl<\/kbd> + <kbd>Alt<\/kbd> + <kbd>V<\/kbd> \u2192 <kbd>T<\/kbd><\/p><h2 class=\"wp-block-heading\"> Etapas para formatar o Painter usando um atalho de teclado<\/h2><ol><li> Primeiro, v\u00e1 at\u00e9 a c\u00e9lula ou intervalo de c\u00e9lulas cuja formata\u00e7\u00e3o deseja copiar e colar e pressione as teclas \u201cCtrl + C\u201d para copiar as c\u00e9lulas.<\/li><li> Depois disso, v\u00e1 at\u00e9 a c\u00e9lula onde deseja colar a formata\u00e7\u00e3o da c\u00e9lula e mantenha pressionadas as teclas \u201cCtrl\u201d + \u201cAlt\u201d, a seguir pressione \u201cV\u201d para abrir a caixa de di\u00e1logo \u201cColar Especial\u201d e solte as teclas.<\/li><li> Agora pressione \u201cT\u201d para mover o bot\u00e3o de op\u00e7\u00e3o para a op\u00e7\u00e3o \u201cFormatos\u201d, a seguir pressione a tecla \u201cEnter\u201d e sua formata\u00e7\u00e3o ser\u00e1 colada. <\/li><\/ol><div class=\"wp-block-image\"><figure class=\"aligncenter size-full is-resized\"><img loading=\"lazy\" decoding=\"async\" class=\"wp-image-69448\" src=\"https:\/\/exceladvisor.org\/wp-content\/uploads\/2023\/08\/2-coller-la-boite-de-dialogue-speciale.png\" sizes=\"auto, \" srcset=\"\" alt=\"colar-caixa de di\u00e1logo especial\" width=\"554\" height=\"414\"><\/figure><\/div><div class=\"gb-container gb-container-2116538e gb-container-mt\"> <a class=\"gb-button gb-button-f7d2c131 gb-button-text gb-button-mt-button\" href=\"https:\/\/exceladvisor.org\/pt\/atalhos-do-teclado\/\">Atalhos de teclado do Excel PDF<\/a><h2 class=\"gb-headline gb-headline-7ed68554 gb-headline-text gb-headline-mt-heading\"> Mais atalhos <\/h2><div class=\"gb-grid-wrapper gb-grid-wrapper-edeef538 gb-grid-wrapper-mt-grid\"><div class=\"gb-grid-column gb-grid-column-6ab6fbc6\"><div class=\"gb-container gb-container-6ab6fbc6\"><ul><li> <a href=\"https:\/\/exceladvisor.org\/pt\/abrir-opcoes-de-formato-de-celula\/\">Op\u00e7\u00e3o para abrir c\u00e9lulas de formato<\/a><\/li><li> <a href=\"https:\/\/exceladvisor.org\/pt\/ajuste-automatico\/\">Ajuste autom\u00e1tico<\/a><\/li><li> <a href=\"https:\/\/exceladvisor.org\/pt\/quebrar-texto\/\">Quebrar texto<\/a><\/li><li> <a href=\"https:\/\/exceladvisor.org\/pt\/adicione-comentarios\/\">Adicione coment\u00e1rios<\/a><\/li><\/ul><\/div><\/div><\/div><\/div>","protected":false},"excerpt":{"rendered":"","protected":false},"author":1,"featured_media":0,"parent":0,"menu_order":0,"comment_status":"open","ping_status":"closed","template":"","meta":{"ub_ctt_via":"","footnotes":""},"class_list":["post-604","page","type-page","status-publish","hentry"],"featured_image_src":null,"yoast_head":"<!-- This site is optimized with the Yoast SEO plugin v25.4 - https:\/\/yoast.com\/wordpress\/plugins\/seo\/ -->\n<title>Qual \u00e9 o atalho de teclado para o Format Painter no Excel?<\/title>\n<meta name=\"description\" content=\"Aprenda como usar um atalho de teclado para aplicar o pintor de formatos no Excel. Agora, este atalho de teclado inclui\u2026\" \/>\n<meta name=\"robots\" content=\"index, follow, max-snippet:-1, max-image-preview:large, max-video-preview:-1\" \/>\n<link rel=\"canonical\" href=\"https:\/\/exceladvisor.org\/pt\/formato-de-pintor-1\/\" \/>\n<meta property=\"og:locale\" content=\"pt_PT\" \/>\n<meta property=\"og:type\" content=\"article\" \/>\n<meta property=\"og:title\" content=\"Qual \u00e9 o atalho de teclado para o Format Painter no Excel?\" \/>\n<meta property=\"og:description\" content=\"Aprenda como usar um atalho de teclado para aplicar o pintor de formatos no Excel. Agora, este atalho de teclado inclui\u2026\" \/>\n<meta property=\"og:url\" content=\"https:\/\/exceladvisor.org\/pt\/formato-de-pintor-1\/\" \/>\n<meta property=\"og:site_name\" content=\"Excel Advisor\" \/>\n<meta property=\"article:modified_time\" content=\"2023-12-06T11:33:36+00:00\" \/>\n<meta property=\"og:image\" content=\"https:\/\/exceladvisor.org\/wp-content\/uploads\/2023\/08\/1-raccourci-clavier-pour-formater-le-peintre.png\" \/>\n<meta name=\"twitter:card\" content=\"summary_large_image\" \/>\n<meta name=\"twitter:label1\" content=\"Tempo estimado de leitura\" \/>\n\t<meta name=\"twitter:data1\" content=\"1 minuto\" \/>\n<script type=\"application\/ld+json\" class=\"yoast-schema-graph\">{\"@context\":\"https:\/\/schema.org\",\"@graph\":[{\"@type\":\"WebPage\",\"@id\":\"https:\/\/exceladvisor.org\/pt\/formato-de-pintor-1\/\",\"url\":\"https:\/\/exceladvisor.org\/pt\/formato-de-pintor-1\/\",\"name\":\"Qual \u00e9 o atalho de teclado para o Format Painter no Excel?\",\"isPartOf\":{\"@id\":\"https:\/\/exceladvisor.org\/pt\/#website\"},\"primaryImageOfPage\":{\"@id\":\"https:\/\/exceladvisor.org\/pt\/formato-de-pintor-1\/#primaryimage\"},\"image\":{\"@id\":\"https:\/\/exceladvisor.org\/pt\/formato-de-pintor-1\/#primaryimage\"},\"thumbnailUrl\":\"https:\/\/exceladvisor.org\/wp-content\/uploads\/2023\/08\/1-raccourci-clavier-pour-formater-le-peintre.png\",\"datePublished\":\"2023-10-20T04:51:31+00:00\",\"dateModified\":\"2023-12-06T11:33:36+00:00\",\"description\":\"Aprenda como usar um atalho de teclado para aplicar o pintor de formatos no Excel. Agora, este atalho de teclado inclui\u2026\",\"breadcrumb\":{\"@id\":\"https:\/\/exceladvisor.org\/pt\/formato-de-pintor-1\/#breadcrumb\"},\"inLanguage\":\"pt-PT\",\"potentialAction\":[{\"@type\":\"ReadAction\",\"target\":[\"https:\/\/exceladvisor.org\/pt\/formato-de-pintor-1\/\"]}]},{\"@type\":\"ImageObject\",\"inLanguage\":\"pt-PT\",\"@id\":\"https:\/\/exceladvisor.org\/pt\/formato-de-pintor-1\/#primaryimage\",\"url\":\"https:\/\/exceladvisor.org\/wp-content\/uploads\/2023\/08\/1-raccourci-clavier-pour-formater-le-peintre.png\",\"contentUrl\":\"https:\/\/exceladvisor.org\/wp-content\/uploads\/2023\/08\/1-raccourci-clavier-pour-formater-le-peintre.png\"},{\"@type\":\"BreadcrumbList\",\"@id\":\"https:\/\/exceladvisor.org\/pt\/formato-de-pintor-1\/#breadcrumb\",\"itemListElement\":[{\"@type\":\"ListItem\",\"position\":1,\"name\":\"Lar\",\"item\":\"https:\/\/exceladvisor.org\/pt\/\"},{\"@type\":\"ListItem\",\"position\":2,\"name\":\"Atalho de teclado do excel para o format painter\"}]},{\"@type\":\"WebSite\",\"@id\":\"https:\/\/exceladvisor.org\/pt\/#website\",\"url\":\"https:\/\/exceladvisor.org\/pt\/\",\"name\":\"Excel Advisor\",\"description\":\"O seu guia definitivo para dominar os dados!\",\"publisher\":{\"@id\":\"https:\/\/exceladvisor.org\/pt\/#organization\"},\"potentialAction\":[{\"@type\":\"SearchAction\",\"target\":{\"@type\":\"EntryPoint\",\"urlTemplate\":\"https:\/\/exceladvisor.org\/pt\/?s={search_term_string}\"},\"query-input\":{\"@type\":\"PropertyValueSpecification\",\"valueRequired\":true,\"valueName\":\"search_term_string\"}}],\"inLanguage\":\"pt-PT\"},{\"@type\":\"Organization\",\"@id\":\"https:\/\/exceladvisor.org\/pt\/#organization\",\"name\":\"Excel Advisor\",\"url\":\"https:\/\/exceladvisor.org\/pt\/\",\"logo\":{\"@type\":\"ImageObject\",\"inLanguage\":\"pt-PT\",\"@id\":\"https:\/\/exceladvisor.org\/pt\/#\/schema\/logo\/image\/\",\"url\":\"https:\/\/exceladvisor.org\/pt\/wp-content\/uploads\/2023\/12\/exceladvisor.org_.png\",\"contentUrl\":\"https:\/\/exceladvisor.org\/pt\/wp-content\/uploads\/2023\/12\/exceladvisor.org_.png\",\"width\":105,\"height\":36,\"caption\":\"Excel Advisor\"},\"image\":{\"@id\":\"https:\/\/exceladvisor.org\/pt\/#\/schema\/logo\/image\/\"}}]}<\/script>\n<!-- \/ Yoast SEO plugin. -->","yoast_head_json":{"title":"Qual \u00e9 o atalho de teclado para o Format Painter no Excel?","description":"Aprenda como usar um atalho de teclado para aplicar o pintor de formatos no Excel. Agora, este atalho de teclado inclui\u2026","robots":{"index":"index","follow":"follow","max-snippet":"max-snippet:-1","max-image-preview":"max-image-preview:large","max-video-preview":"max-video-preview:-1"},"canonical":"https:\/\/exceladvisor.org\/pt\/formato-de-pintor-1\/","og_locale":"pt_PT","og_type":"article","og_title":"Qual \u00e9 o atalho de teclado para o Format Painter no Excel?","og_description":"Aprenda como usar um atalho de teclado para aplicar o pintor de formatos no Excel. Agora, este atalho de teclado inclui\u2026","og_url":"https:\/\/exceladvisor.org\/pt\/formato-de-pintor-1\/","og_site_name":"Excel Advisor","article_modified_time":"2023-12-06T11:33:36+00:00","og_image":[{"url":"https:\/\/exceladvisor.org\/wp-content\/uploads\/2023\/08\/1-raccourci-clavier-pour-formater-le-peintre.png","type":"","width":"","height":""}],"twitter_card":"summary_large_image","twitter_misc":{"Tempo estimado de leitura":"1 minuto"},"schema":{"@context":"https:\/\/schema.org","@graph":[{"@type":"WebPage","@id":"https:\/\/exceladvisor.org\/pt\/formato-de-pintor-1\/","url":"https:\/\/exceladvisor.org\/pt\/formato-de-pintor-1\/","name":"Qual \u00e9 o atalho de teclado para o Format Painter no Excel?","isPartOf":{"@id":"https:\/\/exceladvisor.org\/pt\/#website"},"primaryImageOfPage":{"@id":"https:\/\/exceladvisor.org\/pt\/formato-de-pintor-1\/#primaryimage"},"image":{"@id":"https:\/\/exceladvisor.org\/pt\/formato-de-pintor-1\/#primaryimage"},"thumbnailUrl":"https:\/\/exceladvisor.org\/wp-content\/uploads\/2023\/08\/1-raccourci-clavier-pour-formater-le-peintre.png","datePublished":"2023-10-20T04:51:31+00:00","dateModified":"2023-12-06T11:33:36+00:00","description":"Aprenda como usar um atalho de teclado para aplicar o pintor de formatos no Excel. Agora, este atalho de teclado inclui\u2026","breadcrumb":{"@id":"https:\/\/exceladvisor.org\/pt\/formato-de-pintor-1\/#breadcrumb"},"inLanguage":"pt-PT","potentialAction":[{"@type":"ReadAction","target":["https:\/\/exceladvisor.org\/pt\/formato-de-pintor-1\/"]}]},{"@type":"ImageObject","inLanguage":"pt-PT","@id":"https:\/\/exceladvisor.org\/pt\/formato-de-pintor-1\/#primaryimage","url":"https:\/\/exceladvisor.org\/wp-content\/uploads\/2023\/08\/1-raccourci-clavier-pour-formater-le-peintre.png","contentUrl":"https:\/\/exceladvisor.org\/wp-content\/uploads\/2023\/08\/1-raccourci-clavier-pour-formater-le-peintre.png"},{"@type":"BreadcrumbList","@id":"https:\/\/exceladvisor.org\/pt\/formato-de-pintor-1\/#breadcrumb","itemListElement":[{"@type":"ListItem","position":1,"name":"Lar","item":"https:\/\/exceladvisor.org\/pt\/"},{"@type":"ListItem","position":2,"name":"Atalho de teclado do excel para o format painter"}]},{"@type":"WebSite","@id":"https:\/\/exceladvisor.org\/pt\/#website","url":"https:\/\/exceladvisor.org\/pt\/","name":"Excel Advisor","description":"O seu guia definitivo para dominar os dados!","publisher":{"@id":"https:\/\/exceladvisor.org\/pt\/#organization"},"potentialAction":[{"@type":"SearchAction","target":{"@type":"EntryPoint","urlTemplate":"https:\/\/exceladvisor.org\/pt\/?s={search_term_string}"},"query-input":{"@type":"PropertyValueSpecification","valueRequired":true,"valueName":"search_term_string"}}],"inLanguage":"pt-PT"},{"@type":"Organization","@id":"https:\/\/exceladvisor.org\/pt\/#organization","name":"Excel Advisor","url":"https:\/\/exceladvisor.org\/pt\/","logo":{"@type":"ImageObject","inLanguage":"pt-PT","@id":"https:\/\/exceladvisor.org\/pt\/#\/schema\/logo\/image\/","url":"https:\/\/exceladvisor.org\/pt\/wp-content\/uploads\/2023\/12\/exceladvisor.org_.png","contentUrl":"https:\/\/exceladvisor.org\/pt\/wp-content\/uploads\/2023\/12\/exceladvisor.org_.png","width":105,"height":36,"caption":"Excel Advisor"},"image":{"@id":"https:\/\/exceladvisor.org\/pt\/#\/schema\/logo\/image\/"}}]}},"yoast_meta":{"yoast_wpseo_title":"","yoast_wpseo_metadesc":"","yoast_wpseo_canonical":""},"_links":{"self":[{"href":"https:\/\/exceladvisor.org\/pt\/wp-json\/wp\/v2\/pages\/604","targetHints":{"allow":["GET"]}}],"collection":[{"href":"https:\/\/exceladvisor.org\/pt\/wp-json\/wp\/v2\/pages"}],"about":[{"href":"https:\/\/exceladvisor.org\/pt\/wp-json\/wp\/v2\/types\/page"}],"author":[{"embeddable":true,"href":"https:\/\/exceladvisor.org\/pt\/wp-json\/wp\/v2\/users\/1"}],"replies":[{"embeddable":true,"href":"https:\/\/exceladvisor.org\/pt\/wp-json\/wp\/v2\/comments?post=604"}],"version-history":[{"count":1,"href":"https:\/\/exceladvisor.org\/pt\/wp-json\/wp\/v2\/pages\/604\/revisions"}],"predecessor-version":[{"id":757,"href":"https:\/\/exceladvisor.org\/pt\/wp-json\/wp\/v2\/pages\/604\/revisions\/757"}],"wp:attachment":[{"href":"https:\/\/exceladvisor.org\/pt\/wp-json\/wp\/v2\/media?parent=604"}],"curies":[{"name":"wp","href":"https:\/\/api.w.org\/{rel}","templated":true}]}}