{"id":605,"date":"2023-10-20T04:08:08","date_gmt":"2023-10-20T04:08:08","guid":{"rendered":"https:\/\/exceladvisor.org\/pt\/selecione-uma-linha\/"},"modified":"2023-12-06T11:42:13","modified_gmt":"2023-12-06T11:42:13","slug":"selecione-uma-linha","status":"publish","type":"page","link":"https:\/\/exceladvisor.org\/pt\/selecione-uma-linha\/","title":{"rendered":"Como selecionar linhas usando o atalho do excel?"},"content":{"rendered":"<div class=\"excel-before-content-2\" id=\"excel-2327767534\"><script type=\"text\/javascript\">\r\n\tatOptions = {\r\n\t\t'key' : 'c1158f160081d6540a8409e6925dab94',\r\n\t\t'format' : 'iframe',\r\n\t\t'height' : 250,\r\n\t\t'width' : 300,\r\n\t\t'params' : {}\r\n\t};\r\n<\/script>\r\n<script type=\"text\/javascript\" src=\"\/\/www.highperformanceformat.com\/c1158f160081d6540a8409e6925dab94\/invoke.js\"><\/script><\/div><div class=\"excel-before-content\" id=\"excel-1878016931\"><script type=\"text\/javascript\">\r\n\tatOptions = {\r\n\t\t'key' : 'c1158f160081d6540a8409e6925dab94',\r\n\t\t'format' : 'iframe',\r\n\t\t'height' : 250,\r\n\t\t'width' : 300,\r\n\t\t'params' : {}\r\n\t};\r\n<\/script>\r\n<script type=\"text\/javascript\" src=\"\/\/www.highperformanceformat.com\/c1158f160081d6540a8409e6925dab94\/invoke.js\"><\/script><\/div> <p>Uma planilha do Excel \u00e9 uma combina\u00e7\u00e3o de v\u00e1rias linhas e colunas contendo c\u00e9lulas.<\/p><p> Ao trabalhar no Excel, o n\u00famero de vezes que os usu\u00e1rios desejam selecionar uma linha por v\u00e1rios motivos, como excluir a linha espec\u00edfica, formatar a linha espec\u00edfica ou inserir uma nova linha acima da linha selecionada.<\/p><p> Portanto, torna-se importante que todo usu\u00e1rio do Excel esteja familiarizado com o atalho para sele\u00e7\u00e3o da(s) linha(s), e neste tutorial explicamos o mesmo para voc\u00ea.<\/p><h2 class=\"wp-block-heading\"> Atalho de teclado para selecionar uma linha no Excel<\/h2><p> <kbd>Shift<\/kbd> + <kbd>Espa\u00e7o<\/kbd> <\/p><div class=\"wp-block-image\"><figure class=\"aligncenter size-full is-resized\"><img loading=\"lazy\" decoding=\"async\" class=\"wp-image-69476\" src=\"https:\/\/exceladvisor.org\/wp-content\/uploads\/2023\/08\/1-raccourci-pour-selectionner-la-ligne.png\" sizes=\"auto, \" srcset=\"\" alt=\"atalho para selecionar uma linha\" width=\"805\" height=\"316\"><\/figure><\/div><h2 class=\"wp-block-heading\"> Etapas para selecionar linha(s) usando atalho de teclado<\/h2><ul><li> Primeiro v\u00e1 para qualquer c\u00e9lula da linha que deseja selecionar. <br><img decoding=\"async\" title=\"2 c\u00e9lulas em linha\" src=\"https:\/\/exceladvisor.org\/wp-content\/uploads\/2023\/08\/2-cellules-dans-la-rangee.png\" sizes=\"\" srcset=\"\" alt=\"cell-in-the-row\"><\/li><li> Depois disso, basta pressionar \u201cShift + Barra de espa\u00e7o\u201d e sua linha ser\u00e1 selecionada e destacada.<\/li><li> Agora, se quiser excluir a(s) linha(s) selecionada(s), pressione \u201cCtrl + \u2013\u201d (sinal de menos), ou se quiser adicionar a nova linha acima da linha selecionada, pressione \u201cCtrl + +\u201d (sinal de mais) ou v\u00e1 para formata\u00e7\u00e3o se quiser formatar apenas a linha selecionada.<\/li><li> Para selecionar v\u00e1rias linhas adjacentes \u00e0 linha selecionada, pressione as teclas \u201cShift + Seta para baixo\u201d ou \u201cShift + Seta para cima\u201d para selecionar as linhas para baixo ou para cima. <br><img decoding=\"async\" title=\"3 linhas selecionadas\" src=\"https:\/\/exceladvisor.org\/wp-content\/uploads\/2023\/08\/3-ligne-selectionnee.png\" sizes=\"\" srcset=\"\" alt=\"selected-row\"><\/li><\/ul><h2 class=\"wp-block-heading\"> Aprendizado<\/h2><ul><li> Para selecionar m\u00faltiplas linhas n\u00e3o adjacentes, \u00e9 recomendado selecionar as linhas usando o mouse ou usando a op\u00e7\u00e3o de filtro.<\/li><li> Se voc\u00ea tiver v\u00e1rios conjuntos de dados na planilha atual, \u00e9 melhor converter os conjuntos de dados em tabelas porque nas tabelas &#8220;Shift + Barra de espa\u00e7o&#8221; seleciona apenas a linha da tabela e, sem tabelas, seleciona toda a linha de ponta a ponta no planilha. <\/li><\/ul><div class=\"wp-block-group more-tutorials is-layout-flow\"><div class=\"wp-block-group__inner-container\"><h2 class=\"wp-block-heading\"> Mais tutoriais <\/h2><div class=\"wp-block-columns is-layout-flex wp-container-47\"><div class=\"wp-block-column is-layout-flow\"><ul><li> <a href=\"https:\/\/exceladvisor.org\/pt\/referencia-absoluta\/\">Refer\u00eancia absoluta<\/a><\/li><li> <a href=\"https:\/\/exceladvisor.org\/pt\/copiar-colar\/\">Copiar e colar<\/a><\/li><li> <a href=\"https:\/\/exceladvisor.org\/pt\/copiar-e-colar\/\">Copiar e colar<\/a><\/li><li> Bloquear c\u00e9lulas<\/li><\/ul><\/div><\/div><\/div><\/div>","protected":false},"excerpt":{"rendered":"","protected":false},"author":1,"featured_media":0,"parent":0,"menu_order":0,"comment_status":"open","ping_status":"closed","template":"","meta":{"ub_ctt_via":"","footnotes":""},"class_list":["post-605","page","type-page","status-publish","hentry"],"featured_image_src":null,"yoast_head":"<!-- This site is optimized with the Yoast SEO plugin v25.4 - https:\/\/yoast.com\/wordpress\/plugins\/seo\/ -->\n<title>Como selecionar linhas usando o atalho do Excel?<\/title>\n<meta name=\"description\" content=\"Aprenda como usar um atalho de teclado para aplicar uma linha selecionada no Excel. Agora, este atalho de teclado inclui\u2026\" \/>\n<meta name=\"robots\" content=\"index, follow, max-snippet:-1, max-image-preview:large, max-video-preview:-1\" \/>\n<link rel=\"canonical\" href=\"https:\/\/exceladvisor.org\/pt\/selecione-uma-linha\/\" \/>\n<meta property=\"og:locale\" content=\"pt_PT\" \/>\n<meta property=\"og:type\" content=\"article\" \/>\n<meta property=\"og:title\" content=\"Como selecionar linhas usando o atalho do Excel?\" \/>\n<meta property=\"og:description\" content=\"Aprenda como usar um atalho de teclado para aplicar uma linha selecionada no Excel. Agora, este atalho de teclado inclui\u2026\" \/>\n<meta property=\"og:url\" content=\"https:\/\/exceladvisor.org\/pt\/selecione-uma-linha\/\" \/>\n<meta property=\"og:site_name\" content=\"Excel Advisor\" \/>\n<meta property=\"article:modified_time\" content=\"2023-12-06T11:42:13+00:00\" \/>\n<meta property=\"og:image\" content=\"https:\/\/exceladvisor.org\/wp-content\/uploads\/2023\/08\/1-raccourci-pour-selectionner-la-ligne.png\" \/>\n<meta name=\"twitter:card\" content=\"summary_large_image\" \/>\n<meta name=\"twitter:label1\" content=\"Tempo estimado de leitura\" \/>\n\t<meta name=\"twitter:data1\" content=\"1 minuto\" \/>\n<script type=\"application\/ld+json\" class=\"yoast-schema-graph\">{\"@context\":\"https:\/\/schema.org\",\"@graph\":[{\"@type\":\"WebPage\",\"@id\":\"https:\/\/exceladvisor.org\/pt\/selecione-uma-linha\/\",\"url\":\"https:\/\/exceladvisor.org\/pt\/selecione-uma-linha\/\",\"name\":\"Como selecionar linhas usando o atalho do Excel?\",\"isPartOf\":{\"@id\":\"https:\/\/exceladvisor.org\/pt\/#website\"},\"primaryImageOfPage\":{\"@id\":\"https:\/\/exceladvisor.org\/pt\/selecione-uma-linha\/#primaryimage\"},\"image\":{\"@id\":\"https:\/\/exceladvisor.org\/pt\/selecione-uma-linha\/#primaryimage\"},\"thumbnailUrl\":\"https:\/\/exceladvisor.org\/wp-content\/uploads\/2023\/08\/1-raccourci-pour-selectionner-la-ligne.png\",\"datePublished\":\"2023-10-20T04:08:08+00:00\",\"dateModified\":\"2023-12-06T11:42:13+00:00\",\"description\":\"Aprenda como usar um atalho de teclado para aplicar uma linha selecionada no Excel. Agora, este atalho de teclado inclui\u2026\",\"breadcrumb\":{\"@id\":\"https:\/\/exceladvisor.org\/pt\/selecione-uma-linha\/#breadcrumb\"},\"inLanguage\":\"pt-PT\",\"potentialAction\":[{\"@type\":\"ReadAction\",\"target\":[\"https:\/\/exceladvisor.org\/pt\/selecione-uma-linha\/\"]}]},{\"@type\":\"ImageObject\",\"inLanguage\":\"pt-PT\",\"@id\":\"https:\/\/exceladvisor.org\/pt\/selecione-uma-linha\/#primaryimage\",\"url\":\"https:\/\/exceladvisor.org\/wp-content\/uploads\/2023\/08\/1-raccourci-pour-selectionner-la-ligne.png\",\"contentUrl\":\"https:\/\/exceladvisor.org\/wp-content\/uploads\/2023\/08\/1-raccourci-pour-selectionner-la-ligne.png\"},{\"@type\":\"BreadcrumbList\",\"@id\":\"https:\/\/exceladvisor.org\/pt\/selecione-uma-linha\/#breadcrumb\",\"itemListElement\":[{\"@type\":\"ListItem\",\"position\":1,\"name\":\"Lar\",\"item\":\"https:\/\/exceladvisor.org\/pt\/\"},{\"@type\":\"ListItem\",\"position\":2,\"name\":\"Como selecionar linhas usando o atalho do excel?\"}]},{\"@type\":\"WebSite\",\"@id\":\"https:\/\/exceladvisor.org\/pt\/#website\",\"url\":\"https:\/\/exceladvisor.org\/pt\/\",\"name\":\"Excel Advisor\",\"description\":\"O seu guia definitivo para dominar os dados!\",\"publisher\":{\"@id\":\"https:\/\/exceladvisor.org\/pt\/#organization\"},\"potentialAction\":[{\"@type\":\"SearchAction\",\"target\":{\"@type\":\"EntryPoint\",\"urlTemplate\":\"https:\/\/exceladvisor.org\/pt\/?s={search_term_string}\"},\"query-input\":{\"@type\":\"PropertyValueSpecification\",\"valueRequired\":true,\"valueName\":\"search_term_string\"}}],\"inLanguage\":\"pt-PT\"},{\"@type\":\"Organization\",\"@id\":\"https:\/\/exceladvisor.org\/pt\/#organization\",\"name\":\"Excel Advisor\",\"url\":\"https:\/\/exceladvisor.org\/pt\/\",\"logo\":{\"@type\":\"ImageObject\",\"inLanguage\":\"pt-PT\",\"@id\":\"https:\/\/exceladvisor.org\/pt\/#\/schema\/logo\/image\/\",\"url\":\"https:\/\/exceladvisor.org\/pt\/wp-content\/uploads\/2023\/12\/exceladvisor.org_.png\",\"contentUrl\":\"https:\/\/exceladvisor.org\/pt\/wp-content\/uploads\/2023\/12\/exceladvisor.org_.png\",\"width\":105,\"height\":36,\"caption\":\"Excel Advisor\"},\"image\":{\"@id\":\"https:\/\/exceladvisor.org\/pt\/#\/schema\/logo\/image\/\"}}]}<\/script>\n<!-- \/ Yoast SEO plugin. -->","yoast_head_json":{"title":"Como selecionar linhas usando o atalho do Excel?","description":"Aprenda como usar um atalho de teclado para aplicar uma linha selecionada no Excel. Agora, este atalho de teclado inclui\u2026","robots":{"index":"index","follow":"follow","max-snippet":"max-snippet:-1","max-image-preview":"max-image-preview:large","max-video-preview":"max-video-preview:-1"},"canonical":"https:\/\/exceladvisor.org\/pt\/selecione-uma-linha\/","og_locale":"pt_PT","og_type":"article","og_title":"Como selecionar linhas usando o atalho do Excel?","og_description":"Aprenda como usar um atalho de teclado para aplicar uma linha selecionada no Excel. Agora, este atalho de teclado inclui\u2026","og_url":"https:\/\/exceladvisor.org\/pt\/selecione-uma-linha\/","og_site_name":"Excel Advisor","article_modified_time":"2023-12-06T11:42:13+00:00","og_image":[{"url":"https:\/\/exceladvisor.org\/wp-content\/uploads\/2023\/08\/1-raccourci-pour-selectionner-la-ligne.png","type":"","width":"","height":""}],"twitter_card":"summary_large_image","twitter_misc":{"Tempo estimado de leitura":"1 minuto"},"schema":{"@context":"https:\/\/schema.org","@graph":[{"@type":"WebPage","@id":"https:\/\/exceladvisor.org\/pt\/selecione-uma-linha\/","url":"https:\/\/exceladvisor.org\/pt\/selecione-uma-linha\/","name":"Como selecionar linhas usando o atalho do Excel?","isPartOf":{"@id":"https:\/\/exceladvisor.org\/pt\/#website"},"primaryImageOfPage":{"@id":"https:\/\/exceladvisor.org\/pt\/selecione-uma-linha\/#primaryimage"},"image":{"@id":"https:\/\/exceladvisor.org\/pt\/selecione-uma-linha\/#primaryimage"},"thumbnailUrl":"https:\/\/exceladvisor.org\/wp-content\/uploads\/2023\/08\/1-raccourci-pour-selectionner-la-ligne.png","datePublished":"2023-10-20T04:08:08+00:00","dateModified":"2023-12-06T11:42:13+00:00","description":"Aprenda como usar um atalho de teclado para aplicar uma linha selecionada no Excel. Agora, este atalho de teclado inclui\u2026","breadcrumb":{"@id":"https:\/\/exceladvisor.org\/pt\/selecione-uma-linha\/#breadcrumb"},"inLanguage":"pt-PT","potentialAction":[{"@type":"ReadAction","target":["https:\/\/exceladvisor.org\/pt\/selecione-uma-linha\/"]}]},{"@type":"ImageObject","inLanguage":"pt-PT","@id":"https:\/\/exceladvisor.org\/pt\/selecione-uma-linha\/#primaryimage","url":"https:\/\/exceladvisor.org\/wp-content\/uploads\/2023\/08\/1-raccourci-pour-selectionner-la-ligne.png","contentUrl":"https:\/\/exceladvisor.org\/wp-content\/uploads\/2023\/08\/1-raccourci-pour-selectionner-la-ligne.png"},{"@type":"BreadcrumbList","@id":"https:\/\/exceladvisor.org\/pt\/selecione-uma-linha\/#breadcrumb","itemListElement":[{"@type":"ListItem","position":1,"name":"Lar","item":"https:\/\/exceladvisor.org\/pt\/"},{"@type":"ListItem","position":2,"name":"Como selecionar linhas usando o atalho do excel?"}]},{"@type":"WebSite","@id":"https:\/\/exceladvisor.org\/pt\/#website","url":"https:\/\/exceladvisor.org\/pt\/","name":"Excel Advisor","description":"O seu guia definitivo para dominar os dados!","publisher":{"@id":"https:\/\/exceladvisor.org\/pt\/#organization"},"potentialAction":[{"@type":"SearchAction","target":{"@type":"EntryPoint","urlTemplate":"https:\/\/exceladvisor.org\/pt\/?s={search_term_string}"},"query-input":{"@type":"PropertyValueSpecification","valueRequired":true,"valueName":"search_term_string"}}],"inLanguage":"pt-PT"},{"@type":"Organization","@id":"https:\/\/exceladvisor.org\/pt\/#organization","name":"Excel Advisor","url":"https:\/\/exceladvisor.org\/pt\/","logo":{"@type":"ImageObject","inLanguage":"pt-PT","@id":"https:\/\/exceladvisor.org\/pt\/#\/schema\/logo\/image\/","url":"https:\/\/exceladvisor.org\/pt\/wp-content\/uploads\/2023\/12\/exceladvisor.org_.png","contentUrl":"https:\/\/exceladvisor.org\/pt\/wp-content\/uploads\/2023\/12\/exceladvisor.org_.png","width":105,"height":36,"caption":"Excel Advisor"},"image":{"@id":"https:\/\/exceladvisor.org\/pt\/#\/schema\/logo\/image\/"}}]}},"yoast_meta":{"yoast_wpseo_title":"","yoast_wpseo_metadesc":"","yoast_wpseo_canonical":""},"_links":{"self":[{"href":"https:\/\/exceladvisor.org\/pt\/wp-json\/wp\/v2\/pages\/605","targetHints":{"allow":["GET"]}}],"collection":[{"href":"https:\/\/exceladvisor.org\/pt\/wp-json\/wp\/v2\/pages"}],"about":[{"href":"https:\/\/exceladvisor.org\/pt\/wp-json\/wp\/v2\/types\/page"}],"author":[{"embeddable":true,"href":"https:\/\/exceladvisor.org\/pt\/wp-json\/wp\/v2\/users\/1"}],"replies":[{"embeddable":true,"href":"https:\/\/exceladvisor.org\/pt\/wp-json\/wp\/v2\/comments?post=605"}],"version-history":[{"count":1,"href":"https:\/\/exceladvisor.org\/pt\/wp-json\/wp\/v2\/pages\/605\/revisions"}],"predecessor-version":[{"id":1192,"href":"https:\/\/exceladvisor.org\/pt\/wp-json\/wp\/v2\/pages\/605\/revisions\/1192"}],"wp:attachment":[{"href":"https:\/\/exceladvisor.org\/pt\/wp-json\/wp\/v2\/media?parent=605"}],"curies":[{"name":"wp","href":"https:\/\/api.w.org\/{rel}","templated":true}]}}