{"id":609,"date":"2023-10-19T09:41:31","date_gmt":"2023-10-19T09:41:31","guid":{"rendered":"https:\/\/exceladvisor.org\/pt\/faixa-de-atualizacao-automatica\/"},"modified":"2023-12-06T11:34:53","modified_gmt":"2023-12-06T11:34:53","slug":"faixa-de-atualizacao-automatica","status":"publish","type":"page","link":"https:\/\/exceladvisor.org\/pt\/faixa-de-atualizacao-automatica\/","title":{"rendered":"Como atualizo automaticamente um intervalo de tabela din\u00e2mica?"},"content":{"rendered":"<div class=\"excel-before-content-2\" id=\"excel-544683004\"><script type=\"text\/javascript\">\r\n\tatOptions = {\r\n\t\t'key' : 'c1158f160081d6540a8409e6925dab94',\r\n\t\t'format' : 'iframe',\r\n\t\t'height' : 250,\r\n\t\t'width' : 300,\r\n\t\t'params' : {}\r\n\t};\r\n<\/script>\r\n<script type=\"text\/javascript\" src=\"\/\/www.highperformanceformat.com\/c1158f160081d6540a8409e6925dab94\/invoke.js\"><\/script><\/div><div class=\"excel-before-content\" id=\"excel-1955225864\"><script type=\"text\/javascript\">\r\n\tatOptions = {\r\n\t\t'key' : 'c1158f160081d6540a8409e6925dab94',\r\n\t\t'format' : 'iframe',\r\n\t\t'height' : 250,\r\n\t\t'width' : 300,\r\n\t\t'params' : {}\r\n\t};\r\n<\/script>\r\n<script type=\"text\/javascript\" src=\"\/\/www.highperformanceformat.com\/c1158f160081d6540a8409e6925dab94\/invoke.js\"><\/script><\/div> <p>Atualizar uma tabela din\u00e2mica \u00e9 uma dor, n\u00e3o \u00e9? Se voc\u00ea usa tabelas din\u00e2micas com frequ\u00eancia em seu trabalho, tenho certeza de que se identifica.<\/p><p> O problema \u00e9 que toda vez que voc\u00ea adiciona novos dados \u00e0 planilha de origem, voc\u00ea precisa atualizar o intervalo de origem da tabela din\u00e2mica antes de atualizar sua tabela din\u00e2mica.<\/p><p> Agora imagine que se voc\u00ea adicionar dados \u00e0 sua planilha de origem todos os dias, precisar\u00e1 atualizar o intervalo de origem todos os dias.<\/p><p> E sempre que alterar o intervalo da tabela din\u00e2mica \u00e9 uma bagun\u00e7a. Sim, isso mesmo, quanto mais frequentemente voc\u00ea adiciona dados, mais voc\u00ea precisa atualizar o intervalo de origem.<\/p><p> Portanto, a quest\u00e3o \u00e9 que voc\u00ea precisa de um m\u00e9todo para atualizar automaticamente o intervalo de origem ao adicionar novos dados.<\/p><p class=\"qt-tip\"> <strong>NOTA<\/strong> : As tabelas din\u00e2micas fazem parte das <a href=\"https:\/\/exceladvisor.org\/pt\/habilidades-de-excelencia\/\">HABILIDADES INTERMEDI\u00c1RIAS DE EXCEL<\/a> .<\/p><h2 id=\"0-apply-table-to-have-an-auto-updating-pivot-table-range\" class=\"wp-block-heading\"> Aplicar tabela para ter intervalo de tabela din\u00e2mica com atualiza\u00e7\u00e3o autom\u00e1tica<\/h2><p> H\u00e1 alguns dias, perguntei <a href=\"https:\/\/www.myexcelonline.com\/\" target=\"_blank\" rel=\"noreferrer noopener\">a John Michaloudis<\/a> sobre sua dica de mesa din\u00e2mica de um milh\u00e3o de d\u00f3lares. Diz: Coloque seus dados de origem em uma tabela. Acredite em mim, esta \u00e9 uma gorjeta de um milh\u00e3o de d\u00f3lares.<\/p><p> Ao aplicar uma tabela nos dados de origem, voc\u00ea n\u00e3o precisa alterar o intervalo de origem da sua tabela din\u00e2mica repetidamente.<\/p><p> Cada vez que voc\u00ea adiciona novos dados, ele atualiza automaticamente o intervalo da tabela din\u00e2mica.<\/p><h3 id=\"1-convert-data-into-a-table-before-creating-a-pivot-table\" class=\"wp-block-heading\"> Converta dados em tabela antes de criar uma tabela din\u00e2mica<\/h3><p> Sempre antes de <a href=\"https:\/\/exceladvisor.org\/pt\/tabela-dinamica-1\/\" data-wpel-link=\"internal\" data-wpil=\"url\">criar uma tabela din\u00e2mica,<\/a> certifique-se de aplicar a tabela aos dados de origem usando as etapas a seguir.<\/p><ol><li> Selecione uma das c\u00e9lulas em seus dados.<\/li><li> Use a tecla de atalho Ctrl + T ou navegue at\u00e9 \u2192 Inserir guia \u2192 Tabelas \u2192 Tabela.<\/li><li> Voc\u00ea receber\u00e1 um pop-up com seu intervalo de dados atual. <br><img decoding=\"async\" title=\"adicione tabela para atualizar o intervalo da tabela din\u00e2mica\" src=\"https:\/\/exceladvisor.org\/wp-content\/uploads\/2023\/08\/ajouter-un-tableau-pour-mettre-a-jour-la-plage-du-tableau-croise-dynamique-1.png\" sizes=\"\" srcset=\"\" alt=\"add table to update pivot table range\"><\/li><li> Clique OK.<\/li><li> Agora, para criar uma tabela din\u00e2mica, selecione qualquer c\u00e9lula em seus dados. V\u00e1 para \u2192 guia Design \u2192 Ferramentas \u2192 Resumir com tabela din\u00e2mica. <br><img decoding=\"async\" title=\"nova tabela din\u00e2mica para atualizar o intervalo da tabela din\u00e2mica\" src=\"https:\/\/exceladvisor.org\/wp-content\/uploads\/2023\/08\/nouveau-tableau-croise-dynamique-pour-mettre-a-jour-la-plage-du-tableau-croise-dynamique-1.png\" sizes=\"\" srcset=\"\" alt=\"new pivot table to update pivot table range\"><\/li><li> Clique OK.<\/li><\/ol><p> Agora, sempre que voc\u00ea adiciona novos dados \u00e0 sua planilha de dados, o intervalo da tabela din\u00e2mica \u00e9 atualizado automaticamente e voc\u00ea s\u00f3 precisa atualizar sua tabela din\u00e2mica.<\/p><h3 id=\"2-convert-data-into-a-table-after-creating-a-pivot-table\" class=\"wp-block-heading\"> Converta dados em tabela ap\u00f3s criar uma tabela din\u00e2mica<\/h3><p> Se voc\u00ea j\u00e1 possui uma tabela din\u00e2mica em sua planilha, poder\u00e1 usar as etapas a seguir para converter sua fonte de dados em uma tabela.<\/p><ol><li> Selecione uma das c\u00e9lulas da sua fonte de dados.<\/li><li> Use a tecla de atalho Ctrl + T ou navegue at\u00e9 \u2192 Inserir guia \u2192 Tabelas \u2192 Tabela.<\/li><li> Voc\u00ea receber\u00e1 um pop-up com seu intervalo de dados atual.<\/li><li> Clique OK.<\/li><li> Agora, selecione uma das c\u00e9lulas em sua tabela din\u00e2mica e v\u00e1 para \u2192 Analisar \u2192 Dados \u2192 Editar fonte de dados \u2192 Editar fonte de dados (menu suspenso).<\/li><li> Voc\u00ea receber\u00e1 um pop-up para selecionar novamente sua fonte de dados ou tamb\u00e9m poder\u00e1 inserir o nome da tabela na entrada do intervalo. <br><img decoding=\"async\" title=\"editar o intervalo de dados de origem para atualizar o intervalo da tabela din\u00e2mica\" src=\"https:\/\/exceladvisor.org\/wp-content\/uploads\/2023\/08\/modifier-les-donnees-source-pour-mettre-a-jour-la-plage-du-tableau-croise-dynamique-1.png\" sizes=\"\" srcset=\"\" alt=\"change source data to update pivot table range\"><\/li><li> Clique OK.<\/li><\/ol><p> De agora em diante, sempre que voc\u00ea adicionar novos dados \u00e0 planilha de origem, o intervalo da tabela din\u00e2mica aumentar\u00e1 para atualiz\u00e1-los automaticamente.<\/p><h2 id=\"3-create-a-dynamic-pivot-table-range-with-offset-function\" class=\"wp-block-heading\"> Crie um intervalo de tabela din\u00e2mica din\u00e2mica com a fun\u00e7\u00e3o OFFSET<\/h2><p> A outra melhor maneira de atualizar automaticamente o intervalo da tabela din\u00e2mica \u00e9 usar um intervalo din\u00e2mico.<\/p><p> O intervalo din\u00e2mico pode se expandir automaticamente sempre que voc\u00ea adicionar novos dados \u00e0 planilha de origem. Aqui est\u00e3o as etapas para criar um intervalo din\u00e2mico.<\/p><ol><li> V\u00e1 para \u2192 Guia F\u00f3rmulas \u2192 Nomes Definidos \u2192 Gerenciador de Nomes.<\/li><li> Depois de clicar no gerenciador de nomes, voc\u00ea ver\u00e1 uma janela pop-up. <br><img decoding=\"async\" title=\"use o nome do manipulador para atualizar o intervalo da tabela din\u00e2mica\" src=\"https:\/\/exceladvisor.org\/wp-content\/uploads\/2023\/08\/utiliser-le-gestionnaire-de-noms-pour-mettre-a-jour-la-plage-du-tableau-croise-dynamique-1.png\" sizes=\"\" srcset=\"\" alt=\"use name manager to update pivot table range\"><\/li><li> Na janela do Gerenciador de nomes, clique em Novo para criar um intervalo nomeado.<\/li><li> Na janela do novo nome, digite<ol><li> Um nome para sua nova linha. Eu uso o nome \u201cSourceData\u201d.<\/li><li> Especifique a extens\u00e3o do intervalo. Voc\u00ea pode especificar entre a planilha ou pasta de trabalho atual.<\/li><li> Adicione um coment\u00e1rio para descrever seu intervalo nomeado. Insira a f\u00f3rmula abaixo na barra de entrada \u201cConsulte\u201d.<br><pre> =OFFSET(PivotTableData!$A$1,0,0,COUNTA(PivotTableData!$A:$A),COUNTA(PivotTableData!$1:$1))<\/pre><\/li><\/ol><\/li><li> No final, clique em OK. <\/li><\/ol><div class=\"wp-block-image\"><figure class=\"aligncenter size-large is-resized\"><img loading=\"lazy\" decoding=\"async\" class=\"wp-image-16657\" src=\"https:\/\/exceladvisor.org\/wp-content\/uploads\/2023\/08\/creer-un-nouveau-nom-pour-mettre-a-jour-la-plage-du-tableau-croise-dynamique-1.png\" sizes=\"auto, \" srcset=\"\" alt=\"crie um novo nome para atualizar o intervalo da tabela din\u00e2mica\" width=\"566\" height=\"358\"><\/figure><\/div><p> Agora voc\u00ea tem faixa din\u00e2mica para criar uma tabela din\u00e2mica.<\/p><p> Tudo o que voc\u00ea precisa fazer \u00e9 simplesmente criar uma tabela din\u00e2mica com seus dados de origem e, em seguida, alterar a fonte com o intervalo nomeado usando o mesmo m\u00e9todo que usei no primeiro m\u00e9todo de tabelas.<\/p><p> Depois de adicionar novos dados \u00e0 planilha de origem, basta atualizar a tabela din\u00e2mica.<\/p><h3 id=\"4-how-does-this-formula-works\" class=\"wp-block-heading\"> Como funciona essa f\u00f3rmula?<\/h3><p> Na f\u00f3rmula acima, usei a fun\u00e7\u00e3o offset para criar uma faixa din\u00e2mica.<\/p><p> Mencionei a c\u00e9lula A1 como ponto de partida e, sem mencionar linhas e colunas, especifiquei a altura e a largura do intervalo usando COUNTA.<\/p><p> COUNTA contar\u00e1 as c\u00e9lulas com valores da coluna A e da linha 1 e informar\u00e1 ao deslocamento para expandir sua altura e largura de acordo.<\/p><p> A \u00fanica coisa que voc\u00ea precisa ter cuidado \u00e9 que n\u00e3o haja nenhuma c\u00e9lula vazia entre a coluna A e a linha 1.<\/p><h2 id=\"5-update-the-pivot-table-using-a-vba-code\" class=\"wp-block-heading\"> Atualizar tabela din\u00e2mica usando c\u00f3digo VBA<\/h2><p> A maioria das pessoas gosta de usar c\u00f3digos VBA. Ent\u00e3o aqui est\u00e1 o c\u00f3digo a ser usado para atualizar o intervalo da tabela din\u00e2mica com VBA.<\/p><pre class=\"wp-block-code\"> <code class=\"language-visual-basic line-numbers\" lang=\"visual-basic\">Sub UpdatePivotTableRange() Dim Data_Sheet As Worksheet Dim Pivot_Sheet As Worksheet Dim StartPoint As Range Dim DataRange As Range Dim PivotName As String Dim NewRange As String Dim LastCol As Long Dim lastRow As Long 'Set Pivot Table &amp; Source Worksheet Set Data_Sheet = ThisWorkbook.Worksheets(\"PivotTableData3\") Set Pivot_Sheet = ThisWorkbook.Worksheets(\"Pivot3\") 'Enter in Pivot Table Name PivotName = \"PivotTable2\" 'Defining Staring Point &amp; Dynamic Range Data_Sheet.Activate Set StartPoint = Data_Sheet.Range(\"A1\") LastCol = StartPoint.End(xlToRight).Column DownCell = StartPoint.End(xlDown).Row Set DataRange = Data_Sheet.Range(StartPoint, Cells(DownCell, LastCol)) NewRange = Data_Sheet.Name &amp; \"!\" &amp; DataRange.Address(ReferenceStyle:=xlR1C1) 'Change Pivot Table Data Source Range Address Pivot_Sheet.PivotTables(PivotName). _ ChangePivotCache ActiveWorkbook. _ PivotCaches.Create(SourceType:=xlDatabase, SourceData:=NewRange) 'Ensure Pivot Table is Refreshed Pivot_Sheet.PivotTables(PivotName).RefreshTable 'Complete Message Pivot_Sheet.Activate MsgBox \"Your Pivot Table is now updated.\" End Sub<\/code><\/pre><p> Coisas que voc\u00ea precisa alterar antes de us\u00e1-lo em sua pasta de trabalho.<\/p><ol><li> Linha 13: Altere o nome da planilha de origem.<\/li><li> Linha 14: Altere o nome da planilha da tabela din\u00e2mica.<\/li><li><u><\/u> Linha 17: Altere o nome da tabela din\u00e2mica.<\/li><\/ol><p> Se voc\u00ea ainda enfrentar algum problema ao usar este c\u00f3digo, escreva para mim na caixa de coment\u00e1rios. Agora deixe-me mostrar como esse c\u00f3digo funciona para que voc\u00ea possa modific\u00e1-lo facilmente de acordo com suas necessidades.<\/p><pre class=\"wp-block-code\"> <code class=\"language-visual-basic line-numbers\" lang=\"visual-basic\">Set Data_Sheet = ThisWorkbook.Worksheets(\"PivotTableData3\") Set Pivot_Sheet = ThisWorkbook.Worksheets(\"Pivot3\")<\/code><\/pre><p> Na parte acima do c\u00f3digo, especificamos a tabela din\u00e2mica e as vari\u00e1veis da planilha dos dados de origem. Voc\u00ea pode alterar o nome da planilha aqui.<\/p><pre class=\"wp-block-code\"> <code class=\"language-visual-basic line-numbers\" lang=\"visual-basic\">PivotName = \"PivotTable2\"<\/code><\/pre><p> Na parte acima do c\u00f3digo, insira o nome da tabela din\u00e2mica na qual deseja usar este c\u00f3digo.<\/p><pre class=\"wp-block-code\"> <code class=\"language-visual-basic line-numbers\" lang=\"visual-basic\">Data_Sheet.Activate Set StartPoint = Data_Sheet.Range(\"A1\") LastCol = StartPoint.End(xlToRight).Column DownCell = StartPoint.End(xlDown).Row Set DataRange = Data_Sheet.Range(StartPoint, Cells(DownCell, LastCol))<\/code><\/pre><p> A parte do c\u00f3digo acima criar\u00e1 um intervalo din\u00e2mico usando a c\u00e9lula A1 da planilha da fonte de dados.<\/p><p> Ele verificar\u00e1 a \u00faltima coluna e a \u00faltima linha com dados para criar um intervalo din\u00e2mico. Cada vez que voc\u00ea executar esta macro, ela criar\u00e1 um novo intervalo din\u00e2mico.<\/p><pre class=\"wp-block-code\"> <code class=\"language-visual-basic line-numbers\" lang=\"visual-basic\">'Ensure Pivot Table is Refreshed Pivot_Sheet.PivotTables(PivotName).RefreshTable 'Complete Message Pivot_Sheet.Activate MsgBox \"Your Pivot Table is now updated.\"<\/code><\/pre><p> A parte acima do c\u00f3digo atualizar\u00e1 a tabela din\u00e2mica e exibir\u00e1 uma mensagem ao usu\u00e1rio informando que a tabela din\u00e2mica agora est\u00e1 atualizada. <\/p><div class=\"gb-container gb-container-52dfcee1 gb-container-sample-file\"><h2 id=\"6-get-the-excel-file\" class=\"gb-headline gb-headline-e289c143 gb-headline-text gb-headline-4f7959c2\"> Obtenha o arquivo Excel<\/h2> <a class=\"gb-button gb-button-e88d6bee gb-button-text gb-button-button1\" href=\"https:\/\/exceladvisor.org\/wp-content\/uploads\/2023\/08\/mettre-a-jour-automatiquement-la-plage-du-tableau-croise-dynamique.zip\" rel=\"nofollow\">Download<\/a> <\/div><div class=\"wp-block-group main-page-bottom is-layout-flow\"><div class=\"wp-block-group__inner-container\"><h2 id=\"7-more-pivot-table-tutorials\" class=\"wp-block-heading\"> Mais tutoriais de tabela din\u00e2mica <\/h2><div class=\"wp-block-columns is-layout-flex wp-container-62\"><div class=\"wp-block-column is-layout-flow\"><ul><li> <a href=\"https:\/\/exceladvisor.org\/pt\/adicionar-excluir-total-geral\/\">Adicionar ou remover total geral em uma tabela din\u00e2mica<\/a><\/li><li> <a href=\"https:\/\/exceladvisor.org\/pt\/total-cumulativo\/\">Adicionar um total acumulado a uma tabela din\u00e2mica<\/a><\/li><li> <a href=\"https:\/\/exceladvisor.org\/pt\/calculo-em-tabela-dinamica\/\">F\u00f3rmulas em uma tabela din\u00e2mica (campo e item calculado)<\/a><\/li><li> <a href=\"https:\/\/exceladvisor.org\/pt\/alterar-fonte-de-dados\/\">Alterar fonte de dados para tabela din\u00e2mica no Excel<\/a><\/li><li> <a href=\"https:\/\/exceladvisor.org\/pt\/contar-valores-unicos\/\">Conte valores \u00fanicos em uma tabela din\u00e2mica no Excel<\/a><\/li><\/ul><\/div><\/div><\/div><\/div>","protected":false},"excerpt":{"rendered":"","protected":false},"author":1,"featured_media":0,"parent":0,"menu_order":0,"comment_status":"open","ping_status":"closed","template":"","meta":{"ub_ctt_via":"","footnotes":""},"class_list":["post-609","page","type-page","status-publish","hentry"],"featured_image_src":null,"yoast_head":"<!-- This site is optimized with the Yoast SEO plugin v25.4 - https:\/\/yoast.com\/wordpress\/plugins\/seo\/ -->\n<title>Como atualizar automaticamente um intervalo de tabela din\u00e2mica?<\/title>\n<meta name=\"description\" content=\"Voc\u00ea sabe como atualizar automaticamente o intervalo da tabela din\u00e2mica? Este guia \u00e9 para voc\u00ea aprender isso.\" \/>\n<meta name=\"robots\" content=\"index, follow, max-snippet:-1, max-image-preview:large, max-video-preview:-1\" \/>\n<link rel=\"canonical\" href=\"https:\/\/exceladvisor.org\/pt\/faixa-de-atualizacao-automatica\/\" \/>\n<meta property=\"og:locale\" content=\"pt_PT\" \/>\n<meta property=\"og:type\" content=\"article\" \/>\n<meta property=\"og:title\" content=\"Como atualizar automaticamente um intervalo de tabela din\u00e2mica?\" \/>\n<meta property=\"og:description\" content=\"Voc\u00ea sabe como atualizar automaticamente o intervalo da tabela din\u00e2mica? Este guia \u00e9 para voc\u00ea aprender isso.\" \/>\n<meta property=\"og:url\" content=\"https:\/\/exceladvisor.org\/pt\/faixa-de-atualizacao-automatica\/\" \/>\n<meta property=\"og:site_name\" content=\"Excel Advisor\" \/>\n<meta property=\"article:modified_time\" content=\"2023-12-06T11:34:53+00:00\" \/>\n<meta property=\"og:image\" content=\"https:\/\/exceladvisor.org\/wp-content\/uploads\/2023\/08\/ajouter-un-tableau-pour-mettre-a-jour-la-plage-du-tableau-croise-dynamique-1.png\" \/>\n<meta name=\"twitter:card\" content=\"summary_large_image\" \/>\n<meta name=\"twitter:label1\" content=\"Tempo estimado de leitura\" \/>\n\t<meta name=\"twitter:data1\" content=\"7 minutos\" \/>\n<script type=\"application\/ld+json\" class=\"yoast-schema-graph\">{\"@context\":\"https:\/\/schema.org\",\"@graph\":[{\"@type\":\"WebPage\",\"@id\":\"https:\/\/exceladvisor.org\/pt\/faixa-de-atualizacao-automatica\/\",\"url\":\"https:\/\/exceladvisor.org\/pt\/faixa-de-atualizacao-automatica\/\",\"name\":\"Como atualizar automaticamente um intervalo de tabela din\u00e2mica?\",\"isPartOf\":{\"@id\":\"https:\/\/exceladvisor.org\/pt\/#website\"},\"primaryImageOfPage\":{\"@id\":\"https:\/\/exceladvisor.org\/pt\/faixa-de-atualizacao-automatica\/#primaryimage\"},\"image\":{\"@id\":\"https:\/\/exceladvisor.org\/pt\/faixa-de-atualizacao-automatica\/#primaryimage\"},\"thumbnailUrl\":\"https:\/\/exceladvisor.org\/wp-content\/uploads\/2023\/08\/ajouter-un-tableau-pour-mettre-a-jour-la-plage-du-tableau-croise-dynamique-1.png\",\"datePublished\":\"2023-10-19T09:41:31+00:00\",\"dateModified\":\"2023-12-06T11:34:53+00:00\",\"description\":\"Voc\u00ea sabe como atualizar automaticamente o intervalo da tabela din\u00e2mica? Este guia \u00e9 para voc\u00ea aprender isso.\",\"breadcrumb\":{\"@id\":\"https:\/\/exceladvisor.org\/pt\/faixa-de-atualizacao-automatica\/#breadcrumb\"},\"inLanguage\":\"pt-PT\",\"potentialAction\":[{\"@type\":\"ReadAction\",\"target\":[\"https:\/\/exceladvisor.org\/pt\/faixa-de-atualizacao-automatica\/\"]}]},{\"@type\":\"ImageObject\",\"inLanguage\":\"pt-PT\",\"@id\":\"https:\/\/exceladvisor.org\/pt\/faixa-de-atualizacao-automatica\/#primaryimage\",\"url\":\"https:\/\/exceladvisor.org\/wp-content\/uploads\/2023\/08\/ajouter-un-tableau-pour-mettre-a-jour-la-plage-du-tableau-croise-dynamique-1.png\",\"contentUrl\":\"https:\/\/exceladvisor.org\/wp-content\/uploads\/2023\/08\/ajouter-un-tableau-pour-mettre-a-jour-la-plage-du-tableau-croise-dynamique-1.png\"},{\"@type\":\"BreadcrumbList\",\"@id\":\"https:\/\/exceladvisor.org\/pt\/faixa-de-atualizacao-automatica\/#breadcrumb\",\"itemListElement\":[{\"@type\":\"ListItem\",\"position\":1,\"name\":\"Lar\",\"item\":\"https:\/\/exceladvisor.org\/pt\/\"},{\"@type\":\"ListItem\",\"position\":2,\"name\":\"Como atualizo automaticamente um intervalo de tabela din\u00e2mica?\"}]},{\"@type\":\"WebSite\",\"@id\":\"https:\/\/exceladvisor.org\/pt\/#website\",\"url\":\"https:\/\/exceladvisor.org\/pt\/\",\"name\":\"Excel Advisor\",\"description\":\"O seu guia definitivo para dominar os dados!\",\"publisher\":{\"@id\":\"https:\/\/exceladvisor.org\/pt\/#organization\"},\"potentialAction\":[{\"@type\":\"SearchAction\",\"target\":{\"@type\":\"EntryPoint\",\"urlTemplate\":\"https:\/\/exceladvisor.org\/pt\/?s={search_term_string}\"},\"query-input\":{\"@type\":\"PropertyValueSpecification\",\"valueRequired\":true,\"valueName\":\"search_term_string\"}}],\"inLanguage\":\"pt-PT\"},{\"@type\":\"Organization\",\"@id\":\"https:\/\/exceladvisor.org\/pt\/#organization\",\"name\":\"Excel Advisor\",\"url\":\"https:\/\/exceladvisor.org\/pt\/\",\"logo\":{\"@type\":\"ImageObject\",\"inLanguage\":\"pt-PT\",\"@id\":\"https:\/\/exceladvisor.org\/pt\/#\/schema\/logo\/image\/\",\"url\":\"https:\/\/exceladvisor.org\/pt\/wp-content\/uploads\/2023\/12\/exceladvisor.org_.png\",\"contentUrl\":\"https:\/\/exceladvisor.org\/pt\/wp-content\/uploads\/2023\/12\/exceladvisor.org_.png\",\"width\":105,\"height\":36,\"caption\":\"Excel Advisor\"},\"image\":{\"@id\":\"https:\/\/exceladvisor.org\/pt\/#\/schema\/logo\/image\/\"}}]}<\/script>\n<!-- \/ Yoast SEO plugin. -->","yoast_head_json":{"title":"Como atualizar automaticamente um intervalo de tabela din\u00e2mica?","description":"Voc\u00ea sabe como atualizar automaticamente o intervalo da tabela din\u00e2mica? Este guia \u00e9 para voc\u00ea aprender isso.","robots":{"index":"index","follow":"follow","max-snippet":"max-snippet:-1","max-image-preview":"max-image-preview:large","max-video-preview":"max-video-preview:-1"},"canonical":"https:\/\/exceladvisor.org\/pt\/faixa-de-atualizacao-automatica\/","og_locale":"pt_PT","og_type":"article","og_title":"Como atualizar automaticamente um intervalo de tabela din\u00e2mica?","og_description":"Voc\u00ea sabe como atualizar automaticamente o intervalo da tabela din\u00e2mica? Este guia \u00e9 para voc\u00ea aprender isso.","og_url":"https:\/\/exceladvisor.org\/pt\/faixa-de-atualizacao-automatica\/","og_site_name":"Excel Advisor","article_modified_time":"2023-12-06T11:34:53+00:00","og_image":[{"url":"https:\/\/exceladvisor.org\/wp-content\/uploads\/2023\/08\/ajouter-un-tableau-pour-mettre-a-jour-la-plage-du-tableau-croise-dynamique-1.png","type":"","width":"","height":""}],"twitter_card":"summary_large_image","twitter_misc":{"Tempo estimado de leitura":"7 minutos"},"schema":{"@context":"https:\/\/schema.org","@graph":[{"@type":"WebPage","@id":"https:\/\/exceladvisor.org\/pt\/faixa-de-atualizacao-automatica\/","url":"https:\/\/exceladvisor.org\/pt\/faixa-de-atualizacao-automatica\/","name":"Como atualizar automaticamente um intervalo de tabela din\u00e2mica?","isPartOf":{"@id":"https:\/\/exceladvisor.org\/pt\/#website"},"primaryImageOfPage":{"@id":"https:\/\/exceladvisor.org\/pt\/faixa-de-atualizacao-automatica\/#primaryimage"},"image":{"@id":"https:\/\/exceladvisor.org\/pt\/faixa-de-atualizacao-automatica\/#primaryimage"},"thumbnailUrl":"https:\/\/exceladvisor.org\/wp-content\/uploads\/2023\/08\/ajouter-un-tableau-pour-mettre-a-jour-la-plage-du-tableau-croise-dynamique-1.png","datePublished":"2023-10-19T09:41:31+00:00","dateModified":"2023-12-06T11:34:53+00:00","description":"Voc\u00ea sabe como atualizar automaticamente o intervalo da tabela din\u00e2mica? Este guia \u00e9 para voc\u00ea aprender isso.","breadcrumb":{"@id":"https:\/\/exceladvisor.org\/pt\/faixa-de-atualizacao-automatica\/#breadcrumb"},"inLanguage":"pt-PT","potentialAction":[{"@type":"ReadAction","target":["https:\/\/exceladvisor.org\/pt\/faixa-de-atualizacao-automatica\/"]}]},{"@type":"ImageObject","inLanguage":"pt-PT","@id":"https:\/\/exceladvisor.org\/pt\/faixa-de-atualizacao-automatica\/#primaryimage","url":"https:\/\/exceladvisor.org\/wp-content\/uploads\/2023\/08\/ajouter-un-tableau-pour-mettre-a-jour-la-plage-du-tableau-croise-dynamique-1.png","contentUrl":"https:\/\/exceladvisor.org\/wp-content\/uploads\/2023\/08\/ajouter-un-tableau-pour-mettre-a-jour-la-plage-du-tableau-croise-dynamique-1.png"},{"@type":"BreadcrumbList","@id":"https:\/\/exceladvisor.org\/pt\/faixa-de-atualizacao-automatica\/#breadcrumb","itemListElement":[{"@type":"ListItem","position":1,"name":"Lar","item":"https:\/\/exceladvisor.org\/pt\/"},{"@type":"ListItem","position":2,"name":"Como atualizo automaticamente um intervalo de tabela din\u00e2mica?"}]},{"@type":"WebSite","@id":"https:\/\/exceladvisor.org\/pt\/#website","url":"https:\/\/exceladvisor.org\/pt\/","name":"Excel Advisor","description":"O seu guia definitivo para dominar os dados!","publisher":{"@id":"https:\/\/exceladvisor.org\/pt\/#organization"},"potentialAction":[{"@type":"SearchAction","target":{"@type":"EntryPoint","urlTemplate":"https:\/\/exceladvisor.org\/pt\/?s={search_term_string}"},"query-input":{"@type":"PropertyValueSpecification","valueRequired":true,"valueName":"search_term_string"}}],"inLanguage":"pt-PT"},{"@type":"Organization","@id":"https:\/\/exceladvisor.org\/pt\/#organization","name":"Excel Advisor","url":"https:\/\/exceladvisor.org\/pt\/","logo":{"@type":"ImageObject","inLanguage":"pt-PT","@id":"https:\/\/exceladvisor.org\/pt\/#\/schema\/logo\/image\/","url":"https:\/\/exceladvisor.org\/pt\/wp-content\/uploads\/2023\/12\/exceladvisor.org_.png","contentUrl":"https:\/\/exceladvisor.org\/pt\/wp-content\/uploads\/2023\/12\/exceladvisor.org_.png","width":105,"height":36,"caption":"Excel Advisor"},"image":{"@id":"https:\/\/exceladvisor.org\/pt\/#\/schema\/logo\/image\/"}}]}},"yoast_meta":{"yoast_wpseo_title":"","yoast_wpseo_metadesc":"","yoast_wpseo_canonical":""},"_links":{"self":[{"href":"https:\/\/exceladvisor.org\/pt\/wp-json\/wp\/v2\/pages\/609","targetHints":{"allow":["GET"]}}],"collection":[{"href":"https:\/\/exceladvisor.org\/pt\/wp-json\/wp\/v2\/pages"}],"about":[{"href":"https:\/\/exceladvisor.org\/pt\/wp-json\/wp\/v2\/types\/page"}],"author":[{"embeddable":true,"href":"https:\/\/exceladvisor.org\/pt\/wp-json\/wp\/v2\/users\/1"}],"replies":[{"embeddable":true,"href":"https:\/\/exceladvisor.org\/pt\/wp-json\/wp\/v2\/comments?post=609"}],"version-history":[{"count":1,"href":"https:\/\/exceladvisor.org\/pt\/wp-json\/wp\/v2\/pages\/609\/revisions"}],"predecessor-version":[{"id":861,"href":"https:\/\/exceladvisor.org\/pt\/wp-json\/wp\/v2\/pages\/609\/revisions\/861"}],"wp:attachment":[{"href":"https:\/\/exceladvisor.org\/pt\/wp-json\/wp\/v2\/media?parent=609"}],"curies":[{"name":"wp","href":"https:\/\/api.w.org\/{rel}","templated":true}]}}