{"id":61,"date":"2023-11-17T15:12:06","date_gmt":"2023-11-17T15:12:06","guid":{"rendered":"https:\/\/exceladvisor.org\/pt\/excluir-uma-planilha-1\/"},"modified":"2023-12-06T11:37:18","modified_gmt":"2023-12-06T11:37:18","slug":"excluir-uma-planilha-1","status":"publish","type":"page","link":"https:\/\/exceladvisor.org\/pt\/excluir-uma-planilha-1\/","title":{"rendered":"Como deletar uma planilha usando vba?"},"content":{"rendered":"<div class=\"excel-before-content-2\" id=\"excel-796044828\"><script type=\"text\/javascript\">\r\n\tatOptions = {\r\n\t\t'key' : 'c1158f160081d6540a8409e6925dab94',\r\n\t\t'format' : 'iframe',\r\n\t\t'height' : 250,\r\n\t\t'width' : 300,\r\n\t\t'params' : {}\r\n\t};\r\n<\/script>\r\n<script type=\"text\/javascript\" src=\"\/\/www.highperformanceformat.com\/c1158f160081d6540a8409e6925dab94\/invoke.js\"><\/script><\/div><div class=\"excel-before-content\" id=\"excel-2651994892\"><script type=\"text\/javascript\">\r\n\tatOptions = {\r\n\t\t'key' : 'c1158f160081d6540a8409e6925dab94',\r\n\t\t'format' : 'iframe',\r\n\t\t'height' : 250,\r\n\t\t'width' : 300,\r\n\t\t'params' : {}\r\n\t};\r\n<\/script>\r\n<script type=\"text\/javascript\" src=\"\/\/www.highperformanceformat.com\/c1158f160081d6540a8409e6925dab94\/invoke.js\"><\/script><\/div> <p><strong>Para excluir uma planilha usando VBA, voc\u00ea deve usar o m\u00e9todo VBA Delete.<\/strong> Voc\u00ea precisa especificar a planilha que deseja excluir e usar este m\u00e9todo. Digamos que se voc\u00ea deseja excluir a &#8220;Planilha1&#8221;, ent\u00e3o voc\u00ea deve mencionar a planilha1, digitar um ponto final (.) e no final digitar &#8220;Excluir&#8221;.<\/p><p> Neste tutorial, veremos diferentes maneiras que voc\u00ea pode usar para excluir uma planilha usando c\u00f3digo VBA. Certifique-se de ter a <a href=\"https:\/\/exceladvisor.org\/pt\/adicione-uma-guia-de-desenvolvedor\/\">guia do desenvolvedor na faixa de op\u00e7\u00f5es,<\/a> a partir daqui voc\u00ea pode <a href=\"https:\/\/exceladvisor.org\/pt\/editor-visual-basico\/\">acessar o editor de base visual<\/a> .<\/p><h2 class=\"wp-block-heading\"> Exclua uma planilha usando seu nome<\/h2><p> Cada planilha tem um nome e voc\u00ea pode usar o c\u00f3digo de grava\u00e7\u00e3o para excluir uma planilha usando o nome. Ent\u00e3o, digamos que voc\u00ea queira deletar a planilha \u201cDados\u201d, o c\u00f3digo seria: <\/p><pre class=\"wp-block-code\"> <code class=\"language-visual-basic\" lang=\"visual-basic\">Sub vba_delete_sheet() Sheets(\"Data\").Delete End Sub<\/code><\/pre><div class=\"wp-block-image\"><figure class=\"aligncenter size-large is-resized\"><img loading=\"lazy\" decoding=\"async\" class=\"wp-image-52001\" src=\"https:\/\/exceladvisor.org\/wp-content\/uploads\/2023\/08\/2-ecrire-un-code-supprimer.png\" sizes=\"auto, \" srcset=\"\" alt=\"escrever-c\u00f3digo-excluir\" width=\"374\" height=\"289\"><\/figure><\/div><h2 class=\"wp-block-heading\"> Excluir uma planilha sem aviso (solicita\u00e7\u00e3o)<\/h2><p> Ao excluir uma planilha, o Excel exibe uma mensagem para confirmar se deseja exclu\u00ed-la ou cancel\u00e1-la. E quando voc\u00ea usa c\u00f3digo VBA, neste caso o Excel tamb\u00e9m far\u00e1 isso. <\/p><div class=\"wp-block-image\"><figure class=\"aligncenter size-large is-resized\"><img loading=\"lazy\" decoding=\"async\" class=\"wp-image-52002\" src=\"https:\/\/exceladvisor.org\/wp-content\/uploads\/2023\/08\/3-boite-de-dialogue-pour-confirmer-la-suppression-ou-lannulation.png\" sizes=\"auto, \" srcset=\"\" alt=\"caixa de di\u00e1logo para confirmar a exclus\u00e3o ou cancelamento\" width=\"530\" height=\"230\"><\/figure><\/div><p> Para resolver esse problema, voc\u00ea pode desativar a atualiza\u00e7\u00e3o da tela para excluir uma planilha e ativ\u00e1-la. <\/p><pre class=\"wp-block-code\"> <code class=\"language-visual-basic\" lang=\"visual-basic\">Application.DisplayAlerts = False Sheets(\"Data\").Delete Application.DisplayAlerts = True<\/code><\/pre><div class=\"wp-block-image\"><figure class=\"aligncenter size-large is-resized\"><img loading=\"lazy\" decoding=\"async\" class=\"wp-image-52003\" src=\"https:\/\/exceladvisor.org\/wp-content\/uploads\/2023\/08\/4-desactiver-lalerte-de-la-boite-de-dialogue.png\" sizes=\"auto, \" srcset=\"\" alt=\"desabilitar alerta de di\u00e1logo\" width=\"419\" height=\"243\"><\/figure><\/div><h2 class=\"wp-block-heading\"> Nome da planilha de uma c\u00e9lula<\/h2><p> Agora digamos que voc\u00ea queira usar um valor de c\u00e9lula para usar o nome da planilha. Nesse caso, voc\u00ea precisa usar o <a href=\"https:\/\/exceladvisor.org\/pt\/intervalo-1\/\">objeto de intervalo VBA<\/a> para fazer isso. <\/p><div class=\"wp-block-image\"><figure class=\"aligncenter size-large is-resized\"><img loading=\"lazy\" decoding=\"async\" class=\"wp-image-52004\" src=\"https:\/\/exceladvisor.org\/wp-content\/uploads\/2023\/08\/5-utiliser-une-valeur-de-cellule-pour-utiliser-le-nom-de-la-feuille-de-calcul.png\" sizes=\"auto, \" srcset=\"\" alt=\"use um valor de c\u00e9lula para usar o nome da planilha\" width=\"467\" height=\"272\"><\/figure><\/div><h2 class=\"wp-block-heading\"> Excluir planilha usando o n\u00famero da planilha<\/h2><p> Isso mesmo. Voc\u00ea pode usar o n\u00famero da planilha para exclu\u00ed-la. Aqui est\u00e1 o c\u00f3digo. <\/p><pre class=\"wp-block-code\"> <code class=\"language-visual-basic\" lang=\"visual-basic\">Sub vba_delete_sheet() Sheets(1).Delete End Sub<\/code><\/pre><div class=\"wp-block-image\"><figure class=\"aligncenter size-large is-resized\"><img loading=\"lazy\" decoding=\"async\" class=\"wp-image-52005\" src=\"https:\/\/exceladvisor.org\/wp-content\/uploads\/2023\/08\/6-utiliser-le-numero-de-feuille-pour-le-supprimer.png\" sizes=\"auto, \" srcset=\"\" alt=\"use o n\u00famero da planilha para exclu\u00ed-lo\" width=\"311\" height=\"172\"><\/figure><\/div><h2 class=\"wp-block-heading\"> Excluir planilha ativa<\/h2><p> Para excluir a planilha ativa, voc\u00ea pode usar o objeto &#8220;ActiveSheet&#8221; em vez de usar o nome da planilha para especific\u00e1-la. <\/p><pre class=\"wp-block-code\"> <code class=\"language-visual-basic\" lang=\"visual-basic\">ActiveSheet.Delete<\/code><\/pre><div class=\"wp-block-image\"><figure class=\"aligncenter size-large is-resized\"><img loading=\"lazy\" decoding=\"async\" class=\"wp-image-52006\" src=\"https:\/\/exceladvisor.org\/wp-content\/uploads\/2023\/08\/7-pour-supprimer-la-feuille-active-utiliser-la-feuille-active.png\" sizes=\"auto, \" srcset=\"\" alt=\"para excluir planilha ativa usar planilha ativa\" width=\"293\" height=\"173\"><\/figure><\/div><p> Como eu disse, isso exclui a planilha ativa e voc\u00ea pode <a href=\"https:\/\/exceladvisor.org\/pt\/ativar-planilha\/\">ativ\u00e1-la<\/a> antes de exclu\u00ed-la. Mas obviamente voc\u00ea n\u00e3o precisa fazer isso porque voc\u00ea pode consultar uma planilha e exclu\u00ed-la como vimos no in\u00edcio deste tutorial.<\/p><h2 class=\"wp-block-heading\"> Verifique se a planilha existe antes de exclu\u00ed-la<\/h2><p> Voc\u00ea tamb\u00e9m pode escrever o c\u00f3digo de forma que possa verificar se a planilha existe ou n\u00e3o e ent\u00e3o exclu\u00ed-la. <\/p><pre class=\"wp-block-code\"> <code class=\"language-visual-basic\" lang=\"visual-basic\">Sub check_sheet_delete() Dim ws As Worksheet Dim mySheet As Variant mySheet = InputBox(\"enter sheet name\") Application.DisplayAlerts = False For Each ws In ThisWorkbook.Worksheets If mySheet = ws.Name Then ws.Delete End If Next ws Application.DisplayAlerts = True End Sub<\/code><\/pre><div class=\"wp-block-image\"><figure class=\"aligncenter size-large is-resized\"><img loading=\"lazy\" decoding=\"async\" class=\"wp-image-52007\" src=\"https:\/\/exceladvisor.org\/wp-content\/uploads\/2023\/08\/8-ecrire-un-code-pour-verifier-si-la-feuille-existe.png\" sizes=\"auto, \" srcset=\"\" alt=\"escreva o c\u00f3digo para verificar se a planilha existe\" width=\"481\" height=\"443\"><\/figure><\/div><p> Neste c\u00f3digo voc\u00ea tem <a href=\"https:\/\/exceladvisor.org\/pt\/para-o-circuito\/\">FOR EACH<\/a> para iterar por todas as planilhas. E ent\u00e3o, uma <a href=\"https:\/\/exceladvisor.org\/pt\/se-2\/\">instru\u00e7\u00e3o IF<\/a> para excluir a planilha se seu nome for igual ao nome que voc\u00ea digitou na caixa de entrada.<\/p><h2 class=\"wp-block-heading\"> Exclua todas as planilhas da pasta de trabalho<\/h2><p> Tenho certeza de que voc\u00ea tem essa pergunta em mente, mas infelizmente \u00e9 imposs\u00edvel excluir todas as planilhas que voc\u00ea tem na pasta de trabalho. Voc\u00ea ainda tem pelo menos uma planilha.<\/p><p> Mas encontrei uma solu\u00e7\u00e3o para esse problema. Voc\u00ea pode inserir uma nova folha em branco e excluir todas as que j\u00e1 est\u00e3o l\u00e1.<\/p><p> <strong>Aqui est\u00e1 o c\u00f3digo:<\/strong> Este c\u00f3digo <a href=\"https:\/\/exceladvisor.org\/pt\/adicione-uma-nova-planilha-1\/\">adiciona uma nova planilha<\/a> e exclui todas as outras planilhas.<\/p><pre class=\"wp-block-code\"> <code class=\"language-visual-basic\" lang=\"visual-basic\">Sub vba_delete_all_worksheets() Dim ws As Worksheet Dim mySheet As String mySheet = \"BlankSheet-\" &amp; Format(Now, \"SS\") Sheets.Add.Name = mySheet Application.DisplayAlerts = False For Each ws In ThisWorkbook.Worksheets If ws.Name &lt;&gt; mySheet Then ws.Delete End If Next ws Application.DisplayAlerts = True End Sub<\/code><\/pre><div class=\"gb-container gb-container-4db6181c gb-container-mt\"> <a class=\"gb-button gb-button-c5897111 gb-button-text gb-button-mt-button\" href=\"https:\/\/exceladvisor.org\/pt\/vba\/\">O que \u00e9 VBA<\/a><h2 class=\"gb-headline gb-headline-665e5f6b gb-headline-text gb-headline-mt-heading\"> Tutoriais relacionados <\/h2><div class=\"gb-grid-wrapper gb-grid-wrapper-a20baf7c gb-grid-wrapper-mt-grid\"><div class=\"gb-grid-column gb-grid-column-65ddf67e\"><div class=\"gb-container gb-container-65ddf67e\"><ul><li> <a href=\"https:\/\/exceladvisor.org\/pt\/limpar-folha\/\">LIMPAR uma planilha inteira usando VBA no Excel<\/a><\/li><li> <a href=\"https:\/\/exceladvisor.org\/pt\/folha-de-copia\/\">Copie e mova uma planilha no Excel usando VBA<\/a><\/li><li> <a href=\"https:\/\/exceladvisor.org\/pt\/conte-as-folhas\/\">COUNT planilhas usando VBA no Excel<\/a><\/li><li> <a href=\"https:\/\/exceladvisor.org\/pt\/ocultar-planilha\/\">Ocultar e mostrar uma planilha usando VBA no Excel<\/a><\/li><li> <a href=\"https:\/\/exceladvisor.org\/pt\/proteja-a-folha\/\">PROTEGER e DESPROTEGER uma planilha usando VBA no Excel<\/a> <\/li><\/ul><\/div><\/div><div class=\"gb-grid-column gb-grid-column-50067b57\"><div class=\"gb-container gb-container-50067b57\"><\/div><\/div><\/div><\/div>","protected":false},"excerpt":{"rendered":"","protected":false},"author":1,"featured_media":0,"parent":0,"menu_order":0,"comment_status":"open","ping_status":"closed","template":"","meta":{"ub_ctt_via":"","footnotes":""},"class_list":["post-61","page","type-page","status-publish","hentry"],"featured_image_src":null,"yoast_head":"<!-- This site is optimized with the Yoast SEO plugin v25.4 - https:\/\/yoast.com\/wordpress\/plugins\/seo\/ -->\n<title>\u25b7 Como deletar uma planilha usando c\u00f3digo VBA?<\/title>\n<meta name=\"description\" content=\"Este tutorial mostra como usar o VBA para DELETE uma FOLHA. Ele tamb\u00e9m cobre diferentes m\u00e9todos que voc\u00ea pode\" \/>\n<meta name=\"robots\" content=\"index, follow, max-snippet:-1, max-image-preview:large, max-video-preview:-1\" \/>\n<link rel=\"canonical\" href=\"https:\/\/exceladvisor.org\/pt\/excluir-uma-planilha-1\/\" \/>\n<meta property=\"og:locale\" content=\"pt_PT\" \/>\n<meta property=\"og:type\" content=\"article\" \/>\n<meta property=\"og:title\" content=\"\u25b7 Como deletar uma planilha usando c\u00f3digo VBA?\" \/>\n<meta property=\"og:description\" content=\"Este tutorial mostra como usar o VBA para DELETE uma FOLHA. Ele tamb\u00e9m cobre diferentes m\u00e9todos que voc\u00ea pode\" \/>\n<meta property=\"og:url\" content=\"https:\/\/exceladvisor.org\/pt\/excluir-uma-planilha-1\/\" \/>\n<meta property=\"og:site_name\" content=\"Excel Advisor\" \/>\n<meta property=\"article:modified_time\" content=\"2023-12-06T11:37:18+00:00\" \/>\n<meta property=\"og:image\" content=\"https:\/\/exceladvisor.org\/wp-content\/uploads\/2023\/08\/2-ecrire-un-code-supprimer.png\" \/>\n<meta name=\"twitter:card\" content=\"summary_large_image\" \/>\n<meta name=\"twitter:label1\" content=\"Tempo estimado de leitura\" \/>\n\t<meta name=\"twitter:data1\" content=\"3 minutos\" \/>\n<script type=\"application\/ld+json\" class=\"yoast-schema-graph\">{\"@context\":\"https:\/\/schema.org\",\"@graph\":[{\"@type\":\"WebPage\",\"@id\":\"https:\/\/exceladvisor.org\/pt\/excluir-uma-planilha-1\/\",\"url\":\"https:\/\/exceladvisor.org\/pt\/excluir-uma-planilha-1\/\",\"name\":\"\u25b7 Como deletar uma planilha usando c\u00f3digo VBA?\",\"isPartOf\":{\"@id\":\"https:\/\/exceladvisor.org\/pt\/#website\"},\"primaryImageOfPage\":{\"@id\":\"https:\/\/exceladvisor.org\/pt\/excluir-uma-planilha-1\/#primaryimage\"},\"image\":{\"@id\":\"https:\/\/exceladvisor.org\/pt\/excluir-uma-planilha-1\/#primaryimage\"},\"thumbnailUrl\":\"https:\/\/exceladvisor.org\/wp-content\/uploads\/2023\/08\/2-ecrire-un-code-supprimer.png\",\"datePublished\":\"2023-11-17T15:12:06+00:00\",\"dateModified\":\"2023-12-06T11:37:18+00:00\",\"description\":\"Este tutorial mostra como usar o VBA para DELETE uma FOLHA. Ele tamb\u00e9m cobre diferentes m\u00e9todos que voc\u00ea pode\",\"breadcrumb\":{\"@id\":\"https:\/\/exceladvisor.org\/pt\/excluir-uma-planilha-1\/#breadcrumb\"},\"inLanguage\":\"pt-PT\",\"potentialAction\":[{\"@type\":\"ReadAction\",\"target\":[\"https:\/\/exceladvisor.org\/pt\/excluir-uma-planilha-1\/\"]}]},{\"@type\":\"ImageObject\",\"inLanguage\":\"pt-PT\",\"@id\":\"https:\/\/exceladvisor.org\/pt\/excluir-uma-planilha-1\/#primaryimage\",\"url\":\"https:\/\/exceladvisor.org\/wp-content\/uploads\/2023\/08\/2-ecrire-un-code-supprimer.png\",\"contentUrl\":\"https:\/\/exceladvisor.org\/wp-content\/uploads\/2023\/08\/2-ecrire-un-code-supprimer.png\"},{\"@type\":\"BreadcrumbList\",\"@id\":\"https:\/\/exceladvisor.org\/pt\/excluir-uma-planilha-1\/#breadcrumb\",\"itemListElement\":[{\"@type\":\"ListItem\",\"position\":1,\"name\":\"Lar\",\"item\":\"https:\/\/exceladvisor.org\/pt\/\"},{\"@type\":\"ListItem\",\"position\":2,\"name\":\"Como deletar uma planilha usando vba?\"}]},{\"@type\":\"WebSite\",\"@id\":\"https:\/\/exceladvisor.org\/pt\/#website\",\"url\":\"https:\/\/exceladvisor.org\/pt\/\",\"name\":\"Excel Advisor\",\"description\":\"O seu guia definitivo para dominar os dados!\",\"publisher\":{\"@id\":\"https:\/\/exceladvisor.org\/pt\/#organization\"},\"potentialAction\":[{\"@type\":\"SearchAction\",\"target\":{\"@type\":\"EntryPoint\",\"urlTemplate\":\"https:\/\/exceladvisor.org\/pt\/?s={search_term_string}\"},\"query-input\":{\"@type\":\"PropertyValueSpecification\",\"valueRequired\":true,\"valueName\":\"search_term_string\"}}],\"inLanguage\":\"pt-PT\"},{\"@type\":\"Organization\",\"@id\":\"https:\/\/exceladvisor.org\/pt\/#organization\",\"name\":\"Excel Advisor\",\"url\":\"https:\/\/exceladvisor.org\/pt\/\",\"logo\":{\"@type\":\"ImageObject\",\"inLanguage\":\"pt-PT\",\"@id\":\"https:\/\/exceladvisor.org\/pt\/#\/schema\/logo\/image\/\",\"url\":\"https:\/\/exceladvisor.org\/pt\/wp-content\/uploads\/2023\/12\/exceladvisor.org_.png\",\"contentUrl\":\"https:\/\/exceladvisor.org\/pt\/wp-content\/uploads\/2023\/12\/exceladvisor.org_.png\",\"width\":105,\"height\":36,\"caption\":\"Excel Advisor\"},\"image\":{\"@id\":\"https:\/\/exceladvisor.org\/pt\/#\/schema\/logo\/image\/\"}}]}<\/script>\n<!-- \/ Yoast SEO plugin. -->","yoast_head_json":{"title":"\u25b7 Como deletar uma planilha usando c\u00f3digo VBA?","description":"Este tutorial mostra como usar o VBA para DELETE uma FOLHA. Ele tamb\u00e9m cobre diferentes m\u00e9todos que voc\u00ea pode","robots":{"index":"index","follow":"follow","max-snippet":"max-snippet:-1","max-image-preview":"max-image-preview:large","max-video-preview":"max-video-preview:-1"},"canonical":"https:\/\/exceladvisor.org\/pt\/excluir-uma-planilha-1\/","og_locale":"pt_PT","og_type":"article","og_title":"\u25b7 Como deletar uma planilha usando c\u00f3digo VBA?","og_description":"Este tutorial mostra como usar o VBA para DELETE uma FOLHA. Ele tamb\u00e9m cobre diferentes m\u00e9todos que voc\u00ea pode","og_url":"https:\/\/exceladvisor.org\/pt\/excluir-uma-planilha-1\/","og_site_name":"Excel Advisor","article_modified_time":"2023-12-06T11:37:18+00:00","og_image":[{"url":"https:\/\/exceladvisor.org\/wp-content\/uploads\/2023\/08\/2-ecrire-un-code-supprimer.png","type":"","width":"","height":""}],"twitter_card":"summary_large_image","twitter_misc":{"Tempo estimado de leitura":"3 minutos"},"schema":{"@context":"https:\/\/schema.org","@graph":[{"@type":"WebPage","@id":"https:\/\/exceladvisor.org\/pt\/excluir-uma-planilha-1\/","url":"https:\/\/exceladvisor.org\/pt\/excluir-uma-planilha-1\/","name":"\u25b7 Como deletar uma planilha usando c\u00f3digo VBA?","isPartOf":{"@id":"https:\/\/exceladvisor.org\/pt\/#website"},"primaryImageOfPage":{"@id":"https:\/\/exceladvisor.org\/pt\/excluir-uma-planilha-1\/#primaryimage"},"image":{"@id":"https:\/\/exceladvisor.org\/pt\/excluir-uma-planilha-1\/#primaryimage"},"thumbnailUrl":"https:\/\/exceladvisor.org\/wp-content\/uploads\/2023\/08\/2-ecrire-un-code-supprimer.png","datePublished":"2023-11-17T15:12:06+00:00","dateModified":"2023-12-06T11:37:18+00:00","description":"Este tutorial mostra como usar o VBA para DELETE uma FOLHA. Ele tamb\u00e9m cobre diferentes m\u00e9todos que voc\u00ea pode","breadcrumb":{"@id":"https:\/\/exceladvisor.org\/pt\/excluir-uma-planilha-1\/#breadcrumb"},"inLanguage":"pt-PT","potentialAction":[{"@type":"ReadAction","target":["https:\/\/exceladvisor.org\/pt\/excluir-uma-planilha-1\/"]}]},{"@type":"ImageObject","inLanguage":"pt-PT","@id":"https:\/\/exceladvisor.org\/pt\/excluir-uma-planilha-1\/#primaryimage","url":"https:\/\/exceladvisor.org\/wp-content\/uploads\/2023\/08\/2-ecrire-un-code-supprimer.png","contentUrl":"https:\/\/exceladvisor.org\/wp-content\/uploads\/2023\/08\/2-ecrire-un-code-supprimer.png"},{"@type":"BreadcrumbList","@id":"https:\/\/exceladvisor.org\/pt\/excluir-uma-planilha-1\/#breadcrumb","itemListElement":[{"@type":"ListItem","position":1,"name":"Lar","item":"https:\/\/exceladvisor.org\/pt\/"},{"@type":"ListItem","position":2,"name":"Como deletar uma planilha usando vba?"}]},{"@type":"WebSite","@id":"https:\/\/exceladvisor.org\/pt\/#website","url":"https:\/\/exceladvisor.org\/pt\/","name":"Excel Advisor","description":"O seu guia definitivo para dominar os dados!","publisher":{"@id":"https:\/\/exceladvisor.org\/pt\/#organization"},"potentialAction":[{"@type":"SearchAction","target":{"@type":"EntryPoint","urlTemplate":"https:\/\/exceladvisor.org\/pt\/?s={search_term_string}"},"query-input":{"@type":"PropertyValueSpecification","valueRequired":true,"valueName":"search_term_string"}}],"inLanguage":"pt-PT"},{"@type":"Organization","@id":"https:\/\/exceladvisor.org\/pt\/#organization","name":"Excel Advisor","url":"https:\/\/exceladvisor.org\/pt\/","logo":{"@type":"ImageObject","inLanguage":"pt-PT","@id":"https:\/\/exceladvisor.org\/pt\/#\/schema\/logo\/image\/","url":"https:\/\/exceladvisor.org\/pt\/wp-content\/uploads\/2023\/12\/exceladvisor.org_.png","contentUrl":"https:\/\/exceladvisor.org\/pt\/wp-content\/uploads\/2023\/12\/exceladvisor.org_.png","width":105,"height":36,"caption":"Excel Advisor"},"image":{"@id":"https:\/\/exceladvisor.org\/pt\/#\/schema\/logo\/image\/"}}]}},"yoast_meta":{"yoast_wpseo_title":"","yoast_wpseo_metadesc":"","yoast_wpseo_canonical":""},"_links":{"self":[{"href":"https:\/\/exceladvisor.org\/pt\/wp-json\/wp\/v2\/pages\/61","targetHints":{"allow":["GET"]}}],"collection":[{"href":"https:\/\/exceladvisor.org\/pt\/wp-json\/wp\/v2\/pages"}],"about":[{"href":"https:\/\/exceladvisor.org\/pt\/wp-json\/wp\/v2\/types\/page"}],"author":[{"embeddable":true,"href":"https:\/\/exceladvisor.org\/pt\/wp-json\/wp\/v2\/users\/1"}],"replies":[{"embeddable":true,"href":"https:\/\/exceladvisor.org\/pt\/wp-json\/wp\/v2\/comments?post=61"}],"version-history":[{"count":1,"href":"https:\/\/exceladvisor.org\/pt\/wp-json\/wp\/v2\/pages\/61\/revisions"}],"predecessor-version":[{"id":1027,"href":"https:\/\/exceladvisor.org\/pt\/wp-json\/wp\/v2\/pages\/61\/revisions\/1027"}],"wp:attachment":[{"href":"https:\/\/exceladvisor.org\/pt\/wp-json\/wp\/v2\/media?parent=61"}],"curies":[{"name":"wp","href":"https:\/\/api.w.org\/{rel}","templated":true}]}}