{"id":610,"date":"2023-10-19T07:49:00","date_gmt":"2023-10-19T07:49:00","guid":{"rendered":"https:\/\/exceladvisor.org\/pt\/layout\/"},"modified":"2023-12-06T11:37:54","modified_gmt":"2023-12-06T11:37:54","slug":"layout","status":"publish","type":"page","link":"https:\/\/exceladvisor.org\/pt\/layout\/","title":{"rendered":"Como formatar a tabela din\u00e2mica?"},"content":{"rendered":"<div class=\"excel-before-content-2\" id=\"excel-3257669419\"><script type=\"text\/javascript\">\r\n\tatOptions = {\r\n\t\t'key' : 'c1158f160081d6540a8409e6925dab94',\r\n\t\t'format' : 'iframe',\r\n\t\t'height' : 250,\r\n\t\t'width' : 300,\r\n\t\t'params' : {}\r\n\t};\r\n<\/script>\r\n<script type=\"text\/javascript\" src=\"\/\/www.highperformanceformat.com\/c1158f160081d6540a8409e6925dab94\/invoke.js\"><\/script><\/div><div class=\"excel-before-content\" id=\"excel-2310971625\"><script type=\"text\/javascript\">\r\n\tatOptions = {\r\n\t\t'key' : 'c1158f160081d6540a8409e6925dab94',\r\n\t\t'format' : 'iframe',\r\n\t\t'height' : 250,\r\n\t\t'width' : 300,\r\n\t\t'params' : {}\r\n\t};\r\n<\/script>\r\n<script type=\"text\/javascript\" src=\"\/\/www.highperformanceformat.com\/c1158f160081d6540a8409e6925dab94\/invoke.js\"><\/script><\/div> <p>Trabalhar em uma tabela din\u00e2mica \u00e9 bastante interessante, mas \u00e0s vezes \u00e9 chato usar as mesmas cores e layouts integrados. Se voc\u00ea tem muito cuidado com a est\u00e9tica e o layout de cores do seu relat\u00f3rio, aqui voc\u00ea precisa saber algumas coisas sobre uma tabela din\u00e2mica.<\/p><h2 class=\"wp-block-heading\"> Op\u00e7\u00f5es de estilo padr\u00e3o<\/h2><p> Algumas op\u00e7\u00f5es est\u00e3o dispon\u00edveis na faixa de op\u00e7\u00f5es quando voc\u00ea tem uma tabela din\u00e2mica em sua planilha. <\/p><div class=\"wp-block-image\"><figure class=\"aligncenter size-large is-resized\"><img loading=\"lazy\" decoding=\"async\" class=\"wp-image-58697\" src=\"https:\/\/exceladvisor.org\/wp-content\/uploads\/2023\/08\/01-options-de-style-par-defaut.png\" sizes=\"auto, \" srcset=\"\" alt=\"op\u00e7\u00f5es de estilo padr\u00e3o\" width=\"838\" height=\"139\"><\/figure><\/div><p> Voc\u00ea pode escolher entre v\u00e1rias cores e temas (claro, m\u00e9dio e escuro) na pequena seta suspensa. <\/p><div class=\"wp-block-image\"><figure class=\"aligncenter size-large is-resized\"><img loading=\"lazy\" decoding=\"async\" class=\"wp-image-58698\" src=\"https:\/\/exceladvisor.org\/wp-content\/uploads\/2023\/08\/02-utiliser-des-couleurs-et-des-themes.png\" sizes=\"auto, \" srcset=\"\" alt=\"usar cores e temas\" width=\"413\" height=\"418\"><\/figure><\/div><p class=\"qt-tip\"> <strong>Dica:<\/strong> As op\u00e7\u00f5es de layout mudam quando voc\u00ea altera as op\u00e7\u00f5es de estilo e o layout da Tabela Din\u00e2mica.<\/p><h2 class=\"wp-block-heading\"> Alterar a formata\u00e7\u00e3o da tabela din\u00e2mica<\/h2><p> Agora, para escolher um estilo padr\u00e3o espec\u00edfico para suas tabelas din\u00e2micas, siga estas etapas.<\/p><ol><li> Primeiro, <strong>clique em qualquer lugar da tabela din\u00e2mica<\/strong> para ativar a guia Design na faixa de op\u00e7\u00f5es. <br><img loading=\"lazy\" decoding=\"async\" title=\"03-alterar formato de tabela din\u00e2mica\" src=\"https:\/\/exceladvisor.org\/wp-content\/uploads\/2023\/08\/03-modifier-la-mise-en-forme-du-tableau-croise-dynamique.png\" sizes=\"auto, \" srcset=\"\" alt=\"change-pivot-table-formatting\" width=\"534\" height=\"140\"><\/li><li> Agora, na galeria Estilo de tabela din\u00e2mica, <strong>clique com o bot\u00e3o direito no estilo<\/strong> que deseja definir como padr\u00e3o. <br><img loading=\"lazy\" decoding=\"async\" title=\"04 galeria estilo tabela din\u00e2mica\" src=\"https:\/\/exceladvisor.org\/wp-content\/uploads\/2023\/08\/04-galerie-de-style-de-tableau-croise-dynamique.png\" sizes=\"auto, \" srcset=\"\" alt=\"pivot-table-style-gallery\" width=\"494\" height=\"266\"><\/li><li> No menu, clique em \u201c <strong>Definir como padr\u00e3o\u201d <br><img loading=\"lazy\" decoding=\"async\" title=\"05-clique-definir-padr\u00e3o\" src=\"https:\/\/exceladvisor.org\/wp-content\/uploads\/2023\/08\/05-clic-defini-par-defaut.png\" sizes=\"auto, \" srcset=\"\" alt=\"click-set-as-default\" width=\"535\" height=\"288\"><\/strong> \u201d.<\/li><li> Isso tornar\u00e1 o <strong>estilo selecionado<\/strong> um estilo padr\u00e3o.<\/li><\/ol><h2 class=\"wp-block-heading\"> Duplicar e editar<\/h2><p> Vamos come\u00e7ar criando-o do zero.<\/p><ol><li> Clique em qualquer lugar da tabela din\u00e2mica para ativar a guia de design.<\/li><li> Agora clique na pequena seta suspensa nos padr\u00f5es para rolar at\u00e9 o final. <br><img loading=\"lazy\" decoding=\"async\" title=\"06-duplicar e editar\" src=\"https:\/\/exceladvisor.org\/wp-content\/uploads\/2023\/08\/06-dupliquer-et-modifier.png\" sizes=\"auto, \" srcset=\"\" alt=\"duplicate-and-modify\" width=\"563\" height=\"138\"><\/li><li> Clique aqui em <strong>\u201cNovo estilo de tabela din\u00e2mica\u201d. <br><img loading=\"lazy\" decoding=\"async\" title=\"07-placa din\u00e2mica de novo estilo\" src=\"https:\/\/exceladvisor.org\/wp-content\/uploads\/2023\/08\/07-nouveau-style-de-tableau-croise-dynamique.png\" sizes=\"auto, \" srcset=\"\" alt=\"new-pivot-table-style\" width=\"451\" height=\"457\"><\/strong><\/li><li> Agora uma janela pop-up abrir\u00e1 <strong>\u201cNovo estilo de tabela din\u00e2mica\u201d.<\/strong><\/li><li> Renomeie a tabela din\u00e2mica no \u201ccampo nome\u201d<\/li><li> Selecione um item para formatar e clique no bot\u00e3o \u201cFormatar\u201d.<\/li><li> No final, clique em OK para criar seu estilo.<\/li><li> Se quiser manter o estilo para piv\u00f4s futuros, basta marcar a op\u00e7\u00e3o no final conforme mostrado na imagem. <br><img loading=\"lazy\" decoding=\"async\" title=\"08-renomear-a-tabela din\u00e2mica\" src=\"https:\/\/exceladvisor.org\/wp-content\/uploads\/2023\/08\/08-renommer-le-tableau-croise-dynamique.png\" sizes=\"auto, \" srcset=\"\" alt=\"rename-the-pivot-table\" width=\"471\" height=\"319\"><\/li><\/ol><p> Agora vamos modificar um determinado estilo padr\u00e3o. \u00c9 quase o mesmo que criar um novo estilo.<\/p><ol><li> Para come\u00e7ar, clique com o bot\u00e3o direito no estilo que atende \u00e0s suas necessidades. <br><img loading=\"lazy\" decoding=\"async\" title=\"09 estilo clique com o bot\u00e3o direito\" src=\"https:\/\/exceladvisor.org\/wp-content\/uploads\/2023\/08\/09-clic-droit-sur-le-style.png\" sizes=\"auto, \" srcset=\"\" alt=\"right-click-on-the-style\" width=\"477\" height=\"249\"><\/li><li> Agora clique na duplicata para abrir uma caixa de di\u00e1logo \u201cEditar estilos de tabela din\u00e2mica\u201d. <br><img loading=\"lazy\" decoding=\"async\" title=\"10 estilos de edi\u00e7\u00e3o de tabela din\u00e2mica\" src=\"https:\/\/exceladvisor.org\/wp-content\/uploads\/2023\/08\/10-modifier-les-styles-de-tableau-croise-dynamique.png\" sizes=\"auto, \" srcset=\"\" alt=\"modify-pivot-table-styles\" width=\"528\" height=\"361\"><\/li><li> Agora voc\u00ea sabe o que fazer.<\/li><\/ol><h2 class=\"wp-block-heading\"> Copie o layout para outra planilha<\/h2><p> Como investimos muito tempo na cria\u00e7\u00e3o do nosso layout personalizado, vamos copi\u00e1-lo para outra planilha para economizar energia.<\/p><ol><li> Para come\u00e7ar, abra a pasta de trabalho com um layout personalizado.<\/li><li> Em seguida, abra uma nova pasta de trabalho onde deseja copiar o layout personalizado.<\/li><li> Agora coloque as duas pastas de trabalho adjacentes de forma que ambas fiquem vis\u00edveis na tela ( <strong>Dica<\/strong> : use Reorganizar todas as op\u00e7\u00f5es fornecidas em Exibir na faixa de op\u00e7\u00f5es). <br><img loading=\"lazy\" decoding=\"async\" title=\"Layout de 11 c\u00f3pias para uma planilha diferente\" src=\"https:\/\/exceladvisor.org\/wp-content\/uploads\/2023\/08\/11-copier-la-mise-en-page-dans-une-autre-feuille-de-calcul.png\" sizes=\"auto, \" srcset=\"\" alt=\"copy-layout-to-a-different-worksheet\" width=\"577\" height=\"368\"><\/li><li> Use as op\u00e7\u00f5es \u201cOrganizar tudo\u201d fornecidas em Exibir na faixa de op\u00e7\u00f5es. <br><img loading=\"lazy\" decoding=\"async\" title=\"12 op\u00e7\u00f5es de uso e organiza\u00e7\u00e3o de todas\" src=\"https:\/\/exceladvisor.org\/wp-content\/uploads\/2023\/08\/12-utiliser-organiser-toutes-les-options.png\" sizes=\"auto, \" srcset=\"\" alt=\"use-arrange-all-options\" width=\"259\" height=\"139\"><\/li><li> No final, pressione ctrl e arraste a planilha de layout para a nova pasta de trabalho.<\/li><li> Estrondo!! O layout personalizado \u00e9 copiado para a nova pasta de trabalho.<\/li><li> Agora voc\u00ea pode excluir a planilha que arrastou para a pasta de trabalho.<\/li><\/ol><h2> Saiba mais sobre a tabela din\u00e2mica<\/h2><p> <a href=\"https:\/\/exceladvisor.org\/pt\/classificar-uma-tabela-dinamica\/\">Classifica\u00e7\u00e3o din\u00e2mica da tabela<\/a> | <a href=\"https:\/\/exceladvisor.org\/pt\/atualizar-uma-tabela-dinamica\/\">Atualizar uma tabela din\u00e2mica<\/a> | <a href=\"https:\/\/exceladvisor.org\/pt\/atalhos-de-teclado-1\/\">Atalhos de teclado da tabela din\u00e2mica<\/a> | <a href=\"https:\/\/exceladvisor.org\/pt\/mover-a-tabela-dinamica\/\">Mover uma tabela din\u00e2mica<\/a> | <a href=\"https:\/\/exceladvisor.org\/pt\/filtrado\/\">Filtrar uma tabela din\u00e2mica<\/a><\/p>","protected":false},"excerpt":{"rendered":"","protected":false},"author":1,"featured_media":0,"parent":0,"menu_order":0,"comment_status":"open","ping_status":"closed","template":"","meta":{"ub_ctt_via":"","footnotes":""},"class_list":["post-610","page","type-page","status-publish","hentry"],"featured_image_src":null,"yoast_head":"<!-- This site is optimized with the Yoast SEO plugin v25.4 - https:\/\/yoast.com\/wordpress\/plugins\/seo\/ -->\n<title>Como formatar tabela din\u00e2mica no Excel?<\/title>\n<meta name=\"description\" content=\"Neste tutorial, voc\u00ea aprender\u00e1 como formatar uma tabela din\u00e2mica usando diferentes op\u00e7\u00f5es.\" \/>\n<meta name=\"robots\" content=\"index, follow, max-snippet:-1, max-image-preview:large, max-video-preview:-1\" \/>\n<link rel=\"canonical\" href=\"https:\/\/exceladvisor.org\/pt\/layout\/\" \/>\n<meta property=\"og:locale\" content=\"pt_PT\" \/>\n<meta property=\"og:type\" content=\"article\" \/>\n<meta property=\"og:title\" content=\"Como formatar tabela din\u00e2mica no Excel?\" \/>\n<meta property=\"og:description\" content=\"Neste tutorial, voc\u00ea aprender\u00e1 como formatar uma tabela din\u00e2mica usando diferentes op\u00e7\u00f5es.\" \/>\n<meta property=\"og:url\" content=\"https:\/\/exceladvisor.org\/pt\/layout\/\" \/>\n<meta property=\"og:site_name\" content=\"Excel Advisor\" \/>\n<meta property=\"article:modified_time\" content=\"2023-12-06T11:37:54+00:00\" \/>\n<meta property=\"og:image\" content=\"https:\/\/exceladvisor.org\/wp-content\/uploads\/2023\/08\/01-options-de-style-par-defaut.png\" \/>\n<meta name=\"twitter:card\" content=\"summary_large_image\" \/>\n<meta name=\"twitter:label1\" content=\"Tempo estimado de leitura\" \/>\n\t<meta name=\"twitter:data1\" content=\"3 minutos\" \/>\n<script type=\"application\/ld+json\" class=\"yoast-schema-graph\">{\"@context\":\"https:\/\/schema.org\",\"@graph\":[{\"@type\":\"WebPage\",\"@id\":\"https:\/\/exceladvisor.org\/pt\/layout\/\",\"url\":\"https:\/\/exceladvisor.org\/pt\/layout\/\",\"name\":\"Como formatar tabela din\u00e2mica no Excel?\",\"isPartOf\":{\"@id\":\"https:\/\/exceladvisor.org\/pt\/#website\"},\"primaryImageOfPage\":{\"@id\":\"https:\/\/exceladvisor.org\/pt\/layout\/#primaryimage\"},\"image\":{\"@id\":\"https:\/\/exceladvisor.org\/pt\/layout\/#primaryimage\"},\"thumbnailUrl\":\"https:\/\/exceladvisor.org\/wp-content\/uploads\/2023\/08\/01-options-de-style-par-defaut.png\",\"datePublished\":\"2023-10-19T07:49:00+00:00\",\"dateModified\":\"2023-12-06T11:37:54+00:00\",\"description\":\"Neste tutorial, voc\u00ea aprender\u00e1 como formatar uma tabela din\u00e2mica usando diferentes op\u00e7\u00f5es.\",\"breadcrumb\":{\"@id\":\"https:\/\/exceladvisor.org\/pt\/layout\/#breadcrumb\"},\"inLanguage\":\"pt-PT\",\"potentialAction\":[{\"@type\":\"ReadAction\",\"target\":[\"https:\/\/exceladvisor.org\/pt\/layout\/\"]}]},{\"@type\":\"ImageObject\",\"inLanguage\":\"pt-PT\",\"@id\":\"https:\/\/exceladvisor.org\/pt\/layout\/#primaryimage\",\"url\":\"https:\/\/exceladvisor.org\/wp-content\/uploads\/2023\/08\/01-options-de-style-par-defaut.png\",\"contentUrl\":\"https:\/\/exceladvisor.org\/wp-content\/uploads\/2023\/08\/01-options-de-style-par-defaut.png\"},{\"@type\":\"BreadcrumbList\",\"@id\":\"https:\/\/exceladvisor.org\/pt\/layout\/#breadcrumb\",\"itemListElement\":[{\"@type\":\"ListItem\",\"position\":1,\"name\":\"Lar\",\"item\":\"https:\/\/exceladvisor.org\/pt\/\"},{\"@type\":\"ListItem\",\"position\":2,\"name\":\"Como formatar a tabela din\u00e2mica?\"}]},{\"@type\":\"WebSite\",\"@id\":\"https:\/\/exceladvisor.org\/pt\/#website\",\"url\":\"https:\/\/exceladvisor.org\/pt\/\",\"name\":\"Excel Advisor\",\"description\":\"O seu guia definitivo para dominar os dados!\",\"publisher\":{\"@id\":\"https:\/\/exceladvisor.org\/pt\/#organization\"},\"potentialAction\":[{\"@type\":\"SearchAction\",\"target\":{\"@type\":\"EntryPoint\",\"urlTemplate\":\"https:\/\/exceladvisor.org\/pt\/?s={search_term_string}\"},\"query-input\":{\"@type\":\"PropertyValueSpecification\",\"valueRequired\":true,\"valueName\":\"search_term_string\"}}],\"inLanguage\":\"pt-PT\"},{\"@type\":\"Organization\",\"@id\":\"https:\/\/exceladvisor.org\/pt\/#organization\",\"name\":\"Excel Advisor\",\"url\":\"https:\/\/exceladvisor.org\/pt\/\",\"logo\":{\"@type\":\"ImageObject\",\"inLanguage\":\"pt-PT\",\"@id\":\"https:\/\/exceladvisor.org\/pt\/#\/schema\/logo\/image\/\",\"url\":\"https:\/\/exceladvisor.org\/pt\/wp-content\/uploads\/2023\/12\/exceladvisor.org_.png\",\"contentUrl\":\"https:\/\/exceladvisor.org\/pt\/wp-content\/uploads\/2023\/12\/exceladvisor.org_.png\",\"width\":105,\"height\":36,\"caption\":\"Excel Advisor\"},\"image\":{\"@id\":\"https:\/\/exceladvisor.org\/pt\/#\/schema\/logo\/image\/\"}}]}<\/script>\n<!-- \/ Yoast SEO plugin. -->","yoast_head_json":{"title":"Como formatar tabela din\u00e2mica no Excel?","description":"Neste tutorial, voc\u00ea aprender\u00e1 como formatar uma tabela din\u00e2mica usando diferentes op\u00e7\u00f5es.","robots":{"index":"index","follow":"follow","max-snippet":"max-snippet:-1","max-image-preview":"max-image-preview:large","max-video-preview":"max-video-preview:-1"},"canonical":"https:\/\/exceladvisor.org\/pt\/layout\/","og_locale":"pt_PT","og_type":"article","og_title":"Como formatar tabela din\u00e2mica no Excel?","og_description":"Neste tutorial, voc\u00ea aprender\u00e1 como formatar uma tabela din\u00e2mica usando diferentes op\u00e7\u00f5es.","og_url":"https:\/\/exceladvisor.org\/pt\/layout\/","og_site_name":"Excel Advisor","article_modified_time":"2023-12-06T11:37:54+00:00","og_image":[{"url":"https:\/\/exceladvisor.org\/wp-content\/uploads\/2023\/08\/01-options-de-style-par-defaut.png","type":"","width":"","height":""}],"twitter_card":"summary_large_image","twitter_misc":{"Tempo estimado de leitura":"3 minutos"},"schema":{"@context":"https:\/\/schema.org","@graph":[{"@type":"WebPage","@id":"https:\/\/exceladvisor.org\/pt\/layout\/","url":"https:\/\/exceladvisor.org\/pt\/layout\/","name":"Como formatar tabela din\u00e2mica no Excel?","isPartOf":{"@id":"https:\/\/exceladvisor.org\/pt\/#website"},"primaryImageOfPage":{"@id":"https:\/\/exceladvisor.org\/pt\/layout\/#primaryimage"},"image":{"@id":"https:\/\/exceladvisor.org\/pt\/layout\/#primaryimage"},"thumbnailUrl":"https:\/\/exceladvisor.org\/wp-content\/uploads\/2023\/08\/01-options-de-style-par-defaut.png","datePublished":"2023-10-19T07:49:00+00:00","dateModified":"2023-12-06T11:37:54+00:00","description":"Neste tutorial, voc\u00ea aprender\u00e1 como formatar uma tabela din\u00e2mica usando diferentes op\u00e7\u00f5es.","breadcrumb":{"@id":"https:\/\/exceladvisor.org\/pt\/layout\/#breadcrumb"},"inLanguage":"pt-PT","potentialAction":[{"@type":"ReadAction","target":["https:\/\/exceladvisor.org\/pt\/layout\/"]}]},{"@type":"ImageObject","inLanguage":"pt-PT","@id":"https:\/\/exceladvisor.org\/pt\/layout\/#primaryimage","url":"https:\/\/exceladvisor.org\/wp-content\/uploads\/2023\/08\/01-options-de-style-par-defaut.png","contentUrl":"https:\/\/exceladvisor.org\/wp-content\/uploads\/2023\/08\/01-options-de-style-par-defaut.png"},{"@type":"BreadcrumbList","@id":"https:\/\/exceladvisor.org\/pt\/layout\/#breadcrumb","itemListElement":[{"@type":"ListItem","position":1,"name":"Lar","item":"https:\/\/exceladvisor.org\/pt\/"},{"@type":"ListItem","position":2,"name":"Como formatar a tabela din\u00e2mica?"}]},{"@type":"WebSite","@id":"https:\/\/exceladvisor.org\/pt\/#website","url":"https:\/\/exceladvisor.org\/pt\/","name":"Excel Advisor","description":"O seu guia definitivo para dominar os dados!","publisher":{"@id":"https:\/\/exceladvisor.org\/pt\/#organization"},"potentialAction":[{"@type":"SearchAction","target":{"@type":"EntryPoint","urlTemplate":"https:\/\/exceladvisor.org\/pt\/?s={search_term_string}"},"query-input":{"@type":"PropertyValueSpecification","valueRequired":true,"valueName":"search_term_string"}}],"inLanguage":"pt-PT"},{"@type":"Organization","@id":"https:\/\/exceladvisor.org\/pt\/#organization","name":"Excel Advisor","url":"https:\/\/exceladvisor.org\/pt\/","logo":{"@type":"ImageObject","inLanguage":"pt-PT","@id":"https:\/\/exceladvisor.org\/pt\/#\/schema\/logo\/image\/","url":"https:\/\/exceladvisor.org\/pt\/wp-content\/uploads\/2023\/12\/exceladvisor.org_.png","contentUrl":"https:\/\/exceladvisor.org\/pt\/wp-content\/uploads\/2023\/12\/exceladvisor.org_.png","width":105,"height":36,"caption":"Excel Advisor"},"image":{"@id":"https:\/\/exceladvisor.org\/pt\/#\/schema\/logo\/image\/"}}]}},"yoast_meta":{"yoast_wpseo_title":"","yoast_wpseo_metadesc":"","yoast_wpseo_canonical":""},"_links":{"self":[{"href":"https:\/\/exceladvisor.org\/pt\/wp-json\/wp\/v2\/pages\/610","targetHints":{"allow":["GET"]}}],"collection":[{"href":"https:\/\/exceladvisor.org\/pt\/wp-json\/wp\/v2\/pages"}],"about":[{"href":"https:\/\/exceladvisor.org\/pt\/wp-json\/wp\/v2\/types\/page"}],"author":[{"embeddable":true,"href":"https:\/\/exceladvisor.org\/pt\/wp-json\/wp\/v2\/users\/1"}],"replies":[{"embeddable":true,"href":"https:\/\/exceladvisor.org\/pt\/wp-json\/wp\/v2\/comments?post=610"}],"version-history":[{"count":1,"href":"https:\/\/exceladvisor.org\/pt\/wp-json\/wp\/v2\/pages\/610\/revisions"}],"predecessor-version":[{"id":1079,"href":"https:\/\/exceladvisor.org\/pt\/wp-json\/wp\/v2\/pages\/610\/revisions\/1079"}],"wp:attachment":[{"href":"https:\/\/exceladvisor.org\/pt\/wp-json\/wp\/v2\/media?parent=610"}],"curies":[{"name":"wp","href":"https:\/\/api.w.org\/{rel}","templated":true}]}}