{"id":611,"date":"2023-10-19T05:57:49","date_gmt":"2023-10-19T05:57:49","guid":{"rendered":"https:\/\/exceladvisor.org\/pt\/vincular-o-slicer-a-varias-tabelas-dinamicas\/"},"modified":"2023-12-06T11:50:32","modified_gmt":"2023-12-06T11:50:32","slug":"vincular-o-slicer-a-varias-tabelas-dinamicas","status":"publish","type":"page","link":"https:\/\/exceladvisor.org\/pt\/vincular-o-slicer-a-varias-tabelas-dinamicas\/","title":{"rendered":"Como vincular um \u00fanico segmento a v\u00e1rias tabelas din\u00e2micas?"},"content":{"rendered":"<div class=\"excel-before-content-2\" id=\"excel-2963443930\"><script type=\"text\/javascript\">\r\n\tatOptions = {\r\n\t\t'key' : 'c1158f160081d6540a8409e6925dab94',\r\n\t\t'format' : 'iframe',\r\n\t\t'height' : 250,\r\n\t\t'width' : 300,\r\n\t\t'params' : {}\r\n\t};\r\n<\/script>\r\n<script type=\"text\/javascript\" src=\"\/\/www.highperformanceformat.com\/c1158f160081d6540a8409e6925dab94\/invoke.js\"><\/script><\/div><div class=\"excel-before-content\" id=\"excel-446385721\"><script type=\"text\/javascript\">\r\n\tatOptions = {\r\n\t\t'key' : 'c1158f160081d6540a8409e6925dab94',\r\n\t\t'format' : 'iframe',\r\n\t\t'height' : 250,\r\n\t\t'width' : 300,\r\n\t\t'params' : {}\r\n\t};\r\n<\/script>\r\n<script type=\"text\/javascript\" src=\"\/\/www.highperformanceformat.com\/c1158f160081d6540a8409e6925dab94\/invoke.js\"><\/script><\/div> <p>\u00c0s vezes, usar mais de uma tabela din\u00e2mica \u00e9 uma bagun\u00e7a. Mas n\u00e3o ser\u00e1 um desperd\u00edcio conectar todas as tabelas din\u00e2micas com um fatiador. Ent\u00e3o voc\u00ea sabe como vincular um slicer a v\u00e1rias tabelas din\u00e2micas?<\/p><p> Se voc\u00ea n\u00e3o sabe, acompanhe esse post e aprender\u00e1 uma \u00f3tima dica para criar dashboards interativos.<\/p><p> Sim, \u00e9 verdade.<\/p><p> Digamos que voc\u00ea esteja trabalhando em um painel onde usa v\u00e1rias tabelas din\u00e2micas. Se voc\u00ea conseguir conectar uma segmenta\u00e7\u00e3o de dados a todas as tabelas din\u00e2micas, poder\u00e1 controlar todo o painel com uma \u00fanica segmenta\u00e7\u00e3o de dados. <\/p><div class=\"wp-block-image\"><figure class=\"aligncenter\"><img decoding=\"async\" src=\"https:\/\/exceladvisor.org\/wp-content\/uploads\/2023\/08\/connecter-un-seul-slicer-a-plusieurs-tableaux-croises-dynamiques-1.gif\" sizes=\"\" srcset=\"\" alt=\"conectar um \u00fanico slicer a v\u00e1rias tabelas din\u00e2micas\"><\/figure><\/div><p> No exemplo acima, temos um \u00fanico slicer para controlar ambas as tabelas din\u00e2micas.<\/p><p class=\"qt-tip\"> NOTA: As tabelas din\u00e2micas fazem parte das <a href=\"https:\/\/exceladvisor.org\/pt\/habilidades-de-excelencia\/\">HABILIDADES INTERMEDI\u00c1RIAS DE EXCEL<\/a> .<\/p><h2 class=\"wp-block-heading\"> Etapas para conectar uma segmenta\u00e7\u00e3o de dados a v\u00e1rias tabelas din\u00e2micas<\/h2><p> Abaixo est\u00e3o as etapas para criar um segmento multilink:<\/p><ol><li> Primeiro, <strong>pegue duas ou mais tabelas din\u00e2micas<\/strong> para conectar um segmento. <img decoding=\"async\" src=\"https:\/\/exceladvisor.org\/wp-content\/uploads\/2023\/08\/deux-tableaux-croises-dynamiques-pour-se-connecter-avec-un-seul-slicer-1.png\" sizes=\"\" srcset=\"\"><\/li><li> Depois disso, selecione uma c\u00e9lula em uma das tabelas din\u00e2micas.<\/li><li> A partir da\u00ed, navegue at\u00e9 Analisar \u2192 Filtro \u2192 Inserir segmento.<\/li><li> Agora, na caixa de di\u00e1logo \u201cInserir Slicer\u201d, selecione a coluna a ser usada como filtro no slicer e clique em OK. <img decoding=\"async\" src=\"https:\/\/exceladvisor.org\/wp-content\/uploads\/2023\/08\/cliquez-sur-len-tete-de-colonne-pour-inserer-un-segment-et-vous-connecter-avec-tous-les-tableaux-croises-dynamiques-1.png\" sizes=\"\" srcset=\"\"><\/li><li> Neste ponto, voc\u00ea tem uma segmenta\u00e7\u00e3o de dados em sua planilha que pode filtrar a tabela din\u00e2mica na qual voc\u00ea a insere.<\/li><li> Ent\u00e3o voc\u00ea precisa conect\u00e1-lo \u00e0 segunda tabela din\u00e2mica.<\/li><li> A partir da\u00ed, selecione o slicer e navegue at\u00e9 Analisar \u2192 Slicer \u2192 Conex\u00f5es de relat\u00f3rio. <img decoding=\"async\" src=\"https:\/\/exceladvisor.org\/wp-content\/uploads\/2023\/08\/cliquez-sur-rapport-de-connexion-pour-inserer-un-slicer-que-vous-pouvez-connecter-avec-tous-les-tableaux-croises-dynamiques-1.png\" sizes=\"\" srcset=\"\"><\/li><li> Voc\u00ea receber\u00e1 uma nova caixa de di\u00e1logo com a lista de tabelas din\u00e2micas que est\u00e3o em sua pasta de trabalho.<\/li><li> Ao final, basta verificar todas as tabelas din\u00e2micas e clicar em OK. <img decoding=\"async\" src=\"https:\/\/exceladvisor.org\/wp-content\/uploads\/2023\/08\/selectionner-tous-les-pivots-qui-doivent-se-connecter-avec-le-slicer-1.png\" sizes=\"\" srcset=\"\"><\/li><\/ol><p> <strong><span style=\"color: #ea493f;\">Parab\u00e9ns!<\/span><\/strong> Voc\u00ea conectou a segmenta\u00e7\u00e3o de dados a duas tabelas din\u00e2micas.<\/p><h2 class=\"wp-block-heading\"> <strong>Saiba mais sobre tabelas din\u00e2micas<\/strong><\/h2><ul><li> <a style=\"outline: none;\" href=\"https:\/\/exceladvisor.org\/pt\/atualize-tudo\/\" data-wpel-link=\"internal\">Atualize todas as tabelas din\u00e2micas de uma vez<\/a><\/li><li> <a style=\"outline: none;\" href=\"https:\/\/exceladvisor.org\/pt\/datas-do-grupo\/\" data-wpel-link=\"internal\">Agrupar datas em uma tabela din\u00e2mica<\/a><\/li><li> <a href=\"https:\/\/exceladvisor.org\/pt\/filtro-de-linha-do-tempo\/\" data-wpel-link=\"internal\">Linha do tempo da tabela din\u00e2mica<\/a><\/li><li> <a style=\"outline: none;\" href=\"https:\/\/exceladvisor.org\/pt\/faixa-de-atualizacao-automatica\/\" rel=\"external noopener noreferrer\" data-wpel-link=\"external\">Atualizar automaticamente um intervalo de tabela din\u00e2mica<\/a><\/li><li> <a style=\"outline: none;\" href=\"https:\/\/exceladvisor.org\/pt\/aplicar-formatacao-condicional\/\" data-wpel-link=\"internal\">Formata\u00e7\u00e3o condicional de uma tabela din\u00e2mica<\/a><\/li><\/ul>","protected":false},"excerpt":{"rendered":"","protected":false},"author":1,"featured_media":0,"parent":0,"menu_order":0,"comment_status":"open","ping_status":"closed","template":"","meta":{"ub_ctt_via":"","footnotes":""},"class_list":["post-611","page","type-page","status-publish","hentry"],"featured_image_src":null,"yoast_head":"<!-- This site is optimized with the Yoast SEO plugin v25.4 - https:\/\/yoast.com\/wordpress\/plugins\/seo\/ -->\n<title>Como vincular um \u00fanico segmento a v\u00e1rias tabelas din\u00e2micas?<\/title>\n<meta name=\"description\" content=\"Se voc\u00ea vincular a segmenta\u00e7\u00e3o de dados a v\u00e1rias tabelas din\u00e2micas, poder\u00e1 controlar todas as tabelas din\u00e2micas com uma \u00fanica segmenta\u00e7\u00e3o de dados.\" \/>\n<meta name=\"robots\" content=\"index, follow, max-snippet:-1, max-image-preview:large, max-video-preview:-1\" \/>\n<link rel=\"canonical\" href=\"https:\/\/exceladvisor.org\/pt\/vincular-o-slicer-a-varias-tabelas-dinamicas\/\" \/>\n<meta property=\"og:locale\" content=\"pt_PT\" \/>\n<meta property=\"og:type\" content=\"article\" \/>\n<meta property=\"og:title\" content=\"Como vincular um \u00fanico segmento a v\u00e1rias tabelas din\u00e2micas?\" \/>\n<meta property=\"og:description\" content=\"Se voc\u00ea vincular a segmenta\u00e7\u00e3o de dados a v\u00e1rias tabelas din\u00e2micas, poder\u00e1 controlar todas as tabelas din\u00e2micas com uma \u00fanica segmenta\u00e7\u00e3o de dados.\" \/>\n<meta property=\"og:url\" content=\"https:\/\/exceladvisor.org\/pt\/vincular-o-slicer-a-varias-tabelas-dinamicas\/\" \/>\n<meta property=\"og:site_name\" content=\"Excel Advisor\" \/>\n<meta property=\"article:modified_time\" content=\"2023-12-06T11:50:32+00:00\" \/>\n<meta property=\"og:image\" content=\"https:\/\/exceladvisor.org\/wp-content\/uploads\/2023\/08\/connecter-un-seul-slicer-a-plusieurs-tableaux-croises-dynamiques-1.gif\" \/>\n<meta name=\"twitter:card\" content=\"summary_large_image\" \/>\n<meta name=\"twitter:label1\" content=\"Tempo estimado de leitura\" \/>\n\t<meta name=\"twitter:data1\" content=\"2 minutos\" \/>\n<script type=\"application\/ld+json\" class=\"yoast-schema-graph\">{\"@context\":\"https:\/\/schema.org\",\"@graph\":[{\"@type\":\"WebPage\",\"@id\":\"https:\/\/exceladvisor.org\/pt\/vincular-o-slicer-a-varias-tabelas-dinamicas\/\",\"url\":\"https:\/\/exceladvisor.org\/pt\/vincular-o-slicer-a-varias-tabelas-dinamicas\/\",\"name\":\"Como vincular um \u00fanico segmento a v\u00e1rias tabelas din\u00e2micas?\",\"isPartOf\":{\"@id\":\"https:\/\/exceladvisor.org\/pt\/#website\"},\"primaryImageOfPage\":{\"@id\":\"https:\/\/exceladvisor.org\/pt\/vincular-o-slicer-a-varias-tabelas-dinamicas\/#primaryimage\"},\"image\":{\"@id\":\"https:\/\/exceladvisor.org\/pt\/vincular-o-slicer-a-varias-tabelas-dinamicas\/#primaryimage\"},\"thumbnailUrl\":\"https:\/\/exceladvisor.org\/wp-content\/uploads\/2023\/08\/connecter-un-seul-slicer-a-plusieurs-tableaux-croises-dynamiques-1.gif\",\"datePublished\":\"2023-10-19T05:57:49+00:00\",\"dateModified\":\"2023-12-06T11:50:32+00:00\",\"description\":\"Se voc\u00ea vincular a segmenta\u00e7\u00e3o de dados a v\u00e1rias tabelas din\u00e2micas, poder\u00e1 controlar todas as tabelas din\u00e2micas com uma \u00fanica segmenta\u00e7\u00e3o de dados.\",\"breadcrumb\":{\"@id\":\"https:\/\/exceladvisor.org\/pt\/vincular-o-slicer-a-varias-tabelas-dinamicas\/#breadcrumb\"},\"inLanguage\":\"pt-PT\",\"potentialAction\":[{\"@type\":\"ReadAction\",\"target\":[\"https:\/\/exceladvisor.org\/pt\/vincular-o-slicer-a-varias-tabelas-dinamicas\/\"]}]},{\"@type\":\"ImageObject\",\"inLanguage\":\"pt-PT\",\"@id\":\"https:\/\/exceladvisor.org\/pt\/vincular-o-slicer-a-varias-tabelas-dinamicas\/#primaryimage\",\"url\":\"https:\/\/exceladvisor.org\/wp-content\/uploads\/2023\/08\/connecter-un-seul-slicer-a-plusieurs-tableaux-croises-dynamiques-1.gif\",\"contentUrl\":\"https:\/\/exceladvisor.org\/wp-content\/uploads\/2023\/08\/connecter-un-seul-slicer-a-plusieurs-tableaux-croises-dynamiques-1.gif\"},{\"@type\":\"BreadcrumbList\",\"@id\":\"https:\/\/exceladvisor.org\/pt\/vincular-o-slicer-a-varias-tabelas-dinamicas\/#breadcrumb\",\"itemListElement\":[{\"@type\":\"ListItem\",\"position\":1,\"name\":\"Lar\",\"item\":\"https:\/\/exceladvisor.org\/pt\/\"},{\"@type\":\"ListItem\",\"position\":2,\"name\":\"Como vincular um \u00fanico segmento a v\u00e1rias tabelas din\u00e2micas?\"}]},{\"@type\":\"WebSite\",\"@id\":\"https:\/\/exceladvisor.org\/pt\/#website\",\"url\":\"https:\/\/exceladvisor.org\/pt\/\",\"name\":\"Excel Advisor\",\"description\":\"O seu guia definitivo para dominar os dados!\",\"publisher\":{\"@id\":\"https:\/\/exceladvisor.org\/pt\/#organization\"},\"potentialAction\":[{\"@type\":\"SearchAction\",\"target\":{\"@type\":\"EntryPoint\",\"urlTemplate\":\"https:\/\/exceladvisor.org\/pt\/?s={search_term_string}\"},\"query-input\":{\"@type\":\"PropertyValueSpecification\",\"valueRequired\":true,\"valueName\":\"search_term_string\"}}],\"inLanguage\":\"pt-PT\"},{\"@type\":\"Organization\",\"@id\":\"https:\/\/exceladvisor.org\/pt\/#organization\",\"name\":\"Excel Advisor\",\"url\":\"https:\/\/exceladvisor.org\/pt\/\",\"logo\":{\"@type\":\"ImageObject\",\"inLanguage\":\"pt-PT\",\"@id\":\"https:\/\/exceladvisor.org\/pt\/#\/schema\/logo\/image\/\",\"url\":\"https:\/\/exceladvisor.org\/pt\/wp-content\/uploads\/2023\/12\/exceladvisor.org_.png\",\"contentUrl\":\"https:\/\/exceladvisor.org\/pt\/wp-content\/uploads\/2023\/12\/exceladvisor.org_.png\",\"width\":105,\"height\":36,\"caption\":\"Excel Advisor\"},\"image\":{\"@id\":\"https:\/\/exceladvisor.org\/pt\/#\/schema\/logo\/image\/\"}}]}<\/script>\n<!-- \/ Yoast SEO plugin. -->","yoast_head_json":{"title":"Como vincular um \u00fanico segmento a v\u00e1rias tabelas din\u00e2micas?","description":"Se voc\u00ea vincular a segmenta\u00e7\u00e3o de dados a v\u00e1rias tabelas din\u00e2micas, poder\u00e1 controlar todas as tabelas din\u00e2micas com uma \u00fanica segmenta\u00e7\u00e3o de dados.","robots":{"index":"index","follow":"follow","max-snippet":"max-snippet:-1","max-image-preview":"max-image-preview:large","max-video-preview":"max-video-preview:-1"},"canonical":"https:\/\/exceladvisor.org\/pt\/vincular-o-slicer-a-varias-tabelas-dinamicas\/","og_locale":"pt_PT","og_type":"article","og_title":"Como vincular um \u00fanico segmento a v\u00e1rias tabelas din\u00e2micas?","og_description":"Se voc\u00ea vincular a segmenta\u00e7\u00e3o de dados a v\u00e1rias tabelas din\u00e2micas, poder\u00e1 controlar todas as tabelas din\u00e2micas com uma \u00fanica segmenta\u00e7\u00e3o de dados.","og_url":"https:\/\/exceladvisor.org\/pt\/vincular-o-slicer-a-varias-tabelas-dinamicas\/","og_site_name":"Excel Advisor","article_modified_time":"2023-12-06T11:50:32+00:00","og_image":[{"url":"https:\/\/exceladvisor.org\/wp-content\/uploads\/2023\/08\/connecter-un-seul-slicer-a-plusieurs-tableaux-croises-dynamiques-1.gif","type":"","width":"","height":""}],"twitter_card":"summary_large_image","twitter_misc":{"Tempo estimado de leitura":"2 minutos"},"schema":{"@context":"https:\/\/schema.org","@graph":[{"@type":"WebPage","@id":"https:\/\/exceladvisor.org\/pt\/vincular-o-slicer-a-varias-tabelas-dinamicas\/","url":"https:\/\/exceladvisor.org\/pt\/vincular-o-slicer-a-varias-tabelas-dinamicas\/","name":"Como vincular um \u00fanico segmento a v\u00e1rias tabelas din\u00e2micas?","isPartOf":{"@id":"https:\/\/exceladvisor.org\/pt\/#website"},"primaryImageOfPage":{"@id":"https:\/\/exceladvisor.org\/pt\/vincular-o-slicer-a-varias-tabelas-dinamicas\/#primaryimage"},"image":{"@id":"https:\/\/exceladvisor.org\/pt\/vincular-o-slicer-a-varias-tabelas-dinamicas\/#primaryimage"},"thumbnailUrl":"https:\/\/exceladvisor.org\/wp-content\/uploads\/2023\/08\/connecter-un-seul-slicer-a-plusieurs-tableaux-croises-dynamiques-1.gif","datePublished":"2023-10-19T05:57:49+00:00","dateModified":"2023-12-06T11:50:32+00:00","description":"Se voc\u00ea vincular a segmenta\u00e7\u00e3o de dados a v\u00e1rias tabelas din\u00e2micas, poder\u00e1 controlar todas as tabelas din\u00e2micas com uma \u00fanica segmenta\u00e7\u00e3o de dados.","breadcrumb":{"@id":"https:\/\/exceladvisor.org\/pt\/vincular-o-slicer-a-varias-tabelas-dinamicas\/#breadcrumb"},"inLanguage":"pt-PT","potentialAction":[{"@type":"ReadAction","target":["https:\/\/exceladvisor.org\/pt\/vincular-o-slicer-a-varias-tabelas-dinamicas\/"]}]},{"@type":"ImageObject","inLanguage":"pt-PT","@id":"https:\/\/exceladvisor.org\/pt\/vincular-o-slicer-a-varias-tabelas-dinamicas\/#primaryimage","url":"https:\/\/exceladvisor.org\/wp-content\/uploads\/2023\/08\/connecter-un-seul-slicer-a-plusieurs-tableaux-croises-dynamiques-1.gif","contentUrl":"https:\/\/exceladvisor.org\/wp-content\/uploads\/2023\/08\/connecter-un-seul-slicer-a-plusieurs-tableaux-croises-dynamiques-1.gif"},{"@type":"BreadcrumbList","@id":"https:\/\/exceladvisor.org\/pt\/vincular-o-slicer-a-varias-tabelas-dinamicas\/#breadcrumb","itemListElement":[{"@type":"ListItem","position":1,"name":"Lar","item":"https:\/\/exceladvisor.org\/pt\/"},{"@type":"ListItem","position":2,"name":"Como vincular um \u00fanico segmento a v\u00e1rias tabelas din\u00e2micas?"}]},{"@type":"WebSite","@id":"https:\/\/exceladvisor.org\/pt\/#website","url":"https:\/\/exceladvisor.org\/pt\/","name":"Excel Advisor","description":"O seu guia definitivo para dominar os dados!","publisher":{"@id":"https:\/\/exceladvisor.org\/pt\/#organization"},"potentialAction":[{"@type":"SearchAction","target":{"@type":"EntryPoint","urlTemplate":"https:\/\/exceladvisor.org\/pt\/?s={search_term_string}"},"query-input":{"@type":"PropertyValueSpecification","valueRequired":true,"valueName":"search_term_string"}}],"inLanguage":"pt-PT"},{"@type":"Organization","@id":"https:\/\/exceladvisor.org\/pt\/#organization","name":"Excel Advisor","url":"https:\/\/exceladvisor.org\/pt\/","logo":{"@type":"ImageObject","inLanguage":"pt-PT","@id":"https:\/\/exceladvisor.org\/pt\/#\/schema\/logo\/image\/","url":"https:\/\/exceladvisor.org\/pt\/wp-content\/uploads\/2023\/12\/exceladvisor.org_.png","contentUrl":"https:\/\/exceladvisor.org\/pt\/wp-content\/uploads\/2023\/12\/exceladvisor.org_.png","width":105,"height":36,"caption":"Excel Advisor"},"image":{"@id":"https:\/\/exceladvisor.org\/pt\/#\/schema\/logo\/image\/"}}]}},"yoast_meta":{"yoast_wpseo_title":"","yoast_wpseo_metadesc":"","yoast_wpseo_canonical":""},"_links":{"self":[{"href":"https:\/\/exceladvisor.org\/pt\/wp-json\/wp\/v2\/pages\/611","targetHints":{"allow":["GET"]}}],"collection":[{"href":"https:\/\/exceladvisor.org\/pt\/wp-json\/wp\/v2\/pages"}],"about":[{"href":"https:\/\/exceladvisor.org\/pt\/wp-json\/wp\/v2\/types\/page"}],"author":[{"embeddable":true,"href":"https:\/\/exceladvisor.org\/pt\/wp-json\/wp\/v2\/users\/1"}],"replies":[{"embeddable":true,"href":"https:\/\/exceladvisor.org\/pt\/wp-json\/wp\/v2\/comments?post=611"}],"version-history":[{"count":1,"href":"https:\/\/exceladvisor.org\/pt\/wp-json\/wp\/v2\/pages\/611\/revisions"}],"predecessor-version":[{"id":1399,"href":"https:\/\/exceladvisor.org\/pt\/wp-json\/wp\/v2\/pages\/611\/revisions\/1399"}],"wp:attachment":[{"href":"https:\/\/exceladvisor.org\/pt\/wp-json\/wp\/v2\/media?parent=611"}],"curies":[{"name":"wp","href":"https:\/\/api.w.org\/{rel}","templated":true}]}}